{"id":18200,"date":"2022-06-22T14:59:07","date_gmt":"2022-06-22T18:59:07","guid":{"rendered":"https:\/\/af.ca\/ottawa\/?page_id=18200"},"modified":"2022-08-25T15:41:46","modified_gmt":"2022-08-25T19:41:46","slug":"what-to-do-in-ottawa-in-french-during-canada-day-2","status":"publish","type":"page","link":"https:\/\/af.ca\/ottawa\/en\/what-to-do-in-ottawa-in-french-during-canada-day-2\/","title":{"rendered":"WHAT TO DO IN OTTAWA IN FRENCH DURING CANADA DAY?"},"content":{"rendered":"<p>&nbsp;<\/p>\n<p><a href=\"https:\/\/af.ca\/ottawa\/wp-content\/uploads\/2022\/06\/Happy-Canada-Day-2.png\"><img loading=\"lazy\" decoding=\"async\" class=\"alignnone wp-image-18218\" src=\"https:\/\/af.ca\/ottawa\/wp-content\/uploads\/2022\/06\/Happy-Canada-Day-2-300x169.png\" alt=\"Happy Canada Day\" width=\"715\" height=\"403\" srcset=\"https:\/\/af.ca\/ottawa\/wp-content\/uploads\/2022\/06\/Happy-Canada-Day-2-300x169.png 300w, https:\/\/af.ca\/ottawa\/wp-content\/uploads\/2022\/06\/Happy-Canada-Day-2-1024x576.png 1024w, https:\/\/af.ca\/ottawa\/wp-content\/uploads\/2022\/06\/Happy-Canada-Day-2-768x432.png 768w, https:\/\/af.ca\/ottawa\/wp-content\/uploads\/2022\/06\/Happy-Canada-Day-2-1536x864.png 1536w, https:\/\/af.ca\/ottawa\/wp-content\/uploads\/2022\/06\/Happy-Canada-Day-2.png 1920w\" sizes=\"auto, (max-width: 715px) 100vw, 715px\" \/><\/a><\/p>\n<p>&nbsp;<\/p>\n<p><span data-contrast=\"auto\">The Alliance fran\u00e7aise Ottawa offers a wide array of activities in French, which you may find <a href=\"https:\/\/af.ca\/ottawa\/culture\/agenda-2\/#\/\">here<\/a>. But Ottawa being the nation\u2019s Capital, you may find cultural activities in the language of Moli\u00e8re in many places.<\/span><span data-ccp-props=\"{&quot;201341983&quot;:0,&quot;335559731&quot;:0,&quot;335559738&quot;:40,&quot;335559740&quot;:259}\">\u00a0<\/span><\/p>\n<p><span data-ccp-props=\"{&quot;201341983&quot;:0,&quot;335559731&quot;:0,&quot;335559738&quot;:40,&quot;335559740&quot;:259}\">\u00a0<\/span><\/p>\n<p><span data-contrast=\"auto\">Here is a top\u202f5 list of French activities to do in Ottawa this summer, around Canada Day.<\/span><span data-ccp-props=\"{&quot;201341983&quot;:0,&quot;335559731&quot;:0,&quot;335559738&quot;:40,&quot;335559740&quot;:259}\">\u00a0<\/span><\/p>\n<p><span data-ccp-props=\"{&quot;201341983&quot;:0,&quot;335559731&quot;:0,&quot;335559738&quot;:40,&quot;335559740&quot;:259}\">\u00a0<\/span><\/p>\n<p>&nbsp;<\/p>\n<h2><b><span data-contrast=\"auto\">1. Les po\u00e8mes de la R\u00e9sistance \u00e0 la Nouvelle Sc\u00e8ne Gilles Desjardins from June\u202f21 until June\u202f25<\/span><\/b><\/h2>\n<p>&nbsp;<\/p>\n<p><span data-contrast=\"auto\">In November 2018, the government of Ontario slashed the French University project, along with the Office of the French Services Commissioner. They eventually changed their minds about the French University, opening its first campus\u202f2021. But in the meantime, francophones throughout the province protested the cuts. A group of 37 poets and writers published a book of poems: Les po\u00e8mes de la R<\/span><span data-contrast=\"auto\">\u00e9sistance<\/span><span data-contrast=\"auto\">.<\/span><span data-ccp-props=\"{&quot;201341983&quot;:0,&quot;335559731&quot;:0,&quot;335559738&quot;:40,&quot;335559740&quot;:259}\">\u00a0<\/span><\/p>\n<p><span data-ccp-props=\"{&quot;201341983&quot;:0,&quot;335559731&quot;:0,&quot;335559738&quot;:40,&quot;335559740&quot;:259}\"><a href=\"http:\/\/www.simpletix.com\/e\/les-po%C3%A8mes-de-la-r-sistance-th-%C3%A2tre-trempl-tickets-107954\"><img loading=\"lazy\" decoding=\"async\" class=\"alignnone wp-image-18171\" src=\"https:\/\/af.ca\/ottawa\/wp-content\/uploads\/2022\/06\/Poemes-de-la-resistance-300x168.jpg\" alt=\"Po\u00e8mes de la r\u00e9sistance\" width=\"409\" height=\"229\" srcset=\"https:\/\/af.ca\/ottawa\/wp-content\/uploads\/2022\/06\/Poemes-de-la-resistance-300x168.jpg 300w, https:\/\/af.ca\/ottawa\/wp-content\/uploads\/2022\/06\/Poemes-de-la-resistance-768x430.jpg 768w, https:\/\/af.ca\/ottawa\/wp-content\/uploads\/2022\/06\/Poemes-de-la-resistance.jpg 1024w\" sizes=\"auto, (max-width: 409px) 100vw, 409px\" \/><\/a>\u00a0<\/span><\/p>\n<p>&nbsp;<\/p>\n<p><span data-contrast=\"auto\">From June 21 until June 25, Le Th\u00e9\u00e2tre Tremplin will present a theatrical adaptation of these poems at the Nouvelle Sc\u00e8ne Gilles Desjardins, located at 333 King Edward Avenue in Lowertown Ottawa. This presentation coincides with the Saint-Jean-Baptiste on June 24, a day of celebration for all francophones in Canada.<\/span><span data-ccp-props=\"{&quot;201341983&quot;:0,&quot;335559731&quot;:0,&quot;335559738&quot;:40,&quot;335559740&quot;:259}\">\u00a0<\/span><\/p>\n<p><span data-contrast=\"auto\">For tickets, please visit: <a href=\"http:\/\/www.simpletix.com\/e\/les-po%C3%A8mes-de-la-r-sistance-th-%C3%A2tre-trempl-tickets-107954\">www.simpletix.com<\/a><\/span><\/p>\n<p><span data-ccp-props=\"{&quot;201341983&quot;:0,&quot;335559685&quot;:142,&quot;335559731&quot;:0,&quot;335559738&quot;:40,&quot;335559740&quot;:259}\">\u00a0<\/span><\/p>\n<p><span data-ccp-props=\"{&quot;201341983&quot;:0,&quot;335559685&quot;:1455,&quot;335559731&quot;:0,&quot;335559738&quot;:40,&quot;335559740&quot;:259}\">\u00a0<\/span><\/p>\n<h2><b><span data-contrast=\"auto\">2. F\u00eate du Canada<\/span><\/b><span data-ccp-props=\"{&quot;201341983&quot;:0,&quot;335559738&quot;:40,&quot;335559740&quot;:259}\">\u00a0<\/span><\/h2>\n<p>&nbsp;<\/p>\n<p><span data-contrast=\"auto\">Just a stone\u2019s throw away from the Lebreton Flats in Gatineau, you will be able to celebrate Canada Day in style and in French at the Place des Festivals Zibi.<\/span><span data-ccp-props=\"{&quot;201341983&quot;:0,&quot;335559731&quot;:0,&quot;335559738&quot;:40,&quot;335559740&quot;:259}\"> \u00a0<\/span><span data-contrast=\"auto\">On stage, you will hear artists such as Genevi\u00e8ve et Alain, M\u00e9lissa Ouimet, Marie-Clo, Double Magnum and Mia Kelly.\u00a0<\/span><span data-ccp-props=\"{&quot;201341983&quot;:0,&quot;335559731&quot;:0,&quot;335559738&quot;:40,&quot;335559740&quot;:259}\"> \u00a0<\/span><span data-contrast=\"auto\">Best of all, there is no admission fee to enter the site and enjoy the music. The show starts at 11\u202fam. Be sure not to miss it!<\/span><span data-ccp-props=\"{&quot;201341983&quot;:0,&quot;335559731&quot;:0,&quot;335559738&quot;:40,&quot;335559740&quot;:259}\">\u00a0<\/span><\/p>\n<p><span data-contrast=\"auto\">Click <\/span><span data-contrast=\"none\">here<\/span><span data-contrast=\"auto\"> for more information about the activities that will take place on Canada Day.<\/span><span data-ccp-props=\"{&quot;201341983&quot;:0,&quot;335559731&quot;:0,&quot;335559738&quot;:40,&quot;335559740&quot;:259}\">\u00a0<\/span><\/p>\n<p>&nbsp;<\/p>\n<p><span data-ccp-props=\"{&quot;201341983&quot;:0,&quot;335559731&quot;:0,&quot;335559738&quot;:40,&quot;335559740&quot;:259}\">\u00a0<\/span><\/p>\n<h2><b><span data-contrast=\"auto\">3. Po\u00e8tes de la capitale\u202f22<\/span><\/b><span data-ccp-props=\"{&quot;201341983&quot;:0,&quot;335559738&quot;:40,&quot;335559740&quot;:259}\">\u00a0<\/span><\/h2>\n<p>&nbsp;<\/p>\n<p><span data-contrast=\"auto\">Until July 11, you will be able to <a href=\"https:\/\/canada-info.ca\/en\/\">view the poems of 21 French-speaking poets from the capital<\/a>. The posters are hung in many areas of the city: Byward Market, Downtown, Sandy Hill, \u2026 You will have the opportunity to discover poets who call Ottawa their hometown: Daniel Groleau Landry, V\u00e9ronique Sylvain, Blaise Ndala, Mich\u00e8le Vinet<\/span><span data-contrast=\"auto\">, \u00c9ric Charlebois and many more<\/span><span data-contrast=\"auto\">.<\/span><span data-ccp-props=\"{&quot;201341983&quot;:0,&quot;335559731&quot;:0,&quot;335559738&quot;:40,&quot;335559740&quot;:259}\">\u00a0<\/span><\/p>\n<p><span data-contrast=\"auto\">Enjoy the nice weather this city has to offer and search for these poetic gems!<\/span><span data-ccp-props=\"{&quot;201341983&quot;:0,&quot;335559731&quot;:0,&quot;335559738&quot;:40,&quot;335559740&quot;:259}\">\u00a0<\/span><span data-ccp-props=\"{&quot;201341983&quot;:0,&quot;335559731&quot;:0,&quot;335559738&quot;:40,&quot;335559740&quot;:259}\">\u00a0<\/span><\/p>\n<p><span data-ccp-props=\"{&quot;201341983&quot;:0,&quot;335559731&quot;:0,&quot;335559738&quot;:40,&quot;335559740&quot;:259}\">\u00a0<\/span><\/p>\n<p>&nbsp;<\/p>\n<h2><b><span data-contrast=\"auto\">4. Mus\u00e9oparc de Vanier<\/span><\/b><span data-ccp-props=\"{&quot;201341983&quot;:0,&quot;335559738&quot;:40,&quot;335559740&quot;:259}\">\u00a0<\/span><\/h2>\n<p>&nbsp;<\/p>\n<p><span data-contrast=\"auto\">Although the sugar shack is closed and the sugar season is over, you will be able to visit the grounds at the <a href=\"https:\/\/museoparc.ca\/en\/\">Mus\u00e9oparc in Vanier<\/a>.<\/span><span data-ccp-props=\"{&quot;201341983&quot;:0,&quot;335559731&quot;:0,&quot;335559738&quot;:40,&quot;335559740&quot;:259}\">\u00a0<\/span><\/p>\n<p><span data-contrast=\"auto\">The museum section is open to the public and offers some very interesting exhibitions: Capitaine Acadie, the superhero from the eastern provinces, as well as the Author\u2019s path. There, you will discover 400 years of French presence in Ontario through the works of many authors who come from all corners of the province. Admission is free, but guided tours require a reservation and cost $5 per person. You may contact the Mus\u00e9oparc staff at <\/span><span data-contrast=\"auto\">613-842-9871 ext.\u202f4<\/span><br \/>\n<span data-contrast=\"auto\">or <\/span><a href=\"mailto:info@museoparc.ca\"><span data-contrast=\"none\">info@museoparc.ca<\/span><\/a><span data-contrast=\"auto\">.\u00a0<\/span><span data-ccp-props=\"{&quot;201341983&quot;:0,&quot;335559731&quot;:0,&quot;335559738&quot;:40,&quot;335559740&quot;:259}\">\u00a0<\/span><\/p>\n<p><span data-contrast=\"auto\">30 authors are hiding in the Richelieu forest\u2026 Will you be able to find them all?<\/span><span data-ccp-props=\"{&quot;201341983&quot;:0,&quot;335559731&quot;:0,&quot;335559738&quot;:40,&quot;335559740&quot;:259}\">\u00a0<\/span><\/p>\n<p><span data-ccp-props=\"{&quot;201341983&quot;:0,&quot;335559731&quot;:0,&quot;335559738&quot;:40,&quot;335559740&quot;:259}\">\u00a0<\/span><\/p>\n<p>&nbsp;<\/p>\n<h2><b><span data-contrast=\"auto\">5. Vanier Circuits<\/span><\/b><span data-ccp-props=\"{&quot;201341983&quot;:0,&quot;335559738&quot;:40,&quot;335559740&quot;:259}\">\u00a0<\/span><\/h2>\n<p>&nbsp;<\/p>\n<p><span data-contrast=\"auto\">Last but not least: the <a href=\"https:\/\/museoparc.ca\/the-museum\/the-vanier-circuits\/\">Vanier Circuits<\/a>. These pedestrian circuits allow you to discover the historical buildings and events which took place in Vanier. Come and admire the architecture and the murals painted by local artists! There are five circuits to choose from, all ranging between 40 to 90 minutes walk.\u00a0<\/span><span data-ccp-props=\"{&quot;201341983&quot;:0,&quot;335559731&quot;:0,&quot;335559738&quot;:40,&quot;335559740&quot;:259}\">\u00a0<\/span><\/p>\n<p><span data-contrast=\"auto\">Admission is free, but guided tours require a reservation and cost $5 per person. For enquiries, please call <\/span><span data-contrast=\"auto\">613\u202f842\u202f9871 ext.\u202f4.<\/span><span data-ccp-props=\"{&quot;201341983&quot;:0,&quot;335559731&quot;:0,&quot;335559738&quot;:40,&quot;335559740&quot;:259}\">\u00a0<\/span><\/p>\n<p><span data-ccp-props=\"{&quot;201341983&quot;:0,&quot;335559731&quot;:0,&quot;335559738&quot;:40,&quot;335559740&quot;:259}\"> <a href=\"https:\/\/museoparc.ca\/the-museum\/the-vanier-circuits\/\"><img loading=\"lazy\" decoding=\"async\" class=\"alignnone wp-image-18173\" src=\"https:\/\/af.ca\/ottawa\/wp-content\/uploads\/2022\/06\/Murale-vanier-300x99.jpg\" alt=\"Murale Vanier\" width=\"497\" height=\"164\" srcset=\"https:\/\/af.ca\/ottawa\/wp-content\/uploads\/2022\/06\/Murale-vanier-300x99.jpg 300w, https:\/\/af.ca\/ottawa\/wp-content\/uploads\/2022\/06\/Murale-vanier-768x253.jpg 768w, https:\/\/af.ca\/ottawa\/wp-content\/uploads\/2022\/06\/Murale-vanier.jpg 1000w\" sizes=\"auto, (max-width: 497px) 100vw, 497px\" \/><\/a><\/span><\/p>\n","protected":false},"excerpt":{"rendered":"<p>&nbsp; &nbsp; The Alliance fran\u00e7aise Ottawa offers a wide array of activities in French, which you may find here. But Ottawa being the nation\u2019s Capital, you may find cultural activities in the language of Moli\u00e8re in many places.\u00a0 \u00a0 Here is a top\u202f5 list of French activities to do in Ottawa this summer, around Canada&#8230;<\/p>\n<p><a class=\"button invert-primary\" href=\"https:\/\/af.ca\/ottawa\/en\/what-to-do-in-ottawa-in-french-during-canada-day-2\/\">Learn more<\/a><\/p>\n","protected":false},"author":3,"featured_media":0,"parent":0,"menu_order":146,"comment_status":"closed","ping_status":"closed","template":"","meta":{"_acf_changed":false,"om_disable_all_campaigns":false,"_monsterinsights_skip_tracking":false,"_monsterinsights_sitenote_active":false,"_monsterinsights_sitenote_note":"","_monsterinsights_sitenote_category":0,"footnotes":""},"class_list":["post-18200","page","type-page","status-publish","hentry"],"acf":[],"yoast_head":"<!-- This site is optimized with the Yoast SEO plugin v27.3 - https:\/\/yoast.com\/product\/yoast-seo-wordpress\/ -->\n<title>WHAT TO DO IN OTTAWA IN FRENCH DURING CANADA DAY? - Alliance Fran\u00e7aise Ottawa<\/title>\n<meta name=\"description\" content=\"Are you learning French and searching for things to do in French in Ottawa? We have some suggestions for you and most of them are free and offered every day of the week! So, what will it be? A walking circuit in Vanier? A visit of the Museoparc exhibitions? An outdoor concert? Take your pick! Enjoy!\" \/>\n<meta name=\"robots\" content=\"index, follow, max-snippet:-1, max-image-preview:large, max-video-preview:-1\" \/>\n<link rel=\"canonical\" href=\"https:\/\/af.ca\/ottawa\/en\/what-to-do-in-ottawa-in-french-during-canada-day-2\/\" \/>\n<meta property=\"og:locale\" content=\"en_US\" \/>\n<meta property=\"og:type\" content=\"article\" \/>\n<meta property=\"og:title\" content=\"WHAT TO DO IN OTTAWA IN FRENCH DURING CANADA DAY? - Alliance Fran\u00e7aise Ottawa\" \/>\n<meta property=\"og:description\" content=\"Are you learning French and searching for things to do in French in Ottawa? We have some suggestions for you and most of them are free and offered every day of the week! So, what will it be? A walking circuit in Vanier? A visit of the Museoparc exhibitions? An outdoor concert? Take your pick! Enjoy!\" \/>\n<meta property=\"og:url\" content=\"https:\/\/af.ca\/ottawa\/en\/what-to-do-in-ottawa-in-french-during-canada-day-2\/\" \/>\n<meta property=\"og:site_name\" content=\"Alliance Fran\u00e7aise Ottawa\" \/>\n<meta property=\"article:modified_time\" content=\"2022-08-25T19:41:46+00:00\" \/>\n<meta property=\"og:image\" content=\"https:\/\/af.ca\/ottawa\/wp-content\/uploads\/2022\/06\/Happy-Canada-Day-2-300x169.png\" \/>\n<meta name=\"twitter:card\" content=\"summary_large_image\" \/>\n<meta name=\"twitter:label1\" content=\"Est. reading time\" \/>\n\t<meta name=\"twitter:data1\" content=\"4 minutes\" \/>\n<script type=\"application\/ld+json\" class=\"yoast-schema-graph\">{\"@context\":\"https:\\\/\\\/schema.org\",\"@graph\":[{\"@type\":\"WebPage\",\"@id\":\"https:\\\/\\\/af.ca\\\/ottawa\\\/en\\\/what-to-do-in-ottawa-in-french-during-canada-day-2\\\/\",\"url\":\"https:\\\/\\\/af.ca\\\/ottawa\\\/en\\\/what-to-do-in-ottawa-in-french-during-canada-day-2\\\/\",\"name\":\"WHAT TO DO IN OTTAWA IN FRENCH DURING CANADA DAY? - Alliance Fran\u00e7aise Ottawa\",\"isPartOf\":{\"@id\":\"https:\\\/\\\/af.ca\\\/ottawa\\\/#website\"},\"primaryImageOfPage\":{\"@id\":\"https:\\\/\\\/af.ca\\\/ottawa\\\/en\\\/what-to-do-in-ottawa-in-french-during-canada-day-2\\\/#primaryimage\"},\"image\":{\"@id\":\"https:\\\/\\\/af.ca\\\/ottawa\\\/en\\\/what-to-do-in-ottawa-in-french-during-canada-day-2\\\/#primaryimage\"},\"thumbnailUrl\":\"https:\\\/\\\/af.ca\\\/ottawa\\\/wp-content\\\/uploads\\\/2022\\\/06\\\/Happy-Canada-Day-2-300x169.png\",\"datePublished\":\"2022-06-22T18:59:07+00:00\",\"dateModified\":\"2022-08-25T19:41:46+00:00\",\"description\":\"Are you learning French and searching for things to do in French in Ottawa? We have some suggestions for you and most of them are free and offered every day of the week! So, what will it be? A walking circuit in Vanier? A visit of the Museoparc exhibitions? An outdoor concert? Take your pick! Enjoy!\",\"breadcrumb\":{\"@id\":\"https:\\\/\\\/af.ca\\\/ottawa\\\/en\\\/what-to-do-in-ottawa-in-french-during-canada-day-2\\\/#breadcrumb\"},\"inLanguage\":\"en-US\",\"potentialAction\":[{\"@type\":\"ReadAction\",\"target\":[\"https:\\\/\\\/af.ca\\\/ottawa\\\/en\\\/what-to-do-in-ottawa-in-french-during-canada-day-2\\\/\"]}]},{\"@type\":\"ImageObject\",\"inLanguage\":\"en-US\",\"@id\":\"https:\\\/\\\/af.ca\\\/ottawa\\\/en\\\/what-to-do-in-ottawa-in-french-during-canada-day-2\\\/#primaryimage\",\"url\":\"https:\\\/\\\/af.ca\\\/ottawa\\\/wp-content\\\/uploads\\\/2022\\\/06\\\/Happy-Canada-Day-2-300x169.png\",\"contentUrl\":\"https:\\\/\\\/af.ca\\\/ottawa\\\/wp-content\\\/uploads\\\/2022\\\/06\\\/Happy-Canada-Day-2-300x169.png\"},{\"@type\":\"BreadcrumbList\",\"@id\":\"https:\\\/\\\/af.ca\\\/ottawa\\\/en\\\/what-to-do-in-ottawa-in-french-during-canada-day-2\\\/#breadcrumb\",\"itemListElement\":[{\"@type\":\"ListItem\",\"position\":1,\"name\":\"Home\",\"item\":\"https:\\\/\\\/af.ca\\\/ottawa\\\/en\\\/\"},{\"@type\":\"ListItem\",\"position\":2,\"name\":\"WHAT TO DO IN OTTAWA IN FRENCH DURING CANADA DAY?\"}]},{\"@type\":\"WebSite\",\"@id\":\"https:\\\/\\\/af.ca\\\/ottawa\\\/#website\",\"url\":\"https:\\\/\\\/af.ca\\\/ottawa\\\/\",\"name\":\"Alliance Fran\u00e7aise Ottawa\",\"description\":\"French language school and cultural center\",\"potentialAction\":[{\"@type\":\"SearchAction\",\"target\":{\"@type\":\"EntryPoint\",\"urlTemplate\":\"https:\\\/\\\/af.ca\\\/ottawa\\\/?s={search_term_string}\"},\"query-input\":{\"@type\":\"PropertyValueSpecification\",\"valueRequired\":true,\"valueName\":\"search_term_string\"}}],\"inLanguage\":\"en-US\"}]}<\/script>\n<!-- \/ Yoast SEO plugin. -->","yoast_head_json":{"title":"WHAT TO DO IN OTTAWA IN FRENCH DURING CANADA DAY? - Alliance Fran\u00e7aise Ottawa","description":"Are you learning French and searching for things to do in French in Ottawa? We have some suggestions for you and most of them are free and offered every day of the week! So, what will it be? A walking circuit in Vanier? A visit of the Museoparc exhibitions? An outdoor concert? Take your pick! Enjoy!","robots":{"index":"index","follow":"follow","max-snippet":"max-snippet:-1","max-image-preview":"max-image-preview:large","max-video-preview":"max-video-preview:-1"},"canonical":"https:\/\/af.ca\/ottawa\/en\/what-to-do-in-ottawa-in-french-during-canada-day-2\/","og_locale":"en_US","og_type":"article","og_title":"WHAT TO DO IN OTTAWA IN FRENCH DURING CANADA DAY? - Alliance Fran\u00e7aise Ottawa","og_description":"Are you learning French and searching for things to do in French in Ottawa? We have some suggestions for you and most of them are free and offered every day of the week! So, what will it be? A walking circuit in Vanier? A visit of the Museoparc exhibitions? An outdoor concert? Take your pick! Enjoy!","og_url":"https:\/\/af.ca\/ottawa\/en\/what-to-do-in-ottawa-in-french-during-canada-day-2\/","og_site_name":"Alliance Fran\u00e7aise Ottawa","article_modified_time":"2022-08-25T19:41:46+00:00","og_image":[{"url":"https:\/\/af.ca\/ottawa\/wp-content\/uploads\/2022\/06\/Happy-Canada-Day-2-300x169.png","type":"","width":"","height":""}],"twitter_card":"summary_large_image","twitter_misc":{"Est. reading time":"4 minutes"},"schema":{"@context":"https:\/\/schema.org","@graph":[{"@type":"WebPage","@id":"https:\/\/af.ca\/ottawa\/en\/what-to-do-in-ottawa-in-french-during-canada-day-2\/","url":"https:\/\/af.ca\/ottawa\/en\/what-to-do-in-ottawa-in-french-during-canada-day-2\/","name":"WHAT TO DO IN OTTAWA IN FRENCH DURING CANADA DAY? - Alliance Fran\u00e7aise Ottawa","isPartOf":{"@id":"https:\/\/af.ca\/ottawa\/#website"},"primaryImageOfPage":{"@id":"https:\/\/af.ca\/ottawa\/en\/what-to-do-in-ottawa-in-french-during-canada-day-2\/#primaryimage"},"image":{"@id":"https:\/\/af.ca\/ottawa\/en\/what-to-do-in-ottawa-in-french-during-canada-day-2\/#primaryimage"},"thumbnailUrl":"https:\/\/af.ca\/ottawa\/wp-content\/uploads\/2022\/06\/Happy-Canada-Day-2-300x169.png","datePublished":"2022-06-22T18:59:07+00:00","dateModified":"2022-08-25T19:41:46+00:00","description":"Are you learning French and searching for things to do in French in Ottawa? We have some suggestions for you and most of them are free and offered every day of the week! So, what will it be? A walking circuit in Vanier? A visit of the Museoparc exhibitions? An outdoor concert? Take your pick! Enjoy!","breadcrumb":{"@id":"https:\/\/af.ca\/ottawa\/en\/what-to-do-in-ottawa-in-french-during-canada-day-2\/#breadcrumb"},"inLanguage":"en-US","potentialAction":[{"@type":"ReadAction","target":["https:\/\/af.ca\/ottawa\/en\/what-to-do-in-ottawa-in-french-during-canada-day-2\/"]}]},{"@type":"ImageObject","inLanguage":"en-US","@id":"https:\/\/af.ca\/ottawa\/en\/what-to-do-in-ottawa-in-french-during-canada-day-2\/#primaryimage","url":"https:\/\/af.ca\/ottawa\/wp-content\/uploads\/2022\/06\/Happy-Canada-Day-2-300x169.png","contentUrl":"https:\/\/af.ca\/ottawa\/wp-content\/uploads\/2022\/06\/Happy-Canada-Day-2-300x169.png"},{"@type":"BreadcrumbList","@id":"https:\/\/af.ca\/ottawa\/en\/what-to-do-in-ottawa-in-french-during-canada-day-2\/#breadcrumb","itemListElement":[{"@type":"ListItem","position":1,"name":"Home","item":"https:\/\/af.ca\/ottawa\/en\/"},{"@type":"ListItem","position":2,"name":"WHAT TO DO IN OTTAWA IN FRENCH DURING CANADA DAY?"}]},{"@type":"WebSite","@id":"https:\/\/af.ca\/ottawa\/#website","url":"https:\/\/af.ca\/ottawa\/","name":"Alliance Fran\u00e7aise Ottawa","description":"French language school and cultural center","potentialAction":[{"@type":"SearchAction","target":{"@type":"EntryPoint","urlTemplate":"https:\/\/af.ca\/ottawa\/?s={search_term_string}"},"query-input":{"@type":"PropertyValueSpecification","valueRequired":true,"valueName":"search_term_string"}}],"inLanguage":"en-US"}]}},"blog_post_layout_featured_media_urls":{"thumbnail":"","full":""},"categories_names":null,"comments_number":"0","_links":{"self":[{"href":"https:\/\/af.ca\/ottawa\/en\/wp-json\/wp\/v2\/pages\/18200","targetHints":{"allow":["GET"]}}],"collection":[{"href":"https:\/\/af.ca\/ottawa\/en\/wp-json\/wp\/v2\/pages"}],"about":[{"href":"https:\/\/af.ca\/ottawa\/en\/wp-json\/wp\/v2\/types\/page"}],"author":[{"embeddable":true,"href":"https:\/\/af.ca\/ottawa\/en\/wp-json\/wp\/v2\/users\/3"}],"replies":[{"embeddable":true,"href":"https:\/\/af.ca\/ottawa\/en\/wp-json\/wp\/v2\/comments?post=18200"}],"version-history":[{"count":0,"href":"https:\/\/af.ca\/ottawa\/en\/wp-json\/wp\/v2\/pages\/18200\/revisions"}],"wp:attachment":[{"href":"https:\/\/af.ca\/ottawa\/en\/wp-json\/wp\/v2\/media?parent=18200"}],"curies":[{"name":"wp","href":"https:\/\/api.w.org\/{rel}","templated":true}]}}