{"id":18630,"date":"2022-08-30T10:40:54","date_gmt":"2022-08-30T14:40:54","guid":{"rendered":"https:\/\/af.ca\/ottawa\/?page_id=18630"},"modified":"2022-09-13T09:25:45","modified_gmt":"2022-09-13T13:25:45","slug":"quatuor-elysee","status":"publish","type":"page","link":"https:\/\/af.ca\/ottawa\/en\/quatuor-elysee\/","title":{"rendered":"\u00c9lys\u00e9e Quartet"},"content":{"rendered":"<p>&nbsp;<\/p>\n<p><a href=\"https:\/\/af.ca\/ottawa\/wp-content\/uploads\/2022\/08\/Quatuor-Elysee-2021-64-scaled.jpg\"><img loading=\"lazy\" decoding=\"async\" class=\"alignnone wp-image-18631\" src=\"https:\/\/af.ca\/ottawa\/wp-content\/uploads\/2022\/08\/Quatuor-Elysee-2021-64-300x200.jpg\" alt=\"\" width=\"677\" height=\"452\" srcset=\"https:\/\/af.ca\/ottawa\/wp-content\/uploads\/2022\/08\/Quatuor-Elysee-2021-64-300x200.jpg 300w, https:\/\/af.ca\/ottawa\/wp-content\/uploads\/2022\/08\/Quatuor-Elysee-2021-64-1024x684.jpg 1024w, https:\/\/af.ca\/ottawa\/wp-content\/uploads\/2022\/08\/Quatuor-Elysee-2021-64-768x513.jpg 768w, https:\/\/af.ca\/ottawa\/wp-content\/uploads\/2022\/08\/Quatuor-Elysee-2021-64-1536x1025.jpg 1536w, https:\/\/af.ca\/ottawa\/wp-content\/uploads\/2022\/08\/Quatuor-Elysee-2021-64-2048x1367.jpg 2048w\" sizes=\"auto, (max-width: 677px) 100vw, 677px\" \/><\/a><\/p>\n<p><em>(Vadim Tchijik et Pablo Schatzman, violons, Andrei Malakhov, alto, Igor Kiritchenko, violoncelle)<\/em><\/p>\n<p>&nbsp;<\/p>\n<p>The Elys\u00e9e Quartet was founded in 1995 by former members of two quartets that won the Grand Prix at the Evian International Competition: the Anton and Ysaye Quartets. The unique aspect of the Elys\u00e9e Quartet lies in the confrontation and assimilation of two different schools: the French school and the Russian school.<\/p>\n<p>These two schools enrich each other and allow a fusion of different ideas, the development of new dimensions in the interpretation of music, and a power of expression of great originality.<\/p>\n<p>The Elys\u00e9e Quartet has performed in many European countries (England, Germany, Austria, Belgium, Bulgaria, Slovenia, Italy, Spain, Portugal) as well as in Israel, Japan, China, Canada, Nicaragua, Russia, and has been invited to play in major concert halls such as the Th\u00e9\u00e2tre du Ch\u00e2telet and the Salle Cortot in Paris, Kioi Hall in Tokyo, and Tchaikovsky Hall in Moscow.<\/p>\n<p>In France, it has been welcomed by prestigious festivals such as: the Festival de l&#8217;Orangerie de Sceaux, the Festival du P\u00e9rigord Noir, the Festival de Quatuors \u00e0 Cordes de Fayence, the Festival de Quatuors \u00e0 Cordes du Lub\u00e9ron, the Festival d&#8217;Ile de France, the Festival de l&#8217;Abbaye de l&#8217;Epau, the Saison Musicale de Proquartet \u00e0 Fontainebleau, the Festival de Cunault, etc.<\/p>\n<p>&nbsp;<\/p>\n<p>The Elys\u00e9e Quartet has collaborated with musicians such as Pascal Amoyel, Franck Braley, Marie-Joseph Jude, Jean-Marc Luisada, Emmanuelle Bertrand, Marc Coppey, Henri Demarquette, Alain Meunier, Fran\u00e7ois Salque, G\u00e9rard Causs\u00e9, Michel Lethiec, Paul Meyer, Philippe Bernold and many others. He has also recorded several CDs for the labels Naxos, Timpani, Triton, Continuo Classics, Zig Zag Territoires&#8230;<\/p>\n<p>The Alliance Fran\u00e7aise Ottawa is pleased to invite you to their concert on Thursday, October 20th at 7:00 pm at St. Bartholomew&#8217;s Church, 125 Mackay Street, Ottawa, ON, K1M 2B4<\/p>\n<p>&nbsp;<\/p>\n<p><img loading=\"lazy\" decoding=\"async\" class=\"alignnone wp-image-18705\" src=\"https:\/\/af.ca\/ottawa\/wp-content\/uploads\/2022\/08\/Quatuor-1-1-300x129.png\" alt=\"\" width=\"421\" height=\"181\" srcset=\"https:\/\/af.ca\/ottawa\/wp-content\/uploads\/2022\/08\/Quatuor-1-1-300x129.png 300w, https:\/\/af.ca\/ottawa\/wp-content\/uploads\/2022\/08\/Quatuor-1-1-768x331.png 768w, https:\/\/af.ca\/ottawa\/wp-content\/uploads\/2022\/08\/Quatuor-1-1.png 890w\" sizes=\"auto, (max-width: 421px) 100vw, 421px\" \/>\u00a0 <a href=\"https:\/\/www.eventbrite.ca\/e\/the-elysee-quartet-quatuor-elysee-tickets-411238293807\"><img loading=\"lazy\" decoding=\"async\" class=\"alignnone wp-image-18633\" src=\"https:\/\/af.ca\/ottawa\/wp-content\/uploads\/2022\/08\/Quatuor-Elysee-2021-48-300x200.jpg\" alt=\"\" width=\"349\" height=\"232\" srcset=\"https:\/\/af.ca\/ottawa\/wp-content\/uploads\/2022\/08\/Quatuor-Elysee-2021-48-300x200.jpg 300w, https:\/\/af.ca\/ottawa\/wp-content\/uploads\/2022\/08\/Quatuor-Elysee-2021-48-1024x684.jpg 1024w, https:\/\/af.ca\/ottawa\/wp-content\/uploads\/2022\/08\/Quatuor-Elysee-2021-48-768x513.jpg 768w, https:\/\/af.ca\/ottawa\/wp-content\/uploads\/2022\/08\/Quatuor-Elysee-2021-48-1536x1025.jpg 1536w, https:\/\/af.ca\/ottawa\/wp-content\/uploads\/2022\/08\/Quatuor-Elysee-2021-48-2048x1367.jpg 2048w\" sizes=\"auto, (max-width: 349px) 100vw, 349px\" \/><\/a><\/p>\n<p><a href=\"https:\/\/www.eventbrite.ca\/e\/the-elysee-quartet-quatuor-elysee-tickets-411238293807\"><img loading=\"lazy\" decoding=\"async\" class=\"alignnone size-medium wp-image-18677\" src=\"https:\/\/af.ca\/ottawa\/wp-content\/uploads\/2022\/08\/Bouton-site-internet-300x56.png\" alt=\"\" width=\"300\" height=\"56\" srcset=\"https:\/\/af.ca\/ottawa\/wp-content\/uploads\/2022\/08\/Bouton-site-internet-300x56.png 300w, https:\/\/af.ca\/ottawa\/wp-content\/uploads\/2022\/08\/Bouton-site-internet.png 762w\" sizes=\"auto, (max-width: 300px) 100vw, 300px\" \/><\/a><\/p>\n<p>&nbsp;<\/p>\n<p>&nbsp;<\/p>\n<blockquote><p>&#8220;One of the most interesting ensembles today&#8230;&#8221;<\/p>\n<p><strong>Le Monde de la Musique<\/strong><\/p>\n<p>&nbsp;<\/p>\n<p>&#8220;A superbly structured and controlled quartet. A version, all pure grace and eloquence&#8230;&#8221;<\/p>\n<p><strong>International Record Review (England)<\/strong><\/p>\n<p>&nbsp;<\/p>\n<p>&#8220;These musicians, wonderfully complimentary, are on a par with the greatest quartets. The warm atmosphere is a bonus.&#8221;<\/p>\n<p><strong>The Strad (England)<\/strong><\/p><\/blockquote>\n<p>&nbsp;<\/p>\n<p><a href=\"https:\/\/www.youtube.com\/watch?v=jhqI3ZsFy2E\"><img loading=\"lazy\" decoding=\"async\" class=\"alignnone  wp-image-18738\" src=\"https:\/\/af.ca\/ottawa\/wp-content\/uploads\/2022\/09\/Quatuor-1-1-1-300x251.png\" alt=\"\" width=\"498\" height=\"417\" srcset=\"https:\/\/af.ca\/ottawa\/wp-content\/uploads\/2022\/09\/Quatuor-1-1-1-300x251.png 300w, https:\/\/af.ca\/ottawa\/wp-content\/uploads\/2022\/09\/Quatuor-1-1-1-768x644.png 768w, https:\/\/af.ca\/ottawa\/wp-content\/uploads\/2022\/09\/Quatuor-1-1-1.png 940w\" sizes=\"auto, (max-width: 498px) 100vw, 498px\" \/><\/a><\/p>\n","protected":false},"excerpt":{"rendered":"<p>&nbsp; (Vadim Tchijik et Pablo Schatzman, violons, Andrei Malakhov, alto, Igor Kiritchenko, violoncelle) &nbsp; The Elys\u00e9e Quartet was founded in 1995 by former members of two quartets that won the Grand Prix at the Evian International Competition: the Anton and Ysaye Quartets. The unique aspect of the Elys\u00e9e Quartet lies in the confrontation and assimilation&#8230;<\/p>\n<p><a class=\"button invert-primary\" href=\"https:\/\/af.ca\/ottawa\/en\/quatuor-elysee\/\">Learn more<\/a><\/p>\n","protected":false},"author":3,"featured_media":0,"parent":0,"menu_order":130,"comment_status":"closed","ping_status":"closed","template":"","meta":{"_acf_changed":false,"om_disable_all_campaigns":false,"_monsterinsights_skip_tracking":false,"_monsterinsights_sitenote_active":false,"_monsterinsights_sitenote_note":"","_monsterinsights_sitenote_category":0,"footnotes":""},"class_list":["post-18630","page","type-page","status-publish","hentry"],"acf":[],"yoast_head":"<!-- This site is optimized with the Yoast SEO plugin v27.4 - https:\/\/yoast.com\/product\/yoast-seo-wordpress\/ -->\n<title>\u00c9lys\u00e9e Quartet - Alliance Fran\u00e7aise Ottawa<\/title>\n<meta name=\"robots\" content=\"index, follow, max-snippet:-1, max-image-preview:large, max-video-preview:-1\" \/>\n<link rel=\"canonical\" href=\"https:\/\/af.ca\/ottawa\/en\/quatuor-elysee\/\" \/>\n<meta property=\"og:locale\" content=\"en_US\" \/>\n<meta property=\"og:type\" content=\"article\" \/>\n<meta property=\"og:title\" content=\"\u00c9lys\u00e9e Quartet - Alliance Fran\u00e7aise Ottawa\" \/>\n<meta property=\"og:description\" content=\"&nbsp; (Vadim Tchijik et Pablo Schatzman, violons, Andrei Malakhov, alto, Igor Kiritchenko, violoncelle) &nbsp; The Elys\u00e9e Quartet was founded in 1995 by former members of two quartets that won the Grand Prix at the Evian International Competition: the Anton and Ysaye Quartets. The unique aspect of the Elys\u00e9e Quartet lies in the confrontation and assimilation...Learn more\" \/>\n<meta property=\"og:url\" content=\"https:\/\/af.ca\/ottawa\/en\/quatuor-elysee\/\" \/>\n<meta property=\"og:site_name\" content=\"Alliance Fran\u00e7aise Ottawa\" \/>\n<meta property=\"article:modified_time\" content=\"2022-09-13T13:25:45+00:00\" \/>\n<meta property=\"og:image\" content=\"https:\/\/af.ca\/ottawa\/wp-content\/uploads\/2022\/08\/Quatuor-Elysee-2021-64-300x200.jpg\" \/>\n<meta name=\"twitter:card\" content=\"summary_large_image\" \/>\n<meta name=\"twitter:label1\" content=\"Est. reading time\" \/>\n\t<meta name=\"twitter:data1\" content=\"3 minutes\" \/>\n<script type=\"application\/ld+json\" class=\"yoast-schema-graph\">{\"@context\":\"https:\\\/\\\/schema.org\",\"@graph\":[{\"@type\":\"WebPage\",\"@id\":\"https:\\\/\\\/af.ca\\\/ottawa\\\/en\\\/quatuor-elysee\\\/\",\"url\":\"https:\\\/\\\/af.ca\\\/ottawa\\\/en\\\/quatuor-elysee\\\/\",\"name\":\"\u00c9lys\u00e9e Quartet - Alliance Fran\u00e7aise Ottawa\",\"isPartOf\":{\"@id\":\"https:\\\/\\\/af.ca\\\/ottawa\\\/#website\"},\"primaryImageOfPage\":{\"@id\":\"https:\\\/\\\/af.ca\\\/ottawa\\\/en\\\/quatuor-elysee\\\/#primaryimage\"},\"image\":{\"@id\":\"https:\\\/\\\/af.ca\\\/ottawa\\\/en\\\/quatuor-elysee\\\/#primaryimage\"},\"thumbnailUrl\":\"https:\\\/\\\/af.ca\\\/ottawa\\\/wp-content\\\/uploads\\\/2022\\\/08\\\/Quatuor-Elysee-2021-64-300x200.jpg\",\"datePublished\":\"2022-08-30T14:40:54+00:00\",\"dateModified\":\"2022-09-13T13:25:45+00:00\",\"breadcrumb\":{\"@id\":\"https:\\\/\\\/af.ca\\\/ottawa\\\/en\\\/quatuor-elysee\\\/#breadcrumb\"},\"inLanguage\":\"en-US\",\"potentialAction\":[{\"@type\":\"ReadAction\",\"target\":[\"https:\\\/\\\/af.ca\\\/ottawa\\\/en\\\/quatuor-elysee\\\/\"]}]},{\"@type\":\"ImageObject\",\"inLanguage\":\"en-US\",\"@id\":\"https:\\\/\\\/af.ca\\\/ottawa\\\/en\\\/quatuor-elysee\\\/#primaryimage\",\"url\":\"https:\\\/\\\/af.ca\\\/ottawa\\\/wp-content\\\/uploads\\\/2022\\\/08\\\/Quatuor-Elysee-2021-64-300x200.jpg\",\"contentUrl\":\"https:\\\/\\\/af.ca\\\/ottawa\\\/wp-content\\\/uploads\\\/2022\\\/08\\\/Quatuor-Elysee-2021-64-300x200.jpg\"},{\"@type\":\"BreadcrumbList\",\"@id\":\"https:\\\/\\\/af.ca\\\/ottawa\\\/en\\\/quatuor-elysee\\\/#breadcrumb\",\"itemListElement\":[{\"@type\":\"ListItem\",\"position\":1,\"name\":\"Home\",\"item\":\"https:\\\/\\\/af.ca\\\/ottawa\\\/en\\\/\"},{\"@type\":\"ListItem\",\"position\":2,\"name\":\"\u00c9lys\u00e9e Quartet\"}]},{\"@type\":\"WebSite\",\"@id\":\"https:\\\/\\\/af.ca\\\/ottawa\\\/#website\",\"url\":\"https:\\\/\\\/af.ca\\\/ottawa\\\/\",\"name\":\"Alliance Fran\u00e7aise Ottawa\",\"description\":\"French language school and cultural center\",\"potentialAction\":[{\"@type\":\"SearchAction\",\"target\":{\"@type\":\"EntryPoint\",\"urlTemplate\":\"https:\\\/\\\/af.ca\\\/ottawa\\\/?s={search_term_string}\"},\"query-input\":{\"@type\":\"PropertyValueSpecification\",\"valueRequired\":true,\"valueName\":\"search_term_string\"}}],\"inLanguage\":\"en-US\"}]}<\/script>\n<!-- \/ Yoast SEO plugin. -->","yoast_head_json":{"title":"\u00c9lys\u00e9e Quartet - Alliance Fran\u00e7aise Ottawa","robots":{"index":"index","follow":"follow","max-snippet":"max-snippet:-1","max-image-preview":"max-image-preview:large","max-video-preview":"max-video-preview:-1"},"canonical":"https:\/\/af.ca\/ottawa\/en\/quatuor-elysee\/","og_locale":"en_US","og_type":"article","og_title":"\u00c9lys\u00e9e Quartet - Alliance Fran\u00e7aise Ottawa","og_description":"&nbsp; (Vadim Tchijik et Pablo Schatzman, violons, Andrei Malakhov, alto, Igor Kiritchenko, violoncelle) &nbsp; The Elys\u00e9e Quartet was founded in 1995 by former members of two quartets that won the Grand Prix at the Evian International Competition: the Anton and Ysaye Quartets. The unique aspect of the Elys\u00e9e Quartet lies in the confrontation and assimilation...Learn more","og_url":"https:\/\/af.ca\/ottawa\/en\/quatuor-elysee\/","og_site_name":"Alliance Fran\u00e7aise Ottawa","article_modified_time":"2022-09-13T13:25:45+00:00","og_image":[{"url":"https:\/\/af.ca\/ottawa\/wp-content\/uploads\/2022\/08\/Quatuor-Elysee-2021-64-300x200.jpg","type":"","width":"","height":""}],"twitter_card":"summary_large_image","twitter_misc":{"Est. reading time":"3 minutes"},"schema":{"@context":"https:\/\/schema.org","@graph":[{"@type":"WebPage","@id":"https:\/\/af.ca\/ottawa\/en\/quatuor-elysee\/","url":"https:\/\/af.ca\/ottawa\/en\/quatuor-elysee\/","name":"\u00c9lys\u00e9e Quartet - Alliance Fran\u00e7aise Ottawa","isPartOf":{"@id":"https:\/\/af.ca\/ottawa\/#website"},"primaryImageOfPage":{"@id":"https:\/\/af.ca\/ottawa\/en\/quatuor-elysee\/#primaryimage"},"image":{"@id":"https:\/\/af.ca\/ottawa\/en\/quatuor-elysee\/#primaryimage"},"thumbnailUrl":"https:\/\/af.ca\/ottawa\/wp-content\/uploads\/2022\/08\/Quatuor-Elysee-2021-64-300x200.jpg","datePublished":"2022-08-30T14:40:54+00:00","dateModified":"2022-09-13T13:25:45+00:00","breadcrumb":{"@id":"https:\/\/af.ca\/ottawa\/en\/quatuor-elysee\/#breadcrumb"},"inLanguage":"en-US","potentialAction":[{"@type":"ReadAction","target":["https:\/\/af.ca\/ottawa\/en\/quatuor-elysee\/"]}]},{"@type":"ImageObject","inLanguage":"en-US","@id":"https:\/\/af.ca\/ottawa\/en\/quatuor-elysee\/#primaryimage","url":"https:\/\/af.ca\/ottawa\/wp-content\/uploads\/2022\/08\/Quatuor-Elysee-2021-64-300x200.jpg","contentUrl":"https:\/\/af.ca\/ottawa\/wp-content\/uploads\/2022\/08\/Quatuor-Elysee-2021-64-300x200.jpg"},{"@type":"BreadcrumbList","@id":"https:\/\/af.ca\/ottawa\/en\/quatuor-elysee\/#breadcrumb","itemListElement":[{"@type":"ListItem","position":1,"name":"Home","item":"https:\/\/af.ca\/ottawa\/en\/"},{"@type":"ListItem","position":2,"name":"\u00c9lys\u00e9e Quartet"}]},{"@type":"WebSite","@id":"https:\/\/af.ca\/ottawa\/#website","url":"https:\/\/af.ca\/ottawa\/","name":"Alliance Fran\u00e7aise Ottawa","description":"French language school and cultural center","potentialAction":[{"@type":"SearchAction","target":{"@type":"EntryPoint","urlTemplate":"https:\/\/af.ca\/ottawa\/?s={search_term_string}"},"query-input":{"@type":"PropertyValueSpecification","valueRequired":true,"valueName":"search_term_string"}}],"inLanguage":"en-US"}]}},"blog_post_layout_featured_media_urls":{"thumbnail":"","full":""},"categories_names":null,"comments_number":"0","_links":{"self":[{"href":"https:\/\/af.ca\/ottawa\/en\/wp-json\/wp\/v2\/pages\/18630","targetHints":{"allow":["GET"]}}],"collection":[{"href":"https:\/\/af.ca\/ottawa\/en\/wp-json\/wp\/v2\/pages"}],"about":[{"href":"https:\/\/af.ca\/ottawa\/en\/wp-json\/wp\/v2\/types\/page"}],"author":[{"embeddable":true,"href":"https:\/\/af.ca\/ottawa\/en\/wp-json\/wp\/v2\/users\/3"}],"replies":[{"embeddable":true,"href":"https:\/\/af.ca\/ottawa\/en\/wp-json\/wp\/v2\/comments?post=18630"}],"version-history":[{"count":0,"href":"https:\/\/af.ca\/ottawa\/en\/wp-json\/wp\/v2\/pages\/18630\/revisions"}],"wp:attachment":[{"href":"https:\/\/af.ca\/ottawa\/en\/wp-json\/wp\/v2\/media?parent=18630"}],"curies":[{"name":"wp","href":"https:\/\/api.w.org\/{rel}","templated":true}]}}