{"id":20595,"date":"2023-06-14T10:27:49","date_gmt":"2023-06-14T14:27:49","guid":{"rendered":"https:\/\/af.ca\/ottawa\/?page_id=20595"},"modified":"2023-06-14T10:27:55","modified_gmt":"2023-06-14T14:27:55","slug":"fete-de-la-musique-ko-shin-moons-concert","status":"publish","type":"page","link":"https:\/\/af.ca\/ottawa\/en\/fete-de-la-musique-ko-shin-moons-concert\/","title":{"rendered":"F\u00eate de la musique : Ko Shin Moon&#8217;s concert"},"content":{"rendered":"<p><a href=\"https:\/\/af.ca\/ottawa\/wp-content\/uploads\/2023\/05\/Ko-Shin-Moon-visuel-Format-banniere.png\"><img loading=\"lazy\" decoding=\"async\" class=\"alignnone wp-image-20571\" src=\"https:\/\/af.ca\/ottawa\/wp-content\/uploads\/2023\/05\/Ko-Shin-Moon-visuel-Format-banniere-300x157.png\" alt=\"\" width=\"604\" height=\"316\" srcset=\"https:\/\/af.ca\/ottawa\/wp-content\/uploads\/2023\/05\/Ko-Shin-Moon-visuel-Format-banniere-300x157.png 300w, https:\/\/af.ca\/ottawa\/wp-content\/uploads\/2023\/05\/Ko-Shin-Moon-visuel-Format-banniere-1024x536.png 1024w, https:\/\/af.ca\/ottawa\/wp-content\/uploads\/2023\/05\/Ko-Shin-Moon-visuel-Format-banniere-768x402.png 768w, https:\/\/af.ca\/ottawa\/wp-content\/uploads\/2023\/05\/Ko-Shin-Moon-visuel-Format-banniere.png 1200w\" sizes=\"auto, (max-width: 604px) 100vw, 604px\" \/><\/a><\/p>\n<p>&nbsp;<\/p>\n<p>Immerse yourself in the psychedelic world of Ko Shin Moon to celebrate the F\u00eate de la musique and the beginning of summer!<\/p>\n<p>During an unforgettable one-hour concert, dance to the rhythm of the otherworldly hybrid melodies of the band born in 2017. At the crossroads between SynthFolk and space disco, come one and all to celebrate music in an electric atmosphere. Opening the evening, discover Jessy Lindsay, a Franco-Ontarian indie-pop singer who&#8217;s making waves in Ottawa.<\/p>\n<p>Ko Shin Moon was born in 2017, at a crossroads between traditional Eastern strings and electronic music machines. After spending four years in India collecting folk instruments, Axel Moon discovered that his old friend Niko Shin had started a recording studio filled with analog synths and vintage gear.<br \/>\nFrom this private haven, Ko Shin Moon create otherworldly, hybrid melodies where psychedelia meets space disco, and electric ba\u011flama and oud riffs embrace the harmonics of the sitar.<br \/>\nIn line with the works of Haruomi Hosono (the band name is a reference to one of his exotica albums), Ko Shi Moon draws from a vast lineage of experimentalists and music explorers such as David Byrne, Bill Laswell, Jah Wobble, Ryuichi Sakamoto, and Clara Mondshine.<br \/>\nThrough stylistic experimentation, the band outlines a universe of contrasts. Their credo: eclecticism, cosmopolitanism and hybridity.<\/p>\n<p>&nbsp;<\/p>\n<p><img loading=\"lazy\" decoding=\"async\" class=\"alignnone wp-image-20596\" src=\"https:\/\/af.ca\/ottawa\/wp-content\/uploads\/2023\/05\/Date-Ko-Shin-Moon-EN-300x150.png\" alt=\"\" width=\"376\" height=\"188\" srcset=\"https:\/\/af.ca\/ottawa\/wp-content\/uploads\/2023\/05\/Date-Ko-Shin-Moon-EN-300x150.png 300w, https:\/\/af.ca\/ottawa\/wp-content\/uploads\/2023\/05\/Date-Ko-Shin-Moon-EN-1024x512.png 1024w, https:\/\/af.ca\/ottawa\/wp-content\/uploads\/2023\/05\/Date-Ko-Shin-Moon-EN-768x384.png 768w, https:\/\/af.ca\/ottawa\/wp-content\/uploads\/2023\/05\/Date-Ko-Shin-Moon-EN-1536x768.png 1536w, https:\/\/af.ca\/ottawa\/wp-content\/uploads\/2023\/05\/Date-Ko-Shin-Moon-EN-2048x1024.png 2048w\" sizes=\"auto, (max-width: 376px) 100vw, 376px\" \/>\u00a0\u00a0\u00a0\u00a0\u00a0 <a href=\"https:\/\/af.ca\/ottawa\/wp-content\/uploads\/2023\/05\/2021_KSM-LIVE_\u00a9-Dorian-Narayana.jpg\"><img loading=\"lazy\" decoding=\"async\" class=\" wp-image-20575 alignnone\" src=\"https:\/\/af.ca\/ottawa\/wp-content\/uploads\/2023\/05\/2021_KSM-LIVE_\u00a9-Dorian-Narayana-300x200.jpg\" alt=\"\" width=\"351\" height=\"234\" srcset=\"https:\/\/af.ca\/ottawa\/wp-content\/uploads\/2023\/05\/2021_KSM-LIVE_\u00a9-Dorian-Narayana-300x200.jpg 300w, https:\/\/af.ca\/ottawa\/wp-content\/uploads\/2023\/05\/2021_KSM-LIVE_\u00a9-Dorian-Narayana-1024x682.jpg 1024w, https:\/\/af.ca\/ottawa\/wp-content\/uploads\/2023\/05\/2021_KSM-LIVE_\u00a9-Dorian-Narayana-768x512.jpg 768w, https:\/\/af.ca\/ottawa\/wp-content\/uploads\/2023\/05\/2021_KSM-LIVE_\u00a9-Dorian-Narayana-1536x1024.jpg 1536w, https:\/\/af.ca\/ottawa\/wp-content\/uploads\/2023\/05\/2021_KSM-LIVE_\u00a9-Dorian-Narayana.jpg 2000w\" sizes=\"auto, (max-width: 351px) 100vw, 351px\" \/><\/a><\/p>\n<p>&nbsp;<\/p>\n<p><a href=\"https:\/\/afottawa.extranet-aec.com\/events\/detail\/725#\/\"><img loading=\"lazy\" decoding=\"async\" class=\"alignnone size-medium wp-image-18677\" src=\"https:\/\/af.ca\/ottawa\/wp-content\/uploads\/2022\/08\/Bouton-site-internet-300x56.png\" alt=\"\" width=\"300\" height=\"56\" srcset=\"https:\/\/af.ca\/ottawa\/wp-content\/uploads\/2022\/08\/Bouton-site-internet-300x56.png 300w, https:\/\/af.ca\/ottawa\/wp-content\/uploads\/2022\/08\/Bouton-site-internet.png 762w\" sizes=\"auto, (max-width: 300px) 100vw, 300px\" \/><\/a><\/p>\n<p>&nbsp;<\/p>\n<blockquote><p>&#8220;Ko Shin Moon is the new Parisian band to follow closely&#8221; <strong>LE NOUVEL OBS<\/strong><\/p>\n<p>\u201cKhruangbin fans will be delighted. A total mind trip !\u201d <strong>ROLLING STONE<\/strong><\/p>\n<p>\u201cThe ability to take a single track throughout so many different energies and sounds is what<br \/>\nmakes Ko Shin Moon such an intriguing act (&#8230;) Prepare for more whimsical and curious journeys<br \/>\nthrough cultures and generations\u201d <strong>EARMILK<\/strong><\/p>\n<p>&#8220;Giorgio Moroder jamming on a Moog Modular synth with Thylacine and Acid Arab on a music<br \/>\npattern from Ravi Shankar : (&#8230;) this is the summary of the start of Ko Shin Moon\u2019s career&#8221;<br \/>\n<strong>GONZ<\/strong><\/p><\/blockquote>\n<p><a href=\"https:\/\/www.youtube.com\/watch?v=8j6sTrYrREk\"><img loading=\"lazy\" decoding=\"async\" class=\"alignnone wp-image-20577\" src=\"https:\/\/af.ca\/ottawa\/wp-content\/uploads\/2023\/05\/Ko-Shin-Moon-youtube-screen-300x150.png\" alt=\"\" width=\"578\" height=\"289\" srcset=\"https:\/\/af.ca\/ottawa\/wp-content\/uploads\/2023\/05\/Ko-Shin-Moon-youtube-screen-300x150.png 300w, https:\/\/af.ca\/ottawa\/wp-content\/uploads\/2023\/05\/Ko-Shin-Moon-youtube-screen-1024x512.png 1024w, https:\/\/af.ca\/ottawa\/wp-content\/uploads\/2023\/05\/Ko-Shin-Moon-youtube-screen-768x384.png 768w, https:\/\/af.ca\/ottawa\/wp-content\/uploads\/2023\/05\/Ko-Shin-Moon-youtube-screen-1536x768.png 1536w, https:\/\/af.ca\/ottawa\/wp-content\/uploads\/2023\/05\/Ko-Shin-Moon-youtube-screen-2048x1024.png 2048w\" sizes=\"auto, (max-width: 578px) 100vw, 578px\" \/><\/a><\/p>\n","protected":false},"excerpt":{"rendered":"<p>&nbsp; Immerse yourself in the psychedelic world of Ko Shin Moon to celebrate the F\u00eate de la musique and the beginning of summer! During an unforgettable one-hour concert, dance to the rhythm of the otherworldly hybrid melodies of the band born in 2017. At the crossroads between SynthFolk and space disco, come one and all&#8230;<\/p>\n<p><a class=\"button invert-primary\" href=\"https:\/\/af.ca\/ottawa\/en\/fete-de-la-musique-ko-shin-moons-concert\/\">Learn more<\/a><\/p>\n","protected":false},"author":3,"featured_media":0,"parent":0,"menu_order":78,"comment_status":"closed","ping_status":"closed","template":"","meta":{"_acf_changed":false,"om_disable_all_campaigns":false,"_monsterinsights_skip_tracking":false,"_monsterinsights_sitenote_active":false,"_monsterinsights_sitenote_note":"","_monsterinsights_sitenote_category":0,"footnotes":""},"class_list":["post-20595","page","type-page","status-publish","hentry"],"acf":[],"yoast_head":"<!-- This site is optimized with the Yoast SEO plugin v27.4 - https:\/\/yoast.com\/product\/yoast-seo-wordpress\/ -->\n<title>F\u00eate de la musique : Ko Shin Moon&#039;s concert - Alliance Fran\u00e7aise Ottawa<\/title>\n<meta name=\"description\" content=\"Immerse yourself in the psychedelic world of Ko Shin Moon to celebrate the F\u00eate de la musique and the beginning of summer!\" \/>\n<meta name=\"robots\" content=\"index, follow, max-snippet:-1, max-image-preview:large, max-video-preview:-1\" \/>\n<link rel=\"canonical\" href=\"https:\/\/af.ca\/ottawa\/en\/fete-de-la-musique-ko-shin-moons-concert\/\" \/>\n<meta property=\"og:locale\" content=\"en_US\" \/>\n<meta property=\"og:type\" content=\"article\" \/>\n<meta property=\"og:title\" content=\"F\u00eate de la musique : Ko Shin Moon&#039;s concert\" \/>\n<meta property=\"og:description\" content=\"During an unforgettable one-hour concert, dance to the rhythm of the otherworldly hybrid melodies of the band born in 2017. At the crossroads between SynthFolk and space disco, come one and all to celebrate music in an electric atmosphere.\u00a0\" \/>\n<meta property=\"og:url\" content=\"https:\/\/af.ca\/ottawa\/en\/fete-de-la-musique-ko-shin-moons-concert\/\" \/>\n<meta property=\"og:site_name\" content=\"Alliance Fran\u00e7aise Ottawa\" \/>\n<meta property=\"article:modified_time\" content=\"2023-06-14T14:27:55+00:00\" \/>\n<meta property=\"og:image\" content=\"https:\/\/af.ca\/ottawa\/wp-content\/uploads\/2023\/05\/Ko-Shin-Moon-visuel-insta.png\" \/>\n\t<meta property=\"og:image:width\" content=\"1080\" \/>\n\t<meta property=\"og:image:height\" content=\"1080\" \/>\n\t<meta property=\"og:image:type\" content=\"image\/png\" \/>\n<meta name=\"twitter:card\" content=\"summary_large_image\" \/>\n<meta name=\"twitter:title\" content=\"F\u00eate de la musique : Ko Shin Moon&#039;s concert\" \/>\n<meta name=\"twitter:description\" content=\"During an unforgettable one-hour concert, dance to the rhythm of the otherworldly hybrid melodies of the band born in 2017. At the crossroads between SynthFolk and space disco, come one and all to celebrate music in an electric atmosphere.\u00a0\" \/>\n<meta name=\"twitter:image\" content=\"https:\/\/af.ca\/ottawa\/wp-content\/uploads\/2023\/05\/Ko-Shin-Moon-visuel-insta.png\" \/>\n<meta name=\"twitter:label1\" content=\"Est. reading time\" \/>\n\t<meta name=\"twitter:data1\" content=\"3 minutes\" \/>\n<script type=\"application\/ld+json\" class=\"yoast-schema-graph\">{\"@context\":\"https:\\\/\\\/schema.org\",\"@graph\":[{\"@type\":\"WebPage\",\"@id\":\"https:\\\/\\\/af.ca\\\/ottawa\\\/en\\\/fete-de-la-musique-ko-shin-moons-concert\\\/\",\"url\":\"https:\\\/\\\/af.ca\\\/ottawa\\\/en\\\/fete-de-la-musique-ko-shin-moons-concert\\\/\",\"name\":\"F\u00eate de la musique : Ko Shin Moon's concert - Alliance Fran\u00e7aise Ottawa\",\"isPartOf\":{\"@id\":\"https:\\\/\\\/af.ca\\\/ottawa\\\/#website\"},\"primaryImageOfPage\":{\"@id\":\"https:\\\/\\\/af.ca\\\/ottawa\\\/en\\\/fete-de-la-musique-ko-shin-moons-concert\\\/#primaryimage\"},\"image\":{\"@id\":\"https:\\\/\\\/af.ca\\\/ottawa\\\/en\\\/fete-de-la-musique-ko-shin-moons-concert\\\/#primaryimage\"},\"thumbnailUrl\":\"https:\\\/\\\/af.ca\\\/ottawa\\\/wp-content\\\/uploads\\\/2023\\\/05\\\/Ko-Shin-Moon-visuel-Format-banniere-300x157.png\",\"datePublished\":\"2023-06-14T14:27:49+00:00\",\"dateModified\":\"2023-06-14T14:27:55+00:00\",\"description\":\"Immerse yourself in the psychedelic world of Ko Shin Moon to celebrate the F\u00eate de la musique and the beginning of summer!\",\"breadcrumb\":{\"@id\":\"https:\\\/\\\/af.ca\\\/ottawa\\\/en\\\/fete-de-la-musique-ko-shin-moons-concert\\\/#breadcrumb\"},\"inLanguage\":\"en-US\",\"potentialAction\":[{\"@type\":\"ReadAction\",\"target\":[\"https:\\\/\\\/af.ca\\\/ottawa\\\/en\\\/fete-de-la-musique-ko-shin-moons-concert\\\/\"]}]},{\"@type\":\"ImageObject\",\"inLanguage\":\"en-US\",\"@id\":\"https:\\\/\\\/af.ca\\\/ottawa\\\/en\\\/fete-de-la-musique-ko-shin-moons-concert\\\/#primaryimage\",\"url\":\"https:\\\/\\\/af.ca\\\/ottawa\\\/wp-content\\\/uploads\\\/2023\\\/05\\\/Ko-Shin-Moon-visuel-Format-banniere-300x157.png\",\"contentUrl\":\"https:\\\/\\\/af.ca\\\/ottawa\\\/wp-content\\\/uploads\\\/2023\\\/05\\\/Ko-Shin-Moon-visuel-Format-banniere-300x157.png\"},{\"@type\":\"BreadcrumbList\",\"@id\":\"https:\\\/\\\/af.ca\\\/ottawa\\\/en\\\/fete-de-la-musique-ko-shin-moons-concert\\\/#breadcrumb\",\"itemListElement\":[{\"@type\":\"ListItem\",\"position\":1,\"name\":\"Home\",\"item\":\"https:\\\/\\\/af.ca\\\/ottawa\\\/en\\\/\"},{\"@type\":\"ListItem\",\"position\":2,\"name\":\"F\u00eate de la musique : Ko Shin Moon&#8217;s concert\"}]},{\"@type\":\"WebSite\",\"@id\":\"https:\\\/\\\/af.ca\\\/ottawa\\\/#website\",\"url\":\"https:\\\/\\\/af.ca\\\/ottawa\\\/\",\"name\":\"Alliance Fran\u00e7aise Ottawa\",\"description\":\"French language school and cultural center\",\"potentialAction\":[{\"@type\":\"SearchAction\",\"target\":{\"@type\":\"EntryPoint\",\"urlTemplate\":\"https:\\\/\\\/af.ca\\\/ottawa\\\/?s={search_term_string}\"},\"query-input\":{\"@type\":\"PropertyValueSpecification\",\"valueRequired\":true,\"valueName\":\"search_term_string\"}}],\"inLanguage\":\"en-US\"}]}<\/script>\n<!-- \/ Yoast SEO plugin. -->","yoast_head_json":{"title":"F\u00eate de la musique : Ko Shin Moon's concert - Alliance Fran\u00e7aise Ottawa","description":"Immerse yourself in the psychedelic world of Ko Shin Moon to celebrate the F\u00eate de la musique and the beginning of summer!","robots":{"index":"index","follow":"follow","max-snippet":"max-snippet:-1","max-image-preview":"max-image-preview:large","max-video-preview":"max-video-preview:-1"},"canonical":"https:\/\/af.ca\/ottawa\/en\/fete-de-la-musique-ko-shin-moons-concert\/","og_locale":"en_US","og_type":"article","og_title":"F\u00eate de la musique : Ko Shin Moon's concert","og_description":"During an unforgettable one-hour concert, dance to the rhythm of the otherworldly hybrid melodies of the band born in 2017. At the crossroads between SynthFolk and space disco, come one and all to celebrate music in an electric atmosphere.\u00a0","og_url":"https:\/\/af.ca\/ottawa\/en\/fete-de-la-musique-ko-shin-moons-concert\/","og_site_name":"Alliance Fran\u00e7aise Ottawa","article_modified_time":"2023-06-14T14:27:55+00:00","og_image":[{"width":1080,"height":1080,"url":"https:\/\/af.ca\/ottawa\/wp-content\/uploads\/2023\/05\/Ko-Shin-Moon-visuel-insta.png","type":"image\/png"}],"twitter_card":"summary_large_image","twitter_title":"F\u00eate de la musique : Ko Shin Moon's concert","twitter_description":"During an unforgettable one-hour concert, dance to the rhythm of the otherworldly hybrid melodies of the band born in 2017. At the crossroads between SynthFolk and space disco, come one and all to celebrate music in an electric atmosphere.\u00a0","twitter_image":"https:\/\/af.ca\/ottawa\/wp-content\/uploads\/2023\/05\/Ko-Shin-Moon-visuel-insta.png","twitter_misc":{"Est. reading time":"3 minutes"},"schema":{"@context":"https:\/\/schema.org","@graph":[{"@type":"WebPage","@id":"https:\/\/af.ca\/ottawa\/en\/fete-de-la-musique-ko-shin-moons-concert\/","url":"https:\/\/af.ca\/ottawa\/en\/fete-de-la-musique-ko-shin-moons-concert\/","name":"F\u00eate de la musique : Ko Shin Moon's concert - Alliance Fran\u00e7aise Ottawa","isPartOf":{"@id":"https:\/\/af.ca\/ottawa\/#website"},"primaryImageOfPage":{"@id":"https:\/\/af.ca\/ottawa\/en\/fete-de-la-musique-ko-shin-moons-concert\/#primaryimage"},"image":{"@id":"https:\/\/af.ca\/ottawa\/en\/fete-de-la-musique-ko-shin-moons-concert\/#primaryimage"},"thumbnailUrl":"https:\/\/af.ca\/ottawa\/wp-content\/uploads\/2023\/05\/Ko-Shin-Moon-visuel-Format-banniere-300x157.png","datePublished":"2023-06-14T14:27:49+00:00","dateModified":"2023-06-14T14:27:55+00:00","description":"Immerse yourself in the psychedelic world of Ko Shin Moon to celebrate the F\u00eate de la musique and the beginning of summer!","breadcrumb":{"@id":"https:\/\/af.ca\/ottawa\/en\/fete-de-la-musique-ko-shin-moons-concert\/#breadcrumb"},"inLanguage":"en-US","potentialAction":[{"@type":"ReadAction","target":["https:\/\/af.ca\/ottawa\/en\/fete-de-la-musique-ko-shin-moons-concert\/"]}]},{"@type":"ImageObject","inLanguage":"en-US","@id":"https:\/\/af.ca\/ottawa\/en\/fete-de-la-musique-ko-shin-moons-concert\/#primaryimage","url":"https:\/\/af.ca\/ottawa\/wp-content\/uploads\/2023\/05\/Ko-Shin-Moon-visuel-Format-banniere-300x157.png","contentUrl":"https:\/\/af.ca\/ottawa\/wp-content\/uploads\/2023\/05\/Ko-Shin-Moon-visuel-Format-banniere-300x157.png"},{"@type":"BreadcrumbList","@id":"https:\/\/af.ca\/ottawa\/en\/fete-de-la-musique-ko-shin-moons-concert\/#breadcrumb","itemListElement":[{"@type":"ListItem","position":1,"name":"Home","item":"https:\/\/af.ca\/ottawa\/en\/"},{"@type":"ListItem","position":2,"name":"F\u00eate de la musique : Ko Shin Moon&#8217;s concert"}]},{"@type":"WebSite","@id":"https:\/\/af.ca\/ottawa\/#website","url":"https:\/\/af.ca\/ottawa\/","name":"Alliance Fran\u00e7aise Ottawa","description":"French language school and cultural center","potentialAction":[{"@type":"SearchAction","target":{"@type":"EntryPoint","urlTemplate":"https:\/\/af.ca\/ottawa\/?s={search_term_string}"},"query-input":{"@type":"PropertyValueSpecification","valueRequired":true,"valueName":"search_term_string"}}],"inLanguage":"en-US"}]}},"blog_post_layout_featured_media_urls":{"thumbnail":"","full":""},"categories_names":null,"comments_number":"0","_links":{"self":[{"href":"https:\/\/af.ca\/ottawa\/en\/wp-json\/wp\/v2\/pages\/20595","targetHints":{"allow":["GET"]}}],"collection":[{"href":"https:\/\/af.ca\/ottawa\/en\/wp-json\/wp\/v2\/pages"}],"about":[{"href":"https:\/\/af.ca\/ottawa\/en\/wp-json\/wp\/v2\/types\/page"}],"author":[{"embeddable":true,"href":"https:\/\/af.ca\/ottawa\/en\/wp-json\/wp\/v2\/users\/3"}],"replies":[{"embeddable":true,"href":"https:\/\/af.ca\/ottawa\/en\/wp-json\/wp\/v2\/comments?post=20595"}],"version-history":[{"count":0,"href":"https:\/\/af.ca\/ottawa\/en\/wp-json\/wp\/v2\/pages\/20595\/revisions"}],"wp:attachment":[{"href":"https:\/\/af.ca\/ottawa\/en\/wp-json\/wp\/v2\/media?parent=20595"}],"curies":[{"name":"wp","href":"https:\/\/api.w.org\/{rel}","templated":true}]}}