{"id":21980,"date":"2024-05-22T12:53:54","date_gmt":"2024-05-22T16:53:54","guid":{"rendered":"https:\/\/af.ca\/ottawa\/?page_id=21980"},"modified":"2024-05-22T13:00:01","modified_gmt":"2024-05-22T17:00:01","slug":"fete-de-la-musique-2024","status":"publish","type":"page","link":"https:\/\/af.ca\/ottawa\/en\/fete-de-la-musique-2024\/","title":{"rendered":"F\u00eate de la musique 2024"},"content":{"rendered":"<p>&nbsp;<\/p>\n<p><a href=\"https:\/\/af.ca\/ottawa\/wp-content\/uploads\/2024\/05\/Banniere-Fete-de-la-musique-2024-1.png\"><img loading=\"lazy\" decoding=\"async\" class=\"alignnone wp-image-21976\" src=\"https:\/\/af.ca\/ottawa\/wp-content\/uploads\/2024\/05\/Banniere-Fete-de-la-musique-2024-1-300x157.png\" alt=\"\" width=\"845\" height=\"442\" srcset=\"https:\/\/af.ca\/ottawa\/wp-content\/uploads\/2024\/05\/Banniere-Fete-de-la-musique-2024-1-300x157.png 300w, https:\/\/af.ca\/ottawa\/wp-content\/uploads\/2024\/05\/Banniere-Fete-de-la-musique-2024-1-1024x536.png 1024w, https:\/\/af.ca\/ottawa\/wp-content\/uploads\/2024\/05\/Banniere-Fete-de-la-musique-2024-1-768x402.png 768w, https:\/\/af.ca\/ottawa\/wp-content\/uploads\/2024\/05\/Banniere-Fete-de-la-musique-2024-1.png 1200w\" sizes=\"auto, (max-width: 845px) 100vw, 845px\" \/><\/a><\/p>\n<p>&nbsp;<\/p>\n<p>For the F\u00eate de la musique 2024 join us at the legendary bar Le Minotaure for an unforgettable concert by Walter Astral and Michelle &amp; Les Gar\u00e7ons. Dive into a psychedelic, atypical and explosive pop universe to celebrate music and the start of summer!<\/p>\n<p>&nbsp;<\/p>\n<p>\ud83d\udccdLe Minotaure &#8211; 3 Kent st, Gatineau, QC, Canada<br \/>\n\ud83d\uddd3 Saturday, June 22, 2024<br \/>\n\ud83d\udd57 Doors opening 7pm \/ Concert starts 8pm-8:30pm<br \/>\n\ud83d\udcb223,08$<\/p>\n<p><a href=\"https:\/\/lepointdevente.com\/billets\/mti240516001\/?ref=https%3A%2F%2Fl.facebook.com%2F\"><img loading=\"lazy\" decoding=\"async\" class=\"alignnone wp-image-18677\" src=\"https:\/\/af.ca\/ottawa\/wp-content\/uploads\/2022\/08\/Bouton-site-internet-300x56.png\" alt=\"\" width=\"386\" height=\"72\" srcset=\"https:\/\/af.ca\/ottawa\/wp-content\/uploads\/2022\/08\/Bouton-site-internet-300x56.png 300w, https:\/\/af.ca\/ottawa\/wp-content\/uploads\/2022\/08\/Bouton-site-internet.png 762w\" sizes=\"auto, (max-width: 386px) 100vw, 386px\" \/><\/a><\/p>\n<p>&nbsp;<\/p>\n<h3><strong>WALTER ASTRAL<\/strong><\/h3>\n<p><a href=\"https:\/\/af.ca\/ottawa\/wp-content\/uploads\/2024\/05\/000054420002_HD_credit_Diane_Sagnier-scaled.jpg\"><img loading=\"lazy\" decoding=\"async\" class=\"alignnone wp-image-21963\" src=\"https:\/\/af.ca\/ottawa\/wp-content\/uploads\/2024\/05\/000054420002_HD_credit_Diane_Sagnier-300x199.jpg\" alt=\"\" width=\"573\" height=\"380\" srcset=\"https:\/\/af.ca\/ottawa\/wp-content\/uploads\/2024\/05\/000054420002_HD_credit_Diane_Sagnier-300x199.jpg 300w, https:\/\/af.ca\/ottawa\/wp-content\/uploads\/2024\/05\/000054420002_HD_credit_Diane_Sagnier-1024x679.jpg 1024w, https:\/\/af.ca\/ottawa\/wp-content\/uploads\/2024\/05\/000054420002_HD_credit_Diane_Sagnier-768x509.jpg 768w, https:\/\/af.ca\/ottawa\/wp-content\/uploads\/2024\/05\/000054420002_HD_credit_Diane_Sagnier-1536x1019.jpg 1536w, https:\/\/af.ca\/ottawa\/wp-content\/uploads\/2024\/05\/000054420002_HD_credit_Diane_Sagnier-2048x1358.jpg 2048w\" sizes=\"auto, (max-width: 573px) 100vw, 573px\" \/><\/a><\/p>\n<p>Walter Astral is the duo formed by Tristan Thomas, also known as Zaspero and captain of Ovhal 44, and Tino Gelli, singer of Polycool. Their two seemingly distant musical worlds share a worship of the dreamlike and the absurd, and harmonize in their mystical trances.<\/p>\n<p>Walter Astral&#8217;s music combines psychedelic pop with techno, acid and house. Tristan&#8217;s drum machines and acid bass blend with the retro sound of Tino&#8217;s guitar and a banjo so old it produces quarter tones like a saz.<br \/>\nTheir hybrid musical style finds its influences in King gizzard and the lizard wizard, Flavien Berger, Altin gun and Mehmet Aslan.<\/p>\n<p>They produced and mixed their first EP in the old house of a hermit near Sancerre in the Berry region, by the fireside. Each song embodies one of the four natural elements and presents the human being in relation to the natural world around him.<\/p>\n<p>&nbsp;<\/p>\n<blockquote><p>&#8220;From the very first listening to Le Feu, their new single signed under the name Walter Astral, you&#8217;ll understand that psychedelic pop and techno can, in some cases, go very well together.&#8221; <strong>Les Inrockuptibles<\/strong><\/p>\n<p>&#8220;C\u00f4t\u00e9 Club, the meeting place for the whole French scene and more, welcomes The P\u00e9n\u00e9lopes &amp; Nathalie Baye for their album &#8220;Life is Long&#8221; and Walter Astral for his Ep between psychedelic pop and techno. Welcome to the Club!&#8221; <strong>France Inter<\/strong><\/p>\n<p>&#8220;Mirage&#8221; takes us to the desert, a good excuse for the two musicians to talk about hallucinations against a backdrop of charming melodies that are not far from bewitching.&#8221; <strong>Radio Nova<\/strong><\/p><\/blockquote>\n<p>&nbsp;<\/p>\n<p><a href=\"https:\/\/www.youtube.com\/watch?v=wGqAjtZ2MtU\"><img loading=\"lazy\" decoding=\"async\" class=\"alignnone wp-image-21965\" src=\"https:\/\/af.ca\/ottawa\/wp-content\/uploads\/2024\/05\/Walter-astral-youtube-screenshot-300x167.png\" alt=\"\" width=\"773\" height=\"430\" srcset=\"https:\/\/af.ca\/ottawa\/wp-content\/uploads\/2024\/05\/Walter-astral-youtube-screenshot-300x167.png 300w, https:\/\/af.ca\/ottawa\/wp-content\/uploads\/2024\/05\/Walter-astral-youtube-screenshot-768x427.png 768w, https:\/\/af.ca\/ottawa\/wp-content\/uploads\/2024\/05\/Walter-astral-youtube-screenshot.png 810w\" sizes=\"auto, (max-width: 773px) 100vw, 773px\" \/><\/a><\/p>\n<p>&nbsp;<\/p>\n<h3><strong>MICHELLE &amp; LES GAR\u00c7ONS<\/strong><\/h3>\n<p>Weird, did you say weird?<\/p>\n<p>In the manor of Michelle &amp; Les Gar\u00e7ons, there&#8217;s a pop of many colors: the warmth of deep pinks, the melancholy of tepid blues. We dance to the lights of the &#8217;80s, the shadows of feelings flirting with sensation-hungry bodies and glittery faces.<\/p>\n<p>After a whirlwind entry onto the French scene, with their first single &#8220;Bizarre&#8221; in autumn 2022, the band went on to play a string of hot concerts and write the first pages of their adventure (France 3, Radio France, MaMA, Bars en Trans&#8230;), including their first EP unveiled on April 28, 2023.<\/p>\n<p>A title worthy of the name was needed to announce a new single after a year of national touring: it&#8217;s with &#8220;Revoir Le Monde&#8221;, an intense alliance of incisive rock and 80&#8217;s keyboards, that the trio brilliantly renews their promises in March 2024.<\/p>\n<p>&nbsp;<\/p>\n<blockquote><p>&#8220;Adorned with rivers of eternal diamonds, Michelle &amp; Les Gar\u00e7ons screams the urgency to live brightly and, because nothing is too good to celebrate life, sprinkles it with more glitter. If you think it&#8217;s weird, try it and see!&#8221; <strong>RadioFrance<\/strong><\/p>\n<p>&#8220;Please don&#8217;t see any connection to the famous French sitcom of the 1990s. Michelle &amp; Les Gar\u00e7ons have everything it takes to embody the future of French pop, with a world that never ceases to bewitch.&#8221; <strong>Les Oreilles Curieuses<\/strong><\/p>\n<p>&#8220;The trio&#8217;s pop is utterly original, drawing us in and sometimes reminding us of Rita Mitsouko in voice and energy.&#8221; <strong>Maze<\/strong><\/p>\n<p>&nbsp;<\/p><\/blockquote>\n<p><a href=\"https:\/\/www.youtube.com\/watch?v=4S8vVR0cPJQ\"><img loading=\"lazy\" decoding=\"async\" class=\"alignnone wp-image-21973\" src=\"https:\/\/af.ca\/ottawa\/wp-content\/uploads\/2024\/05\/youtube-screenshot-michelle-les-garcons-300x167.png\" alt=\"\" width=\"784\" height=\"436\" srcset=\"https:\/\/af.ca\/ottawa\/wp-content\/uploads\/2024\/05\/youtube-screenshot-michelle-les-garcons-300x167.png 300w, https:\/\/af.ca\/ottawa\/wp-content\/uploads\/2024\/05\/youtube-screenshot-michelle-les-garcons-768x427.png 768w, https:\/\/af.ca\/ottawa\/wp-content\/uploads\/2024\/05\/youtube-screenshot-michelle-les-garcons.png 810w\" sizes=\"auto, (max-width: 784px) 100vw, 784px\" \/><\/a><\/p>\n","protected":false},"excerpt":{"rendered":"<p>&nbsp; &nbsp; For the F\u00eate de la musique 2024 join us at the legendary bar Le Minotaure for an unforgettable concert by Walter Astral and Michelle &amp; Les Gar\u00e7ons. Dive into a psychedelic, atypical and explosive pop universe to celebrate music and the start of summer! &nbsp; \ud83d\udccdLe Minotaure &#8211; 3 Kent st, Gatineau, QC,&#8230;<\/p>\n<p><a class=\"button invert-primary\" href=\"https:\/\/af.ca\/ottawa\/en\/fete-de-la-musique-2024\/\">Learn more<\/a><\/p>\n","protected":false},"author":3,"featured_media":0,"parent":0,"menu_order":37,"comment_status":"closed","ping_status":"closed","template":"","meta":{"_acf_changed":false,"om_disable_all_campaigns":false,"_monsterinsights_skip_tracking":false,"_monsterinsights_sitenote_active":false,"_monsterinsights_sitenote_note":"","_monsterinsights_sitenote_category":0,"footnotes":""},"class_list":["post-21980","page","type-page","status-publish","hentry"],"acf":[],"yoast_head":"<!-- This site is optimized with the Yoast SEO plugin v27.3 - https:\/\/yoast.com\/product\/yoast-seo-wordpress\/ -->\n<title>F\u00eate de la musique 2024 - Alliance Fran\u00e7aise Ottawa<\/title>\n<meta name=\"description\" content=\"For the F\u00eate de la musique 2024 join us at the legendary bar Le Minotaure for an unforgettable concert by Walter Astral and Michelle &amp; Les Gar\u00e7ons.\" \/>\n<meta name=\"robots\" content=\"index, follow, max-snippet:-1, max-image-preview:large, max-video-preview:-1\" \/>\n<link rel=\"canonical\" href=\"https:\/\/af.ca\/ottawa\/en\/fete-de-la-musique-2024\/\" \/>\n<meta property=\"og:locale\" content=\"en_US\" \/>\n<meta property=\"og:type\" content=\"article\" \/>\n<meta property=\"og:title\" content=\"F\u00eate de la musique 2024\" \/>\n<meta property=\"og:description\" content=\"For the F\u00eate de la musique 2024 join us at the legendary bar Le Minotaure for an unforgettable concert by Walter Astral and Michelle &amp; Les Gar\u00e7ons.\" \/>\n<meta property=\"og:url\" content=\"https:\/\/af.ca\/ottawa\/en\/fete-de-la-musique-2024\/\" \/>\n<meta property=\"og:site_name\" content=\"Alliance Fran\u00e7aise Ottawa\" \/>\n<meta property=\"article:modified_time\" content=\"2024-05-22T17:00:01+00:00\" \/>\n<meta property=\"og:image\" content=\"https:\/\/af.ca\/ottawa\/wp-content\/uploads\/2024\/05\/Fete-de-la-musique-2024-visuel-768x768.png\" \/>\n\t<meta property=\"og:image:width\" content=\"768\" \/>\n\t<meta property=\"og:image:height\" content=\"768\" \/>\n\t<meta property=\"og:image:type\" content=\"image\/png\" \/>\n<meta name=\"twitter:card\" content=\"summary_large_image\" \/>\n<meta name=\"twitter:label1\" content=\"Est. reading time\" \/>\n\t<meta name=\"twitter:data1\" content=\"3 minutes\" \/>\n<script type=\"application\/ld+json\" class=\"yoast-schema-graph\">{\"@context\":\"https:\\\/\\\/schema.org\",\"@graph\":[{\"@type\":\"WebPage\",\"@id\":\"https:\\\/\\\/af.ca\\\/ottawa\\\/en\\\/fete-de-la-musique-2024\\\/\",\"url\":\"https:\\\/\\\/af.ca\\\/ottawa\\\/en\\\/fete-de-la-musique-2024\\\/\",\"name\":\"F\u00eate de la musique 2024 - Alliance Fran\u00e7aise Ottawa\",\"isPartOf\":{\"@id\":\"https:\\\/\\\/af.ca\\\/ottawa\\\/#website\"},\"primaryImageOfPage\":{\"@id\":\"https:\\\/\\\/af.ca\\\/ottawa\\\/en\\\/fete-de-la-musique-2024\\\/#primaryimage\"},\"image\":{\"@id\":\"https:\\\/\\\/af.ca\\\/ottawa\\\/en\\\/fete-de-la-musique-2024\\\/#primaryimage\"},\"thumbnailUrl\":\"https:\\\/\\\/af.ca\\\/ottawa\\\/wp-content\\\/uploads\\\/2024\\\/05\\\/Banniere-Fete-de-la-musique-2024-1-300x157.png\",\"datePublished\":\"2024-05-22T16:53:54+00:00\",\"dateModified\":\"2024-05-22T17:00:01+00:00\",\"description\":\"For the F\u00eate de la musique 2024 join us at the legendary bar Le Minotaure for an unforgettable concert by Walter Astral and Michelle & Les Gar\u00e7ons.\",\"breadcrumb\":{\"@id\":\"https:\\\/\\\/af.ca\\\/ottawa\\\/en\\\/fete-de-la-musique-2024\\\/#breadcrumb\"},\"inLanguage\":\"en-US\",\"potentialAction\":[{\"@type\":\"ReadAction\",\"target\":[\"https:\\\/\\\/af.ca\\\/ottawa\\\/en\\\/fete-de-la-musique-2024\\\/\"]}]},{\"@type\":\"ImageObject\",\"inLanguage\":\"en-US\",\"@id\":\"https:\\\/\\\/af.ca\\\/ottawa\\\/en\\\/fete-de-la-musique-2024\\\/#primaryimage\",\"url\":\"https:\\\/\\\/af.ca\\\/ottawa\\\/wp-content\\\/uploads\\\/2024\\\/05\\\/Banniere-Fete-de-la-musique-2024-1-300x157.png\",\"contentUrl\":\"https:\\\/\\\/af.ca\\\/ottawa\\\/wp-content\\\/uploads\\\/2024\\\/05\\\/Banniere-Fete-de-la-musique-2024-1-300x157.png\"},{\"@type\":\"BreadcrumbList\",\"@id\":\"https:\\\/\\\/af.ca\\\/ottawa\\\/en\\\/fete-de-la-musique-2024\\\/#breadcrumb\",\"itemListElement\":[{\"@type\":\"ListItem\",\"position\":1,\"name\":\"Home\",\"item\":\"https:\\\/\\\/af.ca\\\/ottawa\\\/en\\\/\"},{\"@type\":\"ListItem\",\"position\":2,\"name\":\"F\u00eate de la musique 2024\"}]},{\"@type\":\"WebSite\",\"@id\":\"https:\\\/\\\/af.ca\\\/ottawa\\\/#website\",\"url\":\"https:\\\/\\\/af.ca\\\/ottawa\\\/\",\"name\":\"Alliance Fran\u00e7aise Ottawa\",\"description\":\"French language school and cultural center\",\"potentialAction\":[{\"@type\":\"SearchAction\",\"target\":{\"@type\":\"EntryPoint\",\"urlTemplate\":\"https:\\\/\\\/af.ca\\\/ottawa\\\/?s={search_term_string}\"},\"query-input\":{\"@type\":\"PropertyValueSpecification\",\"valueRequired\":true,\"valueName\":\"search_term_string\"}}],\"inLanguage\":\"en-US\"}]}<\/script>\n<!-- \/ Yoast SEO plugin. -->","yoast_head_json":{"title":"F\u00eate de la musique 2024 - Alliance Fran\u00e7aise Ottawa","description":"For the F\u00eate de la musique 2024 join us at the legendary bar Le Minotaure for an unforgettable concert by Walter Astral and Michelle & Les Gar\u00e7ons.","robots":{"index":"index","follow":"follow","max-snippet":"max-snippet:-1","max-image-preview":"max-image-preview:large","max-video-preview":"max-video-preview:-1"},"canonical":"https:\/\/af.ca\/ottawa\/en\/fete-de-la-musique-2024\/","og_locale":"en_US","og_type":"article","og_title":"F\u00eate de la musique 2024","og_description":"For the F\u00eate de la musique 2024 join us at the legendary bar Le Minotaure for an unforgettable concert by Walter Astral and Michelle & Les Gar\u00e7ons.","og_url":"https:\/\/af.ca\/ottawa\/en\/fete-de-la-musique-2024\/","og_site_name":"Alliance Fran\u00e7aise Ottawa","article_modified_time":"2024-05-22T17:00:01+00:00","og_image":[{"width":768,"height":768,"url":"https:\/\/af.ca\/ottawa\/wp-content\/uploads\/2024\/05\/Fete-de-la-musique-2024-visuel-768x768.png","type":"image\/png"}],"twitter_card":"summary_large_image","twitter_misc":{"Est. reading time":"3 minutes"},"schema":{"@context":"https:\/\/schema.org","@graph":[{"@type":"WebPage","@id":"https:\/\/af.ca\/ottawa\/en\/fete-de-la-musique-2024\/","url":"https:\/\/af.ca\/ottawa\/en\/fete-de-la-musique-2024\/","name":"F\u00eate de la musique 2024 - Alliance Fran\u00e7aise Ottawa","isPartOf":{"@id":"https:\/\/af.ca\/ottawa\/#website"},"primaryImageOfPage":{"@id":"https:\/\/af.ca\/ottawa\/en\/fete-de-la-musique-2024\/#primaryimage"},"image":{"@id":"https:\/\/af.ca\/ottawa\/en\/fete-de-la-musique-2024\/#primaryimage"},"thumbnailUrl":"https:\/\/af.ca\/ottawa\/wp-content\/uploads\/2024\/05\/Banniere-Fete-de-la-musique-2024-1-300x157.png","datePublished":"2024-05-22T16:53:54+00:00","dateModified":"2024-05-22T17:00:01+00:00","description":"For the F\u00eate de la musique 2024 join us at the legendary bar Le Minotaure for an unforgettable concert by Walter Astral and Michelle & Les Gar\u00e7ons.","breadcrumb":{"@id":"https:\/\/af.ca\/ottawa\/en\/fete-de-la-musique-2024\/#breadcrumb"},"inLanguage":"en-US","potentialAction":[{"@type":"ReadAction","target":["https:\/\/af.ca\/ottawa\/en\/fete-de-la-musique-2024\/"]}]},{"@type":"ImageObject","inLanguage":"en-US","@id":"https:\/\/af.ca\/ottawa\/en\/fete-de-la-musique-2024\/#primaryimage","url":"https:\/\/af.ca\/ottawa\/wp-content\/uploads\/2024\/05\/Banniere-Fete-de-la-musique-2024-1-300x157.png","contentUrl":"https:\/\/af.ca\/ottawa\/wp-content\/uploads\/2024\/05\/Banniere-Fete-de-la-musique-2024-1-300x157.png"},{"@type":"BreadcrumbList","@id":"https:\/\/af.ca\/ottawa\/en\/fete-de-la-musique-2024\/#breadcrumb","itemListElement":[{"@type":"ListItem","position":1,"name":"Home","item":"https:\/\/af.ca\/ottawa\/en\/"},{"@type":"ListItem","position":2,"name":"F\u00eate de la musique 2024"}]},{"@type":"WebSite","@id":"https:\/\/af.ca\/ottawa\/#website","url":"https:\/\/af.ca\/ottawa\/","name":"Alliance Fran\u00e7aise Ottawa","description":"French language school and cultural center","potentialAction":[{"@type":"SearchAction","target":{"@type":"EntryPoint","urlTemplate":"https:\/\/af.ca\/ottawa\/?s={search_term_string}"},"query-input":{"@type":"PropertyValueSpecification","valueRequired":true,"valueName":"search_term_string"}}],"inLanguage":"en-US"}]}},"blog_post_layout_featured_media_urls":{"thumbnail":"","full":""},"categories_names":null,"comments_number":"0","_links":{"self":[{"href":"https:\/\/af.ca\/ottawa\/en\/wp-json\/wp\/v2\/pages\/21980","targetHints":{"allow":["GET"]}}],"collection":[{"href":"https:\/\/af.ca\/ottawa\/en\/wp-json\/wp\/v2\/pages"}],"about":[{"href":"https:\/\/af.ca\/ottawa\/en\/wp-json\/wp\/v2\/types\/page"}],"author":[{"embeddable":true,"href":"https:\/\/af.ca\/ottawa\/en\/wp-json\/wp\/v2\/users\/3"}],"replies":[{"embeddable":true,"href":"https:\/\/af.ca\/ottawa\/en\/wp-json\/wp\/v2\/comments?post=21980"}],"version-history":[{"count":0,"href":"https:\/\/af.ca\/ottawa\/en\/wp-json\/wp\/v2\/pages\/21980\/revisions"}],"wp:attachment":[{"href":"https:\/\/af.ca\/ottawa\/en\/wp-json\/wp\/v2\/media?parent=21980"}],"curies":[{"name":"wp","href":"https:\/\/api.w.org\/{rel}","templated":true}]}}