{"id":23597,"date":"2025-04-24T16:15:48","date_gmt":"2025-04-24T20:15:48","guid":{"rendered":"https:\/\/af.ca\/ottawa\/?page_id=23597"},"modified":"2025-04-24T16:21:22","modified_gmt":"2025-04-24T20:21:22","slug":"quator-elysee","status":"publish","type":"page","link":"https:\/\/af.ca\/ottawa\/en\/quator-elysee\/","title":{"rendered":"Quator Elys\u00e9e"},"content":{"rendered":"<p><a href=\"https:\/\/af.ca\/ottawa\/wp-content\/uploads\/2025\/04\/Event-Invitation-Instagram-Post.png\"><img loading=\"lazy\" decoding=\"async\" class=\"alignnone size-medium wp-image-23598\" src=\"https:\/\/af.ca\/ottawa\/wp-content\/uploads\/2025\/04\/Event-Invitation-Instagram-Post-300x300.png\" alt=\"\" width=\"300\" height=\"300\" srcset=\"https:\/\/af.ca\/ottawa\/wp-content\/uploads\/2025\/04\/Event-Invitation-Instagram-Post-300x300.png 300w, https:\/\/af.ca\/ottawa\/wp-content\/uploads\/2025\/04\/Event-Invitation-Instagram-Post-1024x1024.png 1024w, https:\/\/af.ca\/ottawa\/wp-content\/uploads\/2025\/04\/Event-Invitation-Instagram-Post-150x150.png 150w, https:\/\/af.ca\/ottawa\/wp-content\/uploads\/2025\/04\/Event-Invitation-Instagram-Post-768x768.png 768w, https:\/\/af.ca\/ottawa\/wp-content\/uploads\/2025\/04\/Event-Invitation-Instagram-Post-125x125.png 125w, https:\/\/af.ca\/ottawa\/wp-content\/uploads\/2025\/04\/Event-Invitation-Instagram-Post.png 1080w\" sizes=\"auto, (max-width: 300px) 100vw, 300px\" \/><\/a><\/p>\n<p>Founded in 1995, Quatuor Elys\u00e9e is celebrating thirty years of musical excellence. Known for their powerful expressiveness and original approach, this renowned string quartet offers an exceptional program, blending classical masterpieces with contemporary discoveries.<\/p>\n<p>\ud83d\udccd Mackay United Church, Ottawa &#8211; Canada<br \/>\n\ud83d\uddd3 Friday, May 3, 2025<br \/>\n\ud83d\udd57 Doors open: 7:00 PM<br \/>\n\ud83d\udcb2 $22.50 &#8211; Member price: $15<\/p>\n<p>As part of this tour within the Alliance Fran\u00e7aise network in Canada, Quatuor Elys\u00e9e invites audiences to a captivating exploration of the string quartet repertoire. Their performance seamlessly combines the refinement of Maurice Ravel, the intensity of Boris Liatochinsky, and the depth of Rachel Laurin\u2019s Po\u00e8me pour Quatuor, inspired by Psalm 122.<\/p>\n<p>Program<br \/>\n\ud83c\udfbc Maurice Ravel &#8211; String Quartet<br \/>\n\ud83c\udfbc Boris Liatochinsky \u2013 String Quartet No. 4, Op. 43<br \/>\n\ud83c\udfbc Rachel Laurin &#8211; Po\u00e8me pour Quatuor \u00e0 Cordes, Op. 35<\/p>\n<p>Performing on prestigious international stages, Quatuor Elys\u00e9e is touring across Canada through the Alliance Fran\u00e7aise network, with concerts in Toronto, Halifax, Moncton, Montreal, Ottawa, Edmonton, Calgary, and Vancouver.<\/p>\n<p>This event is part of a tour organized by Alliance Fran\u00e7aise Toronto and is supported by the French Embassy in Canada and the Institut Fran\u00e7ais in Canada.<\/p>\n<p><a href=\"https:\/\/af.ca\/ottawa\/en\/event-details\/?eventId=1089#\/\"><img loading=\"lazy\" decoding=\"async\" class=\"alignnone wp-image-18677\" src=\"https:\/\/af.ca\/ottawa\/wp-content\/uploads\/2022\/08\/Bouton-site-internet-300x56.png\" sizes=\"auto, (max-width: 386px) 100vw, 386px\" srcset=\"https:\/\/af.ca\/ottawa\/wp-content\/uploads\/2022\/08\/Bouton-site-internet-300x56.png 300w, https:\/\/af.ca\/ottawa\/wp-content\/uploads\/2022\/08\/Bouton-site-internet.png 762w\" alt=\"\" width=\"386\" height=\"72\" \/><\/a><\/p>\n<p>&nbsp;<\/p>\n<p>&nbsp;<\/p>\n<p>&nbsp;<\/p>\n<p>&nbsp;<\/p>\n","protected":false},"excerpt":{"rendered":"<p>Founded in 1995, Quatuor Elys\u00e9e is celebrating thirty years of musical excellence. Known for their powerful expressiveness and original approach, this renowned string quartet offers an exceptional program, blending classical masterpieces with contemporary discoveries. \ud83d\udccd Mackay United Church, Ottawa &#8211; Canada \ud83d\uddd3 Friday, May 3, 2025 \ud83d\udd57 Doors open: 7:00 PM \ud83d\udcb2 $22.50 &#8211; Member&#8230;<\/p>\n<p><a class=\"button invert-primary\" href=\"https:\/\/af.ca\/ottawa\/en\/quator-elysee\/\">Learn more<\/a><\/p>\n","protected":false},"author":3,"featured_media":0,"parent":0,"menu_order":10,"comment_status":"closed","ping_status":"closed","template":"","meta":{"_acf_changed":false,"om_disable_all_campaigns":false,"_monsterinsights_skip_tracking":false,"_monsterinsights_sitenote_active":false,"_monsterinsights_sitenote_note":"","_monsterinsights_sitenote_category":0,"footnotes":""},"class_list":["post-23597","page","type-page","status-publish","hentry"],"acf":[],"yoast_head":"<!-- This site is optimized with the Yoast SEO plugin v27.4 - https:\/\/yoast.com\/product\/yoast-seo-wordpress\/ -->\n<title>Quator Elys\u00e9e - Alliance Fran\u00e7aise Ottawa<\/title>\n<meta name=\"robots\" content=\"index, follow, max-snippet:-1, max-image-preview:large, max-video-preview:-1\" \/>\n<link rel=\"canonical\" href=\"https:\/\/af.ca\/ottawa\/en\/quator-elysee\/\" \/>\n<meta property=\"og:locale\" content=\"en_US\" \/>\n<meta property=\"og:type\" content=\"article\" \/>\n<meta property=\"og:title\" content=\"Quator Elys\u00e9e - Alliance Fran\u00e7aise Ottawa\" \/>\n<meta property=\"og:description\" content=\"Founded in 1995, Quatuor Elys\u00e9e is celebrating thirty years of musical excellence. Known for their powerful expressiveness and original approach, this renowned string quartet offers an exceptional program, blending classical masterpieces with contemporary discoveries. \ud83d\udccd Mackay United Church, Ottawa &#8211; Canada \ud83d\uddd3 Friday, May 3, 2025 \ud83d\udd57 Doors open: 7:00 PM \ud83d\udcb2 $22.50 &#8211; Member...Learn more\" \/>\n<meta property=\"og:url\" content=\"https:\/\/af.ca\/ottawa\/en\/quator-elysee\/\" \/>\n<meta property=\"og:site_name\" content=\"Alliance Fran\u00e7aise Ottawa\" \/>\n<meta property=\"article:modified_time\" content=\"2025-04-24T20:21:22+00:00\" \/>\n<meta property=\"og:image\" content=\"https:\/\/af.ca\/ottawa\/wp-content\/uploads\/2025\/04\/Event-Invitation-Instagram-Post.png\" \/>\n\t<meta property=\"og:image:width\" content=\"1080\" \/>\n\t<meta property=\"og:image:height\" content=\"1080\" \/>\n\t<meta property=\"og:image:type\" content=\"image\/png\" \/>\n<meta name=\"twitter:card\" content=\"summary_large_image\" \/>\n<meta name=\"twitter:label1\" content=\"Est. reading time\" \/>\n\t<meta name=\"twitter:data1\" content=\"2 minutes\" \/>\n<script type=\"application\/ld+json\" class=\"yoast-schema-graph\">{\"@context\":\"https:\\\/\\\/schema.org\",\"@graph\":[{\"@type\":\"WebPage\",\"@id\":\"https:\\\/\\\/af.ca\\\/ottawa\\\/en\\\/quator-elysee\\\/\",\"url\":\"https:\\\/\\\/af.ca\\\/ottawa\\\/en\\\/quator-elysee\\\/\",\"name\":\"Quator Elys\u00e9e - Alliance Fran\u00e7aise Ottawa\",\"isPartOf\":{\"@id\":\"https:\\\/\\\/af.ca\\\/ottawa\\\/#website\"},\"primaryImageOfPage\":{\"@id\":\"https:\\\/\\\/af.ca\\\/ottawa\\\/en\\\/quator-elysee\\\/#primaryimage\"},\"image\":{\"@id\":\"https:\\\/\\\/af.ca\\\/ottawa\\\/en\\\/quator-elysee\\\/#primaryimage\"},\"thumbnailUrl\":\"https:\\\/\\\/af.ca\\\/ottawa\\\/wp-content\\\/uploads\\\/2025\\\/04\\\/Event-Invitation-Instagram-Post-300x300.png\",\"datePublished\":\"2025-04-24T20:15:48+00:00\",\"dateModified\":\"2025-04-24T20:21:22+00:00\",\"breadcrumb\":{\"@id\":\"https:\\\/\\\/af.ca\\\/ottawa\\\/en\\\/quator-elysee\\\/#breadcrumb\"},\"inLanguage\":\"en-US\",\"potentialAction\":[{\"@type\":\"ReadAction\",\"target\":[\"https:\\\/\\\/af.ca\\\/ottawa\\\/en\\\/quator-elysee\\\/\"]}]},{\"@type\":\"ImageObject\",\"inLanguage\":\"en-US\",\"@id\":\"https:\\\/\\\/af.ca\\\/ottawa\\\/en\\\/quator-elysee\\\/#primaryimage\",\"url\":\"https:\\\/\\\/af.ca\\\/ottawa\\\/wp-content\\\/uploads\\\/2025\\\/04\\\/Event-Invitation-Instagram-Post-300x300.png\",\"contentUrl\":\"https:\\\/\\\/af.ca\\\/ottawa\\\/wp-content\\\/uploads\\\/2025\\\/04\\\/Event-Invitation-Instagram-Post-300x300.png\"},{\"@type\":\"BreadcrumbList\",\"@id\":\"https:\\\/\\\/af.ca\\\/ottawa\\\/en\\\/quator-elysee\\\/#breadcrumb\",\"itemListElement\":[{\"@type\":\"ListItem\",\"position\":1,\"name\":\"Home\",\"item\":\"https:\\\/\\\/af.ca\\\/ottawa\\\/en\\\/\"},{\"@type\":\"ListItem\",\"position\":2,\"name\":\"Quator Elys\u00e9e\"}]},{\"@type\":\"WebSite\",\"@id\":\"https:\\\/\\\/af.ca\\\/ottawa\\\/#website\",\"url\":\"https:\\\/\\\/af.ca\\\/ottawa\\\/\",\"name\":\"Alliance Fran\u00e7aise Ottawa\",\"description\":\"French language school and cultural center\",\"potentialAction\":[{\"@type\":\"SearchAction\",\"target\":{\"@type\":\"EntryPoint\",\"urlTemplate\":\"https:\\\/\\\/af.ca\\\/ottawa\\\/?s={search_term_string}\"},\"query-input\":{\"@type\":\"PropertyValueSpecification\",\"valueRequired\":true,\"valueName\":\"search_term_string\"}}],\"inLanguage\":\"en-US\"}]}<\/script>\n<!-- \/ Yoast SEO plugin. -->","yoast_head_json":{"title":"Quator Elys\u00e9e - Alliance Fran\u00e7aise Ottawa","robots":{"index":"index","follow":"follow","max-snippet":"max-snippet:-1","max-image-preview":"max-image-preview:large","max-video-preview":"max-video-preview:-1"},"canonical":"https:\/\/af.ca\/ottawa\/en\/quator-elysee\/","og_locale":"en_US","og_type":"article","og_title":"Quator Elys\u00e9e - Alliance Fran\u00e7aise Ottawa","og_description":"Founded in 1995, Quatuor Elys\u00e9e is celebrating thirty years of musical excellence. Known for their powerful expressiveness and original approach, this renowned string quartet offers an exceptional program, blending classical masterpieces with contemporary discoveries. \ud83d\udccd Mackay United Church, Ottawa &#8211; Canada \ud83d\uddd3 Friday, May 3, 2025 \ud83d\udd57 Doors open: 7:00 PM \ud83d\udcb2 $22.50 &#8211; Member...Learn more","og_url":"https:\/\/af.ca\/ottawa\/en\/quator-elysee\/","og_site_name":"Alliance Fran\u00e7aise Ottawa","article_modified_time":"2025-04-24T20:21:22+00:00","og_image":[{"width":1080,"height":1080,"url":"https:\/\/af.ca\/ottawa\/wp-content\/uploads\/2025\/04\/Event-Invitation-Instagram-Post.png","type":"image\/png"}],"twitter_card":"summary_large_image","twitter_misc":{"Est. reading time":"2 minutes"},"schema":{"@context":"https:\/\/schema.org","@graph":[{"@type":"WebPage","@id":"https:\/\/af.ca\/ottawa\/en\/quator-elysee\/","url":"https:\/\/af.ca\/ottawa\/en\/quator-elysee\/","name":"Quator Elys\u00e9e - Alliance Fran\u00e7aise Ottawa","isPartOf":{"@id":"https:\/\/af.ca\/ottawa\/#website"},"primaryImageOfPage":{"@id":"https:\/\/af.ca\/ottawa\/en\/quator-elysee\/#primaryimage"},"image":{"@id":"https:\/\/af.ca\/ottawa\/en\/quator-elysee\/#primaryimage"},"thumbnailUrl":"https:\/\/af.ca\/ottawa\/wp-content\/uploads\/2025\/04\/Event-Invitation-Instagram-Post-300x300.png","datePublished":"2025-04-24T20:15:48+00:00","dateModified":"2025-04-24T20:21:22+00:00","breadcrumb":{"@id":"https:\/\/af.ca\/ottawa\/en\/quator-elysee\/#breadcrumb"},"inLanguage":"en-US","potentialAction":[{"@type":"ReadAction","target":["https:\/\/af.ca\/ottawa\/en\/quator-elysee\/"]}]},{"@type":"ImageObject","inLanguage":"en-US","@id":"https:\/\/af.ca\/ottawa\/en\/quator-elysee\/#primaryimage","url":"https:\/\/af.ca\/ottawa\/wp-content\/uploads\/2025\/04\/Event-Invitation-Instagram-Post-300x300.png","contentUrl":"https:\/\/af.ca\/ottawa\/wp-content\/uploads\/2025\/04\/Event-Invitation-Instagram-Post-300x300.png"},{"@type":"BreadcrumbList","@id":"https:\/\/af.ca\/ottawa\/en\/quator-elysee\/#breadcrumb","itemListElement":[{"@type":"ListItem","position":1,"name":"Home","item":"https:\/\/af.ca\/ottawa\/en\/"},{"@type":"ListItem","position":2,"name":"Quator Elys\u00e9e"}]},{"@type":"WebSite","@id":"https:\/\/af.ca\/ottawa\/#website","url":"https:\/\/af.ca\/ottawa\/","name":"Alliance Fran\u00e7aise Ottawa","description":"French language school and cultural center","potentialAction":[{"@type":"SearchAction","target":{"@type":"EntryPoint","urlTemplate":"https:\/\/af.ca\/ottawa\/?s={search_term_string}"},"query-input":{"@type":"PropertyValueSpecification","valueRequired":true,"valueName":"search_term_string"}}],"inLanguage":"en-US"}]}},"blog_post_layout_featured_media_urls":{"thumbnail":"","full":""},"categories_names":null,"comments_number":"0","_links":{"self":[{"href":"https:\/\/af.ca\/ottawa\/en\/wp-json\/wp\/v2\/pages\/23597","targetHints":{"allow":["GET"]}}],"collection":[{"href":"https:\/\/af.ca\/ottawa\/en\/wp-json\/wp\/v2\/pages"}],"about":[{"href":"https:\/\/af.ca\/ottawa\/en\/wp-json\/wp\/v2\/types\/page"}],"author":[{"embeddable":true,"href":"https:\/\/af.ca\/ottawa\/en\/wp-json\/wp\/v2\/users\/3"}],"replies":[{"embeddable":true,"href":"https:\/\/af.ca\/ottawa\/en\/wp-json\/wp\/v2\/comments?post=23597"}],"version-history":[{"count":3,"href":"https:\/\/af.ca\/ottawa\/en\/wp-json\/wp\/v2\/pages\/23597\/revisions"}],"predecessor-version":[{"id":23615,"href":"https:\/\/af.ca\/ottawa\/en\/wp-json\/wp\/v2\/pages\/23597\/revisions\/23615"}],"wp:attachment":[{"href":"https:\/\/af.ca\/ottawa\/en\/wp-json\/wp\/v2\/media?parent=23597"}],"curies":[{"name":"wp","href":"https:\/\/api.w.org\/{rel}","templated":true}]}}