{"id":23617,"date":"2025-04-24T16:57:35","date_gmt":"2025-04-24T20:57:35","guid":{"rendered":"https:\/\/af.ca\/ottawa\/?page_id=23617"},"modified":"2025-04-24T17:09:31","modified_gmt":"2025-04-24T21:09:31","slug":"euphrate","status":"publish","type":"page","link":"https:\/\/af.ca\/ottawa\/en\/euphrate\/","title":{"rendered":"Euphrate"},"content":{"rendered":"<p><a href=\"https:\/\/af.ca\/ottawa\/wp-content\/uploads\/2025\/04\/Photo-theatre-Credit-Sylvain-Gaudu-scaled.jpg\"><img loading=\"lazy\" decoding=\"async\" class=\"alignnone wp-image-23618\" src=\"https:\/\/af.ca\/ottawa\/wp-content\/uploads\/2025\/04\/Photo-theatre-Credit-Sylvain-Gaudu-225x300.jpg\" alt=\"\" width=\"360\" height=\"480\" srcset=\"https:\/\/af.ca\/ottawa\/wp-content\/uploads\/2025\/04\/Photo-theatre-Credit-Sylvain-Gaudu-225x300.jpg 225w, https:\/\/af.ca\/ottawa\/wp-content\/uploads\/2025\/04\/Photo-theatre-Credit-Sylvain-Gaudu-768x1024.jpg 768w, https:\/\/af.ca\/ottawa\/wp-content\/uploads\/2025\/04\/Photo-theatre-Credit-Sylvain-Gaudu-1152x1536.jpg 1152w, https:\/\/af.ca\/ottawa\/wp-content\/uploads\/2025\/04\/Photo-theatre-Credit-Sylvain-Gaudu-1536x2048.jpg 1536w, https:\/\/af.ca\/ottawa\/wp-content\/uploads\/2025\/04\/Photo-theatre-Credit-Sylvain-Gaudu-scaled.jpg 1920w\" sizes=\"auto, (max-width: 360px) 100vw, 360px\" \/><\/a><\/p>\n<p><strong>EUPHRATE:<\/strong> Creation of theater and dance<\/p>\n<p>Daughter of a Turkish father and a Norman mother, Euphrate is a high school senior facing challenges within the education system. Besides her rather mediocre grades,\u00a0 she must soon express her choice of career path: a real conundrum. She begins to wonder how her dual culture has influenced her identity. In a witty and humorous dialogue with her father, she embarks on a journey to explore her Turkish roots and childhood memories. Blending dance and words, the show joyfully expresses the path toward affirming her own voice as a woman.<\/p>\n<p>&nbsp;<\/p>\n<p><strong>Biography:<\/strong><\/p>\n<p><strong><a href=\"https:\/\/af.ca\/ottawa\/wp-content\/uploads\/2025\/04\/9.-Nil-Bosca-com-Euphrate-presse-copyright-Arthur-HERVE-LENHARDT.jpg\"><img loading=\"lazy\" decoding=\"async\" class=\"alignnone size-medium wp-image-23626\" src=\"https:\/\/af.ca\/ottawa\/wp-content\/uploads\/2025\/04\/9.-Nil-Bosca-com-Euphrate-presse-copyright-Arthur-HERVE-LENHARDT-199x300.jpg\" alt=\"\" width=\"199\" height=\"300\" srcset=\"https:\/\/af.ca\/ottawa\/wp-content\/uploads\/2025\/04\/9.-Nil-Bosca-com-Euphrate-presse-copyright-Arthur-HERVE-LENHARDT-199x300.jpg 199w, https:\/\/af.ca\/ottawa\/wp-content\/uploads\/2025\/04\/9.-Nil-Bosca-com-Euphrate-presse-copyright-Arthur-HERVE-LENHARDT-680x1024.jpg 680w, https:\/\/af.ca\/ottawa\/wp-content\/uploads\/2025\/04\/9.-Nil-Bosca-com-Euphrate-presse-copyright-Arthur-HERVE-LENHARDT-768x1156.jpg 768w, https:\/\/af.ca\/ottawa\/wp-content\/uploads\/2025\/04\/9.-Nil-Bosca-com-Euphrate-presse-copyright-Arthur-HERVE-LENHARDT-1021x1536.jpg 1021w, https:\/\/af.ca\/ottawa\/wp-content\/uploads\/2025\/04\/9.-Nil-Bosca-com-Euphrate-presse-copyright-Arthur-HERVE-LENHARDT.jpg 1196w\" sizes=\"auto, (max-width: 199px) 100vw, 199px\" \/><\/a>\u00a0 <\/strong><\/p>\n<p><strong>NIL BOSCA <\/strong>Writing, concept, and performance<\/p>\n<p>After obtaining a Master&#8217;s degree in Clinical Psychology, Nil Bosca turned to theater and joined the<br \/>\nConservatoire d&#8217;Art Dramatique of the 12th arrondissement of Paris, then the \u00c9cole du Jeu. In parallel, she selftaught herself in dance, then worked with Jann Gallois and Chrystel Calvet in contemporary dance, as well as with several hip-hop dancers at Porte de Pantin and at the 104. Since graduating in 2018, she has performed in theater projects by Mani Soleymanlou (&#8220;Trois&#8221; at the Th\u00e9\u00e2tre National de Chaillot, at the TGP and at the Tarmac), Delphine Eliet (&#8220;Enjeux Pro,&#8221; MC93), Stanislas Roquette, Monique Stalens, and the company du Pavillon 33 (&#8220;Richard 2&#8221; by Shakespeare, Anis Gras). As a dancer, she has performed in Jann Gallois&#8217;s show &#8220;Humano\u00efdes&#8221; and appeared in the films\/music videos of Laura Combeau (&#8220;Solere&#8221;), Charles Habib-Drouot (&#8220;Touch\u00e9 par la foi&#8221; \/ A.Viot), Giacomo Abbruzzese (&#8220;Disco Boy&#8221;), and Armel Hostiou (&#8220;Khellitni najri maurak&#8221; \/ M.Lamouri). After assisting Jo\u00ebl Pommerat in a creation workshop for the show &#8220;\u00c7a ira (1) Fin de Louis&#8221; in 2014, she workedon &#8220;Les M\u00f4mes porteurs&#8221; by Mounia Raoui and Jean-Yves Ruf as an artistic and choreographic consultant. Additionally, she wrote and performed solo in &#8220;Euphrate,&#8221; a show about her Turkish origins, directed with the collaboration of Stanislas Roquette and Olivier Constant, produced by the company Art\u00e9po. Euphrate is currently on tour in France and internationally. Nil Bosca is represented by Elisabeth Tanner at the Time Art Agency.<\/p>\n<p>&nbsp;<\/p>\n<p><a href=\"https:\/\/af.ca\/ottawa\/en\/event-details\/?eventId=1093#\/\"><img loading=\"lazy\" decoding=\"async\" class=\"alignnone wp-image-18677\" src=\"https:\/\/af.ca\/ottawa\/wp-content\/uploads\/2022\/08\/Bouton-site-internet-300x56.png\" sizes=\"auto, (max-width: 386px) 100vw, 386px\" srcset=\"https:\/\/af.ca\/ottawa\/wp-content\/uploads\/2022\/08\/Bouton-site-internet-300x56.png 300w, https:\/\/af.ca\/ottawa\/wp-content\/uploads\/2022\/08\/Bouton-site-internet.png 762w\" alt=\"\" width=\"386\" height=\"72\" \/><\/a><\/p>\n<p>&nbsp;<\/p>\n<h3><strong>TEASER EUPHRATE\u00a0<\/strong><\/h3>\n<p>&nbsp;<\/p>\n<p><a href=\"https:\/\/www.youtube.com\/watch?v=xUYUE7ztnUE\"><img loading=\"lazy\" decoding=\"async\" class=\"alignnone wp-image-23622\" src=\"https:\/\/af.ca\/ottawa\/wp-content\/uploads\/2025\/04\/Screenshot-2025-04-24-165639-300x168.png\" alt=\"\" width=\"329\" height=\"184\" srcset=\"https:\/\/af.ca\/ottawa\/wp-content\/uploads\/2025\/04\/Screenshot-2025-04-24-165639-300x168.png 300w, https:\/\/af.ca\/ottawa\/wp-content\/uploads\/2025\/04\/Screenshot-2025-04-24-165639-1024x573.png 1024w, https:\/\/af.ca\/ottawa\/wp-content\/uploads\/2025\/04\/Screenshot-2025-04-24-165639-768x430.png 768w, https:\/\/af.ca\/ottawa\/wp-content\/uploads\/2025\/04\/Screenshot-2025-04-24-165639.png 1422w\" sizes=\"auto, (max-width: 329px) 100vw, 329px\" \/><\/a><\/p>\n<p>&nbsp;<\/p>\n","protected":false},"excerpt":{"rendered":"<p>EUPHRATE: Creation of theater and dance Daughter of a Turkish father and a Norman mother, Euphrate is a high school senior facing challenges within the education system. Besides her rather mediocre grades,\u00a0 she must soon express her choice of career path: a real conundrum. She begins to wonder how her dual culture has influenced her&#8230;<\/p>\n<p><a class=\"button invert-primary\" href=\"https:\/\/af.ca\/ottawa\/en\/euphrate\/\">Learn more<\/a><\/p>\n","protected":false},"author":3,"featured_media":0,"parent":0,"menu_order":4,"comment_status":"closed","ping_status":"closed","template":"","meta":{"_acf_changed":false,"om_disable_all_campaigns":false,"_monsterinsights_skip_tracking":false,"_monsterinsights_sitenote_active":false,"_monsterinsights_sitenote_note":"","_monsterinsights_sitenote_category":0,"footnotes":""},"class_list":["post-23617","page","type-page","status-publish","hentry"],"acf":[],"yoast_head":"<!-- This site is optimized with the Yoast SEO plugin v27.3 - https:\/\/yoast.com\/product\/yoast-seo-wordpress\/ -->\n<title>Euphrate - Alliance Fran\u00e7aise Ottawa<\/title>\n<meta name=\"robots\" content=\"index, follow, max-snippet:-1, max-image-preview:large, max-video-preview:-1\" \/>\n<link rel=\"canonical\" href=\"https:\/\/af.ca\/ottawa\/en\/euphrate\/\" \/>\n<meta property=\"og:locale\" content=\"en_US\" \/>\n<meta property=\"og:type\" content=\"article\" \/>\n<meta property=\"og:title\" content=\"Euphrate - Alliance Fran\u00e7aise Ottawa\" \/>\n<meta property=\"og:description\" content=\"EUPHRATE: Creation of theater and dance Daughter of a Turkish father and a Norman mother, Euphrate is a high school senior facing challenges within the education system. Besides her rather mediocre grades,\u00a0 she must soon express her choice of career path: a real conundrum. She begins to wonder how her dual culture has influenced her...Learn more\" \/>\n<meta property=\"og:url\" content=\"https:\/\/af.ca\/ottawa\/en\/euphrate\/\" \/>\n<meta property=\"og:site_name\" content=\"Alliance Fran\u00e7aise Ottawa\" \/>\n<meta property=\"article:modified_time\" content=\"2025-04-24T21:09:31+00:00\" \/>\n<meta property=\"og:image\" content=\"https:\/\/af.ca\/ottawa\/wp-content\/uploads\/2025\/04\/Photo-theatre-Credit-Sylvain-Gaudu-scaled.jpg\" \/>\n\t<meta property=\"og:image:width\" content=\"1920\" \/>\n\t<meta property=\"og:image:height\" content=\"2560\" \/>\n\t<meta property=\"og:image:type\" content=\"image\/jpeg\" \/>\n<meta name=\"twitter:card\" content=\"summary_large_image\" \/>\n<meta name=\"twitter:label1\" content=\"Est. reading time\" \/>\n\t<meta name=\"twitter:data1\" content=\"3 minutes\" \/>\n<script type=\"application\/ld+json\" class=\"yoast-schema-graph\">{\"@context\":\"https:\\\/\\\/schema.org\",\"@graph\":[{\"@type\":\"WebPage\",\"@id\":\"https:\\\/\\\/af.ca\\\/ottawa\\\/en\\\/euphrate\\\/\",\"url\":\"https:\\\/\\\/af.ca\\\/ottawa\\\/en\\\/euphrate\\\/\",\"name\":\"Euphrate - Alliance Fran\u00e7aise Ottawa\",\"isPartOf\":{\"@id\":\"https:\\\/\\\/af.ca\\\/ottawa\\\/#website\"},\"primaryImageOfPage\":{\"@id\":\"https:\\\/\\\/af.ca\\\/ottawa\\\/en\\\/euphrate\\\/#primaryimage\"},\"image\":{\"@id\":\"https:\\\/\\\/af.ca\\\/ottawa\\\/en\\\/euphrate\\\/#primaryimage\"},\"thumbnailUrl\":\"https:\\\/\\\/af.ca\\\/ottawa\\\/wp-content\\\/uploads\\\/2025\\\/04\\\/Photo-theatre-Credit-Sylvain-Gaudu-225x300.jpg\",\"datePublished\":\"2025-04-24T20:57:35+00:00\",\"dateModified\":\"2025-04-24T21:09:31+00:00\",\"breadcrumb\":{\"@id\":\"https:\\\/\\\/af.ca\\\/ottawa\\\/en\\\/euphrate\\\/#breadcrumb\"},\"inLanguage\":\"en-US\",\"potentialAction\":[{\"@type\":\"ReadAction\",\"target\":[\"https:\\\/\\\/af.ca\\\/ottawa\\\/en\\\/euphrate\\\/\"]}]},{\"@type\":\"ImageObject\",\"inLanguage\":\"en-US\",\"@id\":\"https:\\\/\\\/af.ca\\\/ottawa\\\/en\\\/euphrate\\\/#primaryimage\",\"url\":\"https:\\\/\\\/af.ca\\\/ottawa\\\/wp-content\\\/uploads\\\/2025\\\/04\\\/Photo-theatre-Credit-Sylvain-Gaudu-225x300.jpg\",\"contentUrl\":\"https:\\\/\\\/af.ca\\\/ottawa\\\/wp-content\\\/uploads\\\/2025\\\/04\\\/Photo-theatre-Credit-Sylvain-Gaudu-225x300.jpg\"},{\"@type\":\"BreadcrumbList\",\"@id\":\"https:\\\/\\\/af.ca\\\/ottawa\\\/en\\\/euphrate\\\/#breadcrumb\",\"itemListElement\":[{\"@type\":\"ListItem\",\"position\":1,\"name\":\"Home\",\"item\":\"https:\\\/\\\/af.ca\\\/ottawa\\\/en\\\/\"},{\"@type\":\"ListItem\",\"position\":2,\"name\":\"Euphrate\"}]},{\"@type\":\"WebSite\",\"@id\":\"https:\\\/\\\/af.ca\\\/ottawa\\\/#website\",\"url\":\"https:\\\/\\\/af.ca\\\/ottawa\\\/\",\"name\":\"Alliance Fran\u00e7aise Ottawa\",\"description\":\"French language school and cultural center\",\"potentialAction\":[{\"@type\":\"SearchAction\",\"target\":{\"@type\":\"EntryPoint\",\"urlTemplate\":\"https:\\\/\\\/af.ca\\\/ottawa\\\/?s={search_term_string}\"},\"query-input\":{\"@type\":\"PropertyValueSpecification\",\"valueRequired\":true,\"valueName\":\"search_term_string\"}}],\"inLanguage\":\"en-US\"}]}<\/script>\n<!-- \/ Yoast SEO plugin. -->","yoast_head_json":{"title":"Euphrate - Alliance Fran\u00e7aise Ottawa","robots":{"index":"index","follow":"follow","max-snippet":"max-snippet:-1","max-image-preview":"max-image-preview:large","max-video-preview":"max-video-preview:-1"},"canonical":"https:\/\/af.ca\/ottawa\/en\/euphrate\/","og_locale":"en_US","og_type":"article","og_title":"Euphrate - Alliance Fran\u00e7aise Ottawa","og_description":"EUPHRATE: Creation of theater and dance Daughter of a Turkish father and a Norman mother, Euphrate is a high school senior facing challenges within the education system. Besides her rather mediocre grades,\u00a0 she must soon express her choice of career path: a real conundrum. She begins to wonder how her dual culture has influenced her...Learn more","og_url":"https:\/\/af.ca\/ottawa\/en\/euphrate\/","og_site_name":"Alliance Fran\u00e7aise Ottawa","article_modified_time":"2025-04-24T21:09:31+00:00","og_image":[{"width":1920,"height":2560,"url":"https:\/\/af.ca\/ottawa\/wp-content\/uploads\/2025\/04\/Photo-theatre-Credit-Sylvain-Gaudu-scaled.jpg","type":"image\/jpeg"}],"twitter_card":"summary_large_image","twitter_misc":{"Est. reading time":"3 minutes"},"schema":{"@context":"https:\/\/schema.org","@graph":[{"@type":"WebPage","@id":"https:\/\/af.ca\/ottawa\/en\/euphrate\/","url":"https:\/\/af.ca\/ottawa\/en\/euphrate\/","name":"Euphrate - Alliance Fran\u00e7aise Ottawa","isPartOf":{"@id":"https:\/\/af.ca\/ottawa\/#website"},"primaryImageOfPage":{"@id":"https:\/\/af.ca\/ottawa\/en\/euphrate\/#primaryimage"},"image":{"@id":"https:\/\/af.ca\/ottawa\/en\/euphrate\/#primaryimage"},"thumbnailUrl":"https:\/\/af.ca\/ottawa\/wp-content\/uploads\/2025\/04\/Photo-theatre-Credit-Sylvain-Gaudu-225x300.jpg","datePublished":"2025-04-24T20:57:35+00:00","dateModified":"2025-04-24T21:09:31+00:00","breadcrumb":{"@id":"https:\/\/af.ca\/ottawa\/en\/euphrate\/#breadcrumb"},"inLanguage":"en-US","potentialAction":[{"@type":"ReadAction","target":["https:\/\/af.ca\/ottawa\/en\/euphrate\/"]}]},{"@type":"ImageObject","inLanguage":"en-US","@id":"https:\/\/af.ca\/ottawa\/en\/euphrate\/#primaryimage","url":"https:\/\/af.ca\/ottawa\/wp-content\/uploads\/2025\/04\/Photo-theatre-Credit-Sylvain-Gaudu-225x300.jpg","contentUrl":"https:\/\/af.ca\/ottawa\/wp-content\/uploads\/2025\/04\/Photo-theatre-Credit-Sylvain-Gaudu-225x300.jpg"},{"@type":"BreadcrumbList","@id":"https:\/\/af.ca\/ottawa\/en\/euphrate\/#breadcrumb","itemListElement":[{"@type":"ListItem","position":1,"name":"Home","item":"https:\/\/af.ca\/ottawa\/en\/"},{"@type":"ListItem","position":2,"name":"Euphrate"}]},{"@type":"WebSite","@id":"https:\/\/af.ca\/ottawa\/#website","url":"https:\/\/af.ca\/ottawa\/","name":"Alliance Fran\u00e7aise Ottawa","description":"French language school and cultural center","potentialAction":[{"@type":"SearchAction","target":{"@type":"EntryPoint","urlTemplate":"https:\/\/af.ca\/ottawa\/?s={search_term_string}"},"query-input":{"@type":"PropertyValueSpecification","valueRequired":true,"valueName":"search_term_string"}}],"inLanguage":"en-US"}]}},"blog_post_layout_featured_media_urls":{"thumbnail":"","full":""},"categories_names":null,"comments_number":"0","_links":{"self":[{"href":"https:\/\/af.ca\/ottawa\/en\/wp-json\/wp\/v2\/pages\/23617","targetHints":{"allow":["GET"]}}],"collection":[{"href":"https:\/\/af.ca\/ottawa\/en\/wp-json\/wp\/v2\/pages"}],"about":[{"href":"https:\/\/af.ca\/ottawa\/en\/wp-json\/wp\/v2\/types\/page"}],"author":[{"embeddable":true,"href":"https:\/\/af.ca\/ottawa\/en\/wp-json\/wp\/v2\/users\/3"}],"replies":[{"embeddable":true,"href":"https:\/\/af.ca\/ottawa\/en\/wp-json\/wp\/v2\/comments?post=23617"}],"version-history":[{"count":5,"href":"https:\/\/af.ca\/ottawa\/en\/wp-json\/wp\/v2\/pages\/23617\/revisions"}],"predecessor-version":[{"id":23640,"href":"https:\/\/af.ca\/ottawa\/en\/wp-json\/wp\/v2\/pages\/23617\/revisions\/23640"}],"wp:attachment":[{"href":"https:\/\/af.ca\/ottawa\/en\/wp-json\/wp\/v2\/media?parent=23617"}],"curies":[{"name":"wp","href":"https:\/\/api.w.org\/{rel}","templated":true}]}}