{"id":23708,"date":"2025-05-09T10:35:45","date_gmt":"2025-05-09T14:35:45","guid":{"rendered":"https:\/\/af.ca\/ottawa\/?page_id=23708"},"modified":"2025-05-09T10:36:35","modified_gmt":"2025-05-09T14:36:35","slug":"how-can-sustainability-be-integrated-into-a-cultural-event","status":"publish","type":"page","link":"https:\/\/af.ca\/ottawa\/en\/how-can-sustainability-be-integrated-into-a-cultural-event\/","title":{"rendered":"How can sustainability be integrated into a cultural event?"},"content":{"rendered":"<p>&nbsp;<\/p>\n<p><a href=\"https:\/\/af.ca\/ottawa\/wp-content\/uploads\/2025\/05\/Biodiversite-revision-mai-2024-2.png\"><img loading=\"lazy\" decoding=\"async\" class=\"alignnone wp-image-23710\" src=\"https:\/\/af.ca\/ottawa\/wp-content\/uploads\/2025\/05\/Biodiversite-revision-mai-2024-2-300x169.png\" alt=\"\" width=\"904\" height=\"509\" srcset=\"https:\/\/af.ca\/ottawa\/wp-content\/uploads\/2025\/05\/Biodiversite-revision-mai-2024-2-300x169.png 300w, https:\/\/af.ca\/ottawa\/wp-content\/uploads\/2025\/05\/Biodiversite-revision-mai-2024-2-1024x576.png 1024w, https:\/\/af.ca\/ottawa\/wp-content\/uploads\/2025\/05\/Biodiversite-revision-mai-2024-2-768x432.png 768w, https:\/\/af.ca\/ottawa\/wp-content\/uploads\/2025\/05\/Biodiversite-revision-mai-2024-2-1536x864.png 1536w, https:\/\/af.ca\/ottawa\/wp-content\/uploads\/2025\/05\/Biodiversite-revision-mai-2024-2.png 1920w\" sizes=\"auto, (max-width: 904px) 100vw, 904px\" \/><\/a><\/p>\n<h6><em><span style=\"color: #333399;\">@Photo credit: Alimentation Juste &amp; R\u00e9g\u00e9n\u00e9ration Canada<\/span><\/em><\/h6>\n<p>&nbsp;<\/p>\n<ol>\n<li><strong> Why talk about sustainability in culture?<\/strong><\/li>\n<\/ol>\n<p>The world of events is changing. Today, it is essential and urgent to rethink our practices in the light of environmental and social issues. As cultural centres, and even more so as committed Alliance Fran\u00e7aise, it is our responsibility to design events that take into account their impact on the planet and on society.<\/p>\n<p>Organising an eco-responsible event means making choices that maximise the positive effects, while reducing the negative impacts. It also means integrating the principles of sustainable development at every stage: before, during and after the event.<\/p>\n<p><strong>\u00a0<\/strong><\/p>\n<ol start=\"2\">\n<li><strong> An observation: culture is still too silent<\/strong><\/li>\n<\/ol>\n<p>The cultural sector still pays too little attention to environmental issues, even though it could be a powerful lever for change.<\/p>\n<p>A study by the <em>Conseil qu\u00e9b\u00e9cois des \u00e9v\u00e9nements \u00e9coresponsables<\/em> reveals that transport alone accounts for 80% of greenhouse gas emissions linked to an event. Closely followed by food.<\/p>\n<p>The transport sector is involved at every level: moving the public, artists, technicians, equipment or works of art&#8230; Often by road or air.<\/p>\n<p>While the big festivals are often singled out for criticism, it should not be forgotten that all cultural structures, even the smallest, have a role to play. From conferences to film clubs, intimate concerts to children&#8217;s workshops, every event has an impact. And every structure can do its bit.<\/p>\n<p><strong>\u00a0<\/strong><\/p>\n<ol start=\"3\">\n<li><strong> The responsible event guide: a practical tool for the Alliances<\/strong><\/li>\n<\/ol>\n<p>With this in mind, in 2024 a group of five members of the Alliances Fran\u00e7aises network from all over the world co-authored a guide to responsible cultural events. This document, designed as an evolving tool, is available to all the Alliances throughout the world.<\/p>\n<p>It proposes a series of concrete actions, organised around several major themes:<\/p>\n<p><strong>&#8211; Preparing for the event<\/strong><\/p>\n<p><strong>&#8211; Venue and mobility<\/strong><\/p>\n<p><strong>&#8211; Communication and awareness-raising<\/strong><\/p>\n<p><strong>&#8211; Partners and community<\/strong><\/p>\n<p><strong>&#8211; Food and drink<\/strong><\/p>\n<p><strong>&#8211; Furniture and equipment<\/strong><\/p>\n<p>This guide does not seek perfection. Its purpose is to suggest ideas, ask questions and provoke thought. Each Alliance can draw on it according to its resources human, financial, time and the realities of its territory.<\/p>\n<p>&nbsp;<\/p>\n<ol start=\"4\">\n<li><strong> Three levels of commitment<\/strong><\/li>\n<\/ol>\n<p>An eco-responsible approach can be built up gradually according to the following levels of commitment:<\/p>\n<p><strong>&#8211; Becoming aware:<\/strong> being informed, raising awareness, starting to question our practices and considering more sustainable alternatives.<\/p>\n<p><strong>&#8211; Taking action right from the design stage<\/strong>: integrating eco-responsibility into the planning phase (choice of venue, service providers, limiting travel, sustainable materials, etc.).<\/p>\n<p><strong>&#8211; Change your habits:<\/strong> make these choices a standard, integrated into every stage of the organisation.<\/p>\n<p>The guide to responsible events, designed by and for the Alliances Fran\u00e7aises, suggests appropriate levels of action for each theme, taking into account their feasibility and potential impact. The \u2018tips\u2019 and \u2018examples\u2019 sections provide inspiration and facilitate implementation.<\/p>\n<p>&nbsp;<\/p>\n<ol start=\"5\">\n<li><strong> Example: printed communication<\/strong><\/li>\n<\/ol>\n<p>Let&#8217;s take a concrete example.<\/p>\n<p>Paper communications consume massive amounts of resources:<\/p>\n<p>&#8211; 165 litres of water<\/p>\n<p>&#8211; 10 kg of CO2<\/p>\n<p>&#8211; 6 kg of waste for 1,000 standard prints.<\/p>\n<p>(Source: Print eco, 2022)<\/p>\n<p>&nbsp;<\/p>\n<p>Then there&#8217;s the digital impact: a single data centre can consume more electricity than a medium-sized town. So the solution is not necessarily \u2018all digital\u2019, but rather a conscious and balanced approach.<\/p>\n<p>&nbsp;<\/p>\n<p><strong>There are three possible levels of action:<\/strong><\/p>\n<p>1.Reduce: print less, double-sided, with economical fonts, on recycled paper, using vegetable-based inks.<\/p>\n<p>2.Choosing better: opt for eco-responsible printers, use reusable materials for signage, think about reuse from year to year.<\/p>\n<p>3.Go paperless: go all digital with online registrations and programmes, while choosing energy-efficient platforms.<\/p>\n<p><strong>\u00a0<\/strong><\/p>\n<ol start=\"6\">\n<li><strong> An evolving guide to sustainable culture<\/strong><\/li>\n<\/ol>\n<p>This guide to responsible events in cultural administrations and centres is not an end in itself. It is designed as a living tool, which will evolve with feedback, new issues and emerging practices.<\/p>\n<p>It is part of a clear vision: to make culture more sustainable, more inclusive and more aware.<\/p>\n<p>And if the Alliance Fran\u00e7aise is a driving force for the French-speaking world around the world, it must also be a driving force for the ecological transition.<\/p>\n<p><strong>\u00a0Tomorrow&#8217;s cultural commitment cannot be achieved without sustainability.<\/strong><\/p>\n","protected":false},"excerpt":{"rendered":"<p>&nbsp; @Photo credit: Alimentation Juste &amp; R\u00e9g\u00e9n\u00e9ration Canada &nbsp; Why talk about sustainability in culture? The world of events is changing. Today, it is essential and urgent to rethink our practices in the light of environmental and social issues. As cultural centres, and even more so as committed Alliance Fran\u00e7aise, it is our responsibility to&#8230;<\/p>\n<p><a class=\"button invert-primary\" href=\"https:\/\/af.ca\/ottawa\/en\/how-can-sustainability-be-integrated-into-a-cultural-event\/\">Learn more<\/a><\/p>\n","protected":false},"author":3,"featured_media":0,"parent":0,"menu_order":56,"comment_status":"closed","ping_status":"closed","template":"","meta":{"_acf_changed":false,"om_disable_all_campaigns":false,"_monsterinsights_skip_tracking":false,"_monsterinsights_sitenote_active":false,"_monsterinsights_sitenote_note":"","_monsterinsights_sitenote_category":0,"footnotes":""},"class_list":["post-23708","page","type-page","status-publish","hentry"],"acf":[],"yoast_head":"<!-- This site is optimized with the Yoast SEO plugin v27.4 - https:\/\/yoast.com\/product\/yoast-seo-wordpress\/ -->\n<title>How can sustainability be integrated into a cultural event? - Alliance Fran\u00e7aise Ottawa<\/title>\n<meta name=\"description\" content=\"Discover 5 organizations in the Outaouais that are committed to more responsible eating for our planet and our bodies.\" \/>\n<meta name=\"robots\" content=\"index, follow, max-snippet:-1, max-image-preview:large, max-video-preview:-1\" \/>\n<link rel=\"canonical\" href=\"https:\/\/af.ca\/ottawa\/en\/how-can-sustainability-be-integrated-into-a-cultural-event\/\" \/>\n<meta property=\"og:locale\" content=\"en_US\" \/>\n<meta property=\"og:type\" content=\"article\" \/>\n<meta property=\"og:title\" content=\"5 organisations involved in sustainable food in the Outaouais region\" \/>\n<meta property=\"og:description\" content=\"5 organizations in the Outaouais that are committed to more responsible eating for our planet and our bodies.\" \/>\n<meta property=\"og:url\" content=\"https:\/\/af.ca\/ottawa\/en\/how-can-sustainability-be-integrated-into-a-cultural-event\/\" \/>\n<meta property=\"og:site_name\" content=\"Alliance Fran\u00e7aise Ottawa\" \/>\n<meta property=\"article:modified_time\" content=\"2025-05-09T14:36:35+00:00\" \/>\n<meta property=\"og:image\" content=\"https:\/\/af.ca\/ottawa\/wp-content\/uploads\/2024\/01\/5-organisations-involved-in-sustainable-food-in-the-Outaouais-region-1024x576.png\" \/>\n\t<meta property=\"og:image:width\" content=\"1024\" \/>\n\t<meta property=\"og:image:height\" content=\"576\" \/>\n\t<meta property=\"og:image:type\" content=\"image\/png\" \/>\n<meta name=\"twitter:card\" content=\"summary_large_image\" \/>\n<meta name=\"twitter:label1\" content=\"Est. reading time\" \/>\n\t<meta name=\"twitter:data1\" content=\"4 minutes\" \/>\n<script type=\"application\/ld+json\" class=\"yoast-schema-graph\">{\"@context\":\"https:\\\/\\\/schema.org\",\"@graph\":[{\"@type\":\"WebPage\",\"@id\":\"https:\\\/\\\/af.ca\\\/ottawa\\\/en\\\/how-can-sustainability-be-integrated-into-a-cultural-event\\\/\",\"url\":\"https:\\\/\\\/af.ca\\\/ottawa\\\/en\\\/how-can-sustainability-be-integrated-into-a-cultural-event\\\/\",\"name\":\"How can sustainability be integrated into a cultural event? - Alliance Fran\u00e7aise Ottawa\",\"isPartOf\":{\"@id\":\"https:\\\/\\\/af.ca\\\/ottawa\\\/#website\"},\"primaryImageOfPage\":{\"@id\":\"https:\\\/\\\/af.ca\\\/ottawa\\\/en\\\/how-can-sustainability-be-integrated-into-a-cultural-event\\\/#primaryimage\"},\"image\":{\"@id\":\"https:\\\/\\\/af.ca\\\/ottawa\\\/en\\\/how-can-sustainability-be-integrated-into-a-cultural-event\\\/#primaryimage\"},\"thumbnailUrl\":\"https:\\\/\\\/af.ca\\\/ottawa\\\/wp-content\\\/uploads\\\/2025\\\/05\\\/Biodiversite-revision-mai-2024-2-300x169.png\",\"datePublished\":\"2025-05-09T14:35:45+00:00\",\"dateModified\":\"2025-05-09T14:36:35+00:00\",\"description\":\"Discover 5 organizations in the Outaouais that are committed to more responsible eating for our planet and our bodies.\",\"breadcrumb\":{\"@id\":\"https:\\\/\\\/af.ca\\\/ottawa\\\/en\\\/how-can-sustainability-be-integrated-into-a-cultural-event\\\/#breadcrumb\"},\"inLanguage\":\"en-US\",\"potentialAction\":[{\"@type\":\"ReadAction\",\"target\":[\"https:\\\/\\\/af.ca\\\/ottawa\\\/en\\\/how-can-sustainability-be-integrated-into-a-cultural-event\\\/\"]}]},{\"@type\":\"ImageObject\",\"inLanguage\":\"en-US\",\"@id\":\"https:\\\/\\\/af.ca\\\/ottawa\\\/en\\\/how-can-sustainability-be-integrated-into-a-cultural-event\\\/#primaryimage\",\"url\":\"https:\\\/\\\/af.ca\\\/ottawa\\\/wp-content\\\/uploads\\\/2025\\\/05\\\/Biodiversite-revision-mai-2024-2-300x169.png\",\"contentUrl\":\"https:\\\/\\\/af.ca\\\/ottawa\\\/wp-content\\\/uploads\\\/2025\\\/05\\\/Biodiversite-revision-mai-2024-2-300x169.png\"},{\"@type\":\"BreadcrumbList\",\"@id\":\"https:\\\/\\\/af.ca\\\/ottawa\\\/en\\\/how-can-sustainability-be-integrated-into-a-cultural-event\\\/#breadcrumb\",\"itemListElement\":[{\"@type\":\"ListItem\",\"position\":1,\"name\":\"Home\",\"item\":\"https:\\\/\\\/af.ca\\\/ottawa\\\/en\\\/\"},{\"@type\":\"ListItem\",\"position\":2,\"name\":\"How can sustainability be integrated into a cultural event?\"}]},{\"@type\":\"WebSite\",\"@id\":\"https:\\\/\\\/af.ca\\\/ottawa\\\/#website\",\"url\":\"https:\\\/\\\/af.ca\\\/ottawa\\\/\",\"name\":\"Alliance Fran\u00e7aise Ottawa\",\"description\":\"French language school and cultural center\",\"potentialAction\":[{\"@type\":\"SearchAction\",\"target\":{\"@type\":\"EntryPoint\",\"urlTemplate\":\"https:\\\/\\\/af.ca\\\/ottawa\\\/?s={search_term_string}\"},\"query-input\":{\"@type\":\"PropertyValueSpecification\",\"valueRequired\":true,\"valueName\":\"search_term_string\"}}],\"inLanguage\":\"en-US\"}]}<\/script>\n<!-- \/ Yoast SEO plugin. -->","yoast_head_json":{"title":"How can sustainability be integrated into a cultural event? - Alliance Fran\u00e7aise Ottawa","description":"Discover 5 organizations in the Outaouais that are committed to more responsible eating for our planet and our bodies.","robots":{"index":"index","follow":"follow","max-snippet":"max-snippet:-1","max-image-preview":"max-image-preview:large","max-video-preview":"max-video-preview:-1"},"canonical":"https:\/\/af.ca\/ottawa\/en\/how-can-sustainability-be-integrated-into-a-cultural-event\/","og_locale":"en_US","og_type":"article","og_title":"5 organisations involved in sustainable food in the Outaouais region","og_description":"5 organizations in the Outaouais that are committed to more responsible eating for our planet and our bodies.","og_url":"https:\/\/af.ca\/ottawa\/en\/how-can-sustainability-be-integrated-into-a-cultural-event\/","og_site_name":"Alliance Fran\u00e7aise Ottawa","article_modified_time":"2025-05-09T14:36:35+00:00","og_image":[{"width":1024,"height":576,"url":"https:\/\/af.ca\/ottawa\/wp-content\/uploads\/2024\/01\/5-organisations-involved-in-sustainable-food-in-the-Outaouais-region-1024x576.png","type":"image\/png"}],"twitter_card":"summary_large_image","twitter_misc":{"Est. reading time":"4 minutes"},"schema":{"@context":"https:\/\/schema.org","@graph":[{"@type":"WebPage","@id":"https:\/\/af.ca\/ottawa\/en\/how-can-sustainability-be-integrated-into-a-cultural-event\/","url":"https:\/\/af.ca\/ottawa\/en\/how-can-sustainability-be-integrated-into-a-cultural-event\/","name":"How can sustainability be integrated into a cultural event? - Alliance Fran\u00e7aise Ottawa","isPartOf":{"@id":"https:\/\/af.ca\/ottawa\/#website"},"primaryImageOfPage":{"@id":"https:\/\/af.ca\/ottawa\/en\/how-can-sustainability-be-integrated-into-a-cultural-event\/#primaryimage"},"image":{"@id":"https:\/\/af.ca\/ottawa\/en\/how-can-sustainability-be-integrated-into-a-cultural-event\/#primaryimage"},"thumbnailUrl":"https:\/\/af.ca\/ottawa\/wp-content\/uploads\/2025\/05\/Biodiversite-revision-mai-2024-2-300x169.png","datePublished":"2025-05-09T14:35:45+00:00","dateModified":"2025-05-09T14:36:35+00:00","description":"Discover 5 organizations in the Outaouais that are committed to more responsible eating for our planet and our bodies.","breadcrumb":{"@id":"https:\/\/af.ca\/ottawa\/en\/how-can-sustainability-be-integrated-into-a-cultural-event\/#breadcrumb"},"inLanguage":"en-US","potentialAction":[{"@type":"ReadAction","target":["https:\/\/af.ca\/ottawa\/en\/how-can-sustainability-be-integrated-into-a-cultural-event\/"]}]},{"@type":"ImageObject","inLanguage":"en-US","@id":"https:\/\/af.ca\/ottawa\/en\/how-can-sustainability-be-integrated-into-a-cultural-event\/#primaryimage","url":"https:\/\/af.ca\/ottawa\/wp-content\/uploads\/2025\/05\/Biodiversite-revision-mai-2024-2-300x169.png","contentUrl":"https:\/\/af.ca\/ottawa\/wp-content\/uploads\/2025\/05\/Biodiversite-revision-mai-2024-2-300x169.png"},{"@type":"BreadcrumbList","@id":"https:\/\/af.ca\/ottawa\/en\/how-can-sustainability-be-integrated-into-a-cultural-event\/#breadcrumb","itemListElement":[{"@type":"ListItem","position":1,"name":"Home","item":"https:\/\/af.ca\/ottawa\/en\/"},{"@type":"ListItem","position":2,"name":"How can sustainability be integrated into a cultural event?"}]},{"@type":"WebSite","@id":"https:\/\/af.ca\/ottawa\/#website","url":"https:\/\/af.ca\/ottawa\/","name":"Alliance Fran\u00e7aise Ottawa","description":"French language school and cultural center","potentialAction":[{"@type":"SearchAction","target":{"@type":"EntryPoint","urlTemplate":"https:\/\/af.ca\/ottawa\/?s={search_term_string}"},"query-input":{"@type":"PropertyValueSpecification","valueRequired":true,"valueName":"search_term_string"}}],"inLanguage":"en-US"}]}},"blog_post_layout_featured_media_urls":{"thumbnail":"","full":""},"categories_names":null,"comments_number":"0","_links":{"self":[{"href":"https:\/\/af.ca\/ottawa\/en\/wp-json\/wp\/v2\/pages\/23708","targetHints":{"allow":["GET"]}}],"collection":[{"href":"https:\/\/af.ca\/ottawa\/en\/wp-json\/wp\/v2\/pages"}],"about":[{"href":"https:\/\/af.ca\/ottawa\/en\/wp-json\/wp\/v2\/types\/page"}],"author":[{"embeddable":true,"href":"https:\/\/af.ca\/ottawa\/en\/wp-json\/wp\/v2\/users\/3"}],"replies":[{"embeddable":true,"href":"https:\/\/af.ca\/ottawa\/en\/wp-json\/wp\/v2\/comments?post=23708"}],"version-history":[{"count":3,"href":"https:\/\/af.ca\/ottawa\/en\/wp-json\/wp\/v2\/pages\/23708\/revisions"}],"predecessor-version":[{"id":23719,"href":"https:\/\/af.ca\/ottawa\/en\/wp-json\/wp\/v2\/pages\/23708\/revisions\/23719"}],"wp:attachment":[{"href":"https:\/\/af.ca\/ottawa\/en\/wp-json\/wp\/v2\/media?parent=23708"}],"curies":[{"name":"wp","href":"https:\/\/api.w.org\/{rel}","templated":true}]}}