{"id":3493,"date":"2024-01-30T16:55:49","date_gmt":"2024-01-30T21:55:49","guid":{"rendered":"https:\/\/af.ca\/ottawa\/?page_id=3493"},"modified":"2026-03-31T10:10:10","modified_gmt":"2026-03-31T14:10:10","slug":"job-opportunities","status":"publish","type":"page","link":"https:\/\/af.ca\/ottawa\/en\/about-us\/job-opportunities\/","title":{"rendered":"Job opportunities"},"content":{"rendered":"<h2>Available job opportunities :<\/h2>\n<p>&nbsp;<\/p>\n<p><a href=\"https:\/\/af.ca\/ottawa\/wp-content\/uploads\/2021\/03\/PAGE-AGENDA-SITE-2.png\"><img loading=\"lazy\" decoding=\"async\" class=\"alignnone wp-image-12929\" src=\"https:\/\/af.ca\/ottawa\/wp-content\/uploads\/2021\/03\/PAGE-AGENDA-SITE-2.png\" alt=\"Offres d'emploi\" width=\"519\" height=\"405\" srcset=\"https:\/\/af.ca\/ottawa\/wp-content\/uploads\/2021\/03\/PAGE-AGENDA-SITE-2.png 500w, https:\/\/af.ca\/ottawa\/wp-content\/uploads\/2021\/03\/PAGE-AGENDA-SITE-2-300x234.png 300w\" sizes=\"auto, (max-width: 519px) 100vw, 519px\" \/><\/a><\/p>\n<h2><strong>Volunteer<\/strong><\/h2>\n<p>L\u2019Alliance Fran\u00e7aise Ottawa cherche r\u00e9guli\u00e8rement des b\u00e9n\u00e9voles ayant des comp\u00e9tences vari\u00e9es.<\/p>\n<p>Envoyez CV et lettre de motivation par courriel \u00e0 <span style=\"text-decoration: underline; color: #0000ff;\">info@af.ca<\/span>.<\/p>\n<p>Merci d\u2019avoir pens\u00e9 \u00e0 l\u2019Alliance Fran\u00e7aise Ottawa.<\/p>\n<p>&nbsp;<\/p>\n<h2>Teacher of French as a second language (FLE\/FLS)<\/h2>\n<p>L\u2019Alliance Fran\u00e7aise d\u2019Ottawa recherche un\u00b7e Enseignant\u00b7e de fran\u00e7ais langue seconde (FLE\/FLS) pour renforcer son \u00e9quipe.<\/p>\n<p>Pour plus de d\u00e9tails, consultez la <span style=\"color: #ff0000;\"><a style=\"color: #ff0000;\" href=\"https:\/\/af.ca\/ottawa\/wp-content\/uploads\/2026\/01\/Enseignant.e-de-francaise-langue-seconde-FLE-FLS.pdf\">fiche de poste.<\/a><\/span><\/p>\n<p>Merci d\u2019envoyer votre CV et une lettre de motivation \u00e0 : <a href=\"mailto:candidature_fle@af.ca\">candidature_fle@af.ca<\/a><\/p>\n<p>Seules les personnes s\u00e9lectionn\u00e9es pour une entrevue seront contact\u00e9es.<\/p>\n","protected":false},"excerpt":{"rendered":"<p>Available job opportunities : &nbsp; Volunteer L\u2019Alliance Fran\u00e7aise Ottawa cherche r\u00e9guli\u00e8rement des b\u00e9n\u00e9voles ayant des comp\u00e9tences vari\u00e9es. Envoyez CV et lettre de motivation par courriel \u00e0 info@af.ca. Merci d\u2019avoir pens\u00e9 \u00e0 l\u2019Alliance Fran\u00e7aise Ottawa. &nbsp; Teacher of French as a second language (FLE\/FLS) L\u2019Alliance Fran\u00e7aise d\u2019Ottawa recherche un\u00b7e Enseignant\u00b7e de fran\u00e7ais langue seconde (FLE\/FLS) pour&#8230;<\/p>\n<p><a class=\"button invert-primary\" href=\"https:\/\/af.ca\/ottawa\/en\/about-us\/job-opportunities\/\">Learn more<\/a><\/p>\n","protected":false},"author":6,"featured_media":0,"parent":3110,"menu_order":256,"comment_status":"closed","ping_status":"closed","template":"","meta":{"_acf_changed":false,"om_disable_all_campaigns":false,"_monsterinsights_skip_tracking":false,"_monsterinsights_sitenote_active":false,"_monsterinsights_sitenote_note":"","_monsterinsights_sitenote_category":0,"footnotes":""},"class_list":["post-3493","page","type-page","status-publish","hentry"],"acf":[],"yoast_head":"<!-- This site is optimized with the Yoast SEO plugin v27.3 - https:\/\/yoast.com\/product\/yoast-seo-wordpress\/ -->\n<title>Job opportunities - Alliance Fran\u00e7aise Ottawa<\/title>\n<meta name=\"description\" content=\"Alliance Fran\u00e7aise Ottawa suggests you Job opportunities : Gestionnaire du bureau, Expert comptable, Enseignant de fran\u00e7ais...\" \/>\n<meta name=\"robots\" content=\"index, follow, max-snippet:-1, max-image-preview:large, max-video-preview:-1\" \/>\n<link rel=\"canonical\" href=\"https:\/\/af.ca\/ottawa\/en\/about-us\/job-opportunities\/\" \/>\n<meta property=\"og:locale\" content=\"en_US\" \/>\n<meta property=\"og:type\" content=\"article\" \/>\n<meta property=\"og:title\" content=\"Job opportunities - Alliance Fran\u00e7aise Ottawa\" \/>\n<meta property=\"og:description\" content=\"Alliance Fran\u00e7aise Ottawa suggests you Job opportunities : Gestionnaire du bureau, Expert comptable, Enseignant de fran\u00e7ais...\" \/>\n<meta property=\"og:url\" content=\"https:\/\/af.ca\/ottawa\/en\/about-us\/job-opportunities\/\" \/>\n<meta property=\"og:site_name\" content=\"Alliance Fran\u00e7aise Ottawa\" \/>\n<meta property=\"article:modified_time\" content=\"2026-03-31T14:10:10+00:00\" \/>\n<meta property=\"og:image\" content=\"https:\/\/af.ca\/ottawa\/wp-content\/uploads\/2021\/03\/PAGE-AGENDA-SITE-2.png\" \/>\n\t<meta property=\"og:image:width\" content=\"500\" \/>\n\t<meta property=\"og:image:height\" content=\"390\" \/>\n\t<meta property=\"og:image:type\" content=\"image\/png\" \/>\n<meta name=\"twitter:card\" content=\"summary_large_image\" \/>\n<meta name=\"twitter:label1\" content=\"Est. reading time\" \/>\n\t<meta name=\"twitter:data1\" content=\"1 minute\" \/>\n<script type=\"application\/ld+json\" class=\"yoast-schema-graph\">{\"@context\":\"https:\\\/\\\/schema.org\",\"@graph\":[{\"@type\":\"WebPage\",\"@id\":\"https:\\\/\\\/af.ca\\\/ottawa\\\/en\\\/about-us\\\/job-opportunities\\\/\",\"url\":\"https:\\\/\\\/af.ca\\\/ottawa\\\/en\\\/about-us\\\/job-opportunities\\\/\",\"name\":\"Job opportunities - Alliance Fran\u00e7aise Ottawa\",\"isPartOf\":{\"@id\":\"https:\\\/\\\/af.ca\\\/ottawa\\\/#website\"},\"primaryImageOfPage\":{\"@id\":\"https:\\\/\\\/af.ca\\\/ottawa\\\/en\\\/about-us\\\/job-opportunities\\\/#primaryimage\"},\"image\":{\"@id\":\"https:\\\/\\\/af.ca\\\/ottawa\\\/en\\\/about-us\\\/job-opportunities\\\/#primaryimage\"},\"thumbnailUrl\":\"https:\\\/\\\/af.ca\\\/ottawa\\\/wp-content\\\/uploads\\\/2021\\\/03\\\/PAGE-AGENDA-SITE-2.png\",\"datePublished\":\"2024-01-30T21:55:49+00:00\",\"dateModified\":\"2026-03-31T14:10:10+00:00\",\"description\":\"Alliance Fran\u00e7aise Ottawa suggests you Job opportunities : Gestionnaire du bureau, Expert comptable, Enseignant de fran\u00e7ais...\",\"breadcrumb\":{\"@id\":\"https:\\\/\\\/af.ca\\\/ottawa\\\/en\\\/about-us\\\/job-opportunities\\\/#breadcrumb\"},\"inLanguage\":\"en-US\",\"potentialAction\":[{\"@type\":\"ReadAction\",\"target\":[\"https:\\\/\\\/af.ca\\\/ottawa\\\/en\\\/about-us\\\/job-opportunities\\\/\"]}]},{\"@type\":\"ImageObject\",\"inLanguage\":\"en-US\",\"@id\":\"https:\\\/\\\/af.ca\\\/ottawa\\\/en\\\/about-us\\\/job-opportunities\\\/#primaryimage\",\"url\":\"https:\\\/\\\/af.ca\\\/ottawa\\\/wp-content\\\/uploads\\\/2021\\\/03\\\/PAGE-AGENDA-SITE-2.png\",\"contentUrl\":\"https:\\\/\\\/af.ca\\\/ottawa\\\/wp-content\\\/uploads\\\/2021\\\/03\\\/PAGE-AGENDA-SITE-2.png\"},{\"@type\":\"BreadcrumbList\",\"@id\":\"https:\\\/\\\/af.ca\\\/ottawa\\\/en\\\/about-us\\\/job-opportunities\\\/#breadcrumb\",\"itemListElement\":[{\"@type\":\"ListItem\",\"position\":1,\"name\":\"Home\",\"item\":\"https:\\\/\\\/af.ca\\\/ottawa\\\/en\\\/\"},{\"@type\":\"ListItem\",\"position\":2,\"name\":\"Who are we?\",\"item\":\"https:\\\/\\\/af.ca\\\/ottawa\\\/en\\\/about-us\\\/\"},{\"@type\":\"ListItem\",\"position\":3,\"name\":\"Job opportunities\"}]},{\"@type\":\"WebSite\",\"@id\":\"https:\\\/\\\/af.ca\\\/ottawa\\\/#website\",\"url\":\"https:\\\/\\\/af.ca\\\/ottawa\\\/\",\"name\":\"Alliance Fran\u00e7aise Ottawa\",\"description\":\"French language school and cultural center\",\"potentialAction\":[{\"@type\":\"SearchAction\",\"target\":{\"@type\":\"EntryPoint\",\"urlTemplate\":\"https:\\\/\\\/af.ca\\\/ottawa\\\/?s={search_term_string}\"},\"query-input\":{\"@type\":\"PropertyValueSpecification\",\"valueRequired\":true,\"valueName\":\"search_term_string\"}}],\"inLanguage\":\"en-US\"}]}<\/script>\n<!-- \/ Yoast SEO plugin. -->","yoast_head_json":{"title":"Job opportunities - Alliance Fran\u00e7aise Ottawa","description":"Alliance Fran\u00e7aise Ottawa suggests you Job opportunities : Gestionnaire du bureau, Expert comptable, Enseignant de fran\u00e7ais...","robots":{"index":"index","follow":"follow","max-snippet":"max-snippet:-1","max-image-preview":"max-image-preview:large","max-video-preview":"max-video-preview:-1"},"canonical":"https:\/\/af.ca\/ottawa\/en\/about-us\/job-opportunities\/","og_locale":"en_US","og_type":"article","og_title":"Job opportunities - Alliance Fran\u00e7aise Ottawa","og_description":"Alliance Fran\u00e7aise Ottawa suggests you Job opportunities : Gestionnaire du bureau, Expert comptable, Enseignant de fran\u00e7ais...","og_url":"https:\/\/af.ca\/ottawa\/en\/about-us\/job-opportunities\/","og_site_name":"Alliance Fran\u00e7aise Ottawa","article_modified_time":"2026-03-31T14:10:10+00:00","og_image":[{"width":500,"height":390,"url":"https:\/\/af.ca\/ottawa\/wp-content\/uploads\/2021\/03\/PAGE-AGENDA-SITE-2.png","type":"image\/png"}],"twitter_card":"summary_large_image","twitter_misc":{"Est. reading time":"1 minute"},"schema":{"@context":"https:\/\/schema.org","@graph":[{"@type":"WebPage","@id":"https:\/\/af.ca\/ottawa\/en\/about-us\/job-opportunities\/","url":"https:\/\/af.ca\/ottawa\/en\/about-us\/job-opportunities\/","name":"Job opportunities - Alliance Fran\u00e7aise Ottawa","isPartOf":{"@id":"https:\/\/af.ca\/ottawa\/#website"},"primaryImageOfPage":{"@id":"https:\/\/af.ca\/ottawa\/en\/about-us\/job-opportunities\/#primaryimage"},"image":{"@id":"https:\/\/af.ca\/ottawa\/en\/about-us\/job-opportunities\/#primaryimage"},"thumbnailUrl":"https:\/\/af.ca\/ottawa\/wp-content\/uploads\/2021\/03\/PAGE-AGENDA-SITE-2.png","datePublished":"2024-01-30T21:55:49+00:00","dateModified":"2026-03-31T14:10:10+00:00","description":"Alliance Fran\u00e7aise Ottawa suggests you Job opportunities : Gestionnaire du bureau, Expert comptable, Enseignant de fran\u00e7ais...","breadcrumb":{"@id":"https:\/\/af.ca\/ottawa\/en\/about-us\/job-opportunities\/#breadcrumb"},"inLanguage":"en-US","potentialAction":[{"@type":"ReadAction","target":["https:\/\/af.ca\/ottawa\/en\/about-us\/job-opportunities\/"]}]},{"@type":"ImageObject","inLanguage":"en-US","@id":"https:\/\/af.ca\/ottawa\/en\/about-us\/job-opportunities\/#primaryimage","url":"https:\/\/af.ca\/ottawa\/wp-content\/uploads\/2021\/03\/PAGE-AGENDA-SITE-2.png","contentUrl":"https:\/\/af.ca\/ottawa\/wp-content\/uploads\/2021\/03\/PAGE-AGENDA-SITE-2.png"},{"@type":"BreadcrumbList","@id":"https:\/\/af.ca\/ottawa\/en\/about-us\/job-opportunities\/#breadcrumb","itemListElement":[{"@type":"ListItem","position":1,"name":"Home","item":"https:\/\/af.ca\/ottawa\/en\/"},{"@type":"ListItem","position":2,"name":"Who are we?","item":"https:\/\/af.ca\/ottawa\/en\/about-us\/"},{"@type":"ListItem","position":3,"name":"Job opportunities"}]},{"@type":"WebSite","@id":"https:\/\/af.ca\/ottawa\/#website","url":"https:\/\/af.ca\/ottawa\/","name":"Alliance Fran\u00e7aise Ottawa","description":"French language school and cultural center","potentialAction":[{"@type":"SearchAction","target":{"@type":"EntryPoint","urlTemplate":"https:\/\/af.ca\/ottawa\/?s={search_term_string}"},"query-input":{"@type":"PropertyValueSpecification","valueRequired":true,"valueName":"search_term_string"}}],"inLanguage":"en-US"}]}},"blog_post_layout_featured_media_urls":{"thumbnail":"","full":""},"categories_names":null,"comments_number":"0","_links":{"self":[{"href":"https:\/\/af.ca\/ottawa\/en\/wp-json\/wp\/v2\/pages\/3493","targetHints":{"allow":["GET"]}}],"collection":[{"href":"https:\/\/af.ca\/ottawa\/en\/wp-json\/wp\/v2\/pages"}],"about":[{"href":"https:\/\/af.ca\/ottawa\/en\/wp-json\/wp\/v2\/types\/page"}],"author":[{"embeddable":true,"href":"https:\/\/af.ca\/ottawa\/en\/wp-json\/wp\/v2\/users\/6"}],"replies":[{"embeddable":true,"href":"https:\/\/af.ca\/ottawa\/en\/wp-json\/wp\/v2\/comments?post=3493"}],"version-history":[{"count":6,"href":"https:\/\/af.ca\/ottawa\/en\/wp-json\/wp\/v2\/pages\/3493\/revisions"}],"predecessor-version":[{"id":24878,"href":"https:\/\/af.ca\/ottawa\/en\/wp-json\/wp\/v2\/pages\/3493\/revisions\/24878"}],"up":[{"embeddable":true,"href":"https:\/\/af.ca\/ottawa\/en\/wp-json\/wp\/v2\/pages\/3110"}],"wp:attachment":[{"href":"https:\/\/af.ca\/ottawa\/en\/wp-json\/wp\/v2\/media?parent=3493"}],"curies":[{"name":"wp","href":"https:\/\/api.w.org\/{rel}","templated":true}]}}