{"id":12858,"date":"2024-04-25T11:35:19","date_gmt":"2024-04-25T15:35:19","guid":{"rendered":"https:\/\/af.ca\/ottawa\/?page_id=12858"},"modified":"2025-06-23T11:20:18","modified_gmt":"2025-06-23T15:20:18","slug":"devenir-membre-de-lalliance-francaise-ottawa","status":"publish","type":"page","link":"https:\/\/af.ca\/ottawa\/culture\/devenir-membre-de-lalliance-francaise-ottawa\/","title":{"rendered":"devenir membre de l&rsquo;Alliance Fran\u00e7aise Ottawa"},"content":{"rendered":"<h4 style=\"text-align: center;\"><span style=\"color: #6b0505;\">Les membres de l\u2019Alliance Fran\u00e7aise Ottawa font partie d\u2019une communaut\u00e9 de francophones et de francophiles, amis de la langue et de la culture fran\u00e7aises ici \u00e0 Ottawa.<\/span><\/h4>\r\n<table style=\"height: 1359px; width: 101.194%; border-collapse: collapse; border-color: #000000; border-style: none;\" cellspacing=\"0\">\r\n<tbody>\r\n<tr style=\"height: 87px;\">\r\n<th style=\"width: 36.5444%; border-color: #ffffff; background-color: #ffffff; text-align: center; vertical-align: middle; height: 87px;\">\r\n<h4>\u00a0<\/h4>\r\n<\/th>\r\n<th style=\"width: 63.3934%; background-color: #ffffff; border-color: #ffffff; height: 87px; text-align: left;\">\r\n<h2>Les avantages<\/h2>\r\n<\/th>\r\n<\/tr>\r\n<tr style=\"height: 113px;\">\r\n<td style=\"width: 36.5444%; border-color: #ffffff; background-color: #ffffff; text-align: center; vertical-align: middle; height: 113px;\">\r\n<h4><strong><a href=\"https:\/\/af.ca\/ottawa\/culture\/mediatheque\/\"><img loading=\"lazy\" decoding=\"async\" class=\"aligncenter wp-image-6702 size-medium\" src=\"https:\/\/af.ca\/ottawa\/wp-content\/uploads\/2019\/10\/72112355_413946415977260_2723201714558599168_n-300x225.jpg\" alt=\"\" width=\"300\" height=\"225\" \/><\/a><\/strong><\/h4>\r\n<\/td>\r\n<td style=\"width: 63.3934%; background-color: #ffffff; height: 113px; border-color: #ffffff; text-align: left;\">\r\n<h4><strong>Libre acc\u00e8s \u00e0 la <a href=\"https:\/\/af.ca\/ottawa\/culture\/mediatheque\/\" target=\"_blank\" rel=\"noopener noreferrer\"><span style=\"color: #ff0000;\">M\u00e9diath\u00e8que<\/span><\/a> de l\u2019Alliance Fran\u00e7aise Ottawa et \u00e0 ses ressources : vous pourrez vous relaxer et d\u00e9couvrir notre collection de livres audios, de romans, de films, etc<\/strong><\/h4>\r\n<\/td>\r\n<\/tr>\r\n<tr style=\"height: 43px;\">\r\n<td style=\"width: 36.5444%; height: 43px; border-color: #ffffff; background-color: #ffffff; text-align: center; vertical-align: middle;\"><strong><a href=\"https:\/\/af.ca\/ottawa\/culture\/agenda\/\"><img loading=\"lazy\" decoding=\"async\" class=\"wp-image-6805 size-medium alignright\" src=\"https:\/\/af.ca\/ottawa\/wp-content\/uploads\/2019\/10\/PAGE-AGENDA-SITE-300x234.png\" alt=\"\" width=\"300\" height=\"234\" srcset=\"https:\/\/af.ca\/ottawa\/wp-content\/uploads\/2019\/10\/PAGE-AGENDA-SITE-300x234.png 300w, https:\/\/af.ca\/ottawa\/wp-content\/uploads\/2019\/10\/PAGE-AGENDA-SITE.png 500w\" sizes=\"auto, (max-width: 300px) 100vw, 300px\" \/><\/a><\/strong><\/td>\r\n<td style=\"width: 63.3934%; height: 43px; border-color: #ffffff; background-color: #ffffff; vertical-align: middle; text-align: left;\">\r\n<h4><strong><span style=\"font-size: inherit;\"><strong>Des prix r\u00e9duits ou la gratuit\u00e9 pour nos <\/strong><span style=\"color: #ff0000;\"><strong><a style=\"color: #ff0000;\" href=\"https:\/\/af.ca\/ottawa\/culture\/agenda\/\">\u00e9v\u00e9nements culturels<\/a>. <span style=\"color: #000000;\">Pour plus d&rsquo;informations, inscrivez-vous \u00e0 l&rsquo;<a href=\"https:\/\/visitor.r20.constantcontact.com\/d.jsp?llr=wl8tlcoab&amp;p=oi&amp;m=1114623307126&amp;sit=jswy8tcib&amp;f=1a203ecb-22ac-4aad-99a8-b07fa9a47c50\" target=\"_blank\" rel=\"noopener noreferrer\"><span style=\"color: #ff6600;\">infolettre<\/span><\/a><\/span><\/strong><\/span><\/span><\/strong><\/h4>\r\n<h4>\u00a0<\/h4>\r\n<p>&nbsp;<\/p>\r\n<p>&nbsp;<\/p>\r\n<\/td>\r\n<\/tr>\r\n<tr style=\"height: 83px;\">\r\n<td style=\"width: 36.5444%; height: 83px; border-color: #ffffff; background-color: #ffffff; text-align: center; vertical-align: middle;\"><a href=\"https:\/\/www.culturetheque.com\/\"><img loading=\"lazy\" decoding=\"async\" class=\"aligncenter wp-image-6717 size-medium\" src=\"https:\/\/af.ca\/ottawa\/wp-content\/uploads\/2019\/10\/culturetheque-grand1-1-300x94.jpg\" alt=\"\" width=\"300\" height=\"94\" srcset=\"https:\/\/af.ca\/ottawa\/wp-content\/uploads\/2019\/10\/culturetheque-grand1-1-300x94.jpg 300w, https:\/\/af.ca\/ottawa\/wp-content\/uploads\/2019\/10\/culturetheque-grand1-1-768x240.jpg 768w, https:\/\/af.ca\/ottawa\/wp-content\/uploads\/2019\/10\/culturetheque-grand1-1-1024x320.jpg 1024w\" sizes=\"auto, (max-width: 300px) 100vw, 300px\" \/><\/a><\/td>\r\n<td style=\"width: 63.3934%; height: 83px; border-color: #ffffff; background-color: #ffffff; vertical-align: middle;\">\r\n<h4><span style=\"font-size: inherit;\">Libre acc\u00e8s \u00e0 <\/span><a style=\"font-size: inherit;\" href=\"https:\/\/af.ca\/ottawa\/culture\/culturetheque\/\"><span style=\"color: #ff0000;\">Cultureth\u00e8que<\/span><\/a><span style=\"font-size: inherit;\">, la biblioth\u00e8que en ligne du r\u00e9seau culturel fran\u00e7ais, et \u00e0 ses quelques 50\u00a0000 ressources, accessibles partout et \u00e0 tout moment\u00a0!<\/span><\/h4>\r\n<\/td>\r\n<\/tr>\r\n<tr style=\"height: 62px;\">\r\n<td style=\"width: 36.5444%; height: 62px; border-color: #ffffff; background-color: #ffffff; text-align: center; vertical-align: middle;\">\r\n<p><span style=\"color: #ff0000;\"><a style=\"color: #ff0000;\" href=\"https:\/\/af.ca\/ottawa\/wp-content\/uploads\/2022\/08\/cna-1.jpg\"><img loading=\"lazy\" decoding=\"async\" class=\"alignnone size-medium wp-image-18552\" src=\"https:\/\/af.ca\/ottawa\/wp-content\/uploads\/2022\/08\/cna-1-300x158.jpg\" alt=\"\" width=\"300\" height=\"158\" srcset=\"https:\/\/af.ca\/ottawa\/wp-content\/uploads\/2022\/08\/cna-1-300x158.jpg 300w, https:\/\/af.ca\/ottawa\/wp-content\/uploads\/2022\/08\/cna-1-1024x538.jpg 1024w, https:\/\/af.ca\/ottawa\/wp-content\/uploads\/2022\/08\/cna-1-768x403.jpg 768w, https:\/\/af.ca\/ottawa\/wp-content\/uploads\/2022\/08\/cna-1.jpg 1200w\" sizes=\"auto, (max-width: 300px) 100vw, 300px\" \/><\/a><\/span><\/p>\r\n<p>&nbsp;<\/p>\r\n<\/td>\r\n<td style=\"width: 63.3934%; height: 62px; border-color: #ffffff; background-color: #ffffff; vertical-align: middle;\">\r\n<p><strong><span style=\"color: #ff0000;\">50% de r\u00e9duction sur les tickets<\/span> pour le Th\u00e9\u00e2tre Fran\u00e7ais <span style=\"color: #ff0000;\">du CNA<\/span> (Centre National des Arts).<\/strong><\/p>\r\n<p>&nbsp;<\/p>\r\n<p>&nbsp;<\/p>\r\n<p>&nbsp;<\/p>\r\n<p>&nbsp;<\/p>\r\n<\/td>\r\n<\/tr>\r\n<tr style=\"height: 86px;\">\r\n<td style=\"width: 36.5444%; height: 10px; border-color: #ffffff; background-color: #ffffff; text-align: center; vertical-align: middle;\">\r\n<p>&nbsp;<\/p>\r\n<p><a href=\"https:\/\/af.ca\/ottawa\/wp-content\/uploads\/2019\/10\/pilates.jpg\"><img loading=\"lazy\" decoding=\"async\" class=\"alignnone size-medium wp-image-6712\" src=\"https:\/\/af.ca\/ottawa\/wp-content\/uploads\/2019\/10\/pilates-300x300.jpg\" alt=\"\" width=\"300\" height=\"300\" srcset=\"https:\/\/af.ca\/ottawa\/wp-content\/uploads\/2019\/10\/pilates-300x300.jpg 300w, https:\/\/af.ca\/ottawa\/wp-content\/uploads\/2019\/10\/pilates-150x150.jpg 150w, https:\/\/af.ca\/ottawa\/wp-content\/uploads\/2019\/10\/pilates-125x125.jpg 125w, https:\/\/af.ca\/ottawa\/wp-content\/uploads\/2019\/10\/pilates.jpg 639w\" sizes=\"auto, (max-width: 300px) 100vw, 300px\" \/><\/a><\/p>\r\n<p>&nbsp;<\/p>\r\n<p><a href=\"https:\/\/af.ca\/ottawa\/wp-content\/uploads\/2024\/01\/logo-ciel_99ccff.png\"><img loading=\"lazy\" decoding=\"async\" class=\"alignnone size-medium wp-image-21522\" src=\"https:\/\/af.ca\/ottawa\/wp-content\/uploads\/2024\/01\/logo-ciel_99ccff-300x293.png\" alt=\"\" width=\"300\" height=\"293\" srcset=\"https:\/\/af.ca\/ottawa\/wp-content\/uploads\/2024\/01\/logo-ciel_99ccff-300x293.png 300w, https:\/\/af.ca\/ottawa\/wp-content\/uploads\/2024\/01\/logo-ciel_99ccff-768x750.png 768w, https:\/\/af.ca\/ottawa\/wp-content\/uploads\/2024\/01\/logo-ciel_99ccff.png 794w\" sizes=\"auto, (max-width: 300px) 100vw, 300px\" \/><\/a><\/p>\r\n<\/td>\r\n<td style=\"width: 63.3934%; height: 10px; border-color: #ffffff; background-color: #ffffff; vertical-align: middle;\">\r\n<p>&nbsp;<\/p>\r\n<p>&nbsp;<\/p>\r\n<p>&nbsp;<\/p>\r\n<p>&nbsp;<\/p>\r\n<p>&nbsp;<\/p>\r\n<p><strong><span style=\"color: #ff0000;\">-20%<\/span> pour toute commande cours <span data-teams=\"true\">sur matelas en groupe<\/span> chez Pilates Space. <span data-teams=\"true\">Il vous suffit de vous pr\u00e9senter au studio en\u00a0 justifiant votre statut de membre de l&rsquo;Alliance Fran\u00e7aise Ottawa pour b\u00e9n\u00e9ficier du rabais.<\/span><\/strong><\/p>\r\n<p>&nbsp;<\/p>\r\n<p>&nbsp;<\/p>\r\n<p>&nbsp;<\/p>\r\n<p>&nbsp;<\/p>\r\n<p>&nbsp;<\/p>\r\n<p>&nbsp;<\/p>\r\n<p>&nbsp;<\/p>\r\n<p>&nbsp;<\/p>\r\n<p><strong>B\u00e9n\u00e9ficiez de <span style=\"color: #ff0000;\">l\u2019adh\u00e9sion annuelle offerte\u00a0<\/span>au March\u00e9 de l\u2019Outaouais ! (valeur de $30)<\/strong><\/p>\r\n<p>&nbsp;<\/p>\r\n<p>&nbsp;<\/p>\r\n<p>&nbsp;<\/p>\r\n<p>&nbsp;<\/p>\r\n<\/td>\r\n<\/tr>\r\n<\/tbody>\r\n<\/table>\r\n<h2><span style=\"color: #000000;\">Quels sont les tarifs pour adh\u00e9rer\u00a0?<\/span><\/h2>\r\n<ul>\r\n<li>L\u2019adh\u00e9sion individuelle \u00e0 l\u2019Alliance Fran\u00e7aise Ottawa est de 30 $.<\/li>\r\n<li>L\u2019adh\u00e9sion famille (\u00e0 partir de deux personnes) \u00e0 l\u2019Alliance Fran\u00e7aise Ottawa est de 50 $.<\/li>\r\n<li>L&rsquo;adh\u00e9sion \u00e9tudiante individuelle \u00e0 l&rsquo;Alliance Fran\u00e7aise Ottawa est de 25$.<\/li>\r\n<li>L&rsquo;adh\u00e9sion \u00e9tudiante famille (\u00e0 partir de deux personnes) \u00e0 l&rsquo;Alliance Fran\u00e7aise est de 42$.<\/li>\r\n<li>Votre adh\u00e9sion deviendra effective d\u00e8s r\u00e9ception du montant de la cotisation et sera\u00a0valable pour une ann\u00e9e (date \u00e0 date).<\/li>\r\n<\/ul>\r\n<hr \/>\r\n<h2><span style=\"color: #000000;\">Comment devenir membre de l\u2019Alliance Fran\u00e7aise Ottawa\u00a0?<\/span><\/h2>\r\n<h2><span style=\"background-color: #ffff99;\"><strong>3 options :<\/strong><\/span><\/h2>\r\n<h4>&#8211; En personne \u00e0 la r\u00e9ception de l\u2019Alliance Fran\u00e7aise Ottawa au 352 rue MacLaren\u00a0<\/h4>\r\n<h4>&#8211; Par t\u00e9l\u00e9phone au 613-234-9470<\/h4>\r\n<h4>&#8211; En ligne :\u200b<\/h4>\r\n\r\n<div class='kiosque-aec'><ngx-element\n selector='showProducts'\n data-product-type='4'\n data-etablishment-branch-id=''\n data-show-category-title=''\n data-lang='fr_FR'><\/ngx-element><\/div>\r\n","protected":false},"excerpt":{"rendered":"<p>Les membres de l\u2019Alliance Fran\u00e7aise Ottawa font partie d\u2019une communaut\u00e9 de francophones et de francophiles, amis de la langue et de la culture fran\u00e7aises ici \u00e0 Ottawa. \u00a0 Les avantages Libre acc\u00e8s \u00e0 la M\u00e9diath\u00e8que de l\u2019Alliance Fran\u00e7aise Ottawa et \u00e0 ses ressources : vous pourrez vous relaxer et d\u00e9couvrir notre collection de livres audios,&#8230;<\/p>\n<p><a class=\"button invert-primary\" href=\"https:\/\/af.ca\/ottawa\/culture\/devenir-membre-de-lalliance-francaise-ottawa\/\">En savoir plus<\/a><\/p>\n","protected":false},"author":3,"featured_media":0,"parent":2392,"menu_order":244,"comment_status":"closed","ping_status":"closed","template":"","meta":{"_acf_changed":false,"om_disable_all_campaigns":false,"_monsterinsights_skip_tracking":false,"_monsterinsights_sitenote_active":false,"_monsterinsights_sitenote_note":"","_monsterinsights_sitenote_category":0,"footnotes":""},"class_list":["post-12858","page","type-page","status-publish","hentry"],"acf":[],"yoast_head":"<!-- This site is optimized with the Yoast SEO plugin v27.4 - https:\/\/yoast.com\/product\/yoast-seo-wordpress\/ -->\n<title>Devenez membre - Alliance Fran\u00e7aise Ottawa<\/title>\n<meta name=\"description\" content=\"Devenir membre de l\u2019Alliance Fran\u00e7aise Ottawa signifie faire partie int\u00e9grante d\u2019une communaut\u00e9 de francophones et de francophiles \u00e0 Ottawa !\" \/>\n<meta name=\"robots\" content=\"index, follow, max-snippet:-1, max-image-preview:large, max-video-preview:-1\" \/>\n<link rel=\"canonical\" href=\"https:\/\/af.ca\/ottawa\/culture\/devenir-membre-de-lalliance-francaise-ottawa\/\" \/>\n<meta property=\"og:locale\" content=\"fr_FR\" \/>\n<meta property=\"og:type\" content=\"article\" \/>\n<meta property=\"og:title\" content=\"Devenez membre - Alliance Fran\u00e7aise Ottawa\" \/>\n<meta property=\"og:description\" content=\"Devenir membre de l\u2019Alliance Fran\u00e7aise Ottawa signifie faire partie int\u00e9grante d\u2019une communaut\u00e9 de francophones et de francophiles \u00e0 Ottawa !\" \/>\n<meta property=\"og:url\" content=\"https:\/\/af.ca\/ottawa\/culture\/devenir-membre-de-lalliance-francaise-ottawa\/\" \/>\n<meta property=\"og:site_name\" content=\"Alliance Fran\u00e7aise Ottawa\" \/>\n<meta property=\"article:modified_time\" content=\"2025-06-23T15:20:18+00:00\" \/>\n<meta property=\"og:image\" content=\"https:\/\/af.ca\/ottawa\/wp-content\/uploads\/2019\/10\/72112355_413946415977260_2723201714558599168_n-e1571856568679.jpg\" \/>\n\t<meta property=\"og:image:width\" content=\"2048\" \/>\n\t<meta property=\"og:image:height\" content=\"1290\" \/>\n\t<meta property=\"og:image:type\" content=\"image\/jpeg\" \/>\n<meta name=\"twitter:card\" content=\"summary_large_image\" \/>\n<meta name=\"twitter:label1\" content=\"Dur\u00e9e de lecture estim\u00e9e\" \/>\n\t<meta name=\"twitter:data1\" content=\"3 minutes\" \/>\n<script type=\"application\/ld+json\" class=\"yoast-schema-graph\">{\"@context\":\"https:\\\/\\\/schema.org\",\"@graph\":[{\"@type\":\"WebPage\",\"@id\":\"https:\\\/\\\/af.ca\\\/ottawa\\\/culture\\\/devenir-membre-de-lalliance-francaise-ottawa\\\/\",\"url\":\"https:\\\/\\\/af.ca\\\/ottawa\\\/culture\\\/devenir-membre-de-lalliance-francaise-ottawa\\\/\",\"name\":\"Devenez membre - Alliance Fran\u00e7aise Ottawa\",\"isPartOf\":{\"@id\":\"https:\\\/\\\/af.ca\\\/ottawa\\\/#website\"},\"primaryImageOfPage\":{\"@id\":\"https:\\\/\\\/af.ca\\\/ottawa\\\/culture\\\/devenir-membre-de-lalliance-francaise-ottawa\\\/#primaryimage\"},\"image\":{\"@id\":\"https:\\\/\\\/af.ca\\\/ottawa\\\/culture\\\/devenir-membre-de-lalliance-francaise-ottawa\\\/#primaryimage\"},\"thumbnailUrl\":\"https:\\\/\\\/af.ca\\\/ottawa\\\/wp-content\\\/uploads\\\/2019\\\/10\\\/72112355_413946415977260_2723201714558599168_n-300x225.jpg\",\"datePublished\":\"2024-04-25T15:35:19+00:00\",\"dateModified\":\"2025-06-23T15:20:18+00:00\",\"description\":\"Devenir membre de l\u2019Alliance Fran\u00e7aise Ottawa signifie faire partie int\u00e9grante d\u2019une communaut\u00e9 de francophones et de francophiles \u00e0 Ottawa !\",\"breadcrumb\":{\"@id\":\"https:\\\/\\\/af.ca\\\/ottawa\\\/culture\\\/devenir-membre-de-lalliance-francaise-ottawa\\\/#breadcrumb\"},\"inLanguage\":\"fr-FR\",\"potentialAction\":[{\"@type\":\"ReadAction\",\"target\":[\"https:\\\/\\\/af.ca\\\/ottawa\\\/culture\\\/devenir-membre-de-lalliance-francaise-ottawa\\\/\"]}]},{\"@type\":\"ImageObject\",\"inLanguage\":\"fr-FR\",\"@id\":\"https:\\\/\\\/af.ca\\\/ottawa\\\/culture\\\/devenir-membre-de-lalliance-francaise-ottawa\\\/#primaryimage\",\"url\":\"https:\\\/\\\/af.ca\\\/ottawa\\\/wp-content\\\/uploads\\\/2019\\\/10\\\/72112355_413946415977260_2723201714558599168_n-300x225.jpg\",\"contentUrl\":\"https:\\\/\\\/af.ca\\\/ottawa\\\/wp-content\\\/uploads\\\/2019\\\/10\\\/72112355_413946415977260_2723201714558599168_n-300x225.jpg\"},{\"@type\":\"BreadcrumbList\",\"@id\":\"https:\\\/\\\/af.ca\\\/ottawa\\\/culture\\\/devenir-membre-de-lalliance-francaise-ottawa\\\/#breadcrumb\",\"itemListElement\":[{\"@type\":\"ListItem\",\"position\":1,\"name\":\"Home\",\"item\":\"https:\\\/\\\/af.ca\\\/ottawa\\\/\"},{\"@type\":\"ListItem\",\"position\":2,\"name\":\"Culture\",\"item\":\"https:\\\/\\\/af.ca\\\/ottawa\\\/culture\\\/\"},{\"@type\":\"ListItem\",\"position\":3,\"name\":\"devenir membre de l&#8217;Alliance Fran\u00e7aise Ottawa\"}]},{\"@type\":\"WebSite\",\"@id\":\"https:\\\/\\\/af.ca\\\/ottawa\\\/#website\",\"url\":\"https:\\\/\\\/af.ca\\\/ottawa\\\/\",\"name\":\"Alliance Fran\u00e7aise Ottawa\",\"description\":\"\u00c9cole de langue fran\u00e7aise et centre culturel\",\"potentialAction\":[{\"@type\":\"SearchAction\",\"target\":{\"@type\":\"EntryPoint\",\"urlTemplate\":\"https:\\\/\\\/af.ca\\\/ottawa\\\/?s={search_term_string}\"},\"query-input\":{\"@type\":\"PropertyValueSpecification\",\"valueRequired\":true,\"valueName\":\"search_term_string\"}}],\"inLanguage\":\"fr-FR\"}]}<\/script>\n<!-- \/ Yoast SEO plugin. -->","yoast_head_json":{"title":"Devenez membre - Alliance Fran\u00e7aise Ottawa","description":"Devenir membre de l\u2019Alliance Fran\u00e7aise Ottawa signifie faire partie int\u00e9grante d\u2019une communaut\u00e9 de francophones et de francophiles \u00e0 Ottawa !","robots":{"index":"index","follow":"follow","max-snippet":"max-snippet:-1","max-image-preview":"max-image-preview:large","max-video-preview":"max-video-preview:-1"},"canonical":"https:\/\/af.ca\/ottawa\/culture\/devenir-membre-de-lalliance-francaise-ottawa\/","og_locale":"fr_FR","og_type":"article","og_title":"Devenez membre - Alliance Fran\u00e7aise Ottawa","og_description":"Devenir membre de l\u2019Alliance Fran\u00e7aise Ottawa signifie faire partie int\u00e9grante d\u2019une communaut\u00e9 de francophones et de francophiles \u00e0 Ottawa !","og_url":"https:\/\/af.ca\/ottawa\/culture\/devenir-membre-de-lalliance-francaise-ottawa\/","og_site_name":"Alliance Fran\u00e7aise Ottawa","article_modified_time":"2025-06-23T15:20:18+00:00","og_image":[{"width":2048,"height":1290,"url":"https:\/\/af.ca\/ottawa\/wp-content\/uploads\/2019\/10\/72112355_413946415977260_2723201714558599168_n-e1571856568679.jpg","type":"image\/jpeg"}],"twitter_card":"summary_large_image","twitter_misc":{"Dur\u00e9e de lecture estim\u00e9e":"3 minutes"},"schema":{"@context":"https:\/\/schema.org","@graph":[{"@type":"WebPage","@id":"https:\/\/af.ca\/ottawa\/culture\/devenir-membre-de-lalliance-francaise-ottawa\/","url":"https:\/\/af.ca\/ottawa\/culture\/devenir-membre-de-lalliance-francaise-ottawa\/","name":"Devenez membre - Alliance Fran\u00e7aise Ottawa","isPartOf":{"@id":"https:\/\/af.ca\/ottawa\/#website"},"primaryImageOfPage":{"@id":"https:\/\/af.ca\/ottawa\/culture\/devenir-membre-de-lalliance-francaise-ottawa\/#primaryimage"},"image":{"@id":"https:\/\/af.ca\/ottawa\/culture\/devenir-membre-de-lalliance-francaise-ottawa\/#primaryimage"},"thumbnailUrl":"https:\/\/af.ca\/ottawa\/wp-content\/uploads\/2019\/10\/72112355_413946415977260_2723201714558599168_n-300x225.jpg","datePublished":"2024-04-25T15:35:19+00:00","dateModified":"2025-06-23T15:20:18+00:00","description":"Devenir membre de l\u2019Alliance Fran\u00e7aise Ottawa signifie faire partie int\u00e9grante d\u2019une communaut\u00e9 de francophones et de francophiles \u00e0 Ottawa !","breadcrumb":{"@id":"https:\/\/af.ca\/ottawa\/culture\/devenir-membre-de-lalliance-francaise-ottawa\/#breadcrumb"},"inLanguage":"fr-FR","potentialAction":[{"@type":"ReadAction","target":["https:\/\/af.ca\/ottawa\/culture\/devenir-membre-de-lalliance-francaise-ottawa\/"]}]},{"@type":"ImageObject","inLanguage":"fr-FR","@id":"https:\/\/af.ca\/ottawa\/culture\/devenir-membre-de-lalliance-francaise-ottawa\/#primaryimage","url":"https:\/\/af.ca\/ottawa\/wp-content\/uploads\/2019\/10\/72112355_413946415977260_2723201714558599168_n-300x225.jpg","contentUrl":"https:\/\/af.ca\/ottawa\/wp-content\/uploads\/2019\/10\/72112355_413946415977260_2723201714558599168_n-300x225.jpg"},{"@type":"BreadcrumbList","@id":"https:\/\/af.ca\/ottawa\/culture\/devenir-membre-de-lalliance-francaise-ottawa\/#breadcrumb","itemListElement":[{"@type":"ListItem","position":1,"name":"Home","item":"https:\/\/af.ca\/ottawa\/"},{"@type":"ListItem","position":2,"name":"Culture","item":"https:\/\/af.ca\/ottawa\/culture\/"},{"@type":"ListItem","position":3,"name":"devenir membre de l&#8217;Alliance Fran\u00e7aise Ottawa"}]},{"@type":"WebSite","@id":"https:\/\/af.ca\/ottawa\/#website","url":"https:\/\/af.ca\/ottawa\/","name":"Alliance Fran\u00e7aise Ottawa","description":"\u00c9cole de langue fran\u00e7aise et centre culturel","potentialAction":[{"@type":"SearchAction","target":{"@type":"EntryPoint","urlTemplate":"https:\/\/af.ca\/ottawa\/?s={search_term_string}"},"query-input":{"@type":"PropertyValueSpecification","valueRequired":true,"valueName":"search_term_string"}}],"inLanguage":"fr-FR"}]}},"blog_post_layout_featured_media_urls":{"thumbnail":"","full":""},"categories_names":null,"comments_number":"0","_links":{"self":[{"href":"https:\/\/af.ca\/ottawa\/wp-json\/wp\/v2\/pages\/12858","targetHints":{"allow":["GET"]}}],"collection":[{"href":"https:\/\/af.ca\/ottawa\/wp-json\/wp\/v2\/pages"}],"about":[{"href":"https:\/\/af.ca\/ottawa\/wp-json\/wp\/v2\/types\/page"}],"author":[{"embeddable":true,"href":"https:\/\/af.ca\/ottawa\/wp-json\/wp\/v2\/users\/3"}],"replies":[{"embeddable":true,"href":"https:\/\/af.ca\/ottawa\/wp-json\/wp\/v2\/comments?post=12858"}],"version-history":[{"count":2,"href":"https:\/\/af.ca\/ottawa\/wp-json\/wp\/v2\/pages\/12858\/revisions"}],"predecessor-version":[{"id":23843,"href":"https:\/\/af.ca\/ottawa\/wp-json\/wp\/v2\/pages\/12858\/revisions\/23843"}],"up":[{"embeddable":true,"href":"https:\/\/af.ca\/ottawa\/wp-json\/wp\/v2\/pages\/2392"}],"wp:attachment":[{"href":"https:\/\/af.ca\/ottawa\/wp-json\/wp\/v2\/media?parent=12858"}],"curies":[{"name":"wp","href":"https:\/\/api.w.org\/{rel}","templated":true}]}}