{"id":14759,"date":"2021-06-17T10:19:53","date_gmt":"2021-06-17T14:19:53","guid":{"rendered":"https:\/\/af.ca\/ottawa\/?page_id=14759"},"modified":"2026-01-16T13:45:56","modified_gmt":"2026-01-16T18:45:56","slug":"agenda-2","status":"publish","type":"page","link":"https:\/\/af.ca\/ottawa\/culture\/agenda-2\/","title":{"rendered":"Agenda"},"content":{"rendered":"<div class='kiosque-aec'><ngx-element\n selector='list'\n data-default-view-mode='events-list'\n data-etablishment-branch-id=''\n data-event-type=''\n data-event-tag-ids=''\n data-events-to-show=''\n data-lang='fr_FR'><\/ngx-element><\/div>\n<p>&nbsp;<\/p>\n<p>&nbsp;<\/p>\n<p>&nbsp;<\/p>\n<p>&nbsp;<\/p>\n","protected":false},"excerpt":{"rendered":"<p>&nbsp; &nbsp; &nbsp; &nbsp;<\/p>\n","protected":false},"author":3,"featured_media":0,"parent":2392,"menu_order":233,"comment_status":"closed","ping_status":"closed","template":"templates\/culture-sous-sections.php","meta":{"_acf_changed":false,"om_disable_all_campaigns":false,"_monsterinsights_skip_tracking":false,"_monsterinsights_sitenote_active":false,"_monsterinsights_sitenote_note":"","_monsterinsights_sitenote_category":0,"footnotes":""},"class_list":["post-14759","page","type-page","status-publish","hentry"],"acf":[],"yoast_head":"<!-- This site is optimized with the Yoast SEO plugin v27.3 - https:\/\/yoast.com\/product\/yoast-seo-wordpress\/ -->\n<title>Agenda - Alliance Fran\u00e7aise Ottawa<\/title>\n<meta name=\"description\" content=\"Des activit\u00e9s francophones pour tous les publics et les budgets. Pratiquer votre fran\u00e7ais autrement : cin\u00e9ma, conf\u00e9rences, rencontres, d\u00e9gustations...\" \/>\n<meta name=\"robots\" content=\"index, follow, max-snippet:-1, max-image-preview:large, max-video-preview:-1\" \/>\n<link rel=\"canonical\" href=\"https:\/\/af.ca\/ottawa\/culture\/agenda-2\/\" \/>\n<meta property=\"og:locale\" content=\"fr_FR\" \/>\n<meta property=\"og:type\" content=\"article\" \/>\n<meta property=\"og:title\" content=\"Agenda - Alliance Fran\u00e7aise Ottawa\" \/>\n<meta property=\"og:description\" content=\"Des activit\u00e9s francophones pour tous les publics et les budgets. Pratiquer votre fran\u00e7ais autrement : cin\u00e9ma, conf\u00e9rences, rencontres, d\u00e9gustations...\" \/>\n<meta property=\"og:url\" content=\"https:\/\/af.ca\/ottawa\/culture\/agenda-2\/\" \/>\n<meta property=\"og:site_name\" content=\"Alliance Fran\u00e7aise Ottawa\" \/>\n<meta property=\"article:modified_time\" content=\"2026-01-16T18:45:56+00:00\" \/>\n<meta name=\"twitter:card\" content=\"summary_large_image\" \/>\n<meta name=\"twitter:label1\" content=\"Dur\u00e9e de lecture estim\u00e9e\" \/>\n\t<meta name=\"twitter:data1\" content=\"1 minute\" \/>\n<script type=\"application\/ld+json\" class=\"yoast-schema-graph\">{\"@context\":\"https:\\\/\\\/schema.org\",\"@graph\":[{\"@type\":\"WebPage\",\"@id\":\"https:\\\/\\\/af.ca\\\/ottawa\\\/culture\\\/agenda-2\\\/\",\"url\":\"https:\\\/\\\/af.ca\\\/ottawa\\\/culture\\\/agenda-2\\\/\",\"name\":\"Agenda - Alliance Fran\u00e7aise Ottawa\",\"isPartOf\":{\"@id\":\"https:\\\/\\\/af.ca\\\/ottawa\\\/#website\"},\"datePublished\":\"2021-06-17T14:19:53+00:00\",\"dateModified\":\"2026-01-16T18:45:56+00:00\",\"description\":\"Des activit\u00e9s francophones pour tous les publics et les budgets. Pratiquer votre fran\u00e7ais autrement : cin\u00e9ma, conf\u00e9rences, rencontres, d\u00e9gustations...\",\"breadcrumb\":{\"@id\":\"https:\\\/\\\/af.ca\\\/ottawa\\\/culture\\\/agenda-2\\\/#breadcrumb\"},\"inLanguage\":\"fr-FR\",\"potentialAction\":[{\"@type\":\"ReadAction\",\"target\":[\"https:\\\/\\\/af.ca\\\/ottawa\\\/culture\\\/agenda-2\\\/\"]}]},{\"@type\":\"BreadcrumbList\",\"@id\":\"https:\\\/\\\/af.ca\\\/ottawa\\\/culture\\\/agenda-2\\\/#breadcrumb\",\"itemListElement\":[{\"@type\":\"ListItem\",\"position\":1,\"name\":\"Home\",\"item\":\"https:\\\/\\\/af.ca\\\/ottawa\\\/\"},{\"@type\":\"ListItem\",\"position\":2,\"name\":\"Culture\",\"item\":\"https:\\\/\\\/af.ca\\\/ottawa\\\/culture\\\/\"},{\"@type\":\"ListItem\",\"position\":3,\"name\":\"Agenda\"}]},{\"@type\":\"WebSite\",\"@id\":\"https:\\\/\\\/af.ca\\\/ottawa\\\/#website\",\"url\":\"https:\\\/\\\/af.ca\\\/ottawa\\\/\",\"name\":\"Alliance Fran\u00e7aise Ottawa\",\"description\":\"\u00c9cole de langue fran\u00e7aise et centre culturel\",\"potentialAction\":[{\"@type\":\"SearchAction\",\"target\":{\"@type\":\"EntryPoint\",\"urlTemplate\":\"https:\\\/\\\/af.ca\\\/ottawa\\\/?s={search_term_string}\"},\"query-input\":{\"@type\":\"PropertyValueSpecification\",\"valueRequired\":true,\"valueName\":\"search_term_string\"}}],\"inLanguage\":\"fr-FR\"}]}<\/script>\n<!-- \/ Yoast SEO plugin. -->","yoast_head_json":{"title":"Agenda - Alliance Fran\u00e7aise Ottawa","description":"Des activit\u00e9s francophones pour tous les publics et les budgets. Pratiquer votre fran\u00e7ais autrement : cin\u00e9ma, conf\u00e9rences, rencontres, d\u00e9gustations...","robots":{"index":"index","follow":"follow","max-snippet":"max-snippet:-1","max-image-preview":"max-image-preview:large","max-video-preview":"max-video-preview:-1"},"canonical":"https:\/\/af.ca\/ottawa\/culture\/agenda-2\/","og_locale":"fr_FR","og_type":"article","og_title":"Agenda - Alliance Fran\u00e7aise Ottawa","og_description":"Des activit\u00e9s francophones pour tous les publics et les budgets. Pratiquer votre fran\u00e7ais autrement : cin\u00e9ma, conf\u00e9rences, rencontres, d\u00e9gustations...","og_url":"https:\/\/af.ca\/ottawa\/culture\/agenda-2\/","og_site_name":"Alliance Fran\u00e7aise Ottawa","article_modified_time":"2026-01-16T18:45:56+00:00","twitter_card":"summary_large_image","twitter_misc":{"Dur\u00e9e de lecture estim\u00e9e":"1 minute"},"schema":{"@context":"https:\/\/schema.org","@graph":[{"@type":"WebPage","@id":"https:\/\/af.ca\/ottawa\/culture\/agenda-2\/","url":"https:\/\/af.ca\/ottawa\/culture\/agenda-2\/","name":"Agenda - Alliance Fran\u00e7aise Ottawa","isPartOf":{"@id":"https:\/\/af.ca\/ottawa\/#website"},"datePublished":"2021-06-17T14:19:53+00:00","dateModified":"2026-01-16T18:45:56+00:00","description":"Des activit\u00e9s francophones pour tous les publics et les budgets. Pratiquer votre fran\u00e7ais autrement : cin\u00e9ma, conf\u00e9rences, rencontres, d\u00e9gustations...","breadcrumb":{"@id":"https:\/\/af.ca\/ottawa\/culture\/agenda-2\/#breadcrumb"},"inLanguage":"fr-FR","potentialAction":[{"@type":"ReadAction","target":["https:\/\/af.ca\/ottawa\/culture\/agenda-2\/"]}]},{"@type":"BreadcrumbList","@id":"https:\/\/af.ca\/ottawa\/culture\/agenda-2\/#breadcrumb","itemListElement":[{"@type":"ListItem","position":1,"name":"Home","item":"https:\/\/af.ca\/ottawa\/"},{"@type":"ListItem","position":2,"name":"Culture","item":"https:\/\/af.ca\/ottawa\/culture\/"},{"@type":"ListItem","position":3,"name":"Agenda"}]},{"@type":"WebSite","@id":"https:\/\/af.ca\/ottawa\/#website","url":"https:\/\/af.ca\/ottawa\/","name":"Alliance Fran\u00e7aise Ottawa","description":"\u00c9cole de langue fran\u00e7aise et centre culturel","potentialAction":[{"@type":"SearchAction","target":{"@type":"EntryPoint","urlTemplate":"https:\/\/af.ca\/ottawa\/?s={search_term_string}"},"query-input":{"@type":"PropertyValueSpecification","valueRequired":true,"valueName":"search_term_string"}}],"inLanguage":"fr-FR"}]}},"blog_post_layout_featured_media_urls":{"thumbnail":"","full":""},"categories_names":null,"comments_number":"0","_links":{"self":[{"href":"https:\/\/af.ca\/ottawa\/wp-json\/wp\/v2\/pages\/14759","targetHints":{"allow":["GET"]}}],"collection":[{"href":"https:\/\/af.ca\/ottawa\/wp-json\/wp\/v2\/pages"}],"about":[{"href":"https:\/\/af.ca\/ottawa\/wp-json\/wp\/v2\/types\/page"}],"author":[{"embeddable":true,"href":"https:\/\/af.ca\/ottawa\/wp-json\/wp\/v2\/users\/3"}],"replies":[{"embeddable":true,"href":"https:\/\/af.ca\/ottawa\/wp-json\/wp\/v2\/comments?post=14759"}],"version-history":[{"count":1,"href":"https:\/\/af.ca\/ottawa\/wp-json\/wp\/v2\/pages\/14759\/revisions"}],"predecessor-version":[{"id":24710,"href":"https:\/\/af.ca\/ottawa\/wp-json\/wp\/v2\/pages\/14759\/revisions\/24710"}],"up":[{"embeddable":true,"href":"https:\/\/af.ca\/ottawa\/wp-json\/wp\/v2\/pages\/2392"}],"wp:attachment":[{"href":"https:\/\/af.ca\/ottawa\/wp-json\/wp\/v2\/media?parent=14759"}],"curies":[{"name":"wp","href":"https:\/\/api.w.org\/{rel}","templated":true}]}}