{"id":17654,"date":"2022-04-07T13:24:03","date_gmt":"2022-04-07T17:24:03","guid":{"rendered":"https:\/\/af.ca\/ottawa\/?page_id=17654"},"modified":"2022-04-21T11:14:23","modified_gmt":"2022-04-21T15:14:23","slug":"cours-de-francais-gratuit","status":"publish","type":"page","link":"https:\/\/af.ca\/ottawa\/cours-de-francais-gratuit\/","title":{"rendered":"Mini cours de fran\u00e7ais gratuit"},"content":{"rendered":"<p>L\u2019Alliance Francaise Ottawa offrira 3 mini cours de (30 minutes) de fran\u00e7ais pour d\u00e9butants lors de sa journ\u00e9e portes ouvertes du samedi 23 avril.<\/p>\n<p>Si vous avez toujours voulu apprendre le fran\u00e7ais, ceci est votre chance pour tester votre niveau et voir quelle formule de cours vous correspond.<\/p>\n<p>Nous vous apprendrons les bases pour \u00e9crire en fran\u00e7ais, suivi d&rsquo;un atelier au cours duquel vous pourrez converser avec d&rsquo;autres apprenants en plus d&rsquo;un aper\u00e7u sur la formation ELS (\u00c9valuation de Langue Seconde) pour les employ\u00e9s du gouvernement.<\/p>\n<p>Vous aurez aussi la chance de participer \u00e0 des concours pour gagner plusieurs lots dont, une session de cours gratuit, 50% de r\u00e9duction sur votre inscription et une carte de membre gratuit.<\/p>\n<p>&nbsp;<\/p>\n<p><span style=\"color: #ff0000;\"><em>Offre valide seulement le 23 avril 2022, \u00e0 l&rsquo;Alliance Fran\u00e7aise Ottawa.<\/em><\/span><\/p>\n<p>&nbsp;<\/p>\n<table style=\"border-collapse: collapse; width: 90.6647%; height: 90px;\">\n<tbody>\n<tr style=\"height: 90px;\">\n<td style=\"width: 29.1602%; height: 90px;\"><a href=\"https:\/\/af.ca\/ottawa\/cours-de-francais\/#\/\"><img loading=\"lazy\" decoding=\"async\" class=\"size-medium wp-image-17676 aligncenter\" src=\"https:\/\/af.ca\/ottawa\/wp-content\/uploads\/2022\/04\/ECRITE-300x300.png\" alt=\"\" width=\"300\" height=\"300\" srcset=\"https:\/\/af.ca\/ottawa\/wp-content\/uploads\/2022\/04\/ECRITE-300x300.png 300w, https:\/\/af.ca\/ottawa\/wp-content\/uploads\/2022\/04\/ECRITE-1024x1024.png 1024w, https:\/\/af.ca\/ottawa\/wp-content\/uploads\/2022\/04\/ECRITE-150x150.png 150w, https:\/\/af.ca\/ottawa\/wp-content\/uploads\/2022\/04\/ECRITE-768x768.png 768w, https:\/\/af.ca\/ottawa\/wp-content\/uploads\/2022\/04\/ECRITE-125x125.png 125w, https:\/\/af.ca\/ottawa\/wp-content\/uploads\/2022\/04\/ECRITE.png 1080w\" sizes=\"auto, (max-width: 300px) 100vw, 300px\" \/><\/a><\/td>\n<td style=\"width: 30.4304%; height: 90px;\"><a href=\"https:\/\/af.ca\/ottawa\/cours\/atelier-de-conversation-en-francais\/#\/\"><img loading=\"lazy\" decoding=\"async\" class=\"size-medium wp-image-17682 aligncenter\" src=\"https:\/\/af.ca\/ottawa\/wp-content\/uploads\/2022\/04\/ATELIER-2-300x300.png\" alt=\"\" width=\"300\" height=\"300\" srcset=\"https:\/\/af.ca\/ottawa\/wp-content\/uploads\/2022\/04\/ATELIER-2-300x300.png 300w, https:\/\/af.ca\/ottawa\/wp-content\/uploads\/2022\/04\/ATELIER-2-1024x1024.png 1024w, https:\/\/af.ca\/ottawa\/wp-content\/uploads\/2022\/04\/ATELIER-2-150x150.png 150w, https:\/\/af.ca\/ottawa\/wp-content\/uploads\/2022\/04\/ATELIER-2-768x768.png 768w, https:\/\/af.ca\/ottawa\/wp-content\/uploads\/2022\/04\/ATELIER-2-125x125.png 125w, https:\/\/af.ca\/ottawa\/wp-content\/uploads\/2022\/04\/ATELIER-2.png 1080w\" sizes=\"auto, (max-width: 300px) 100vw, 300px\" \/><\/a><\/td>\n<td style=\"width: 30.799%; height: 90px;\"><a href=\"https:\/\/af.ca\/ottawa\/fonction-publique\/#\/\"><img loading=\"lazy\" decoding=\"async\" class=\"size-medium wp-image-17680 aligncenter\" src=\"https:\/\/af.ca\/ottawa\/wp-content\/uploads\/2022\/04\/SLE-300x300.png\" alt=\"\" width=\"300\" height=\"300\" srcset=\"https:\/\/af.ca\/ottawa\/wp-content\/uploads\/2022\/04\/SLE-300x300.png 300w, https:\/\/af.ca\/ottawa\/wp-content\/uploads\/2022\/04\/SLE-1024x1024.png 1024w, https:\/\/af.ca\/ottawa\/wp-content\/uploads\/2022\/04\/SLE-150x150.png 150w, https:\/\/af.ca\/ottawa\/wp-content\/uploads\/2022\/04\/SLE-768x768.png 768w, https:\/\/af.ca\/ottawa\/wp-content\/uploads\/2022\/04\/SLE-125x125.png 125w, https:\/\/af.ca\/ottawa\/wp-content\/uploads\/2022\/04\/SLE.png 1080w\" sizes=\"auto, (max-width: 300px) 100vw, 300px\" \/><\/a><\/td>\n<\/tr>\n<\/tbody>\n<\/table>\n<p>&nbsp;<\/p>\n<p><strong>Rejoignez-nous \u00e0 notre journ\u00e9e porte ouvertes pour profiter de cette offre.<\/strong><\/p>\n<p><strong>Date<\/strong> : Samedi 23 avril<\/p>\n<p><strong>Heure<\/strong> : \u00c0 partir de 14h<\/p>\n<p><strong>Adresse<\/strong> : \u00e0 l&rsquo;Alliance Francaise Ottawa, 352, rue MacLaren<br \/>\nOttawa ON K2P 0M6<\/p>\n<p><a href=\"https:\/\/af.ca\/ottawa\/details-de-levenement\/?eventId=443#\/\"><img loading=\"lazy\" decoding=\"async\" class=\"alignnone size-medium wp-image-17663\" src=\"https:\/\/af.ca\/ottawa\/wp-content\/uploads\/2022\/04\/Sinscrire-300x111.png\" alt=\"\" width=\"300\" height=\"111\" srcset=\"https:\/\/af.ca\/ottawa\/wp-content\/uploads\/2022\/04\/Sinscrire-300x111.png 300w, https:\/\/af.ca\/ottawa\/wp-content\/uploads\/2022\/04\/Sinscrire-768x284.png 768w, https:\/\/af.ca\/ottawa\/wp-content\/uploads\/2022\/04\/Sinscrire.png 851w\" sizes=\"auto, (max-width: 300px) 100vw, 300px\" \/><\/a><\/p>\n<p>&nbsp;<\/p>\n<p>&nbsp;<\/p>\n<p>&nbsp;<\/p>\n<p><strong><a href=\"https:\/\/af.ca\/ottawa\/cours-de-francais\/#\/\">Plus d&rsquo;information \u00e0 propos de nos programmes<\/a><\/strong><\/p>\n<p>&nbsp;<\/p>\n<h2><span style=\"color: #da0020;\">Pourquoi apprendre le fran\u00e7ais avec l&rsquo;Alliance Francaise Ottawa<\/span><\/h2>\n<ul>\n<li>Petits groupes (min, 4- max. 12 \u00e9tudiants) sessions courtes et efficaces, appraoch personnalis\u00e9<\/li>\n<li>Des cours priv\u00e9s avec des objectifs d&rsquo;apprentissage adapt\u00e9s \u00e0 vos besoins sp\u00e9cifiques<\/li>\n<li>Un suivi r\u00e9gulier de vos progr\u00e8s<\/li>\n<li>Une m\u00e9thode d&rsquo;enseignement bas\u00e9e sur la conversation en fran\u00e7ais et la participation active des \u00e9tudiants<\/li>\n<li>Des cours en ligne bien adapt\u00e9s \u00e0 votre emploi du temps<\/li>\n<li>Des instructeurs exp\u00e9riment\u00e9s et qualifi\u00e9s suivant des formations r\u00e9guli\u00e8res<\/li>\n<li>Un acc\u00e8s \u00e0 la biblioth\u00e8que et \u00e0 la biblioth\u00e8que \u00e9lectronique (cultureth\u00e8que) pour maximiser votre exp\u00e9rience d&rsquo;apprentissage<\/li>\n<li>Pratique du fran\u00e7ais en dehors de la classe lors d&rsquo;activit\u00e9s sociales et culturelles.<\/li>\n<li>Accr\u00e9dit\u00e9 par le gouvernement f\u00e9d\u00e9ral canadien<\/li>\n<li>Un enseignement de qualit\u00e9 offert dans un r\u00e9seau de 835 \u00e9coles de l&rsquo;Alliance Francaise dans le monde (500 000 \u00e9tudiants par an) avec plus de 120 ans d&rsquo;exp\u00e9rience dans l&rsquo;enseignement du fran\u00e7ais comme seconde langue.<\/li>\n<\/ul>\n<p>&nbsp;<\/p>\n<p>&nbsp;<\/p>\n<p>&nbsp;<\/p>\n<h3><span style=\"color: #da0020;\">\u00c0 propos de l&rsquo;Alliance Francaise Ottawa<\/span><\/h3>\n<p>L\u2019Alliance Fran\u00e7aise Ottawa fait partie d\u2019un vaste r\u00e9seau international n\u00e9 en 1883, dont les missions sont de diffuser la langue fran\u00e7aise et de promouvoir les cultures fran\u00e7aises et francophones dans le monde.<\/p>\n<p>Dans les 134 pays o\u00f9 elles sont pr\u00e9sentes, les Alliances Fran\u00e7aises sont des organismes \u00e0 but non lucratif de droit local\u00a0; l\u2019Alliance Fran\u00e7aise Ottawa est une association canadienne cr\u00e9\u00e9e en 1905.<\/p>\n<p>Il y a 8 autres Alliances Fran\u00e7aises au Canada, sur tout le territoire\u00a0:\u00a0<a href=\"http:\/\/www.af.ca\/halifax\/index.htm\" target=\"_blank\" rel=\"noopener noreferrer\">Halifax<\/a>,\u00a0<a href=\"http:\/\/www.afmoncton.ca\/\" target=\"_blank\" rel=\"noopener noreferrer\">Moncton<\/a>,\u00a0<a href=\"https:\/\/www.alliance-francaise.ca\/fr\/\" target=\"_blank\" rel=\"noopener noreferrer\">Toronto<\/a>,\u00a0<a href=\"http:\/\/www.afmanitoba.ca\/\" target=\"_blank\" rel=\"noopener noreferrer\">Manitoba<\/a>,\u00a0<a href=\"http:\/\/www.af.ca\/edmonton\/\" target=\"_blank\" rel=\"noopener noreferrer\">Edmonton<\/a>,\u00a0<a href=\"http:\/\/www.afcalgary.ca\/\" target=\"_blank\" rel=\"noopener noreferrer\">Calgary<\/a>,\u00a0<a href=\"http:\/\/www.alliancefrancaise.ca\/\" target=\"_blank\" rel=\"noopener noreferrer\">Vancouver<\/a>,\u00a0<a href=\"http:\/\/www.afvictoria.ca\/\" target=\"_blank\" rel=\"noopener noreferrer\">Victoria<\/a>. Leur coordination est assur\u00e9e par la d\u00e9l\u00e9gation de la\u00a0<em>Fondation Alliance Fran\u00e7aise au Canada<\/em>, situ\u00e9e \u00e0 l\u2019Alliance Fran\u00e7aise Ottawa.<\/p>\n<p><span style=\"color: #da0020;\"><strong><a style=\"color: #da0020;\" href=\"https:\/\/af.ca\/ottawa\/qui-sommes-nous\/#\/\">En savoir plus<\/a><\/strong><\/span><\/p>\n","protected":false},"excerpt":{"rendered":"<p>L\u2019Alliance Francaise Ottawa offrira 3 mini cours de (30 minutes) de fran\u00e7ais pour d\u00e9butants lors de sa journ\u00e9e portes ouvertes du samedi 23 avril. Si vous avez toujours voulu apprendre le fran\u00e7ais, ceci est votre chance pour tester votre niveau et voir quelle formule de cours vous correspond. Nous vous apprendrons les bases pour \u00e9crire&#8230;<\/p>\n<p><a class=\"button invert-primary\" href=\"https:\/\/af.ca\/ottawa\/cours-de-francais-gratuit\/\">En savoir plus<\/a><\/p>\n","protected":false},"author":3,"featured_media":0,"parent":0,"menu_order":163,"comment_status":"closed","ping_status":"closed","template":"","meta":{"_acf_changed":false,"om_disable_all_campaigns":false,"_monsterinsights_skip_tracking":false,"_monsterinsights_sitenote_active":false,"_monsterinsights_sitenote_note":"","_monsterinsights_sitenote_category":0,"footnotes":""},"class_list":["post-17654","page","type-page","status-publish","hentry"],"acf":[],"yoast_head":"<!-- This site is optimized with the Yoast SEO plugin v27.5 - https:\/\/yoast.com\/product\/yoast-seo-wordpress\/ -->\n<title>Mini cours de fran\u00e7ais gratuit - Alliance Fran\u00e7aise Ottawa<\/title>\n<meta name=\"robots\" content=\"index, follow, max-snippet:-1, max-image-preview:large, max-video-preview:-1\" \/>\n<link rel=\"canonical\" href=\"https:\/\/af.ca\/ottawa\/cours-de-francais-gratuit\/\" \/>\n<meta property=\"og:locale\" content=\"fr_FR\" \/>\n<meta property=\"og:type\" content=\"article\" \/>\n<meta property=\"og:title\" content=\"Mini cours de fran\u00e7ais gratuit - Alliance Fran\u00e7aise Ottawa\" \/>\n<meta property=\"og:description\" content=\"L\u2019Alliance Francaise Ottawa offrira 3 mini cours de (30 minutes) de fran\u00e7ais pour d\u00e9butants lors de sa journ\u00e9e portes ouvertes du samedi 23 avril. Si vous avez toujours voulu apprendre le fran\u00e7ais, ceci est votre chance pour tester votre niveau et voir quelle formule de cours vous correspond. Nous vous apprendrons les bases pour \u00e9crire...En savoir plus\" \/>\n<meta property=\"og:url\" content=\"https:\/\/af.ca\/ottawa\/cours-de-francais-gratuit\/\" \/>\n<meta property=\"og:site_name\" content=\"Alliance Fran\u00e7aise Ottawa\" \/>\n<meta property=\"article:modified_time\" content=\"2022-04-21T15:14:23+00:00\" \/>\n<meta property=\"og:image\" content=\"https:\/\/af.ca\/ottawa\/wp-content\/uploads\/2022\/04\/ECRITE-300x300.png\" \/>\n<meta name=\"twitter:card\" content=\"summary_large_image\" \/>\n<meta name=\"twitter:label1\" content=\"Dur\u00e9e de lecture estim\u00e9e\" \/>\n\t<meta name=\"twitter:data1\" content=\"3 minutes\" \/>\n<script type=\"application\/ld+json\" class=\"yoast-schema-graph\">{\"@context\":\"https:\\\/\\\/schema.org\",\"@graph\":[{\"@type\":\"WebPage\",\"@id\":\"https:\\\/\\\/af.ca\\\/ottawa\\\/cours-de-francais-gratuit\\\/\",\"url\":\"https:\\\/\\\/af.ca\\\/ottawa\\\/cours-de-francais-gratuit\\\/\",\"name\":\"Mini cours de fran\u00e7ais gratuit - Alliance Fran\u00e7aise Ottawa\",\"isPartOf\":{\"@id\":\"https:\\\/\\\/af.ca\\\/ottawa\\\/#website\"},\"primaryImageOfPage\":{\"@id\":\"https:\\\/\\\/af.ca\\\/ottawa\\\/cours-de-francais-gratuit\\\/#primaryimage\"},\"image\":{\"@id\":\"https:\\\/\\\/af.ca\\\/ottawa\\\/cours-de-francais-gratuit\\\/#primaryimage\"},\"thumbnailUrl\":\"https:\\\/\\\/af.ca\\\/ottawa\\\/wp-content\\\/uploads\\\/2022\\\/04\\\/ECRITE-300x300.png\",\"datePublished\":\"2022-04-07T17:24:03+00:00\",\"dateModified\":\"2022-04-21T15:14:23+00:00\",\"breadcrumb\":{\"@id\":\"https:\\\/\\\/af.ca\\\/ottawa\\\/cours-de-francais-gratuit\\\/#breadcrumb\"},\"inLanguage\":\"fr-FR\",\"potentialAction\":[{\"@type\":\"ReadAction\",\"target\":[\"https:\\\/\\\/af.ca\\\/ottawa\\\/cours-de-francais-gratuit\\\/\"]}]},{\"@type\":\"ImageObject\",\"inLanguage\":\"fr-FR\",\"@id\":\"https:\\\/\\\/af.ca\\\/ottawa\\\/cours-de-francais-gratuit\\\/#primaryimage\",\"url\":\"https:\\\/\\\/af.ca\\\/ottawa\\\/wp-content\\\/uploads\\\/2022\\\/04\\\/ECRITE.png\",\"contentUrl\":\"https:\\\/\\\/af.ca\\\/ottawa\\\/wp-content\\\/uploads\\\/2022\\\/04\\\/ECRITE.png\",\"width\":1080,\"height\":1080},{\"@type\":\"BreadcrumbList\",\"@id\":\"https:\\\/\\\/af.ca\\\/ottawa\\\/cours-de-francais-gratuit\\\/#breadcrumb\",\"itemListElement\":[{\"@type\":\"ListItem\",\"position\":1,\"name\":\"Home\",\"item\":\"https:\\\/\\\/af.ca\\\/ottawa\\\/\"},{\"@type\":\"ListItem\",\"position\":2,\"name\":\"Mini cours de fran\u00e7ais gratuit\"}]},{\"@type\":\"WebSite\",\"@id\":\"https:\\\/\\\/af.ca\\\/ottawa\\\/#website\",\"url\":\"https:\\\/\\\/af.ca\\\/ottawa\\\/\",\"name\":\"Alliance Fran\u00e7aise Ottawa\",\"description\":\"\u00c9cole de langue fran\u00e7aise et centre culturel\",\"potentialAction\":[{\"@type\":\"SearchAction\",\"target\":{\"@type\":\"EntryPoint\",\"urlTemplate\":\"https:\\\/\\\/af.ca\\\/ottawa\\\/?s={search_term_string}\"},\"query-input\":{\"@type\":\"PropertyValueSpecification\",\"valueRequired\":true,\"valueName\":\"search_term_string\"}}],\"inLanguage\":\"fr-FR\"}]}<\/script>\n<!-- \/ Yoast SEO plugin. -->","yoast_head_json":{"title":"Mini cours de fran\u00e7ais gratuit - Alliance Fran\u00e7aise Ottawa","robots":{"index":"index","follow":"follow","max-snippet":"max-snippet:-1","max-image-preview":"max-image-preview:large","max-video-preview":"max-video-preview:-1"},"canonical":"https:\/\/af.ca\/ottawa\/cours-de-francais-gratuit\/","og_locale":"fr_FR","og_type":"article","og_title":"Mini cours de fran\u00e7ais gratuit - Alliance Fran\u00e7aise Ottawa","og_description":"L\u2019Alliance Francaise Ottawa offrira 3 mini cours de (30 minutes) de fran\u00e7ais pour d\u00e9butants lors de sa journ\u00e9e portes ouvertes du samedi 23 avril. Si vous avez toujours voulu apprendre le fran\u00e7ais, ceci est votre chance pour tester votre niveau et voir quelle formule de cours vous correspond. Nous vous apprendrons les bases pour \u00e9crire...En savoir plus","og_url":"https:\/\/af.ca\/ottawa\/cours-de-francais-gratuit\/","og_site_name":"Alliance Fran\u00e7aise Ottawa","article_modified_time":"2022-04-21T15:14:23+00:00","og_image":[{"url":"https:\/\/af.ca\/ottawa\/wp-content\/uploads\/2022\/04\/ECRITE-300x300.png","type":"","width":"","height":""}],"twitter_card":"summary_large_image","twitter_misc":{"Dur\u00e9e de lecture estim\u00e9e":"3 minutes"},"schema":{"@context":"https:\/\/schema.org","@graph":[{"@type":"WebPage","@id":"https:\/\/af.ca\/ottawa\/cours-de-francais-gratuit\/","url":"https:\/\/af.ca\/ottawa\/cours-de-francais-gratuit\/","name":"Mini cours de fran\u00e7ais gratuit - Alliance Fran\u00e7aise Ottawa","isPartOf":{"@id":"https:\/\/af.ca\/ottawa\/#website"},"primaryImageOfPage":{"@id":"https:\/\/af.ca\/ottawa\/cours-de-francais-gratuit\/#primaryimage"},"image":{"@id":"https:\/\/af.ca\/ottawa\/cours-de-francais-gratuit\/#primaryimage"},"thumbnailUrl":"https:\/\/af.ca\/ottawa\/wp-content\/uploads\/2022\/04\/ECRITE-300x300.png","datePublished":"2022-04-07T17:24:03+00:00","dateModified":"2022-04-21T15:14:23+00:00","breadcrumb":{"@id":"https:\/\/af.ca\/ottawa\/cours-de-francais-gratuit\/#breadcrumb"},"inLanguage":"fr-FR","potentialAction":[{"@type":"ReadAction","target":["https:\/\/af.ca\/ottawa\/cours-de-francais-gratuit\/"]}]},{"@type":"ImageObject","inLanguage":"fr-FR","@id":"https:\/\/af.ca\/ottawa\/cours-de-francais-gratuit\/#primaryimage","url":"https:\/\/af.ca\/ottawa\/wp-content\/uploads\/2022\/04\/ECRITE.png","contentUrl":"https:\/\/af.ca\/ottawa\/wp-content\/uploads\/2022\/04\/ECRITE.png","width":1080,"height":1080},{"@type":"BreadcrumbList","@id":"https:\/\/af.ca\/ottawa\/cours-de-francais-gratuit\/#breadcrumb","itemListElement":[{"@type":"ListItem","position":1,"name":"Home","item":"https:\/\/af.ca\/ottawa\/"},{"@type":"ListItem","position":2,"name":"Mini cours de fran\u00e7ais gratuit"}]},{"@type":"WebSite","@id":"https:\/\/af.ca\/ottawa\/#website","url":"https:\/\/af.ca\/ottawa\/","name":"Alliance Fran\u00e7aise Ottawa","description":"\u00c9cole de langue fran\u00e7aise et centre culturel","potentialAction":[{"@type":"SearchAction","target":{"@type":"EntryPoint","urlTemplate":"https:\/\/af.ca\/ottawa\/?s={search_term_string}"},"query-input":{"@type":"PropertyValueSpecification","valueRequired":true,"valueName":"search_term_string"}}],"inLanguage":"fr-FR"}]}},"blog_post_layout_featured_media_urls":{"thumbnail":"","full":""},"categories_names":null,"comments_number":"0","_links":{"self":[{"href":"https:\/\/af.ca\/ottawa\/wp-json\/wp\/v2\/pages\/17654","targetHints":{"allow":["GET"]}}],"collection":[{"href":"https:\/\/af.ca\/ottawa\/wp-json\/wp\/v2\/pages"}],"about":[{"href":"https:\/\/af.ca\/ottawa\/wp-json\/wp\/v2\/types\/page"}],"author":[{"embeddable":true,"href":"https:\/\/af.ca\/ottawa\/wp-json\/wp\/v2\/users\/3"}],"replies":[{"embeddable":true,"href":"https:\/\/af.ca\/ottawa\/wp-json\/wp\/v2\/comments?post=17654"}],"version-history":[{"count":0,"href":"https:\/\/af.ca\/ottawa\/wp-json\/wp\/v2\/pages\/17654\/revisions"}],"wp:attachment":[{"href":"https:\/\/af.ca\/ottawa\/wp-json\/wp\/v2\/media?parent=17654"}],"curies":[{"name":"wp","href":"https:\/\/api.w.org\/{rel}","templated":true}]}}