{"id":17756,"date":"2023-01-03T10:08:14","date_gmt":"2023-01-03T15:08:14","guid":{"rendered":"https:\/\/af.ca\/ottawa\/?page_id=17756"},"modified":"2023-01-03T15:15:40","modified_gmt":"2023-01-03T20:15:40","slug":"le-francais-est-il-facile-a-apprendre","status":"publish","type":"page","link":"https:\/\/af.ca\/ottawa\/le-francais-est-il-facile-a-apprendre\/","title":{"rendered":"Le fran\u00e7ais est-il facile \u00e0 apprendre ?"},"content":{"rendered":"<h2><a href=\"https:\/\/af.ca\/ottawa\/wp-content\/uploads\/2022\/04\/Learn-French-quickly-with-4-1.png\"><img loading=\"lazy\" decoding=\"async\" class=\"alignnone wp-image-17760\" src=\"https:\/\/af.ca\/ottawa\/wp-content\/uploads\/2022\/04\/Learn-French-quickly-with-4-1-300x140.png\" alt=\"Le fran\u00e7ais est-il facile \u00e0 apprendre ?\" width=\"860\" height=\"401\" srcset=\"https:\/\/af.ca\/ottawa\/wp-content\/uploads\/2022\/04\/Learn-French-quickly-with-4-1-300x140.png 300w, https:\/\/af.ca\/ottawa\/wp-content\/uploads\/2022\/04\/Learn-French-quickly-with-4-1-1024x478.png 1024w, https:\/\/af.ca\/ottawa\/wp-content\/uploads\/2022\/04\/Learn-French-quickly-with-4-1-768x358.png 768w, https:\/\/af.ca\/ottawa\/wp-content\/uploads\/2022\/04\/Learn-French-quickly-with-4-1.png 1500w\" sizes=\"auto, (max-width: 860px) 100vw, 860px\" \/><\/a><\/h2>\n<h2><\/h2>\n<h2>Vous n&rsquo;avez pas \u00e0 avoir peur d&rsquo;apprendre le fran\u00e7ais !<\/h2>\n<p>&nbsp;<\/p>\n<p>Le fran\u00e7ais est la cinqui\u00e8me langue la plus parl\u00e9e au monde avec plus de 321 millions de locuteurs selon l&rsquo;<span style=\"color: #3366ff;\"><a style=\"color: #3366ff;\" href=\"https:\/\/observatoire.francophonie.org\/qui-parle-francais-dans-le-monde\/\">Organisation Internationale de la Francophonie<\/a><\/span> dans 112 pays et territoires \u00e0 travers le monde.<\/p>\n<p>&nbsp;<\/p>\n<p>Le fran\u00e7ais ne figure pas au rang des dix langues les plus difficiles \u00e0 apprendre. Parmi ces langues, on retrouve le mandarin, l\u2019arabe, le russe, le polonais et bien d\u2019autres encore. On retrouve le fran\u00e7ais dans <span style=\"color: #3366ff;\"><a style=\"color: #3366ff;\" href=\"https:\/\/thelanguagenerds.com\/2019\/map-reveals-how-long-takes-to-learn-different-languages\/\">la cat\u00e9gorie 1 du classement des langues les plus difficiles \u00e0 apprendre<\/a><\/span>, ce qui signifie que le fran\u00e7ais fait partir des langues les plus faciles avec d&rsquo;autres langues telles que l&rsquo;espagnole et l&rsquo;italien. Le mandarin, l&rsquo;arabe et le japonais se trouvent dans la cat\u00e9gorie 5 du classement qui correspond aux plus difficiles.<\/p>\n<p>La plupart des apprenants se plaignent des difficult\u00e9s de prononciations, ce qui est commun dans presque toutes les langues \u00e9tant donn\u00e9 que nous ne sommes pas habitu\u00e9s \u00e0 une certaine phon\u00e9tique et que cela n\u00e9cessite un apprentissage pouss\u00e9 et une immersion sur le long terme pour parler comme un natif.<\/p>\n<p>Avec sa grammaire rigoureuse et une conjugaison compliqu\u00e9e avec de nombreux temps \u00e0 conna\u00eetre, ainsi que la diff\u00e9renciation entre le f\u00e9minin et le masculin, le fran\u00e7ais peut \u00eatre parfois difficile \u00e0 maitriser pour un d\u00e9butant.<\/p>\n<p>Tous ces param\u00e8tres peuvent \u00eatre facilement ma\u00eetris\u00e9 avec un bon programme d\u2019apprentissage.<\/p>\n<p>L\u2019Alliance Francaise Ottawa offre plusieurs formules de cours pour vous permettre d\u2019<a href=\"https:\/\/af.ca\/ottawa\/en\/french-courses\/#\/\"><span style=\"color: #3366ff;\">apprendre rapidement et facilement le fran\u00e7ais<\/span><\/a>. Vous pourrez b\u00e9n\u00e9ficier de cours de groupe, de cours priv\u00e9s, et d\u2019atelier d\u2019oral pour vous permettre de maitriser tous les aspects du fran\u00e7ais en passant du parler \u00e0 l\u2019\u00e9crit.<\/p>\n<p>&nbsp;<\/p>\n<p><a href=\"https:\/\/af.ca\/ottawa\/wp-content\/uploads\/2022\/04\/BOUTON-2-1.png\"><img loading=\"lazy\" decoding=\"async\" class=\"alignnone wp-image-17757\" src=\"https:\/\/af.ca\/ottawa\/wp-content\/uploads\/2022\/04\/BOUTON-2-1-300x79.png\" alt=\"\" width=\"243\" height=\"64\" srcset=\"https:\/\/af.ca\/ottawa\/wp-content\/uploads\/2022\/04\/BOUTON-2-1-300x79.png 300w, https:\/\/af.ca\/ottawa\/wp-content\/uploads\/2022\/04\/BOUTON-2-1.png 675w\" sizes=\"auto, (max-width: 243px) 100vw, 243px\" \/><\/a><\/p>\n<p>&nbsp;<\/p>\n<p>La prochaine fois que vous penserez au fran\u00e7ais comme langue difficile pensez plut\u00f4t aux faits suivants\u00a0:<\/p>\n<ul>\n<li>Le fran\u00e7ais est la troisi\u00e8me langue des affaires dans le monde<\/li>\n<li>Le fran\u00e7ais est parl\u00e9 sur les 5 continents<\/li>\n<li>Le fran\u00e7ais est l&rsquo;une des langues les plus enseign\u00e9es au monde<\/li>\n<li>La France est la premi\u00e8re destination touristique au monde<\/li>\n<\/ul>\n<p>Toute la complexit\u00e9 qu\u2019il y\u2019a dans la langue fran\u00e7aise fait d\u2019elle une langue riche et tr\u00e8s pr\u00e9cise pour exprimer sa pens\u00e9e et ses id\u00e9es.<\/p>\n","protected":false},"excerpt":{"rendered":"<p>Vous n&rsquo;avez pas \u00e0 avoir peur d&rsquo;apprendre le fran\u00e7ais ! &nbsp; Le fran\u00e7ais est la cinqui\u00e8me langue la plus parl\u00e9e au monde avec plus de 321 millions de locuteurs selon l&rsquo;Organisation Internationale de la Francophonie dans 112 pays et territoires \u00e0 travers le monde. &nbsp; Le fran\u00e7ais ne figure pas au rang des dix langues&#8230;<\/p>\n<p><a class=\"button invert-primary\" href=\"https:\/\/af.ca\/ottawa\/le-francais-est-il-facile-a-apprendre\/\">En savoir plus<\/a><\/p>\n","protected":false},"author":3,"featured_media":0,"parent":0,"menu_order":159,"comment_status":"closed","ping_status":"closed","template":"","meta":{"_acf_changed":false,"om_disable_all_campaigns":false,"_monsterinsights_skip_tracking":false,"_monsterinsights_sitenote_active":false,"_monsterinsights_sitenote_note":"","_monsterinsights_sitenote_category":0,"footnotes":""},"class_list":["post-17756","page","type-page","status-publish","hentry"],"acf":[],"yoast_head":"<!-- This site is optimized with the Yoast SEO plugin v27.3 - https:\/\/yoast.com\/product\/yoast-seo-wordpress\/ -->\n<title>Le fran\u00e7ais est-il facile \u00e0 apprendre ? - Alliance Fran\u00e7aise Ottawa %<\/title>\n<meta name=\"description\" content=\"Le fran\u00e7ais est l&#039;une des langues les plus faciles \u00e0 apprendre. Il existe de nombreuse ressources pour vous aider dans votre apprentissage.\" \/>\n<meta name=\"robots\" content=\"index, follow, max-snippet:-1, max-image-preview:large, max-video-preview:-1\" \/>\n<link rel=\"canonical\" href=\"https:\/\/af.ca\/ottawa\/le-francais-est-il-facile-a-apprendre\/\" \/>\n<meta property=\"og:locale\" content=\"fr_FR\" \/>\n<meta property=\"og:type\" content=\"article\" \/>\n<meta property=\"og:title\" content=\"La langue fran\u00e7aise se situe parmi les langues les plus apprises au monde\" \/>\n<meta property=\"og:description\" content=\"Le fran\u00e7ais n&#039;est pas aussi difficile qu&#039;on peut le penser.\" \/>\n<meta property=\"og:url\" content=\"https:\/\/af.ca\/ottawa\/le-francais-est-il-facile-a-apprendre\/\" \/>\n<meta property=\"og:site_name\" content=\"Alliance Fran\u00e7aise Ottawa\" \/>\n<meta property=\"article:modified_time\" content=\"2023-01-03T20:15:40+00:00\" \/>\n<meta property=\"og:image\" content=\"https:\/\/af.ca\/ottawa\/wp-content\/uploads\/2022\/04\/Promo-cours-5.png\" \/>\n\t<meta property=\"og:image:width\" content=\"1080\" \/>\n\t<meta property=\"og:image:height\" content=\"1080\" \/>\n\t<meta property=\"og:image:type\" content=\"image\/png\" \/>\n<meta name=\"twitter:card\" content=\"summary_large_image\" \/>\n<meta name=\"twitter:image\" content=\"https:\/\/af.ca\/ottawa\/wp-content\/uploads\/2022\/04\/Promo-cours-5.png\" \/>\n<meta name=\"twitter:label1\" content=\"Dur\u00e9e de lecture estim\u00e9e\" \/>\n\t<meta name=\"twitter:data1\" content=\"2 minutes\" \/>\n<script type=\"application\/ld+json\" class=\"yoast-schema-graph\">{\"@context\":\"https:\\\/\\\/schema.org\",\"@graph\":[{\"@type\":\"WebPage\",\"@id\":\"https:\\\/\\\/af.ca\\\/ottawa\\\/le-francais-est-il-facile-a-apprendre\\\/\",\"url\":\"https:\\\/\\\/af.ca\\\/ottawa\\\/le-francais-est-il-facile-a-apprendre\\\/\",\"name\":\"Le fran\u00e7ais est-il facile \u00e0 apprendre ? - Alliance Fran\u00e7aise Ottawa %\",\"isPartOf\":{\"@id\":\"https:\\\/\\\/af.ca\\\/ottawa\\\/#website\"},\"primaryImageOfPage\":{\"@id\":\"https:\\\/\\\/af.ca\\\/ottawa\\\/le-francais-est-il-facile-a-apprendre\\\/#primaryimage\"},\"image\":{\"@id\":\"https:\\\/\\\/af.ca\\\/ottawa\\\/le-francais-est-il-facile-a-apprendre\\\/#primaryimage\"},\"thumbnailUrl\":\"https:\\\/\\\/af.ca\\\/ottawa\\\/wp-content\\\/uploads\\\/2022\\\/04\\\/Learn-French-quickly-with-4-1-300x140.png\",\"datePublished\":\"2023-01-03T15:08:14+00:00\",\"dateModified\":\"2023-01-03T20:15:40+00:00\",\"description\":\"Le fran\u00e7ais est l'une des langues les plus faciles \u00e0 apprendre. Il existe de nombreuse ressources pour vous aider dans votre apprentissage.\",\"breadcrumb\":{\"@id\":\"https:\\\/\\\/af.ca\\\/ottawa\\\/le-francais-est-il-facile-a-apprendre\\\/#breadcrumb\"},\"inLanguage\":\"fr-FR\",\"potentialAction\":[{\"@type\":\"ReadAction\",\"target\":[\"https:\\\/\\\/af.ca\\\/ottawa\\\/le-francais-est-il-facile-a-apprendre\\\/\"]}]},{\"@type\":\"ImageObject\",\"inLanguage\":\"fr-FR\",\"@id\":\"https:\\\/\\\/af.ca\\\/ottawa\\\/le-francais-est-il-facile-a-apprendre\\\/#primaryimage\",\"url\":\"https:\\\/\\\/af.ca\\\/ottawa\\\/wp-content\\\/uploads\\\/2022\\\/04\\\/Learn-French-quickly-with-4-1.png\",\"contentUrl\":\"https:\\\/\\\/af.ca\\\/ottawa\\\/wp-content\\\/uploads\\\/2022\\\/04\\\/Learn-French-quickly-with-4-1.png\",\"width\":1500,\"height\":700,\"caption\":\"Le fran\u00e7ais est-il facile \u00e0 apprendre ?\"},{\"@type\":\"BreadcrumbList\",\"@id\":\"https:\\\/\\\/af.ca\\\/ottawa\\\/le-francais-est-il-facile-a-apprendre\\\/#breadcrumb\",\"itemListElement\":[{\"@type\":\"ListItem\",\"position\":1,\"name\":\"Home\",\"item\":\"https:\\\/\\\/af.ca\\\/ottawa\\\/\"},{\"@type\":\"ListItem\",\"position\":2,\"name\":\"Le fran\u00e7ais est-il facile \u00e0 apprendre ?\"}]},{\"@type\":\"WebSite\",\"@id\":\"https:\\\/\\\/af.ca\\\/ottawa\\\/#website\",\"url\":\"https:\\\/\\\/af.ca\\\/ottawa\\\/\",\"name\":\"Alliance Fran\u00e7aise Ottawa\",\"description\":\"\u00c9cole de langue fran\u00e7aise et centre culturel\",\"potentialAction\":[{\"@type\":\"SearchAction\",\"target\":{\"@type\":\"EntryPoint\",\"urlTemplate\":\"https:\\\/\\\/af.ca\\\/ottawa\\\/?s={search_term_string}\"},\"query-input\":{\"@type\":\"PropertyValueSpecification\",\"valueRequired\":true,\"valueName\":\"search_term_string\"}}],\"inLanguage\":\"fr-FR\"}]}<\/script>\n<!-- \/ Yoast SEO plugin. -->","yoast_head_json":{"title":"Le fran\u00e7ais est-il facile \u00e0 apprendre ? - Alliance Fran\u00e7aise Ottawa %","description":"Le fran\u00e7ais est l'une des langues les plus faciles \u00e0 apprendre. Il existe de nombreuse ressources pour vous aider dans votre apprentissage.","robots":{"index":"index","follow":"follow","max-snippet":"max-snippet:-1","max-image-preview":"max-image-preview:large","max-video-preview":"max-video-preview:-1"},"canonical":"https:\/\/af.ca\/ottawa\/le-francais-est-il-facile-a-apprendre\/","og_locale":"fr_FR","og_type":"article","og_title":"La langue fran\u00e7aise se situe parmi les langues les plus apprises au monde","og_description":"Le fran\u00e7ais n'est pas aussi difficile qu'on peut le penser.","og_url":"https:\/\/af.ca\/ottawa\/le-francais-est-il-facile-a-apprendre\/","og_site_name":"Alliance Fran\u00e7aise Ottawa","article_modified_time":"2023-01-03T20:15:40+00:00","og_image":[{"width":1080,"height":1080,"url":"https:\/\/af.ca\/ottawa\/wp-content\/uploads\/2022\/04\/Promo-cours-5.png","type":"image\/png"}],"twitter_card":"summary_large_image","twitter_image":"https:\/\/af.ca\/ottawa\/wp-content\/uploads\/2022\/04\/Promo-cours-5.png","twitter_misc":{"Dur\u00e9e de lecture estim\u00e9e":"2 minutes"},"schema":{"@context":"https:\/\/schema.org","@graph":[{"@type":"WebPage","@id":"https:\/\/af.ca\/ottawa\/le-francais-est-il-facile-a-apprendre\/","url":"https:\/\/af.ca\/ottawa\/le-francais-est-il-facile-a-apprendre\/","name":"Le fran\u00e7ais est-il facile \u00e0 apprendre ? - Alliance Fran\u00e7aise Ottawa %","isPartOf":{"@id":"https:\/\/af.ca\/ottawa\/#website"},"primaryImageOfPage":{"@id":"https:\/\/af.ca\/ottawa\/le-francais-est-il-facile-a-apprendre\/#primaryimage"},"image":{"@id":"https:\/\/af.ca\/ottawa\/le-francais-est-il-facile-a-apprendre\/#primaryimage"},"thumbnailUrl":"https:\/\/af.ca\/ottawa\/wp-content\/uploads\/2022\/04\/Learn-French-quickly-with-4-1-300x140.png","datePublished":"2023-01-03T15:08:14+00:00","dateModified":"2023-01-03T20:15:40+00:00","description":"Le fran\u00e7ais est l'une des langues les plus faciles \u00e0 apprendre. Il existe de nombreuse ressources pour vous aider dans votre apprentissage.","breadcrumb":{"@id":"https:\/\/af.ca\/ottawa\/le-francais-est-il-facile-a-apprendre\/#breadcrumb"},"inLanguage":"fr-FR","potentialAction":[{"@type":"ReadAction","target":["https:\/\/af.ca\/ottawa\/le-francais-est-il-facile-a-apprendre\/"]}]},{"@type":"ImageObject","inLanguage":"fr-FR","@id":"https:\/\/af.ca\/ottawa\/le-francais-est-il-facile-a-apprendre\/#primaryimage","url":"https:\/\/af.ca\/ottawa\/wp-content\/uploads\/2022\/04\/Learn-French-quickly-with-4-1.png","contentUrl":"https:\/\/af.ca\/ottawa\/wp-content\/uploads\/2022\/04\/Learn-French-quickly-with-4-1.png","width":1500,"height":700,"caption":"Le fran\u00e7ais est-il facile \u00e0 apprendre ?"},{"@type":"BreadcrumbList","@id":"https:\/\/af.ca\/ottawa\/le-francais-est-il-facile-a-apprendre\/#breadcrumb","itemListElement":[{"@type":"ListItem","position":1,"name":"Home","item":"https:\/\/af.ca\/ottawa\/"},{"@type":"ListItem","position":2,"name":"Le fran\u00e7ais est-il facile \u00e0 apprendre ?"}]},{"@type":"WebSite","@id":"https:\/\/af.ca\/ottawa\/#website","url":"https:\/\/af.ca\/ottawa\/","name":"Alliance Fran\u00e7aise Ottawa","description":"\u00c9cole de langue fran\u00e7aise et centre culturel","potentialAction":[{"@type":"SearchAction","target":{"@type":"EntryPoint","urlTemplate":"https:\/\/af.ca\/ottawa\/?s={search_term_string}"},"query-input":{"@type":"PropertyValueSpecification","valueRequired":true,"valueName":"search_term_string"}}],"inLanguage":"fr-FR"}]}},"blog_post_layout_featured_media_urls":{"thumbnail":"","full":""},"categories_names":null,"comments_number":"0","_links":{"self":[{"href":"https:\/\/af.ca\/ottawa\/wp-json\/wp\/v2\/pages\/17756","targetHints":{"allow":["GET"]}}],"collection":[{"href":"https:\/\/af.ca\/ottawa\/wp-json\/wp\/v2\/pages"}],"about":[{"href":"https:\/\/af.ca\/ottawa\/wp-json\/wp\/v2\/types\/page"}],"author":[{"embeddable":true,"href":"https:\/\/af.ca\/ottawa\/wp-json\/wp\/v2\/users\/3"}],"replies":[{"embeddable":true,"href":"https:\/\/af.ca\/ottawa\/wp-json\/wp\/v2\/comments?post=17756"}],"version-history":[{"count":0,"href":"https:\/\/af.ca\/ottawa\/wp-json\/wp\/v2\/pages\/17756\/revisions"}],"wp:attachment":[{"href":"https:\/\/af.ca\/ottawa\/wp-json\/wp\/v2\/media?parent=17756"}],"curies":[{"name":"wp","href":"https:\/\/api.w.org\/{rel}","templated":true}]}}