{"id":17929,"date":"2023-12-13T11:10:57","date_gmt":"2023-12-13T16:10:57","guid":{"rendered":"https:\/\/af.ca\/ottawa\/?page_id=17929"},"modified":"2024-05-23T04:34:38","modified_gmt":"2024-05-23T08:34:38","slug":"student-testimonial","status":"publish","type":"page","link":"https:\/\/af.ca\/ottawa\/student-testimonial\/","title":{"rendered":"T\u00e9moignages \u00e9tudiants"},"content":{"rendered":"<div style=\"width: 1200px;\" class=\"wp-video\"><video class=\"wp-video-shortcode\" id=\"video-17929-1\" width=\"1200\" height=\"675\" preload=\"metadata\" controls=\"controls\"><source type=\"video\/mp4\" src=\"https:\/\/af.ca\/ottawa\/wp-content\/uploads\/2018\/09\/Tmoignage.mp4-1.mp4?_=1\" \/><a href=\"https:\/\/af.ca\/ottawa\/wp-content\/uploads\/2018\/09\/Tmoignage.mp4-1.mp4\">https:\/\/af.ca\/ottawa\/wp-content\/uploads\/2018\/09\/Tmoignage.mp4-1.mp4<\/a><\/video><\/div>\n<h2><span style=\"color: #1d48cc;\"><span class=\"cf0\">ANDREA BICHMAN<\/span><!--EndFragment --><\/span><\/h2>\n<p>&nbsp;<\/p>\n<p>J&rsquo;ai vraiment aim\u00e9 apprendre le fran\u00e7ais \u00e0 l&rsquo;AF Ottawa. J&rsquo;aime les professeurs que j&rsquo;ai eus, ils \u00e9taient tr\u00e8s comp\u00e9tents, ils m&rsquo;ont encourag\u00e9 \u00e0 parler et \u00e0 ne pas avoir peur de faire des erreurs. Ils m&rsquo;ont fait me sentir tr\u00e8s \u00e0 l&rsquo;aise et confiante pendant ce processus.<\/p>\n<p>J&rsquo;aime aussi beaucoup Apolearn. Tout y est, ce que nous avons vu en classe et je peux communiquer avec d&rsquo;autres \u00e9tudiants et bien plus encore !<\/p>\n<p>Je suis heureuse que l&rsquo;AF Ottawa propose de nombreux cours en ligne. Comme nous avons d\u00e9m\u00e9nag\u00e9 loin d&rsquo;une grande ville, c&rsquo;est le seul moyen pour moi de suivre des cours aupr\u00e8s d&rsquo;une source fiable.<br \/>\nMais je sais que si je souhaite participer \u00e0 une activit\u00e9 en personne, l&rsquo;AF Ottawa en propose de nombreuses.<\/p>\n<p>Je recommande vivement l&rsquo;AF Ottawa !<\/p>\n<p>&nbsp;<\/p>\n<p><span style=\"color: #ff0000;\">Cours suivis (2023)<\/span><\/p>\n<p>Cours de fran\u00e7ais g\u00e9n\u00e9ral\u00a0 \u00a0 \u00a0 \u00a0 Atelier oral<\/p>\n<p>&nbsp;<\/p>\n<hr \/>\n<p>&nbsp;<\/p>\n<h2><span style=\"color: #1d48cc;\"><span class=\"cf0\">KRISTINA SYEROVA<\/span><!--EndFragment --><\/span><\/h2>\n<p>&nbsp;<\/p>\n<p>Je voulais remercier Karim et l&rsquo;Alliance Fran\u00e7aise Ottawa de m&rsquo;avoir aid\u00e9 \u00e0 atteindre mon objectif &#8211; B en examen oral ELS.<\/p>\n<p>Je suis \u00e9pat\u00e9e de voir \u00e0 quel point Karim a pu rafra\u00eechir ma grammaire, corriger toutes les erreurs, y compris la prononciation, et donner de nombreux conseils et documents pr\u00e9cieux en si peu de temps &#8211; seulement un mois. Tout a \u00e9t\u00e9 tr\u00e8s utile et je suis plus que reconnaissante !<br \/>\nLe professeur conna\u00eet tr\u00e8s bien la structure de l&rsquo;examen et peut vous guider, surtout s&rsquo;il s&rsquo;agit de votre premi\u00e8re exp\u00e9rience avec le ELS.<\/p>\n<p>Le personnel de la r\u00e9ception est \u00e9galement tr\u00e8s serviable. Ils r\u00e9pondent toujours rapidement \u00e0 mes questions et sont minutieux dans leurs r\u00e9ponses.<\/p>\n<p>J&rsquo;avais auparavant suivi des cours de fran\u00e7ais professionnel avec Chitra et des cours r\u00e9guliers avec Henri, et j&rsquo;\u00e9tais satisfaite du programme et de mes progr\u00e8s. Tous les professeurs avec lesquels j&rsquo;ai eu affaire \u00e9taient des professionnels sympathiques, j&rsquo;ai ador\u00e9 l&rsquo;ambiance qui r\u00e9gnait dans le groupe.<\/p>\n<p>&nbsp;<\/p>\n<p><span style=\"color: #ff0000;\">Cours suivis (2022-2023)<\/span><\/p>\n<p>Cours de pr\u00e9paration \u00e0 l&rsquo;ELS\u00a0 \u00a0 \u00a0 \u00a0 \u00a0 Cours de fran\u00e7ais g\u00e9n\u00e9ral\u00a0 \u00a0 \u00a0 \u00a0 Fran\u00e7ais professionnel<\/p>\n<p>&nbsp;<\/p>\n<hr \/>\n<p>&nbsp;<\/p>\n<h2><span style=\"color: #1d48cc;\"><span class=\"cf0\">SHIH-MIIN LOO<\/span><!--EndFragment --><\/span><\/h2>\n<p>&nbsp;<\/p>\n<p>En tant que personne qui a commenc\u00e9 le parcours d&rsquo;apprentissage de la langue fran\u00e7aise plus tard dans la vie, et apr\u00e8s avoir essay\u00e9 diff\u00e9rentes opportunit\u00e9s et m\u00e9thodes d&rsquo;apprentissage,\u00a0j&rsquo;aime vraiment apprendre le fran\u00e7ais avec l&rsquo;Alliance Fran\u00e7aise (AF) Ottawa\u00a0! Que vous soyez un nouvel apprenant, que vous ayez besoin d&rsquo;une remise \u00e0 niveau ou que vous souhaitiez simplement entretenir\u00a0vos comp\u00e9tences en fran\u00e7ais, voici mes 5 raisons d&rsquo;apprendre le fran\u00e7ais avec cette formidable organisation\u00a0!<\/p>\n<p>#1 AF Ottawa propose une large gamme d&rsquo;offres d&rsquo;apprentissage, de la langue fran\u00e7aise utilis\u00e9e dans les milieux de travail professionnels, de la formation et de l&rsquo;\u00e9valuation de la langue seconde pour la fonction publique, des cours d&rsquo;apprentissage du fran\u00e7ais g\u00e9n\u00e9ral, des ateliers, etc., vous serez en mesure de trouver quelque chose qui est adapt\u00e9 \u00e0 votre niveau de langue, vos besoins d&rsquo;apprentissage et votre niveau de confort.<\/p>\n<p>#2 Il y a des instructeurs g\u00e9niaux et professionnels qui donnent de bons conseils, des indications et des encouragements au fur et \u00e0 mesure que vous progressez dans votre aventure d&rsquo;apprentissage de la langue fran\u00e7aise.<\/p>\n<p>#3 Qu&rsquo;il s&rsquo;agisse d&rsquo;apprentissage virtuel ou en personne, d&rsquo;applications et de programmes d&rsquo;apprentissage en ligne, de livres interactifs, de clips audio et vid\u00e9o, il existe diff\u00e9rents outils, supports et m\u00e9thodes d&rsquo;apprentissage dynamiques pour vous garder engag\u00e9.<\/p>\n<p>#4 AF Ottawa, situ\u00e9 dans la r\u00e9gion d&rsquo;Ottawa-Gatineau o\u00f9 le fran\u00e7ais et l&rsquo;anglais sont activement utilis\u00e9s, propose de nombreux \u00e9v\u00e9nements sociaux auxquels vous pouvez assister et participer pour explorer la r\u00e9gion et ses nombreuses attractions culturelles.<\/p>\n<p>#5 Continuez \u00e0 apprendre une fois vos cours termin\u00e9s ! AF Ottawa propose des connexions avec la plate-forme Cultureth\u00e8que afin que vous puissiez explorer davantage la fabuleuse et grande culture fran\u00e7aise via des livres, de la musique, de l&rsquo;histoire, etc. en utilisant la langue que vous avez apprise\u00a0!<\/p>\n<p>&nbsp;<\/p>\n<p><span style=\"color: #ff0000;\">Cours suivis (2022-2023)<\/span><\/p>\n<p>Cours de pr\u00e9paration \u00e0 l&rsquo;ELS\u00a0 \u00a0 \u00a0 \u00a0 \u00a0 Cours de fran\u00e7ais g\u00e9n\u00e9ral<\/p>\n<p>&nbsp;<\/p>\n<hr \/>\n<p>&nbsp;<\/p>\n<h2><span style=\"color: #1d48cc;\">YURI HIROMITSU<\/span><\/h2>\n<p>&nbsp;<\/p>\n<p>L&rsquo;obtention d&rsquo;un niveau C \u00e0 l&rsquo;\u00e9valuation de langage oral ELS en mars a \u00e9t\u00e9 l&rsquo;un des faits saillants de cette ann\u00e9e ! Et sans aucun doute, le cours SLE Oral C \u00e0 l&rsquo;Alliance Fran\u00e7aise m&rsquo;a aid\u00e9 \u00e0 atteindre cet objectif. Le cours \u00e9tait structur\u00e9 de mani\u00e8re \u00e0 permettre \u00e0 chacun de participer activement \u00e0 des exercices de conversation sur des sujets et des questions similaires \u00e0 ceux trouv\u00e9s \u00e0 l&rsquo;examen. Les commentaires de mon professeur sur les points \u00e0 am\u00e9liorer et les supports d&rsquo;apprentissage en ligne ont certainement \u00e9t\u00e9 utiles. Un grand merci \u00e0 Iryna de m&rsquo;avoir donn\u00e9 des astuces et la confiance dont j&rsquo;avais besoin pour passer l&rsquo;examen !<\/p>\n<p>&nbsp;<\/p>\n<p><span style=\"color: #ff0000;\">Cours suivis (2023)<\/span><\/p>\n<p>Cours de pr\u00e9paration \u00e0 l&rsquo;ELS<\/p>\n<p>&nbsp;<\/p>\n<hr \/>\n<p>&nbsp;<\/p>\n<h2><span style=\"color: #1d48cc;\">KASSANDRA BAKER<\/span><\/h2>\n<p>&nbsp;<\/p>\n<p>Je suis tr\u00e8s satisfait de ma formation en fran\u00e7ais dispens\u00e9e par l&rsquo;Alliance Francaise. Il \u00e9tait tr\u00e8s important que j&rsquo;atteigne les exigences linguistiques de mon poste dans un d\u00e9lai pr\u00e9cis, et ils m&rsquo;ont aid\u00e9 \u00e0 le faire. Mon professeur, Iryna, a \u00e9t\u00e9 formidable. Elle m&rsquo;a beaucoup soutenue et a \u00e9t\u00e9 patiente. Elle m&rsquo;a aid\u00e9 \u00e0 identifier les choses que je ne connaissais pas et \u00e0 les apprendre en temps voulu. Elle a utilis\u00e9 plusieurs strat\u00e9gies diff\u00e9rentes, notamment la plateforme en ligne Apolearn, les livres AF (Edito Pro) et des exercices qu&rsquo;elle avait accumul\u00e9s lors de sa formation en fran\u00e7ais. Je recommanderais AF \u00e0 mes coll\u00e8gues.<\/p>\n<p>&nbsp;<\/p>\n<p><span style=\"color: #ff0000;\">Cours suivis (2020-2022)<\/span><\/p>\n<p>Cours sur mesure<\/p>\n<p>&nbsp;<\/p>\n<hr \/>\n<h2><\/h2>\n<h2><span style=\"color: #1d48cc;\">VIOLETTE KHAMMAD<\/span><\/h2>\n<p>&nbsp;<\/p>\n<p>J&rsquo;ai commenc\u00e9 \u00e0 prendre <a href=\"https:\/\/af.ca\/ottawa\/cours\/cours-de-groupe-de-francais\/#\/\">des cours de fran\u00e7ais g\u00e9n\u00e9ral<\/a> avec l&rsquo;Alliance Francaise Ottawa depuis que j&rsquo;ai d\u00e9m\u00e9nag\u00e9 \u00e0<\/p>\n<p>Ottawa pendant la pand\u00e9mie. J&rsquo;ai pu faire partie d&rsquo;une communaut\u00e9 de soutien compos\u00e9e d&rsquo;apprenants de fran\u00e7ais<\/p>\n<p>qui suivaient le m\u00eame parcours que moi. Au d\u00e9but, mon objectif \u00e9tait de revoir mon apprentissage du fran\u00e7ais,<\/p>\n<p>de prendre confiance en moi, de me familiariser avec des sujets et d&rsquo;enrichir mon vocabulaire.<\/p>\n<p>J&rsquo;ai beaucoup appr\u00e9ci\u00e9 les discussions en classe et les efforts d\u00e9ploy\u00e9s par chaque instructeur pour rendre<\/p>\n<p>les cours aussi interactifs que possible et adapt\u00e9s \u00e0 un environnement en ligne.<\/p>\n<p>Apr\u00e8s avoir suivi quelques cours de fran\u00e7ais g\u00e9n\u00e9ral, j&rsquo;ai voulu poursuivre mon apprentissage \u00e0 l&rsquo;Alliance<\/p>\n<p>Fran\u00e7aise d&rsquo;Ottawa en me concentrant sur mon niveau de fran\u00e7ais pour am\u00e9liorer mes comp\u00e9tences<\/p>\n<p>en communication orale en fran\u00e7ais. J&rsquo;\u00e9tais tr\u00e8s heureuse de savoir qu&rsquo;il existait plusieurs offres de\u00a0cours<\/p>\n<p>sp\u00e9cialis\u00e9s, dont un <a href=\"https:\/\/af.ca\/ottawa\/cours\/atelier-de-conversation-en-francais\/#\/\">atelier de fran\u00e7ais oral<\/a>.<\/p>\n<p>&nbsp;<\/p>\n<p>Cet atelier a \u00e9t\u00e9 tr\u00e8s b\u00e9n\u00e9fique pour moi car il m&rsquo;a pouss\u00e9 hors de ma zone de confort et<\/p>\n<p>J&rsquo;ai appris \u00e0 r\u00e9fl\u00e9chir et \u00e0 communiquer spontan\u00e9ment sur divers sujets.<\/p>\n<p>J&rsquo;ai transport\u00e9 cette comp\u00e9tence petit \u00e0 petit sur mon lieu de travail o\u00f9 j&rsquo;ai essay\u00e9 d&rsquo;initier et de r\u00e9pondre aux<\/p>\n<p>correspondances en fran\u00e7ais, sous forme \u00e9crite ou verbale. Enfin, j&rsquo;ai suivi le <a href=\"https:\/\/af.ca\/ottawa\/fonction-publique\/cours-de-preparation-aux-test-federaux\/#\/\">cours de pr\u00e9paration au ELS BBB<\/a><\/p>\n<p>\u00e0 l&rsquo;Alliance fran\u00e7aise d&rsquo;Ottawa pour me pr\u00e9parer aux examens d&rsquo;\u00e9valuation de la langue seconde (ELS)<\/p>\n<p>du gouvernement du Canada. Dans ce cours intensif, j&rsquo;ai beaucoup appris de mon instructeur et de mes coll\u00e8gues<\/p>\n<p>de cours alors que nous couvrions une vari\u00e9t\u00e9 de grammaire, de vocabulaire et d&rsquo;expressions utiles en milieu de travail.<\/p>\n<p>&nbsp;<\/p>\n<p>J&rsquo;ai r\u00e9ussi mes examens d&rsquo;ELS et j&rsquo;ai \u00e9t\u00e9 reconnaissante de la r\u00e9troaction individualis\u00e9e et du travail<\/p>\n<p>de groupe dans ce cours, mais aussi dans le cadre de la formation continue.<\/p>\n<p>Mon voyage d&rsquo;apprentissage de la langue fran\u00e7aise est toujours en cours, car je continue \u00e0 me fixer<\/p>\n<p>des objectifs et \u00e0 penser \u00e0 la prochaine comp\u00e9tence\/au prochain cours.<\/p>\n<p>et de penser \u00e0 la prochaine comp\u00e9tence que j&rsquo;aimerais am\u00e9liorer. Je recommanderais \u00e0 tout le monde<\/p>\n<p>de profiter de la vaste offre de cours de l&rsquo;Alliance Francaise Ottawa et de ses services.<\/p>\n<p>d&rsquo;Ottawa et <a href=\"https:\/\/af.ca\/ottawa\/en\/culture\/agenda-2\/#\/\">des \u00e9v\u00e9nements culturels<\/a> qui permettent une immersion totale dans la langue et la culture fran\u00e7aises.<\/p>\n<p>fran\u00e7ais et une immersion culturelle compl\u00e8te.<\/p>\n<p>&nbsp;<\/p>\n<p>&nbsp;<\/p>\n<p><span style=\"color: #ff0000;\">Cours suivis (2020-2022)<\/span><\/p>\n<p>Cours de fran\u00e7ais g\u00e9n\u00e9ral\u00a0 \u00a0 \u00a0 \u00a0 \u00a0 \u00a0 \u00a0 \u00a0 \u00a0 \u00a0 \u00a0 \u00a0 \u00a0Pr\u00e9paration \u00e0 l&rsquo;ELS\u00a0 \u00a0 \u00a0 \u00a0 \u00a0 \u00a0 \u00a0 \u00a0 \u00a0 \u00a0 \u00a0 \u00a0 \u00a0 Atelier oral<\/p>\n<p>&nbsp;<\/p>\n<hr \/>\n<p>&nbsp;<\/p>\n<h2><span style=\"color: #1d48cc;\">NINA RODRIGUEZ<\/span><\/h2>\n<p>&nbsp;<\/p>\n<p>J&rsquo;ai vraiment appr\u00e9ci\u00e9 mon cours \u00e0 l&rsquo;Alliance Fran\u00e7aise, surtout gr\u00e2ce aux conseils de mon professeur Shabnam Khani. Shabnam m&rsquo;a fait me sentir tr\u00e8s \u00e0 l&rsquo;aise pour m&rsquo;exprimer en fran\u00e7ais sans jugement et elle a rendu les conversations amusantes. J&rsquo;ai le sentiment d&rsquo;avoir pleinement progress\u00e9 en fran\u00e7ais en prenant des cours semi-priv\u00e9s avec l&rsquo;Alliance Fran\u00e7aise et je recommanderai totalement cette \u00e9cole \u00e0 tous ceux qui cherchent \u00e0 am\u00e9liorer leur fran\u00e7ais pour des raisons professionnelles ou personnelles.<\/p>\n<p>&nbsp;<\/p>\n<p><span style=\"color: #ff0000;\">Cours suivis (2019-2022)<\/span><\/p>\n<p>Cours de fran\u00e7ais g\u00e9n\u00e9ral<\/p>\n<p>&nbsp;<\/p>\n<hr \/>\n<p>&nbsp;<\/p>\n<h2><span style=\"color: #1d48cc;\">COREY STEIRO<\/span><\/h2>\n<p>&nbsp;<\/p>\n<p>J&rsquo;ai suivi un cours de pr\u00e9paration au niveau C de l&rsquo;ELS ax\u00e9 sur la composante orale et j&rsquo;ai trouv\u00e9 l&rsquo;instructeur et le personnel l&rsquo;instructeur et le personnel extr\u00eamement accueillants et professionnels. Le cours \u00e9tait ax\u00e9 sur pr\u00e9parer les \u00e9tudiants \u00e0 atteindre leur niveau C aux examens de la fonction publique et tout le monde \u00e9tait motiv\u00e9s. L&rsquo;instructeur \u00e9tait manifestement tr\u00e8s exp\u00e9riment\u00e9 et s&rsquo;int\u00e9ressait personnellement et activement \u00e0 chacun des \u00e9tudiants. L&rsquo;instructeur \u00e9tait manifestement tr\u00e8s exp\u00e9riment\u00e9 et s&rsquo;int\u00e9ressait personnellement et activement \u00e0 chacun des \u00e9tudiants. de ce dont ils avaient besoin pour atteindre leurs objectifs.<\/p>\n<p>&nbsp;<\/p>\n<p><span style=\"color: #ff0000;\">Cours suivis (2020)<\/span><\/p>\n<p>Cours ELS<\/p>\n<p>&nbsp;<\/p>\n","protected":false},"excerpt":{"rendered":"<p>ANDREA BICHMAN &nbsp; J&rsquo;ai vraiment aim\u00e9 apprendre le fran\u00e7ais \u00e0 l&rsquo;AF Ottawa. J&rsquo;aime les professeurs que j&rsquo;ai eus, ils \u00e9taient tr\u00e8s comp\u00e9tents, ils m&rsquo;ont encourag\u00e9 \u00e0 parler et \u00e0 ne pas avoir peur de faire des erreurs. Ils m&rsquo;ont fait me sentir tr\u00e8s \u00e0 l&rsquo;aise et confiante pendant ce processus. J&rsquo;aime aussi beaucoup Apolearn. Tout&#8230;<\/p>\n<p><a class=\"button invert-primary\" href=\"https:\/\/af.ca\/ottawa\/student-testimonial\/\">En savoir plus<\/a><\/p>\n","protected":false},"author":3,"featured_media":0,"parent":0,"menu_order":153,"comment_status":"closed","ping_status":"closed","template":"","meta":{"_acf_changed":false,"om_disable_all_campaigns":false,"_monsterinsights_skip_tracking":false,"_monsterinsights_sitenote_active":false,"_monsterinsights_sitenote_note":"","_monsterinsights_sitenote_category":0,"footnotes":""},"class_list":["post-17929","page","type-page","status-publish","hentry"],"acf":[],"yoast_head":"<!-- This site is optimized with the Yoast SEO plugin v27.3 - https:\/\/yoast.com\/product\/yoast-seo-wordpress\/ -->\n<title>T\u00e9moignages \u00e9tudiants - Alliance Fran\u00e7aise Ottawa<\/title>\n<meta name=\"description\" content=\"Que vous souhaitiez apprendre le fran\u00e7ais pour le plaisir ou en raison d&#039;exigences professionnelles ou acad\u00e9miques, l&#039;Alliance Fran\u00e7aise est l&#039;endroit id\u00e9al pour le faire. Les cours dispens\u00e9s ici sont un investissement rentable pour votre \u00e9ducation et votre avenir.\" \/>\n<meta name=\"robots\" content=\"index, follow, max-snippet:-1, max-image-preview:large, max-video-preview:-1\" \/>\n<link rel=\"canonical\" href=\"https:\/\/af.ca\/ottawa\/student-testimonial\/\" \/>\n<meta property=\"og:locale\" content=\"fr_FR\" \/>\n<meta property=\"og:type\" content=\"article\" \/>\n<meta property=\"og:title\" content=\"T\u00e9moignages \u00e9tudiants - Alliance Francaise Ottawa\" \/>\n<meta property=\"og:description\" content=\"Que ce soit pour vos objectifs personnels ou professionnels, notre \u00e9quipe se fera un plaisir de vous aider.\" \/>\n<meta property=\"og:url\" content=\"https:\/\/af.ca\/ottawa\/student-testimonial\/\" \/>\n<meta property=\"og:site_name\" content=\"Alliance Fran\u00e7aise Ottawa\" \/>\n<meta property=\"article:modified_time\" content=\"2024-05-23T08:34:38+00:00\" \/>\n<meta property=\"og:image\" content=\"https:\/\/af.ca\/ottawa\/wp-content\/uploads\/2022\/05\/students-testimonials.png\" \/>\n\t<meta property=\"og:image:width\" content=\"1080\" \/>\n\t<meta property=\"og:image:height\" content=\"1080\" \/>\n\t<meta property=\"og:image:type\" content=\"image\/png\" \/>\n<meta name=\"twitter:card\" content=\"summary_large_image\" \/>\n<meta name=\"twitter:title\" content=\"T\u00e9moignages \u00e9tudiants - Alliance Francaise Ottawa\" \/>\n<meta name=\"twitter:description\" content=\"Que ce soit pour vos objectifs personnels ou professionnels, notre \u00e9quipe se fera un plaisir de vous aider.\" \/>\n<meta name=\"twitter:label1\" content=\"Dur\u00e9e de lecture estim\u00e9e\" \/>\n\t<meta name=\"twitter:data1\" content=\"7 minutes\" \/>\n<script type=\"application\/ld+json\" class=\"yoast-schema-graph\">{\"@context\":\"https:\\\/\\\/schema.org\",\"@graph\":[{\"@type\":\"WebPage\",\"@id\":\"https:\\\/\\\/af.ca\\\/ottawa\\\/student-testimonial\\\/\",\"url\":\"https:\\\/\\\/af.ca\\\/ottawa\\\/student-testimonial\\\/\",\"name\":\"T\u00e9moignages \u00e9tudiants - Alliance Fran\u00e7aise Ottawa\",\"isPartOf\":{\"@id\":\"https:\\\/\\\/af.ca\\\/ottawa\\\/#website\"},\"datePublished\":\"2023-12-13T16:10:57+00:00\",\"dateModified\":\"2024-05-23T08:34:38+00:00\",\"description\":\"Que vous souhaitiez apprendre le fran\u00e7ais pour le plaisir ou en raison d'exigences professionnelles ou acad\u00e9miques, l'Alliance Fran\u00e7aise est l'endroit id\u00e9al pour le faire. Les cours dispens\u00e9s ici sont un investissement rentable pour votre \u00e9ducation et votre avenir.\",\"breadcrumb\":{\"@id\":\"https:\\\/\\\/af.ca\\\/ottawa\\\/student-testimonial\\\/#breadcrumb\"},\"inLanguage\":\"fr-FR\",\"potentialAction\":[{\"@type\":\"ReadAction\",\"target\":[\"https:\\\/\\\/af.ca\\\/ottawa\\\/student-testimonial\\\/\"]}]},{\"@type\":\"BreadcrumbList\",\"@id\":\"https:\\\/\\\/af.ca\\\/ottawa\\\/student-testimonial\\\/#breadcrumb\",\"itemListElement\":[{\"@type\":\"ListItem\",\"position\":1,\"name\":\"Home\",\"item\":\"https:\\\/\\\/af.ca\\\/ottawa\\\/\"},{\"@type\":\"ListItem\",\"position\":2,\"name\":\"T\u00e9moignages \u00e9tudiants\"}]},{\"@type\":\"WebSite\",\"@id\":\"https:\\\/\\\/af.ca\\\/ottawa\\\/#website\",\"url\":\"https:\\\/\\\/af.ca\\\/ottawa\\\/\",\"name\":\"Alliance Fran\u00e7aise Ottawa\",\"description\":\"\u00c9cole de langue fran\u00e7aise et centre culturel\",\"potentialAction\":[{\"@type\":\"SearchAction\",\"target\":{\"@type\":\"EntryPoint\",\"urlTemplate\":\"https:\\\/\\\/af.ca\\\/ottawa\\\/?s={search_term_string}\"},\"query-input\":{\"@type\":\"PropertyValueSpecification\",\"valueRequired\":true,\"valueName\":\"search_term_string\"}}],\"inLanguage\":\"fr-FR\"}]}<\/script>\n<!-- \/ Yoast SEO plugin. -->","yoast_head_json":{"title":"T\u00e9moignages \u00e9tudiants - Alliance Fran\u00e7aise Ottawa","description":"Que vous souhaitiez apprendre le fran\u00e7ais pour le plaisir ou en raison d'exigences professionnelles ou acad\u00e9miques, l'Alliance Fran\u00e7aise est l'endroit id\u00e9al pour le faire. Les cours dispens\u00e9s ici sont un investissement rentable pour votre \u00e9ducation et votre avenir.","robots":{"index":"index","follow":"follow","max-snippet":"max-snippet:-1","max-image-preview":"max-image-preview:large","max-video-preview":"max-video-preview:-1"},"canonical":"https:\/\/af.ca\/ottawa\/student-testimonial\/","og_locale":"fr_FR","og_type":"article","og_title":"T\u00e9moignages \u00e9tudiants - Alliance Francaise Ottawa","og_description":"Que ce soit pour vos objectifs personnels ou professionnels, notre \u00e9quipe se fera un plaisir de vous aider.","og_url":"https:\/\/af.ca\/ottawa\/student-testimonial\/","og_site_name":"Alliance Fran\u00e7aise Ottawa","article_modified_time":"2024-05-23T08:34:38+00:00","og_image":[{"width":1080,"height":1080,"url":"https:\/\/af.ca\/ottawa\/wp-content\/uploads\/2022\/05\/students-testimonials.png","type":"image\/png"}],"twitter_card":"summary_large_image","twitter_title":"T\u00e9moignages \u00e9tudiants - Alliance Francaise Ottawa","twitter_description":"Que ce soit pour vos objectifs personnels ou professionnels, notre \u00e9quipe se fera un plaisir de vous aider.","twitter_misc":{"Dur\u00e9e de lecture estim\u00e9e":"7 minutes"},"schema":{"@context":"https:\/\/schema.org","@graph":[{"@type":"WebPage","@id":"https:\/\/af.ca\/ottawa\/student-testimonial\/","url":"https:\/\/af.ca\/ottawa\/student-testimonial\/","name":"T\u00e9moignages \u00e9tudiants - Alliance Fran\u00e7aise Ottawa","isPartOf":{"@id":"https:\/\/af.ca\/ottawa\/#website"},"datePublished":"2023-12-13T16:10:57+00:00","dateModified":"2024-05-23T08:34:38+00:00","description":"Que vous souhaitiez apprendre le fran\u00e7ais pour le plaisir ou en raison d'exigences professionnelles ou acad\u00e9miques, l'Alliance Fran\u00e7aise est l'endroit id\u00e9al pour le faire. Les cours dispens\u00e9s ici sont un investissement rentable pour votre \u00e9ducation et votre avenir.","breadcrumb":{"@id":"https:\/\/af.ca\/ottawa\/student-testimonial\/#breadcrumb"},"inLanguage":"fr-FR","potentialAction":[{"@type":"ReadAction","target":["https:\/\/af.ca\/ottawa\/student-testimonial\/"]}]},{"@type":"BreadcrumbList","@id":"https:\/\/af.ca\/ottawa\/student-testimonial\/#breadcrumb","itemListElement":[{"@type":"ListItem","position":1,"name":"Home","item":"https:\/\/af.ca\/ottawa\/"},{"@type":"ListItem","position":2,"name":"T\u00e9moignages \u00e9tudiants"}]},{"@type":"WebSite","@id":"https:\/\/af.ca\/ottawa\/#website","url":"https:\/\/af.ca\/ottawa\/","name":"Alliance Fran\u00e7aise Ottawa","description":"\u00c9cole de langue fran\u00e7aise et centre culturel","potentialAction":[{"@type":"SearchAction","target":{"@type":"EntryPoint","urlTemplate":"https:\/\/af.ca\/ottawa\/?s={search_term_string}"},"query-input":{"@type":"PropertyValueSpecification","valueRequired":true,"valueName":"search_term_string"}}],"inLanguage":"fr-FR"}]}},"blog_post_layout_featured_media_urls":{"thumbnail":"","full":""},"categories_names":null,"comments_number":"0","_links":{"self":[{"href":"https:\/\/af.ca\/ottawa\/wp-json\/wp\/v2\/pages\/17929","targetHints":{"allow":["GET"]}}],"collection":[{"href":"https:\/\/af.ca\/ottawa\/wp-json\/wp\/v2\/pages"}],"about":[{"href":"https:\/\/af.ca\/ottawa\/wp-json\/wp\/v2\/types\/page"}],"author":[{"embeddable":true,"href":"https:\/\/af.ca\/ottawa\/wp-json\/wp\/v2\/users\/3"}],"replies":[{"embeddable":true,"href":"https:\/\/af.ca\/ottawa\/wp-json\/wp\/v2\/comments?post=17929"}],"version-history":[{"count":0,"href":"https:\/\/af.ca\/ottawa\/wp-json\/wp\/v2\/pages\/17929\/revisions"}],"wp:attachment":[{"href":"https:\/\/af.ca\/ottawa\/wp-json\/wp\/v2\/media?parent=17929"}],"curies":[{"name":"wp","href":"https:\/\/api.w.org\/{rel}","templated":true}]}}