{"id":18170,"date":"2022-06-22T12:05:32","date_gmt":"2022-06-22T16:05:32","guid":{"rendered":"https:\/\/af.ca\/ottawa\/?page_id=18170"},"modified":"2022-08-25T15:42:56","modified_gmt":"2022-08-25T19:42:56","slug":"que-faire-a-ottawa-en-francais-durant-la-fete-du-canada","status":"publish","type":"page","link":"https:\/\/af.ca\/ottawa\/que-faire-a-ottawa-en-francais-durant-la-fete-du-canada\/","title":{"rendered":"Que faire \u00e0 Ottawa en fran\u00e7ais durant la f\u00eate du Canada ?"},"content":{"rendered":"<p>&nbsp;<\/p>\n<p><a href=\"https:\/\/af.ca\/ottawa\/wp-content\/uploads\/2022\/06\/Happy-Canada-Day-2.png\"><img loading=\"lazy\" decoding=\"async\" class=\"alignnone  wp-image-18219\" src=\"https:\/\/af.ca\/ottawa\/wp-content\/uploads\/2022\/06\/Happy-Canada-Day-2-300x169.png\" alt=\"Happy Canada Day\" width=\"746\" height=\"420\" srcset=\"https:\/\/af.ca\/ottawa\/wp-content\/uploads\/2022\/06\/Happy-Canada-Day-2-300x169.png 300w, https:\/\/af.ca\/ottawa\/wp-content\/uploads\/2022\/06\/Happy-Canada-Day-2-1024x576.png 1024w, https:\/\/af.ca\/ottawa\/wp-content\/uploads\/2022\/06\/Happy-Canada-Day-2-768x432.png 768w, https:\/\/af.ca\/ottawa\/wp-content\/uploads\/2022\/06\/Happy-Canada-Day-2-1536x864.png 1536w, https:\/\/af.ca\/ottawa\/wp-content\/uploads\/2022\/06\/Happy-Canada-Day-2.png 1920w\" sizes=\"auto, (max-width: 746px) 100vw, 746px\" \/><\/a><\/p>\n<p>&nbsp;<\/p>\n<p>L&rsquo;Alliance fran\u00e7aise d&rsquo;Ottawa propose un large \u00e9ventail d&rsquo;activit\u00e9s en fran\u00e7ais, que vous pouvez retrouver <a href=\"https:\/\/af.ca\/ottawa\/en\/culture\/agenda-2\/#\/\">ici<\/a>. Mais Ottawa \u00e9tant la capitale du pays, vous pouvez trouver des activit\u00e9s culturelles dans la langue de Moli\u00e8re dans de nombreux endroits.<\/p>\n<p>&nbsp;<\/p>\n<p>Voici un top 5 des activit\u00e9s en fran\u00e7ais \u00e0 faire \u00e0 Ottawa cet \u00e9t\u00e9, autour de la f\u00eate du Canada.<\/p>\n<p><span data-ccp-props=\"{&quot;201341983&quot;:0,&quot;335559731&quot;:0,&quot;335559738&quot;:40,&quot;335559740&quot;:259}\">\u00a0<\/span><\/p>\n<p>&nbsp;<\/p>\n<h2><b><span data-contrast=\"auto\">1. Les po\u00e8mes de la R\u00e9sistance \u00e0 la Nouvelle Sc\u00e8ne Gilles Desjardins du 21 juin au 25 juin<\/span><\/b><\/h2>\n<p>&nbsp;<\/p>\n<p>En novembre 2018, le gouvernement de l&rsquo;Ontario a sabr\u00e9 le projet d&rsquo;Universit\u00e9 fran\u00e7aise, ainsi que le Commissariat aux services fran\u00e7ais. Ils ont finalement chang\u00e9 d&rsquo;avis au sujet de l&rsquo;Universit\u00e9 fran\u00e7aise, ouvrant son premier campus 2021. Mais entre-temps, les francophones de la province ont protest\u00e9 contre les coupes. Un groupe de 37 po\u00e8tes et \u00e9crivains a publi\u00e9 un recueil de po\u00e8mes : <a href=\"http:\/\/www.simpletix.com\/e\/les-po%C3%A8mes-de-la-r-sistance-th-%C3%A2tre-trempl-tickets-107954\">Les po\u00e8mes de la R\u00e9sistance<\/a>.<\/p>\n<p>&nbsp;<\/p>\n<p><span data-ccp-props=\"{&quot;201341983&quot;:0,&quot;335559731&quot;:0,&quot;335559738&quot;:40,&quot;335559740&quot;:259}\"><a href=\"http:\/\/www.simpletix.com\/e\/les-po%C3%A8mes-de-la-r-sistance-th-%C3%A2tre-trempl-tickets-107954\"><img loading=\"lazy\" decoding=\"async\" class=\"alignnone wp-image-18171\" src=\"https:\/\/af.ca\/ottawa\/wp-content\/uploads\/2022\/06\/Poemes-de-la-resistance-300x168.jpg\" alt=\"Po\u00e8mes de la r\u00e9sistance\" width=\"409\" height=\"229\" srcset=\"https:\/\/af.ca\/ottawa\/wp-content\/uploads\/2022\/06\/Poemes-de-la-resistance-300x168.jpg 300w, https:\/\/af.ca\/ottawa\/wp-content\/uploads\/2022\/06\/Poemes-de-la-resistance-768x430.jpg 768w, https:\/\/af.ca\/ottawa\/wp-content\/uploads\/2022\/06\/Poemes-de-la-resistance.jpg 1024w\" sizes=\"auto, (max-width: 409px) 100vw, 409px\" \/><\/a>\u00a0<\/span><\/p>\n<p>&nbsp;<\/p>\n<p>Du 21 au 25 juin, Le Th\u00e9\u00e2tre Tremplin pr\u00e9sentera une adaptation th\u00e9\u00e2trale de ces po\u00e8mes \u00e0 la Nouvelle Sc\u00e8ne Gilles Desjardins, situ\u00e9e au 333, avenue King Edward dans la Basse-Ville d&rsquo;Ottawa. Cette pr\u00e9sentation co\u00efncide avec la Saint-Jean-Baptiste du 24 juin, une journ\u00e9e de c\u00e9l\u00e9bration pour tous les francophones du Canada.<\/p>\n<p>Pour obtenir des billets, veuillez consulter le site : <a href=\"http:\/\/www.simpletix.com\/e\/les-po%C3%A8mes-de-la-r-sistance-th-%C3%A2tre-trempl-tickets-107954\">www.simpletix.com<\/a><\/p>\n<p><span data-ccp-props=\"{&quot;201341983&quot;:0,&quot;335559685&quot;:142,&quot;335559731&quot;:0,&quot;335559738&quot;:40,&quot;335559740&quot;:259}\">\u00a0<\/span><\/p>\n<p><span data-ccp-props=\"{&quot;201341983&quot;:0,&quot;335559685&quot;:1455,&quot;335559731&quot;:0,&quot;335559738&quot;:40,&quot;335559740&quot;:259}\">\u00a0<\/span><\/p>\n<h2><b><span data-contrast=\"auto\">2. La F\u00eate du Canada<\/span><\/b><span data-ccp-props=\"{&quot;201341983&quot;:0,&quot;335559738&quot;:40,&quot;335559740&quot;:259}\">\u00a0<\/span><\/h2>\n<p>&nbsp;<\/p>\n<p>\u00c0 deux pas des plaines Lebreton \u00e0 Gatineau, vous pourrez c\u00e9l\u00e9brer la f\u00eate du Canada avec style et en fran\u00e7ais \u00e0 la Place des Festivals Zibi.\u00a0Sur sc\u00e8ne, vous entendrez des artistes tels que Genevi\u00e8ve et Alain, M\u00e9lissa Ouimet, Marie-Clo, Double Magnum et Mia Kelly. Mieux encore, il n&rsquo;y a pas de frais d&rsquo;entr\u00e9e pour p\u00e9n\u00e9trer sur le site et profiter de la musique. Le spectacle commence \u00e0 11 heures. Ne le manquez pas !<\/p>\n<p>&nbsp;<\/p>\n<p><a href=\"https:\/\/www.canada.ca\/en\/canadian-heritage\/campaigns\/canada-day\/capital-region.html?utm_campaign=pch-pch-canadaday22-2021-2022&amp;utm_medium=sem&amp;utm_source=ggl&amp;utm_content=ottawa-gatineau-en-220530\">Cliquez ici pour plus d&rsquo;informations sur les activit\u00e9s qui auront lieu le jour de la f\u00eate du Canad<\/a>a.<\/p>\n<p>&nbsp;<\/p>\n<p><span data-ccp-props=\"{&quot;201341983&quot;:0,&quot;335559731&quot;:0,&quot;335559738&quot;:40,&quot;335559740&quot;:259}\">\u00a0<\/span><\/p>\n<h2><b><span data-contrast=\"auto\">3. Po\u00e8tes de la capitale\u202f22<\/span><\/b><span data-ccp-props=\"{&quot;201341983&quot;:0,&quot;335559738&quot;:40,&quot;335559740&quot;:259}\">\u00a0<\/span><\/h2>\n<p>&nbsp;<\/p>\n<p>Jusqu&rsquo;au 11 juillet, vous pourrez <a href=\"https:\/\/canada-info.ca\/poete-de-la-capitale-une-initiative-qui-illustre-les-artistes-dottawa\/\">d\u00e9couvrir les po\u00e8mes de 21 po\u00e8tes francophones de la capitale<\/a>. Les affiches sont accroch\u00e9es dans de nombreux quartiers de la ville : March\u00e9 By, Centre-ville, C\u00f4te-de-Sable, &#8230; Vous aurez l&rsquo;occasion de d\u00e9couvrir des po\u00e8tes qui consid\u00e8rent Ottawa comme leur ville natale : Daniel Groleau Landry, V\u00e9ronique Sylvain, Blaise Ndala, Mich\u00e8le Vinet, \u00c9ric Charlebois et bien d&rsquo;autres.<\/p>\n<p>Profitez du beau temps qu&rsquo;offre cette ville et partez \u00e0 la recherche de ces joyaux po\u00e9tiques !<\/p>\n<p><span data-ccp-props=\"{&quot;201341983&quot;:0,&quot;335559731&quot;:0,&quot;335559738&quot;:40,&quot;335559740&quot;:259}\">\u00a0<\/span><\/p>\n<p>&nbsp;<\/p>\n<h2><b><span data-contrast=\"auto\">4. Mus\u00e9oparc de Vanier<\/span><\/b><span data-ccp-props=\"{&quot;201341983&quot;:0,&quot;335559738&quot;:40,&quot;335559740&quot;:259}\">\u00a0<\/span><\/h2>\n<p>&nbsp;<\/p>\n<p>Bien que la cabane \u00e0 sucre soit ferm\u00e9e et que la saison sucri\u00e8re soit termin\u00e9e, vous pourrez visiter les terrains du <a href=\"https:\/\/museoparc.ca\/en\/\">Mus\u00e9oparc de Vanier<\/a>.<\/p>\n<p>La section mus\u00e9e est ouverte au public et propose des expositions tr\u00e8s int\u00e9ressantes : Capitaine Acadie, le superh\u00e9ros des provinces de l&rsquo;Est, ainsi que le Parcours de l&rsquo;auteur. Vous y d\u00e9couvrirez 400 ans de pr\u00e9sence fran\u00e7aise en Ontario \u00e0 travers les \u0153uvres de nombreux auteurs venus des quatre coins de la province. L&rsquo;entr\u00e9e est gratuite, mais les visites guid\u00e9es n\u00e9cessitent une r\u00e9servation et co\u00fbtent 5 $ par personne. Vous pouvez contacter le personnel du Mus\u00e9oparc au 613-842-9871 poste 4 ou info@museoparc.ca.<\/p>\n<p>30 auteurs se cachent dans la for\u00eat de Richelieu&#8230; Saurez-vous tous les retrouver ?<\/p>\n<p>&nbsp;<\/p>\n<p><span data-ccp-props=\"{&quot;201341983&quot;:0,&quot;335559731&quot;:0,&quot;335559738&quot;:40,&quot;335559740&quot;:259}\">\u00a0<\/span><\/p>\n<h2><b><span data-contrast=\"auto\">5. Les circuits Vanier\u00a0<\/span><\/b><\/h2>\n<p>&nbsp;<\/p>\n<p>Dernier point mais non des moindres : <a href=\"https:\/\/museoparc.ca\/musee\/circuits-vanier\/\">les circuits Vanier<\/a>. Ces circuits pi\u00e9tonniers vous permettent de d\u00e9couvrir les b\u00e2timents historiques et les \u00e9v\u00e9nements qui ont eu lieu \u00e0 Vanier. Venez admirer l&rsquo;architecture et les peintures murales r\u00e9alis\u00e9es par des artistes locaux ! Vous avez le choix entre cinq circuits, tous d&rsquo;une dur\u00e9e de 40 \u00e0 90 minutes de marche.<\/p>\n<p>L&rsquo;entr\u00e9e est gratuite, mais les visites guid\u00e9es n\u00e9cessitent une r\u00e9servation et co\u00fbtent 5 $ par personne. Pour toute demande de renseignements, veuillez composer le 613 842 9871, poste 4.<\/p>\n<p><span data-ccp-props=\"{&quot;201341983&quot;:0,&quot;335559731&quot;:0,&quot;335559738&quot;:40,&quot;335559740&quot;:259}\"> <a href=\"https:\/\/museoparc.ca\/musee\/circuits-vanier\/\"><img loading=\"lazy\" decoding=\"async\" class=\"alignnone wp-image-18173\" src=\"https:\/\/af.ca\/ottawa\/wp-content\/uploads\/2022\/06\/Murale-vanier-300x99.jpg\" alt=\"Murale Vanier\" width=\"497\" height=\"164\" srcset=\"https:\/\/af.ca\/ottawa\/wp-content\/uploads\/2022\/06\/Murale-vanier-300x99.jpg 300w, https:\/\/af.ca\/ottawa\/wp-content\/uploads\/2022\/06\/Murale-vanier-768x253.jpg 768w, https:\/\/af.ca\/ottawa\/wp-content\/uploads\/2022\/06\/Murale-vanier.jpg 1000w\" sizes=\"auto, (max-width: 497px) 100vw, 497px\" \/><\/a><\/span><\/p>\n","protected":false},"excerpt":{"rendered":"<p>&nbsp; &nbsp; L&rsquo;Alliance fran\u00e7aise d&rsquo;Ottawa propose un large \u00e9ventail d&rsquo;activit\u00e9s en fran\u00e7ais, que vous pouvez retrouver ici. Mais Ottawa \u00e9tant la capitale du pays, vous pouvez trouver des activit\u00e9s culturelles dans la langue de Moli\u00e8re dans de nombreux endroits. &nbsp; Voici un top 5 des activit\u00e9s en fran\u00e7ais \u00e0 faire \u00e0 Ottawa cet \u00e9t\u00e9, autour&#8230;<\/p>\n<p><a class=\"button invert-primary\" href=\"https:\/\/af.ca\/ottawa\/que-faire-a-ottawa-en-francais-durant-la-fete-du-canada\/\">En savoir plus<\/a><\/p>\n","protected":false},"author":3,"featured_media":0,"parent":0,"menu_order":147,"comment_status":"closed","ping_status":"closed","template":"","meta":{"_acf_changed":false,"om_disable_all_campaigns":false,"_monsterinsights_skip_tracking":false,"_monsterinsights_sitenote_active":false,"_monsterinsights_sitenote_note":"","_monsterinsights_sitenote_category":0,"footnotes":""},"class_list":["post-18170","page","type-page","status-publish","hentry"],"acf":[],"yoast_head":"<!-- This site is optimized with the Yoast SEO plugin v27.3 - https:\/\/yoast.com\/product\/yoast-seo-wordpress\/ -->\n<title>Que faire \u00e0 Ottawa en fran\u00e7ais durant la f\u00eate du Canada ? - Alliance Fran\u00e7aise Ottawa<\/title>\n<meta name=\"description\" content=\"Vous apprenez le fran\u00e7ais et vous cherchez des choses \u00e0 faire en fran\u00e7ais \u00e0 Ottawa ? Nous avons quelques suggestions pour vous et la plupart d&#039;entre elles sont gratuites et offertes tous les jours de la semaine ! Alors, qu&#039;est-ce que ce sera ? Un circuit p\u00e9destre dans Vanier ? Une visite des expositions du Mus\u00e9oparc ? Un concert en plein air ? Faites votre choix ! Bon app\u00e9tit !\" \/>\n<meta name=\"robots\" content=\"index, follow, max-snippet:-1, max-image-preview:large, max-video-preview:-1\" \/>\n<link rel=\"canonical\" href=\"https:\/\/af.ca\/ottawa\/que-faire-a-ottawa-en-francais-durant-la-fete-du-canada\/\" \/>\n<meta property=\"og:locale\" content=\"fr_FR\" \/>\n<meta property=\"og:type\" content=\"article\" \/>\n<meta property=\"og:title\" content=\"Que faire \u00e0 Ottawa en fran\u00e7ais durant la f\u00eate du Canada ?\" \/>\n<meta property=\"og:description\" content=\"Vous apprenez le fran\u00e7ais et vous cherchez des choses \u00e0 faire en fran\u00e7ais \u00e0 Ottawa ? Nous avons quelques suggestions pour vous et la plupart d&#039;entre elles sont gratuites et offertes tous les jours de la semaine ! Alors, qu&#039;est-ce que ce sera ? Un circuit p\u00e9destre dans Vanier ? Une visite des expositions du Mus\u00e9oparc ? Un concert en plein air ? Faites votre choix ! Bon app\u00e9tit !\" \/>\n<meta property=\"og:url\" content=\"https:\/\/af.ca\/ottawa\/que-faire-a-ottawa-en-francais-durant-la-fete-du-canada\/\" \/>\n<meta property=\"og:site_name\" content=\"Alliance Fran\u00e7aise Ottawa\" \/>\n<meta property=\"article:modified_time\" content=\"2022-08-25T19:42:56+00:00\" \/>\n<meta property=\"og:image\" content=\"https:\/\/af.ca\/ottawa\/wp-content\/uploads\/2022\/06\/bonne-fete.png\" \/>\n\t<meta property=\"og:image:width\" content=\"1080\" \/>\n\t<meta property=\"og:image:height\" content=\"1080\" \/>\n\t<meta property=\"og:image:type\" content=\"image\/png\" \/>\n<meta name=\"twitter:card\" content=\"summary_large_image\" \/>\n<meta name=\"twitter:title\" content=\"Que faire \u00e0 Ottawa en fran\u00e7ais durant la f\u00eate du Canada ?\" \/>\n<meta name=\"twitter:image\" content=\"https:\/\/af.ca\/ottawa\/wp-content\/uploads\/2022\/06\/bonne-fete.png\" \/>\n<meta name=\"twitter:label1\" content=\"Dur\u00e9e de lecture estim\u00e9e\" \/>\n\t<meta name=\"twitter:data1\" content=\"4 minutes\" \/>\n<script type=\"application\/ld+json\" class=\"yoast-schema-graph\">{\"@context\":\"https:\\\/\\\/schema.org\",\"@graph\":[{\"@type\":\"WebPage\",\"@id\":\"https:\\\/\\\/af.ca\\\/ottawa\\\/que-faire-a-ottawa-en-francais-durant-la-fete-du-canada\\\/\",\"url\":\"https:\\\/\\\/af.ca\\\/ottawa\\\/que-faire-a-ottawa-en-francais-durant-la-fete-du-canada\\\/\",\"name\":\"Que faire \u00e0 Ottawa en fran\u00e7ais durant la f\u00eate du Canada ? - Alliance Fran\u00e7aise Ottawa\",\"isPartOf\":{\"@id\":\"https:\\\/\\\/af.ca\\\/ottawa\\\/#website\"},\"primaryImageOfPage\":{\"@id\":\"https:\\\/\\\/af.ca\\\/ottawa\\\/que-faire-a-ottawa-en-francais-durant-la-fete-du-canada\\\/#primaryimage\"},\"image\":{\"@id\":\"https:\\\/\\\/af.ca\\\/ottawa\\\/que-faire-a-ottawa-en-francais-durant-la-fete-du-canada\\\/#primaryimage\"},\"thumbnailUrl\":\"https:\\\/\\\/af.ca\\\/ottawa\\\/wp-content\\\/uploads\\\/2022\\\/06\\\/Happy-Canada-Day-2-300x169.png\",\"datePublished\":\"2022-06-22T16:05:32+00:00\",\"dateModified\":\"2022-08-25T19:42:56+00:00\",\"description\":\"Vous apprenez le fran\u00e7ais et vous cherchez des choses \u00e0 faire en fran\u00e7ais \u00e0 Ottawa ? Nous avons quelques suggestions pour vous et la plupart d'entre elles sont gratuites et offertes tous les jours de la semaine ! Alors, qu'est-ce que ce sera ? Un circuit p\u00e9destre dans Vanier ? Une visite des expositions du Mus\u00e9oparc ? Un concert en plein air ? Faites votre choix ! Bon app\u00e9tit !\",\"breadcrumb\":{\"@id\":\"https:\\\/\\\/af.ca\\\/ottawa\\\/que-faire-a-ottawa-en-francais-durant-la-fete-du-canada\\\/#breadcrumb\"},\"inLanguage\":\"fr-FR\",\"potentialAction\":[{\"@type\":\"ReadAction\",\"target\":[\"https:\\\/\\\/af.ca\\\/ottawa\\\/que-faire-a-ottawa-en-francais-durant-la-fete-du-canada\\\/\"]}]},{\"@type\":\"ImageObject\",\"inLanguage\":\"fr-FR\",\"@id\":\"https:\\\/\\\/af.ca\\\/ottawa\\\/que-faire-a-ottawa-en-francais-durant-la-fete-du-canada\\\/#primaryimage\",\"url\":\"https:\\\/\\\/af.ca\\\/ottawa\\\/wp-content\\\/uploads\\\/2022\\\/06\\\/Happy-Canada-Day-2.png\",\"contentUrl\":\"https:\\\/\\\/af.ca\\\/ottawa\\\/wp-content\\\/uploads\\\/2022\\\/06\\\/Happy-Canada-Day-2.png\",\"width\":1920,\"height\":1080,\"caption\":\"Happy Canada Day\"},{\"@type\":\"BreadcrumbList\",\"@id\":\"https:\\\/\\\/af.ca\\\/ottawa\\\/que-faire-a-ottawa-en-francais-durant-la-fete-du-canada\\\/#breadcrumb\",\"itemListElement\":[{\"@type\":\"ListItem\",\"position\":1,\"name\":\"Home\",\"item\":\"https:\\\/\\\/af.ca\\\/ottawa\\\/\"},{\"@type\":\"ListItem\",\"position\":2,\"name\":\"Que faire \u00e0 Ottawa en fran\u00e7ais durant la f\u00eate du Canada ?\"}]},{\"@type\":\"WebSite\",\"@id\":\"https:\\\/\\\/af.ca\\\/ottawa\\\/#website\",\"url\":\"https:\\\/\\\/af.ca\\\/ottawa\\\/\",\"name\":\"Alliance Fran\u00e7aise Ottawa\",\"description\":\"\u00c9cole de langue fran\u00e7aise et centre culturel\",\"potentialAction\":[{\"@type\":\"SearchAction\",\"target\":{\"@type\":\"EntryPoint\",\"urlTemplate\":\"https:\\\/\\\/af.ca\\\/ottawa\\\/?s={search_term_string}\"},\"query-input\":{\"@type\":\"PropertyValueSpecification\",\"valueRequired\":true,\"valueName\":\"search_term_string\"}}],\"inLanguage\":\"fr-FR\"}]}<\/script>\n<!-- \/ Yoast SEO plugin. -->","yoast_head_json":{"title":"Que faire \u00e0 Ottawa en fran\u00e7ais durant la f\u00eate du Canada ? - Alliance Fran\u00e7aise Ottawa","description":"Vous apprenez le fran\u00e7ais et vous cherchez des choses \u00e0 faire en fran\u00e7ais \u00e0 Ottawa ? Nous avons quelques suggestions pour vous et la plupart d'entre elles sont gratuites et offertes tous les jours de la semaine ! Alors, qu'est-ce que ce sera ? Un circuit p\u00e9destre dans Vanier ? Une visite des expositions du Mus\u00e9oparc ? Un concert en plein air ? Faites votre choix ! Bon app\u00e9tit !","robots":{"index":"index","follow":"follow","max-snippet":"max-snippet:-1","max-image-preview":"max-image-preview:large","max-video-preview":"max-video-preview:-1"},"canonical":"https:\/\/af.ca\/ottawa\/que-faire-a-ottawa-en-francais-durant-la-fete-du-canada\/","og_locale":"fr_FR","og_type":"article","og_title":"Que faire \u00e0 Ottawa en fran\u00e7ais durant la f\u00eate du Canada ?","og_description":"Vous apprenez le fran\u00e7ais et vous cherchez des choses \u00e0 faire en fran\u00e7ais \u00e0 Ottawa ? Nous avons quelques suggestions pour vous et la plupart d'entre elles sont gratuites et offertes tous les jours de la semaine ! Alors, qu'est-ce que ce sera ? Un circuit p\u00e9destre dans Vanier ? Une visite des expositions du Mus\u00e9oparc ? Un concert en plein air ? Faites votre choix ! Bon app\u00e9tit !","og_url":"https:\/\/af.ca\/ottawa\/que-faire-a-ottawa-en-francais-durant-la-fete-du-canada\/","og_site_name":"Alliance Fran\u00e7aise Ottawa","article_modified_time":"2022-08-25T19:42:56+00:00","og_image":[{"width":1080,"height":1080,"url":"https:\/\/af.ca\/ottawa\/wp-content\/uploads\/2022\/06\/bonne-fete.png","type":"image\/png"}],"twitter_card":"summary_large_image","twitter_title":"Que faire \u00e0 Ottawa en fran\u00e7ais durant la f\u00eate du Canada ?","twitter_image":"https:\/\/af.ca\/ottawa\/wp-content\/uploads\/2022\/06\/bonne-fete.png","twitter_misc":{"Dur\u00e9e de lecture estim\u00e9e":"4 minutes"},"schema":{"@context":"https:\/\/schema.org","@graph":[{"@type":"WebPage","@id":"https:\/\/af.ca\/ottawa\/que-faire-a-ottawa-en-francais-durant-la-fete-du-canada\/","url":"https:\/\/af.ca\/ottawa\/que-faire-a-ottawa-en-francais-durant-la-fete-du-canada\/","name":"Que faire \u00e0 Ottawa en fran\u00e7ais durant la f\u00eate du Canada ? - Alliance Fran\u00e7aise Ottawa","isPartOf":{"@id":"https:\/\/af.ca\/ottawa\/#website"},"primaryImageOfPage":{"@id":"https:\/\/af.ca\/ottawa\/que-faire-a-ottawa-en-francais-durant-la-fete-du-canada\/#primaryimage"},"image":{"@id":"https:\/\/af.ca\/ottawa\/que-faire-a-ottawa-en-francais-durant-la-fete-du-canada\/#primaryimage"},"thumbnailUrl":"https:\/\/af.ca\/ottawa\/wp-content\/uploads\/2022\/06\/Happy-Canada-Day-2-300x169.png","datePublished":"2022-06-22T16:05:32+00:00","dateModified":"2022-08-25T19:42:56+00:00","description":"Vous apprenez le fran\u00e7ais et vous cherchez des choses \u00e0 faire en fran\u00e7ais \u00e0 Ottawa ? Nous avons quelques suggestions pour vous et la plupart d'entre elles sont gratuites et offertes tous les jours de la semaine ! Alors, qu'est-ce que ce sera ? Un circuit p\u00e9destre dans Vanier ? Une visite des expositions du Mus\u00e9oparc ? Un concert en plein air ? Faites votre choix ! Bon app\u00e9tit !","breadcrumb":{"@id":"https:\/\/af.ca\/ottawa\/que-faire-a-ottawa-en-francais-durant-la-fete-du-canada\/#breadcrumb"},"inLanguage":"fr-FR","potentialAction":[{"@type":"ReadAction","target":["https:\/\/af.ca\/ottawa\/que-faire-a-ottawa-en-francais-durant-la-fete-du-canada\/"]}]},{"@type":"ImageObject","inLanguage":"fr-FR","@id":"https:\/\/af.ca\/ottawa\/que-faire-a-ottawa-en-francais-durant-la-fete-du-canada\/#primaryimage","url":"https:\/\/af.ca\/ottawa\/wp-content\/uploads\/2022\/06\/Happy-Canada-Day-2.png","contentUrl":"https:\/\/af.ca\/ottawa\/wp-content\/uploads\/2022\/06\/Happy-Canada-Day-2.png","width":1920,"height":1080,"caption":"Happy Canada Day"},{"@type":"BreadcrumbList","@id":"https:\/\/af.ca\/ottawa\/que-faire-a-ottawa-en-francais-durant-la-fete-du-canada\/#breadcrumb","itemListElement":[{"@type":"ListItem","position":1,"name":"Home","item":"https:\/\/af.ca\/ottawa\/"},{"@type":"ListItem","position":2,"name":"Que faire \u00e0 Ottawa en fran\u00e7ais durant la f\u00eate du Canada ?"}]},{"@type":"WebSite","@id":"https:\/\/af.ca\/ottawa\/#website","url":"https:\/\/af.ca\/ottawa\/","name":"Alliance Fran\u00e7aise Ottawa","description":"\u00c9cole de langue fran\u00e7aise et centre culturel","potentialAction":[{"@type":"SearchAction","target":{"@type":"EntryPoint","urlTemplate":"https:\/\/af.ca\/ottawa\/?s={search_term_string}"},"query-input":{"@type":"PropertyValueSpecification","valueRequired":true,"valueName":"search_term_string"}}],"inLanguage":"fr-FR"}]}},"blog_post_layout_featured_media_urls":{"thumbnail":"","full":""},"categories_names":null,"comments_number":"0","_links":{"self":[{"href":"https:\/\/af.ca\/ottawa\/wp-json\/wp\/v2\/pages\/18170","targetHints":{"allow":["GET"]}}],"collection":[{"href":"https:\/\/af.ca\/ottawa\/wp-json\/wp\/v2\/pages"}],"about":[{"href":"https:\/\/af.ca\/ottawa\/wp-json\/wp\/v2\/types\/page"}],"author":[{"embeddable":true,"href":"https:\/\/af.ca\/ottawa\/wp-json\/wp\/v2\/users\/3"}],"replies":[{"embeddable":true,"href":"https:\/\/af.ca\/ottawa\/wp-json\/wp\/v2\/comments?post=18170"}],"version-history":[{"count":0,"href":"https:\/\/af.ca\/ottawa\/wp-json\/wp\/v2\/pages\/18170\/revisions"}],"wp:attachment":[{"href":"https:\/\/af.ca\/ottawa\/wp-json\/wp\/v2\/media?parent=18170"}],"curies":[{"name":"wp","href":"https:\/\/api.w.org\/{rel}","templated":true}]}}