{"id":18237,"date":"2022-06-30T15:46:13","date_gmt":"2022-06-30T19:46:13","guid":{"rendered":"https:\/\/af.ca\/ottawa\/?page_id=18237"},"modified":"2022-06-30T15:55:20","modified_gmt":"2022-06-30T19:55:20","slug":"ottawa-capitale-en-fleurs-en-arbres-et-en-festivals","status":"publish","type":"page","link":"https:\/\/af.ca\/ottawa\/ottawa-capitale-en-fleurs-en-arbres-et-en-festivals\/","title":{"rendered":"Ottawa capitale en fleurs, en arbres et en festivals"},"content":{"rendered":"<p><a href=\"https:\/\/ccn-ncc.gc.ca\/endroits\/parc-majors-hill\"><img loading=\"lazy\" decoding=\"async\" class=\"alignnone wp-image-18240\" src=\"https:\/\/af.ca\/ottawa\/wp-content\/uploads\/2022\/06\/Ottawa-colline-du-parlement-300x169.png\" alt=\"Ottawa-colline-du-parlement\" width=\"693\" height=\"391\" srcset=\"https:\/\/af.ca\/ottawa\/wp-content\/uploads\/2022\/06\/Ottawa-colline-du-parlement-300x169.png 300w, https:\/\/af.ca\/ottawa\/wp-content\/uploads\/2022\/06\/Ottawa-colline-du-parlement-1024x576.png 1024w, https:\/\/af.ca\/ottawa\/wp-content\/uploads\/2022\/06\/Ottawa-colline-du-parlement-768x432.png 768w, https:\/\/af.ca\/ottawa\/wp-content\/uploads\/2022\/06\/Ottawa-colline-du-parlement-1536x864.png 1536w, https:\/\/af.ca\/ottawa\/wp-content\/uploads\/2022\/06\/Ottawa-colline-du-parlement.png 1920w\" sizes=\"auto, (max-width: 693px) 100vw, 693px\" \/><\/a><\/p>\n<p>&nbsp;<\/p>\n<p>&nbsp;<\/p>\n<p>La villa d\u2019Ottawa a \u00e9t\u00e9 choisie en 1857 par la Reine Victoria pour devenir la capitale du Canada. Elle est aujourd\u2019hui la quatri\u00e8me ville en importance du Canada.<\/p>\n<p>Elle est dot\u00e9e d\u2019une architecture victorienne que l\u2019on peut d\u00e9couvrir sur la Colline du Parlement et lors de la visite du large centre-ville parsem\u00e9 de nombreux \u00e9difices \u00e0 l\u2019architecture remarquable.<\/p>\n<p>Une ville d\u2019eau car elle est b\u00e2tie sur la rivi\u00e8re des Outaouais et dispose d\u2019une grande partie du canal Rideau, de construction militaire, class\u00e9 au patrimoine mondial de l\u2019UNESCO et qui est agr\u00e9ment\u00e9 d\u2019un dispositif de huit \u00e9cluses toujours en activit\u00e9 et enti\u00e8rement manuelle.<\/p>\n<p>&nbsp;<\/p>\n<p>Forte de ces eaux, Ottawa est une ville verte comme la d\u00e9coration urbaine aime \u00e0 le montrer. La ville compte au moins dix parcs offrant des arbres remarquables et proposent aux citoyens de nombreux espaces verts.<\/p>\n<p>&nbsp;<\/p>\n<p>&nbsp;<\/p>\n<p><strong>\u00c0 vos parcs\u00a0!<\/strong><\/p>\n<p>&nbsp;<\/p>\n<p>Connaissez-vous par exemple <a href=\"https:\/\/ccn-ncc.gc.ca\/endroits\/parc-majors-hill\">le parc Major\u2019s Hil<\/a>l dont le nom fait \u00e9cho avec la Colline du Parlement et qui occupe une place centrale au centre-ville. Il offre des points de vue panoramique uniques sur les tr\u00e9sors de la ville\u00a0: la Colline du parlement, la rivi\u00e8re des Outaouais, la province qu\u00e9b\u00e9coise voisine et les \u00e9cluses. \u00c9galement nomm\u00e9e \u00ab\u00a0l\u2019oasis paisible du centre-ville\u00a0\u00bb, ce parc est jalonn\u00e9 de pelouses vertes et d\u2019arbres majestueux aussi appel\u00e9s remarquables, en raison de leur \u00e2ge et de leur taille.<\/p>\n<p>&nbsp;<\/p>\n<p>Un autre lieu qui offre v\u00e9g\u00e9tation et fra\u00eecheur, est le Lac Dow. Il s\u2019agit d\u2019un petit lac artificiel cr\u00e9\u00e9 sur le canal Rideau. En \u00e9t\u00e9, il offre des parcours p\u00e9destre ou aquatique, et autres activit\u00e9s dans un cadre apaisant sous des arbres majestueux offrant bancs et chaises longues sur le chemin. En hiver, il se transforme en patinoire ext\u00e9rieure reli\u00e9e au canal Rideau sur une longueur de plus de 7 kilom\u00e8tres.<\/p>\n<p>&nbsp;<\/p>\n<p>&nbsp;<\/p>\n<p><strong>\u00c0 vos fleurs\u00a0!<\/strong><\/p>\n<p>&nbsp;<\/p>\n<p>Chaque printemps, <a href=\"https:\/\/ottawa.ca\/fr\">Ottawa devient la capitale de la tulipe<\/a> comme un hommage aux liens unissant la capitale canadienne aux Pays-Bas. Avec effervescence, la ville se pare de parterres et grandes compositions multicolores pour c\u00e9l\u00e9brer cette fleur de l\u2019amiti\u00e9. Pour ce festival canadien des tulipes, annuel et populaire, la ville organise des activit\u00e9s familiales, des ateliers, des visites, des feux d\u2019artifice. Un \u00e9v\u00e8nement grandiose offert \u00e0 tous. <em>\u00a0<\/em><\/p>\n<p>&nbsp;<\/p>\n<p><strong>\u00a0<\/strong><\/p>\n<p><strong>\u00c0 vos festivals\u00a0!<\/strong><\/p>\n<p>&nbsp;<\/p>\n<p>Riche en culture, la ville regorge de multiples lieux de d\u00e9couvertes culturelles o\u00f9 chacun trouvera son bonheur. Ottawa abrite sept des neuf mus\u00e9es nationaux canadiens qui offrent l\u2019occasion de d\u00e9couvrir le Canada et son histoire.<\/p>\n<p>Une ville multiculturelle qui rend hommage aux diff\u00e9rentes populations qui vivent \u00e0 Ottawa au travers de festivals culinaires d\u00e9di\u00e9s aux diff\u00e9rentes cuisines, selon les go\u00fbts de chacun.<\/p>\n<p>La musique, le th\u00e9\u00e2tre, l\u2019\u00e9criture, les arts sont au centre des activit\u00e9s propos\u00e9es au public qui d\u00e9sire en conna\u00eetre plus. Vous pouvez participer entre autres au bal des neiges, au Ribfest, au festival de jazz au Bluesfest (festival de la musique) <a href=\"https:\/\/www.ottawafestivals.ca\/fr\/\">et bien d\u2019autres<\/a>.<\/p>\n<p>&nbsp;<\/p>\n<p>&nbsp;<\/p>\n<p><strong>Profitez de votre ville !<\/strong><\/p>\n<p><strong>\u00a0<\/strong><\/p>\n<p>Riche de tous ces points et de bien d\u2019autres, Ottawa est une ville canadienne qui offre \u00e0 la fois l\u2019attrait de ce pays aux consonnances fran\u00e7aises mais \u00e9galement l\u2019influence nord-am\u00e9ricaine.<\/p>\n<p>&nbsp;<\/p>\n<p>Deux ouvertures linguistiques et culturelles qui sont un atout indiscutable pour s\u2019enrichir et \u00ab\u00a0se faire une place de choix\u00a0\u00bb sur le march\u00e9 professionnel et individuel mondial.<\/p>\n<p>&nbsp;<\/p>\n<p>&nbsp;<\/p>\n<p>&nbsp;<\/p>\n","protected":false},"excerpt":{"rendered":"<p>&nbsp; &nbsp; La villa d\u2019Ottawa a \u00e9t\u00e9 choisie en 1857 par la Reine Victoria pour devenir la capitale du Canada. Elle est aujourd\u2019hui la quatri\u00e8me ville en importance du Canada. Elle est dot\u00e9e d\u2019une architecture victorienne que l\u2019on peut d\u00e9couvrir sur la Colline du Parlement et lors de la visite du large centre-ville parsem\u00e9 de&#8230;<\/p>\n<p><a class=\"button invert-primary\" href=\"https:\/\/af.ca\/ottawa\/ottawa-capitale-en-fleurs-en-arbres-et-en-festivals\/\">En savoir plus<\/a><\/p>\n","protected":false},"author":3,"featured_media":0,"parent":0,"menu_order":146,"comment_status":"closed","ping_status":"closed","template":"","meta":{"_acf_changed":false,"om_disable_all_campaigns":false,"_monsterinsights_skip_tracking":false,"_monsterinsights_sitenote_active":false,"_monsterinsights_sitenote_note":"","_monsterinsights_sitenote_category":0,"footnotes":""},"class_list":["post-18237","page","type-page","status-publish","hentry"],"acf":[],"yoast_head":"<!-- This site is optimized with the Yoast SEO plugin v27.4 - https:\/\/yoast.com\/product\/yoast-seo-wordpress\/ -->\n<title>Ottawa capitale en fleurs, en arbres et en festivals - Alliance Fran\u00e7aise Ottawa<\/title>\n<meta name=\"robots\" content=\"index, follow, max-snippet:-1, max-image-preview:large, max-video-preview:-1\" \/>\n<link rel=\"canonical\" href=\"https:\/\/af.ca\/ottawa\/ottawa-capitale-en-fleurs-en-arbres-et-en-festivals\/\" \/>\n<meta property=\"og:locale\" content=\"fr_FR\" \/>\n<meta property=\"og:type\" content=\"article\" \/>\n<meta property=\"og:title\" content=\"Ottawa capitale en fleurs, en arbres et en festivals - Alliance Fran\u00e7aise Ottawa\" \/>\n<meta property=\"og:description\" content=\"&nbsp; &nbsp; La villa d\u2019Ottawa a \u00e9t\u00e9 choisie en 1857 par la Reine Victoria pour devenir la capitale du Canada. Elle est aujourd\u2019hui la quatri\u00e8me ville en importance du Canada. Elle est dot\u00e9e d\u2019une architecture victorienne que l\u2019on peut d\u00e9couvrir sur la Colline du Parlement et lors de la visite du large centre-ville parsem\u00e9 de...En savoir plus\" \/>\n<meta property=\"og:url\" content=\"https:\/\/af.ca\/ottawa\/ottawa-capitale-en-fleurs-en-arbres-et-en-festivals\/\" \/>\n<meta property=\"og:site_name\" content=\"Alliance Fran\u00e7aise Ottawa\" \/>\n<meta property=\"article:modified_time\" content=\"2022-06-30T19:55:20+00:00\" \/>\n<meta property=\"og:image\" content=\"https:\/\/af.ca\/ottawa\/wp-content\/uploads\/2022\/06\/Ottawa-colline-du-parlement-300x169.png\" \/>\n<meta name=\"twitter:card\" content=\"summary_large_image\" \/>\n<meta name=\"twitter:label1\" content=\"Dur\u00e9e de lecture estim\u00e9e\" \/>\n\t<meta name=\"twitter:data1\" content=\"3 minutes\" \/>\n<script type=\"application\/ld+json\" class=\"yoast-schema-graph\">{\"@context\":\"https:\\\/\\\/schema.org\",\"@graph\":[{\"@type\":\"WebPage\",\"@id\":\"https:\\\/\\\/af.ca\\\/ottawa\\\/ottawa-capitale-en-fleurs-en-arbres-et-en-festivals\\\/\",\"url\":\"https:\\\/\\\/af.ca\\\/ottawa\\\/ottawa-capitale-en-fleurs-en-arbres-et-en-festivals\\\/\",\"name\":\"Ottawa capitale en fleurs, en arbres et en festivals - Alliance Fran\u00e7aise Ottawa\",\"isPartOf\":{\"@id\":\"https:\\\/\\\/af.ca\\\/ottawa\\\/#website\"},\"primaryImageOfPage\":{\"@id\":\"https:\\\/\\\/af.ca\\\/ottawa\\\/ottawa-capitale-en-fleurs-en-arbres-et-en-festivals\\\/#primaryimage\"},\"image\":{\"@id\":\"https:\\\/\\\/af.ca\\\/ottawa\\\/ottawa-capitale-en-fleurs-en-arbres-et-en-festivals\\\/#primaryimage\"},\"thumbnailUrl\":\"https:\\\/\\\/af.ca\\\/ottawa\\\/wp-content\\\/uploads\\\/2022\\\/06\\\/Ottawa-colline-du-parlement-300x169.png\",\"datePublished\":\"2022-06-30T19:46:13+00:00\",\"dateModified\":\"2022-06-30T19:55:20+00:00\",\"breadcrumb\":{\"@id\":\"https:\\\/\\\/af.ca\\\/ottawa\\\/ottawa-capitale-en-fleurs-en-arbres-et-en-festivals\\\/#breadcrumb\"},\"inLanguage\":\"fr-FR\",\"potentialAction\":[{\"@type\":\"ReadAction\",\"target\":[\"https:\\\/\\\/af.ca\\\/ottawa\\\/ottawa-capitale-en-fleurs-en-arbres-et-en-festivals\\\/\"]}]},{\"@type\":\"ImageObject\",\"inLanguage\":\"fr-FR\",\"@id\":\"https:\\\/\\\/af.ca\\\/ottawa\\\/ottawa-capitale-en-fleurs-en-arbres-et-en-festivals\\\/#primaryimage\",\"url\":\"https:\\\/\\\/af.ca\\\/ottawa\\\/wp-content\\\/uploads\\\/2022\\\/06\\\/Ottawa-colline-du-parlement.png\",\"contentUrl\":\"https:\\\/\\\/af.ca\\\/ottawa\\\/wp-content\\\/uploads\\\/2022\\\/06\\\/Ottawa-colline-du-parlement.png\",\"width\":1920,\"height\":1080,\"caption\":\"Ottawa-colline-du-parlement\"},{\"@type\":\"BreadcrumbList\",\"@id\":\"https:\\\/\\\/af.ca\\\/ottawa\\\/ottawa-capitale-en-fleurs-en-arbres-et-en-festivals\\\/#breadcrumb\",\"itemListElement\":[{\"@type\":\"ListItem\",\"position\":1,\"name\":\"Home\",\"item\":\"https:\\\/\\\/af.ca\\\/ottawa\\\/\"},{\"@type\":\"ListItem\",\"position\":2,\"name\":\"Ottawa capitale en fleurs, en arbres et en festivals\"}]},{\"@type\":\"WebSite\",\"@id\":\"https:\\\/\\\/af.ca\\\/ottawa\\\/#website\",\"url\":\"https:\\\/\\\/af.ca\\\/ottawa\\\/\",\"name\":\"Alliance Fran\u00e7aise Ottawa\",\"description\":\"\u00c9cole de langue fran\u00e7aise et centre culturel\",\"potentialAction\":[{\"@type\":\"SearchAction\",\"target\":{\"@type\":\"EntryPoint\",\"urlTemplate\":\"https:\\\/\\\/af.ca\\\/ottawa\\\/?s={search_term_string}\"},\"query-input\":{\"@type\":\"PropertyValueSpecification\",\"valueRequired\":true,\"valueName\":\"search_term_string\"}}],\"inLanguage\":\"fr-FR\"}]}<\/script>\n<!-- \/ Yoast SEO plugin. -->","yoast_head_json":{"title":"Ottawa capitale en fleurs, en arbres et en festivals - Alliance Fran\u00e7aise Ottawa","robots":{"index":"index","follow":"follow","max-snippet":"max-snippet:-1","max-image-preview":"max-image-preview:large","max-video-preview":"max-video-preview:-1"},"canonical":"https:\/\/af.ca\/ottawa\/ottawa-capitale-en-fleurs-en-arbres-et-en-festivals\/","og_locale":"fr_FR","og_type":"article","og_title":"Ottawa capitale en fleurs, en arbres et en festivals - Alliance Fran\u00e7aise Ottawa","og_description":"&nbsp; &nbsp; La villa d\u2019Ottawa a \u00e9t\u00e9 choisie en 1857 par la Reine Victoria pour devenir la capitale du Canada. Elle est aujourd\u2019hui la quatri\u00e8me ville en importance du Canada. Elle est dot\u00e9e d\u2019une architecture victorienne que l\u2019on peut d\u00e9couvrir sur la Colline du Parlement et lors de la visite du large centre-ville parsem\u00e9 de...En savoir plus","og_url":"https:\/\/af.ca\/ottawa\/ottawa-capitale-en-fleurs-en-arbres-et-en-festivals\/","og_site_name":"Alliance Fran\u00e7aise Ottawa","article_modified_time":"2022-06-30T19:55:20+00:00","og_image":[{"url":"https:\/\/af.ca\/ottawa\/wp-content\/uploads\/2022\/06\/Ottawa-colline-du-parlement-300x169.png","type":"","width":"","height":""}],"twitter_card":"summary_large_image","twitter_misc":{"Dur\u00e9e de lecture estim\u00e9e":"3 minutes"},"schema":{"@context":"https:\/\/schema.org","@graph":[{"@type":"WebPage","@id":"https:\/\/af.ca\/ottawa\/ottawa-capitale-en-fleurs-en-arbres-et-en-festivals\/","url":"https:\/\/af.ca\/ottawa\/ottawa-capitale-en-fleurs-en-arbres-et-en-festivals\/","name":"Ottawa capitale en fleurs, en arbres et en festivals - Alliance Fran\u00e7aise Ottawa","isPartOf":{"@id":"https:\/\/af.ca\/ottawa\/#website"},"primaryImageOfPage":{"@id":"https:\/\/af.ca\/ottawa\/ottawa-capitale-en-fleurs-en-arbres-et-en-festivals\/#primaryimage"},"image":{"@id":"https:\/\/af.ca\/ottawa\/ottawa-capitale-en-fleurs-en-arbres-et-en-festivals\/#primaryimage"},"thumbnailUrl":"https:\/\/af.ca\/ottawa\/wp-content\/uploads\/2022\/06\/Ottawa-colline-du-parlement-300x169.png","datePublished":"2022-06-30T19:46:13+00:00","dateModified":"2022-06-30T19:55:20+00:00","breadcrumb":{"@id":"https:\/\/af.ca\/ottawa\/ottawa-capitale-en-fleurs-en-arbres-et-en-festivals\/#breadcrumb"},"inLanguage":"fr-FR","potentialAction":[{"@type":"ReadAction","target":["https:\/\/af.ca\/ottawa\/ottawa-capitale-en-fleurs-en-arbres-et-en-festivals\/"]}]},{"@type":"ImageObject","inLanguage":"fr-FR","@id":"https:\/\/af.ca\/ottawa\/ottawa-capitale-en-fleurs-en-arbres-et-en-festivals\/#primaryimage","url":"https:\/\/af.ca\/ottawa\/wp-content\/uploads\/2022\/06\/Ottawa-colline-du-parlement.png","contentUrl":"https:\/\/af.ca\/ottawa\/wp-content\/uploads\/2022\/06\/Ottawa-colline-du-parlement.png","width":1920,"height":1080,"caption":"Ottawa-colline-du-parlement"},{"@type":"BreadcrumbList","@id":"https:\/\/af.ca\/ottawa\/ottawa-capitale-en-fleurs-en-arbres-et-en-festivals\/#breadcrumb","itemListElement":[{"@type":"ListItem","position":1,"name":"Home","item":"https:\/\/af.ca\/ottawa\/"},{"@type":"ListItem","position":2,"name":"Ottawa capitale en fleurs, en arbres et en festivals"}]},{"@type":"WebSite","@id":"https:\/\/af.ca\/ottawa\/#website","url":"https:\/\/af.ca\/ottawa\/","name":"Alliance Fran\u00e7aise Ottawa","description":"\u00c9cole de langue fran\u00e7aise et centre culturel","potentialAction":[{"@type":"SearchAction","target":{"@type":"EntryPoint","urlTemplate":"https:\/\/af.ca\/ottawa\/?s={search_term_string}"},"query-input":{"@type":"PropertyValueSpecification","valueRequired":true,"valueName":"search_term_string"}}],"inLanguage":"fr-FR"}]}},"blog_post_layout_featured_media_urls":{"thumbnail":"","full":""},"categories_names":null,"comments_number":"0","_links":{"self":[{"href":"https:\/\/af.ca\/ottawa\/wp-json\/wp\/v2\/pages\/18237","targetHints":{"allow":["GET"]}}],"collection":[{"href":"https:\/\/af.ca\/ottawa\/wp-json\/wp\/v2\/pages"}],"about":[{"href":"https:\/\/af.ca\/ottawa\/wp-json\/wp\/v2\/types\/page"}],"author":[{"embeddable":true,"href":"https:\/\/af.ca\/ottawa\/wp-json\/wp\/v2\/users\/3"}],"replies":[{"embeddable":true,"href":"https:\/\/af.ca\/ottawa\/wp-json\/wp\/v2\/comments?post=18237"}],"version-history":[{"count":0,"href":"https:\/\/af.ca\/ottawa\/wp-json\/wp\/v2\/pages\/18237\/revisions"}],"wp:attachment":[{"href":"https:\/\/af.ca\/ottawa\/wp-json\/wp\/v2\/media?parent=18237"}],"curies":[{"name":"wp","href":"https:\/\/api.w.org\/{rel}","templated":true}]}}