{"id":18471,"date":"2024-04-25T11:03:32","date_gmt":"2024-04-25T15:03:32","guid":{"rendered":"https:\/\/af.ca\/ottawa\/?page_id=18471"},"modified":"2024-04-25T11:12:28","modified_gmt":"2024-04-25T15:12:28","slug":"activites-sociales-et-gastronomie","status":"publish","type":"page","link":"https:\/\/af.ca\/ottawa\/activites-sociales-et-gastronomie\/","title":{"rendered":"Activit\u00e9s sociales et gastronomie"},"content":{"rendered":"<p>&nbsp;<\/p>\n<p>\u00c7a fait toujours plaisir de se retrouver, jaser et passer du bon temps ensemble.<\/p>\n<p>Que ce soit autour d&rsquo;une bonne tasse de caf\u00e9, d&rsquo;un verre de bi\u00e8re ou d&rsquo;un bon dessert.<\/p>\n<p>Nous vous offrons un cadre chaleureux dans lequel vous pourrez rencontrer d&rsquo;autres personnes et par la m\u00eame occasion pratiquer votre fran\u00e7ais.<\/p>\n<p>&nbsp;<\/p>\n<p>&nbsp;<\/p>\n<p><a href=\"https:\/\/af.ca\/ottawa\/details-de-levenement\/?courseId=911#\/\"><img loading=\"lazy\" decoding=\"async\" class=\" wp-image-21838 alignleft\" src=\"https:\/\/af.ca\/ottawa\/wp-content\/uploads\/2024\/04\/Eurovision-visuel-promo-2024-300x300.png\" alt=\"\" width=\"372\" height=\"372\" srcset=\"https:\/\/af.ca\/ottawa\/wp-content\/uploads\/2024\/04\/Eurovision-visuel-promo-2024-300x300.png 300w, https:\/\/af.ca\/ottawa\/wp-content\/uploads\/2024\/04\/Eurovision-visuel-promo-2024-1024x1024.png 1024w, https:\/\/af.ca\/ottawa\/wp-content\/uploads\/2024\/04\/Eurovision-visuel-promo-2024-150x150.png 150w, https:\/\/af.ca\/ottawa\/wp-content\/uploads\/2024\/04\/Eurovision-visuel-promo-2024-768x768.png 768w, https:\/\/af.ca\/ottawa\/wp-content\/uploads\/2024\/04\/Eurovision-visuel-promo-2024-125x125.png 125w, https:\/\/af.ca\/ottawa\/wp-content\/uploads\/2024\/04\/Eurovision-visuel-promo-2024.png 1080w\" sizes=\"auto, (max-width: 372px) 100vw, 372px\" \/><\/a><\/p>\n<h3>Eurovision Party<\/h3>\n<p>Rejoignez-nous pour une apr\u00e8s-midi de musique et de fun pour une diffusion sp\u00e9ciale du Concours Eurovision de la chanson !<\/p>\n<p>En plus de la diffusion du concours, venez participer \u00e0 un quiz musical, un moment de votes interactifs et un karaok\u00e9 qui vous permettront de gagner des lots offerts par des Ambassades participant \u00e0 l\u2019\u00e9v\u00e8nement !<\/p>\n<p>&nbsp;<\/p>\n<p><a href=\"https:\/\/af.ca\/ottawa\/details-de-levenement\/?courseId=911#\/\"><img loading=\"lazy\" decoding=\"async\" class=\"alignnone wp-image-18747\" src=\"https:\/\/af.ca\/ottawa\/wp-content\/uploads\/2022\/09\/Bouton-learn-more-300x89.png\" alt=\"\" width=\"172\" height=\"51\" srcset=\"https:\/\/af.ca\/ottawa\/wp-content\/uploads\/2022\/09\/Bouton-learn-more-300x89.png 300w, https:\/\/af.ca\/ottawa\/wp-content\/uploads\/2022\/09\/Bouton-learn-more.png 435w\" sizes=\"auto, (max-width: 172px) 100vw, 172px\" \/><\/a><\/p>\n<p>&nbsp;<\/p>\n<p>&nbsp;<\/p>\n<p>&nbsp;<\/p>\n<p>&nbsp;<\/p>\n<p><a href=\"https:\/\/af.ca\/ottawa\/culture\/agenda-2\/#\/\"><img loading=\"lazy\" decoding=\"async\" class=\"wp-image-18954 alignleft\" src=\"https:\/\/af.ca\/ottawa\/wp-content\/uploads\/2022\/09\/cafe-discussion-300x251.png\" alt=\"\" width=\"375\" height=\"314\" srcset=\"https:\/\/af.ca\/ottawa\/wp-content\/uploads\/2022\/09\/cafe-discussion-300x251.png 300w, https:\/\/af.ca\/ottawa\/wp-content\/uploads\/2022\/09\/cafe-discussion-768x644.png 768w, https:\/\/af.ca\/ottawa\/wp-content\/uploads\/2022\/09\/cafe-discussion.png 940w\" sizes=\"auto, (max-width: 375px) 100vw, 375px\" \/><\/a><\/p>\n<h3>Caf\u00e9 discussion<\/h3>\n<p>Partagez un caf\u00e9 en fran\u00e7ais et parlez des nouvelles! Activit\u00e9 anim\u00e9e par un.e professeur.e de fran\u00e7ais.<\/p>\n<p>Ouverte \u00e0 tous les niveaux de fran\u00e7ais.<\/p>\n<p>&nbsp;<\/p>\n<p>Consultez l\u2019agenda culturel pour conna\u00eetre les prochaines dates de l\u2019activit\u00e9.<\/p>\n<p><a href=\"https:\/\/af.ca\/ottawa\/culture\/agenda-2\/#\/\"><img loading=\"lazy\" decoding=\"async\" class=\"alignnone wp-image-18747\" src=\"https:\/\/af.ca\/ottawa\/wp-content\/uploads\/2022\/09\/Bouton-learn-more-300x89.png\" alt=\"\" width=\"172\" height=\"51\" srcset=\"https:\/\/af.ca\/ottawa\/wp-content\/uploads\/2022\/09\/Bouton-learn-more-300x89.png 300w, https:\/\/af.ca\/ottawa\/wp-content\/uploads\/2022\/09\/Bouton-learn-more.png 435w\" sizes=\"auto, (max-width: 172px) 100vw, 172px\" \/><\/a><\/p>\n<p>&nbsp;<\/p>\n<p>&nbsp;<\/p>\n<p><a href=\"https:\/\/af.ca\/ottawa\/culture\/agenda-2\/#\/\"><img loading=\"lazy\" decoding=\"async\" class=\"wp-image-18956 alignleft\" src=\"https:\/\/af.ca\/ottawa\/wp-content\/uploads\/2022\/09\/pub-night-Ottawa-300x251.png\" alt=\"\" width=\"381\" height=\"319\" srcset=\"https:\/\/af.ca\/ottawa\/wp-content\/uploads\/2022\/09\/pub-night-Ottawa-300x251.png 300w, https:\/\/af.ca\/ottawa\/wp-content\/uploads\/2022\/09\/pub-night-Ottawa-768x644.png 768w, https:\/\/af.ca\/ottawa\/wp-content\/uploads\/2022\/09\/pub-night-Ottawa.png 940w\" sizes=\"auto, (max-width: 381px) 100vw, 381px\" \/><\/a><\/p>\n<p>&nbsp;<\/p>\n<h3>Pub night en fran\u00e7ais<\/h3>\n<p>Retrouvez-nous les derniers jeudis du mois autour d&rsquo;un bon verre et d&rsquo;une bonne ambiance pour jaser et discuter en fran\u00e7ais et passer un bon moment.<\/p>\n<p>&nbsp;<\/p>\n<p>Consultez l\u2019agenda culturel pour conna\u00eetre les prochaines dates de l\u2019activit\u00e9.<\/p>\n<p><a href=\"https:\/\/af.ca\/ottawa\/culture\/agenda-2\/#\/\"><img loading=\"lazy\" decoding=\"async\" class=\"alignnone wp-image-18747\" src=\"https:\/\/af.ca\/ottawa\/wp-content\/uploads\/2022\/09\/Bouton-learn-more-300x89.png\" alt=\"\" width=\"169\" height=\"50\" srcset=\"https:\/\/af.ca\/ottawa\/wp-content\/uploads\/2022\/09\/Bouton-learn-more-300x89.png 300w, https:\/\/af.ca\/ottawa\/wp-content\/uploads\/2022\/09\/Bouton-learn-more.png 435w\" sizes=\"auto, (max-width: 169px) 100vw, 169px\" \/><\/a><\/p>\n","protected":false},"excerpt":{"rendered":"<p>&nbsp; \u00c7a fait toujours plaisir de se retrouver, jaser et passer du bon temps ensemble. Que ce soit autour d&rsquo;une bonne tasse de caf\u00e9, d&rsquo;un verre de bi\u00e8re ou d&rsquo;un bon dessert. Nous vous offrons un cadre chaleureux dans lequel vous pourrez rencontrer d&rsquo;autres personnes et par la m\u00eame occasion pratiquer votre fran\u00e7ais. &nbsp; &nbsp;&#8230;<\/p>\n<p><a class=\"button invert-primary\" href=\"https:\/\/af.ca\/ottawa\/activites-sociales-et-gastronomie\/\">En savoir plus<\/a><\/p>\n","protected":false},"author":3,"featured_media":0,"parent":0,"menu_order":138,"comment_status":"closed","ping_status":"closed","template":"","meta":{"_acf_changed":false,"om_disable_all_campaigns":false,"_monsterinsights_skip_tracking":false,"_monsterinsights_sitenote_active":false,"_monsterinsights_sitenote_note":"","_monsterinsights_sitenote_category":0,"footnotes":""},"class_list":["post-18471","page","type-page","status-publish","hentry"],"acf":[],"yoast_head":"<!-- This site is optimized with the Yoast SEO plugin v27.3 - https:\/\/yoast.com\/product\/yoast-seo-wordpress\/ -->\n<title>Activit\u00e9s sociales et gastronomie - Alliance Fran\u00e7aise Ottawa<\/title>\n<meta name=\"robots\" content=\"index, follow, max-snippet:-1, max-image-preview:large, max-video-preview:-1\" \/>\n<link rel=\"canonical\" href=\"https:\/\/af.ca\/ottawa\/activites-sociales-et-gastronomie\/\" \/>\n<meta property=\"og:locale\" content=\"fr_FR\" \/>\n<meta property=\"og:type\" content=\"article\" \/>\n<meta property=\"og:title\" content=\"Activit\u00e9s sociales et gastronomie - Alliance Fran\u00e7aise Ottawa\" \/>\n<meta property=\"og:description\" content=\"&nbsp; \u00c7a fait toujours plaisir de se retrouver, jaser et passer du bon temps ensemble. Que ce soit autour d&rsquo;une bonne tasse de caf\u00e9, d&rsquo;un verre de bi\u00e8re ou d&rsquo;un bon dessert. Nous vous offrons un cadre chaleureux dans lequel vous pourrez rencontrer d&rsquo;autres personnes et par la m\u00eame occasion pratiquer votre fran\u00e7ais. &nbsp; &nbsp;...En savoir plus\" \/>\n<meta property=\"og:url\" content=\"https:\/\/af.ca\/ottawa\/activites-sociales-et-gastronomie\/\" \/>\n<meta property=\"og:site_name\" content=\"Alliance Fran\u00e7aise Ottawa\" \/>\n<meta property=\"article:modified_time\" content=\"2024-04-25T15:12:28+00:00\" \/>\n<meta property=\"og:image\" content=\"https:\/\/af.ca\/ottawa\/wp-content\/uploads\/2024\/04\/Eurovision-visuel-promo-2024-300x300.png\" \/>\n<meta name=\"twitter:card\" content=\"summary_large_image\" \/>\n<meta name=\"twitter:label1\" content=\"Dur\u00e9e de lecture estim\u00e9e\" \/>\n\t<meta name=\"twitter:data1\" content=\"2 minutes\" \/>\n<script type=\"application\/ld+json\" class=\"yoast-schema-graph\">{\"@context\":\"https:\\\/\\\/schema.org\",\"@graph\":[{\"@type\":\"WebPage\",\"@id\":\"https:\\\/\\\/af.ca\\\/ottawa\\\/activites-sociales-et-gastronomie\\\/\",\"url\":\"https:\\\/\\\/af.ca\\\/ottawa\\\/activites-sociales-et-gastronomie\\\/\",\"name\":\"Activit\u00e9s sociales et gastronomie - Alliance Fran\u00e7aise Ottawa\",\"isPartOf\":{\"@id\":\"https:\\\/\\\/af.ca\\\/ottawa\\\/#website\"},\"primaryImageOfPage\":{\"@id\":\"https:\\\/\\\/af.ca\\\/ottawa\\\/activites-sociales-et-gastronomie\\\/#primaryimage\"},\"image\":{\"@id\":\"https:\\\/\\\/af.ca\\\/ottawa\\\/activites-sociales-et-gastronomie\\\/#primaryimage\"},\"thumbnailUrl\":\"https:\\\/\\\/af.ca\\\/ottawa\\\/wp-content\\\/uploads\\\/2024\\\/04\\\/Eurovision-visuel-promo-2024-300x300.png\",\"datePublished\":\"2024-04-25T15:03:32+00:00\",\"dateModified\":\"2024-04-25T15:12:28+00:00\",\"breadcrumb\":{\"@id\":\"https:\\\/\\\/af.ca\\\/ottawa\\\/activites-sociales-et-gastronomie\\\/#breadcrumb\"},\"inLanguage\":\"fr-FR\",\"potentialAction\":[{\"@type\":\"ReadAction\",\"target\":[\"https:\\\/\\\/af.ca\\\/ottawa\\\/activites-sociales-et-gastronomie\\\/\"]}]},{\"@type\":\"ImageObject\",\"inLanguage\":\"fr-FR\",\"@id\":\"https:\\\/\\\/af.ca\\\/ottawa\\\/activites-sociales-et-gastronomie\\\/#primaryimage\",\"url\":\"https:\\\/\\\/af.ca\\\/ottawa\\\/wp-content\\\/uploads\\\/2024\\\/04\\\/Eurovision-visuel-promo-2024.png\",\"contentUrl\":\"https:\\\/\\\/af.ca\\\/ottawa\\\/wp-content\\\/uploads\\\/2024\\\/04\\\/Eurovision-visuel-promo-2024.png\",\"width\":1080,\"height\":1080},{\"@type\":\"BreadcrumbList\",\"@id\":\"https:\\\/\\\/af.ca\\\/ottawa\\\/activites-sociales-et-gastronomie\\\/#breadcrumb\",\"itemListElement\":[{\"@type\":\"ListItem\",\"position\":1,\"name\":\"Home\",\"item\":\"https:\\\/\\\/af.ca\\\/ottawa\\\/\"},{\"@type\":\"ListItem\",\"position\":2,\"name\":\"Activit\u00e9s sociales et gastronomie\"}]},{\"@type\":\"WebSite\",\"@id\":\"https:\\\/\\\/af.ca\\\/ottawa\\\/#website\",\"url\":\"https:\\\/\\\/af.ca\\\/ottawa\\\/\",\"name\":\"Alliance Fran\u00e7aise Ottawa\",\"description\":\"\u00c9cole de langue fran\u00e7aise et centre culturel\",\"potentialAction\":[{\"@type\":\"SearchAction\",\"target\":{\"@type\":\"EntryPoint\",\"urlTemplate\":\"https:\\\/\\\/af.ca\\\/ottawa\\\/?s={search_term_string}\"},\"query-input\":{\"@type\":\"PropertyValueSpecification\",\"valueRequired\":true,\"valueName\":\"search_term_string\"}}],\"inLanguage\":\"fr-FR\"}]}<\/script>\n<!-- \/ Yoast SEO plugin. -->","yoast_head_json":{"title":"Activit\u00e9s sociales et gastronomie - Alliance Fran\u00e7aise Ottawa","robots":{"index":"index","follow":"follow","max-snippet":"max-snippet:-1","max-image-preview":"max-image-preview:large","max-video-preview":"max-video-preview:-1"},"canonical":"https:\/\/af.ca\/ottawa\/activites-sociales-et-gastronomie\/","og_locale":"fr_FR","og_type":"article","og_title":"Activit\u00e9s sociales et gastronomie - Alliance Fran\u00e7aise Ottawa","og_description":"&nbsp; \u00c7a fait toujours plaisir de se retrouver, jaser et passer du bon temps ensemble. Que ce soit autour d&rsquo;une bonne tasse de caf\u00e9, d&rsquo;un verre de bi\u00e8re ou d&rsquo;un bon dessert. Nous vous offrons un cadre chaleureux dans lequel vous pourrez rencontrer d&rsquo;autres personnes et par la m\u00eame occasion pratiquer votre fran\u00e7ais. &nbsp; &nbsp;...En savoir plus","og_url":"https:\/\/af.ca\/ottawa\/activites-sociales-et-gastronomie\/","og_site_name":"Alliance Fran\u00e7aise Ottawa","article_modified_time":"2024-04-25T15:12:28+00:00","og_image":[{"url":"https:\/\/af.ca\/ottawa\/wp-content\/uploads\/2024\/04\/Eurovision-visuel-promo-2024-300x300.png","type":"","width":"","height":""}],"twitter_card":"summary_large_image","twitter_misc":{"Dur\u00e9e de lecture estim\u00e9e":"2 minutes"},"schema":{"@context":"https:\/\/schema.org","@graph":[{"@type":"WebPage","@id":"https:\/\/af.ca\/ottawa\/activites-sociales-et-gastronomie\/","url":"https:\/\/af.ca\/ottawa\/activites-sociales-et-gastronomie\/","name":"Activit\u00e9s sociales et gastronomie - Alliance Fran\u00e7aise Ottawa","isPartOf":{"@id":"https:\/\/af.ca\/ottawa\/#website"},"primaryImageOfPage":{"@id":"https:\/\/af.ca\/ottawa\/activites-sociales-et-gastronomie\/#primaryimage"},"image":{"@id":"https:\/\/af.ca\/ottawa\/activites-sociales-et-gastronomie\/#primaryimage"},"thumbnailUrl":"https:\/\/af.ca\/ottawa\/wp-content\/uploads\/2024\/04\/Eurovision-visuel-promo-2024-300x300.png","datePublished":"2024-04-25T15:03:32+00:00","dateModified":"2024-04-25T15:12:28+00:00","breadcrumb":{"@id":"https:\/\/af.ca\/ottawa\/activites-sociales-et-gastronomie\/#breadcrumb"},"inLanguage":"fr-FR","potentialAction":[{"@type":"ReadAction","target":["https:\/\/af.ca\/ottawa\/activites-sociales-et-gastronomie\/"]}]},{"@type":"ImageObject","inLanguage":"fr-FR","@id":"https:\/\/af.ca\/ottawa\/activites-sociales-et-gastronomie\/#primaryimage","url":"https:\/\/af.ca\/ottawa\/wp-content\/uploads\/2024\/04\/Eurovision-visuel-promo-2024.png","contentUrl":"https:\/\/af.ca\/ottawa\/wp-content\/uploads\/2024\/04\/Eurovision-visuel-promo-2024.png","width":1080,"height":1080},{"@type":"BreadcrumbList","@id":"https:\/\/af.ca\/ottawa\/activites-sociales-et-gastronomie\/#breadcrumb","itemListElement":[{"@type":"ListItem","position":1,"name":"Home","item":"https:\/\/af.ca\/ottawa\/"},{"@type":"ListItem","position":2,"name":"Activit\u00e9s sociales et gastronomie"}]},{"@type":"WebSite","@id":"https:\/\/af.ca\/ottawa\/#website","url":"https:\/\/af.ca\/ottawa\/","name":"Alliance Fran\u00e7aise Ottawa","description":"\u00c9cole de langue fran\u00e7aise et centre culturel","potentialAction":[{"@type":"SearchAction","target":{"@type":"EntryPoint","urlTemplate":"https:\/\/af.ca\/ottawa\/?s={search_term_string}"},"query-input":{"@type":"PropertyValueSpecification","valueRequired":true,"valueName":"search_term_string"}}],"inLanguage":"fr-FR"}]}},"blog_post_layout_featured_media_urls":{"thumbnail":"","full":""},"categories_names":null,"comments_number":"0","_links":{"self":[{"href":"https:\/\/af.ca\/ottawa\/wp-json\/wp\/v2\/pages\/18471","targetHints":{"allow":["GET"]}}],"collection":[{"href":"https:\/\/af.ca\/ottawa\/wp-json\/wp\/v2\/pages"}],"about":[{"href":"https:\/\/af.ca\/ottawa\/wp-json\/wp\/v2\/types\/page"}],"author":[{"embeddable":true,"href":"https:\/\/af.ca\/ottawa\/wp-json\/wp\/v2\/users\/3"}],"replies":[{"embeddable":true,"href":"https:\/\/af.ca\/ottawa\/wp-json\/wp\/v2\/comments?post=18471"}],"version-history":[{"count":0,"href":"https:\/\/af.ca\/ottawa\/wp-json\/wp\/v2\/pages\/18471\/revisions"}],"wp:attachment":[{"href":"https:\/\/af.ca\/ottawa\/wp-json\/wp\/v2\/media?parent=18471"}],"curies":[{"name":"wp","href":"https:\/\/api.w.org\/{rel}","templated":true}]}}