{"id":18513,"date":"2022-08-23T10:51:01","date_gmt":"2022-08-23T14:51:01","guid":{"rendered":"https:\/\/af.ca\/ottawa\/?page_id=18513"},"modified":"2025-10-10T11:53:08","modified_gmt":"2025-10-10T15:53:08","slug":"les-petits-penseurs","status":"publish","type":"page","link":"https:\/\/af.ca\/ottawa\/les-petits-penseurs\/","title":{"rendered":"Les petits penseurs"},"content":{"rendered":"<p><a href=\"https:\/\/af.ca\/ottawa\/wp-content\/uploads\/2022\/08\/photo-les-petits-penseurs.png\"><img loading=\"lazy\" decoding=\"async\" class=\"alignnone wp-image-18519\" src=\"https:\/\/af.ca\/ottawa\/wp-content\/uploads\/2022\/08\/photo-les-petits-penseurs-300x169.png\" alt=\"Les petits penseurs - AF Ottawa\" width=\"779\" height=\"439\" srcset=\"https:\/\/af.ca\/ottawa\/wp-content\/uploads\/2022\/08\/photo-les-petits-penseurs-300x169.png 300w, https:\/\/af.ca\/ottawa\/wp-content\/uploads\/2022\/08\/photo-les-petits-penseurs-1024x576.png 1024w, https:\/\/af.ca\/ottawa\/wp-content\/uploads\/2022\/08\/photo-les-petits-penseurs-768x432.png 768w, https:\/\/af.ca\/ottawa\/wp-content\/uploads\/2022\/08\/photo-les-petits-penseurs.png 1280w\" sizes=\"auto, (max-width: 779px) 100vw, 779px\" \/><\/a><\/p>\n<h2><\/h2>\n<h2><span class=\"JsGRdQ\">Nouveau programme pour enfants de 6 \u00e0 12 ans<\/span><\/h2>\n<p>&nbsp;<\/p>\n<p class=\"_04xlpA direction-ltr align-justify para-style-body\"><span class=\"JsGRdQ\">L&rsquo;Alliance Fran\u00e7aise Ottawa lance le programme des \u00ab\u00a0Petits penseurs\u00a0\u00bb. Il s&rsquo;agit d&rsquo;un atelier d&rsquo;initiation \u00e0 la<\/span> <span class=\"JsGRdQ\">philosophie r\u00e9serv\u00e9e aux enfants \u00e2g\u00e9s de 6 \u00e0 12 ans, francophones, anglophones ou apprenants de FLE, m\u00eame d\u00e9butants.<\/span><\/p>\n<p class=\"_04xlpA direction-ltr align-justify para-style-body\"><span class=\"JsGRdQ\">Cet atelier mensuel d&rsquo;une heure et demie est une excellente occasion pour les enfants de se faire de nouveaux amis, de penser le monde de fa\u00e7on diff\u00e9rente, d&rsquo;\u00e9changer en fran\u00e7ais tout en d\u00e9veloppant \u00e0 la fois leur lexique et des outils de citoyennet\u00e9 sociale, pour se pr\u00e9parer \u00e0 \u00eatre les citoyens de demain.<\/span><\/p>\n<p>&nbsp;<\/p>\n<p><a href=\"https:\/\/af.ca\/ottawa\/wp-content\/uploads\/2022\/08\/Sans-titre-1.png\"><img loading=\"lazy\" decoding=\"async\" class=\"alignnone wp-image-18522\" src=\"https:\/\/af.ca\/ottawa\/wp-content\/uploads\/2022\/08\/Sans-titre-1-205x300.png\" alt=\"AF Ottawa- les petits penseurs\" width=\"301\" height=\"440\" srcset=\"https:\/\/af.ca\/ottawa\/wp-content\/uploads\/2022\/08\/Sans-titre-1-205x300.png 205w, https:\/\/af.ca\/ottawa\/wp-content\/uploads\/2022\/08\/Sans-titre-1-700x1024.png 700w, https:\/\/af.ca\/ottawa\/wp-content\/uploads\/2022\/08\/Sans-titre-1-768x1124.png 768w, https:\/\/af.ca\/ottawa\/wp-content\/uploads\/2022\/08\/Sans-titre-1-1050x1536.png 1050w, https:\/\/af.ca\/ottawa\/wp-content\/uploads\/2022\/08\/Sans-titre-1.png 1142w\" sizes=\"auto, (max-width: 301px) 100vw, 301px\" \/><\/a><a href=\"https:\/\/af.ca\/ottawa\/wp-content\/uploads\/2022\/08\/lthemes.png\"><img loading=\"lazy\" decoding=\"async\" class=\"alignnone wp-image-18524\" src=\"https:\/\/af.ca\/ottawa\/wp-content\/uploads\/2022\/08\/lthemes-300x251.png\" alt=\"\" width=\"401\" height=\"335\" srcset=\"https:\/\/af.ca\/ottawa\/wp-content\/uploads\/2022\/08\/lthemes-300x251.png 300w, https:\/\/af.ca\/ottawa\/wp-content\/uploads\/2022\/08\/lthemes-768x644.png 768w, https:\/\/af.ca\/ottawa\/wp-content\/uploads\/2022\/08\/lthemes.png 940w\" sizes=\"auto, (max-width: 401px) 100vw, 401px\" \/><\/a><\/p>\n<p>&nbsp;<\/p>\n<p><span class=\"JsGRdQ\">Les th\u00e9matiques, sous forme de questions simples, sont tir\u00e9es de r\u00e9flexions sur le monde,\u202fpar exemple\u202f: pourquoi on ne peut pas faire tout ce qu\u2019on veut\u202f? C\u2019est quoi l\u2019amiti\u00e9\u202f? \u00c7a veut dire quoi \u00eatre heureux\u202f? A quoi \u00e7a sert de penser\u202f? Pourquoi parfois ce n\u2019est pas juste\u202f?<\/span><\/p>\n<p>&nbsp;<\/p>\n<h2><strong>Objectifs\u00a0<\/strong><\/h2>\n<p>&nbsp;<\/p>\n<ul>\n<li><span class=\"JsGRdQ\">Apprendre \u00e0 exprimer ses opinions et \u00e0 respecter celles des autres<\/span><\/li>\n<li><span class=\"JsGRdQ\">Apprendre \u00e0 \u00ab penser \u00bb et \u00e0 \u00e9changer<\/span><\/li>\n<li><span class=\"JsGRdQ\">D\u00e9velopper son vocabulaire en fran\u00e7ais<\/span><\/li>\n<li><span class=\"JsGRdQ\">Comprendre une histoire et s\u2019exprimer dessus<\/span><\/li>\n<li><span class=\"JsGRdQ\">Apprendre les r\u00e8gles propres au d\u00e9bat<\/span><\/li>\n<li><span class=\"JsGRdQ\">Savoir formuler des questions<\/span><\/li>\n<li><span class=\"JsGRdQ\">Comprendre des questions simples et essayer d\u2019y r\u00e9pondre<\/span><\/li>\n<li><span class=\"JsGRdQ\">Savoir exprimer son accord\/d\u00e9saccord<\/span><\/li>\n<li><span class=\"JsGRdQ\">Se familiariser avec le champ lexical de chaque th\u00e8me<\/span><\/li>\n<\/ul>\n<p>&nbsp;<\/p>\n","protected":false},"excerpt":{"rendered":"<p>Nouveau programme pour enfants de 6 \u00e0 12 ans &nbsp; L&rsquo;Alliance Fran\u00e7aise Ottawa lance le programme des \u00ab\u00a0Petits penseurs\u00a0\u00bb. Il s&rsquo;agit d&rsquo;un atelier d&rsquo;initiation \u00e0 la philosophie r\u00e9serv\u00e9e aux enfants \u00e2g\u00e9s de 6 \u00e0 12 ans, francophones, anglophones ou apprenants de FLE, m\u00eame d\u00e9butants. Cet atelier mensuel d&rsquo;une heure et demie est une excellente occasion&#8230;<\/p>\n<p><a class=\"button invert-primary\" href=\"https:\/\/af.ca\/ottawa\/les-petits-penseurs\/\">En savoir plus<\/a><\/p>\n","protected":false},"author":3,"featured_media":0,"parent":0,"menu_order":134,"comment_status":"closed","ping_status":"closed","template":"","meta":{"_acf_changed":false,"om_disable_all_campaigns":false,"_monsterinsights_skip_tracking":false,"_monsterinsights_sitenote_active":false,"_monsterinsights_sitenote_note":"","_monsterinsights_sitenote_category":0,"footnotes":""},"class_list":["post-18513","page","type-page","status-publish","hentry"],"acf":[],"yoast_head":"<!-- This site is optimized with the Yoast SEO plugin v27.4 - https:\/\/yoast.com\/product\/yoast-seo-wordpress\/ -->\n<title>Les petits penseurs - Alliance Fran\u00e7aise Ottawa<\/title>\n<meta name=\"robots\" content=\"index, follow, max-snippet:-1, max-image-preview:large, max-video-preview:-1\" \/>\n<link rel=\"canonical\" href=\"https:\/\/af.ca\/ottawa\/les-petits-penseurs\/\" \/>\n<meta property=\"og:locale\" content=\"fr_FR\" \/>\n<meta property=\"og:type\" content=\"article\" \/>\n<meta property=\"og:title\" content=\"Les petits penseurs - Alliance Fran\u00e7aise Ottawa\" \/>\n<meta property=\"og:description\" content=\"Nouveau programme pour enfants de 6 \u00e0 12 ans &nbsp; L&rsquo;Alliance Fran\u00e7aise Ottawa lance le programme des \u00ab\u00a0Petits penseurs\u00a0\u00bb. Il s&rsquo;agit d&rsquo;un atelier d&rsquo;initiation \u00e0 la philosophie r\u00e9serv\u00e9e aux enfants \u00e2g\u00e9s de 6 \u00e0 12 ans, francophones, anglophones ou apprenants de FLE, m\u00eame d\u00e9butants. Cet atelier mensuel d&rsquo;une heure et demie est une excellente occasion...En savoir plus\" \/>\n<meta property=\"og:url\" content=\"https:\/\/af.ca\/ottawa\/les-petits-penseurs\/\" \/>\n<meta property=\"og:site_name\" content=\"Alliance Fran\u00e7aise Ottawa\" \/>\n<meta property=\"article:modified_time\" content=\"2025-10-10T15:53:08+00:00\" \/>\n<meta property=\"og:image\" content=\"https:\/\/af.ca\/ottawa\/wp-content\/uploads\/2022\/08\/photo-les-petits-penseurs.png\" \/>\n\t<meta property=\"og:image:width\" content=\"1280\" \/>\n\t<meta property=\"og:image:height\" content=\"720\" \/>\n\t<meta property=\"og:image:type\" content=\"image\/png\" \/>\n<meta name=\"twitter:card\" content=\"summary_large_image\" \/>\n<meta name=\"twitter:label1\" content=\"Dur\u00e9e de lecture estim\u00e9e\" \/>\n\t<meta name=\"twitter:data1\" content=\"2 minutes\" \/>\n<script type=\"application\/ld+json\" class=\"yoast-schema-graph\">{\"@context\":\"https:\\\/\\\/schema.org\",\"@graph\":[{\"@type\":\"WebPage\",\"@id\":\"https:\\\/\\\/af.ca\\\/ottawa\\\/les-petits-penseurs\\\/\",\"url\":\"https:\\\/\\\/af.ca\\\/ottawa\\\/les-petits-penseurs\\\/\",\"name\":\"Les petits penseurs - Alliance Fran\u00e7aise Ottawa\",\"isPartOf\":{\"@id\":\"https:\\\/\\\/af.ca\\\/ottawa\\\/#website\"},\"primaryImageOfPage\":{\"@id\":\"https:\\\/\\\/af.ca\\\/ottawa\\\/les-petits-penseurs\\\/#primaryimage\"},\"image\":{\"@id\":\"https:\\\/\\\/af.ca\\\/ottawa\\\/les-petits-penseurs\\\/#primaryimage\"},\"thumbnailUrl\":\"https:\\\/\\\/af.ca\\\/ottawa\\\/wp-content\\\/uploads\\\/2022\\\/08\\\/photo-les-petits-penseurs-300x169.png\",\"datePublished\":\"2022-08-23T14:51:01+00:00\",\"dateModified\":\"2025-10-10T15:53:08+00:00\",\"breadcrumb\":{\"@id\":\"https:\\\/\\\/af.ca\\\/ottawa\\\/les-petits-penseurs\\\/#breadcrumb\"},\"inLanguage\":\"fr-FR\",\"potentialAction\":[{\"@type\":\"ReadAction\",\"target\":[\"https:\\\/\\\/af.ca\\\/ottawa\\\/les-petits-penseurs\\\/\"]}]},{\"@type\":\"ImageObject\",\"inLanguage\":\"fr-FR\",\"@id\":\"https:\\\/\\\/af.ca\\\/ottawa\\\/les-petits-penseurs\\\/#primaryimage\",\"url\":\"https:\\\/\\\/af.ca\\\/ottawa\\\/wp-content\\\/uploads\\\/2022\\\/08\\\/photo-les-petits-penseurs.png\",\"contentUrl\":\"https:\\\/\\\/af.ca\\\/ottawa\\\/wp-content\\\/uploads\\\/2022\\\/08\\\/photo-les-petits-penseurs.png\",\"width\":1280,\"height\":720,\"caption\":\"Les petits penseurs - AF Ottawa\"},{\"@type\":\"BreadcrumbList\",\"@id\":\"https:\\\/\\\/af.ca\\\/ottawa\\\/les-petits-penseurs\\\/#breadcrumb\",\"itemListElement\":[{\"@type\":\"ListItem\",\"position\":1,\"name\":\"Home\",\"item\":\"https:\\\/\\\/af.ca\\\/ottawa\\\/\"},{\"@type\":\"ListItem\",\"position\":2,\"name\":\"Les petits penseurs\"}]},{\"@type\":\"WebSite\",\"@id\":\"https:\\\/\\\/af.ca\\\/ottawa\\\/#website\",\"url\":\"https:\\\/\\\/af.ca\\\/ottawa\\\/\",\"name\":\"Alliance Fran\u00e7aise Ottawa\",\"description\":\"\u00c9cole de langue fran\u00e7aise et centre culturel\",\"potentialAction\":[{\"@type\":\"SearchAction\",\"target\":{\"@type\":\"EntryPoint\",\"urlTemplate\":\"https:\\\/\\\/af.ca\\\/ottawa\\\/?s={search_term_string}\"},\"query-input\":{\"@type\":\"PropertyValueSpecification\",\"valueRequired\":true,\"valueName\":\"search_term_string\"}}],\"inLanguage\":\"fr-FR\"}]}<\/script>\n<!-- \/ Yoast SEO plugin. -->","yoast_head_json":{"title":"Les petits penseurs - Alliance Fran\u00e7aise Ottawa","robots":{"index":"index","follow":"follow","max-snippet":"max-snippet:-1","max-image-preview":"max-image-preview:large","max-video-preview":"max-video-preview:-1"},"canonical":"https:\/\/af.ca\/ottawa\/les-petits-penseurs\/","og_locale":"fr_FR","og_type":"article","og_title":"Les petits penseurs - Alliance Fran\u00e7aise Ottawa","og_description":"Nouveau programme pour enfants de 6 \u00e0 12 ans &nbsp; L&rsquo;Alliance Fran\u00e7aise Ottawa lance le programme des \u00ab\u00a0Petits penseurs\u00a0\u00bb. Il s&rsquo;agit d&rsquo;un atelier d&rsquo;initiation \u00e0 la philosophie r\u00e9serv\u00e9e aux enfants \u00e2g\u00e9s de 6 \u00e0 12 ans, francophones, anglophones ou apprenants de FLE, m\u00eame d\u00e9butants. Cet atelier mensuel d&rsquo;une heure et demie est une excellente occasion...En savoir plus","og_url":"https:\/\/af.ca\/ottawa\/les-petits-penseurs\/","og_site_name":"Alliance Fran\u00e7aise Ottawa","article_modified_time":"2025-10-10T15:53:08+00:00","og_image":[{"width":1280,"height":720,"url":"https:\/\/af.ca\/ottawa\/wp-content\/uploads\/2022\/08\/photo-les-petits-penseurs.png","type":"image\/png"}],"twitter_card":"summary_large_image","twitter_misc":{"Dur\u00e9e de lecture estim\u00e9e":"2 minutes"},"schema":{"@context":"https:\/\/schema.org","@graph":[{"@type":"WebPage","@id":"https:\/\/af.ca\/ottawa\/les-petits-penseurs\/","url":"https:\/\/af.ca\/ottawa\/les-petits-penseurs\/","name":"Les petits penseurs - Alliance Fran\u00e7aise Ottawa","isPartOf":{"@id":"https:\/\/af.ca\/ottawa\/#website"},"primaryImageOfPage":{"@id":"https:\/\/af.ca\/ottawa\/les-petits-penseurs\/#primaryimage"},"image":{"@id":"https:\/\/af.ca\/ottawa\/les-petits-penseurs\/#primaryimage"},"thumbnailUrl":"https:\/\/af.ca\/ottawa\/wp-content\/uploads\/2022\/08\/photo-les-petits-penseurs-300x169.png","datePublished":"2022-08-23T14:51:01+00:00","dateModified":"2025-10-10T15:53:08+00:00","breadcrumb":{"@id":"https:\/\/af.ca\/ottawa\/les-petits-penseurs\/#breadcrumb"},"inLanguage":"fr-FR","potentialAction":[{"@type":"ReadAction","target":["https:\/\/af.ca\/ottawa\/les-petits-penseurs\/"]}]},{"@type":"ImageObject","inLanguage":"fr-FR","@id":"https:\/\/af.ca\/ottawa\/les-petits-penseurs\/#primaryimage","url":"https:\/\/af.ca\/ottawa\/wp-content\/uploads\/2022\/08\/photo-les-petits-penseurs.png","contentUrl":"https:\/\/af.ca\/ottawa\/wp-content\/uploads\/2022\/08\/photo-les-petits-penseurs.png","width":1280,"height":720,"caption":"Les petits penseurs - AF Ottawa"},{"@type":"BreadcrumbList","@id":"https:\/\/af.ca\/ottawa\/les-petits-penseurs\/#breadcrumb","itemListElement":[{"@type":"ListItem","position":1,"name":"Home","item":"https:\/\/af.ca\/ottawa\/"},{"@type":"ListItem","position":2,"name":"Les petits penseurs"}]},{"@type":"WebSite","@id":"https:\/\/af.ca\/ottawa\/#website","url":"https:\/\/af.ca\/ottawa\/","name":"Alliance Fran\u00e7aise Ottawa","description":"\u00c9cole de langue fran\u00e7aise et centre culturel","potentialAction":[{"@type":"SearchAction","target":{"@type":"EntryPoint","urlTemplate":"https:\/\/af.ca\/ottawa\/?s={search_term_string}"},"query-input":{"@type":"PropertyValueSpecification","valueRequired":true,"valueName":"search_term_string"}}],"inLanguage":"fr-FR"}]}},"blog_post_layout_featured_media_urls":{"thumbnail":"","full":""},"categories_names":null,"comments_number":"0","_links":{"self":[{"href":"https:\/\/af.ca\/ottawa\/wp-json\/wp\/v2\/pages\/18513","targetHints":{"allow":["GET"]}}],"collection":[{"href":"https:\/\/af.ca\/ottawa\/wp-json\/wp\/v2\/pages"}],"about":[{"href":"https:\/\/af.ca\/ottawa\/wp-json\/wp\/v2\/types\/page"}],"author":[{"embeddable":true,"href":"https:\/\/af.ca\/ottawa\/wp-json\/wp\/v2\/users\/3"}],"replies":[{"embeddable":true,"href":"https:\/\/af.ca\/ottawa\/wp-json\/wp\/v2\/comments?post=18513"}],"version-history":[{"count":1,"href":"https:\/\/af.ca\/ottawa\/wp-json\/wp\/v2\/pages\/18513\/revisions"}],"predecessor-version":[{"id":24372,"href":"https:\/\/af.ca\/ottawa\/wp-json\/wp\/v2\/pages\/18513\/revisions\/24372"}],"wp:attachment":[{"href":"https:\/\/af.ca\/ottawa\/wp-json\/wp\/v2\/media?parent=18513"}],"curies":[{"name":"wp","href":"https:\/\/api.w.org\/{rel}","templated":true}]}}