{"id":18642,"date":"2022-08-30T10:50:19","date_gmt":"2022-08-30T14:50:19","guid":{"rendered":"https:\/\/af.ca\/ottawa\/?page_id=18642"},"modified":"2022-09-01T09:11:26","modified_gmt":"2022-09-01T13:11:26","slug":"quatuor-elysee","status":"publish","type":"page","link":"https:\/\/af.ca\/ottawa\/quatuor-elysee\/","title":{"rendered":"Quatuor \u00c9lys\u00e9e"},"content":{"rendered":"<p>&nbsp;<\/p>\n<p><a href=\"https:\/\/af.ca\/ottawa\/wp-content\/uploads\/2022\/08\/Quatuor-Elysee-2021-64-scaled.jpg\"><img loading=\"lazy\" decoding=\"async\" class=\"alignnone wp-image-18632\" src=\"https:\/\/af.ca\/ottawa\/wp-content\/uploads\/2022\/08\/Quatuor-Elysee-2021-64-300x200.jpg\" alt=\"\" width=\"743\" height=\"495\" srcset=\"https:\/\/af.ca\/ottawa\/wp-content\/uploads\/2022\/08\/Quatuor-Elysee-2021-64-300x200.jpg 300w, https:\/\/af.ca\/ottawa\/wp-content\/uploads\/2022\/08\/Quatuor-Elysee-2021-64-1024x684.jpg 1024w, https:\/\/af.ca\/ottawa\/wp-content\/uploads\/2022\/08\/Quatuor-Elysee-2021-64-768x513.jpg 768w, https:\/\/af.ca\/ottawa\/wp-content\/uploads\/2022\/08\/Quatuor-Elysee-2021-64-1536x1025.jpg 1536w, https:\/\/af.ca\/ottawa\/wp-content\/uploads\/2022\/08\/Quatuor-Elysee-2021-64-2048x1367.jpg 2048w\" sizes=\"auto, (max-width: 743px) 100vw, 743px\" \/><\/a><\/p>\n<p><em>(Vadim Tchijik et Pablo Schatzman, violons, Andrei Malakhov, alto, Igor Kiritchenko, violoncelle)<\/em><\/p>\n<p>&nbsp;<\/p>\n<p>Le Quatuor Elys\u00e9e a \u00e9t\u00e9 fond\u00e9 en 1995 par d\u2019anciens membres de deux quatuors ayant chacun remport\u00e9 le Grand Prix au Concours International d\u2019Evian : les Quatuors Anton et Ysaye. L\u2019aspect unique du Quatuor Elys\u00e9e r\u00e9side dans la confrontation et l\u2019assimilation de deux \u00e9coles diff\u00e9rentes : l\u2019\u00e9cole fran\u00e7aise et l\u2019\u00e9cole russe.<\/p>\n<p>Ces deux \u00e9coles s\u2019enrichissent mutuellement et permettent une fusion d\u2019id\u00e9es diff\u00e9rentes, le d\u00e9veloppement de dimensions nouvelles dans l\u2019interpr\u00e9tation de la musique, et une puissance d\u2019expression d\u2019une grande originalit\u00e9.<\/p>\n<p>Le Quatuor Elys\u00e9e s\u2019est produit dans de nombreux pays d\u2019Europe (Angleterre, Allemagne, Autriche, Belgique, Bulgarie, Slovenie, Italie, Espagne, Portugal) ainsi qu&rsquo;en Israel, Japon, Chine, Canada, Nicaragua, Russie, invit\u00e9 dans des grandes salles comme le Th\u00e9\u00e2tre du Ch\u00e2telet et la Salle Cortot \u00e0 Paris, Kioi Hall \u00e0 Tokyo, Salle Tcha\u00efkovski \u00e0 Moscou\u2026<\/p>\n<p>En France, il a \u00e9t\u00e9 accueilli par des prestigieux festivals tels que: le Festival de l\u2019Orangerie de Sceaux, le Festival du P\u00e9rigord Noir, le Festival de Quatuors \u00e0 Cordes de Fayence, le Festival de Quatuors \u00e0 Cordes du Lub\u00e9ron, le Festival d\u2019Ile de France, le Festival de l\u2019Abbaye de l\u2019Epau, la Saison Musicale de Proquartet \u00e0 Fontainebleau, Festival de Cunault, etc.<\/p>\n<p>&nbsp;<\/p>\n<p>Le Quatuor Elys\u00e9e a collabor\u00e9 avec des musiciens comme Pascal Amoyel, Franck Braley, Marie-Joseph Jude, Jean-Marc Luisada, Emmanuelle Bertrand, Marc Coppey, Henri Demarquette, Alain Meunier, Fran\u00e7ois Salque, G\u00e9rard Causs\u00e9, Michel Lethiec, Paul Meyer, Philippe Bernold et beaucoup d\u2019autres. Il a aussi enregistr\u00e9 plusieurs CD r\u00e9compens\u00e9s par la presse (Diapason, Classica) et acclam\u00e9s par le public pour les labels Naxos, Timpani, Triton, Continuo Classics, Zig Zag Territoires\u2026<\/p>\n<p>L&rsquo;Alliance Fran\u00e7aise Ottawa a le plaisir de vous inviter \u00e0 leur concert concert le jeudi 20 octobre \u00e0 19h00 \u00e0 l&rsquo;\u00e9glise St. Bartholomew, 125 Mackay Street, Ottawa, ON, K1M 2B4<\/p>\n<p>&nbsp;<\/p>\n<p><img loading=\"lazy\" decoding=\"async\" class=\"alignnone wp-image-18703\" src=\"https:\/\/af.ca\/ottawa\/wp-content\/uploads\/2022\/08\/Quatuor-1-300x129.png\" alt=\"\" width=\"423\" height=\"182\" srcset=\"https:\/\/af.ca\/ottawa\/wp-content\/uploads\/2022\/08\/Quatuor-1-300x129.png 300w, https:\/\/af.ca\/ottawa\/wp-content\/uploads\/2022\/08\/Quatuor-1-768x329.png 768w, https:\/\/af.ca\/ottawa\/wp-content\/uploads\/2022\/08\/Quatuor-1.png 835w\" sizes=\"auto, (max-width: 423px) 100vw, 423px\" \/>\u00a0 \u00a0\u00a0<a href=\"https:\/\/www.eventbrite.ca\/e\/the-elysee-quartet-quatuor-elysee-tickets-411238293807\"><img loading=\"lazy\" decoding=\"async\" class=\"alignnone wp-image-18634\" src=\"https:\/\/af.ca\/ottawa\/wp-content\/uploads\/2022\/08\/Quatuor-Elysee-2021-48-300x200.jpg\" alt=\"\" width=\"365\" height=\"243\" srcset=\"https:\/\/af.ca\/ottawa\/wp-content\/uploads\/2022\/08\/Quatuor-Elysee-2021-48-300x200.jpg 300w, https:\/\/af.ca\/ottawa\/wp-content\/uploads\/2022\/08\/Quatuor-Elysee-2021-48-1024x684.jpg 1024w, https:\/\/af.ca\/ottawa\/wp-content\/uploads\/2022\/08\/Quatuor-Elysee-2021-48-768x513.jpg 768w, https:\/\/af.ca\/ottawa\/wp-content\/uploads\/2022\/08\/Quatuor-Elysee-2021-48-1536x1025.jpg 1536w, https:\/\/af.ca\/ottawa\/wp-content\/uploads\/2022\/08\/Quatuor-Elysee-2021-48-2048x1367.jpg 2048w\" sizes=\"auto, (max-width: 365px) 100vw, 365px\" \/><\/a><\/p>\n<p><a href=\"https:\/\/www.eventbrite.ca\/e\/the-elysee-quartet-quatuor-elysee-tickets-411238293807\"><img loading=\"lazy\" decoding=\"async\" class=\"alignnone size-medium wp-image-18690\" src=\"https:\/\/af.ca\/ottawa\/wp-content\/uploads\/2022\/08\/Bouton-site-internet-fr-300x47.png\" alt=\"\" width=\"300\" height=\"47\" srcset=\"https:\/\/af.ca\/ottawa\/wp-content\/uploads\/2022\/08\/Bouton-site-internet-fr-300x47.png 300w, https:\/\/af.ca\/ottawa\/wp-content\/uploads\/2022\/08\/Bouton-site-internet-fr-768x120.png 768w, https:\/\/af.ca\/ottawa\/wp-content\/uploads\/2022\/08\/Bouton-site-internet-fr.png 827w\" sizes=\"auto, (max-width: 300px) 100vw, 300px\" \/><\/a><\/p>\n<p>&nbsp;<\/p>\n<p>&nbsp;<\/p>\n<blockquote><p><em>\u00abUn des ensembles les plus int\u00e9ressant actuellement&#8230;\u00bb<\/em><\/p>\n<p><strong>Le Monde de la Musique<\/strong><\/p>\n<p><em>\u00abUn quatuor superbement structur\u00e9 et contr\u00f4l\u00e9. Une version, toute de gr\u00e2ce pure et d&rsquo;\u00e9loquence&#8230;\u00a0\u00bb<\/em><\/p>\n<p><strong>International Record Review (Angleterre)<\/strong><\/p>\n<p><em>\u00abCes musiciens, merveilleusement complices, sont \u00e0 l&rsquo;\u00e9gal des plus grands quatuors. L&rsquo;atmosph\u00e8re chaleureuse est en prime.\u00a0\u00bb<\/em><\/p>\n<p><strong>The Strad (Angleterre)<\/strong><\/p><\/blockquote>\n<p>&nbsp;<\/p>\n<p><a href=\"https:\/\/www.youtube.com\/watch?v=jhqI3ZsFy2E\"><img loading=\"lazy\" decoding=\"async\" class=\"alignnone wp-image-18737\" src=\"https:\/\/af.ca\/ottawa\/wp-content\/uploads\/2022\/09\/Quatuor-1-1-1-300x251.png\" alt=\"\" width=\"534\" height=\"447\" srcset=\"https:\/\/af.ca\/ottawa\/wp-content\/uploads\/2022\/09\/Quatuor-1-1-1-300x251.png 300w, https:\/\/af.ca\/ottawa\/wp-content\/uploads\/2022\/09\/Quatuor-1-1-1-768x644.png 768w, https:\/\/af.ca\/ottawa\/wp-content\/uploads\/2022\/09\/Quatuor-1-1-1.png 940w\" sizes=\"auto, (max-width: 534px) 100vw, 534px\" \/><\/a><\/p>\n","protected":false},"excerpt":{"rendered":"<p>&nbsp; (Vadim Tchijik et Pablo Schatzman, violons, Andrei Malakhov, alto, Igor Kiritchenko, violoncelle) &nbsp; Le Quatuor Elys\u00e9e a \u00e9t\u00e9 fond\u00e9 en 1995 par d\u2019anciens membres de deux quatuors ayant chacun remport\u00e9 le Grand Prix au Concours International d\u2019Evian : les Quatuors Anton et Ysaye. L\u2019aspect unique du Quatuor Elys\u00e9e r\u00e9side dans la confrontation et l\u2019assimilation&#8230;<\/p>\n<p><a class=\"button invert-primary\" href=\"https:\/\/af.ca\/ottawa\/quatuor-elysee\/\">En savoir plus<\/a><\/p>\n","protected":false},"author":3,"featured_media":0,"parent":0,"menu_order":128,"comment_status":"closed","ping_status":"closed","template":"","meta":{"_acf_changed":false,"om_disable_all_campaigns":false,"_monsterinsights_skip_tracking":false,"_monsterinsights_sitenote_active":false,"_monsterinsights_sitenote_note":"","_monsterinsights_sitenote_category":0,"footnotes":""},"class_list":["post-18642","page","type-page","status-publish","hentry"],"acf":[],"yoast_head":"<!-- This site is optimized with the Yoast SEO plugin v27.4 - https:\/\/yoast.com\/product\/yoast-seo-wordpress\/ -->\n<title>Quatuor \u00c9lys\u00e9e - Alliance Fran\u00e7aise Ottawa<\/title>\n<meta name=\"robots\" content=\"index, follow, max-snippet:-1, max-image-preview:large, max-video-preview:-1\" \/>\n<link rel=\"canonical\" href=\"https:\/\/af.ca\/ottawa\/quatuor-elysee\/\" \/>\n<meta property=\"og:locale\" content=\"fr_FR\" \/>\n<meta property=\"og:type\" content=\"article\" \/>\n<meta property=\"og:title\" content=\"Quatuor \u00c9lys\u00e9e - Alliance Fran\u00e7aise Ottawa\" \/>\n<meta property=\"og:description\" content=\"&nbsp; (Vadim Tchijik et Pablo Schatzman, violons, Andrei Malakhov, alto, Igor Kiritchenko, violoncelle) &nbsp; Le Quatuor Elys\u00e9e a \u00e9t\u00e9 fond\u00e9 en 1995 par d\u2019anciens membres de deux quatuors ayant chacun remport\u00e9 le Grand Prix au Concours International d\u2019Evian : les Quatuors Anton et Ysaye. L\u2019aspect unique du Quatuor Elys\u00e9e r\u00e9side dans la confrontation et l\u2019assimilation...En savoir plus\" \/>\n<meta property=\"og:url\" content=\"https:\/\/af.ca\/ottawa\/quatuor-elysee\/\" \/>\n<meta property=\"og:site_name\" content=\"Alliance Fran\u00e7aise Ottawa\" \/>\n<meta property=\"article:modified_time\" content=\"2022-09-01T13:11:26+00:00\" \/>\n<meta property=\"og:image\" content=\"https:\/\/af.ca\/ottawa\/wp-content\/uploads\/2022\/08\/Quatuor-Elysee-2021-64-300x200.jpg\" \/>\n<meta name=\"twitter:card\" content=\"summary_large_image\" \/>\n<meta name=\"twitter:label1\" content=\"Dur\u00e9e de lecture estim\u00e9e\" \/>\n\t<meta name=\"twitter:data1\" content=\"3 minutes\" \/>\n<script type=\"application\/ld+json\" class=\"yoast-schema-graph\">{\"@context\":\"https:\\\/\\\/schema.org\",\"@graph\":[{\"@type\":\"WebPage\",\"@id\":\"https:\\\/\\\/af.ca\\\/ottawa\\\/quatuor-elysee\\\/\",\"url\":\"https:\\\/\\\/af.ca\\\/ottawa\\\/quatuor-elysee\\\/\",\"name\":\"Quatuor \u00c9lys\u00e9e - Alliance Fran\u00e7aise Ottawa\",\"isPartOf\":{\"@id\":\"https:\\\/\\\/af.ca\\\/ottawa\\\/#website\"},\"primaryImageOfPage\":{\"@id\":\"https:\\\/\\\/af.ca\\\/ottawa\\\/quatuor-elysee\\\/#primaryimage\"},\"image\":{\"@id\":\"https:\\\/\\\/af.ca\\\/ottawa\\\/quatuor-elysee\\\/#primaryimage\"},\"thumbnailUrl\":\"https:\\\/\\\/af.ca\\\/ottawa\\\/wp-content\\\/uploads\\\/2022\\\/08\\\/Quatuor-Elysee-2021-64-300x200.jpg\",\"datePublished\":\"2022-08-30T14:50:19+00:00\",\"dateModified\":\"2022-09-01T13:11:26+00:00\",\"breadcrumb\":{\"@id\":\"https:\\\/\\\/af.ca\\\/ottawa\\\/quatuor-elysee\\\/#breadcrumb\"},\"inLanguage\":\"fr-FR\",\"potentialAction\":[{\"@type\":\"ReadAction\",\"target\":[\"https:\\\/\\\/af.ca\\\/ottawa\\\/quatuor-elysee\\\/\"]}]},{\"@type\":\"ImageObject\",\"inLanguage\":\"fr-FR\",\"@id\":\"https:\\\/\\\/af.ca\\\/ottawa\\\/quatuor-elysee\\\/#primaryimage\",\"url\":\"https:\\\/\\\/af.ca\\\/ottawa\\\/wp-content\\\/uploads\\\/2022\\\/08\\\/Quatuor-Elysee-2021-64-scaled.jpg\",\"contentUrl\":\"https:\\\/\\\/af.ca\\\/ottawa\\\/wp-content\\\/uploads\\\/2022\\\/08\\\/Quatuor-Elysee-2021-64-scaled.jpg\",\"width\":2560,\"height\":1709},{\"@type\":\"BreadcrumbList\",\"@id\":\"https:\\\/\\\/af.ca\\\/ottawa\\\/quatuor-elysee\\\/#breadcrumb\",\"itemListElement\":[{\"@type\":\"ListItem\",\"position\":1,\"name\":\"Home\",\"item\":\"https:\\\/\\\/af.ca\\\/ottawa\\\/\"},{\"@type\":\"ListItem\",\"position\":2,\"name\":\"Quatuor \u00c9lys\u00e9e\"}]},{\"@type\":\"WebSite\",\"@id\":\"https:\\\/\\\/af.ca\\\/ottawa\\\/#website\",\"url\":\"https:\\\/\\\/af.ca\\\/ottawa\\\/\",\"name\":\"Alliance Fran\u00e7aise Ottawa\",\"description\":\"\u00c9cole de langue fran\u00e7aise et centre culturel\",\"potentialAction\":[{\"@type\":\"SearchAction\",\"target\":{\"@type\":\"EntryPoint\",\"urlTemplate\":\"https:\\\/\\\/af.ca\\\/ottawa\\\/?s={search_term_string}\"},\"query-input\":{\"@type\":\"PropertyValueSpecification\",\"valueRequired\":true,\"valueName\":\"search_term_string\"}}],\"inLanguage\":\"fr-FR\"}]}<\/script>\n<!-- \/ Yoast SEO plugin. -->","yoast_head_json":{"title":"Quatuor \u00c9lys\u00e9e - Alliance Fran\u00e7aise Ottawa","robots":{"index":"index","follow":"follow","max-snippet":"max-snippet:-1","max-image-preview":"max-image-preview:large","max-video-preview":"max-video-preview:-1"},"canonical":"https:\/\/af.ca\/ottawa\/quatuor-elysee\/","og_locale":"fr_FR","og_type":"article","og_title":"Quatuor \u00c9lys\u00e9e - Alliance Fran\u00e7aise Ottawa","og_description":"&nbsp; (Vadim Tchijik et Pablo Schatzman, violons, Andrei Malakhov, alto, Igor Kiritchenko, violoncelle) &nbsp; Le Quatuor Elys\u00e9e a \u00e9t\u00e9 fond\u00e9 en 1995 par d\u2019anciens membres de deux quatuors ayant chacun remport\u00e9 le Grand Prix au Concours International d\u2019Evian : les Quatuors Anton et Ysaye. L\u2019aspect unique du Quatuor Elys\u00e9e r\u00e9side dans la confrontation et l\u2019assimilation...En savoir plus","og_url":"https:\/\/af.ca\/ottawa\/quatuor-elysee\/","og_site_name":"Alliance Fran\u00e7aise Ottawa","article_modified_time":"2022-09-01T13:11:26+00:00","og_image":[{"url":"https:\/\/af.ca\/ottawa\/wp-content\/uploads\/2022\/08\/Quatuor-Elysee-2021-64-300x200.jpg","type":"","width":"","height":""}],"twitter_card":"summary_large_image","twitter_misc":{"Dur\u00e9e de lecture estim\u00e9e":"3 minutes"},"schema":{"@context":"https:\/\/schema.org","@graph":[{"@type":"WebPage","@id":"https:\/\/af.ca\/ottawa\/quatuor-elysee\/","url":"https:\/\/af.ca\/ottawa\/quatuor-elysee\/","name":"Quatuor \u00c9lys\u00e9e - Alliance Fran\u00e7aise Ottawa","isPartOf":{"@id":"https:\/\/af.ca\/ottawa\/#website"},"primaryImageOfPage":{"@id":"https:\/\/af.ca\/ottawa\/quatuor-elysee\/#primaryimage"},"image":{"@id":"https:\/\/af.ca\/ottawa\/quatuor-elysee\/#primaryimage"},"thumbnailUrl":"https:\/\/af.ca\/ottawa\/wp-content\/uploads\/2022\/08\/Quatuor-Elysee-2021-64-300x200.jpg","datePublished":"2022-08-30T14:50:19+00:00","dateModified":"2022-09-01T13:11:26+00:00","breadcrumb":{"@id":"https:\/\/af.ca\/ottawa\/quatuor-elysee\/#breadcrumb"},"inLanguage":"fr-FR","potentialAction":[{"@type":"ReadAction","target":["https:\/\/af.ca\/ottawa\/quatuor-elysee\/"]}]},{"@type":"ImageObject","inLanguage":"fr-FR","@id":"https:\/\/af.ca\/ottawa\/quatuor-elysee\/#primaryimage","url":"https:\/\/af.ca\/ottawa\/wp-content\/uploads\/2022\/08\/Quatuor-Elysee-2021-64-scaled.jpg","contentUrl":"https:\/\/af.ca\/ottawa\/wp-content\/uploads\/2022\/08\/Quatuor-Elysee-2021-64-scaled.jpg","width":2560,"height":1709},{"@type":"BreadcrumbList","@id":"https:\/\/af.ca\/ottawa\/quatuor-elysee\/#breadcrumb","itemListElement":[{"@type":"ListItem","position":1,"name":"Home","item":"https:\/\/af.ca\/ottawa\/"},{"@type":"ListItem","position":2,"name":"Quatuor \u00c9lys\u00e9e"}]},{"@type":"WebSite","@id":"https:\/\/af.ca\/ottawa\/#website","url":"https:\/\/af.ca\/ottawa\/","name":"Alliance Fran\u00e7aise Ottawa","description":"\u00c9cole de langue fran\u00e7aise et centre culturel","potentialAction":[{"@type":"SearchAction","target":{"@type":"EntryPoint","urlTemplate":"https:\/\/af.ca\/ottawa\/?s={search_term_string}"},"query-input":{"@type":"PropertyValueSpecification","valueRequired":true,"valueName":"search_term_string"}}],"inLanguage":"fr-FR"}]}},"blog_post_layout_featured_media_urls":{"thumbnail":"","full":""},"categories_names":null,"comments_number":"0","_links":{"self":[{"href":"https:\/\/af.ca\/ottawa\/wp-json\/wp\/v2\/pages\/18642","targetHints":{"allow":["GET"]}}],"collection":[{"href":"https:\/\/af.ca\/ottawa\/wp-json\/wp\/v2\/pages"}],"about":[{"href":"https:\/\/af.ca\/ottawa\/wp-json\/wp\/v2\/types\/page"}],"author":[{"embeddable":true,"href":"https:\/\/af.ca\/ottawa\/wp-json\/wp\/v2\/users\/3"}],"replies":[{"embeddable":true,"href":"https:\/\/af.ca\/ottawa\/wp-json\/wp\/v2\/comments?post=18642"}],"version-history":[{"count":0,"href":"https:\/\/af.ca\/ottawa\/wp-json\/wp\/v2\/pages\/18642\/revisions"}],"wp:attachment":[{"href":"https:\/\/af.ca\/ottawa\/wp-json\/wp\/v2\/media?parent=18642"}],"curies":[{"name":"wp","href":"https:\/\/api.w.org\/{rel}","templated":true}]}}