{"id":18663,"date":"2022-08-30T13:33:02","date_gmt":"2022-08-30T17:33:02","guid":{"rendered":"https:\/\/af.ca\/ottawa\/?page_id=18663"},"modified":"2022-09-01T08:19:08","modified_gmt":"2022-09-01T12:19:08","slug":"trio-lorenzo-naccarrato","status":"publish","type":"page","link":"https:\/\/af.ca\/ottawa\/trio-lorenzo-naccarrato\/","title":{"rendered":"Trio Lorenzo Naccarrato"},"content":{"rendered":"<p>&nbsp;<\/p>\n<p><a href=\"https:\/\/af.ca\/ottawa\/wp-content\/uploads\/2022\/08\/LNT_Trio-B01_byJeanBaptisteMillot.jpg\"><img loading=\"lazy\" decoding=\"async\" class=\"alignnone wp-image-18656\" src=\"https:\/\/af.ca\/ottawa\/wp-content\/uploads\/2022\/08\/LNT_Trio-B01_byJeanBaptisteMillot-300x200.jpg\" alt=\"\" width=\"700\" height=\"466\" srcset=\"https:\/\/af.ca\/ottawa\/wp-content\/uploads\/2022\/08\/LNT_Trio-B01_byJeanBaptisteMillot-300x200.jpg 300w, https:\/\/af.ca\/ottawa\/wp-content\/uploads\/2022\/08\/LNT_Trio-B01_byJeanBaptisteMillot-1024x681.jpg 1024w, https:\/\/af.ca\/ottawa\/wp-content\/uploads\/2022\/08\/LNT_Trio-B01_byJeanBaptisteMillot-768x511.jpg 768w, https:\/\/af.ca\/ottawa\/wp-content\/uploads\/2022\/08\/LNT_Trio-B01_byJeanBaptisteMillot-1536x1022.jpg 1536w, https:\/\/af.ca\/ottawa\/wp-content\/uploads\/2022\/08\/LNT_Trio-B01_byJeanBaptisteMillot.jpg 2000w\" sizes=\"auto, (max-width: 700px) 100vw, 700px\" \/><\/a><\/p>\n<p>&nbsp;<\/p>\n<p>Fond\u00e9 en 2012 \u00e0 l&rsquo;initiative du pianiste franco-italien Lorenzo Naccarato, ce trio propose une musique cin\u00e9matique s&rsquo;inspirant \u00e0 la fois du r\u00e9pertoire impressionniste et minimaliste (Maurice Ravel, Claude Debussy, Erik Satie), du jazz actuel (Robert Glasper, Christian Scott) et des musiques r\u00e9p\u00e9titives (Philip Glass, Steve Reich).<br \/>\n<span class=\"petitalinea\">Sorti<\/span> en mars 2016 sur le label Laborie Jazz, son premier album re\u00e7oit un accueil enthousiaste tant du public que des m\u00e9dias (Jazz Magazine, FIP, UKVibe, Observador Portugal, Times of India, etc.). Le trio r\u00e9alise fin 2017 et d\u00e9but 2018 ses premi\u00e8res tourn\u00e9es internationales en Inde, en Chine puis en \u00c9quateur, et sort son deuxi\u00e8me album en septembre 2018.<\/p>\n<p>&nbsp;<\/p>\n<p><img loading=\"lazy\" decoding=\"async\" class=\"alignnone wp-image-18686\" src=\"https:\/\/af.ca\/ottawa\/wp-content\/uploads\/2022\/08\/Trio-2-300x135.png\" alt=\"\" width=\"433\" height=\"195\" srcset=\"https:\/\/af.ca\/ottawa\/wp-content\/uploads\/2022\/08\/Trio-2-300x135.png 300w, https:\/\/af.ca\/ottawa\/wp-content\/uploads\/2022\/08\/Trio-2-768x345.png 768w, https:\/\/af.ca\/ottawa\/wp-content\/uploads\/2022\/08\/Trio-2.png 869w\" sizes=\"auto, (max-width: 433px) 100vw, 433px\" \/>\u00a0 \u00a0 <a href=\"https:\/\/af.ca\/ottawa\/wp-content\/uploads\/2022\/08\/LNT_Trio-B01_byJeanBaptisteMillot.jpg\"><img loading=\"lazy\" decoding=\"async\" class=\"alignnone wp-image-18670\" src=\"https:\/\/af.ca\/ottawa\/wp-content\/uploads\/2022\/08\/LNT_Trio-B03_byJeanBaptisteMillot-300x200.jpg\" alt=\"\" width=\"332\" height=\"221\" srcset=\"https:\/\/af.ca\/ottawa\/wp-content\/uploads\/2022\/08\/LNT_Trio-B03_byJeanBaptisteMillot-300x200.jpg 300w, https:\/\/af.ca\/ottawa\/wp-content\/uploads\/2022\/08\/LNT_Trio-B03_byJeanBaptisteMillot-1024x682.jpg 1024w, https:\/\/af.ca\/ottawa\/wp-content\/uploads\/2022\/08\/LNT_Trio-B03_byJeanBaptisteMillot-768x512.jpg 768w, https:\/\/af.ca\/ottawa\/wp-content\/uploads\/2022\/08\/LNT_Trio-B03_byJeanBaptisteMillot-1536x1024.jpg 1536w, https:\/\/af.ca\/ottawa\/wp-content\/uploads\/2022\/08\/LNT_Trio-B03_byJeanBaptisteMillot.jpg 2000w\" sizes=\"auto, (max-width: 332px) 100vw, 332px\" \/><\/a> <a href=\"https:\/\/www.eventbrite.ca\/e\/nova-rupta-by-lorenzo-naccarato-trio-tickets-411427208857\"><img loading=\"lazy\" decoding=\"async\" class=\"alignnone size-medium wp-image-18690\" src=\"https:\/\/af.ca\/ottawa\/wp-content\/uploads\/2022\/08\/Bouton-site-internet-fr-300x47.png\" alt=\"\" width=\"300\" height=\"47\" srcset=\"https:\/\/af.ca\/ottawa\/wp-content\/uploads\/2022\/08\/Bouton-site-internet-fr-300x47.png 300w, https:\/\/af.ca\/ottawa\/wp-content\/uploads\/2022\/08\/Bouton-site-internet-fr-768x120.png 768w, https:\/\/af.ca\/ottawa\/wp-content\/uploads\/2022\/08\/Bouton-site-internet-fr.png 827w\" sizes=\"auto, (max-width: 300px) 100vw, 300px\" \/><\/a><\/p>\n<p>&nbsp;<\/p>\n<p>&nbsp;<\/p>\n<blockquote><p><em>\u00ab Dans ses compositions, Lorenzo Naccarato Trio nous entra\u00eene dans une esth\u00e9tique <\/em><em>magn\u00e9tique, cisel\u00e9e et fluide. Les compositions de ce jeune pianiste franco-italien se voient <\/em><em>d\u00e9j\u00e0 compar\u00e9es aux univers d\u2019Avishai Cohen ou du trio E.S.T. et il est vrai qu\u2019il est facile de trouver un air de famille entre ces <\/em><em>figures tut\u00e9laires et le jazz \u00ab\u00a0cin\u00e9matique\u00a0\u00bb, organis\u00e9 autour de l\u2019id\u00e9e de mouvement, du trio de Lorenzo Naccarato. De formation <\/em><em>classique, Lorenzo a gard\u00e9 un go\u00fbt prononc\u00e9 pour Ravel et Satie, empruntant au jazz comme aux musiques de films. Assur\u00e9ment <\/em><em>l\u2019une des d\u00e9couvertes de cette rentr\u00e9e ! \u00bb<\/em>\u00a0 <strong>Philippe Fayret, Millau Jazz Festival, 2015<\/strong><\/p><\/blockquote>\n<p>&nbsp;<\/p>\n<p><a href=\"https:\/\/www.youtube.com\/watch?v=qRlEgPS-x30\"><img loading=\"lazy\" decoding=\"async\" class=\"alignnone wp-image-18683\" src=\"https:\/\/af.ca\/ottawa\/wp-content\/uploads\/2022\/08\/Trio-1-300x190.png\" alt=\"\" width=\"600\" height=\"380\" srcset=\"https:\/\/af.ca\/ottawa\/wp-content\/uploads\/2022\/08\/Trio-1-300x190.png 300w, https:\/\/af.ca\/ottawa\/wp-content\/uploads\/2022\/08\/Trio-1.png 656w\" sizes=\"auto, (max-width: 600px) 100vw, 600px\" \/><\/a><\/p>\n<p>&nbsp;<\/p>\n","protected":false},"excerpt":{"rendered":"<p>&nbsp; &nbsp; Fond\u00e9 en 2012 \u00e0 l&rsquo;initiative du pianiste franco-italien Lorenzo Naccarato, ce trio propose une musique cin\u00e9matique s&rsquo;inspirant \u00e0 la fois du r\u00e9pertoire impressionniste et minimaliste (Maurice Ravel, Claude Debussy, Erik Satie), du jazz actuel (Robert Glasper, Christian Scott) et des musiques r\u00e9p\u00e9titives (Philip Glass, Steve Reich). Sorti en mars 2016 sur le label&#8230;<\/p>\n<p><a class=\"button invert-primary\" href=\"https:\/\/af.ca\/ottawa\/trio-lorenzo-naccarrato\/\">En savoir plus<\/a><\/p>\n","protected":false},"author":3,"featured_media":0,"parent":0,"menu_order":126,"comment_status":"closed","ping_status":"closed","template":"","meta":{"_acf_changed":false,"om_disable_all_campaigns":false,"_monsterinsights_skip_tracking":false,"_monsterinsights_sitenote_active":false,"_monsterinsights_sitenote_note":"","_monsterinsights_sitenote_category":0,"footnotes":""},"class_list":["post-18663","page","type-page","status-publish","hentry"],"acf":[],"yoast_head":"<!-- This site is optimized with the Yoast SEO plugin v27.3 - https:\/\/yoast.com\/product\/yoast-seo-wordpress\/ -->\n<title>Trio Lorenzo Naccarrato - Alliance Fran\u00e7aise Ottawa<\/title>\n<meta name=\"robots\" content=\"index, follow, max-snippet:-1, max-image-preview:large, max-video-preview:-1\" \/>\n<link rel=\"canonical\" href=\"https:\/\/af.ca\/ottawa\/trio-lorenzo-naccarrato\/\" \/>\n<meta property=\"og:locale\" content=\"fr_FR\" \/>\n<meta property=\"og:type\" content=\"article\" \/>\n<meta property=\"og:title\" content=\"Trio Lorenzo Naccarrato - Alliance Fran\u00e7aise Ottawa\" \/>\n<meta property=\"og:description\" content=\"&nbsp; &nbsp; Fond\u00e9 en 2012 \u00e0 l&rsquo;initiative du pianiste franco-italien Lorenzo Naccarato, ce trio propose une musique cin\u00e9matique s&rsquo;inspirant \u00e0 la fois du r\u00e9pertoire impressionniste et minimaliste (Maurice Ravel, Claude Debussy, Erik Satie), du jazz actuel (Robert Glasper, Christian Scott) et des musiques r\u00e9p\u00e9titives (Philip Glass, Steve Reich). Sorti en mars 2016 sur le label...En savoir plus\" \/>\n<meta property=\"og:url\" content=\"https:\/\/af.ca\/ottawa\/trio-lorenzo-naccarrato\/\" \/>\n<meta property=\"og:site_name\" content=\"Alliance Fran\u00e7aise Ottawa\" \/>\n<meta property=\"article:modified_time\" content=\"2022-09-01T12:19:08+00:00\" \/>\n<meta property=\"og:image\" content=\"https:\/\/af.ca\/ottawa\/wp-content\/uploads\/2022\/08\/LNT_Trio-B01_byJeanBaptisteMillot-300x200.jpg\" \/>\n<meta name=\"twitter:card\" content=\"summary_large_image\" \/>\n<meta name=\"twitter:label1\" content=\"Dur\u00e9e de lecture estim\u00e9e\" \/>\n\t<meta name=\"twitter:data1\" content=\"2 minutes\" \/>\n<script type=\"application\/ld+json\" class=\"yoast-schema-graph\">{\"@context\":\"https:\\\/\\\/schema.org\",\"@graph\":[{\"@type\":\"WebPage\",\"@id\":\"https:\\\/\\\/af.ca\\\/ottawa\\\/trio-lorenzo-naccarrato\\\/\",\"url\":\"https:\\\/\\\/af.ca\\\/ottawa\\\/trio-lorenzo-naccarrato\\\/\",\"name\":\"Trio Lorenzo Naccarrato - Alliance Fran\u00e7aise Ottawa\",\"isPartOf\":{\"@id\":\"https:\\\/\\\/af.ca\\\/ottawa\\\/#website\"},\"primaryImageOfPage\":{\"@id\":\"https:\\\/\\\/af.ca\\\/ottawa\\\/trio-lorenzo-naccarrato\\\/#primaryimage\"},\"image\":{\"@id\":\"https:\\\/\\\/af.ca\\\/ottawa\\\/trio-lorenzo-naccarrato\\\/#primaryimage\"},\"thumbnailUrl\":\"https:\\\/\\\/af.ca\\\/ottawa\\\/wp-content\\\/uploads\\\/2022\\\/08\\\/LNT_Trio-B01_byJeanBaptisteMillot-300x200.jpg\",\"datePublished\":\"2022-08-30T17:33:02+00:00\",\"dateModified\":\"2022-09-01T12:19:08+00:00\",\"breadcrumb\":{\"@id\":\"https:\\\/\\\/af.ca\\\/ottawa\\\/trio-lorenzo-naccarrato\\\/#breadcrumb\"},\"inLanguage\":\"fr-FR\",\"potentialAction\":[{\"@type\":\"ReadAction\",\"target\":[\"https:\\\/\\\/af.ca\\\/ottawa\\\/trio-lorenzo-naccarrato\\\/\"]}]},{\"@type\":\"ImageObject\",\"inLanguage\":\"fr-FR\",\"@id\":\"https:\\\/\\\/af.ca\\\/ottawa\\\/trio-lorenzo-naccarrato\\\/#primaryimage\",\"url\":\"https:\\\/\\\/af.ca\\\/ottawa\\\/wp-content\\\/uploads\\\/2022\\\/08\\\/LNT_Trio-B01_byJeanBaptisteMillot.jpg\",\"contentUrl\":\"https:\\\/\\\/af.ca\\\/ottawa\\\/wp-content\\\/uploads\\\/2022\\\/08\\\/LNT_Trio-B01_byJeanBaptisteMillot.jpg\",\"width\":2000,\"height\":1331},{\"@type\":\"BreadcrumbList\",\"@id\":\"https:\\\/\\\/af.ca\\\/ottawa\\\/trio-lorenzo-naccarrato\\\/#breadcrumb\",\"itemListElement\":[{\"@type\":\"ListItem\",\"position\":1,\"name\":\"Home\",\"item\":\"https:\\\/\\\/af.ca\\\/ottawa\\\/\"},{\"@type\":\"ListItem\",\"position\":2,\"name\":\"Trio Lorenzo Naccarrato\"}]},{\"@type\":\"WebSite\",\"@id\":\"https:\\\/\\\/af.ca\\\/ottawa\\\/#website\",\"url\":\"https:\\\/\\\/af.ca\\\/ottawa\\\/\",\"name\":\"Alliance Fran\u00e7aise Ottawa\",\"description\":\"\u00c9cole de langue fran\u00e7aise et centre culturel\",\"potentialAction\":[{\"@type\":\"SearchAction\",\"target\":{\"@type\":\"EntryPoint\",\"urlTemplate\":\"https:\\\/\\\/af.ca\\\/ottawa\\\/?s={search_term_string}\"},\"query-input\":{\"@type\":\"PropertyValueSpecification\",\"valueRequired\":true,\"valueName\":\"search_term_string\"}}],\"inLanguage\":\"fr-FR\"}]}<\/script>\n<!-- \/ Yoast SEO plugin. -->","yoast_head_json":{"title":"Trio Lorenzo Naccarrato - Alliance Fran\u00e7aise Ottawa","robots":{"index":"index","follow":"follow","max-snippet":"max-snippet:-1","max-image-preview":"max-image-preview:large","max-video-preview":"max-video-preview:-1"},"canonical":"https:\/\/af.ca\/ottawa\/trio-lorenzo-naccarrato\/","og_locale":"fr_FR","og_type":"article","og_title":"Trio Lorenzo Naccarrato - Alliance Fran\u00e7aise Ottawa","og_description":"&nbsp; &nbsp; Fond\u00e9 en 2012 \u00e0 l&rsquo;initiative du pianiste franco-italien Lorenzo Naccarato, ce trio propose une musique cin\u00e9matique s&rsquo;inspirant \u00e0 la fois du r\u00e9pertoire impressionniste et minimaliste (Maurice Ravel, Claude Debussy, Erik Satie), du jazz actuel (Robert Glasper, Christian Scott) et des musiques r\u00e9p\u00e9titives (Philip Glass, Steve Reich). Sorti en mars 2016 sur le label...En savoir plus","og_url":"https:\/\/af.ca\/ottawa\/trio-lorenzo-naccarrato\/","og_site_name":"Alliance Fran\u00e7aise Ottawa","article_modified_time":"2022-09-01T12:19:08+00:00","og_image":[{"url":"https:\/\/af.ca\/ottawa\/wp-content\/uploads\/2022\/08\/LNT_Trio-B01_byJeanBaptisteMillot-300x200.jpg","type":"","width":"","height":""}],"twitter_card":"summary_large_image","twitter_misc":{"Dur\u00e9e de lecture estim\u00e9e":"2 minutes"},"schema":{"@context":"https:\/\/schema.org","@graph":[{"@type":"WebPage","@id":"https:\/\/af.ca\/ottawa\/trio-lorenzo-naccarrato\/","url":"https:\/\/af.ca\/ottawa\/trio-lorenzo-naccarrato\/","name":"Trio Lorenzo Naccarrato - Alliance Fran\u00e7aise Ottawa","isPartOf":{"@id":"https:\/\/af.ca\/ottawa\/#website"},"primaryImageOfPage":{"@id":"https:\/\/af.ca\/ottawa\/trio-lorenzo-naccarrato\/#primaryimage"},"image":{"@id":"https:\/\/af.ca\/ottawa\/trio-lorenzo-naccarrato\/#primaryimage"},"thumbnailUrl":"https:\/\/af.ca\/ottawa\/wp-content\/uploads\/2022\/08\/LNT_Trio-B01_byJeanBaptisteMillot-300x200.jpg","datePublished":"2022-08-30T17:33:02+00:00","dateModified":"2022-09-01T12:19:08+00:00","breadcrumb":{"@id":"https:\/\/af.ca\/ottawa\/trio-lorenzo-naccarrato\/#breadcrumb"},"inLanguage":"fr-FR","potentialAction":[{"@type":"ReadAction","target":["https:\/\/af.ca\/ottawa\/trio-lorenzo-naccarrato\/"]}]},{"@type":"ImageObject","inLanguage":"fr-FR","@id":"https:\/\/af.ca\/ottawa\/trio-lorenzo-naccarrato\/#primaryimage","url":"https:\/\/af.ca\/ottawa\/wp-content\/uploads\/2022\/08\/LNT_Trio-B01_byJeanBaptisteMillot.jpg","contentUrl":"https:\/\/af.ca\/ottawa\/wp-content\/uploads\/2022\/08\/LNT_Trio-B01_byJeanBaptisteMillot.jpg","width":2000,"height":1331},{"@type":"BreadcrumbList","@id":"https:\/\/af.ca\/ottawa\/trio-lorenzo-naccarrato\/#breadcrumb","itemListElement":[{"@type":"ListItem","position":1,"name":"Home","item":"https:\/\/af.ca\/ottawa\/"},{"@type":"ListItem","position":2,"name":"Trio Lorenzo Naccarrato"}]},{"@type":"WebSite","@id":"https:\/\/af.ca\/ottawa\/#website","url":"https:\/\/af.ca\/ottawa\/","name":"Alliance Fran\u00e7aise Ottawa","description":"\u00c9cole de langue fran\u00e7aise et centre culturel","potentialAction":[{"@type":"SearchAction","target":{"@type":"EntryPoint","urlTemplate":"https:\/\/af.ca\/ottawa\/?s={search_term_string}"},"query-input":{"@type":"PropertyValueSpecification","valueRequired":true,"valueName":"search_term_string"}}],"inLanguage":"fr-FR"}]}},"blog_post_layout_featured_media_urls":{"thumbnail":"","full":""},"categories_names":null,"comments_number":"0","_links":{"self":[{"href":"https:\/\/af.ca\/ottawa\/wp-json\/wp\/v2\/pages\/18663","targetHints":{"allow":["GET"]}}],"collection":[{"href":"https:\/\/af.ca\/ottawa\/wp-json\/wp\/v2\/pages"}],"about":[{"href":"https:\/\/af.ca\/ottawa\/wp-json\/wp\/v2\/types\/page"}],"author":[{"embeddable":true,"href":"https:\/\/af.ca\/ottawa\/wp-json\/wp\/v2\/users\/3"}],"replies":[{"embeddable":true,"href":"https:\/\/af.ca\/ottawa\/wp-json\/wp\/v2\/comments?post=18663"}],"version-history":[{"count":0,"href":"https:\/\/af.ca\/ottawa\/wp-json\/wp\/v2\/pages\/18663\/revisions"}],"wp:attachment":[{"href":"https:\/\/af.ca\/ottawa\/wp-json\/wp\/v2\/media?parent=18663"}],"curies":[{"name":"wp","href":"https:\/\/api.w.org\/{rel}","templated":true}]}}