{"id":18720,"date":"2024-05-08T12:08:34","date_gmt":"2024-05-08T16:08:34","guid":{"rendered":"https:\/\/af.ca\/ottawa\/?page_id=18720"},"modified":"2026-04-01T11:34:35","modified_gmt":"2026-04-01T15:34:35","slug":"enfants","status":"publish","type":"page","link":"https:\/\/af.ca\/ottawa\/enfants\/","title":{"rendered":"Enfants"},"content":{"rendered":"<p>&nbsp;<\/p>\n<p>L&rsquo;Alliance Fran\u00e7aise Ottawa est heureuse de pouvoir\u00a0 accompagner vos enfants dans leur apprentissage du fran\u00e7ais.<\/p>\n<p>Nos programmes sont cr\u00e9\u00e9s sur mesure et adapt\u00e9s \u00e0 l&rsquo;\u00e9ducation de vos enfants quelque soit leur \u00e2ge. Tout en favorisant\u00a0 un environnement inclusif avec des jeux, de la lecture, de la musique, de la d\u00e9couverte, etc.<\/p>\n<p><a href=\"https:\/\/af.ca\/ottawa\/wp-content\/uploads\/2026\/03\/Screenshot-2026-03-31-095949.png\"><img loading=\"lazy\" decoding=\"async\" class=\" wp-image-25300 alignleft\" src=\"https:\/\/af.ca\/ottawa\/wp-content\/uploads\/2026\/03\/Screenshot-2026-03-31-095949-300x198.png\" alt=\"\" width=\"362\" height=\"239\" srcset=\"https:\/\/af.ca\/ottawa\/wp-content\/uploads\/2026\/03\/Screenshot-2026-03-31-095949-300x198.png 300w, https:\/\/af.ca\/ottawa\/wp-content\/uploads\/2026\/03\/Screenshot-2026-03-31-095949.png 608w\" sizes=\"auto, (max-width: 362px) 100vw, 362px\" \/><\/a><\/p>\n<h3>Cours de groupe pour adolescents<\/h3>\n<p>Offrez \u00e0 votre adolescent bien plus qu\u2019un cours de langue : offrez lui\u2011lui une exp\u00e9rience interactive et stimulante, con\u00e7ue pour donner confiance, encourager l\u2019expression orale et favoriser une progression naturelle et durable.<\/p>\n<p>&nbsp;<\/p>\n<p><a href=\"https:\/\/af.ca\/ottawa\/cours-de-groupe-pour-adolescents\/\"><img loading=\"lazy\" decoding=\"async\" class=\"alignnone wp-image-18747\" src=\"https:\/\/af.ca\/ottawa\/wp-content\/uploads\/2022\/09\/Bouton-learn-more-300x89.png\" alt=\"\" width=\"179\" height=\"53\" srcset=\"https:\/\/af.ca\/ottawa\/wp-content\/uploads\/2022\/09\/Bouton-learn-more-300x89.png 300w, https:\/\/af.ca\/ottawa\/wp-content\/uploads\/2022\/09\/Bouton-learn-more.png 435w\" sizes=\"auto, (max-width: 179px) 100vw, 179px\" \/><\/a><\/p>\n<p>&nbsp;<\/p>\n<p>&nbsp;<\/p>\n<p>&nbsp;<\/p>\n<p><a href=\"https:\/\/af.ca\/ottawa\/cours-de-groupe-pour-enfants\/#\/\"><img loading=\"lazy\" decoding=\"async\" class=\" wp-image-22172 alignleft\" src=\"https:\/\/af.ca\/ottawa\/wp-content\/uploads\/2024\/06\/Image-A1.1-2-300x169.png\" alt=\"\" width=\"362\" height=\"204\" srcset=\"https:\/\/af.ca\/ottawa\/wp-content\/uploads\/2024\/06\/Image-A1.1-2-300x169.png 300w, https:\/\/af.ca\/ottawa\/wp-content\/uploads\/2024\/06\/Image-A1.1-2-1024x576.png 1024w, https:\/\/af.ca\/ottawa\/wp-content\/uploads\/2024\/06\/Image-A1.1-2-768x432.png 768w, https:\/\/af.ca\/ottawa\/wp-content\/uploads\/2024\/06\/Image-A1.1-2-1536x864.png 1536w, https:\/\/af.ca\/ottawa\/wp-content\/uploads\/2024\/06\/Image-A1.1-2.png 1920w\" sizes=\"auto, (max-width: 362px) 100vw, 362px\" \/><\/a><\/p>\n<h3>Cours de groupe pour enfants<\/h3>\n<p><span data-contrast=\"auto\">\u00c0 l\u2019Alliance Fran\u00e7aise Ottawa, nous sommes convaincus que l\u2019apprentissage devrait \u00eatre une\u00a0<\/span><span data-contrast=\"auto\">aventure<\/span><span data-contrast=\"auto\">\u00a0enrichissante et passionnante pour nos jeunes apprenants. C\u2019est pourquoi nous avons con\u00e7u des cours de fran\u00e7ais interactifs, amusants et stimulants qui allient l\u2019enseignement traditionnel \u00e0 des activit\u00e9s cr\u00e9atives.<\/span><span data-ccp-props=\"{&quot;201341983&quot;:0,&quot;335559739&quot;:160,&quot;335559740&quot;:259}\">\u00a0<\/span><\/p>\n<p><a href=\"https:\/\/af.ca\/ottawa\/cours-de-groupe-pour-enfants\/#\/\"><img loading=\"lazy\" decoding=\"async\" class=\"alignnone wp-image-18747\" src=\"https:\/\/af.ca\/ottawa\/wp-content\/uploads\/2022\/09\/Bouton-learn-more-300x89.png\" alt=\"\" width=\"179\" height=\"53\" srcset=\"https:\/\/af.ca\/ottawa\/wp-content\/uploads\/2022\/09\/Bouton-learn-more-300x89.png 300w, https:\/\/af.ca\/ottawa\/wp-content\/uploads\/2022\/09\/Bouton-learn-more.png 435w\" sizes=\"auto, (max-width: 179px) 100vw, 179px\" \/><\/a><\/p>\n<p>&nbsp;<\/p>\n<p>&nbsp;<\/p>\n<h3><a href=\"https:\/\/af.ca\/ottawa\/cours\/les-petits-penseurs\/#\/\"><img loading=\"lazy\" decoding=\"async\" class=\"wp-image-18986 alignleft\" src=\"https:\/\/af.ca\/ottawa\/wp-content\/uploads\/2022\/09\/Quatuor-1-4-300x251.png\" alt=\"\" width=\"355\" height=\"297\" srcset=\"https:\/\/af.ca\/ottawa\/wp-content\/uploads\/2022\/09\/Quatuor-1-4-300x251.png 300w, https:\/\/af.ca\/ottawa\/wp-content\/uploads\/2022\/09\/Quatuor-1-4-768x644.png 768w, https:\/\/af.ca\/ottawa\/wp-content\/uploads\/2022\/09\/Quatuor-1-4.png 940w\" sizes=\"auto, (max-width: 355px) 100vw, 355px\" \/><\/a><\/h3>\n<h3>Les petits penseurs<\/h3>\n<p>Le programme\u00a0 \u00ab Petits penseurs \u00bb est un atelier d\u2019initiation \u00e0 la philosophie r\u00e9serv\u00e9 aux enfants \u00e2g\u00e9s de 6 \u00e0 12 ans, francophones, anglophones ou apprenants de FLS, m\u00eame d\u00e9butants. L&rsquo;AF Ottawa met \u00e0 leur disposition un environnement inclusif, avec des jeux, des conversations et bien d&rsquo;autres pour aider les enfants \u00e0 d\u00e9velopper leur capacit\u00e9 de r\u00e9flexion sociale et devenir de bons citoyens.<\/p>\n<p>&nbsp;<\/p>\n<p><a href=\"https:\/\/af.ca\/ottawa\/cours\/les-petits-penseurs\/#\/\"><img loading=\"lazy\" decoding=\"async\" class=\"alignnone wp-image-18747\" src=\"https:\/\/af.ca\/ottawa\/wp-content\/uploads\/2022\/09\/Bouton-learn-more-300x89.png\" alt=\"\" width=\"179\" height=\"53\" srcset=\"https:\/\/af.ca\/ottawa\/wp-content\/uploads\/2022\/09\/Bouton-learn-more-300x89.png 300w, https:\/\/af.ca\/ottawa\/wp-content\/uploads\/2022\/09\/Bouton-learn-more.png 435w\" sizes=\"auto, (max-width: 179px) 100vw, 179px\" \/><\/a><\/p>\n<p>&nbsp;<\/p>\n<p>&nbsp;<\/p>\n<p>&nbsp;<\/p>\n<h3><a href=\"https:\/\/af.ca\/ottawa\/wp-content\/uploads\/2025\/08\/Promos-Branding-SPRING-1-2025.png\"><img loading=\"lazy\" decoding=\"async\" class=\"wp-image-24091 alignleft\" src=\"https:\/\/af.ca\/ottawa\/wp-content\/uploads\/2025\/08\/Promos-Branding-SPRING-1-2025-300x300.png\" alt=\"\" width=\"357\" height=\"357\" srcset=\"https:\/\/af.ca\/ottawa\/wp-content\/uploads\/2025\/08\/Promos-Branding-SPRING-1-2025-300x300.png 300w, https:\/\/af.ca\/ottawa\/wp-content\/uploads\/2025\/08\/Promos-Branding-SPRING-1-2025-1024x1024.png 1024w, https:\/\/af.ca\/ottawa\/wp-content\/uploads\/2025\/08\/Promos-Branding-SPRING-1-2025-150x150.png 150w, https:\/\/af.ca\/ottawa\/wp-content\/uploads\/2025\/08\/Promos-Branding-SPRING-1-2025-768x768.png 768w, https:\/\/af.ca\/ottawa\/wp-content\/uploads\/2025\/08\/Promos-Branding-SPRING-1-2025-125x125.png 125w, https:\/\/af.ca\/ottawa\/wp-content\/uploads\/2025\/08\/Promos-Branding-SPRING-1-2025.png 1080w\" sizes=\"auto, (max-width: 357px) 100vw, 357px\" \/><\/a>B\u00e9b\u00e9s Alliance<\/h3>\n<p>B\u00e9b\u00e9s Alliance est bien plus qu\u2019un simple cours de langue : c\u2019est une exp\u00e9rience partag\u00e9e entre parents et enfants. Ce programme a pour objectif de favoriser l\u2019\u00e9veil linguistique pr\u00e9coce des tout-petits tout en offrant aux parents anglophones des bases simples pour prolonger l\u2019apprentissage \u00e0 la maison.<\/p>\n<p>&nbsp;<\/p>\n<p><a href=\"https:\/\/af.ca\/ottawa\/bebesalliance\/#\/\"><img loading=\"lazy\" decoding=\"async\" class=\"alignnone wp-image-18747\" src=\"https:\/\/af.ca\/ottawa\/wp-content\/uploads\/2022\/09\/Bouton-learn-more-300x89.png\" alt=\"\" width=\"179\" height=\"53\" srcset=\"https:\/\/af.ca\/ottawa\/wp-content\/uploads\/2022\/09\/Bouton-learn-more-300x89.png 300w, https:\/\/af.ca\/ottawa\/wp-content\/uploads\/2022\/09\/Bouton-learn-more.png 435w\" sizes=\"auto, (max-width: 179px) 100vw, 179px\" \/><\/a><\/p>\n<p>&nbsp;<\/p>\n","protected":false},"excerpt":{"rendered":"<p>&nbsp; L&rsquo;Alliance Fran\u00e7aise Ottawa est heureuse de pouvoir\u00a0 accompagner vos enfants dans leur apprentissage du fran\u00e7ais. Nos programmes sont cr\u00e9\u00e9s sur mesure et adapt\u00e9s \u00e0 l&rsquo;\u00e9ducation de vos enfants quelque soit leur \u00e2ge. Tout en favorisant\u00a0 un environnement inclusif avec des jeux, de la lecture, de la musique, de la d\u00e9couverte, etc. Cours de groupe&#8230;<\/p>\n<p><a class=\"button invert-primary\" href=\"https:\/\/af.ca\/ottawa\/enfants\/\">En savoir plus<\/a><\/p>\n","protected":false},"author":3,"featured_media":0,"parent":0,"menu_order":127,"comment_status":"closed","ping_status":"closed","template":"","meta":{"_acf_changed":false,"om_disable_all_campaigns":false,"_monsterinsights_skip_tracking":false,"_monsterinsights_sitenote_active":false,"_monsterinsights_sitenote_note":"","_monsterinsights_sitenote_category":0,"footnotes":""},"class_list":["post-18720","page","type-page","status-publish","hentry"],"acf":[],"yoast_head":"<!-- This site is optimized with the Yoast SEO plugin v27.4 - https:\/\/yoast.com\/product\/yoast-seo-wordpress\/ -->\n<title>Enfants - Alliance Fran\u00e7aise Ottawa<\/title>\n<meta name=\"robots\" content=\"index, follow, max-snippet:-1, max-image-preview:large, max-video-preview:-1\" \/>\n<link rel=\"canonical\" href=\"https:\/\/af.ca\/ottawa\/enfants\/\" \/>\n<meta property=\"og:locale\" content=\"fr_FR\" \/>\n<meta property=\"og:type\" content=\"article\" \/>\n<meta property=\"og:title\" content=\"Enfants - Alliance Fran\u00e7aise Ottawa\" \/>\n<meta property=\"og:description\" content=\"&nbsp; L&rsquo;Alliance Fran\u00e7aise Ottawa est heureuse de pouvoir\u00a0 accompagner vos enfants dans leur apprentissage du fran\u00e7ais. Nos programmes sont cr\u00e9\u00e9s sur mesure et adapt\u00e9s \u00e0 l&rsquo;\u00e9ducation de vos enfants quelque soit leur \u00e2ge. Tout en favorisant\u00a0 un environnement inclusif avec des jeux, de la lecture, de la musique, de la d\u00e9couverte, etc. Cours de groupe...En savoir plus\" \/>\n<meta property=\"og:url\" content=\"https:\/\/af.ca\/ottawa\/enfants\/\" \/>\n<meta property=\"og:site_name\" content=\"Alliance Fran\u00e7aise Ottawa\" \/>\n<meta property=\"article:modified_time\" content=\"2026-04-01T15:34:35+00:00\" \/>\n<meta property=\"og:image\" content=\"https:\/\/af.ca\/ottawa\/wp-content\/uploads\/2026\/03\/Screenshot-2026-03-31-095949.png\" \/>\n\t<meta property=\"og:image:width\" content=\"608\" \/>\n\t<meta property=\"og:image:height\" content=\"402\" \/>\n\t<meta property=\"og:image:type\" content=\"image\/png\" \/>\n<meta name=\"twitter:card\" content=\"summary_large_image\" \/>\n<meta name=\"twitter:label1\" content=\"Dur\u00e9e de lecture estim\u00e9e\" \/>\n\t<meta name=\"twitter:data1\" content=\"3 minutes\" \/>\n<script type=\"application\/ld+json\" class=\"yoast-schema-graph\">{\"@context\":\"https:\\\/\\\/schema.org\",\"@graph\":[{\"@type\":\"WebPage\",\"@id\":\"https:\\\/\\\/af.ca\\\/ottawa\\\/enfants\\\/\",\"url\":\"https:\\\/\\\/af.ca\\\/ottawa\\\/enfants\\\/\",\"name\":\"Enfants - Alliance Fran\u00e7aise Ottawa\",\"isPartOf\":{\"@id\":\"https:\\\/\\\/af.ca\\\/ottawa\\\/#website\"},\"primaryImageOfPage\":{\"@id\":\"https:\\\/\\\/af.ca\\\/ottawa\\\/enfants\\\/#primaryimage\"},\"image\":{\"@id\":\"https:\\\/\\\/af.ca\\\/ottawa\\\/enfants\\\/#primaryimage\"},\"thumbnailUrl\":\"https:\\\/\\\/af.ca\\\/ottawa\\\/wp-content\\\/uploads\\\/2026\\\/03\\\/Screenshot-2026-03-31-095949-300x198.png\",\"datePublished\":\"2024-05-08T16:08:34+00:00\",\"dateModified\":\"2026-04-01T15:34:35+00:00\",\"breadcrumb\":{\"@id\":\"https:\\\/\\\/af.ca\\\/ottawa\\\/enfants\\\/#breadcrumb\"},\"inLanguage\":\"fr-FR\",\"potentialAction\":[{\"@type\":\"ReadAction\",\"target\":[\"https:\\\/\\\/af.ca\\\/ottawa\\\/enfants\\\/\"]}]},{\"@type\":\"ImageObject\",\"inLanguage\":\"fr-FR\",\"@id\":\"https:\\\/\\\/af.ca\\\/ottawa\\\/enfants\\\/#primaryimage\",\"url\":\"https:\\\/\\\/af.ca\\\/ottawa\\\/wp-content\\\/uploads\\\/2026\\\/03\\\/Screenshot-2026-03-31-095949.png\",\"contentUrl\":\"https:\\\/\\\/af.ca\\\/ottawa\\\/wp-content\\\/uploads\\\/2026\\\/03\\\/Screenshot-2026-03-31-095949.png\",\"width\":608,\"height\":402},{\"@type\":\"BreadcrumbList\",\"@id\":\"https:\\\/\\\/af.ca\\\/ottawa\\\/enfants\\\/#breadcrumb\",\"itemListElement\":[{\"@type\":\"ListItem\",\"position\":1,\"name\":\"Home\",\"item\":\"https:\\\/\\\/af.ca\\\/ottawa\\\/\"},{\"@type\":\"ListItem\",\"position\":2,\"name\":\"Enfants\"}]},{\"@type\":\"WebSite\",\"@id\":\"https:\\\/\\\/af.ca\\\/ottawa\\\/#website\",\"url\":\"https:\\\/\\\/af.ca\\\/ottawa\\\/\",\"name\":\"Alliance Fran\u00e7aise Ottawa\",\"description\":\"\u00c9cole de langue fran\u00e7aise et centre culturel\",\"potentialAction\":[{\"@type\":\"SearchAction\",\"target\":{\"@type\":\"EntryPoint\",\"urlTemplate\":\"https:\\\/\\\/af.ca\\\/ottawa\\\/?s={search_term_string}\"},\"query-input\":{\"@type\":\"PropertyValueSpecification\",\"valueRequired\":true,\"valueName\":\"search_term_string\"}}],\"inLanguage\":\"fr-FR\"}]}<\/script>\n<!-- \/ Yoast SEO plugin. -->","yoast_head_json":{"title":"Enfants - Alliance Fran\u00e7aise Ottawa","robots":{"index":"index","follow":"follow","max-snippet":"max-snippet:-1","max-image-preview":"max-image-preview:large","max-video-preview":"max-video-preview:-1"},"canonical":"https:\/\/af.ca\/ottawa\/enfants\/","og_locale":"fr_FR","og_type":"article","og_title":"Enfants - Alliance Fran\u00e7aise Ottawa","og_description":"&nbsp; L&rsquo;Alliance Fran\u00e7aise Ottawa est heureuse de pouvoir\u00a0 accompagner vos enfants dans leur apprentissage du fran\u00e7ais. Nos programmes sont cr\u00e9\u00e9s sur mesure et adapt\u00e9s \u00e0 l&rsquo;\u00e9ducation de vos enfants quelque soit leur \u00e2ge. Tout en favorisant\u00a0 un environnement inclusif avec des jeux, de la lecture, de la musique, de la d\u00e9couverte, etc. Cours de groupe...En savoir plus","og_url":"https:\/\/af.ca\/ottawa\/enfants\/","og_site_name":"Alliance Fran\u00e7aise Ottawa","article_modified_time":"2026-04-01T15:34:35+00:00","og_image":[{"width":608,"height":402,"url":"https:\/\/af.ca\/ottawa\/wp-content\/uploads\/2026\/03\/Screenshot-2026-03-31-095949.png","type":"image\/png"}],"twitter_card":"summary_large_image","twitter_misc":{"Dur\u00e9e de lecture estim\u00e9e":"3 minutes"},"schema":{"@context":"https:\/\/schema.org","@graph":[{"@type":"WebPage","@id":"https:\/\/af.ca\/ottawa\/enfants\/","url":"https:\/\/af.ca\/ottawa\/enfants\/","name":"Enfants - Alliance Fran\u00e7aise Ottawa","isPartOf":{"@id":"https:\/\/af.ca\/ottawa\/#website"},"primaryImageOfPage":{"@id":"https:\/\/af.ca\/ottawa\/enfants\/#primaryimage"},"image":{"@id":"https:\/\/af.ca\/ottawa\/enfants\/#primaryimage"},"thumbnailUrl":"https:\/\/af.ca\/ottawa\/wp-content\/uploads\/2026\/03\/Screenshot-2026-03-31-095949-300x198.png","datePublished":"2024-05-08T16:08:34+00:00","dateModified":"2026-04-01T15:34:35+00:00","breadcrumb":{"@id":"https:\/\/af.ca\/ottawa\/enfants\/#breadcrumb"},"inLanguage":"fr-FR","potentialAction":[{"@type":"ReadAction","target":["https:\/\/af.ca\/ottawa\/enfants\/"]}]},{"@type":"ImageObject","inLanguage":"fr-FR","@id":"https:\/\/af.ca\/ottawa\/enfants\/#primaryimage","url":"https:\/\/af.ca\/ottawa\/wp-content\/uploads\/2026\/03\/Screenshot-2026-03-31-095949.png","contentUrl":"https:\/\/af.ca\/ottawa\/wp-content\/uploads\/2026\/03\/Screenshot-2026-03-31-095949.png","width":608,"height":402},{"@type":"BreadcrumbList","@id":"https:\/\/af.ca\/ottawa\/enfants\/#breadcrumb","itemListElement":[{"@type":"ListItem","position":1,"name":"Home","item":"https:\/\/af.ca\/ottawa\/"},{"@type":"ListItem","position":2,"name":"Enfants"}]},{"@type":"WebSite","@id":"https:\/\/af.ca\/ottawa\/#website","url":"https:\/\/af.ca\/ottawa\/","name":"Alliance Fran\u00e7aise Ottawa","description":"\u00c9cole de langue fran\u00e7aise et centre culturel","potentialAction":[{"@type":"SearchAction","target":{"@type":"EntryPoint","urlTemplate":"https:\/\/af.ca\/ottawa\/?s={search_term_string}"},"query-input":{"@type":"PropertyValueSpecification","valueRequired":true,"valueName":"search_term_string"}}],"inLanguage":"fr-FR"}]}},"blog_post_layout_featured_media_urls":{"thumbnail":"","full":""},"categories_names":null,"comments_number":"0","_links":{"self":[{"href":"https:\/\/af.ca\/ottawa\/wp-json\/wp\/v2\/pages\/18720","targetHints":{"allow":["GET"]}}],"collection":[{"href":"https:\/\/af.ca\/ottawa\/wp-json\/wp\/v2\/pages"}],"about":[{"href":"https:\/\/af.ca\/ottawa\/wp-json\/wp\/v2\/types\/page"}],"author":[{"embeddable":true,"href":"https:\/\/af.ca\/ottawa\/wp-json\/wp\/v2\/users\/3"}],"replies":[{"embeddable":true,"href":"https:\/\/af.ca\/ottawa\/wp-json\/wp\/v2\/comments?post=18720"}],"version-history":[{"count":5,"href":"https:\/\/af.ca\/ottawa\/wp-json\/wp\/v2\/pages\/18720\/revisions"}],"predecessor-version":[{"id":25334,"href":"https:\/\/af.ca\/ottawa\/wp-json\/wp\/v2\/pages\/18720\/revisions\/25334"}],"wp:attachment":[{"href":"https:\/\/af.ca\/ottawa\/wp-json\/wp\/v2\/media?parent=18720"}],"curies":[{"name":"wp","href":"https:\/\/api.w.org\/{rel}","templated":true}]}}