{"id":18770,"date":"2022-09-02T11:42:25","date_gmt":"2022-09-02T15:42:25","guid":{"rendered":"https:\/\/af.ca\/ottawa\/?page_id=18770"},"modified":"2022-09-02T13:11:39","modified_gmt":"2022-09-02T17:11:39","slug":"comment-exprimer-vos-besoins-de-maniere-correcte-en-francais","status":"publish","type":"page","link":"https:\/\/af.ca\/ottawa\/comment-exprimer-vos-besoins-de-maniere-correcte-en-francais\/","title":{"rendered":"Comment exprimer vos besoins de mani\u00e8re correcte en fran\u00e7ais ?"},"content":{"rendered":"<p><a href=\"https:\/\/af.ca\/ottawa\/wp-content\/uploads\/2022\/09\/How-to-Properly-Say-You-Need-Something-in-French.jpg\"><img loading=\"lazy\" decoding=\"async\" class=\"alignnone wp-image-18765\" src=\"https:\/\/af.ca\/ottawa\/wp-content\/uploads\/2022\/09\/How-to-Properly-Say-You-Need-Something-in-French-300x197.jpg\" alt=\"How to Properly Say You Need Something in French\" width=\"782\" height=\"513\" srcset=\"https:\/\/af.ca\/ottawa\/wp-content\/uploads\/2022\/09\/How-to-Properly-Say-You-Need-Something-in-French-300x197.jpg 300w, https:\/\/af.ca\/ottawa\/wp-content\/uploads\/2022\/09\/How-to-Properly-Say-You-Need-Something-in-French-1024x673.jpg 1024w, https:\/\/af.ca\/ottawa\/wp-content\/uploads\/2022\/09\/How-to-Properly-Say-You-Need-Something-in-French-768x505.jpg 768w, https:\/\/af.ca\/ottawa\/wp-content\/uploads\/2022\/09\/How-to-Properly-Say-You-Need-Something-in-French.jpg 1095w\" sizes=\"auto, (max-width: 782px) 100vw, 782px\" \/><\/a><\/p>\n<p>&nbsp;<\/p>\n<p>&nbsp;<\/p>\n<p>La langue fran\u00e7aise peut \u00eatre un peu difficile \u00e0 ma\u00eetriser, pour de nombreux anglophones. Ce qui ne veut pas dire qu&rsquo;elle est impossible \u00e0 apprendre, loin de l\u00e0 ! Elle fait partie des langues les plus faciles \u00e0 apprendre pour ceux qui parlent la langue de Shakespeare et de l&rsquo;Oncle Sam.<\/p>\n<p>Dans un autre billet, nous aborderons la proximit\u00e9 entre ces deux langues, mais aujourd&rsquo;hui, nous allons nous concentrer sur les erreurs typiques.<\/p>\n<p>&nbsp;<\/p>\n<h3>POURQUOI FAISONS-NOUS DES ERREURS ?<\/h3>\n<p>Le nombre de r\u00e8gles et d&rsquo;exceptions que l&rsquo;on trouve dans la langue fran\u00e7aise peut la rendre difficile \u00e0 ma\u00eetriser. Les r\u00e8gles sur le pluriel des noms, par exemple, ou les r\u00e8gles sur la fa\u00e7on d&rsquo;utiliser diff\u00e9rents mots courts, tels que \u00ab\u00a0\u00e0\u00a0\u00bb, \u00ab\u00a0de\u00a0\u00bb ou \u00ab\u00a0en\u00a0\u00bb, peuvent \u00eatre un grand d\u00e9fi \u00e0 surmonter.<\/p>\n<p>&nbsp;<\/p>\n<p>Il existe cependant d&rsquo;autres types d&rsquo;erreurs commises par les \u00e9tudiants qui ne sont pas li\u00e9es aux r\u00e8gles et aux exceptions. Il s&rsquo;agit d&rsquo;erreurs courantes que nous voyons et entendons tout le temps, caus\u00e9es par la traduction directe. Par exemple, les anglophones ont beaucoup de mal avec l&rsquo;expression : \u00ab\u00a0j&rsquo;ai besoin de\u00a0\u00bb.<\/p>\n<p>Comment cela se fait-il ? La raison est tr\u00e8s simple. En anglais, \u00ab\u00a0to need\u00a0\u00bb est un verbe. En fran\u00e7ais, par contre, c&rsquo;est un nom : \u00ab\u00a0besoin\u00a0\u00bb, qui est toujours accompagn\u00e9 de la pr\u00e9position \u00ab\u00a0de\u00a0\u00bb.<\/p>\n<p>Les \u00e9tudiants anglais diront souvent \u00ab\u00a0Je besoin faire\u00a0\u00bb, traduisant directement de leur propre langue \u00ab\u00a0I need to do\u00a0\u00bb (sujet + to need + infinitif). En fran\u00e7ais, vous avez besoin de quelque chose : \u00ab\u00a0j&rsquo;ai besoin de faire\u00a0\u00bb (sujet + to have + besoin de + infinitif). Vous pouvez \u00e9galement avoir ce m\u00eame type de construction en utilisant un nom au lieu d&rsquo;un infinitif : \u00ab\u00a0j&rsquo;ai besoin d&rsquo;un couteau\u00a0\u00bb (sujet + to have + besoin de + nom).<\/p>\n<p>Ainsi, alors que la langue anglaise utilise un verbe, le fran\u00e7ais utilise un verbe coupl\u00e9 \u00e0 un nom pour exprimer la m\u00eame id\u00e9e. Les deux sont belles \u00e0 leur mani\u00e8re !<\/p>\n<p>&nbsp;<\/p>\n<p>Si vous souhaitez en savoir plus, ou mieux encore, si vous souhaitez apprendre le fran\u00e7ais, contactez l&rsquo;Alliance fran\u00e7aise d&rsquo;Ottawa : nous proposons de nombreux cours adapt\u00e9s \u00e0 tous vos besoins et \u00e0 tous les niveaux, du d\u00e9butant au locuteur confirm\u00e9. Il y a un cours qui vous attend !<\/p>\n","protected":false},"excerpt":{"rendered":"<p>&nbsp; &nbsp; La langue fran\u00e7aise peut \u00eatre un peu difficile \u00e0 ma\u00eetriser, pour de nombreux anglophones. Ce qui ne veut pas dire qu&rsquo;elle est impossible \u00e0 apprendre, loin de l\u00e0 ! Elle fait partie des langues les plus faciles \u00e0 apprendre pour ceux qui parlent la langue de Shakespeare et de l&rsquo;Oncle Sam. Dans un&#8230;<\/p>\n<p><a class=\"button invert-primary\" href=\"https:\/\/af.ca\/ottawa\/comment-exprimer-vos-besoins-de-maniere-correcte-en-francais\/\">En savoir plus<\/a><\/p>\n","protected":false},"author":3,"featured_media":0,"parent":0,"menu_order":122,"comment_status":"closed","ping_status":"closed","template":"","meta":{"_acf_changed":false,"om_disable_all_campaigns":false,"_monsterinsights_skip_tracking":false,"_monsterinsights_sitenote_active":false,"_monsterinsights_sitenote_note":"","_monsterinsights_sitenote_category":0,"footnotes":""},"class_list":["post-18770","page","type-page","status-publish","hentry"],"acf":[],"yoast_head":"<!-- This site is optimized with the Yoast SEO plugin v27.3 - https:\/\/yoast.com\/product\/yoast-seo-wordpress\/ -->\n<title>Comment exprimer vos besoins de mani\u00e8re correcte en fran\u00e7ais ? - Alliance Fran\u00e7aise Ottawa<\/title>\n<meta name=\"robots\" content=\"index, follow, max-snippet:-1, max-image-preview:large, max-video-preview:-1\" \/>\n<link rel=\"canonical\" href=\"https:\/\/af.ca\/ottawa\/comment-exprimer-vos-besoins-de-maniere-correcte-en-francais\/\" \/>\n<meta property=\"og:locale\" content=\"fr_FR\" \/>\n<meta property=\"og:type\" content=\"article\" \/>\n<meta property=\"og:title\" content=\"Comment exprimer vos besoins de mani\u00e8re correcte en fran\u00e7ais ? - Alliance Fran\u00e7aise Ottawa\" \/>\n<meta property=\"og:description\" content=\"&nbsp; &nbsp; La langue fran\u00e7aise peut \u00eatre un peu difficile \u00e0 ma\u00eetriser, pour de nombreux anglophones. Ce qui ne veut pas dire qu&rsquo;elle est impossible \u00e0 apprendre, loin de l\u00e0 ! Elle fait partie des langues les plus faciles \u00e0 apprendre pour ceux qui parlent la langue de Shakespeare et de l&rsquo;Oncle Sam. Dans un...En savoir plus\" \/>\n<meta property=\"og:url\" content=\"https:\/\/af.ca\/ottawa\/comment-exprimer-vos-besoins-de-maniere-correcte-en-francais\/\" \/>\n<meta property=\"og:site_name\" content=\"Alliance Fran\u00e7aise Ottawa\" \/>\n<meta property=\"article:modified_time\" content=\"2022-09-02T17:11:39+00:00\" \/>\n<meta property=\"og:image\" content=\"https:\/\/af.ca\/ottawa\/wp-content\/uploads\/2022\/09\/How-to-Properly-Say-You-Need-Something-in-French-300x197.jpg\" \/>\n<meta name=\"twitter:card\" content=\"summary_large_image\" \/>\n<meta name=\"twitter:label1\" content=\"Dur\u00e9e de lecture estim\u00e9e\" \/>\n\t<meta name=\"twitter:data1\" content=\"2 minutes\" \/>\n<script type=\"application\/ld+json\" class=\"yoast-schema-graph\">{\"@context\":\"https:\\\/\\\/schema.org\",\"@graph\":[{\"@type\":\"WebPage\",\"@id\":\"https:\\\/\\\/af.ca\\\/ottawa\\\/comment-exprimer-vos-besoins-de-maniere-correcte-en-francais\\\/\",\"url\":\"https:\\\/\\\/af.ca\\\/ottawa\\\/comment-exprimer-vos-besoins-de-maniere-correcte-en-francais\\\/\",\"name\":\"Comment exprimer vos besoins de mani\u00e8re correcte en fran\u00e7ais ? - Alliance Fran\u00e7aise Ottawa\",\"isPartOf\":{\"@id\":\"https:\\\/\\\/af.ca\\\/ottawa\\\/#website\"},\"primaryImageOfPage\":{\"@id\":\"https:\\\/\\\/af.ca\\\/ottawa\\\/comment-exprimer-vos-besoins-de-maniere-correcte-en-francais\\\/#primaryimage\"},\"image\":{\"@id\":\"https:\\\/\\\/af.ca\\\/ottawa\\\/comment-exprimer-vos-besoins-de-maniere-correcte-en-francais\\\/#primaryimage\"},\"thumbnailUrl\":\"https:\\\/\\\/af.ca\\\/ottawa\\\/wp-content\\\/uploads\\\/2022\\\/09\\\/How-to-Properly-Say-You-Need-Something-in-French-300x197.jpg\",\"datePublished\":\"2022-09-02T15:42:25+00:00\",\"dateModified\":\"2022-09-02T17:11:39+00:00\",\"breadcrumb\":{\"@id\":\"https:\\\/\\\/af.ca\\\/ottawa\\\/comment-exprimer-vos-besoins-de-maniere-correcte-en-francais\\\/#breadcrumb\"},\"inLanguage\":\"fr-FR\",\"potentialAction\":[{\"@type\":\"ReadAction\",\"target\":[\"https:\\\/\\\/af.ca\\\/ottawa\\\/comment-exprimer-vos-besoins-de-maniere-correcte-en-francais\\\/\"]}]},{\"@type\":\"ImageObject\",\"inLanguage\":\"fr-FR\",\"@id\":\"https:\\\/\\\/af.ca\\\/ottawa\\\/comment-exprimer-vos-besoins-de-maniere-correcte-en-francais\\\/#primaryimage\",\"url\":\"https:\\\/\\\/af.ca\\\/ottawa\\\/wp-content\\\/uploads\\\/2022\\\/09\\\/How-to-Properly-Say-You-Need-Something-in-French.jpg\",\"contentUrl\":\"https:\\\/\\\/af.ca\\\/ottawa\\\/wp-content\\\/uploads\\\/2022\\\/09\\\/How-to-Properly-Say-You-Need-Something-in-French.jpg\",\"width\":1095,\"height\":720,\"caption\":\"How to Properly Say You Need Something in French\"},{\"@type\":\"BreadcrumbList\",\"@id\":\"https:\\\/\\\/af.ca\\\/ottawa\\\/comment-exprimer-vos-besoins-de-maniere-correcte-en-francais\\\/#breadcrumb\",\"itemListElement\":[{\"@type\":\"ListItem\",\"position\":1,\"name\":\"Home\",\"item\":\"https:\\\/\\\/af.ca\\\/ottawa\\\/\"},{\"@type\":\"ListItem\",\"position\":2,\"name\":\"Comment exprimer vos besoins de mani\u00e8re correcte en fran\u00e7ais ?\"}]},{\"@type\":\"WebSite\",\"@id\":\"https:\\\/\\\/af.ca\\\/ottawa\\\/#website\",\"url\":\"https:\\\/\\\/af.ca\\\/ottawa\\\/\",\"name\":\"Alliance Fran\u00e7aise Ottawa\",\"description\":\"\u00c9cole de langue fran\u00e7aise et centre culturel\",\"potentialAction\":[{\"@type\":\"SearchAction\",\"target\":{\"@type\":\"EntryPoint\",\"urlTemplate\":\"https:\\\/\\\/af.ca\\\/ottawa\\\/?s={search_term_string}\"},\"query-input\":{\"@type\":\"PropertyValueSpecification\",\"valueRequired\":true,\"valueName\":\"search_term_string\"}}],\"inLanguage\":\"fr-FR\"}]}<\/script>\n<!-- \/ Yoast SEO plugin. -->","yoast_head_json":{"title":"Comment exprimer vos besoins de mani\u00e8re correcte en fran\u00e7ais ? - Alliance Fran\u00e7aise Ottawa","robots":{"index":"index","follow":"follow","max-snippet":"max-snippet:-1","max-image-preview":"max-image-preview:large","max-video-preview":"max-video-preview:-1"},"canonical":"https:\/\/af.ca\/ottawa\/comment-exprimer-vos-besoins-de-maniere-correcte-en-francais\/","og_locale":"fr_FR","og_type":"article","og_title":"Comment exprimer vos besoins de mani\u00e8re correcte en fran\u00e7ais ? - Alliance Fran\u00e7aise Ottawa","og_description":"&nbsp; &nbsp; La langue fran\u00e7aise peut \u00eatre un peu difficile \u00e0 ma\u00eetriser, pour de nombreux anglophones. Ce qui ne veut pas dire qu&rsquo;elle est impossible \u00e0 apprendre, loin de l\u00e0 ! Elle fait partie des langues les plus faciles \u00e0 apprendre pour ceux qui parlent la langue de Shakespeare et de l&rsquo;Oncle Sam. Dans un...En savoir plus","og_url":"https:\/\/af.ca\/ottawa\/comment-exprimer-vos-besoins-de-maniere-correcte-en-francais\/","og_site_name":"Alliance Fran\u00e7aise Ottawa","article_modified_time":"2022-09-02T17:11:39+00:00","og_image":[{"url":"https:\/\/af.ca\/ottawa\/wp-content\/uploads\/2022\/09\/How-to-Properly-Say-You-Need-Something-in-French-300x197.jpg","type":"","width":"","height":""}],"twitter_card":"summary_large_image","twitter_misc":{"Dur\u00e9e de lecture estim\u00e9e":"2 minutes"},"schema":{"@context":"https:\/\/schema.org","@graph":[{"@type":"WebPage","@id":"https:\/\/af.ca\/ottawa\/comment-exprimer-vos-besoins-de-maniere-correcte-en-francais\/","url":"https:\/\/af.ca\/ottawa\/comment-exprimer-vos-besoins-de-maniere-correcte-en-francais\/","name":"Comment exprimer vos besoins de mani\u00e8re correcte en fran\u00e7ais ? - Alliance Fran\u00e7aise Ottawa","isPartOf":{"@id":"https:\/\/af.ca\/ottawa\/#website"},"primaryImageOfPage":{"@id":"https:\/\/af.ca\/ottawa\/comment-exprimer-vos-besoins-de-maniere-correcte-en-francais\/#primaryimage"},"image":{"@id":"https:\/\/af.ca\/ottawa\/comment-exprimer-vos-besoins-de-maniere-correcte-en-francais\/#primaryimage"},"thumbnailUrl":"https:\/\/af.ca\/ottawa\/wp-content\/uploads\/2022\/09\/How-to-Properly-Say-You-Need-Something-in-French-300x197.jpg","datePublished":"2022-09-02T15:42:25+00:00","dateModified":"2022-09-02T17:11:39+00:00","breadcrumb":{"@id":"https:\/\/af.ca\/ottawa\/comment-exprimer-vos-besoins-de-maniere-correcte-en-francais\/#breadcrumb"},"inLanguage":"fr-FR","potentialAction":[{"@type":"ReadAction","target":["https:\/\/af.ca\/ottawa\/comment-exprimer-vos-besoins-de-maniere-correcte-en-francais\/"]}]},{"@type":"ImageObject","inLanguage":"fr-FR","@id":"https:\/\/af.ca\/ottawa\/comment-exprimer-vos-besoins-de-maniere-correcte-en-francais\/#primaryimage","url":"https:\/\/af.ca\/ottawa\/wp-content\/uploads\/2022\/09\/How-to-Properly-Say-You-Need-Something-in-French.jpg","contentUrl":"https:\/\/af.ca\/ottawa\/wp-content\/uploads\/2022\/09\/How-to-Properly-Say-You-Need-Something-in-French.jpg","width":1095,"height":720,"caption":"How to Properly Say You Need Something in French"},{"@type":"BreadcrumbList","@id":"https:\/\/af.ca\/ottawa\/comment-exprimer-vos-besoins-de-maniere-correcte-en-francais\/#breadcrumb","itemListElement":[{"@type":"ListItem","position":1,"name":"Home","item":"https:\/\/af.ca\/ottawa\/"},{"@type":"ListItem","position":2,"name":"Comment exprimer vos besoins de mani\u00e8re correcte en fran\u00e7ais ?"}]},{"@type":"WebSite","@id":"https:\/\/af.ca\/ottawa\/#website","url":"https:\/\/af.ca\/ottawa\/","name":"Alliance Fran\u00e7aise Ottawa","description":"\u00c9cole de langue fran\u00e7aise et centre culturel","potentialAction":[{"@type":"SearchAction","target":{"@type":"EntryPoint","urlTemplate":"https:\/\/af.ca\/ottawa\/?s={search_term_string}"},"query-input":{"@type":"PropertyValueSpecification","valueRequired":true,"valueName":"search_term_string"}}],"inLanguage":"fr-FR"}]}},"blog_post_layout_featured_media_urls":{"thumbnail":"","full":""},"categories_names":null,"comments_number":"0","_links":{"self":[{"href":"https:\/\/af.ca\/ottawa\/wp-json\/wp\/v2\/pages\/18770","targetHints":{"allow":["GET"]}}],"collection":[{"href":"https:\/\/af.ca\/ottawa\/wp-json\/wp\/v2\/pages"}],"about":[{"href":"https:\/\/af.ca\/ottawa\/wp-json\/wp\/v2\/types\/page"}],"author":[{"embeddable":true,"href":"https:\/\/af.ca\/ottawa\/wp-json\/wp\/v2\/users\/3"}],"replies":[{"embeddable":true,"href":"https:\/\/af.ca\/ottawa\/wp-json\/wp\/v2\/comments?post=18770"}],"version-history":[{"count":0,"href":"https:\/\/af.ca\/ottawa\/wp-json\/wp\/v2\/pages\/18770\/revisions"}],"wp:attachment":[{"href":"https:\/\/af.ca\/ottawa\/wp-json\/wp\/v2\/media?parent=18770"}],"curies":[{"name":"wp","href":"https:\/\/api.w.org\/{rel}","templated":true}]}}