{"id":18846,"date":"2022-09-02T15:35:19","date_gmt":"2022-09-02T19:35:19","guid":{"rendered":"https:\/\/af.ca\/ottawa\/?page_id=18846"},"modified":"2022-09-02T15:49:32","modified_gmt":"2022-09-02T19:49:32","slug":"pourquoi-est-il-important-de-parler-francais-a-ottawa","status":"publish","type":"page","link":"https:\/\/af.ca\/ottawa\/pourquoi-est-il-important-de-parler-francais-a-ottawa\/","title":{"rendered":"Pourquoi est-il important de parler fran\u00e7ais \u00e0 Ottawa ?"},"content":{"rendered":"<p>&nbsp;<\/p>\n<p><a href=\"https:\/\/af.ca\/ottawa\/wp-content\/uploads\/2022\/09\/Image1-ottawa.png\"><img loading=\"lazy\" decoding=\"async\" class=\"alignnone wp-image-18841\" src=\"https:\/\/af.ca\/ottawa\/wp-content\/uploads\/2022\/09\/Image1-ottawa-300x181.png\" alt=\"\" width=\"702\" height=\"423\" srcset=\"https:\/\/af.ca\/ottawa\/wp-content\/uploads\/2022\/09\/Image1-ottawa-300x181.png 300w, https:\/\/af.ca\/ottawa\/wp-content\/uploads\/2022\/09\/Image1-ottawa.png 624w\" sizes=\"auto, (max-width: 702px) 100vw, 702px\" \/><\/a><\/p>\n<p>&nbsp;<\/p>\n<p>Il y a de nombreuses raisons pour lesquelles il est non seulement important mais essentiel de parler fran\u00e7ais \u00e0 Ottawa. D&rsquo;une part, c&rsquo;est la capitale du Canada &#8211; par cons\u00e9quent, le parlement ainsi que de nombreux minist\u00e8res et agences gouvernementales sont situ\u00e9s \u00e0 cet endroit, et ont toujours besoin de personnel bilingue. D&rsquo;autre part, de nombreuses attractions en fran\u00e7ais ont lieu tout au long de l&rsquo;ann\u00e9e \u00e0 Ottawa. Et vous pouvez en faire partie si vous parlez anglais, mais vous pourriez vraiment les appr\u00e9cier en tant que francophone. Alors, si vous voulez apprendre le fran\u00e7ais avec nous, et en savoir plus sur l&rsquo;importance de parler fran\u00e7ais \u00e0 Ottawa, nous vous invitons \u00e0 lire le post suivant.<\/p>\n<p>&nbsp;<\/p>\n<p>&nbsp;<\/p>\n<ol>\n<li>\n<h3>Ottawa est une ville cl\u00e9 pour les francophones<\/h3>\n<\/li>\n<\/ol>\n<p>De nombreux Franco-Ontariens sont concentr\u00e9s dans la capitale. La proportion de r\u00e9sidents ayant le fran\u00e7ais comme langue maternelle est nettement plus \u00e9lev\u00e9e \u00e0 Ottawa que dans toutes les autres grandes villes canadiennes, \u00e0 l&rsquo;exception de Montr\u00e9al. D&rsquo;ailleurs, vous pouvez c\u00e9l\u00e9brer la journ\u00e9e des Franco-Ontariens chaque ann\u00e9e le 25 septembre &#8211; pour d\u00e9couvrir cette c\u00e9l\u00e9bration, visitez : franco-ontarian-day<\/p>\n<p>&nbsp;<\/p>\n<h3>\u00a0 \u00a0<strong> \u00a02. Les services gouvernementaux en fran\u00e7ais sont toujours disponibles dans la capitale.<\/strong><\/h3>\n<p>Depuis 2021, il existe une politique de bilinguisme qui stipule que tous les services municipaux sont offerts en fran\u00e7ais et en anglais \u00e0 Ottawa. Pour plus d&rsquo;informations sur les services gouvernementaux en Ontario, visitez :\u00a0 Ontario.ca.<\/p>\n<p>&nbsp;<\/p>\n<p>&nbsp;<\/p>\n<h3>\u00a0 \u00a03. De nombreux postes au sein du gouvernement f\u00e9d\u00e9ral doivent \u00eatre occup\u00e9s par des employ\u00e9s bilingues.<\/h3>\n<p>Si vous parlez d\u00e9j\u00e0 fran\u00e7ais, il est possible de trouver un emploi dans l&rsquo;un des nombreux minist\u00e8res et 250 organismes d\u00e9sign\u00e9s qui offrent des services en fran\u00e7ais. Si vous avez besoin d&rsquo;am\u00e9liorer votre fran\u00e7ais &#8211; ou m\u00eame de commencer \u00e0 partir de z\u00e9ro\/de z\u00e9ro &#8211; nous pouvons vous aider \u00e0 trouver la meilleure fa\u00e7on d&rsquo;apprendre cette belle langue \u00e0 Ottawa, \u00e0 l&rsquo;Alliance fran\u00e7aise.<\/p>\n<h3><\/h3>\n<p>&nbsp;<\/p>\n<h3><strong>\u00a0 \u00a0 4. La musique live, les festivals et les \u00e9v\u00e9nements francophones ont lieu toute l&rsquo;ann\u00e9e dans cette ville.<\/strong><\/h3>\n<ul>\n<li><strong>Contact Ontarois<\/strong> : Le plus grand march\u00e9 des arts de la sc\u00e8ne en langue fran\u00e7aise hors du Qu\u00e9bec rassemble des centaines d&rsquo;artistes et de diffuseurs.<\/li>\n<li><strong>Festival Franco-Ontarien<\/strong> : Extravagance musicale annuelle francophone qui a lieu \u00e0 la fin septembre au Parc Major&rsquo;s Hill.<\/li>\n<li><strong>Mus\u00e9oparc Vanier<\/strong> : Ce mus\u00e9e unique en son genre se consacre \u00e0 la pr\u00e9servation et au progr\u00e8s de l&rsquo;histoire et de la culture francophones par le biais d&rsquo;expositions et d&rsquo;\u00e9v\u00e9nements divers, dont le Festival du sucre dans sa cabane \u00e0 sucre op\u00e9rationnelle sur place.<\/li>\n<\/ul>\n<p>&nbsp;<\/p>\n<p>After having read all these advantages for the francophone community in the capital city, living without French in Ottawa is probably not the best idea. So, if you want to know where to learn (or continue learning) French in Ottawa and join this growing community of french speakers in Canada, you are just one click away from it: <a href=\"https:\/\/af.ca\/ottawa\/en\/cours\/french-group-courses\/#\/\">french-group-courses<\/a><\/p>\n<p>&nbsp;<\/p>\n","protected":false},"excerpt":{"rendered":"<p>&nbsp; &nbsp; Il y a de nombreuses raisons pour lesquelles il est non seulement important mais essentiel de parler fran\u00e7ais \u00e0 Ottawa. D&rsquo;une part, c&rsquo;est la capitale du Canada &#8211; par cons\u00e9quent, le parlement ainsi que de nombreux minist\u00e8res et agences gouvernementales sont situ\u00e9s \u00e0 cet endroit, et ont toujours besoin de personnel bilingue. D&rsquo;autre&#8230;<\/p>\n<p><a class=\"button invert-primary\" href=\"https:\/\/af.ca\/ottawa\/pourquoi-est-il-important-de-parler-francais-a-ottawa\/\">En savoir plus<\/a><\/p>\n","protected":false},"author":3,"featured_media":0,"parent":0,"menu_order":118,"comment_status":"closed","ping_status":"closed","template":"","meta":{"_acf_changed":false,"om_disable_all_campaigns":false,"_monsterinsights_skip_tracking":false,"_monsterinsights_sitenote_active":false,"_monsterinsights_sitenote_note":"","_monsterinsights_sitenote_category":0,"footnotes":""},"class_list":["post-18846","page","type-page","status-publish","hentry"],"acf":[],"yoast_head":"<!-- This site is optimized with the Yoast SEO plugin v27.3 - https:\/\/yoast.com\/product\/yoast-seo-wordpress\/ -->\n<title>Pourquoi est-il important de parler fran\u00e7ais \u00e0 Ottawa ? - Alliance Fran\u00e7aise Ottawa<\/title>\n<meta name=\"robots\" content=\"index, follow, max-snippet:-1, max-image-preview:large, max-video-preview:-1\" \/>\n<link rel=\"canonical\" href=\"https:\/\/af.ca\/ottawa\/pourquoi-est-il-important-de-parler-francais-a-ottawa\/\" \/>\n<meta property=\"og:locale\" content=\"fr_FR\" \/>\n<meta property=\"og:type\" content=\"article\" \/>\n<meta property=\"og:title\" content=\"Pourquoi est-il important de parler fran\u00e7ais \u00e0 Ottawa ? - Alliance Fran\u00e7aise Ottawa\" \/>\n<meta property=\"og:description\" content=\"&nbsp; &nbsp; Il y a de nombreuses raisons pour lesquelles il est non seulement important mais essentiel de parler fran\u00e7ais \u00e0 Ottawa. D&rsquo;une part, c&rsquo;est la capitale du Canada &#8211; par cons\u00e9quent, le parlement ainsi que de nombreux minist\u00e8res et agences gouvernementales sont situ\u00e9s \u00e0 cet endroit, et ont toujours besoin de personnel bilingue. D&rsquo;autre...En savoir plus\" \/>\n<meta property=\"og:url\" content=\"https:\/\/af.ca\/ottawa\/pourquoi-est-il-important-de-parler-francais-a-ottawa\/\" \/>\n<meta property=\"og:site_name\" content=\"Alliance Fran\u00e7aise Ottawa\" \/>\n<meta property=\"article:modified_time\" content=\"2022-09-02T19:49:32+00:00\" \/>\n<meta property=\"og:image\" content=\"https:\/\/af.ca\/ottawa\/wp-content\/uploads\/2022\/09\/Image1-ottawa-300x181.png\" \/>\n<meta name=\"twitter:card\" content=\"summary_large_image\" \/>\n<meta name=\"twitter:label1\" content=\"Dur\u00e9e de lecture estim\u00e9e\" \/>\n\t<meta name=\"twitter:data1\" content=\"3 minutes\" \/>\n<script type=\"application\/ld+json\" class=\"yoast-schema-graph\">{\"@context\":\"https:\\\/\\\/schema.org\",\"@graph\":[{\"@type\":\"WebPage\",\"@id\":\"https:\\\/\\\/af.ca\\\/ottawa\\\/pourquoi-est-il-important-de-parler-francais-a-ottawa\\\/\",\"url\":\"https:\\\/\\\/af.ca\\\/ottawa\\\/pourquoi-est-il-important-de-parler-francais-a-ottawa\\\/\",\"name\":\"Pourquoi est-il important de parler fran\u00e7ais \u00e0 Ottawa ? - Alliance Fran\u00e7aise Ottawa\",\"isPartOf\":{\"@id\":\"https:\\\/\\\/af.ca\\\/ottawa\\\/#website\"},\"primaryImageOfPage\":{\"@id\":\"https:\\\/\\\/af.ca\\\/ottawa\\\/pourquoi-est-il-important-de-parler-francais-a-ottawa\\\/#primaryimage\"},\"image\":{\"@id\":\"https:\\\/\\\/af.ca\\\/ottawa\\\/pourquoi-est-il-important-de-parler-francais-a-ottawa\\\/#primaryimage\"},\"thumbnailUrl\":\"https:\\\/\\\/af.ca\\\/ottawa\\\/wp-content\\\/uploads\\\/2022\\\/09\\\/Image1-ottawa-300x181.png\",\"datePublished\":\"2022-09-02T19:35:19+00:00\",\"dateModified\":\"2022-09-02T19:49:32+00:00\",\"breadcrumb\":{\"@id\":\"https:\\\/\\\/af.ca\\\/ottawa\\\/pourquoi-est-il-important-de-parler-francais-a-ottawa\\\/#breadcrumb\"},\"inLanguage\":\"fr-FR\",\"potentialAction\":[{\"@type\":\"ReadAction\",\"target\":[\"https:\\\/\\\/af.ca\\\/ottawa\\\/pourquoi-est-il-important-de-parler-francais-a-ottawa\\\/\"]}]},{\"@type\":\"ImageObject\",\"inLanguage\":\"fr-FR\",\"@id\":\"https:\\\/\\\/af.ca\\\/ottawa\\\/pourquoi-est-il-important-de-parler-francais-a-ottawa\\\/#primaryimage\",\"url\":\"https:\\\/\\\/af.ca\\\/ottawa\\\/wp-content\\\/uploads\\\/2022\\\/09\\\/Image1-ottawa.png\",\"contentUrl\":\"https:\\\/\\\/af.ca\\\/ottawa\\\/wp-content\\\/uploads\\\/2022\\\/09\\\/Image1-ottawa.png\",\"width\":624,\"height\":377},{\"@type\":\"BreadcrumbList\",\"@id\":\"https:\\\/\\\/af.ca\\\/ottawa\\\/pourquoi-est-il-important-de-parler-francais-a-ottawa\\\/#breadcrumb\",\"itemListElement\":[{\"@type\":\"ListItem\",\"position\":1,\"name\":\"Home\",\"item\":\"https:\\\/\\\/af.ca\\\/ottawa\\\/\"},{\"@type\":\"ListItem\",\"position\":2,\"name\":\"Pourquoi est-il important de parler fran\u00e7ais \u00e0 Ottawa ?\"}]},{\"@type\":\"WebSite\",\"@id\":\"https:\\\/\\\/af.ca\\\/ottawa\\\/#website\",\"url\":\"https:\\\/\\\/af.ca\\\/ottawa\\\/\",\"name\":\"Alliance Fran\u00e7aise Ottawa\",\"description\":\"\u00c9cole de langue fran\u00e7aise et centre culturel\",\"potentialAction\":[{\"@type\":\"SearchAction\",\"target\":{\"@type\":\"EntryPoint\",\"urlTemplate\":\"https:\\\/\\\/af.ca\\\/ottawa\\\/?s={search_term_string}\"},\"query-input\":{\"@type\":\"PropertyValueSpecification\",\"valueRequired\":true,\"valueName\":\"search_term_string\"}}],\"inLanguage\":\"fr-FR\"}]}<\/script>\n<!-- \/ Yoast SEO plugin. -->","yoast_head_json":{"title":"Pourquoi est-il important de parler fran\u00e7ais \u00e0 Ottawa ? - Alliance Fran\u00e7aise Ottawa","robots":{"index":"index","follow":"follow","max-snippet":"max-snippet:-1","max-image-preview":"max-image-preview:large","max-video-preview":"max-video-preview:-1"},"canonical":"https:\/\/af.ca\/ottawa\/pourquoi-est-il-important-de-parler-francais-a-ottawa\/","og_locale":"fr_FR","og_type":"article","og_title":"Pourquoi est-il important de parler fran\u00e7ais \u00e0 Ottawa ? - Alliance Fran\u00e7aise Ottawa","og_description":"&nbsp; &nbsp; Il y a de nombreuses raisons pour lesquelles il est non seulement important mais essentiel de parler fran\u00e7ais \u00e0 Ottawa. D&rsquo;une part, c&rsquo;est la capitale du Canada &#8211; par cons\u00e9quent, le parlement ainsi que de nombreux minist\u00e8res et agences gouvernementales sont situ\u00e9s \u00e0 cet endroit, et ont toujours besoin de personnel bilingue. D&rsquo;autre...En savoir plus","og_url":"https:\/\/af.ca\/ottawa\/pourquoi-est-il-important-de-parler-francais-a-ottawa\/","og_site_name":"Alliance Fran\u00e7aise Ottawa","article_modified_time":"2022-09-02T19:49:32+00:00","og_image":[{"url":"https:\/\/af.ca\/ottawa\/wp-content\/uploads\/2022\/09\/Image1-ottawa-300x181.png","type":"","width":"","height":""}],"twitter_card":"summary_large_image","twitter_misc":{"Dur\u00e9e de lecture estim\u00e9e":"3 minutes"},"schema":{"@context":"https:\/\/schema.org","@graph":[{"@type":"WebPage","@id":"https:\/\/af.ca\/ottawa\/pourquoi-est-il-important-de-parler-francais-a-ottawa\/","url":"https:\/\/af.ca\/ottawa\/pourquoi-est-il-important-de-parler-francais-a-ottawa\/","name":"Pourquoi est-il important de parler fran\u00e7ais \u00e0 Ottawa ? - Alliance Fran\u00e7aise Ottawa","isPartOf":{"@id":"https:\/\/af.ca\/ottawa\/#website"},"primaryImageOfPage":{"@id":"https:\/\/af.ca\/ottawa\/pourquoi-est-il-important-de-parler-francais-a-ottawa\/#primaryimage"},"image":{"@id":"https:\/\/af.ca\/ottawa\/pourquoi-est-il-important-de-parler-francais-a-ottawa\/#primaryimage"},"thumbnailUrl":"https:\/\/af.ca\/ottawa\/wp-content\/uploads\/2022\/09\/Image1-ottawa-300x181.png","datePublished":"2022-09-02T19:35:19+00:00","dateModified":"2022-09-02T19:49:32+00:00","breadcrumb":{"@id":"https:\/\/af.ca\/ottawa\/pourquoi-est-il-important-de-parler-francais-a-ottawa\/#breadcrumb"},"inLanguage":"fr-FR","potentialAction":[{"@type":"ReadAction","target":["https:\/\/af.ca\/ottawa\/pourquoi-est-il-important-de-parler-francais-a-ottawa\/"]}]},{"@type":"ImageObject","inLanguage":"fr-FR","@id":"https:\/\/af.ca\/ottawa\/pourquoi-est-il-important-de-parler-francais-a-ottawa\/#primaryimage","url":"https:\/\/af.ca\/ottawa\/wp-content\/uploads\/2022\/09\/Image1-ottawa.png","contentUrl":"https:\/\/af.ca\/ottawa\/wp-content\/uploads\/2022\/09\/Image1-ottawa.png","width":624,"height":377},{"@type":"BreadcrumbList","@id":"https:\/\/af.ca\/ottawa\/pourquoi-est-il-important-de-parler-francais-a-ottawa\/#breadcrumb","itemListElement":[{"@type":"ListItem","position":1,"name":"Home","item":"https:\/\/af.ca\/ottawa\/"},{"@type":"ListItem","position":2,"name":"Pourquoi est-il important de parler fran\u00e7ais \u00e0 Ottawa ?"}]},{"@type":"WebSite","@id":"https:\/\/af.ca\/ottawa\/#website","url":"https:\/\/af.ca\/ottawa\/","name":"Alliance Fran\u00e7aise Ottawa","description":"\u00c9cole de langue fran\u00e7aise et centre culturel","potentialAction":[{"@type":"SearchAction","target":{"@type":"EntryPoint","urlTemplate":"https:\/\/af.ca\/ottawa\/?s={search_term_string}"},"query-input":{"@type":"PropertyValueSpecification","valueRequired":true,"valueName":"search_term_string"}}],"inLanguage":"fr-FR"}]}},"blog_post_layout_featured_media_urls":{"thumbnail":"","full":""},"categories_names":null,"comments_number":"0","_links":{"self":[{"href":"https:\/\/af.ca\/ottawa\/wp-json\/wp\/v2\/pages\/18846","targetHints":{"allow":["GET"]}}],"collection":[{"href":"https:\/\/af.ca\/ottawa\/wp-json\/wp\/v2\/pages"}],"about":[{"href":"https:\/\/af.ca\/ottawa\/wp-json\/wp\/v2\/types\/page"}],"author":[{"embeddable":true,"href":"https:\/\/af.ca\/ottawa\/wp-json\/wp\/v2\/users\/3"}],"replies":[{"embeddable":true,"href":"https:\/\/af.ca\/ottawa\/wp-json\/wp\/v2\/comments?post=18846"}],"version-history":[{"count":0,"href":"https:\/\/af.ca\/ottawa\/wp-json\/wp\/v2\/pages\/18846\/revisions"}],"wp:attachment":[{"href":"https:\/\/af.ca\/ottawa\/wp-json\/wp\/v2\/media?parent=18846"}],"curies":[{"name":"wp","href":"https:\/\/api.w.org\/{rel}","templated":true}]}}