{"id":19160,"date":"2023-05-24T14:53:25","date_gmt":"2023-05-24T18:53:25","guid":{"rendered":"https:\/\/af.ca\/ottawa\/?page_id=19160"},"modified":"2023-05-24T14:53:44","modified_gmt":"2023-05-24T18:53:44","slug":"litterature-et-idees","status":"publish","type":"page","link":"https:\/\/af.ca\/ottawa\/litterature-et-idees\/","title":{"rendered":"Litt\u00e9rature et id\u00e9es"},"content":{"rendered":"<h3><\/h3>\n<h3><\/h3>\n<p>&nbsp;<\/p>\n<h3><\/h3>\n<h3><a href=\"https:\/\/af.ca\/ottawa\/club-de-lecture\/#\/\"><img loading=\"lazy\" decoding=\"async\" class=\"wp-image-19148 alignleft\" src=\"https:\/\/af.ca\/ottawa\/wp-content\/uploads\/2022\/09\/club-de-lecture...-300x251.png\" alt=\"\" width=\"385\" height=\"322\" srcset=\"https:\/\/af.ca\/ottawa\/wp-content\/uploads\/2022\/09\/club-de-lecture...-300x251.png 300w, https:\/\/af.ca\/ottawa\/wp-content\/uploads\/2022\/09\/club-de-lecture...-768x644.png 768w, https:\/\/af.ca\/ottawa\/wp-content\/uploads\/2022\/09\/club-de-lecture....png 940w\" sizes=\"auto, (max-width: 385px) 100vw, 385px\" \/><\/a>Club de lecture<\/h3>\n<p>Vous aimez la litt\u00e9rature ? Vous apprenez le fran\u00e7ais ou vous \u00eates francophones ? Venez partager votre passion de la lecture avec d\u2019autres francophones ! Chaque mois d\u00e9couvrez un auteur ou une autrice francophone contemporain\u00b7e autour d\u2019une lecture et d\u2019une discussion.<\/p>\n<p>Ce club de lecture a pour objectif de vous faire d\u00e9couvrir les \u0153uvres fortes de la litt\u00e9rature francophone, d\u2019enrichir la discussion autour d\u2019elle et de favoriser les interactions avec les autres lecteurs francophones.<\/p>\n<p>En tant que participant, vous aurez l&rsquo;occasion de d\u00e9couvrir sept \u0153uvres contemporaines. Vous pouvez les emprunter gratuitement avec Cultureth\u00e8que ou \u00e0 la biblioth\u00e8que d\u2019Ottawa.<\/p>\n<p><a href=\"https:\/\/af.ca\/ottawa\/club-de-lecture\/#\/\"><img loading=\"lazy\" decoding=\"async\" class=\"wp-image-18748 alignleft\" src=\"https:\/\/af.ca\/ottawa\/wp-content\/uploads\/2022\/09\/Bouton-learn-more-300x89.png\" alt=\"\" width=\"152\" height=\"45\" srcset=\"https:\/\/af.ca\/ottawa\/wp-content\/uploads\/2022\/09\/Bouton-learn-more-300x89.png 300w, https:\/\/af.ca\/ottawa\/wp-content\/uploads\/2022\/09\/Bouton-learn-more.png 435w\" sizes=\"auto, (max-width: 152px) 100vw, 152px\" \/><\/a><\/p>\n<p>&nbsp;<\/p>\n<p>&nbsp;<\/p>\n<p>&nbsp;<\/p>\n<p>&nbsp;<\/p>\n<p>&nbsp;<\/p>\n<p><a href=\"https:\/\/af.ca\/ottawa\/details-de-levenement\/?eventId=687#\/\"><img loading=\"lazy\" decoding=\"async\" class=\"wp-image-19152 alignleft\" src=\"https:\/\/af.ca\/ottawa\/wp-content\/uploads\/2022\/09\/conferences-et-ateliers-300x251.png\" alt=\"\" width=\"385\" height=\"322\" srcset=\"https:\/\/af.ca\/ottawa\/wp-content\/uploads\/2022\/09\/conferences-et-ateliers-300x251.png 300w, https:\/\/af.ca\/ottawa\/wp-content\/uploads\/2022\/09\/conferences-et-ateliers-768x644.png 768w, https:\/\/af.ca\/ottawa\/wp-content\/uploads\/2022\/09\/conferences-et-ateliers.png 940w\" sizes=\"auto, (max-width: 385px) 100vw, 385px\" \/><\/a><\/p>\n<h3>Conf\u00e9rences et ateliers<\/h3>\n<p>Entre atelier d&rsquo;\u00e9criture et conf\u00e9rence avec des \u00e9crivains. Nous vous proposons des activit\u00e9s pour vous permettre de d\u00e9couvrir de nouvelles passions et d&rsquo;approfondir vos connaissances sur certains aspects de la litt\u00e9rature francophone.<\/p>\n<p>&nbsp;<\/p>\n<p>Consulter l&rsquo;agenda culturel pour connaitre les dates des prochaines s\u00e9ances.<\/p>\n<p><a href=\"https:\/\/af.ca\/ottawa\/culture\/agenda-2\/#\/\"><img loading=\"lazy\" decoding=\"async\" class=\"alignnone wp-image-18748\" src=\"https:\/\/af.ca\/ottawa\/wp-content\/uploads\/2022\/09\/Bouton-learn-more-300x89.png\" alt=\"\" width=\"152\" height=\"45\" srcset=\"https:\/\/af.ca\/ottawa\/wp-content\/uploads\/2022\/09\/Bouton-learn-more-300x89.png 300w, https:\/\/af.ca\/ottawa\/wp-content\/uploads\/2022\/09\/Bouton-learn-more.png 435w\" sizes=\"auto, (max-width: 152px) 100vw, 152px\" \/><\/a><\/p>\n<p>&nbsp;<\/p>\n<p>&nbsp;<\/p>\n","protected":false},"excerpt":{"rendered":"<p>&nbsp; Club de lecture Vous aimez la litt\u00e9rature ? Vous apprenez le fran\u00e7ais ou vous \u00eates francophones ? Venez partager votre passion de la lecture avec d\u2019autres francophones ! Chaque mois d\u00e9couvrez un auteur ou une autrice francophone contemporain\u00b7e autour d\u2019une lecture et d\u2019une discussion. Ce club de lecture a pour objectif de vous faire&#8230;<\/p>\n<p><a class=\"button invert-primary\" href=\"https:\/\/af.ca\/ottawa\/litterature-et-idees\/\">En savoir plus<\/a><\/p>\n","protected":false},"author":3,"featured_media":0,"parent":0,"menu_order":114,"comment_status":"closed","ping_status":"closed","template":"","meta":{"_acf_changed":false,"om_disable_all_campaigns":false,"_monsterinsights_skip_tracking":false,"_monsterinsights_sitenote_active":false,"_monsterinsights_sitenote_note":"","_monsterinsights_sitenote_category":0,"footnotes":""},"class_list":["post-19160","page","type-page","status-publish","hentry"],"acf":[],"yoast_head":"<!-- This site is optimized with the Yoast SEO plugin v27.3 - https:\/\/yoast.com\/product\/yoast-seo-wordpress\/ -->\n<title>Litt\u00e9rature et id\u00e9es - Alliance Fran\u00e7aise Ottawa<\/title>\n<meta name=\"robots\" content=\"index, follow, max-snippet:-1, max-image-preview:large, max-video-preview:-1\" \/>\n<link rel=\"canonical\" href=\"https:\/\/af.ca\/ottawa\/litterature-et-idees\/\" \/>\n<meta property=\"og:locale\" content=\"fr_FR\" \/>\n<meta property=\"og:type\" content=\"article\" \/>\n<meta property=\"og:title\" content=\"Litt\u00e9rature et id\u00e9es - Alliance Fran\u00e7aise Ottawa\" \/>\n<meta property=\"og:description\" content=\"&nbsp; Club de lecture Vous aimez la litt\u00e9rature ? Vous apprenez le fran\u00e7ais ou vous \u00eates francophones ? Venez partager votre passion de la lecture avec d\u2019autres francophones ! Chaque mois d\u00e9couvrez un auteur ou une autrice francophone contemporain\u00b7e autour d\u2019une lecture et d\u2019une discussion. Ce club de lecture a pour objectif de vous faire...En savoir plus\" \/>\n<meta property=\"og:url\" content=\"https:\/\/af.ca\/ottawa\/litterature-et-idees\/\" \/>\n<meta property=\"og:site_name\" content=\"Alliance Fran\u00e7aise Ottawa\" \/>\n<meta property=\"article:modified_time\" content=\"2023-05-24T18:53:44+00:00\" \/>\n<meta property=\"og:image\" content=\"https:\/\/af.ca\/ottawa\/wp-content\/uploads\/2022\/09\/club-de-lecture...-300x251.png\" \/>\n<meta name=\"twitter:card\" content=\"summary_large_image\" \/>\n<meta name=\"twitter:label1\" content=\"Dur\u00e9e de lecture estim\u00e9e\" \/>\n\t<meta name=\"twitter:data1\" content=\"2 minutes\" \/>\n<script type=\"application\/ld+json\" class=\"yoast-schema-graph\">{\"@context\":\"https:\\\/\\\/schema.org\",\"@graph\":[{\"@type\":\"WebPage\",\"@id\":\"https:\\\/\\\/af.ca\\\/ottawa\\\/litterature-et-idees\\\/\",\"url\":\"https:\\\/\\\/af.ca\\\/ottawa\\\/litterature-et-idees\\\/\",\"name\":\"Litt\u00e9rature et id\u00e9es - Alliance Fran\u00e7aise Ottawa\",\"isPartOf\":{\"@id\":\"https:\\\/\\\/af.ca\\\/ottawa\\\/#website\"},\"primaryImageOfPage\":{\"@id\":\"https:\\\/\\\/af.ca\\\/ottawa\\\/litterature-et-idees\\\/#primaryimage\"},\"image\":{\"@id\":\"https:\\\/\\\/af.ca\\\/ottawa\\\/litterature-et-idees\\\/#primaryimage\"},\"thumbnailUrl\":\"https:\\\/\\\/af.ca\\\/ottawa\\\/wp-content\\\/uploads\\\/2022\\\/09\\\/club-de-lecture...-300x251.png\",\"datePublished\":\"2023-05-24T18:53:25+00:00\",\"dateModified\":\"2023-05-24T18:53:44+00:00\",\"breadcrumb\":{\"@id\":\"https:\\\/\\\/af.ca\\\/ottawa\\\/litterature-et-idees\\\/#breadcrumb\"},\"inLanguage\":\"fr-FR\",\"potentialAction\":[{\"@type\":\"ReadAction\",\"target\":[\"https:\\\/\\\/af.ca\\\/ottawa\\\/litterature-et-idees\\\/\"]}]},{\"@type\":\"ImageObject\",\"inLanguage\":\"fr-FR\",\"@id\":\"https:\\\/\\\/af.ca\\\/ottawa\\\/litterature-et-idees\\\/#primaryimage\",\"url\":\"https:\\\/\\\/af.ca\\\/ottawa\\\/wp-content\\\/uploads\\\/2022\\\/09\\\/club-de-lecture....png\",\"contentUrl\":\"https:\\\/\\\/af.ca\\\/ottawa\\\/wp-content\\\/uploads\\\/2022\\\/09\\\/club-de-lecture....png\",\"width\":940,\"height\":788},{\"@type\":\"BreadcrumbList\",\"@id\":\"https:\\\/\\\/af.ca\\\/ottawa\\\/litterature-et-idees\\\/#breadcrumb\",\"itemListElement\":[{\"@type\":\"ListItem\",\"position\":1,\"name\":\"Home\",\"item\":\"https:\\\/\\\/af.ca\\\/ottawa\\\/\"},{\"@type\":\"ListItem\",\"position\":2,\"name\":\"Litt\u00e9rature et id\u00e9es\"}]},{\"@type\":\"WebSite\",\"@id\":\"https:\\\/\\\/af.ca\\\/ottawa\\\/#website\",\"url\":\"https:\\\/\\\/af.ca\\\/ottawa\\\/\",\"name\":\"Alliance Fran\u00e7aise Ottawa\",\"description\":\"\u00c9cole de langue fran\u00e7aise et centre culturel\",\"potentialAction\":[{\"@type\":\"SearchAction\",\"target\":{\"@type\":\"EntryPoint\",\"urlTemplate\":\"https:\\\/\\\/af.ca\\\/ottawa\\\/?s={search_term_string}\"},\"query-input\":{\"@type\":\"PropertyValueSpecification\",\"valueRequired\":true,\"valueName\":\"search_term_string\"}}],\"inLanguage\":\"fr-FR\"}]}<\/script>\n<!-- \/ Yoast SEO plugin. -->","yoast_head_json":{"title":"Litt\u00e9rature et id\u00e9es - Alliance Fran\u00e7aise Ottawa","robots":{"index":"index","follow":"follow","max-snippet":"max-snippet:-1","max-image-preview":"max-image-preview:large","max-video-preview":"max-video-preview:-1"},"canonical":"https:\/\/af.ca\/ottawa\/litterature-et-idees\/","og_locale":"fr_FR","og_type":"article","og_title":"Litt\u00e9rature et id\u00e9es - Alliance Fran\u00e7aise Ottawa","og_description":"&nbsp; Club de lecture Vous aimez la litt\u00e9rature ? Vous apprenez le fran\u00e7ais ou vous \u00eates francophones ? Venez partager votre passion de la lecture avec d\u2019autres francophones ! Chaque mois d\u00e9couvrez un auteur ou une autrice francophone contemporain\u00b7e autour d\u2019une lecture et d\u2019une discussion. Ce club de lecture a pour objectif de vous faire...En savoir plus","og_url":"https:\/\/af.ca\/ottawa\/litterature-et-idees\/","og_site_name":"Alliance Fran\u00e7aise Ottawa","article_modified_time":"2023-05-24T18:53:44+00:00","og_image":[{"url":"https:\/\/af.ca\/ottawa\/wp-content\/uploads\/2022\/09\/club-de-lecture...-300x251.png","type":"","width":"","height":""}],"twitter_card":"summary_large_image","twitter_misc":{"Dur\u00e9e de lecture estim\u00e9e":"2 minutes"},"schema":{"@context":"https:\/\/schema.org","@graph":[{"@type":"WebPage","@id":"https:\/\/af.ca\/ottawa\/litterature-et-idees\/","url":"https:\/\/af.ca\/ottawa\/litterature-et-idees\/","name":"Litt\u00e9rature et id\u00e9es - Alliance Fran\u00e7aise Ottawa","isPartOf":{"@id":"https:\/\/af.ca\/ottawa\/#website"},"primaryImageOfPage":{"@id":"https:\/\/af.ca\/ottawa\/litterature-et-idees\/#primaryimage"},"image":{"@id":"https:\/\/af.ca\/ottawa\/litterature-et-idees\/#primaryimage"},"thumbnailUrl":"https:\/\/af.ca\/ottawa\/wp-content\/uploads\/2022\/09\/club-de-lecture...-300x251.png","datePublished":"2023-05-24T18:53:25+00:00","dateModified":"2023-05-24T18:53:44+00:00","breadcrumb":{"@id":"https:\/\/af.ca\/ottawa\/litterature-et-idees\/#breadcrumb"},"inLanguage":"fr-FR","potentialAction":[{"@type":"ReadAction","target":["https:\/\/af.ca\/ottawa\/litterature-et-idees\/"]}]},{"@type":"ImageObject","inLanguage":"fr-FR","@id":"https:\/\/af.ca\/ottawa\/litterature-et-idees\/#primaryimage","url":"https:\/\/af.ca\/ottawa\/wp-content\/uploads\/2022\/09\/club-de-lecture....png","contentUrl":"https:\/\/af.ca\/ottawa\/wp-content\/uploads\/2022\/09\/club-de-lecture....png","width":940,"height":788},{"@type":"BreadcrumbList","@id":"https:\/\/af.ca\/ottawa\/litterature-et-idees\/#breadcrumb","itemListElement":[{"@type":"ListItem","position":1,"name":"Home","item":"https:\/\/af.ca\/ottawa\/"},{"@type":"ListItem","position":2,"name":"Litt\u00e9rature et id\u00e9es"}]},{"@type":"WebSite","@id":"https:\/\/af.ca\/ottawa\/#website","url":"https:\/\/af.ca\/ottawa\/","name":"Alliance Fran\u00e7aise Ottawa","description":"\u00c9cole de langue fran\u00e7aise et centre culturel","potentialAction":[{"@type":"SearchAction","target":{"@type":"EntryPoint","urlTemplate":"https:\/\/af.ca\/ottawa\/?s={search_term_string}"},"query-input":{"@type":"PropertyValueSpecification","valueRequired":true,"valueName":"search_term_string"}}],"inLanguage":"fr-FR"}]}},"blog_post_layout_featured_media_urls":{"thumbnail":"","full":""},"categories_names":null,"comments_number":"0","_links":{"self":[{"href":"https:\/\/af.ca\/ottawa\/wp-json\/wp\/v2\/pages\/19160","targetHints":{"allow":["GET"]}}],"collection":[{"href":"https:\/\/af.ca\/ottawa\/wp-json\/wp\/v2\/pages"}],"about":[{"href":"https:\/\/af.ca\/ottawa\/wp-json\/wp\/v2\/types\/page"}],"author":[{"embeddable":true,"href":"https:\/\/af.ca\/ottawa\/wp-json\/wp\/v2\/users\/3"}],"replies":[{"embeddable":true,"href":"https:\/\/af.ca\/ottawa\/wp-json\/wp\/v2\/comments?post=19160"}],"version-history":[{"count":0,"href":"https:\/\/af.ca\/ottawa\/wp-json\/wp\/v2\/pages\/19160\/revisions"}],"wp:attachment":[{"href":"https:\/\/af.ca\/ottawa\/wp-json\/wp\/v2\/media?parent=19160"}],"curies":[{"name":"wp","href":"https:\/\/api.w.org\/{rel}","templated":true}]}}