{"id":19435,"date":"2022-11-01T12:10:50","date_gmt":"2022-11-01T16:10:50","guid":{"rendered":"https:\/\/af.ca\/ottawa\/?page_id=19435"},"modified":"2022-11-01T12:35:36","modified_gmt":"2022-11-01T16:35:36","slug":"top-5-des-meilleures-villes-au-canada-pour-apprendre-le-francais","status":"publish","type":"page","link":"https:\/\/af.ca\/ottawa\/top-5-des-meilleures-villes-au-canada-pour-apprendre-le-francais\/","title":{"rendered":"Top 5 des meilleures villes au Canada pour apprendre le fran\u00e7ais"},"content":{"rendered":"<p><a href=\"https:\/\/af.ca\/ottawa\/wp-content\/uploads\/2022\/11\/TOP-5-DES-MEILLEURES-VILLES-POUR-APPRENDRE-LE-FRANCAIS-AU-CANADA.png\"><img loading=\"lazy\" decoding=\"async\" class=\"alignnone wp-image-19432\" src=\"https:\/\/af.ca\/ottawa\/wp-content\/uploads\/2022\/11\/TOP-5-DES-MEILLEURES-VILLES-POUR-APPRENDRE-LE-FRANCAIS-AU-CANADA-300x169.png\" alt=\"TOP 5 DES MEILLEURES VILLES POUR APPRENDRE LE FRAN\u00c7AIS AU CANADA\" width=\"884\" height=\"498\" srcset=\"https:\/\/af.ca\/ottawa\/wp-content\/uploads\/2022\/11\/TOP-5-DES-MEILLEURES-VILLES-POUR-APPRENDRE-LE-FRANCAIS-AU-CANADA-300x169.png 300w, https:\/\/af.ca\/ottawa\/wp-content\/uploads\/2022\/11\/TOP-5-DES-MEILLEURES-VILLES-POUR-APPRENDRE-LE-FRANCAIS-AU-CANADA-1024x576.png 1024w, https:\/\/af.ca\/ottawa\/wp-content\/uploads\/2022\/11\/TOP-5-DES-MEILLEURES-VILLES-POUR-APPRENDRE-LE-FRANCAIS-AU-CANADA-768x432.png 768w, https:\/\/af.ca\/ottawa\/wp-content\/uploads\/2022\/11\/TOP-5-DES-MEILLEURES-VILLES-POUR-APPRENDRE-LE-FRANCAIS-AU-CANADA-1536x864.png 1536w, https:\/\/af.ca\/ottawa\/wp-content\/uploads\/2022\/11\/TOP-5-DES-MEILLEURES-VILLES-POUR-APPRENDRE-LE-FRANCAIS-AU-CANADA.png 1920w\" sizes=\"auto, (max-width: 884px) 100vw, 884px\" \/><\/a><\/p>\n<p>&nbsp;<\/p>\n<p>&nbsp;<\/p>\n<p>Lorsqu\u2019on cherche \u00e0 apprendre une nouvelle langue, l\u2019immersion dans un environnement o\u00f9 l\u2019on parle cette langue est souvent une exp\u00e9rience enrichissante. Sur une population d\u2019un peu plus de 35 millions d\u2019habitants, environ 23 % de la population canadienne ont comme premi\u00e8re langue officielle le fran\u00e7ais. Le Canada est donc un pays o\u00f9 la francophonie est pr\u00e9sente <em>d\u2019un oc\u00e9an \u00e0 l\u2019autre<\/em>. L\u2019Alliance Fran\u00e7aise vous propose ici une liste des 5 meilleures villes canadiennes pour apprendre le fran\u00e7ais.<\/p>\n<p>&nbsp;<\/p>\n<ol>\n<li>\n<h3>Montr\u00e9al<\/h3>\n<\/li>\n<\/ol>\n<p><a href=\"https:\/\/af.ca\/ottawa\/wp-content\/uploads\/2022\/11\/Image1.jpg\"><img loading=\"lazy\" decoding=\"async\" class=\"alignnone size-medium wp-image-19418\" src=\"https:\/\/af.ca\/ottawa\/wp-content\/uploads\/2022\/11\/Image1-200x300.jpg\" alt=\"Top 5 villes au canada pour apprendre le fran\u00e7ais\" width=\"200\" height=\"300\" srcset=\"https:\/\/af.ca\/ottawa\/wp-content\/uploads\/2022\/11\/Image1-200x300.jpg 200w, https:\/\/af.ca\/ottawa\/wp-content\/uploads\/2022\/11\/Image1.jpg 422w\" sizes=\"auto, (max-width: 200px) 100vw, 200px\" \/><\/a>\u00a0 \u00a0 <a href=\"https:\/\/af.ca\/ottawa\/wp-content\/uploads\/2022\/11\/Image2.jpg\"><img loading=\"lazy\" decoding=\"async\" class=\"alignnone size-medium wp-image-19420\" src=\"https:\/\/af.ca\/ottawa\/wp-content\/uploads\/2022\/11\/Image2-300x200.jpg\" alt=\"Top 5 des meilleures villes au Canada pour apprendre le fran\u00e7ais\" width=\"300\" height=\"200\" srcset=\"https:\/\/af.ca\/ottawa\/wp-content\/uploads\/2022\/11\/Image2-300x200.jpg 300w, https:\/\/af.ca\/ottawa\/wp-content\/uploads\/2022\/11\/Image2.jpg 724w\" sizes=\"auto, (max-width: 300px) 100vw, 300px\" \/><\/a><\/p>\n<p>&nbsp;<\/p>\n<p>Situ\u00e9e dans la province ayant le plus haut taux de francophones (pr\u00e8s de 7 millions), la ville de Montr\u00e9al est l\u2019endroit parfait pour d\u00e9buter, ou perfectionner, son apprentissage du fran\u00e7ais. Centre \u00e9conomique et culturel important au Qu\u00e9bec, vous pourrez d\u00e9couvrir une ville o\u00f9 la culture qu\u00e9b\u00e9coise c\u00f4toie un multiculturalisme color\u00e9.<\/p>\n<p>Plusieurs \u00e9coles sp\u00e9cialis\u00e9es dans l\u2019apprentissage du fran\u00e7ais vous permettront d\u2019approfondir vos connaissances linguistiques et de pratiquer abondamment votre nouvelle langue \u00e9tudi\u00e9e. Vous baignerez dans une vie sociale riche o\u00f9 il sera facile de cr\u00e9er des liens et d\u2019\u00e9voluer dans le monde francophone.<\/p>\n<p>Une fois sur place, laissez-vous transporter par le Metro et le r\u00e9seau de transports en commun vers les nombreux spectacles, les galeries d\u2019art, le Jardin botanique ou encore les restaurants gourmets que vous trouverez sur votre chemin. Il faudra absolument go\u00fbter \u00e0 la fameuse <em>poutine<\/em>. Le Vieux-Port sera un endroit parfait pour d\u00e9guster votre poutine, tout en regardant le fleuve Saint-Laurent.<\/p>\n<p>&nbsp;<\/p>\n<p>&nbsp;<\/p>\n<ol start=\"2\">\n<li>\n<h3>Ottawa<\/h3>\n<\/li>\n<\/ol>\n<p><a href=\"https:\/\/af.ca\/ottawa\/wp-content\/uploads\/2022\/11\/Image3.jpg\"><img loading=\"lazy\" decoding=\"async\" class=\"alignnone size-medium wp-image-19422\" src=\"https:\/\/af.ca\/ottawa\/wp-content\/uploads\/2022\/11\/Image3-300x248.jpg\" alt=\"\" width=\"300\" height=\"248\" srcset=\"https:\/\/af.ca\/ottawa\/wp-content\/uploads\/2022\/11\/Image3-300x248.jpg 300w, https:\/\/af.ca\/ottawa\/wp-content\/uploads\/2022\/11\/Image3.jpg 602w\" sizes=\"auto, (max-width: 300px) 100vw, 300px\" \/><\/a> \u00a0\u00a0<a href=\"https:\/\/af.ca\/ottawa\/wp-content\/uploads\/2022\/11\/Image4.jpg\"><img loading=\"lazy\" decoding=\"async\" class=\"alignnone size-medium wp-image-19424\" src=\"https:\/\/af.ca\/ottawa\/wp-content\/uploads\/2022\/11\/Image4-300x215.jpg\" alt=\"Top 5 des meilleures villes au Canada pour apprendre le fran\u00e7ais\" width=\"300\" height=\"215\" srcset=\"https:\/\/af.ca\/ottawa\/wp-content\/uploads\/2022\/11\/Image4-300x215.jpg 300w, https:\/\/af.ca\/ottawa\/wp-content\/uploads\/2022\/11\/Image4.jpg 626w\" sizes=\"auto, (max-width: 300px) 100vw, 300px\" \/><\/a><\/p>\n<p>En tant que capitale nationale du Canada, Ottawa est une ville o\u00f9 le fran\u00e7ais est tr\u00e8s pr\u00e9sent. En tout, province de l\u2019Ontario compte pr\u00e8s de 550\u00a0000 francophones. Avec son statut bilingue, de nombreuses activit\u00e9s et opportunit\u00e9s sont pr\u00e9sentes si vous d\u00e9sirez apprendre de fran\u00e7ais.<\/p>\n<p>L\u2019<em>Alliance Fran\u00e7aise d\u2019Ottawa<\/em> est un organisme qui offre une immersion fran\u00e7aise compl\u00e8te. De nombreux cours de langue fran\u00e7aise sont offerts, tant au niveau professionnel que pour les particuliers. Vous pourrez \u00e9galement participer \u00e0 la multitude d\u2019activit\u00e9s culturelles offertes par l\u2019Alliance Fran\u00e7aise pour cr\u00e9er des liens au sein de la communaut\u00e9 francophone o\u00f9 vous pourrez pratiquer votre fran\u00e7ais.<\/p>\n<p>Au niveau culturel, vous pourrez aussi d\u00e9couvrir la sc\u00e8ne musicale franco-ontarienne, vous rendre au Mus\u00e9e des beaux-arts du Canada ou encore aller manger dans les nombreux petits restaurants du March\u00e9 By. Si l\u2019histoire et la politique vous int\u00e9ressent, vous pourrez visiter la colline du Parlement, la Chambre des communes ainsi que les nombreuses brasseries et distilleries remplies d\u2019histoire nationale !<\/p>\n<p><a href=\"https:\/\/af.ca\/ottawa\/#\/\"><img loading=\"lazy\" decoding=\"async\" class=\"alignnone size-medium wp-image-19345\" src=\"https:\/\/af.ca\/ottawa\/wp-content\/uploads\/2022\/10\/Bouton-site-internet..-2-300x38.png\" alt=\"\" width=\"300\" height=\"38\" srcset=\"https:\/\/af.ca\/ottawa\/wp-content\/uploads\/2022\/10\/Bouton-site-internet..-2-300x38.png 300w, https:\/\/af.ca\/ottawa\/wp-content\/uploads\/2022\/10\/Bouton-site-internet..-2-768x96.png 768w, https:\/\/af.ca\/ottawa\/wp-content\/uploads\/2022\/10\/Bouton-site-internet..-2.png 979w\" sizes=\"auto, (max-width: 300px) 100vw, 300px\" \/><\/a><\/p>\n<p>&nbsp;<\/p>\n<ol start=\"3\">\n<li>\n<h3>Moncton<\/h3>\n<\/li>\n<\/ol>\n<p><a href=\"https:\/\/af.ca\/ottawa\/wp-content\/uploads\/2022\/11\/Image5.jpg\"><img loading=\"lazy\" decoding=\"async\" class=\"alignnone wp-image-19426\" src=\"https:\/\/af.ca\/ottawa\/wp-content\/uploads\/2022\/11\/Image5-300x167.jpg\" alt=\"Top 5 des meilleures villes au Canada pour apprendre le fran\u00e7ais\" width=\"424\" height=\"236\" srcset=\"https:\/\/af.ca\/ottawa\/wp-content\/uploads\/2022\/11\/Image5-300x167.jpg 300w, https:\/\/af.ca\/ottawa\/wp-content\/uploads\/2022\/11\/Image5-768x428.jpg 768w, https:\/\/af.ca\/ottawa\/wp-content\/uploads\/2022\/11\/Image5.jpg 786w\" sizes=\"auto, (max-width: 424px) 100vw, 424px\" \/><\/a><\/p>\n<p>Cr\u00e9dit photo\u00a0: Exp\u00e9dia.ca<\/p>\n<p>M\u00eame si historiquement, les francophones du Nouveau-Brunswick (les Acadiens et Acadiennes) furent d\u00e9port\u00e9s au cours du 18<sup>e<\/sup> si\u00e8cle, leur culture est encore tr\u00e8s vivante aujourd\u2019hui avec pr\u00e8s de 230\u00a0000 francophones pr\u00e9sents sur le territoire. Vous pourrez en apprendre plus sur l\u2019histoire de ce peuple en visitant le Mus\u00e9e Acadien de l\u2019Universit\u00e9 de Moncton ou encore d\u00e9couvrir la Galerie de Moncton qui affiche les \u0153uvres d\u2019art d\u2019artistes locaux ou r\u00e9gionaux.<\/p>\n<p><a href=\"http:\/\/www.afmoncton.ca\">L\u2019Alliance fran\u00e7aise de Moncton<\/a> vous offre de nombreux cours de fran\u00e7ais pour les adultes et les enfants de tous niveaux. Les activit\u00e9s culturelles et sociales vous permettront de profiter de votre s\u00e9jour en ville en plus de perfectionner vos connaissances de la langue fran\u00e7aise.<\/p>\n<p>&nbsp;<\/p>\n<p>&nbsp;<\/p>\n<ol start=\"4\">\n<li>\n<h3>Halifax<\/h3>\n<\/li>\n<\/ol>\n<p><a href=\"https:\/\/af.ca\/ottawa\/wp-content\/uploads\/2022\/11\/Image6.jpg\"><img loading=\"lazy\" decoding=\"async\" class=\"alignnone wp-image-19428\" src=\"https:\/\/af.ca\/ottawa\/wp-content\/uploads\/2022\/11\/Image6-300x200.jpg\" alt=\"\" width=\"419\" height=\"279\" srcset=\"https:\/\/af.ca\/ottawa\/wp-content\/uploads\/2022\/11\/Image6-300x200.jpg 300w, https:\/\/af.ca\/ottawa\/wp-content\/uploads\/2022\/11\/Image6-768x512.jpg 768w, https:\/\/af.ca\/ottawa\/wp-content\/uploads\/2022\/11\/Image6.jpg 956w\" sizes=\"auto, (max-width: 419px) 100vw, 419px\" \/><\/a><\/p>\n<p>Situ\u00e9e dans la province de la Nouvelle-\u00c9cosse, Halifax est une ville des Maritimes o\u00f9 vous pourrez apprendre le fran\u00e7ais. Cette province compte pr\u00e8s de 30\u00a0000 francophones, o\u00f9 Halifax est un carrefour culturel proposant de nombreuses activit\u00e9s. Une randonn\u00e9e de 4 km le long de la promenade de bois portuaire vous fera d\u00e9couvrir des restaurants, des boutiques, des caf\u00e9s et des lieux de divertissement. Bord\u00e9e par l\u2019Atlantique, la ville d\u2019Halifax vous permettra d\u2019essayer de nombreux sports maritimes et de vous promener en mer \u00e0 bord d\u2019embarcations.<\/p>\n<p><a href=\"http:\/\/www.afhalifax.ca\">L\u2019Alliance Fran\u00e7aise d\u2019Halifax<\/a> vous permettra d\u2019apprendre le fran\u00e7ais facilement gr\u00e2ce \u00e0 sa diversit\u00e9 de cours de langue, d\u2019activit\u00e9s organis\u00e9es et du personnel comp\u00e9tent. Vous pourrez cr\u00e9er des liens lors de soir\u00e9es vins et fromages, de conversations autour d\u2019un caf\u00e9 ou encore assister aux conf\u00e9rences dont les sujets abordent diff\u00e9rents aspects de la francophonie.<\/p>\n<p>&nbsp;<\/p>\n<p>&nbsp;<\/p>\n<ol start=\"5\">\n<li>\n<h3>Victoria<\/h3>\n<\/li>\n<\/ol>\n<p><a href=\"https:\/\/af.ca\/ottawa\/wp-content\/uploads\/2022\/11\/Image7.jpg\"><img loading=\"lazy\" decoding=\"async\" class=\"alignnone wp-image-19430\" src=\"https:\/\/af.ca\/ottawa\/wp-content\/uploads\/2022\/11\/Image7-300x200.jpg\" alt=\"Top 5 des meilleures villes au Canada pour apprendre le fran\u00e7ais\" width=\"408\" height=\"272\" srcset=\"https:\/\/af.ca\/ottawa\/wp-content\/uploads\/2022\/11\/Image7-300x200.jpg 300w, https:\/\/af.ca\/ottawa\/wp-content\/uploads\/2022\/11\/Image7-768x512.jpg 768w, https:\/\/af.ca\/ottawa\/wp-content\/uploads\/2022\/11\/Image7.jpg 779w\" sizes=\"auto, (max-width: 408px) 100vw, 408px\" \/><\/a><\/p>\n<p>Si vous aimez les activit\u00e9s plein air et le fran\u00e7ais, Victoria sera la ville id\u00e9ale pour vous. La Colombie-Britannique compte \u00e0 elle seule environ 65\u00a0000 francophones, ce qui en fait une province id\u00e9ale o\u00f9 apprendre le fran\u00e7ais ! Gr\u00e2ce \u00e0 son emplacement et son microclimat avantageux, la temp\u00e9rature \u00e0 Victoria est toujours agr\u00e9able. Vous pourrez parcourir les nombreux sentiers de randonn\u00e9e, partir sur la mer \u00e0 bord d\u2019un voilier, d\u00e9guster des fruits de mer frais dans les divers restaurants de la ville et m\u00eame visiter plusieurs mus\u00e9es et galeries d\u2019art. De plus, vous pourrez \u00eatre accueillis et guider \u00e0 travers les b\u00e2timents du Parlement de la Colombie-Britannique.<\/p>\n<p><a href=\"http:\/\/www.afvictoria.ca\">L\u2019Alliance Fran\u00e7aise de Victoria<\/a> offre des cours de langue fran\u00e7aise de groupe, des cours priv\u00e9s et m\u00eame des cours o\u00f9 vous pourrez vous exercer \u00e0 parler en fran\u00e7ais. Impliqu\u00e9e dans la vie \u00e9ducative et culturelle de sa ville, l\u2019Alliance Fran\u00e7aise de Victoria organise plusieurs activit\u00e9s int\u00e9ressantes qui vous permettront d\u2019apprendre le fran\u00e7ais tout en vous amusant et en rencontrant de nouvelles personnes !<\/p>\n<p>&nbsp;<\/p>\n<p>&nbsp;<\/p>\n<p><a href=\"https:\/\/af.ca\/ottawa\/contact\/#\/\"><img loading=\"lazy\" decoding=\"async\" class=\"alignnone  wp-image-19324\" src=\"https:\/\/af.ca\/ottawa\/wp-content\/uploads\/2022\/08\/Bouton-site-internet-4-Copie-300x87.png\" alt=\"Contactez-nous\" width=\"148\" height=\"43\" srcset=\"https:\/\/af.ca\/ottawa\/wp-content\/uploads\/2022\/08\/Bouton-site-internet-4-Copie-300x87.png 300w, https:\/\/af.ca\/ottawa\/wp-content\/uploads\/2022\/08\/Bouton-site-internet-4-Copie.png 434w\" sizes=\"auto, (max-width: 148px) 100vw, 148px\" \/><\/a><\/p>\n","protected":false},"excerpt":{"rendered":"<p>&nbsp; &nbsp; Lorsqu\u2019on cherche \u00e0 apprendre une nouvelle langue, l\u2019immersion dans un environnement o\u00f9 l\u2019on parle cette langue est souvent une exp\u00e9rience enrichissante. Sur une population d\u2019un peu plus de 35 millions d\u2019habitants, environ 23 % de la population canadienne ont comme premi\u00e8re langue officielle le fran\u00e7ais. Le Canada est donc un pays o\u00f9 la&#8230;<\/p>\n<p><a class=\"button invert-primary\" href=\"https:\/\/af.ca\/ottawa\/top-5-des-meilleures-villes-au-canada-pour-apprendre-le-francais\/\">En savoir plus<\/a><\/p>\n","protected":false},"author":3,"featured_media":0,"parent":0,"menu_order":110,"comment_status":"closed","ping_status":"closed","template":"","meta":{"_acf_changed":false,"om_disable_all_campaigns":false,"_monsterinsights_skip_tracking":false,"_monsterinsights_sitenote_active":false,"_monsterinsights_sitenote_note":"","_monsterinsights_sitenote_category":0,"footnotes":""},"class_list":["post-19435","page","type-page","status-publish","hentry"],"acf":[],"yoast_head":"<!-- This site is optimized with the Yoast SEO plugin v27.3 - https:\/\/yoast.com\/product\/yoast-seo-wordpress\/ -->\n<title>Top 5 des meilleures villes au Canada pour apprendre le fran\u00e7ais - Alliance Fran\u00e7aise Ottawa<\/title>\n<meta name=\"robots\" content=\"index, follow, max-snippet:-1, max-image-preview:large, max-video-preview:-1\" \/>\n<link rel=\"canonical\" href=\"https:\/\/af.ca\/ottawa\/top-5-des-meilleures-villes-au-canada-pour-apprendre-le-francais\/\" \/>\n<meta property=\"og:locale\" content=\"fr_FR\" \/>\n<meta property=\"og:type\" content=\"article\" \/>\n<meta property=\"og:title\" content=\"Top 5 des meilleures villes au Canada pour apprendre le fran\u00e7ais - Alliance Fran\u00e7aise Ottawa\" \/>\n<meta property=\"og:description\" content=\"&nbsp; &nbsp; Lorsqu\u2019on cherche \u00e0 apprendre une nouvelle langue, l\u2019immersion dans un environnement o\u00f9 l\u2019on parle cette langue est souvent une exp\u00e9rience enrichissante. Sur une population d\u2019un peu plus de 35 millions d\u2019habitants, environ 23 % de la population canadienne ont comme premi\u00e8re langue officielle le fran\u00e7ais. Le Canada est donc un pays o\u00f9 la...En savoir plus\" \/>\n<meta property=\"og:url\" content=\"https:\/\/af.ca\/ottawa\/top-5-des-meilleures-villes-au-canada-pour-apprendre-le-francais\/\" \/>\n<meta property=\"og:site_name\" content=\"Alliance Fran\u00e7aise Ottawa\" \/>\n<meta property=\"article:modified_time\" content=\"2022-11-01T16:35:36+00:00\" \/>\n<meta property=\"og:image\" content=\"https:\/\/af.ca\/ottawa\/wp-content\/uploads\/2022\/11\/TOP-5-DES-MEILLEURES-VILLES-POUR-APPRENDRE-LE-FRANCAIS-AU-CANADA-300x169.png\" \/>\n<meta name=\"twitter:card\" content=\"summary_large_image\" \/>\n<meta name=\"twitter:label1\" content=\"Dur\u00e9e de lecture estim\u00e9e\" \/>\n\t<meta name=\"twitter:data1\" content=\"6 minutes\" \/>\n<script type=\"application\/ld+json\" class=\"yoast-schema-graph\">{\"@context\":\"https:\\\/\\\/schema.org\",\"@graph\":[{\"@type\":\"WebPage\",\"@id\":\"https:\\\/\\\/af.ca\\\/ottawa\\\/top-5-des-meilleures-villes-au-canada-pour-apprendre-le-francais\\\/\",\"url\":\"https:\\\/\\\/af.ca\\\/ottawa\\\/top-5-des-meilleures-villes-au-canada-pour-apprendre-le-francais\\\/\",\"name\":\"Top 5 des meilleures villes au Canada pour apprendre le fran\u00e7ais - Alliance Fran\u00e7aise Ottawa\",\"isPartOf\":{\"@id\":\"https:\\\/\\\/af.ca\\\/ottawa\\\/#website\"},\"primaryImageOfPage\":{\"@id\":\"https:\\\/\\\/af.ca\\\/ottawa\\\/top-5-des-meilleures-villes-au-canada-pour-apprendre-le-francais\\\/#primaryimage\"},\"image\":{\"@id\":\"https:\\\/\\\/af.ca\\\/ottawa\\\/top-5-des-meilleures-villes-au-canada-pour-apprendre-le-francais\\\/#primaryimage\"},\"thumbnailUrl\":\"https:\\\/\\\/af.ca\\\/ottawa\\\/wp-content\\\/uploads\\\/2022\\\/11\\\/TOP-5-DES-MEILLEURES-VILLES-POUR-APPRENDRE-LE-FRANCAIS-AU-CANADA-300x169.png\",\"datePublished\":\"2022-11-01T16:10:50+00:00\",\"dateModified\":\"2022-11-01T16:35:36+00:00\",\"breadcrumb\":{\"@id\":\"https:\\\/\\\/af.ca\\\/ottawa\\\/top-5-des-meilleures-villes-au-canada-pour-apprendre-le-francais\\\/#breadcrumb\"},\"inLanguage\":\"fr-FR\",\"potentialAction\":[{\"@type\":\"ReadAction\",\"target\":[\"https:\\\/\\\/af.ca\\\/ottawa\\\/top-5-des-meilleures-villes-au-canada-pour-apprendre-le-francais\\\/\"]}]},{\"@type\":\"ImageObject\",\"inLanguage\":\"fr-FR\",\"@id\":\"https:\\\/\\\/af.ca\\\/ottawa\\\/top-5-des-meilleures-villes-au-canada-pour-apprendre-le-francais\\\/#primaryimage\",\"url\":\"https:\\\/\\\/af.ca\\\/ottawa\\\/wp-content\\\/uploads\\\/2022\\\/11\\\/TOP-5-DES-MEILLEURES-VILLES-POUR-APPRENDRE-LE-FRANCAIS-AU-CANADA.png\",\"contentUrl\":\"https:\\\/\\\/af.ca\\\/ottawa\\\/wp-content\\\/uploads\\\/2022\\\/11\\\/TOP-5-DES-MEILLEURES-VILLES-POUR-APPRENDRE-LE-FRANCAIS-AU-CANADA.png\",\"width\":1920,\"height\":1080,\"caption\":\"TOP 5 DES MEILLEURES VILLES POUR APPRENDRE LE FRAN\u00c7AIS AU CANADA\"},{\"@type\":\"BreadcrumbList\",\"@id\":\"https:\\\/\\\/af.ca\\\/ottawa\\\/top-5-des-meilleures-villes-au-canada-pour-apprendre-le-francais\\\/#breadcrumb\",\"itemListElement\":[{\"@type\":\"ListItem\",\"position\":1,\"name\":\"Home\",\"item\":\"https:\\\/\\\/af.ca\\\/ottawa\\\/\"},{\"@type\":\"ListItem\",\"position\":2,\"name\":\"Top 5 des meilleures villes au Canada pour apprendre le fran\u00e7ais\"}]},{\"@type\":\"WebSite\",\"@id\":\"https:\\\/\\\/af.ca\\\/ottawa\\\/#website\",\"url\":\"https:\\\/\\\/af.ca\\\/ottawa\\\/\",\"name\":\"Alliance Fran\u00e7aise Ottawa\",\"description\":\"\u00c9cole de langue fran\u00e7aise et centre culturel\",\"potentialAction\":[{\"@type\":\"SearchAction\",\"target\":{\"@type\":\"EntryPoint\",\"urlTemplate\":\"https:\\\/\\\/af.ca\\\/ottawa\\\/?s={search_term_string}\"},\"query-input\":{\"@type\":\"PropertyValueSpecification\",\"valueRequired\":true,\"valueName\":\"search_term_string\"}}],\"inLanguage\":\"fr-FR\"}]}<\/script>\n<!-- \/ Yoast SEO plugin. -->","yoast_head_json":{"title":"Top 5 des meilleures villes au Canada pour apprendre le fran\u00e7ais - Alliance Fran\u00e7aise Ottawa","robots":{"index":"index","follow":"follow","max-snippet":"max-snippet:-1","max-image-preview":"max-image-preview:large","max-video-preview":"max-video-preview:-1"},"canonical":"https:\/\/af.ca\/ottawa\/top-5-des-meilleures-villes-au-canada-pour-apprendre-le-francais\/","og_locale":"fr_FR","og_type":"article","og_title":"Top 5 des meilleures villes au Canada pour apprendre le fran\u00e7ais - Alliance Fran\u00e7aise Ottawa","og_description":"&nbsp; &nbsp; Lorsqu\u2019on cherche \u00e0 apprendre une nouvelle langue, l\u2019immersion dans un environnement o\u00f9 l\u2019on parle cette langue est souvent une exp\u00e9rience enrichissante. Sur une population d\u2019un peu plus de 35 millions d\u2019habitants, environ 23 % de la population canadienne ont comme premi\u00e8re langue officielle le fran\u00e7ais. Le Canada est donc un pays o\u00f9 la...En savoir plus","og_url":"https:\/\/af.ca\/ottawa\/top-5-des-meilleures-villes-au-canada-pour-apprendre-le-francais\/","og_site_name":"Alliance Fran\u00e7aise Ottawa","article_modified_time":"2022-11-01T16:35:36+00:00","og_image":[{"url":"https:\/\/af.ca\/ottawa\/wp-content\/uploads\/2022\/11\/TOP-5-DES-MEILLEURES-VILLES-POUR-APPRENDRE-LE-FRANCAIS-AU-CANADA-300x169.png","type":"","width":"","height":""}],"twitter_card":"summary_large_image","twitter_misc":{"Dur\u00e9e de lecture estim\u00e9e":"6 minutes"},"schema":{"@context":"https:\/\/schema.org","@graph":[{"@type":"WebPage","@id":"https:\/\/af.ca\/ottawa\/top-5-des-meilleures-villes-au-canada-pour-apprendre-le-francais\/","url":"https:\/\/af.ca\/ottawa\/top-5-des-meilleures-villes-au-canada-pour-apprendre-le-francais\/","name":"Top 5 des meilleures villes au Canada pour apprendre le fran\u00e7ais - Alliance Fran\u00e7aise Ottawa","isPartOf":{"@id":"https:\/\/af.ca\/ottawa\/#website"},"primaryImageOfPage":{"@id":"https:\/\/af.ca\/ottawa\/top-5-des-meilleures-villes-au-canada-pour-apprendre-le-francais\/#primaryimage"},"image":{"@id":"https:\/\/af.ca\/ottawa\/top-5-des-meilleures-villes-au-canada-pour-apprendre-le-francais\/#primaryimage"},"thumbnailUrl":"https:\/\/af.ca\/ottawa\/wp-content\/uploads\/2022\/11\/TOP-5-DES-MEILLEURES-VILLES-POUR-APPRENDRE-LE-FRANCAIS-AU-CANADA-300x169.png","datePublished":"2022-11-01T16:10:50+00:00","dateModified":"2022-11-01T16:35:36+00:00","breadcrumb":{"@id":"https:\/\/af.ca\/ottawa\/top-5-des-meilleures-villes-au-canada-pour-apprendre-le-francais\/#breadcrumb"},"inLanguage":"fr-FR","potentialAction":[{"@type":"ReadAction","target":["https:\/\/af.ca\/ottawa\/top-5-des-meilleures-villes-au-canada-pour-apprendre-le-francais\/"]}]},{"@type":"ImageObject","inLanguage":"fr-FR","@id":"https:\/\/af.ca\/ottawa\/top-5-des-meilleures-villes-au-canada-pour-apprendre-le-francais\/#primaryimage","url":"https:\/\/af.ca\/ottawa\/wp-content\/uploads\/2022\/11\/TOP-5-DES-MEILLEURES-VILLES-POUR-APPRENDRE-LE-FRANCAIS-AU-CANADA.png","contentUrl":"https:\/\/af.ca\/ottawa\/wp-content\/uploads\/2022\/11\/TOP-5-DES-MEILLEURES-VILLES-POUR-APPRENDRE-LE-FRANCAIS-AU-CANADA.png","width":1920,"height":1080,"caption":"TOP 5 DES MEILLEURES VILLES POUR APPRENDRE LE FRAN\u00c7AIS AU CANADA"},{"@type":"BreadcrumbList","@id":"https:\/\/af.ca\/ottawa\/top-5-des-meilleures-villes-au-canada-pour-apprendre-le-francais\/#breadcrumb","itemListElement":[{"@type":"ListItem","position":1,"name":"Home","item":"https:\/\/af.ca\/ottawa\/"},{"@type":"ListItem","position":2,"name":"Top 5 des meilleures villes au Canada pour apprendre le fran\u00e7ais"}]},{"@type":"WebSite","@id":"https:\/\/af.ca\/ottawa\/#website","url":"https:\/\/af.ca\/ottawa\/","name":"Alliance Fran\u00e7aise Ottawa","description":"\u00c9cole de langue fran\u00e7aise et centre culturel","potentialAction":[{"@type":"SearchAction","target":{"@type":"EntryPoint","urlTemplate":"https:\/\/af.ca\/ottawa\/?s={search_term_string}"},"query-input":{"@type":"PropertyValueSpecification","valueRequired":true,"valueName":"search_term_string"}}],"inLanguage":"fr-FR"}]}},"blog_post_layout_featured_media_urls":{"thumbnail":"","full":""},"categories_names":null,"comments_number":"0","_links":{"self":[{"href":"https:\/\/af.ca\/ottawa\/wp-json\/wp\/v2\/pages\/19435","targetHints":{"allow":["GET"]}}],"collection":[{"href":"https:\/\/af.ca\/ottawa\/wp-json\/wp\/v2\/pages"}],"about":[{"href":"https:\/\/af.ca\/ottawa\/wp-json\/wp\/v2\/types\/page"}],"author":[{"embeddable":true,"href":"https:\/\/af.ca\/ottawa\/wp-json\/wp\/v2\/users\/3"}],"replies":[{"embeddable":true,"href":"https:\/\/af.ca\/ottawa\/wp-json\/wp\/v2\/comments?post=19435"}],"version-history":[{"count":0,"href":"https:\/\/af.ca\/ottawa\/wp-json\/wp\/v2\/pages\/19435\/revisions"}],"wp:attachment":[{"href":"https:\/\/af.ca\/ottawa\/wp-json\/wp\/v2\/media?parent=19435"}],"curies":[{"name":"wp","href":"https:\/\/api.w.org\/{rel}","templated":true}]}}