{"id":19506,"date":"2024-05-23T11:34:38","date_gmt":"2024-05-23T15:34:38","guid":{"rendered":"https:\/\/af.ca\/ottawa\/?page_id=19506"},"modified":"2024-05-27T16:38:33","modified_gmt":"2024-05-27T20:38:33","slug":"notre-engagement-ecologique","status":"publish","type":"page","link":"https:\/\/af.ca\/ottawa\/notre-engagement-ecologique\/","title":{"rendered":"Notre engagement \u00e9cologique"},"content":{"rendered":"<p>&nbsp;<\/p>\n<p><a href=\"https:\/\/af.ca\/ottawa\/wp-content\/uploads\/2024\/05\/Photo-Collage-Page-ecolo.png\"><img loading=\"lazy\" decoding=\"async\" class=\"alignnone wp-image-21993\" src=\"https:\/\/af.ca\/ottawa\/wp-content\/uploads\/2024\/05\/Photo-Collage-Page-ecolo-300x251.png\" alt=\"\" width=\"795\" height=\"665\" srcset=\"https:\/\/af.ca\/ottawa\/wp-content\/uploads\/2024\/05\/Photo-Collage-Page-ecolo-300x251.png 300w, https:\/\/af.ca\/ottawa\/wp-content\/uploads\/2024\/05\/Photo-Collage-Page-ecolo.png 940w\" sizes=\"auto, (max-width: 795px) 100vw, 795px\" \/><\/a><\/p>\n<p>&nbsp;<\/p>\n<h3><\/h3>\n<h2 style=\"text-align: left;\"><strong>Am\u00e9liorer l&rsquo;impact \u00e9cologique de la ville d&rsquo;Ottawa<\/strong><\/h2>\n<p>&nbsp;<\/p>\n<p style=\"text-align: left;\">L\u2019Alliance Fran\u00e7aise, en tant que communaut\u00e9 mondiale d\u2019associations locales, anim\u00e9e par des personnes engag\u00e9es dans le domaine \u00e9ducatif, culturel et social, r\u00e9pond historiquement aux besoins et enjeux de son environnement. Aujourd\u2019hui, l\u2019urgence climatique et les menaces qui p\u00e8sent sur l\u2019humanit\u00e9 nous incitent \u00e0 repenser nos modes de vie et nos modes d\u2019action de mani\u00e8re durable.<br \/>\nL\u2019Alliance Fran\u00e7aise de la R\u00e9gion de la Capitale Nationale du Canada (ci-apr\u00e8s d\u00e9nomm\u00e9e AF OTTAWA), au c\u0153ur de la soci\u00e9t\u00e9 civile, s\u2019engage \u00e0 r\u00e9duire l\u2019impact \u00e9cologique de ses op\u00e9rations.<\/p>\n<p>&nbsp;<\/p>\n<p>Ce projet permet \u00e0 l\u2019AF Ottawa de mettre en avant les questions socio-environnementales dans toutes ses activit\u00e9s qui promeuvent le bilinguisme \u00e0 Ottawa depuis 1905. Notre projet s\u2019articule autour de diff\u00e9rents p\u00f4les\u202f: revitalisation de l\u2019espace vert, promotion de comportements conscients, organisation d\u2019\u00e9v\u00e8nements d\u2019\u00e9ducation et de sensibilisation \u00e0 la pr\u00e9servation de l\u2019environnement tels que des cin\u00e9-clubs, des tables rondes, des ateliers p\u00e9dagogiques ou encore des marches de nettoyage.<\/p>\n<p>&nbsp;<\/p>\n<p><a href=\"https:\/\/af.ca\/ottawa\/en\/culture\/agenda-2\/#\/\"><img loading=\"lazy\" decoding=\"async\" class=\"alignnone size-medium wp-image-21995\" src=\"https:\/\/af.ca\/ottawa\/wp-content\/uploads\/2024\/05\/Bouton-Decouvrir-les-evenements-a-venir-300x43.png\" alt=\"\" width=\"300\" height=\"43\" srcset=\"https:\/\/af.ca\/ottawa\/wp-content\/uploads\/2024\/05\/Bouton-Decouvrir-les-evenements-a-venir-300x43.png 300w, https:\/\/af.ca\/ottawa\/wp-content\/uploads\/2024\/05\/Bouton-Decouvrir-les-evenements-a-venir-768x109.png 768w, https:\/\/af.ca\/ottawa\/wp-content\/uploads\/2024\/05\/Bouton-Decouvrir-les-evenements-a-venir.png 830w\" sizes=\"auto, (max-width: 300px) 100vw, 300px\" \/><\/a><\/p>\n<p>&nbsp;<\/p>\n<h2>Notre politique environnementale<\/h2>\n<p>&nbsp;<\/p>\n<p><span class=\"TextRun SCXW165004244 BCX0\" lang=\"FR-FR\" xml:lang=\"FR-FR\" data-contrast=\"none\"> <span class=\"NormalTextRun SCXW165004244 BCX0\">En mai 2021<\/span><span class=\"NormalTextRun SCXW165004244 BCX0\">, <\/span><span class=\"NormalTextRun SCXW165004244 BCX0\">l\u2019AF Ottawa <\/span><span class=\"NormalTextRun SCXW165004244 BCX0\">a adopt\u00e9 une politique environnementale dans laquelle elle s\u2019<\/span><span class=\"NormalTextRun SCXW165004244 BCX0\">est <\/span><span class=\"NormalTextRun SCXW165004244 BCX0\">engag<\/span><span class=\"NormalTextRun SCXW165004244 BCX0\">\u00e9e<\/span> <span class=\"NormalTextRun SCXW165004244 BCX0\">\u00e0 r\u00e9duire les impacts \u00e9cologiques de ses activit\u00e9s p\u00e9dagogiques et culturelles<\/span><span class=\"NormalTextRun SCXW165004244 BCX0\">. Depuis octobre 2022, une personne <\/span><span class=\"NormalTextRun SCXW165004244 BCX0\">est engag\u00e9e en service civique<\/span><span class=\"NormalTextRun SCXW165004244 BCX0\"> pour <\/span><span class=\"NormalTextRun SCXW165004244 BCX0\">sensibiliser <\/span><span class=\"NormalTextRun SCXW165004244 BCX0\">le public, les \u00e9tudiant.es ainsi que les \u00e9quipes administratives et <\/span><span class=\"NormalTextRun SCXW165004244 BCX0\">p\u00e9dagogiques<\/span><span class=\"NormalTextRun SCXW165004244 BCX0\">. Cette personne<\/span><span class=\"NormalTextRun SCXW165004244 BCX0\"> est aussi charg\u00e9e de rendre l\u2019AF Ottawa plus <\/span><span class=\"NormalTextRun SCXW165004244 BCX0\">respectueuse de l\u2019environnement<\/span><span class=\"NormalTextRun SCXW165004244 BCX0\"> dans s<\/span><span class=\"NormalTextRun SCXW165004244 BCX0\">es achats <\/span><span class=\"NormalTextRun SCXW165004244 BCX0\">ainsi qu\u2019avec ses partenaires.<\/span><\/span><span class=\"EOP SCXW165004244 BCX0\" data-ccp-props=\"{&quot;201341983&quot;:0,&quot;335551550&quot;:6,&quot;335551620&quot;:6,&quot;335559739&quot;:160,&quot;335559740&quot;:259}\">\u00a0<\/span><\/p>\n<p>&nbsp;<\/p>\n<p><a href=\"https:\/\/af.ca\/ottawa\/wp-content\/uploads\/2023\/09\/Politique-environnementale-AF-Ottawa.pdf\"><img loading=\"lazy\" decoding=\"async\" class=\"alignnone size-medium wp-image-21997\" src=\"https:\/\/af.ca\/ottawa\/wp-content\/uploads\/2024\/05\/Bouton-Lire-notre-politique-environnementale-300x40.png\" alt=\"\" width=\"300\" height=\"40\" srcset=\"https:\/\/af.ca\/ottawa\/wp-content\/uploads\/2024\/05\/Bouton-Lire-notre-politique-environnementale-300x40.png 300w, https:\/\/af.ca\/ottawa\/wp-content\/uploads\/2024\/05\/Bouton-Lire-notre-politique-environnementale-768x102.png 768w, https:\/\/af.ca\/ottawa\/wp-content\/uploads\/2024\/05\/Bouton-Lire-notre-politique-environnementale.png 901w\" sizes=\"auto, (max-width: 300px) 100vw, 300px\" \/><\/a><\/p>\n<p>&nbsp;<\/p>\n<h2>Un engagement r\u00e9compens\u00e9<\/h2>\n<p>&nbsp;<\/p>\n<p><a href=\"https:\/\/af.ca\/ottawa\/wp-content\/uploads\/2024\/05\/8AS-AF-01-7677-scaled.jpg\"><img loading=\"lazy\" decoding=\"async\" class=\"alignnone wp-image-21999\" src=\"https:\/\/af.ca\/ottawa\/wp-content\/uploads\/2024\/05\/8AS-AF-01-7677-300x200.jpg\" alt=\"\" width=\"507\" height=\"338\" srcset=\"https:\/\/af.ca\/ottawa\/wp-content\/uploads\/2024\/05\/8AS-AF-01-7677-300x200.jpg 300w, https:\/\/af.ca\/ottawa\/wp-content\/uploads\/2024\/05\/8AS-AF-01-7677-1024x683.jpg 1024w, https:\/\/af.ca\/ottawa\/wp-content\/uploads\/2024\/05\/8AS-AF-01-7677-768x512.jpg 768w, https:\/\/af.ca\/ottawa\/wp-content\/uploads\/2024\/05\/8AS-AF-01-7677-1536x1024.jpg 1536w, https:\/\/af.ca\/ottawa\/wp-content\/uploads\/2024\/05\/8AS-AF-01-7677-2048x1365.jpg 2048w\" sizes=\"auto, (max-width: 507px) 100vw, 507px\" \/><\/a><\/p>\n<p>&nbsp;<\/p>\n<p><span class=\"NormalTextRun SCXW142739472 BCX0\" data-ccp-charstyle=\"oypena\" data-ccp-charstyle-defn=\"{&quot;ObjectId&quot;:&quot;55c04c4c-3ae6-4252-9bd8-762b96f89479|191&quot;,&quot;ClassId&quot;:1073872969,&quot;Properties&quot;:[469775450,&quot;oypena&quot;,201340122,&quot;1&quot;,134233614,&quot;true&quot;,469778129,&quot;oypena&quot;,335572020,&quot;1&quot;,469778324,&quot;Default Paragraph Font&quot;]}\">\u00c0<\/span><span class=\"NormalTextRun SCXW142739472 BCX0\" data-ccp-charstyle=\"oypena\"> l\u2019occasion du Congr\u00e8s des 140 ans <\/span><span class=\"NormalTextRun SCXW142739472 BCX0\" data-ccp-charstyle=\"oypena\">de la Fondation<\/span><span class=\"NormalTextRun SCXW142739472 BCX0\" data-ccp-charstyle=\"oypena\">, l\u2019AF Ottawa<\/span><span class=\"NormalTextRun SCXW142739472 BCX0\" data-ccp-charstyle=\"oypena\"> a <\/span><span class=\"NormalTextRun SCXW142739472 BCX0\" data-ccp-charstyle=\"oypena\">candidat\u00e9 au<\/span><span class=\"NormalTextRun SCXW142739472 BCX0\" data-ccp-charstyle=\"oypena\">x<\/span><span class=\"NormalTextRun SCXW142739472 BCX0\" data-ccp-charstyle=\"oypena\"> Troph\u00e9es de l\u2019\u00e9coresponsabilit\u00e9 en pr\u00e9sentant <\/span><span class=\"NormalTextRun SCXW142739472 BCX0\" data-ccp-charstyle=\"oypena\">son projet \u00ab<\/span><span class=\"NormalTextRun SCXW142739472 BCX0\" data-ccp-charstyle=\"oypena\"> Mesurer l\u2019impact carbone des \u00e9v\u00e8nements culturels\u202f\u00bb<\/span><span class=\"NormalTextRun SCXW142739472 BCX0\" data-ccp-charstyle=\"oypena\">. <\/span><span class=\"NormalTextRun SCXW142739472 BCX0\" data-ccp-charstyle=\"oypena\">Ce projet, lanc\u00e9 au mois de mai<\/span><span class=\"NormalTextRun SCXW142739472 BCX0\" data-ccp-charstyle=\"oypena\"> 2023<\/span><span class=\"NormalTextRun SCXW142739472 BCX0\" data-ccp-charstyle=\"oypena\">, <\/span><span class=\"NormalTextRun SCXW142739472 BCX0\" data-ccp-charstyle=\"oypena\">a permis de mesurer<\/span><span class=\"NormalTextRun SCXW142739472 BCX0\" data-ccp-charstyle=\"oypena\"> l\u2019imp<\/span><span class=\"NormalTextRun SCXW142739472 BCX0\" data-ccp-charstyle=\"oypena\">act carbone de deux \u00e9v\u00e8nements culturels gr\u00e2ce \u00e0 l\u2019outil <\/span><span class=\"NormalTextRun SpellingErrorV2Themed SCXW142739472 BCX0\" data-ccp-charstyle=\"oypena\">Arviva<\/span><span class=\"NormalTextRun SCXW142739472 BCX0\" data-ccp-charstyle=\"oypena\">, afin de cibler et <\/span><span class=\"NormalTextRun SCXW142739472 BCX0\" data-ccp-charstyle=\"oypena\">hi\u00e9rarchiser<\/span><span class=\"NormalTextRun SCXW142739472 BCX0\" data-ccp-charstyle=\"oypena\"> les p\u00f4les d\u2019action de r\u00e9duction de notre impact. <\/span><span class=\"NormalTextRun SCXW142739472 BCX0\" data-ccp-charstyle=\"oypena\">L\u2019AFO <\/span><span class=\"NormalTextRun SCXW142739472 BCX0\" data-ccp-charstyle=\"oypena\">a re\u00e7u une Mention sp\u00e9ciale du jury<\/span><span class=\"NormalTextRun SCXW142739472 BCX0\" data-ccp-charstyle=\"oypena\"> pour ce projet.\u00a0<\/span><\/p>\n<p>&nbsp;<\/p>\n<p><a href=\"https:\/\/af.ca\/ottawa\/qui-sommes-nous\/#\/\"><img loading=\"lazy\" decoding=\"async\" class=\"alignnone wp-image-19345\" src=\"https:\/\/af.ca\/ottawa\/wp-content\/uploads\/2022\/10\/Bouton-site-internet..-2-300x38.png\" alt=\"\" width=\"308\" height=\"39\" srcset=\"https:\/\/af.ca\/ottawa\/wp-content\/uploads\/2022\/10\/Bouton-site-internet..-2-300x38.png 300w, https:\/\/af.ca\/ottawa\/wp-content\/uploads\/2022\/10\/Bouton-site-internet..-2-768x96.png 768w, https:\/\/af.ca\/ottawa\/wp-content\/uploads\/2022\/10\/Bouton-site-internet..-2.png 979w\" sizes=\"auto, (max-width: 308px) 100vw, 308px\" \/><\/a><\/p>\n<p>&nbsp;<\/p>\n<p>Un grand merci au financement de Ottawa Bilingue, organisme gr\u00e2ce auquel ce projet est rendu possible.<\/p>\n<p><a href=\"https:\/\/acfoottawa.ca\/ottawabilingue\/\"><img loading=\"lazy\" decoding=\"async\" class=\"alignnone size-medium wp-image-18559\" src=\"https:\/\/af.ca\/ottawa\/wp-content\/uploads\/2022\/08\/Logo-Ottawa-Bilingue-RCB@4x-300x102.png\" alt=\"Ottawa Bilingue\" width=\"300\" height=\"102\" srcset=\"https:\/\/af.ca\/ottawa\/wp-content\/uploads\/2022\/08\/Logo-Ottawa-Bilingue-RCB@4x-300x102.png 300w, https:\/\/af.ca\/ottawa\/wp-content\/uploads\/2022\/08\/Logo-Ottawa-Bilingue-RCB@4x-1024x349.png 1024w, https:\/\/af.ca\/ottawa\/wp-content\/uploads\/2022\/08\/Logo-Ottawa-Bilingue-RCB@4x-768x262.png 768w, https:\/\/af.ca\/ottawa\/wp-content\/uploads\/2022\/08\/Logo-Ottawa-Bilingue-RCB@4x.png 1057w\" sizes=\"auto, (max-width: 300px) 100vw, 300px\" \/><\/a><\/p>\n","protected":false},"excerpt":{"rendered":"<p>&nbsp; &nbsp; Am\u00e9liorer l&rsquo;impact \u00e9cologique de la ville d&rsquo;Ottawa &nbsp; L\u2019Alliance Fran\u00e7aise, en tant que communaut\u00e9 mondiale d\u2019associations locales, anim\u00e9e par des personnes engag\u00e9es dans le domaine \u00e9ducatif, culturel et social, r\u00e9pond historiquement aux besoins et enjeux de son environnement. Aujourd\u2019hui, l\u2019urgence climatique et les menaces qui p\u00e8sent sur l\u2019humanit\u00e9 nous incitent \u00e0 repenser nos&#8230;<\/p>\n<p><a class=\"button invert-primary\" href=\"https:\/\/af.ca\/ottawa\/notre-engagement-ecologique\/\">En savoir plus<\/a><\/p>\n","protected":false},"author":3,"featured_media":0,"parent":0,"menu_order":108,"comment_status":"closed","ping_status":"closed","template":"","meta":{"_acf_changed":false,"om_disable_all_campaigns":false,"_monsterinsights_skip_tracking":false,"_monsterinsights_sitenote_active":false,"_monsterinsights_sitenote_note":"","_monsterinsights_sitenote_category":0,"footnotes":""},"class_list":["post-19506","page","type-page","status-publish","hentry"],"acf":[],"yoast_head":"<!-- This site is optimized with the Yoast SEO plugin v27.4 - https:\/\/yoast.com\/product\/yoast-seo-wordpress\/ -->\n<title>Notre engagement \u00e9cologique - Alliance Fran\u00e7aise Ottawa<\/title>\n<meta name=\"robots\" content=\"index, follow, max-snippet:-1, max-image-preview:large, max-video-preview:-1\" \/>\n<link rel=\"canonical\" href=\"https:\/\/af.ca\/ottawa\/notre-engagement-ecologique\/\" \/>\n<meta property=\"og:locale\" content=\"fr_FR\" \/>\n<meta property=\"og:type\" content=\"article\" \/>\n<meta property=\"og:title\" content=\"Notre engagement \u00e9cologique - Alliance Fran\u00e7aise Ottawa\" \/>\n<meta property=\"og:description\" content=\"&nbsp; &nbsp; Am\u00e9liorer l&rsquo;impact \u00e9cologique de la ville d&rsquo;Ottawa &nbsp; L\u2019Alliance Fran\u00e7aise, en tant que communaut\u00e9 mondiale d\u2019associations locales, anim\u00e9e par des personnes engag\u00e9es dans le domaine \u00e9ducatif, culturel et social, r\u00e9pond historiquement aux besoins et enjeux de son environnement. Aujourd\u2019hui, l\u2019urgence climatique et les menaces qui p\u00e8sent sur l\u2019humanit\u00e9 nous incitent \u00e0 repenser nos...En savoir plus\" \/>\n<meta property=\"og:url\" content=\"https:\/\/af.ca\/ottawa\/notre-engagement-ecologique\/\" \/>\n<meta property=\"og:site_name\" content=\"Alliance Fran\u00e7aise Ottawa\" \/>\n<meta property=\"article:modified_time\" content=\"2024-05-27T20:38:33+00:00\" \/>\n<meta property=\"og:image\" content=\"https:\/\/af.ca\/ottawa\/wp-content\/uploads\/2024\/05\/Photo-Collage-Page-ecolo-300x251.png\" \/>\n<meta name=\"twitter:card\" content=\"summary_large_image\" \/>\n<meta name=\"twitter:label1\" content=\"Dur\u00e9e de lecture estim\u00e9e\" \/>\n\t<meta name=\"twitter:data1\" content=\"3 minutes\" \/>\n<script type=\"application\/ld+json\" class=\"yoast-schema-graph\">{\"@context\":\"https:\\\/\\\/schema.org\",\"@graph\":[{\"@type\":\"WebPage\",\"@id\":\"https:\\\/\\\/af.ca\\\/ottawa\\\/notre-engagement-ecologique\\\/\",\"url\":\"https:\\\/\\\/af.ca\\\/ottawa\\\/notre-engagement-ecologique\\\/\",\"name\":\"Notre engagement \u00e9cologique - Alliance Fran\u00e7aise Ottawa\",\"isPartOf\":{\"@id\":\"https:\\\/\\\/af.ca\\\/ottawa\\\/#website\"},\"primaryImageOfPage\":{\"@id\":\"https:\\\/\\\/af.ca\\\/ottawa\\\/notre-engagement-ecologique\\\/#primaryimage\"},\"image\":{\"@id\":\"https:\\\/\\\/af.ca\\\/ottawa\\\/notre-engagement-ecologique\\\/#primaryimage\"},\"thumbnailUrl\":\"https:\\\/\\\/af.ca\\\/ottawa\\\/wp-content\\\/uploads\\\/2024\\\/05\\\/Photo-Collage-Page-ecolo-300x251.png\",\"datePublished\":\"2024-05-23T15:34:38+00:00\",\"dateModified\":\"2024-05-27T20:38:33+00:00\",\"breadcrumb\":{\"@id\":\"https:\\\/\\\/af.ca\\\/ottawa\\\/notre-engagement-ecologique\\\/#breadcrumb\"},\"inLanguage\":\"fr-FR\",\"potentialAction\":[{\"@type\":\"ReadAction\",\"target\":[\"https:\\\/\\\/af.ca\\\/ottawa\\\/notre-engagement-ecologique\\\/\"]}]},{\"@type\":\"ImageObject\",\"inLanguage\":\"fr-FR\",\"@id\":\"https:\\\/\\\/af.ca\\\/ottawa\\\/notre-engagement-ecologique\\\/#primaryimage\",\"url\":\"https:\\\/\\\/af.ca\\\/ottawa\\\/wp-content\\\/uploads\\\/2024\\\/05\\\/Photo-Collage-Page-ecolo.png\",\"contentUrl\":\"https:\\\/\\\/af.ca\\\/ottawa\\\/wp-content\\\/uploads\\\/2024\\\/05\\\/Photo-Collage-Page-ecolo.png\",\"width\":940,\"height\":788},{\"@type\":\"BreadcrumbList\",\"@id\":\"https:\\\/\\\/af.ca\\\/ottawa\\\/notre-engagement-ecologique\\\/#breadcrumb\",\"itemListElement\":[{\"@type\":\"ListItem\",\"position\":1,\"name\":\"Home\",\"item\":\"https:\\\/\\\/af.ca\\\/ottawa\\\/\"},{\"@type\":\"ListItem\",\"position\":2,\"name\":\"Notre engagement \u00e9cologique\"}]},{\"@type\":\"WebSite\",\"@id\":\"https:\\\/\\\/af.ca\\\/ottawa\\\/#website\",\"url\":\"https:\\\/\\\/af.ca\\\/ottawa\\\/\",\"name\":\"Alliance Fran\u00e7aise Ottawa\",\"description\":\"\u00c9cole de langue fran\u00e7aise et centre culturel\",\"potentialAction\":[{\"@type\":\"SearchAction\",\"target\":{\"@type\":\"EntryPoint\",\"urlTemplate\":\"https:\\\/\\\/af.ca\\\/ottawa\\\/?s={search_term_string}\"},\"query-input\":{\"@type\":\"PropertyValueSpecification\",\"valueRequired\":true,\"valueName\":\"search_term_string\"}}],\"inLanguage\":\"fr-FR\"}]}<\/script>\n<!-- \/ Yoast SEO plugin. -->","yoast_head_json":{"title":"Notre engagement \u00e9cologique - Alliance Fran\u00e7aise Ottawa","robots":{"index":"index","follow":"follow","max-snippet":"max-snippet:-1","max-image-preview":"max-image-preview:large","max-video-preview":"max-video-preview:-1"},"canonical":"https:\/\/af.ca\/ottawa\/notre-engagement-ecologique\/","og_locale":"fr_FR","og_type":"article","og_title":"Notre engagement \u00e9cologique - Alliance Fran\u00e7aise Ottawa","og_description":"&nbsp; &nbsp; Am\u00e9liorer l&rsquo;impact \u00e9cologique de la ville d&rsquo;Ottawa &nbsp; L\u2019Alliance Fran\u00e7aise, en tant que communaut\u00e9 mondiale d\u2019associations locales, anim\u00e9e par des personnes engag\u00e9es dans le domaine \u00e9ducatif, culturel et social, r\u00e9pond historiquement aux besoins et enjeux de son environnement. Aujourd\u2019hui, l\u2019urgence climatique et les menaces qui p\u00e8sent sur l\u2019humanit\u00e9 nous incitent \u00e0 repenser nos...En savoir plus","og_url":"https:\/\/af.ca\/ottawa\/notre-engagement-ecologique\/","og_site_name":"Alliance Fran\u00e7aise Ottawa","article_modified_time":"2024-05-27T20:38:33+00:00","og_image":[{"url":"https:\/\/af.ca\/ottawa\/wp-content\/uploads\/2024\/05\/Photo-Collage-Page-ecolo-300x251.png","type":"","width":"","height":""}],"twitter_card":"summary_large_image","twitter_misc":{"Dur\u00e9e de lecture estim\u00e9e":"3 minutes"},"schema":{"@context":"https:\/\/schema.org","@graph":[{"@type":"WebPage","@id":"https:\/\/af.ca\/ottawa\/notre-engagement-ecologique\/","url":"https:\/\/af.ca\/ottawa\/notre-engagement-ecologique\/","name":"Notre engagement \u00e9cologique - Alliance Fran\u00e7aise Ottawa","isPartOf":{"@id":"https:\/\/af.ca\/ottawa\/#website"},"primaryImageOfPage":{"@id":"https:\/\/af.ca\/ottawa\/notre-engagement-ecologique\/#primaryimage"},"image":{"@id":"https:\/\/af.ca\/ottawa\/notre-engagement-ecologique\/#primaryimage"},"thumbnailUrl":"https:\/\/af.ca\/ottawa\/wp-content\/uploads\/2024\/05\/Photo-Collage-Page-ecolo-300x251.png","datePublished":"2024-05-23T15:34:38+00:00","dateModified":"2024-05-27T20:38:33+00:00","breadcrumb":{"@id":"https:\/\/af.ca\/ottawa\/notre-engagement-ecologique\/#breadcrumb"},"inLanguage":"fr-FR","potentialAction":[{"@type":"ReadAction","target":["https:\/\/af.ca\/ottawa\/notre-engagement-ecologique\/"]}]},{"@type":"ImageObject","inLanguage":"fr-FR","@id":"https:\/\/af.ca\/ottawa\/notre-engagement-ecologique\/#primaryimage","url":"https:\/\/af.ca\/ottawa\/wp-content\/uploads\/2024\/05\/Photo-Collage-Page-ecolo.png","contentUrl":"https:\/\/af.ca\/ottawa\/wp-content\/uploads\/2024\/05\/Photo-Collage-Page-ecolo.png","width":940,"height":788},{"@type":"BreadcrumbList","@id":"https:\/\/af.ca\/ottawa\/notre-engagement-ecologique\/#breadcrumb","itemListElement":[{"@type":"ListItem","position":1,"name":"Home","item":"https:\/\/af.ca\/ottawa\/"},{"@type":"ListItem","position":2,"name":"Notre engagement \u00e9cologique"}]},{"@type":"WebSite","@id":"https:\/\/af.ca\/ottawa\/#website","url":"https:\/\/af.ca\/ottawa\/","name":"Alliance Fran\u00e7aise Ottawa","description":"\u00c9cole de langue fran\u00e7aise et centre culturel","potentialAction":[{"@type":"SearchAction","target":{"@type":"EntryPoint","urlTemplate":"https:\/\/af.ca\/ottawa\/?s={search_term_string}"},"query-input":{"@type":"PropertyValueSpecification","valueRequired":true,"valueName":"search_term_string"}}],"inLanguage":"fr-FR"}]}},"blog_post_layout_featured_media_urls":{"thumbnail":"","full":""},"categories_names":null,"comments_number":"0","_links":{"self":[{"href":"https:\/\/af.ca\/ottawa\/wp-json\/wp\/v2\/pages\/19506","targetHints":{"allow":["GET"]}}],"collection":[{"href":"https:\/\/af.ca\/ottawa\/wp-json\/wp\/v2\/pages"}],"about":[{"href":"https:\/\/af.ca\/ottawa\/wp-json\/wp\/v2\/types\/page"}],"author":[{"embeddable":true,"href":"https:\/\/af.ca\/ottawa\/wp-json\/wp\/v2\/users\/3"}],"replies":[{"embeddable":true,"href":"https:\/\/af.ca\/ottawa\/wp-json\/wp\/v2\/comments?post=19506"}],"version-history":[{"count":0,"href":"https:\/\/af.ca\/ottawa\/wp-json\/wp\/v2\/pages\/19506\/revisions"}],"wp:attachment":[{"href":"https:\/\/af.ca\/ottawa\/wp-json\/wp\/v2\/media?parent=19506"}],"curies":[{"name":"wp","href":"https:\/\/api.w.org\/{rel}","templated":true}]}}