{"id":19749,"date":"2022-11-29T10:31:30","date_gmt":"2022-11-29T15:31:30","guid":{"rendered":"https:\/\/af.ca\/ottawa\/?page_id=19749"},"modified":"2022-11-29T10:53:11","modified_gmt":"2022-11-29T15:53:11","slug":"uramado-ar","status":"publish","type":"page","link":"https:\/\/af.ca\/ottawa\/uramado-ar\/","title":{"rendered":"Uramado AR"},"content":{"rendered":"<p><a href=\"https:\/\/af.ca\/ottawa\/wp-content\/uploads\/2022\/11\/U14.png\"><img loading=\"lazy\" decoding=\"async\" class=\"wp-image-19747 aligncenter\" src=\"https:\/\/af.ca\/ottawa\/wp-content\/uploads\/2022\/11\/U14-300x136.png\" alt=\"Uramado the awakening of the Tanukis\" width=\"830\" height=\"376\" srcset=\"https:\/\/af.ca\/ottawa\/wp-content\/uploads\/2022\/11\/U14-300x136.png 300w, https:\/\/af.ca\/ottawa\/wp-content\/uploads\/2022\/11\/U14-1024x465.png 1024w, https:\/\/af.ca\/ottawa\/wp-content\/uploads\/2022\/11\/U14-768x349.png 768w, https:\/\/af.ca\/ottawa\/wp-content\/uploads\/2022\/11\/U14.png 1106w\" sizes=\"auto, (max-width: 830px) 100vw, 830px\" \/><\/a><\/p>\n<p>&nbsp;<\/p>\n<p><strong>Quel Tanuki \u00eates-vous ? Rendez-vous \u00e0 la galerie de l&rsquo;Alliance Fran\u00e7aise d&rsquo;Ottawa, o\u00f9 une exposition en r\u00e9alit\u00e9 augment\u00e9e vous attend !<\/strong><\/p>\n<p>Inspir\u00e9 du folklore japonais, Uramado r\u00e9v\u00e8le l&rsquo;histoire des Tanukis. Ce sont des esprits de la nature qui vivent cach\u00e9s parmi nous et peuvent se transformer en tout ce qu&rsquo;ils d\u00e9sirent. Ces cr\u00e9atures fantastiques questionnent notre quotidien et interagissent avec nous, nous faisant nous d\u00e9couvrir \u00e0 travers nos r\u00e9ponses. Travaillant avec des images color\u00e9es remplies de r\u00e9alit\u00e9 augment\u00e9e, l&rsquo;artiste Julie Stephen Chheng utilise les smartphones comme un merveilleux filtre sur la r\u00e9alit\u00e9, ce qui donne l&rsquo;espace dans lequel se trouvent les images et l&rsquo;univers virtuel.<\/p>\n<p>Chaque participant est invit\u00e9 \u00e0 les chercher et \u00e0 les r\u00e9veiller pour d\u00e9couvrir leur message et leur faire d\u00e9couvrir leur v\u00e9ritable \u00eatre int\u00e9rieur !<\/p>\n<p>&nbsp;<\/p>\n<p>L&rsquo;exposition sera disponible \u00e0 l&rsquo;Alliance Ottawa de novembre 2022 au 30 avril 2023.<\/p>\n<p>&nbsp;<\/p>\n<h3><strong>D\u00e9couvrez toutes les activit\u00e9s autour de cette exposition :<\/strong><\/h3>\n<p>&nbsp;<\/p>\n<p><a href=\"https:\/\/af.ca\/ottawa\/details-de-levenement\/?eventId=578#\/\"><img loading=\"lazy\" decoding=\"async\" class=\"alignnone wp-image-19751\" src=\"https:\/\/af.ca\/ottawa\/wp-content\/uploads\/2022\/11\/Uramado-AR-AF-Ottawa.-300x300.png\" alt=\"\" width=\"235\" height=\"235\" srcset=\"https:\/\/af.ca\/ottawa\/wp-content\/uploads\/2022\/11\/Uramado-AR-AF-Ottawa.-300x300.png 300w, https:\/\/af.ca\/ottawa\/wp-content\/uploads\/2022\/11\/Uramado-AR-AF-Ottawa.-1024x1024.png 1024w, https:\/\/af.ca\/ottawa\/wp-content\/uploads\/2022\/11\/Uramado-AR-AF-Ottawa.-150x150.png 150w, https:\/\/af.ca\/ottawa\/wp-content\/uploads\/2022\/11\/Uramado-AR-AF-Ottawa.-768x768.png 768w, https:\/\/af.ca\/ottawa\/wp-content\/uploads\/2022\/11\/Uramado-AR-AF-Ottawa.-125x125.png 125w, https:\/\/af.ca\/ottawa\/wp-content\/uploads\/2022\/11\/Uramado-AR-AF-Ottawa..png 1080w\" sizes=\"auto, (max-width: 235px) 100vw, 235px\" \/><\/a>\u00a0 \u00a0<a href=\"https:\/\/af.ca\/ottawa\/details-de-levenement\/?eventId=627#\/\"><img loading=\"lazy\" decoding=\"async\" class=\"alignnone wp-image-19753\" src=\"https:\/\/af.ca\/ottawa\/wp-content\/uploads\/2022\/11\/Culture-5-300x300.png\" alt=\"\" width=\"235\" height=\"235\" srcset=\"https:\/\/af.ca\/ottawa\/wp-content\/uploads\/2022\/11\/Culture-5-300x300.png 300w, https:\/\/af.ca\/ottawa\/wp-content\/uploads\/2022\/11\/Culture-5-1024x1024.png 1024w, https:\/\/af.ca\/ottawa\/wp-content\/uploads\/2022\/11\/Culture-5-150x150.png 150w, https:\/\/af.ca\/ottawa\/wp-content\/uploads\/2022\/11\/Culture-5-768x768.png 768w, https:\/\/af.ca\/ottawa\/wp-content\/uploads\/2022\/11\/Culture-5-125x125.png 125w, https:\/\/af.ca\/ottawa\/wp-content\/uploads\/2022\/11\/Culture-5.png 1080w\" sizes=\"auto, (max-width: 235px) 100vw, 235px\" \/><\/a>\u00a0 \u00a0<a href=\"https:\/\/af.ca\/ottawa\/details-de-levenement\/?eventId=628#\/\"><img loading=\"lazy\" decoding=\"async\" class=\"alignnone wp-image-19755\" src=\"https:\/\/af.ca\/ottawa\/wp-content\/uploads\/2022\/11\/Activite-manuelle-300x300.png\" alt=\"\" width=\"235\" height=\"235\" srcset=\"https:\/\/af.ca\/ottawa\/wp-content\/uploads\/2022\/11\/Activite-manuelle-300x300.png 300w, https:\/\/af.ca\/ottawa\/wp-content\/uploads\/2022\/11\/Activite-manuelle-1024x1024.png 1024w, https:\/\/af.ca\/ottawa\/wp-content\/uploads\/2022\/11\/Activite-manuelle-150x150.png 150w, https:\/\/af.ca\/ottawa\/wp-content\/uploads\/2022\/11\/Activite-manuelle-768x768.png 768w, https:\/\/af.ca\/ottawa\/wp-content\/uploads\/2022\/11\/Activite-manuelle-125x125.png 125w, https:\/\/af.ca\/ottawa\/wp-content\/uploads\/2022\/11\/Activite-manuelle.png 1080w\" sizes=\"auto, (max-width: 235px) 100vw, 235px\" \/><\/a><\/p>\n<p><a href=\"https:\/\/af.ca\/ottawa\/details-de-levenement\/?eventId=578#\/\"><img loading=\"lazy\" decoding=\"async\" class=\"alignnone wp-image-18747\" src=\"https:\/\/af.ca\/ottawa\/wp-content\/uploads\/2022\/09\/Bouton-learn-more-300x89.png\" alt=\"\" width=\"179\" height=\"53\" srcset=\"https:\/\/af.ca\/ottawa\/wp-content\/uploads\/2022\/09\/Bouton-learn-more-300x89.png 300w, https:\/\/af.ca\/ottawa\/wp-content\/uploads\/2022\/09\/Bouton-learn-more.png 435w\" sizes=\"auto, (max-width: 179px) 100vw, 179px\" \/><\/a>\u00a0 \u00a0 \u00a0 \u00a0 \u00a0 \u00a0 \u00a0 \u00a0 \u00a0<a href=\"https:\/\/af.ca\/ottawa\/details-de-levenement\/?eventId=627#\/\"><img loading=\"lazy\" decoding=\"async\" class=\"alignnone wp-image-18747\" src=\"https:\/\/af.ca\/ottawa\/wp-content\/uploads\/2022\/09\/Bouton-learn-more-300x89.png\" alt=\"\" width=\"179\" height=\"53\" srcset=\"https:\/\/af.ca\/ottawa\/wp-content\/uploads\/2022\/09\/Bouton-learn-more-300x89.png 300w, https:\/\/af.ca\/ottawa\/wp-content\/uploads\/2022\/09\/Bouton-learn-more.png 435w\" sizes=\"auto, (max-width: 179px) 100vw, 179px\" \/><\/a>\u00a0 \u00a0 \u00a0 \u00a0 \u00a0 \u00a0 \u00a0 \u00a0 \u00a0 <a href=\"https:\/\/af.ca\/ottawa\/details-de-levenement\/?eventId=628#\/\"><img loading=\"lazy\" decoding=\"async\" class=\"alignnone wp-image-18747\" src=\"https:\/\/af.ca\/ottawa\/wp-content\/uploads\/2022\/09\/Bouton-learn-more-300x89.png\" alt=\"\" width=\"179\" height=\"53\" srcset=\"https:\/\/af.ca\/ottawa\/wp-content\/uploads\/2022\/09\/Bouton-learn-more-300x89.png 300w, https:\/\/af.ca\/ottawa\/wp-content\/uploads\/2022\/09\/Bouton-learn-more.png 435w\" sizes=\"auto, (max-width: 179px) 100vw, 179px\" \/><\/a><\/p>\n","protected":false},"excerpt":{"rendered":"<p>&nbsp; Quel Tanuki \u00eates-vous ? Rendez-vous \u00e0 la galerie de l&rsquo;Alliance Fran\u00e7aise d&rsquo;Ottawa, o\u00f9 une exposition en r\u00e9alit\u00e9 augment\u00e9e vous attend ! Inspir\u00e9 du folklore japonais, Uramado r\u00e9v\u00e8le l&rsquo;histoire des Tanukis. Ce sont des esprits de la nature qui vivent cach\u00e9s parmi nous et peuvent se transformer en tout ce qu&rsquo;ils d\u00e9sirent. Ces cr\u00e9atures fantastiques&#8230;<\/p>\n<p><a class=\"button invert-primary\" href=\"https:\/\/af.ca\/ottawa\/uramado-ar\/\">En savoir plus<\/a><\/p>\n","protected":false},"author":3,"featured_media":0,"parent":0,"menu_order":104,"comment_status":"closed","ping_status":"closed","template":"","meta":{"_acf_changed":false,"om_disable_all_campaigns":false,"_monsterinsights_skip_tracking":false,"_monsterinsights_sitenote_active":false,"_monsterinsights_sitenote_note":"","_monsterinsights_sitenote_category":0,"footnotes":""},"class_list":["post-19749","page","type-page","status-publish","hentry"],"acf":[],"yoast_head":"<!-- This site is optimized with the Yoast SEO plugin v27.3 - https:\/\/yoast.com\/product\/yoast-seo-wordpress\/ -->\n<title>Uramado AR - Alliance Fran\u00e7aise Ottawa<\/title>\n<meta name=\"robots\" content=\"index, follow, max-snippet:-1, max-image-preview:large, max-video-preview:-1\" \/>\n<link rel=\"canonical\" href=\"https:\/\/af.ca\/ottawa\/uramado-ar\/\" \/>\n<meta property=\"og:locale\" content=\"fr_FR\" \/>\n<meta property=\"og:type\" content=\"article\" \/>\n<meta property=\"og:title\" content=\"Uramado AR - Alliance Fran\u00e7aise Ottawa\" \/>\n<meta property=\"og:description\" content=\"&nbsp; Quel Tanuki \u00eates-vous ? Rendez-vous \u00e0 la galerie de l&rsquo;Alliance Fran\u00e7aise d&rsquo;Ottawa, o\u00f9 une exposition en r\u00e9alit\u00e9 augment\u00e9e vous attend ! Inspir\u00e9 du folklore japonais, Uramado r\u00e9v\u00e8le l&rsquo;histoire des Tanukis. Ce sont des esprits de la nature qui vivent cach\u00e9s parmi nous et peuvent se transformer en tout ce qu&rsquo;ils d\u00e9sirent. Ces cr\u00e9atures fantastiques...En savoir plus\" \/>\n<meta property=\"og:url\" content=\"https:\/\/af.ca\/ottawa\/uramado-ar\/\" \/>\n<meta property=\"og:site_name\" content=\"Alliance Fran\u00e7aise Ottawa\" \/>\n<meta property=\"article:modified_time\" content=\"2022-11-29T15:53:11+00:00\" \/>\n<meta property=\"og:image\" content=\"https:\/\/af.ca\/ottawa\/wp-content\/uploads\/2022\/11\/U14-300x136.png\" \/>\n<meta name=\"twitter:card\" content=\"summary_large_image\" \/>\n<meta name=\"twitter:label1\" content=\"Dur\u00e9e de lecture estim\u00e9e\" \/>\n\t<meta name=\"twitter:data1\" content=\"3 minutes\" \/>\n<script type=\"application\/ld+json\" class=\"yoast-schema-graph\">{\"@context\":\"https:\\\/\\\/schema.org\",\"@graph\":[{\"@type\":\"WebPage\",\"@id\":\"https:\\\/\\\/af.ca\\\/ottawa\\\/uramado-ar\\\/\",\"url\":\"https:\\\/\\\/af.ca\\\/ottawa\\\/uramado-ar\\\/\",\"name\":\"Uramado AR - Alliance Fran\u00e7aise Ottawa\",\"isPartOf\":{\"@id\":\"https:\\\/\\\/af.ca\\\/ottawa\\\/#website\"},\"primaryImageOfPage\":{\"@id\":\"https:\\\/\\\/af.ca\\\/ottawa\\\/uramado-ar\\\/#primaryimage\"},\"image\":{\"@id\":\"https:\\\/\\\/af.ca\\\/ottawa\\\/uramado-ar\\\/#primaryimage\"},\"thumbnailUrl\":\"https:\\\/\\\/af.ca\\\/ottawa\\\/wp-content\\\/uploads\\\/2022\\\/11\\\/U14-300x136.png\",\"datePublished\":\"2022-11-29T15:31:30+00:00\",\"dateModified\":\"2022-11-29T15:53:11+00:00\",\"breadcrumb\":{\"@id\":\"https:\\\/\\\/af.ca\\\/ottawa\\\/uramado-ar\\\/#breadcrumb\"},\"inLanguage\":\"fr-FR\",\"potentialAction\":[{\"@type\":\"ReadAction\",\"target\":[\"https:\\\/\\\/af.ca\\\/ottawa\\\/uramado-ar\\\/\"]}]},{\"@type\":\"ImageObject\",\"inLanguage\":\"fr-FR\",\"@id\":\"https:\\\/\\\/af.ca\\\/ottawa\\\/uramado-ar\\\/#primaryimage\",\"url\":\"https:\\\/\\\/af.ca\\\/ottawa\\\/wp-content\\\/uploads\\\/2022\\\/11\\\/U14.png\",\"contentUrl\":\"https:\\\/\\\/af.ca\\\/ottawa\\\/wp-content\\\/uploads\\\/2022\\\/11\\\/U14.png\",\"width\":1106,\"height\":502,\"caption\":\"Uramado the awakening of the Tanukis\"},{\"@type\":\"BreadcrumbList\",\"@id\":\"https:\\\/\\\/af.ca\\\/ottawa\\\/uramado-ar\\\/#breadcrumb\",\"itemListElement\":[{\"@type\":\"ListItem\",\"position\":1,\"name\":\"Home\",\"item\":\"https:\\\/\\\/af.ca\\\/ottawa\\\/\"},{\"@type\":\"ListItem\",\"position\":2,\"name\":\"Uramado AR\"}]},{\"@type\":\"WebSite\",\"@id\":\"https:\\\/\\\/af.ca\\\/ottawa\\\/#website\",\"url\":\"https:\\\/\\\/af.ca\\\/ottawa\\\/\",\"name\":\"Alliance Fran\u00e7aise Ottawa\",\"description\":\"\u00c9cole de langue fran\u00e7aise et centre culturel\",\"potentialAction\":[{\"@type\":\"SearchAction\",\"target\":{\"@type\":\"EntryPoint\",\"urlTemplate\":\"https:\\\/\\\/af.ca\\\/ottawa\\\/?s={search_term_string}\"},\"query-input\":{\"@type\":\"PropertyValueSpecification\",\"valueRequired\":true,\"valueName\":\"search_term_string\"}}],\"inLanguage\":\"fr-FR\"}]}<\/script>\n<!-- \/ Yoast SEO plugin. -->","yoast_head_json":{"title":"Uramado AR - Alliance Fran\u00e7aise Ottawa","robots":{"index":"index","follow":"follow","max-snippet":"max-snippet:-1","max-image-preview":"max-image-preview:large","max-video-preview":"max-video-preview:-1"},"canonical":"https:\/\/af.ca\/ottawa\/uramado-ar\/","og_locale":"fr_FR","og_type":"article","og_title":"Uramado AR - Alliance Fran\u00e7aise Ottawa","og_description":"&nbsp; Quel Tanuki \u00eates-vous ? Rendez-vous \u00e0 la galerie de l&rsquo;Alliance Fran\u00e7aise d&rsquo;Ottawa, o\u00f9 une exposition en r\u00e9alit\u00e9 augment\u00e9e vous attend ! Inspir\u00e9 du folklore japonais, Uramado r\u00e9v\u00e8le l&rsquo;histoire des Tanukis. Ce sont des esprits de la nature qui vivent cach\u00e9s parmi nous et peuvent se transformer en tout ce qu&rsquo;ils d\u00e9sirent. Ces cr\u00e9atures fantastiques...En savoir plus","og_url":"https:\/\/af.ca\/ottawa\/uramado-ar\/","og_site_name":"Alliance Fran\u00e7aise Ottawa","article_modified_time":"2022-11-29T15:53:11+00:00","og_image":[{"url":"https:\/\/af.ca\/ottawa\/wp-content\/uploads\/2022\/11\/U14-300x136.png","type":"","width":"","height":""}],"twitter_card":"summary_large_image","twitter_misc":{"Dur\u00e9e de lecture estim\u00e9e":"3 minutes"},"schema":{"@context":"https:\/\/schema.org","@graph":[{"@type":"WebPage","@id":"https:\/\/af.ca\/ottawa\/uramado-ar\/","url":"https:\/\/af.ca\/ottawa\/uramado-ar\/","name":"Uramado AR - Alliance Fran\u00e7aise Ottawa","isPartOf":{"@id":"https:\/\/af.ca\/ottawa\/#website"},"primaryImageOfPage":{"@id":"https:\/\/af.ca\/ottawa\/uramado-ar\/#primaryimage"},"image":{"@id":"https:\/\/af.ca\/ottawa\/uramado-ar\/#primaryimage"},"thumbnailUrl":"https:\/\/af.ca\/ottawa\/wp-content\/uploads\/2022\/11\/U14-300x136.png","datePublished":"2022-11-29T15:31:30+00:00","dateModified":"2022-11-29T15:53:11+00:00","breadcrumb":{"@id":"https:\/\/af.ca\/ottawa\/uramado-ar\/#breadcrumb"},"inLanguage":"fr-FR","potentialAction":[{"@type":"ReadAction","target":["https:\/\/af.ca\/ottawa\/uramado-ar\/"]}]},{"@type":"ImageObject","inLanguage":"fr-FR","@id":"https:\/\/af.ca\/ottawa\/uramado-ar\/#primaryimage","url":"https:\/\/af.ca\/ottawa\/wp-content\/uploads\/2022\/11\/U14.png","contentUrl":"https:\/\/af.ca\/ottawa\/wp-content\/uploads\/2022\/11\/U14.png","width":1106,"height":502,"caption":"Uramado the awakening of the Tanukis"},{"@type":"BreadcrumbList","@id":"https:\/\/af.ca\/ottawa\/uramado-ar\/#breadcrumb","itemListElement":[{"@type":"ListItem","position":1,"name":"Home","item":"https:\/\/af.ca\/ottawa\/"},{"@type":"ListItem","position":2,"name":"Uramado AR"}]},{"@type":"WebSite","@id":"https:\/\/af.ca\/ottawa\/#website","url":"https:\/\/af.ca\/ottawa\/","name":"Alliance Fran\u00e7aise Ottawa","description":"\u00c9cole de langue fran\u00e7aise et centre culturel","potentialAction":[{"@type":"SearchAction","target":{"@type":"EntryPoint","urlTemplate":"https:\/\/af.ca\/ottawa\/?s={search_term_string}"},"query-input":{"@type":"PropertyValueSpecification","valueRequired":true,"valueName":"search_term_string"}}],"inLanguage":"fr-FR"}]}},"blog_post_layout_featured_media_urls":{"thumbnail":"","full":""},"categories_names":null,"comments_number":"0","_links":{"self":[{"href":"https:\/\/af.ca\/ottawa\/wp-json\/wp\/v2\/pages\/19749","targetHints":{"allow":["GET"]}}],"collection":[{"href":"https:\/\/af.ca\/ottawa\/wp-json\/wp\/v2\/pages"}],"about":[{"href":"https:\/\/af.ca\/ottawa\/wp-json\/wp\/v2\/types\/page"}],"author":[{"embeddable":true,"href":"https:\/\/af.ca\/ottawa\/wp-json\/wp\/v2\/users\/3"}],"replies":[{"embeddable":true,"href":"https:\/\/af.ca\/ottawa\/wp-json\/wp\/v2\/comments?post=19749"}],"version-history":[{"count":0,"href":"https:\/\/af.ca\/ottawa\/wp-json\/wp\/v2\/pages\/19749\/revisions"}],"wp:attachment":[{"href":"https:\/\/af.ca\/ottawa\/wp-json\/wp\/v2\/media?parent=19749"}],"curies":[{"name":"wp","href":"https:\/\/api.w.org\/{rel}","templated":true}]}}