{"id":19835,"date":"2022-12-05T14:51:16","date_gmt":"2022-12-05T19:51:16","guid":{"rendered":"https:\/\/af.ca\/ottawa\/?page_id=19835"},"modified":"2022-12-05T15:45:44","modified_gmt":"2022-12-05T20:45:44","slug":"top-5-des-activites-a-faire-en-francais-a-ottawa","status":"publish","type":"page","link":"https:\/\/af.ca\/ottawa\/top-5-des-activites-a-faire-en-francais-a-ottawa\/","title":{"rendered":"Top 5 des activit\u00e9s \u00e0 faires en fran\u00e7ais \u00e0 Ottawa"},"content":{"rendered":"<p>&nbsp;<\/p>\n<p>La ville d\u2019Ottawa regorge d\u2019activit\u00e9s int\u00e9ressantes que vous pouvez faire. En revanche, il n\u2019est pas toujours facile de trouver o\u00f9 se cachent les \u00e9v\u00e9nements en fran\u00e7ais. L\u2019Alliance Fran\u00e7aise d\u2019Ottawa vous a pr\u00e9par\u00e9 un top 5 des activit\u00e9s \u00e0 faire en fran\u00e7ais \u00e0 Ottawa, pour faciliter vos recherches et vous permettre de vous pratiquer en fran\u00e7ais !<\/p>\n<p>&nbsp;<\/p>\n<ol>\n<li>\n<h2><span style=\"color: #b00909;\">Arts<\/span><\/h2>\n<\/li>\n<\/ol>\n<p>&nbsp;<\/p>\n<p><a href=\"https:\/\/af.ca\/ottawa\/club-de-lecture\/#\/\"><strong>Club de lecture<\/strong><\/a><\/p>\n<p>&nbsp;<\/p>\n<p><a href=\"https:\/\/af.ca\/ottawa\/club-de-lecture\/#\/\"><img loading=\"lazy\" decoding=\"async\" class=\"alignnone wp-image-19836\" src=\"https:\/\/af.ca\/ottawa\/wp-content\/uploads\/2022\/12\/Image1-300x198.png\" alt=\"\" width=\"435\" height=\"287\" srcset=\"https:\/\/af.ca\/ottawa\/wp-content\/uploads\/2022\/12\/Image1-300x198.png 300w, https:\/\/af.ca\/ottawa\/wp-content\/uploads\/2022\/12\/Image1-768x507.png 768w, https:\/\/af.ca\/ottawa\/wp-content\/uploads\/2022\/12\/Image1.png 813w\" sizes=\"auto, (max-width: 435px) 100vw, 435px\" \/><\/a><\/p>\n<p>Le Club de lecture de l\u2019AF se rencontre environ une fois par mois pour discuter d\u2019un livre choisi au pr\u00e9alable. Un niveau de fran\u00e7ais B2 est conseill\u00e9, mais le club est ouvert \u00e0 toutes et \u00e0 tous! Lors des rencontres, vous aurez la chance de discuter avec les autres participant\u00b7e\u00b7s et l\u2019enseignant\u00b7e dans le but de partager vos avis sur la lecture commune.<\/p>\n<p>Du th\u00e9 et du caf\u00e9 sont \u00e0 la disposition de toutes et tous, pour cette discussion de style informel. La majorit\u00e9 de cette activit\u00e9 se d\u00e9roule \u00e0 votre rythme (vous lisez le livre de votre c\u00f4t\u00e9) et comporte une petite portion discussion \u00e0 la fin. N\u2019h\u00e9sitez pas \u00e0 vous inscrire si cette activit\u00e9 vous int\u00e9resse !<\/p>\n<p>&nbsp;<\/p>\n<p><a href=\"https:\/\/www.beaux-arts.ca\/\"><strong>Mus\u00e9e des Beaux-Arts<\/strong><\/a><\/p>\n<p>&nbsp;<\/p>\n<p><a href=\"https:\/\/www.beaux-arts.ca\/\"><img loading=\"lazy\" decoding=\"async\" class=\"alignnone wp-image-19864\" src=\"https:\/\/af.ca\/ottawa\/wp-content\/uploads\/2022\/12\/ImageA-300x94.jpg\" alt=\"\" width=\"424\" height=\"133\" srcset=\"https:\/\/af.ca\/ottawa\/wp-content\/uploads\/2022\/12\/ImageA-300x94.jpg 300w, https:\/\/af.ca\/ottawa\/wp-content\/uploads\/2022\/12\/ImageA-768x240.jpg 768w, https:\/\/af.ca\/ottawa\/wp-content\/uploads\/2022\/12\/ImageA.jpg 963w\" sizes=\"auto, (max-width: 424px) 100vw, 424px\" \/><\/a><\/p>\n<p>Le Mus\u00e9e des Beaux-Arts est situ\u00e9 au centre-ville d\u2019Ottawa et offre une panoplie d\u2019expositions pour les amoureux de l\u2019art. Toutes les descriptions d\u2019\u0153uvres et les expositions sont traduites dans les deux langues officielles, ce qui vous permettra d\u2019effectuer votre visite en fran\u00e7ais.<\/p>\n<p>Il y en a pour tous les go\u00fbts\u00a0: art contemporain, art canadien, art autochtone, art abstrait, art religieux, et plus encore ! N\u2019oubliez pas de regarder quelles expositions sont pr\u00e9sentes au Mus\u00e9e lors de votre passage, peut-\u00eatre serez-vous encore plus int\u00e9ress\u00e9\u00b7e \u00e0 aller le visiter !<\/p>\n<p>&nbsp;<\/p>\n<p>&nbsp;<\/p>\n<ol start=\"2\">\n<li>\n<h2><span style=\"color: #b00909;\">Culture<\/span><\/h2>\n<\/li>\n<\/ol>\n<p>&nbsp;<\/p>\n<p><a href=\"https:\/\/af.ca\/ottawa\/culture\/cine-club\/#\/\"><strong>Cin\u00e9club<\/strong><\/a><\/p>\n<p>&nbsp;<\/p>\n<p><a href=\"https:\/\/af.ca\/ottawa\/culture\/cine-club\/#\/\"><img loading=\"lazy\" decoding=\"async\" class=\"alignnone wp-image-19870\" src=\"https:\/\/af.ca\/ottawa\/wp-content\/uploads\/2022\/12\/movie-night.2.-300x200.jpg\" alt=\"\" width=\"383\" height=\"255\" srcset=\"https:\/\/af.ca\/ottawa\/wp-content\/uploads\/2022\/12\/movie-night.2.-300x200.jpg 300w, https:\/\/af.ca\/ottawa\/wp-content\/uploads\/2022\/12\/movie-night.2.-1024x683.jpg 1024w, https:\/\/af.ca\/ottawa\/wp-content\/uploads\/2022\/12\/movie-night.2.-768x512.jpg 768w, https:\/\/af.ca\/ottawa\/wp-content\/uploads\/2022\/12\/movie-night.2.-1536x1024.jpg 1536w, https:\/\/af.ca\/ottawa\/wp-content\/uploads\/2022\/12\/movie-night.2.-2048x1365.jpg 2048w\" sizes=\"auto, (max-width: 383px) 100vw, 383px\" \/><\/a><\/p>\n<p>L\u2019Alliance Fran\u00e7aise vous offre \u00e0 chaque mois une activit\u00e9 Cin\u00e9club. Un film en fran\u00e7ais (sous-titr\u00e9 en anglais) est projet\u00e9 dans nos locaux et vous pouvez manger des petites collations pendant le film. Les films choisis vous permettront de pratiquer votre fran\u00e7ais ou simplement de d\u00e9compresser apr\u00e8s une longue journ\u00e9e.<\/p>\n<p>C\u2019est l\u2019occasion parfaite pour d\u00e9couvrir de nouveaux films qui ne se retrouvent peut-\u00eatre pas sur Netflix! De plus, apr\u00e8s le film, des discussions entre les gens sont possibles. C\u2019est une occasion parfaite pour socialiser et manger du <em>popcorn<\/em> !<\/p>\n<p>&nbsp;<\/p>\n<p><a href=\"https:\/\/nac-cna.ca\/fr\/\"><strong>Centre National des Arts (CNA)<\/strong><\/a><\/p>\n<p>&nbsp;<\/p>\n<p><a href=\"https:\/\/nac-cna.ca\/fr\/\"><img loading=\"lazy\" decoding=\"async\" class=\"alignnone wp-image-19862\" src=\"https:\/\/af.ca\/ottawa\/wp-content\/uploads\/2022\/12\/ImageB-300x200.jpg\" alt=\"\" width=\"446\" height=\"297\" srcset=\"https:\/\/af.ca\/ottawa\/wp-content\/uploads\/2022\/12\/ImageB-300x200.jpg 300w, https:\/\/af.ca\/ottawa\/wp-content\/uploads\/2022\/12\/ImageB.jpg 614w\" sizes=\"auto, (max-width: 446px) 100vw, 446px\" \/><\/a><\/p>\n<p><em>Le Centre national des Arts du Canada est un carrefour des arts de la sc\u00e8ne multidisciplinaire et bilingue. <\/em>Voil\u00e0 ce que vous pouvez lire sur le site Web du CNA. Si vous aimez les arts de la sc\u00e8ne et souhaitez assister \u00e0 de fabuleux spectacles, le CNA est fait pour vous!<\/p>\n<p>Que ce soient des spectacles de danse, de musique, de th\u00e9\u00e2tre, des activit\u00e9s en famille ou m\u00eame des ateliers sur tous les sujets, vous serez servis. Toutes les activit\u00e9s du CNA sont offertes dans les deux langues, et donc vous pourrez facilement faire toutes ces activit\u00e9s en fran\u00e7ais.<\/p>\n<p>Les membres de l\u2019Alliance fran\u00e7aise ont m\u00eame un rabais de 50% sur les pi\u00e8ces de th\u00e9\u00e2tre en fran\u00e7ais, ce qui en fait une activit\u00e9 \u00e0 moins co\u00fbt !<\/p>\n<p>&nbsp;<\/p>\n<ol start=\"3\">\n<li>\n<h2><span style=\"color: #b00909;\">Histoire<\/span><\/h2>\n<\/li>\n<\/ol>\n<p>&nbsp;<\/p>\n<p><a href=\"https:\/\/visitez.parl.ca\/sites\/Visit\/default\/fr_CA\"><strong>Visite du Parlement<\/strong><\/a><\/p>\n<p>&nbsp;<\/p>\n<p>Lors de votre passage \u00e0 Ottawa, pourquoi ne pas se laisser tenter par la visite du Parlement, lieu o\u00f9 les d\u00e9cisions gouvernementales du Canada se prennent. Les visites peuvent se faire en fran\u00e7ais, ce qui en fait une activit\u00e9 familiale ou solo tr\u00e8s int\u00e9ressante pour quiconque s\u2019int\u00e9resse \u00e0 la politique canadienne!<\/p>\n<p>&nbsp;<\/p>\n<p>&nbsp;<\/p>\n<p><a href=\"https:\/\/www.museedelaguerre.ca\/appuyer\/membres\/?gclid=Cj0KCQiAyracBhDoARIsACGFcS45lbMrE8t9yObNtpqEEFAtE-5LmBHfvT7bH27jIR6eSV1sV9CMFJIaAvoWEALw_wcB\"><strong>Mus\u00e9e de la guerre<\/strong><\/a><\/p>\n<p>&nbsp;<\/p>\n<p><a href=\"https:\/\/www.museedelaguerre.ca\/appuyer\/membres\/?gclid=Cj0KCQiAyracBhDoARIsACGFcS45lbMrE8t9yObNtpqEEFAtE-5LmBHfvT7bH27jIR6eSV1sV9CMFJIaAvoWEALw_wcB\"><img loading=\"lazy\" decoding=\"async\" class=\"alignnone wp-image-19866\" src=\"https:\/\/af.ca\/ottawa\/wp-content\/uploads\/2022\/12\/ImageD-300x212.jpg\" alt=\"\" width=\"474\" height=\"335\" srcset=\"https:\/\/af.ca\/ottawa\/wp-content\/uploads\/2022\/12\/ImageD-300x212.jpg 300w, https:\/\/af.ca\/ottawa\/wp-content\/uploads\/2022\/12\/ImageD.jpg 589w\" sizes=\"auto, (max-width: 474px) 100vw, 474px\" \/><\/a><\/p>\n<p>Vous avez envie de d\u00e9couvrir l\u2019histoire militaire du Canada ? Visiter le Mus\u00e9e canadien de la guerre sera l\u2019activit\u00e9 id\u00e9ale pour vous. Le mus\u00e9e se sp\u00e9cialise dans l\u2019\u00e9tude des conflits humains et de la guerre. Il est l\u2019un des plus respect\u00e9s au monde dans ce domaine.<\/p>\n<p>Les expositions mettent l\u2019accent sur l\u2019histoire militaire du Canada, de ses d\u00e9buts \u00e0 aujourd\u2019hui, en plus d\u2019offrir de nombreuses activit\u00e9s pour les petits et les grands. Vous pourrez facilement suivre tout ce qu\u2019offre le Mus\u00e9e canadien de la guerre en fran\u00e7ais, ce qui en fait une excellente activit\u00e9 pour toutes et tous \u00e0 faire \u00e0 Ottawa.<\/p>\n<p>&nbsp;<\/p>\n<ol start=\"4\">\n<li>\n<h2><span style=\"color: #b00909;\">Social<\/span><\/h2>\n<\/li>\n<\/ol>\n<p>&nbsp;<\/p>\n<p><a href=\"https:\/\/af.ca\/ottawa\/culture\/agenda-2\/#\/\"><strong>Soir\u00e9e Pub<\/strong><\/a><\/p>\n<p>&nbsp;<\/p>\n<p><a href=\"https:\/\/af.ca\/ottawa\/culture\/agenda-2\/#\/\"><img loading=\"lazy\" decoding=\"async\" class=\"alignnone wp-image-19868\" src=\"https:\/\/af.ca\/ottawa\/wp-content\/uploads\/2022\/12\/Sans-titre-2-300x169.png\" alt=\"\" width=\"499\" height=\"281\" srcset=\"https:\/\/af.ca\/ottawa\/wp-content\/uploads\/2022\/12\/Sans-titre-2-300x169.png 300w, https:\/\/af.ca\/ottawa\/wp-content\/uploads\/2022\/12\/Sans-titre-2-1024x576.png 1024w, https:\/\/af.ca\/ottawa\/wp-content\/uploads\/2022\/12\/Sans-titre-2-768x432.png 768w, https:\/\/af.ca\/ottawa\/wp-content\/uploads\/2022\/12\/Sans-titre-2-1536x864.png 1536w, https:\/\/af.ca\/ottawa\/wp-content\/uploads\/2022\/12\/Sans-titre-2.png 1920w\" sizes=\"auto, (max-width: 499px) 100vw, 499px\" \/><\/a><\/p>\n<p>Vous avez envie de discuter autour d\u2019une bonne bi\u00e8re ? La Soir\u00e9e Pub est l\u2019activit\u00e9 qu\u2019il vous faut. L\u2019Alliance Fran\u00e7aise organise plusieurs fois par ann\u00e9e des soir\u00e9es d\u00e9contract\u00e9es o\u00f9 toutes et tous peuvent se rencontrer pour discuter en fran\u00e7ais. Il s\u2019agit de l\u2019occasion id\u00e9ale pour vous pratiquer en fran\u00e7ais, ou simplement pour discuter et rencontrer de nouvelles personnes. Rester \u00e0 l\u2019affut, les Soir\u00e9es Pub sont assez populaires, vous ne voulez pas manquer \u00e7a!<\/p>\n<p>&nbsp;<\/p>\n<p><a href=\"https:\/\/af.ca\/ottawa\/culture\/agenda-2\/#\/\"><strong>Caf\u00e9 discussion<\/strong><\/a><\/p>\n<p>&nbsp;<\/p>\n<p>Si l\u2019alcool n\u2019est pas pour vous, mais que vous souhaitez tout de m\u00eame assister \u00e0 une activit\u00e9 de bavardage, le Caf\u00e9 discussion est pour vous. Quelques fois dans l\u2019ann\u00e9e, l\u2019Alliance fran\u00e7aise vous propose des matin\u00e9es o\u00f9 vous pouvez venir d\u00e9guster un th\u00e9 ou un caf\u00e9 tout en discutant avec les gens pr\u00e9sents. Anim\u00e9e par un\u00b7e enseignant\u00b7e de fran\u00e7ais, c\u2019est la meilleure fa\u00e7on de commencer sa journ\u00e9e !<\/p>\n<p>&nbsp;<\/p>\n<p>&nbsp;<\/p>\n<ol start=\"5\">\n<li>\n<h2><span style=\"color: #b00909;\">Festivals<\/span><\/h2>\n<\/li>\n<\/ol>\n<p>Plusieurs festivals sont pr\u00e9sents sur la sc\u00e8ne ottavienne pendant toute l\u2019ann\u00e9e. Nous vous proposons ici deux festivals centr\u00e9s sur la francophonie.<\/p>\n<p>&nbsp;<\/p>\n<p><a href=\"https:\/\/ffo.ca\/\"><strong>Festival franco-ontarien<\/strong><\/a><\/p>\n<p>&nbsp;<\/p>\n<p>Pourquoi ne pas se laisser transporter par la culture franco-ontarienne de la r\u00e9gion lors du Festival franco-ontarien ? Ouvert \u00e0 tous les francophones et francophiles, ce festival vous offre de nombreux concerts musicaux, des activit\u00e9s pour toute la famille et m\u00eame des d\u00e9gustations culinaires de plats de la francophonie du monde entier. Vous pourrez y d\u00e9couvrir la richesse de la culture franco-ontarienne et c\u00e9l\u00e9brer avec vos pairs.<\/p>\n<p>&nbsp;<\/p>\n<p><a href=\"https:\/\/www.ottawapoutinefest.ca\/\"><strong>Le festival de la poutine<\/strong><\/a><\/p>\n<p>&nbsp;<\/p>\n<p>Bien que l\u2019origine de la poutine soit souvent contest\u00e9e, la majorit\u00e9 des gens s\u2019entendent pour dire que ce plat aurait \u00e9t\u00e9 invent\u00e9 au Qu\u00e9bec. Le festival de la poutine se d\u00e9place dans les quatre coins de la province l\u2019\u00e9t\u00e9, et vient m\u00eame faire son tour \u00e0 Ottawa! Si vous avez envie de go\u00fbter \u00e0 toutes sortes de variations que vous n\u2019auriez m\u00eame pas pens\u00e9es possibles, ce festival vous donnera l\u2019eau \u00e0 la bouche.<\/p>\n<p>&nbsp;<\/p>\n<p>&nbsp;<\/p>\n<p>&nbsp;<\/p>\n","protected":false},"excerpt":{"rendered":"<p>&nbsp; La ville d\u2019Ottawa regorge d\u2019activit\u00e9s int\u00e9ressantes que vous pouvez faire. En revanche, il n\u2019est pas toujours facile de trouver o\u00f9 se cachent les \u00e9v\u00e9nements en fran\u00e7ais. L\u2019Alliance Fran\u00e7aise d\u2019Ottawa vous a pr\u00e9par\u00e9 un top 5 des activit\u00e9s \u00e0 faire en fran\u00e7ais \u00e0 Ottawa, pour faciliter vos recherches et vous permettre de vous pratiquer en&#8230;<\/p>\n<p><a class=\"button invert-primary\" href=\"https:\/\/af.ca\/ottawa\/top-5-des-activites-a-faire-en-francais-a-ottawa\/\">En savoir plus<\/a><\/p>\n","protected":false},"author":3,"featured_media":0,"parent":0,"menu_order":99,"comment_status":"closed","ping_status":"closed","template":"","meta":{"_acf_changed":false,"om_disable_all_campaigns":false,"_monsterinsights_skip_tracking":false,"_monsterinsights_sitenote_active":false,"_monsterinsights_sitenote_note":"","_monsterinsights_sitenote_category":0,"footnotes":""},"class_list":["post-19835","page","type-page","status-publish","hentry"],"acf":[],"yoast_head":"<!-- This site is optimized with the Yoast SEO plugin v27.4 - https:\/\/yoast.com\/product\/yoast-seo-wordpress\/ -->\n<title>Top 5 des activit\u00e9s \u00e0 faires en fran\u00e7ais \u00e0 Ottawa - Alliance Fran\u00e7aise Ottawa<\/title>\n<meta name=\"robots\" content=\"index, follow, max-snippet:-1, max-image-preview:large, max-video-preview:-1\" \/>\n<link rel=\"canonical\" href=\"https:\/\/af.ca\/ottawa\/top-5-des-activites-a-faire-en-francais-a-ottawa\/\" \/>\n<meta property=\"og:locale\" content=\"fr_FR\" \/>\n<meta property=\"og:type\" content=\"article\" \/>\n<meta property=\"og:title\" content=\"Top 5 des activit\u00e9s \u00e0 faires en fran\u00e7ais \u00e0 Ottawa - Alliance Fran\u00e7aise Ottawa\" \/>\n<meta property=\"og:description\" content=\"&nbsp; La ville d\u2019Ottawa regorge d\u2019activit\u00e9s int\u00e9ressantes que vous pouvez faire. En revanche, il n\u2019est pas toujours facile de trouver o\u00f9 se cachent les \u00e9v\u00e9nements en fran\u00e7ais. L\u2019Alliance Fran\u00e7aise d\u2019Ottawa vous a pr\u00e9par\u00e9 un top 5 des activit\u00e9s \u00e0 faire en fran\u00e7ais \u00e0 Ottawa, pour faciliter vos recherches et vous permettre de vous pratiquer en...En savoir plus\" \/>\n<meta property=\"og:url\" content=\"https:\/\/af.ca\/ottawa\/top-5-des-activites-a-faire-en-francais-a-ottawa\/\" \/>\n<meta property=\"og:site_name\" content=\"Alliance Fran\u00e7aise Ottawa\" \/>\n<meta property=\"article:modified_time\" content=\"2022-12-05T20:45:44+00:00\" \/>\n<meta property=\"og:image\" content=\"https:\/\/af.ca\/ottawa\/wp-content\/uploads\/2022\/12\/Image1-300x198.png\" \/>\n<meta name=\"twitter:card\" content=\"summary_large_image\" \/>\n<meta name=\"twitter:label1\" content=\"Dur\u00e9e de lecture estim\u00e9e\" \/>\n\t<meta name=\"twitter:data1\" content=\"6 minutes\" \/>\n<script type=\"application\/ld+json\" class=\"yoast-schema-graph\">{\"@context\":\"https:\\\/\\\/schema.org\",\"@graph\":[{\"@type\":\"WebPage\",\"@id\":\"https:\\\/\\\/af.ca\\\/ottawa\\\/top-5-des-activites-a-faire-en-francais-a-ottawa\\\/\",\"url\":\"https:\\\/\\\/af.ca\\\/ottawa\\\/top-5-des-activites-a-faire-en-francais-a-ottawa\\\/\",\"name\":\"Top 5 des activit\u00e9s \u00e0 faires en fran\u00e7ais \u00e0 Ottawa - Alliance Fran\u00e7aise Ottawa\",\"isPartOf\":{\"@id\":\"https:\\\/\\\/af.ca\\\/ottawa\\\/#website\"},\"primaryImageOfPage\":{\"@id\":\"https:\\\/\\\/af.ca\\\/ottawa\\\/top-5-des-activites-a-faire-en-francais-a-ottawa\\\/#primaryimage\"},\"image\":{\"@id\":\"https:\\\/\\\/af.ca\\\/ottawa\\\/top-5-des-activites-a-faire-en-francais-a-ottawa\\\/#primaryimage\"},\"thumbnailUrl\":\"https:\\\/\\\/af.ca\\\/ottawa\\\/wp-content\\\/uploads\\\/2022\\\/12\\\/Image1-300x198.png\",\"datePublished\":\"2022-12-05T19:51:16+00:00\",\"dateModified\":\"2022-12-05T20:45:44+00:00\",\"breadcrumb\":{\"@id\":\"https:\\\/\\\/af.ca\\\/ottawa\\\/top-5-des-activites-a-faire-en-francais-a-ottawa\\\/#breadcrumb\"},\"inLanguage\":\"fr-FR\",\"potentialAction\":[{\"@type\":\"ReadAction\",\"target\":[\"https:\\\/\\\/af.ca\\\/ottawa\\\/top-5-des-activites-a-faire-en-francais-a-ottawa\\\/\"]}]},{\"@type\":\"ImageObject\",\"inLanguage\":\"fr-FR\",\"@id\":\"https:\\\/\\\/af.ca\\\/ottawa\\\/top-5-des-activites-a-faire-en-francais-a-ottawa\\\/#primaryimage\",\"url\":\"https:\\\/\\\/af.ca\\\/ottawa\\\/wp-content\\\/uploads\\\/2022\\\/12\\\/Image1.png\",\"contentUrl\":\"https:\\\/\\\/af.ca\\\/ottawa\\\/wp-content\\\/uploads\\\/2022\\\/12\\\/Image1.png\",\"width\":813,\"height\":537},{\"@type\":\"BreadcrumbList\",\"@id\":\"https:\\\/\\\/af.ca\\\/ottawa\\\/top-5-des-activites-a-faire-en-francais-a-ottawa\\\/#breadcrumb\",\"itemListElement\":[{\"@type\":\"ListItem\",\"position\":1,\"name\":\"Home\",\"item\":\"https:\\\/\\\/af.ca\\\/ottawa\\\/\"},{\"@type\":\"ListItem\",\"position\":2,\"name\":\"Top 5 des activit\u00e9s \u00e0 faires en fran\u00e7ais \u00e0 Ottawa\"}]},{\"@type\":\"WebSite\",\"@id\":\"https:\\\/\\\/af.ca\\\/ottawa\\\/#website\",\"url\":\"https:\\\/\\\/af.ca\\\/ottawa\\\/\",\"name\":\"Alliance Fran\u00e7aise Ottawa\",\"description\":\"\u00c9cole de langue fran\u00e7aise et centre culturel\",\"potentialAction\":[{\"@type\":\"SearchAction\",\"target\":{\"@type\":\"EntryPoint\",\"urlTemplate\":\"https:\\\/\\\/af.ca\\\/ottawa\\\/?s={search_term_string}\"},\"query-input\":{\"@type\":\"PropertyValueSpecification\",\"valueRequired\":true,\"valueName\":\"search_term_string\"}}],\"inLanguage\":\"fr-FR\"}]}<\/script>\n<!-- \/ Yoast SEO plugin. -->","yoast_head_json":{"title":"Top 5 des activit\u00e9s \u00e0 faires en fran\u00e7ais \u00e0 Ottawa - Alliance Fran\u00e7aise Ottawa","robots":{"index":"index","follow":"follow","max-snippet":"max-snippet:-1","max-image-preview":"max-image-preview:large","max-video-preview":"max-video-preview:-1"},"canonical":"https:\/\/af.ca\/ottawa\/top-5-des-activites-a-faire-en-francais-a-ottawa\/","og_locale":"fr_FR","og_type":"article","og_title":"Top 5 des activit\u00e9s \u00e0 faires en fran\u00e7ais \u00e0 Ottawa - Alliance Fran\u00e7aise Ottawa","og_description":"&nbsp; La ville d\u2019Ottawa regorge d\u2019activit\u00e9s int\u00e9ressantes que vous pouvez faire. En revanche, il n\u2019est pas toujours facile de trouver o\u00f9 se cachent les \u00e9v\u00e9nements en fran\u00e7ais. L\u2019Alliance Fran\u00e7aise d\u2019Ottawa vous a pr\u00e9par\u00e9 un top 5 des activit\u00e9s \u00e0 faire en fran\u00e7ais \u00e0 Ottawa, pour faciliter vos recherches et vous permettre de vous pratiquer en...En savoir plus","og_url":"https:\/\/af.ca\/ottawa\/top-5-des-activites-a-faire-en-francais-a-ottawa\/","og_site_name":"Alliance Fran\u00e7aise Ottawa","article_modified_time":"2022-12-05T20:45:44+00:00","og_image":[{"url":"https:\/\/af.ca\/ottawa\/wp-content\/uploads\/2022\/12\/Image1-300x198.png","type":"","width":"","height":""}],"twitter_card":"summary_large_image","twitter_misc":{"Dur\u00e9e de lecture estim\u00e9e":"6 minutes"},"schema":{"@context":"https:\/\/schema.org","@graph":[{"@type":"WebPage","@id":"https:\/\/af.ca\/ottawa\/top-5-des-activites-a-faire-en-francais-a-ottawa\/","url":"https:\/\/af.ca\/ottawa\/top-5-des-activites-a-faire-en-francais-a-ottawa\/","name":"Top 5 des activit\u00e9s \u00e0 faires en fran\u00e7ais \u00e0 Ottawa - Alliance Fran\u00e7aise Ottawa","isPartOf":{"@id":"https:\/\/af.ca\/ottawa\/#website"},"primaryImageOfPage":{"@id":"https:\/\/af.ca\/ottawa\/top-5-des-activites-a-faire-en-francais-a-ottawa\/#primaryimage"},"image":{"@id":"https:\/\/af.ca\/ottawa\/top-5-des-activites-a-faire-en-francais-a-ottawa\/#primaryimage"},"thumbnailUrl":"https:\/\/af.ca\/ottawa\/wp-content\/uploads\/2022\/12\/Image1-300x198.png","datePublished":"2022-12-05T19:51:16+00:00","dateModified":"2022-12-05T20:45:44+00:00","breadcrumb":{"@id":"https:\/\/af.ca\/ottawa\/top-5-des-activites-a-faire-en-francais-a-ottawa\/#breadcrumb"},"inLanguage":"fr-FR","potentialAction":[{"@type":"ReadAction","target":["https:\/\/af.ca\/ottawa\/top-5-des-activites-a-faire-en-francais-a-ottawa\/"]}]},{"@type":"ImageObject","inLanguage":"fr-FR","@id":"https:\/\/af.ca\/ottawa\/top-5-des-activites-a-faire-en-francais-a-ottawa\/#primaryimage","url":"https:\/\/af.ca\/ottawa\/wp-content\/uploads\/2022\/12\/Image1.png","contentUrl":"https:\/\/af.ca\/ottawa\/wp-content\/uploads\/2022\/12\/Image1.png","width":813,"height":537},{"@type":"BreadcrumbList","@id":"https:\/\/af.ca\/ottawa\/top-5-des-activites-a-faire-en-francais-a-ottawa\/#breadcrumb","itemListElement":[{"@type":"ListItem","position":1,"name":"Home","item":"https:\/\/af.ca\/ottawa\/"},{"@type":"ListItem","position":2,"name":"Top 5 des activit\u00e9s \u00e0 faires en fran\u00e7ais \u00e0 Ottawa"}]},{"@type":"WebSite","@id":"https:\/\/af.ca\/ottawa\/#website","url":"https:\/\/af.ca\/ottawa\/","name":"Alliance Fran\u00e7aise Ottawa","description":"\u00c9cole de langue fran\u00e7aise et centre culturel","potentialAction":[{"@type":"SearchAction","target":{"@type":"EntryPoint","urlTemplate":"https:\/\/af.ca\/ottawa\/?s={search_term_string}"},"query-input":{"@type":"PropertyValueSpecification","valueRequired":true,"valueName":"search_term_string"}}],"inLanguage":"fr-FR"}]}},"blog_post_layout_featured_media_urls":{"thumbnail":"","full":""},"categories_names":null,"comments_number":"0","_links":{"self":[{"href":"https:\/\/af.ca\/ottawa\/wp-json\/wp\/v2\/pages\/19835","targetHints":{"allow":["GET"]}}],"collection":[{"href":"https:\/\/af.ca\/ottawa\/wp-json\/wp\/v2\/pages"}],"about":[{"href":"https:\/\/af.ca\/ottawa\/wp-json\/wp\/v2\/types\/page"}],"author":[{"embeddable":true,"href":"https:\/\/af.ca\/ottawa\/wp-json\/wp\/v2\/users\/3"}],"replies":[{"embeddable":true,"href":"https:\/\/af.ca\/ottawa\/wp-json\/wp\/v2\/comments?post=19835"}],"version-history":[{"count":0,"href":"https:\/\/af.ca\/ottawa\/wp-json\/wp\/v2\/pages\/19835\/revisions"}],"wp:attachment":[{"href":"https:\/\/af.ca\/ottawa\/wp-json\/wp\/v2\/media?parent=19835"}],"curies":[{"name":"wp","href":"https:\/\/api.w.org\/{rel}","templated":true}]}}