{"id":19890,"date":"2022-12-06T17:08:17","date_gmt":"2022-12-06T22:08:17","guid":{"rendered":"https:\/\/af.ca\/ottawa\/?page_id=19890"},"modified":"2022-12-06T17:08:17","modified_gmt":"2022-12-06T22:08:17","slug":"responsable-communication-marketing","status":"publish","type":"page","link":"https:\/\/af.ca\/ottawa\/responsable-communication-marketing\/","title":{"rendered":"Responsable communication-marketing"},"content":{"rendered":"<p>L\u2019Alliance Fran\u00e7aise Ottawa est une association \u00e0 but non lucratif implant\u00e9e dans la r\u00e9gion de la Capitale Nationale du Canada depuis 1905. Elle fait partie du r\u00e9seau des Alliances Fran\u00e7aises, plus grande organisation culturelle au monde avec 832 antennes pr\u00e9sentes dans 131 pays. L\u2019Alliance Fran\u00e7aise Ottawa est une \u00e9cole de langue fran\u00e7aise avec plus de 1,200 \u00e9tudiants par an, un centre culturel mettant en valeur toutes les cultures francophones, un centre de ressources p\u00e9dagogiques et documentaires, et un centre d\u2019examens officiellement accr\u00e9dit\u00e9.<\/p>\n<p>&nbsp;<\/p>\n<h2>\nDESCRIPTION DU POSTE<\/h2>\n<h2><\/h2>\n<h3>Marketing :<\/h3>\n<ul>\n<li>D\u00e9finir et renforcer l\u2019image de marque de l\u2019Alliance Fran\u00e7aise Ottawa<\/li>\n<li>Cr\u00e9er tout le mat\u00e9riel promotionnel n\u00e9cessaire \u00e0 assurer la place de l\u2019AF dans un contexte local tr\u00e8s concurrentiel, dans le respect de l\u2019image de marque de l\u2019organisation<\/li>\n<li>Identifier les segments d&rsquo;audience et les canaux marketing appropri\u00e9s<\/li>\n<li>Veille sur les nouveaux outils marketing, formation continue d\u00e8s que n\u00e9cessaire pour rester \u00e0 la pointe des nouvelles technologies<\/li>\n<li>Mise en \u0153uvre des campagnes publicitaires, incluant des publicit\u00e9s payantes, pour augmenter la visibilit\u00e9 des produits de l\u2019Alliance Fran\u00e7aise Ottawa<\/li>\n<\/ul>\n<p>&nbsp;<\/p>\n<h3>Communication :<\/h3>\n<ul>\n<li>Mettre en \u0153uvre les strat\u00e9gies de communication pour faire la promotion et augmenter la visibilit\u00e9 de l\u2019Alliance Fran\u00e7aise Ottawa<\/li>\n<li>R\u00e9daction de toutes les communications externes officielles de l\u2019organisme : infolettres (Sendinblue), communiqu\u00e9s de presse, etc.<\/li>\n<li>Cr\u00e9ation et mise en forme de toute la documentation relative \u00e0 la promotion de l\u2019AF et de ses programmes (d\u00e9pliants, affiches, visuels pour courriels etc.) M\u00e9dias sociaux :<\/li>\n<li>D\u00e9velopper et mettre en \u0153uvre une strat\u00e9gie bas\u00e9e sur l\u2019exp\u00e9rience humaine et adapt\u00e9e \u00e0 nos audiences sur les diff\u00e9rentes plateformes<\/li>\n<li>Supervision au quotidien du travail d\u2019un(e) volontaire en service civique qui anime les r\u00e9seaux sociaux, cr\u00e9er avec lui\/elle des contenus sp\u00e9cifiques pour chaque r\u00e9seau utilis\u00e9 par l\u2019AF (Instagram, Facebook, LinkedIn et Twitter)<\/li>\n<li>Analyser notre pr\u00e9sence sur les m\u00e9dias sociaux et faire des recommandations \u00e0 la Direction<\/li>\n<li>Assurer une veille technologique pour rester \u00e0 la pointe des plateformes utilis\u00e9es par notre audience<\/li>\n<li>Mettre en oeuvre des campagnes de publicit\u00e9 payantes via Facebook Ads Manager<\/li>\n<\/ul>\n<p>&nbsp;<\/p>\n<h3>Site Web :<\/h3>\n<ul>\n<li>Optimiser les pages web et leur r\u00e9f\u00e9rencement<\/li>\n<li>SEO : rechercher et mettre en oeuvre des recommandations en mati\u00e8re d\u2019optimisation des moteurs de recherche<\/li>\n<li>SEA : assumer les responsabilit\u00e9s quotidiennes li\u00e9es aux comptes Google Ads et Google<\/li>\n<li>Grants, surveiller et identifier les mots cl\u00e9s<\/li>\n<\/ul>\n<h3>\nRelations publiques :<\/h3>\n<ul>\n<li>Repr\u00e9senter l\u2019Alliance Fran\u00e7aise Ottawa lors d\u2019\u00e9v\u00e9nements publics, tels que des forums, rencontres avec les partenaires, etc.<\/li>\n<li>\u00catre le point de contact principal avec les m\u00e9dias, r\u00e9diger des communiqu\u00e9s de presse et planifier des entrevues r\u00e9guli\u00e8res pour la Direction<\/li>\n<li>R\u00e9diger et publier des enqu\u00eates de satisfaction \u00e0 la suite de chaque session de cours<\/li>\n<\/ul>\n<p>&nbsp;<\/p>\n<h3>Autres missions :<\/h3>\n<ul>\n<li>\u00c9tablissement et suivi du budget annuel du service communication-marketing<\/li>\n<li>Prospection : identification de nouveaux partenaires potentiels et cr\u00e9ation de partenariats (m\u00e9dias, associations, entreprises priv\u00e9es\u2026) en lien avec la Direction<\/li>\n<li>R\u00e9daction de diff\u00e9rents rapports selon les besoins (rapport annuel pour l\u2019Assembl\u00e9e G\u00e9n\u00e9rale, rapports d\u00e9taill\u00e9s r\u00e9guliers sur les r\u00e9sultats des enqu\u00eates de satisfaction et des campagnes promotionnelles)<\/li>\n<\/ul>\n<p>&nbsp;<\/p>\n<h2>\nEXPERIENCE ET COMP\u00c9TENCES<\/h2>\n<p>&nbsp;<\/p>\n<ul>\n<li>2 ans d\u2019exp\u00e9rience en marketing\/communication\/relations publiques souhait\u00e9s<\/li>\n<li>Comp\u00e9tences linguistiques requises : Fran\u00e7ais langue maternelle ou niveau C2 attest\u00e9, Anglais niveau B2<\/li>\n<li>Dipl\u00f4me universitaire ou certificat\/dipl\u00f4me d\u2019\u00e9tudes postsecondaires ou coll\u00e9giales dans un domaine pertinent (communication, marketing, journalisme, etc.)<\/li>\n<li>Excellentes comp\u00e9tences en communication orale et \u00e9crite en fran\u00e7ais et en anglais<\/li>\n<li>Comp\u00e9tences en relations interpersonnelles et relations publiques<\/li>\n<li>Comp\u00e9tences professionnelles sur les plateformes suivantes souhait\u00e9es : Photoshop\/ InDesign\/Canva, WordPress, plateformes de m\u00e9dias sociaux<\/li>\n<li>Connaissance pratique de Google Ads, Google Grants, Google Analytics, Facebook Ads Manager<\/li>\n<li>Capacit\u00e9 \u00e0 travailler sous pression et \u00e0 respecter les \u00e9ch\u00e9anciers dans un environnement dynamique<\/li>\n<li>\u00catre au fait des derni\u00e8res tendances en communication num\u00e9rique, des normes de l\u2019industrie et des meilleurs pratiques<\/li>\n<li>\u00a0Autonomie, flexibilit\u00e9<\/li>\n<li>Comp\u00e9tences manag\u00e9riales, personnalit\u00e9 ax\u00e9e sur les solutions et capacit\u00e9 de prendre des d\u00e9cisions<\/li>\n<\/ul>\n<p>&nbsp;<\/p>\n<h2><\/h2>\n<h2>CONDITIONS DE TRAVAIL<\/h2>\n<ul>\n<li>Entr\u00e9e en fonctions souhait\u00e9e : d\u00e8s que possible, 4 janvier 2023 au plus tard<\/li>\n<li>Contrat permanent \u00e0 dur\u00e9e ind\u00e9termin\u00e9e<\/li>\n<li>Poste \u00e0 temps plein, 37.5h\/semaine<\/li>\n<li>R\u00e9mun\u00e9ration : entre 23.32$ et 27.56$\/heure en fonction de l\u2019exp\u00e9rience et des dipl\u00f4mes<\/li>\n<li>Lieu de travail : 352 rue Maclaren, Ottawa ON K2P 0M6. T\u00e9l\u00e9travail possible<\/li>\n<\/ul>\n<p>&nbsp;<\/p>\n<h2>\nDEMARCHE A SUIVRE POUR PRESENTER SA CANDIDATURE<\/h2>\n<p>Envoyer CV et lettre de motivation en fran\u00e7ais \u00e0 Samuel Coeytaux, Directeur G\u00e9n\u00e9ral de l\u2019Alliance Fran\u00e7aise d\u2019Ottawa, par courriel \u00e0 l\u2019adresse suivante : direction@af.ca. Indiquer en objet du message \u00ab Candidature responsable com-marketing \u00bb. Seuls les citoyens canadiens, r\u00e9sidents permanents ou r\u00e9sidents temporaires d\u00e9tenteurs d\u2019une autorisation de travail au Canada en cours de validit\u00e9 seront consid\u00e9r\u00e9s. Copies des dipl\u00f4mes et lettres de r\u00e9f\u00e9rence \u00e0 fournir uniquement sur demande, apr\u00e8s la 1\u00e8re s\u00e9lection. Seules les personnes dont la candidature aura \u00e9t\u00e9 retenue seront recontact\u00e9es. Date limite de candidature : 16 d\u00e9cembre 2022.<\/p>\n","protected":false},"excerpt":{"rendered":"<p>L\u2019Alliance Fran\u00e7aise Ottawa est une association \u00e0 but non lucratif implant\u00e9e dans la r\u00e9gion de la Capitale Nationale du Canada depuis 1905. Elle fait partie du r\u00e9seau des Alliances Fran\u00e7aises, plus grande organisation culturelle au monde avec 832 antennes pr\u00e9sentes dans 131 pays. L\u2019Alliance Fran\u00e7aise Ottawa est une \u00e9cole de langue fran\u00e7aise avec plus de&#8230;<\/p>\n<p><a class=\"button invert-primary\" href=\"https:\/\/af.ca\/ottawa\/responsable-communication-marketing\/\">En savoir plus<\/a><\/p>\n","protected":false},"author":3,"featured_media":0,"parent":0,"menu_order":96,"comment_status":"closed","ping_status":"closed","template":"","meta":{"_acf_changed":false,"om_disable_all_campaigns":false,"_monsterinsights_skip_tracking":false,"_monsterinsights_sitenote_active":false,"_monsterinsights_sitenote_note":"","_monsterinsights_sitenote_category":0,"footnotes":""},"class_list":["post-19890","page","type-page","status-publish","hentry"],"acf":[],"yoast_head":"<!-- This site is optimized with the Yoast SEO plugin v27.3 - https:\/\/yoast.com\/product\/yoast-seo-wordpress\/ -->\n<title>Responsable communication-marketing - Alliance Fran\u00e7aise Ottawa<\/title>\n<meta name=\"robots\" content=\"index, follow, max-snippet:-1, max-image-preview:large, max-video-preview:-1\" \/>\n<link rel=\"canonical\" href=\"https:\/\/af.ca\/ottawa\/responsable-communication-marketing\/\" \/>\n<meta property=\"og:locale\" content=\"fr_FR\" \/>\n<meta property=\"og:type\" content=\"article\" \/>\n<meta property=\"og:title\" content=\"Responsable communication-marketing - Alliance Fran\u00e7aise Ottawa\" \/>\n<meta property=\"og:description\" content=\"L\u2019Alliance Fran\u00e7aise Ottawa est une association \u00e0 but non lucratif implant\u00e9e dans la r\u00e9gion de la Capitale Nationale du Canada depuis 1905. Elle fait partie du r\u00e9seau des Alliances Fran\u00e7aises, plus grande organisation culturelle au monde avec 832 antennes pr\u00e9sentes dans 131 pays. L\u2019Alliance Fran\u00e7aise Ottawa est une \u00e9cole de langue fran\u00e7aise avec plus de...En savoir plus\" \/>\n<meta property=\"og:url\" content=\"https:\/\/af.ca\/ottawa\/responsable-communication-marketing\/\" \/>\n<meta property=\"og:site_name\" content=\"Alliance Fran\u00e7aise Ottawa\" \/>\n<meta name=\"twitter:card\" content=\"summary_large_image\" \/>\n<meta name=\"twitter:label1\" content=\"Dur\u00e9e de lecture estim\u00e9e\" \/>\n\t<meta name=\"twitter:data1\" content=\"4 minutes\" \/>\n<script type=\"application\/ld+json\" class=\"yoast-schema-graph\">{\"@context\":\"https:\\\/\\\/schema.org\",\"@graph\":[{\"@type\":\"WebPage\",\"@id\":\"https:\\\/\\\/af.ca\\\/ottawa\\\/responsable-communication-marketing\\\/\",\"url\":\"https:\\\/\\\/af.ca\\\/ottawa\\\/responsable-communication-marketing\\\/\",\"name\":\"Responsable communication-marketing - Alliance Fran\u00e7aise Ottawa\",\"isPartOf\":{\"@id\":\"https:\\\/\\\/af.ca\\\/ottawa\\\/#website\"},\"datePublished\":\"2022-12-06T22:08:17+00:00\",\"breadcrumb\":{\"@id\":\"https:\\\/\\\/af.ca\\\/ottawa\\\/responsable-communication-marketing\\\/#breadcrumb\"},\"inLanguage\":\"fr-FR\",\"potentialAction\":[{\"@type\":\"ReadAction\",\"target\":[\"https:\\\/\\\/af.ca\\\/ottawa\\\/responsable-communication-marketing\\\/\"]}]},{\"@type\":\"BreadcrumbList\",\"@id\":\"https:\\\/\\\/af.ca\\\/ottawa\\\/responsable-communication-marketing\\\/#breadcrumb\",\"itemListElement\":[{\"@type\":\"ListItem\",\"position\":1,\"name\":\"Home\",\"item\":\"https:\\\/\\\/af.ca\\\/ottawa\\\/\"},{\"@type\":\"ListItem\",\"position\":2,\"name\":\"Responsable communication-marketing\"}]},{\"@type\":\"WebSite\",\"@id\":\"https:\\\/\\\/af.ca\\\/ottawa\\\/#website\",\"url\":\"https:\\\/\\\/af.ca\\\/ottawa\\\/\",\"name\":\"Alliance Fran\u00e7aise Ottawa\",\"description\":\"\u00c9cole de langue fran\u00e7aise et centre culturel\",\"potentialAction\":[{\"@type\":\"SearchAction\",\"target\":{\"@type\":\"EntryPoint\",\"urlTemplate\":\"https:\\\/\\\/af.ca\\\/ottawa\\\/?s={search_term_string}\"},\"query-input\":{\"@type\":\"PropertyValueSpecification\",\"valueRequired\":true,\"valueName\":\"search_term_string\"}}],\"inLanguage\":\"fr-FR\"}]}<\/script>\n<!-- \/ Yoast SEO plugin. -->","yoast_head_json":{"title":"Responsable communication-marketing - Alliance Fran\u00e7aise Ottawa","robots":{"index":"index","follow":"follow","max-snippet":"max-snippet:-1","max-image-preview":"max-image-preview:large","max-video-preview":"max-video-preview:-1"},"canonical":"https:\/\/af.ca\/ottawa\/responsable-communication-marketing\/","og_locale":"fr_FR","og_type":"article","og_title":"Responsable communication-marketing - Alliance Fran\u00e7aise Ottawa","og_description":"L\u2019Alliance Fran\u00e7aise Ottawa est une association \u00e0 but non lucratif implant\u00e9e dans la r\u00e9gion de la Capitale Nationale du Canada depuis 1905. Elle fait partie du r\u00e9seau des Alliances Fran\u00e7aises, plus grande organisation culturelle au monde avec 832 antennes pr\u00e9sentes dans 131 pays. L\u2019Alliance Fran\u00e7aise Ottawa est une \u00e9cole de langue fran\u00e7aise avec plus de...En savoir plus","og_url":"https:\/\/af.ca\/ottawa\/responsable-communication-marketing\/","og_site_name":"Alliance Fran\u00e7aise Ottawa","twitter_card":"summary_large_image","twitter_misc":{"Dur\u00e9e de lecture estim\u00e9e":"4 minutes"},"schema":{"@context":"https:\/\/schema.org","@graph":[{"@type":"WebPage","@id":"https:\/\/af.ca\/ottawa\/responsable-communication-marketing\/","url":"https:\/\/af.ca\/ottawa\/responsable-communication-marketing\/","name":"Responsable communication-marketing - Alliance Fran\u00e7aise Ottawa","isPartOf":{"@id":"https:\/\/af.ca\/ottawa\/#website"},"datePublished":"2022-12-06T22:08:17+00:00","breadcrumb":{"@id":"https:\/\/af.ca\/ottawa\/responsable-communication-marketing\/#breadcrumb"},"inLanguage":"fr-FR","potentialAction":[{"@type":"ReadAction","target":["https:\/\/af.ca\/ottawa\/responsable-communication-marketing\/"]}]},{"@type":"BreadcrumbList","@id":"https:\/\/af.ca\/ottawa\/responsable-communication-marketing\/#breadcrumb","itemListElement":[{"@type":"ListItem","position":1,"name":"Home","item":"https:\/\/af.ca\/ottawa\/"},{"@type":"ListItem","position":2,"name":"Responsable communication-marketing"}]},{"@type":"WebSite","@id":"https:\/\/af.ca\/ottawa\/#website","url":"https:\/\/af.ca\/ottawa\/","name":"Alliance Fran\u00e7aise Ottawa","description":"\u00c9cole de langue fran\u00e7aise et centre culturel","potentialAction":[{"@type":"SearchAction","target":{"@type":"EntryPoint","urlTemplate":"https:\/\/af.ca\/ottawa\/?s={search_term_string}"},"query-input":{"@type":"PropertyValueSpecification","valueRequired":true,"valueName":"search_term_string"}}],"inLanguage":"fr-FR"}]}},"blog_post_layout_featured_media_urls":{"thumbnail":"","full":""},"categories_names":null,"comments_number":"0","_links":{"self":[{"href":"https:\/\/af.ca\/ottawa\/wp-json\/wp\/v2\/pages\/19890","targetHints":{"allow":["GET"]}}],"collection":[{"href":"https:\/\/af.ca\/ottawa\/wp-json\/wp\/v2\/pages"}],"about":[{"href":"https:\/\/af.ca\/ottawa\/wp-json\/wp\/v2\/types\/page"}],"author":[{"embeddable":true,"href":"https:\/\/af.ca\/ottawa\/wp-json\/wp\/v2\/users\/3"}],"replies":[{"embeddable":true,"href":"https:\/\/af.ca\/ottawa\/wp-json\/wp\/v2\/comments?post=19890"}],"version-history":[{"count":0,"href":"https:\/\/af.ca\/ottawa\/wp-json\/wp\/v2\/pages\/19890\/revisions"}],"wp:attachment":[{"href":"https:\/\/af.ca\/ottawa\/wp-json\/wp\/v2\/media?parent=19890"}],"curies":[{"name":"wp","href":"https:\/\/api.w.org\/{rel}","templated":true}]}}