{"id":19963,"date":"2023-01-05T13:56:02","date_gmt":"2023-01-05T18:56:02","guid":{"rendered":"https:\/\/af.ca\/ottawa\/?page_id=19963"},"modified":"2023-01-05T13:56:02","modified_gmt":"2023-01-05T18:56:02","slug":"comment-apprendre-le-francais-rapidement-a-la-maison","status":"publish","type":"page","link":"https:\/\/af.ca\/ottawa\/comment-apprendre-le-francais-rapidement-a-la-maison\/","title":{"rendered":"Comment apprendre le fran\u00e7ais rapidement \u00e0 la maison ?"},"content":{"rendered":"<p>&nbsp;<\/p>\n<p><a href=\"https:\/\/af.ca\/ottawa\/wp-content\/uploads\/2023\/01\/pexels-mart-production-8434652-scaled.jpg\"><img loading=\"lazy\" decoding=\"async\" class=\" wp-image-19964\" src=\"https:\/\/af.ca\/ottawa\/wp-content\/uploads\/2023\/01\/pexels-mart-production-8434652-300x203.jpg\" alt=\"Comment apprendre le fran\u00e7ais rapidement \u00e0 la maison? \" width=\"783\" height=\"530\" srcset=\"https:\/\/af.ca\/ottawa\/wp-content\/uploads\/2023\/01\/pexels-mart-production-8434652-300x203.jpg 300w, https:\/\/af.ca\/ottawa\/wp-content\/uploads\/2023\/01\/pexels-mart-production-8434652-1024x692.jpg 1024w, https:\/\/af.ca\/ottawa\/wp-content\/uploads\/2023\/01\/pexels-mart-production-8434652-768x519.jpg 768w, https:\/\/af.ca\/ottawa\/wp-content\/uploads\/2023\/01\/pexels-mart-production-8434652-1536x1038.jpg 1536w, https:\/\/af.ca\/ottawa\/wp-content\/uploads\/2023\/01\/pexels-mart-production-8434652-2048x1383.jpg 2048w\" sizes=\"auto, (max-width: 783px) 100vw, 783px\" \/><\/a><\/p>\n<p>&nbsp;<\/p>\n<p>&nbsp;<\/p>\n<p>Votre maison est votre espace de s\u00e9curit\u00e9, l&rsquo;endroit o\u00f9 vous allez quand vous avez besoin de repos, de confort, pour \u00eatre avec votre famille et vous d\u00e9tendre. Mais saviez-vous que votre maison pouvait \u00e9galement \u00eatre utilis\u00e9e comme centre de formation linguistique, pour vous aider \u00e0 am\u00e9liorer votre fran\u00e7ais ? Ces six id\u00e9es interactives permettront d\u2019exposer constamment les enfants aux fran\u00e7ais.<br \/>\nVoici ce que vous pouvez faire :<\/p>\n<p>&nbsp;<\/p>\n<ol>\n<li>Faites le tour de votre maison et ajoutez des autocollants avec le nom traduit sur chaque objet, meuble et pi\u00e8ce que vous avez, cela vous aidera \u00e0 m\u00e9moriser facilement de nouveaux mots et \u00e0 approfondir votre vocabulaire fran\u00e7ais.<\/li>\n<\/ol>\n<p>&nbsp;<\/p>\n<ol start=\"2\">\n<li>Quelle est votre routine matinale ? Vous pouvez \u00e9couter des radios ou des podcasts fran\u00e7ais le matin en vous pr\u00e9parant pour le travail. Cela vous aidera \u00e0 d\u00e9velopper votre \u00e9coute.<\/li>\n<\/ol>\n<p>&nbsp;<\/p>\n<ol start=\"3\">\n<li>Dressez une liste de phrases et de mots tr\u00e8s couramment utilis\u00e9s et collez les sur votre r\u00e9frig\u00e9rateur ou sur les tiroirs de votre cuisine. De cette fa\u00e7on, vous apprendrez une nouvelle phrase chaque fois que vous irez prendre une collation.<\/li>\n<\/ol>\n<p>&nbsp;<\/p>\n<ol start=\"4\">\n<li>Une autre solution que nous vous recommandons est de changer la langue de votre t\u00e9l\u00e9phone et de votre ordinateur portable en fran\u00e7ais, afin de vous habituer \u00e0 certains mots techniques. Faites de m\u00eame pour vos autres appareils \u00e9lectroniques, comme Alexa, Siri et Google. Ce sera un peu difficile au d\u00e9but, mais vous finirez par faire de grandes am\u00e9liorations.<\/li>\n<\/ol>\n<p>&nbsp;<\/p>\n<ol start=\"5\">\n<li>Choisissez une pi\u00e8ce de votre maison, o\u00f9 vous serez oblig\u00e9 de parler fran\u00e7ais. C&rsquo;est-\u00e0-dire que d\u00e8s que vous mettrez le pied dans cette pi\u00e8ce, vous devrez changer de langue, cela peut \u00eatre votre bureau, votre cuisine, votre jardin, votre salle de bain, etc.<\/li>\n<\/ol>\n<p>&nbsp;<\/p>\n<ol start=\"6\">\n<li>Organisez des d\u00eeners, des clubs de lecture, des brunchs ou des f\u00eates en fran\u00e7ais. R\u00e9unissez des personnes qui apprennent le fran\u00e7ais comme vous, pour partager vos connaissances \u00e0 travers des d\u00eeners, des jeux ou toute autre activit\u00e9 qui pourrait vous int\u00e9resser.<\/li>\n<\/ol>\n<p>&nbsp;<\/p>\n<p>Nous esp\u00e9rons que ces conseils vous aideront. L&rsquo;Alliance Francaise Ottawa est un centre de formation en langue fran\u00e7aise, et nous serons plus qu&rsquo;heureux de vous aider dans votre voyage d&rsquo;apprentissage du fran\u00e7ais.<\/p>\n<p>Cliquez ici pour en savoir plus sur nos programmes.<\/p>\n<p><a href=\"https:\/\/af.ca\/ottawa\/cours\/cours-de-groupe-de-francais\/#\/\"><img loading=\"lazy\" decoding=\"async\" class=\"alignnone  wp-image-19322\" src=\"https:\/\/af.ca\/ottawa\/wp-content\/uploads\/2022\/08\/Bouton-site-internet-3-300x65.png\" alt=\"\" width=\"212\" height=\"46\" srcset=\"https:\/\/af.ca\/ottawa\/wp-content\/uploads\/2022\/08\/Bouton-site-internet-3-300x65.png 300w, https:\/\/af.ca\/ottawa\/wp-content\/uploads\/2022\/08\/Bouton-site-internet-3.png 589w\" sizes=\"auto, (max-width: 212px) 100vw, 212px\" \/><\/a><\/p>\n","protected":false},"excerpt":{"rendered":"<p>&nbsp; &nbsp; &nbsp; Votre maison est votre espace de s\u00e9curit\u00e9, l&rsquo;endroit o\u00f9 vous allez quand vous avez besoin de repos, de confort, pour \u00eatre avec votre famille et vous d\u00e9tendre. Mais saviez-vous que votre maison pouvait \u00e9galement \u00eatre utilis\u00e9e comme centre de formation linguistique, pour vous aider \u00e0 am\u00e9liorer votre fran\u00e7ais ? Ces six id\u00e9es&#8230;<\/p>\n<p><a class=\"button invert-primary\" href=\"https:\/\/af.ca\/ottawa\/comment-apprendre-le-francais-rapidement-a-la-maison\/\">En savoir plus<\/a><\/p>\n","protected":false},"author":3,"featured_media":0,"parent":0,"menu_order":93,"comment_status":"closed","ping_status":"closed","template":"","meta":{"_acf_changed":false,"om_disable_all_campaigns":false,"_monsterinsights_skip_tracking":false,"_monsterinsights_sitenote_active":false,"_monsterinsights_sitenote_note":"","_monsterinsights_sitenote_category":0,"footnotes":""},"class_list":["post-19963","page","type-page","status-publish","hentry"],"acf":[],"yoast_head":"<!-- This site is optimized with the Yoast SEO plugin v27.4 - https:\/\/yoast.com\/product\/yoast-seo-wordpress\/ -->\n<title>Comment apprendre le fran\u00e7ais rapidement \u00e0 la maison ? - Alliance Fran\u00e7aise Ottawa<\/title>\n<meta name=\"description\" content=\"Six astuces pour am\u00e9liorer votre fran\u00e7ais en famille \u00e0 la maison. D\u00e9couvrez nos conseils pratiques, ludiques et \u00e9ducatifs.\" \/>\n<meta name=\"robots\" content=\"index, follow, max-snippet:-1, max-image-preview:large, max-video-preview:-1\" \/>\n<link rel=\"canonical\" href=\"https:\/\/af.ca\/ottawa\/comment-apprendre-le-francais-rapidement-a-la-maison\/\" \/>\n<meta property=\"og:locale\" content=\"fr_FR\" \/>\n<meta property=\"og:type\" content=\"article\" \/>\n<meta property=\"og:title\" content=\"Comment apprendre le fran\u00e7ais \u00e0 la maison\" \/>\n<meta property=\"og:description\" content=\"Six astuces pour am\u00e9liorer votre fran\u00e7ais en famille \u00e0 la maison. D\u00e9couvrez nos conseils pratiques, ludiques et \u00e9ducatifs.\" \/>\n<meta property=\"og:url\" content=\"https:\/\/af.ca\/ottawa\/comment-apprendre-le-francais-rapidement-a-la-maison\/\" \/>\n<meta property=\"og:site_name\" content=\"Alliance Fran\u00e7aise Ottawa\" \/>\n<meta property=\"og:image\" content=\"https:\/\/af.ca\/ottawa\/wp-content\/uploads\/2023\/01\/pexels-mart-production-8434652-scaled.jpg\" \/>\n\t<meta property=\"og:image:width\" content=\"2560\" \/>\n\t<meta property=\"og:image:height\" content=\"1729\" \/>\n\t<meta property=\"og:image:type\" content=\"image\/jpeg\" \/>\n<meta name=\"twitter:card\" content=\"summary_large_image\" \/>\n<meta name=\"twitter:title\" content=\"Comment apprendre le fran\u00e7ais \u00e0 la maison\" \/>\n<meta name=\"twitter:description\" content=\"Six astuces pour am\u00e9liorer votre fran\u00e7ais en famille \u00e0 la maison. D\u00e9couvrez nos conseils pratiques, ludiques et \u00e9ducatifs.\" \/>\n<meta name=\"twitter:image\" content=\"https:\/\/af.ca\/ottawa\/wp-content\/uploads\/2023\/01\/pexels-mart-production-8434652-scaled.jpg\" \/>\n<meta name=\"twitter:label1\" content=\"Dur\u00e9e de lecture estim\u00e9e\" \/>\n\t<meta name=\"twitter:data1\" content=\"2 minutes\" \/>\n<script type=\"application\/ld+json\" class=\"yoast-schema-graph\">{\"@context\":\"https:\\\/\\\/schema.org\",\"@graph\":[{\"@type\":\"WebPage\",\"@id\":\"https:\\\/\\\/af.ca\\\/ottawa\\\/comment-apprendre-le-francais-rapidement-a-la-maison\\\/\",\"url\":\"https:\\\/\\\/af.ca\\\/ottawa\\\/comment-apprendre-le-francais-rapidement-a-la-maison\\\/\",\"name\":\"Comment apprendre le fran\u00e7ais rapidement \u00e0 la maison ? - Alliance Fran\u00e7aise Ottawa\",\"isPartOf\":{\"@id\":\"https:\\\/\\\/af.ca\\\/ottawa\\\/#website\"},\"primaryImageOfPage\":{\"@id\":\"https:\\\/\\\/af.ca\\\/ottawa\\\/comment-apprendre-le-francais-rapidement-a-la-maison\\\/#primaryimage\"},\"image\":{\"@id\":\"https:\\\/\\\/af.ca\\\/ottawa\\\/comment-apprendre-le-francais-rapidement-a-la-maison\\\/#primaryimage\"},\"thumbnailUrl\":\"https:\\\/\\\/af.ca\\\/ottawa\\\/wp-content\\\/uploads\\\/2023\\\/01\\\/pexels-mart-production-8434652-300x203.jpg\",\"datePublished\":\"2023-01-05T18:56:02+00:00\",\"description\":\"Six astuces pour am\u00e9liorer votre fran\u00e7ais en famille \u00e0 la maison. D\u00e9couvrez nos conseils pratiques, ludiques et \u00e9ducatifs.\",\"breadcrumb\":{\"@id\":\"https:\\\/\\\/af.ca\\\/ottawa\\\/comment-apprendre-le-francais-rapidement-a-la-maison\\\/#breadcrumb\"},\"inLanguage\":\"fr-FR\",\"potentialAction\":[{\"@type\":\"ReadAction\",\"target\":[\"https:\\\/\\\/af.ca\\\/ottawa\\\/comment-apprendre-le-francais-rapidement-a-la-maison\\\/\"]}]},{\"@type\":\"ImageObject\",\"inLanguage\":\"fr-FR\",\"@id\":\"https:\\\/\\\/af.ca\\\/ottawa\\\/comment-apprendre-le-francais-rapidement-a-la-maison\\\/#primaryimage\",\"url\":\"https:\\\/\\\/af.ca\\\/ottawa\\\/wp-content\\\/uploads\\\/2023\\\/01\\\/pexels-mart-production-8434652-scaled.jpg\",\"contentUrl\":\"https:\\\/\\\/af.ca\\\/ottawa\\\/wp-content\\\/uploads\\\/2023\\\/01\\\/pexels-mart-production-8434652-scaled.jpg\",\"width\":2560,\"height\":1729,\"caption\":\"Apprendre le fran\u00e7ais en famille \u00e0 la maison\"},{\"@type\":\"BreadcrumbList\",\"@id\":\"https:\\\/\\\/af.ca\\\/ottawa\\\/comment-apprendre-le-francais-rapidement-a-la-maison\\\/#breadcrumb\",\"itemListElement\":[{\"@type\":\"ListItem\",\"position\":1,\"name\":\"Home\",\"item\":\"https:\\\/\\\/af.ca\\\/ottawa\\\/\"},{\"@type\":\"ListItem\",\"position\":2,\"name\":\"Comment apprendre le fran\u00e7ais rapidement \u00e0 la maison ?\"}]},{\"@type\":\"WebSite\",\"@id\":\"https:\\\/\\\/af.ca\\\/ottawa\\\/#website\",\"url\":\"https:\\\/\\\/af.ca\\\/ottawa\\\/\",\"name\":\"Alliance Fran\u00e7aise Ottawa\",\"description\":\"\u00c9cole de langue fran\u00e7aise et centre culturel\",\"potentialAction\":[{\"@type\":\"SearchAction\",\"target\":{\"@type\":\"EntryPoint\",\"urlTemplate\":\"https:\\\/\\\/af.ca\\\/ottawa\\\/?s={search_term_string}\"},\"query-input\":{\"@type\":\"PropertyValueSpecification\",\"valueRequired\":true,\"valueName\":\"search_term_string\"}}],\"inLanguage\":\"fr-FR\"}]}<\/script>\n<!-- \/ Yoast SEO plugin. -->","yoast_head_json":{"title":"Comment apprendre le fran\u00e7ais rapidement \u00e0 la maison ? - Alliance Fran\u00e7aise Ottawa","description":"Six astuces pour am\u00e9liorer votre fran\u00e7ais en famille \u00e0 la maison. D\u00e9couvrez nos conseils pratiques, ludiques et \u00e9ducatifs.","robots":{"index":"index","follow":"follow","max-snippet":"max-snippet:-1","max-image-preview":"max-image-preview:large","max-video-preview":"max-video-preview:-1"},"canonical":"https:\/\/af.ca\/ottawa\/comment-apprendre-le-francais-rapidement-a-la-maison\/","og_locale":"fr_FR","og_type":"article","og_title":"Comment apprendre le fran\u00e7ais \u00e0 la maison","og_description":"Six astuces pour am\u00e9liorer votre fran\u00e7ais en famille \u00e0 la maison. D\u00e9couvrez nos conseils pratiques, ludiques et \u00e9ducatifs.","og_url":"https:\/\/af.ca\/ottawa\/comment-apprendre-le-francais-rapidement-a-la-maison\/","og_site_name":"Alliance Fran\u00e7aise Ottawa","og_image":[{"width":2560,"height":1729,"url":"https:\/\/af.ca\/ottawa\/wp-content\/uploads\/2023\/01\/pexels-mart-production-8434652-scaled.jpg","type":"image\/jpeg"}],"twitter_card":"summary_large_image","twitter_title":"Comment apprendre le fran\u00e7ais \u00e0 la maison","twitter_description":"Six astuces pour am\u00e9liorer votre fran\u00e7ais en famille \u00e0 la maison. D\u00e9couvrez nos conseils pratiques, ludiques et \u00e9ducatifs.","twitter_image":"https:\/\/af.ca\/ottawa\/wp-content\/uploads\/2023\/01\/pexels-mart-production-8434652-scaled.jpg","twitter_misc":{"Dur\u00e9e de lecture estim\u00e9e":"2 minutes"},"schema":{"@context":"https:\/\/schema.org","@graph":[{"@type":"WebPage","@id":"https:\/\/af.ca\/ottawa\/comment-apprendre-le-francais-rapidement-a-la-maison\/","url":"https:\/\/af.ca\/ottawa\/comment-apprendre-le-francais-rapidement-a-la-maison\/","name":"Comment apprendre le fran\u00e7ais rapidement \u00e0 la maison ? - Alliance Fran\u00e7aise Ottawa","isPartOf":{"@id":"https:\/\/af.ca\/ottawa\/#website"},"primaryImageOfPage":{"@id":"https:\/\/af.ca\/ottawa\/comment-apprendre-le-francais-rapidement-a-la-maison\/#primaryimage"},"image":{"@id":"https:\/\/af.ca\/ottawa\/comment-apprendre-le-francais-rapidement-a-la-maison\/#primaryimage"},"thumbnailUrl":"https:\/\/af.ca\/ottawa\/wp-content\/uploads\/2023\/01\/pexels-mart-production-8434652-300x203.jpg","datePublished":"2023-01-05T18:56:02+00:00","description":"Six astuces pour am\u00e9liorer votre fran\u00e7ais en famille \u00e0 la maison. D\u00e9couvrez nos conseils pratiques, ludiques et \u00e9ducatifs.","breadcrumb":{"@id":"https:\/\/af.ca\/ottawa\/comment-apprendre-le-francais-rapidement-a-la-maison\/#breadcrumb"},"inLanguage":"fr-FR","potentialAction":[{"@type":"ReadAction","target":["https:\/\/af.ca\/ottawa\/comment-apprendre-le-francais-rapidement-a-la-maison\/"]}]},{"@type":"ImageObject","inLanguage":"fr-FR","@id":"https:\/\/af.ca\/ottawa\/comment-apprendre-le-francais-rapidement-a-la-maison\/#primaryimage","url":"https:\/\/af.ca\/ottawa\/wp-content\/uploads\/2023\/01\/pexels-mart-production-8434652-scaled.jpg","contentUrl":"https:\/\/af.ca\/ottawa\/wp-content\/uploads\/2023\/01\/pexels-mart-production-8434652-scaled.jpg","width":2560,"height":1729,"caption":"Apprendre le fran\u00e7ais en famille \u00e0 la maison"},{"@type":"BreadcrumbList","@id":"https:\/\/af.ca\/ottawa\/comment-apprendre-le-francais-rapidement-a-la-maison\/#breadcrumb","itemListElement":[{"@type":"ListItem","position":1,"name":"Home","item":"https:\/\/af.ca\/ottawa\/"},{"@type":"ListItem","position":2,"name":"Comment apprendre le fran\u00e7ais rapidement \u00e0 la maison ?"}]},{"@type":"WebSite","@id":"https:\/\/af.ca\/ottawa\/#website","url":"https:\/\/af.ca\/ottawa\/","name":"Alliance Fran\u00e7aise Ottawa","description":"\u00c9cole de langue fran\u00e7aise et centre culturel","potentialAction":[{"@type":"SearchAction","target":{"@type":"EntryPoint","urlTemplate":"https:\/\/af.ca\/ottawa\/?s={search_term_string}"},"query-input":{"@type":"PropertyValueSpecification","valueRequired":true,"valueName":"search_term_string"}}],"inLanguage":"fr-FR"}]}},"blog_post_layout_featured_media_urls":{"thumbnail":"","full":""},"categories_names":null,"comments_number":"0","_links":{"self":[{"href":"https:\/\/af.ca\/ottawa\/wp-json\/wp\/v2\/pages\/19963","targetHints":{"allow":["GET"]}}],"collection":[{"href":"https:\/\/af.ca\/ottawa\/wp-json\/wp\/v2\/pages"}],"about":[{"href":"https:\/\/af.ca\/ottawa\/wp-json\/wp\/v2\/types\/page"}],"author":[{"embeddable":true,"href":"https:\/\/af.ca\/ottawa\/wp-json\/wp\/v2\/users\/3"}],"replies":[{"embeddable":true,"href":"https:\/\/af.ca\/ottawa\/wp-json\/wp\/v2\/comments?post=19963"}],"version-history":[{"count":0,"href":"https:\/\/af.ca\/ottawa\/wp-json\/wp\/v2\/pages\/19963\/revisions"}],"wp:attachment":[{"href":"https:\/\/af.ca\/ottawa\/wp-json\/wp\/v2\/media?parent=19963"}],"curies":[{"name":"wp","href":"https:\/\/api.w.org\/{rel}","templated":true}]}}