{"id":19981,"date":"2023-01-09T16:43:03","date_gmt":"2023-01-09T21:43:03","guid":{"rendered":"https:\/\/af.ca\/ottawa\/?page_id=19981"},"modified":"2023-01-09T16:24:14","modified_gmt":"2023-01-09T21:24:14","slug":"les-enfants-et-lapprentissage-du-francais","status":"publish","type":"page","link":"https:\/\/af.ca\/ottawa\/les-enfants-et-lapprentissage-du-francais\/","title":{"rendered":"Les enfants et l&rsquo;apprentissage du fran\u00e7ais"},"content":{"rendered":"<p>&nbsp;<\/p>\n<p><a href=\"https:\/\/af.ca\/ottawa\/wp-content\/uploads\/2023\/01\/pexels-august-de-richelieu-4260325-scaled.jpg\"><img loading=\"lazy\" decoding=\"async\" class=\" wp-image-19985\" src=\"https:\/\/af.ca\/ottawa\/wp-content\/uploads\/2023\/01\/pexels-august-de-richelieu-4260325-300x200.jpg\" alt=\"Les enfants et l'apprentissage du fran\u00e7ais\" width=\"786\" height=\"524\" srcset=\"https:\/\/af.ca\/ottawa\/wp-content\/uploads\/2023\/01\/pexels-august-de-richelieu-4260325-300x200.jpg 300w, https:\/\/af.ca\/ottawa\/wp-content\/uploads\/2023\/01\/pexels-august-de-richelieu-4260325-1024x683.jpg 1024w, https:\/\/af.ca\/ottawa\/wp-content\/uploads\/2023\/01\/pexels-august-de-richelieu-4260325-768x513.jpg 768w, https:\/\/af.ca\/ottawa\/wp-content\/uploads\/2023\/01\/pexels-august-de-richelieu-4260325-1536x1025.jpg 1536w, https:\/\/af.ca\/ottawa\/wp-content\/uploads\/2023\/01\/pexels-august-de-richelieu-4260325-2048x1367.jpg 2048w\" sizes=\"auto, (max-width: 786px) 100vw, 786px\" \/><\/a><\/p>\n<p>&nbsp;<\/p>\n<p>A Ottawa, le pourcentage de Canadiens qui parlaient principalement fran\u00e7ais \u00e0 la maison est pass\u00e9 de 10 % en 2016 \u00e0 8,4 % en 2021 selon <a href=\"https:\/\/ottawacitizen.com\/news\/local-news\/census-data-show-the-number-of-people-speaking-mostly-french-at-home-in-ottawa-is-in-decline\">Ottawa Citizen<\/a>.\u00a0 Plusieurs raisons sont \u00e0 l\u2019origine de ce d\u00e9clin alarmant.<\/p>\n<p>&nbsp;<\/p>\n<ul>\n<li>Le r\u00f4le des parents dans l\u2019apprentissage de la langue\u00a0maternelle<\/li>\n<\/ul>\n<p>En 2021, l\u2019anglais est la langue la plus parl\u00e9e dans les foyers \u00e0 Ottawa. D\u2019apr\u00e8s un article du journal le Droit (2013) \u00e0 partir des donn\u00e9es du Recensement de 2011, plus des deux-tiers des familles franco-ontariennes seraient exogames (1 seul parent est de langue maternelle fran\u00e7aise). Depuis 1970, les couples exogames ne font que cro\u00eetre avec une acc\u00e9l\u00e9ration depuis 1996. De plus, selon <a href=\"https:\/\/publications.gc.ca\/collections\/collection_2015\/statcan\/75-006-x\/14301-fra.pdf\">Statistiques Canada<\/a> le sexe du parent francophone peut faire toute la diff\u00e9rence en ce qui a trait \u00e0 la transmission de la langue. Dans 90% des cas, les enfants ayant deux parents francophones conserveront leurs langues. M\u00e8re francophone, p\u00e8re non francophone ? 40,8%. L\u2019inverse ? On tombe \u00e0 19%.<\/p>\n<p>&nbsp;<\/p>\n<ul>\n<li>L\u2019impact des\u00a0m\u00e9dias sur l\u2019apprentissage<\/li>\n<\/ul>\n<p>Malheureusement, m\u00eame si les parents font l\u2019effort de transmettre le fran\u00e7ais \u00e0 leurs enfants en les inscrivant dans des \u00e9coles francophones, ces derniers acceptent peu de parler le fran\u00e7ais dans la cour de r\u00e9cr\u00e9ation, au profit de l\u2019anglais. En effet, L\u2019Enqu\u00eate sur la vitalit\u00e9 des minorit\u00e9s de langue officielle (EVMLO) permet de jeter un \u00e9clairage sur la langue utilis\u00e9e lors de la pratique de cinq activit\u00e9s quotidiennes : l\u2019\u00e9coute de la t\u00e9l\u00e9vision, la navigation sur Internet, les activit\u00e9s sportives et non sportives organis\u00e9es et la lecture. L\u2019anglais reste la langue dominante\u00a0: la plupart de leurs s\u00e9ries, films, \u00e9missions, jeux, livres ou m\u00e9dias sociaux pr\u00e9f\u00e9r\u00e9s sont majoritairement anglophones.<\/p>\n<p>&nbsp;<\/p>\n<ul>\n<li>Comment la communaut\u00e9 influence l\u2019envie d\u2019apprendre une langue\u00a0?<\/li>\n<\/ul>\n<p>De plus, l\u2019utilisation du fran\u00e7ais par les enfants est li\u00e9e \u00e0 la dynamique linguistique de la communaut\u00e9. Parmi les enfants de parents francophones qui vivaient dans un milieu francophone minoritaire en 2006, 33 % utilisaient exclusivement ou principalement le fran\u00e7ais en lecture, et 12 % utilisaient exclusivement ou principalement le fran\u00e7ais pour l\u2019\u00e9coute de la t\u00e9l\u00e9vision. Plus de la moiti\u00e9 des enfants de parents francophones vivant dans des communaut\u00e9s o\u00f9 moins de 2 % des enfants ont le fran\u00e7ais comme premi\u00e8re langue officielle parl\u00e9e n\u2019utilisaient que l\u2019anglais pour lire ou pour \u00e9couter la t\u00e9l\u00e9vision.<\/p>\n<p>&nbsp;<\/p>\n<ul>\n<li>L\u2019importance des structures d\u2019apprentissage francophone<\/li>\n<\/ul>\n<p>Lorsqu\u2019on pense \u00e0 l\u2019apprentissage du fran\u00e7ais, la difficult\u00e9 r\u00e9elle ou imagin\u00e9e de la grammaire ou de la conjugaison peut parfois faire peur. Pourtant le fran\u00e7ais ne se r\u00e9sume pas qu\u2019\u00e0 \u00e7a. Toute la culture, l\u2019histoire et les valeurs qui y sont li\u00e9s sont des aspects importants de l\u2019apprentissage du fran\u00e7ais qui demeurent importants \u00e0 transmettre aux enfants. Il s\u2019agit d\u2019un h\u00e9ritage qui donne acc\u00e8s \u00e0 une culture riche universelle.<\/p>\n<p>Pour Anne-Marie Gu\u00e9vin, Adjointe \u00e0 la coordination au Centre pour l\u2019enfant et la famille ON y va-Grandir ensemble, \u00ab L\u2019apprentissage du fran\u00e7ais d\u00e8s le plus jeune \u00e2ge favorise non seulement son acquisition mais \u00e9galement la construction identitaire de l\u2019enfant gr\u00e2ce \u00e0 laquelle il pourra se d\u00e9finir et se reconna\u00eetre \u00e0 travers la francophonie durant toute sa vie. Il lui offre aussi la confiance et le d\u00e9sir de s\u2019exprimer dans cette langue, un \u00e9l\u00e9ment-cl\u00e9 pour renforcer la vitalit\u00e9 des communaut\u00e9s francophones et ce, particuli\u00e8rement en milieu minoritaire.\u00a0C\u2019est pourquoi il est important d\u2019offrir des structures permettant d\u2019encadrer les enfants dans leur apprentissage du fran\u00e7ais d\u00e8s leur plus jeune \u00e2ge. Le d\u00e9veloppement de savoirs et de comp\u00e9tences dans la langue fran\u00e7aise chez l\u2019enfant lui permettra, \u00e0 son tour, de s\u2019engager et de contribuer pleinement \u00e0 l\u2019essor de la communaut\u00e9 francophone.\u00a0\u00bb Le Centre Grandir Ensemble propose des groupes de jeux en fran\u00e7ais pour touts petits partout en ville, dont une fois par semaine \u00e0 l\u2019Alliance Fran\u00e7aise Ottawa.<\/p>\n<p>Avec vingt et une \u00e9coles primaires et 14 \u00e9coles secondaires francophones, le nombre d\u2019\u00e9l\u00e8ves qui \u00e9tudient en fran\u00e7ais dans la ville d\u2019Ottawa est de 11\u00a0000. Ce nombre d\u00e9montre la continuit\u00e9 de l\u2019int\u00e9r\u00eat pour le fran\u00e7ais. Mais les \u00e9coles ne sont pas la seule fa\u00e7on de favoriser l\u2019apprentissage du fran\u00e7ais.<\/p>\n<p>&nbsp;<\/p>\n<ul>\n<li>Les activit\u00e9s pour enfants\u00a0\u00e0 Ottawa pour l\u2019apprentissage du fran\u00e7ais<\/li>\n<\/ul>\n<p>La ville d\u2019Ottawa a\u00a0mis en place plusieurs programmes francophones pour encourager l\u2019apprentissage du fran\u00e7ais chez les enfants. Il existe de multiples programmes r\u00e9cr\u00e9atifs, de formation et culturels qui permettent de renforcer les comp\u00e9tences en fran\u00e7ais des tous petits.<\/p>\n<p>Les ateliers pour enfants sont \u00e9galement un moyen \u00e9ducatif et amusant pour leur faire d\u00e9couvrir cette belle langue. C\u2019est avec cette id\u00e9e en t\u00eate que l\u2019Alliance Fran\u00e7aise a cr\u00e9\u00e9 <a href=\"https:\/\/af.ca\/ottawa\/cours\/les-petits-penseurs\/#\/\">Les petits penseurs<\/a>, un atelier d\u2019initiation \u00e0 la philosophie r\u00e9serv\u00e9 aux enfants \u00e2g\u00e9s de 6 \u00e0 12 ans, francophones, anglophones ou apprenants de FLS, m\u00eame d\u00e9butants. Il a pour but d\u2019accompagner les enfants dans leur apprentissage du fran\u00e7ais mais aussi dans leur d\u00e9veloppement, cognitif, affectif et social. Ces ateliers sont jumel\u00e9s au club de lecture de l\u2019Alliance Francaise Ottawa pour permettre aux parents d\u00e9sirant accompagner leurs enfants de le faire tout en participant eux aussi \u00e0 des \u00e9changes intellectuels en fran\u00e7ais.<\/p>\n","protected":false},"excerpt":{"rendered":"<p>&nbsp; &nbsp; A Ottawa, le pourcentage de Canadiens qui parlaient principalement fran\u00e7ais \u00e0 la maison est pass\u00e9 de 10 % en 2016 \u00e0 8,4 % en 2021 selon Ottawa Citizen.\u00a0 Plusieurs raisons sont \u00e0 l\u2019origine de ce d\u00e9clin alarmant. &nbsp; Le r\u00f4le des parents dans l\u2019apprentissage de la langue\u00a0maternelle En 2021, l\u2019anglais est la langue&#8230;<\/p>\n<p><a class=\"button invert-primary\" href=\"https:\/\/af.ca\/ottawa\/les-enfants-et-lapprentissage-du-francais\/\">En savoir plus<\/a><\/p>\n","protected":false},"author":3,"featured_media":0,"parent":0,"menu_order":90,"comment_status":"closed","ping_status":"closed","template":"","meta":{"_acf_changed":false,"om_disable_all_campaigns":false,"_monsterinsights_skip_tracking":false,"_monsterinsights_sitenote_active":false,"_monsterinsights_sitenote_note":"","_monsterinsights_sitenote_category":0,"footnotes":""},"class_list":["post-19981","page","type-page","status-publish","hentry"],"acf":[],"yoast_head":"<!-- This site is optimized with the Yoast SEO plugin v27.3 - https:\/\/yoast.com\/product\/yoast-seo-wordpress\/ -->\n<title>Les enfants et l&#039;apprentissage du fran\u00e7ais - Alliance Fran\u00e7aise Ottawa<\/title>\n<meta name=\"description\" content=\"De moins en moins d&#039;enfants apprennent le fran\u00e7ais \u00e0 Ottawa. D\u00e9couvrez en les raisons vari\u00e9es et les solutions disponibles.\" \/>\n<meta name=\"robots\" content=\"index, follow, max-snippet:-1, max-image-preview:large, max-video-preview:-1\" \/>\n<link rel=\"canonical\" href=\"https:\/\/af.ca\/ottawa\/les-enfants-et-lapprentissage-du-francais\/\" \/>\n<meta property=\"og:locale\" content=\"fr_FR\" \/>\n<meta property=\"og:type\" content=\"article\" \/>\n<meta property=\"og:title\" content=\"Les enfants et l&#039;apprentissage du fran\u00e7ais\" \/>\n<meta property=\"og:description\" content=\"De moins en moins d&#039;enfants apprennent le fran\u00e7ais \u00e0 Ottawa. D\u00e9couvrez en les raisons vari\u00e9es et les solutions disponibles.\" \/>\n<meta property=\"og:url\" content=\"https:\/\/af.ca\/ottawa\/les-enfants-et-lapprentissage-du-francais\/\" \/>\n<meta property=\"og:site_name\" content=\"Alliance Fran\u00e7aise Ottawa\" \/>\n<meta property=\"og:image\" content=\"https:\/\/af.ca\/ottawa\/wp-content\/uploads\/2023\/01\/pexels-julia-m-cameron-4145347-scaled.jpg\" \/>\n\t<meta property=\"og:image:width\" content=\"1708\" \/>\n\t<meta property=\"og:image:height\" content=\"2560\" \/>\n\t<meta property=\"og:image:type\" content=\"image\/jpeg\" \/>\n<meta name=\"twitter:card\" content=\"summary_large_image\" \/>\n<meta name=\"twitter:title\" content=\"Les enfants et l&#039;apprentissage du fran\u00e7ais\" \/>\n<meta name=\"twitter:description\" content=\"De moins en moins d&#039;enfants apprennent le fran\u00e7ais \u00e0 Ottawa. D\u00e9couvrez en les raisons vari\u00e9es et les solutions disponibles.\" \/>\n<meta name=\"twitter:image\" content=\"https:\/\/af.ca\/ottawa\/wp-content\/uploads\/2023\/01\/pexels-julia-m-cameron-4145347-scaled.jpg\" \/>\n<meta name=\"twitter:label1\" content=\"Dur\u00e9e de lecture estim\u00e9e\" \/>\n\t<meta name=\"twitter:data1\" content=\"4 minutes\" \/>\n<script type=\"application\/ld+json\" class=\"yoast-schema-graph\">{\"@context\":\"https:\\\/\\\/schema.org\",\"@graph\":[{\"@type\":\"WebPage\",\"@id\":\"https:\\\/\\\/af.ca\\\/ottawa\\\/les-enfants-et-lapprentissage-du-francais\\\/\",\"url\":\"https:\\\/\\\/af.ca\\\/ottawa\\\/les-enfants-et-lapprentissage-du-francais\\\/\",\"name\":\"Les enfants et l'apprentissage du fran\u00e7ais - Alliance Fran\u00e7aise Ottawa\",\"isPartOf\":{\"@id\":\"https:\\\/\\\/af.ca\\\/ottawa\\\/#website\"},\"primaryImageOfPage\":{\"@id\":\"https:\\\/\\\/af.ca\\\/ottawa\\\/les-enfants-et-lapprentissage-du-francais\\\/#primaryimage\"},\"image\":{\"@id\":\"https:\\\/\\\/af.ca\\\/ottawa\\\/les-enfants-et-lapprentissage-du-francais\\\/#primaryimage\"},\"thumbnailUrl\":\"https:\\\/\\\/af.ca\\\/ottawa\\\/wp-content\\\/uploads\\\/2023\\\/01\\\/pexels-august-de-richelieu-4260325-300x200.jpg\",\"datePublished\":\"2023-01-09T21:43:03+00:00\",\"description\":\"De moins en moins d'enfants apprennent le fran\u00e7ais \u00e0 Ottawa. D\u00e9couvrez en les raisons vari\u00e9es et les solutions disponibles.\",\"breadcrumb\":{\"@id\":\"https:\\\/\\\/af.ca\\\/ottawa\\\/les-enfants-et-lapprentissage-du-francais\\\/#breadcrumb\"},\"inLanguage\":\"fr-FR\",\"potentialAction\":[{\"@type\":\"ReadAction\",\"target\":[\"https:\\\/\\\/af.ca\\\/ottawa\\\/les-enfants-et-lapprentissage-du-francais\\\/\"]}]},{\"@type\":\"ImageObject\",\"inLanguage\":\"fr-FR\",\"@id\":\"https:\\\/\\\/af.ca\\\/ottawa\\\/les-enfants-et-lapprentissage-du-francais\\\/#primaryimage\",\"url\":\"https:\\\/\\\/af.ca\\\/ottawa\\\/wp-content\\\/uploads\\\/2023\\\/01\\\/pexels-august-de-richelieu-4260325-scaled.jpg\",\"contentUrl\":\"https:\\\/\\\/af.ca\\\/ottawa\\\/wp-content\\\/uploads\\\/2023\\\/01\\\/pexels-august-de-richelieu-4260325-scaled.jpg\",\"width\":2560,\"height\":1709,\"caption\":\"Les enfants et l'apprentissage du fran\u00e7ais\"},{\"@type\":\"BreadcrumbList\",\"@id\":\"https:\\\/\\\/af.ca\\\/ottawa\\\/les-enfants-et-lapprentissage-du-francais\\\/#breadcrumb\",\"itemListElement\":[{\"@type\":\"ListItem\",\"position\":1,\"name\":\"Home\",\"item\":\"https:\\\/\\\/af.ca\\\/ottawa\\\/\"},{\"@type\":\"ListItem\",\"position\":2,\"name\":\"Les enfants et l&rsquo;apprentissage du fran\u00e7ais\"}]},{\"@type\":\"WebSite\",\"@id\":\"https:\\\/\\\/af.ca\\\/ottawa\\\/#website\",\"url\":\"https:\\\/\\\/af.ca\\\/ottawa\\\/\",\"name\":\"Alliance Fran\u00e7aise Ottawa\",\"description\":\"\u00c9cole de langue fran\u00e7aise et centre culturel\",\"potentialAction\":[{\"@type\":\"SearchAction\",\"target\":{\"@type\":\"EntryPoint\",\"urlTemplate\":\"https:\\\/\\\/af.ca\\\/ottawa\\\/?s={search_term_string}\"},\"query-input\":{\"@type\":\"PropertyValueSpecification\",\"valueRequired\":true,\"valueName\":\"search_term_string\"}}],\"inLanguage\":\"fr-FR\"}]}<\/script>\n<!-- \/ Yoast SEO plugin. -->","yoast_head_json":{"title":"Les enfants et l'apprentissage du fran\u00e7ais - Alliance Fran\u00e7aise Ottawa","description":"De moins en moins d'enfants apprennent le fran\u00e7ais \u00e0 Ottawa. D\u00e9couvrez en les raisons vari\u00e9es et les solutions disponibles.","robots":{"index":"index","follow":"follow","max-snippet":"max-snippet:-1","max-image-preview":"max-image-preview:large","max-video-preview":"max-video-preview:-1"},"canonical":"https:\/\/af.ca\/ottawa\/les-enfants-et-lapprentissage-du-francais\/","og_locale":"fr_FR","og_type":"article","og_title":"Les enfants et l'apprentissage du fran\u00e7ais","og_description":"De moins en moins d'enfants apprennent le fran\u00e7ais \u00e0 Ottawa. D\u00e9couvrez en les raisons vari\u00e9es et les solutions disponibles.","og_url":"https:\/\/af.ca\/ottawa\/les-enfants-et-lapprentissage-du-francais\/","og_site_name":"Alliance Fran\u00e7aise Ottawa","og_image":[{"width":1708,"height":2560,"url":"https:\/\/af.ca\/ottawa\/wp-content\/uploads\/2023\/01\/pexels-julia-m-cameron-4145347-scaled.jpg","type":"image\/jpeg"}],"twitter_card":"summary_large_image","twitter_title":"Les enfants et l'apprentissage du fran\u00e7ais","twitter_description":"De moins en moins d'enfants apprennent le fran\u00e7ais \u00e0 Ottawa. D\u00e9couvrez en les raisons vari\u00e9es et les solutions disponibles.","twitter_image":"https:\/\/af.ca\/ottawa\/wp-content\/uploads\/2023\/01\/pexels-julia-m-cameron-4145347-scaled.jpg","twitter_misc":{"Dur\u00e9e de lecture estim\u00e9e":"4 minutes"},"schema":{"@context":"https:\/\/schema.org","@graph":[{"@type":"WebPage","@id":"https:\/\/af.ca\/ottawa\/les-enfants-et-lapprentissage-du-francais\/","url":"https:\/\/af.ca\/ottawa\/les-enfants-et-lapprentissage-du-francais\/","name":"Les enfants et l'apprentissage du fran\u00e7ais - Alliance Fran\u00e7aise Ottawa","isPartOf":{"@id":"https:\/\/af.ca\/ottawa\/#website"},"primaryImageOfPage":{"@id":"https:\/\/af.ca\/ottawa\/les-enfants-et-lapprentissage-du-francais\/#primaryimage"},"image":{"@id":"https:\/\/af.ca\/ottawa\/les-enfants-et-lapprentissage-du-francais\/#primaryimage"},"thumbnailUrl":"https:\/\/af.ca\/ottawa\/wp-content\/uploads\/2023\/01\/pexels-august-de-richelieu-4260325-300x200.jpg","datePublished":"2023-01-09T21:43:03+00:00","description":"De moins en moins d'enfants apprennent le fran\u00e7ais \u00e0 Ottawa. D\u00e9couvrez en les raisons vari\u00e9es et les solutions disponibles.","breadcrumb":{"@id":"https:\/\/af.ca\/ottawa\/les-enfants-et-lapprentissage-du-francais\/#breadcrumb"},"inLanguage":"fr-FR","potentialAction":[{"@type":"ReadAction","target":["https:\/\/af.ca\/ottawa\/les-enfants-et-lapprentissage-du-francais\/"]}]},{"@type":"ImageObject","inLanguage":"fr-FR","@id":"https:\/\/af.ca\/ottawa\/les-enfants-et-lapprentissage-du-francais\/#primaryimage","url":"https:\/\/af.ca\/ottawa\/wp-content\/uploads\/2023\/01\/pexels-august-de-richelieu-4260325-scaled.jpg","contentUrl":"https:\/\/af.ca\/ottawa\/wp-content\/uploads\/2023\/01\/pexels-august-de-richelieu-4260325-scaled.jpg","width":2560,"height":1709,"caption":"Les enfants et l'apprentissage du fran\u00e7ais"},{"@type":"BreadcrumbList","@id":"https:\/\/af.ca\/ottawa\/les-enfants-et-lapprentissage-du-francais\/#breadcrumb","itemListElement":[{"@type":"ListItem","position":1,"name":"Home","item":"https:\/\/af.ca\/ottawa\/"},{"@type":"ListItem","position":2,"name":"Les enfants et l&rsquo;apprentissage du fran\u00e7ais"}]},{"@type":"WebSite","@id":"https:\/\/af.ca\/ottawa\/#website","url":"https:\/\/af.ca\/ottawa\/","name":"Alliance Fran\u00e7aise Ottawa","description":"\u00c9cole de langue fran\u00e7aise et centre culturel","potentialAction":[{"@type":"SearchAction","target":{"@type":"EntryPoint","urlTemplate":"https:\/\/af.ca\/ottawa\/?s={search_term_string}"},"query-input":{"@type":"PropertyValueSpecification","valueRequired":true,"valueName":"search_term_string"}}],"inLanguage":"fr-FR"}]}},"blog_post_layout_featured_media_urls":{"thumbnail":"","full":""},"categories_names":null,"comments_number":"0","_links":{"self":[{"href":"https:\/\/af.ca\/ottawa\/wp-json\/wp\/v2\/pages\/19981","targetHints":{"allow":["GET"]}}],"collection":[{"href":"https:\/\/af.ca\/ottawa\/wp-json\/wp\/v2\/pages"}],"about":[{"href":"https:\/\/af.ca\/ottawa\/wp-json\/wp\/v2\/types\/page"}],"author":[{"embeddable":true,"href":"https:\/\/af.ca\/ottawa\/wp-json\/wp\/v2\/users\/3"}],"replies":[{"embeddable":true,"href":"https:\/\/af.ca\/ottawa\/wp-json\/wp\/v2\/comments?post=19981"}],"version-history":[{"count":0,"href":"https:\/\/af.ca\/ottawa\/wp-json\/wp\/v2\/pages\/19981\/revisions"}],"wp:attachment":[{"href":"https:\/\/af.ca\/ottawa\/wp-json\/wp\/v2\/media?parent=19981"}],"curies":[{"name":"wp","href":"https:\/\/api.w.org\/{rel}","templated":true}]}}