{"id":20394,"date":"2023-04-04T15:58:42","date_gmt":"2023-04-04T19:58:42","guid":{"rendered":"https:\/\/af.ca\/ottawa\/?page_id=20394"},"modified":"2023-04-04T15:58:52","modified_gmt":"2023-04-04T19:58:52","slug":"20394-2","status":"publish","type":"page","link":"https:\/\/af.ca\/ottawa\/culture\/20394-2\/","title":{"rendered":"Expositions"},"content":{"rendered":"<h2>Art &amp; Artists<\/h2>\n<p>&nbsp;<\/p>\n<h3><a href=\"https:\/\/af.ca\/ottawa\/wp-content\/uploads\/2023\/04\/Vernissage-Miranda-Charles.png\"><img loading=\"lazy\" decoding=\"async\" class=\"size-medium wp-image-20392 alignleft\" src=\"https:\/\/af.ca\/ottawa\/wp-content\/uploads\/2023\/04\/Vernissage-Miranda-Charles-300x300.png\" alt=\"\" width=\"300\" height=\"300\" srcset=\"https:\/\/af.ca\/ottawa\/wp-content\/uploads\/2023\/04\/Vernissage-Miranda-Charles-300x300.png 300w, https:\/\/af.ca\/ottawa\/wp-content\/uploads\/2023\/04\/Vernissage-Miranda-Charles-1024x1024.png 1024w, https:\/\/af.ca\/ottawa\/wp-content\/uploads\/2023\/04\/Vernissage-Miranda-Charles-150x150.png 150w, https:\/\/af.ca\/ottawa\/wp-content\/uploads\/2023\/04\/Vernissage-Miranda-Charles-768x768.png 768w, https:\/\/af.ca\/ottawa\/wp-content\/uploads\/2023\/04\/Vernissage-Miranda-Charles-125x125.png 125w, https:\/\/af.ca\/ottawa\/wp-content\/uploads\/2023\/04\/Vernissage-Miranda-Charles.png 1080w\" sizes=\"auto, (max-width: 300px) 100vw, 300px\" \/><\/a><\/h3>\n<h3 style=\"text-align: left;\"><a href=\"https:\/\/af.ca\/ottawa\/details-de-levenement\/?eventId=706#\/\">\u00ab\u00a0C&rsquo;est un voyage dans le son\u00a0\u00bb &#8211; Une exposition par Miranda Charles<\/a><\/h3>\n<p style=\"text-align: left;\">Venez d\u00e9couvrir \u00e0 l&rsquo;Alliance Fran\u00e7aise, pendant tout le mois de mai, l&rsquo;exposition \u00ab\u00a0C&rsquo;est un voyage dans le son\u00a0\u00bb de l&rsquo;artiste peintre Miranda Charles. Cette exposition vous fera d\u00e9couvrir l\u2019art de Miranda Charles \u00e0 travers la musique qui l&rsquo;a inspir\u00e9. Ce voyage vous emm\u00e8nera des ann\u00e9es 60 jusqu&rsquo;aux ann\u00e9es 90. N&rsquo;oubliez pas d&rsquo;apporter un casque ou des \u00e9couteurs, car toutes les tableaux seront accompagn\u00e9es d&rsquo;un code QR que vous pourrez scanner pour \u00e9couter chaque chanson.<\/p>\n<p>&nbsp;<\/p>\n<p>&nbsp;<\/p>\n<p>&nbsp;<\/p>\n<p>&nbsp;<\/p>\n","protected":false},"excerpt":{"rendered":"<p>Art &amp; Artists &nbsp; \u00ab\u00a0C&rsquo;est un voyage dans le son\u00a0\u00bb &#8211; Une exposition par Miranda Charles Venez d\u00e9couvrir \u00e0 l&rsquo;Alliance Fran\u00e7aise, pendant tout le mois de mai, l&rsquo;exposition \u00ab\u00a0C&rsquo;est un voyage dans le son\u00a0\u00bb de l&rsquo;artiste peintre Miranda Charles. Cette exposition vous fera d\u00e9couvrir l\u2019art de Miranda Charles \u00e0 travers la musique qui l&rsquo;a inspir\u00e9&#8230;.<\/p>\n<p><a class=\"button invert-primary\" href=\"https:\/\/af.ca\/ottawa\/culture\/20394-2\/\">En savoir plus<\/a><\/p>\n","protected":false},"author":3,"featured_media":0,"parent":2392,"menu_order":236,"comment_status":"closed","ping_status":"closed","template":"templates\/culture-sous-sections.php","meta":{"_acf_changed":false,"om_disable_all_campaigns":false,"_monsterinsights_skip_tracking":false,"_monsterinsights_sitenote_active":false,"_monsterinsights_sitenote_note":"","_monsterinsights_sitenote_category":0,"footnotes":""},"class_list":["post-20394","page","type-page","status-publish","hentry"],"acf":[],"yoast_head":"<!-- This site is optimized with the Yoast SEO plugin v27.3 - https:\/\/yoast.com\/product\/yoast-seo-wordpress\/ -->\n<title>Expositions - Alliance Fran\u00e7aise Ottawa<\/title>\n<meta name=\"robots\" content=\"index, follow, max-snippet:-1, max-image-preview:large, max-video-preview:-1\" \/>\n<link rel=\"canonical\" href=\"https:\/\/af.ca\/ottawa\/culture\/20394-2\/\" \/>\n<meta property=\"og:locale\" content=\"fr_FR\" \/>\n<meta property=\"og:type\" content=\"article\" \/>\n<meta property=\"og:title\" content=\"Expositions - Alliance Fran\u00e7aise Ottawa\" \/>\n<meta property=\"og:description\" content=\"Art &amp; Artists &nbsp; \u00ab\u00a0C&rsquo;est un voyage dans le son\u00a0\u00bb &#8211; Une exposition par Miranda Charles Venez d\u00e9couvrir \u00e0 l&rsquo;Alliance Fran\u00e7aise, pendant tout le mois de mai, l&rsquo;exposition \u00ab\u00a0C&rsquo;est un voyage dans le son\u00a0\u00bb de l&rsquo;artiste peintre Miranda Charles. Cette exposition vous fera d\u00e9couvrir l\u2019art de Miranda Charles \u00e0 travers la musique qui l&rsquo;a inspir\u00e9....En savoir plus\" \/>\n<meta property=\"og:url\" content=\"https:\/\/af.ca\/ottawa\/culture\/20394-2\/\" \/>\n<meta property=\"og:site_name\" content=\"Alliance Fran\u00e7aise Ottawa\" \/>\n<meta property=\"article:modified_time\" content=\"2023-04-04T19:58:52+00:00\" \/>\n<meta property=\"og:image\" content=\"https:\/\/af.ca\/ottawa\/wp-content\/uploads\/2023\/04\/Vernissage-Miranda-Charles-300x300.png\" \/>\n<meta name=\"twitter:card\" content=\"summary_large_image\" \/>\n<meta name=\"twitter:label1\" content=\"Dur\u00e9e de lecture estim\u00e9e\" \/>\n\t<meta name=\"twitter:data1\" content=\"1 minute\" \/>\n<script type=\"application\/ld+json\" class=\"yoast-schema-graph\">{\"@context\":\"https:\\\/\\\/schema.org\",\"@graph\":[{\"@type\":\"WebPage\",\"@id\":\"https:\\\/\\\/af.ca\\\/ottawa\\\/culture\\\/20394-2\\\/\",\"url\":\"https:\\\/\\\/af.ca\\\/ottawa\\\/culture\\\/20394-2\\\/\",\"name\":\"Expositions - Alliance Fran\u00e7aise Ottawa\",\"isPartOf\":{\"@id\":\"https:\\\/\\\/af.ca\\\/ottawa\\\/#website\"},\"primaryImageOfPage\":{\"@id\":\"https:\\\/\\\/af.ca\\\/ottawa\\\/culture\\\/20394-2\\\/#primaryimage\"},\"image\":{\"@id\":\"https:\\\/\\\/af.ca\\\/ottawa\\\/culture\\\/20394-2\\\/#primaryimage\"},\"thumbnailUrl\":\"https:\\\/\\\/af.ca\\\/ottawa\\\/wp-content\\\/uploads\\\/2023\\\/04\\\/Vernissage-Miranda-Charles-300x300.png\",\"datePublished\":\"2023-04-04T19:58:42+00:00\",\"dateModified\":\"2023-04-04T19:58:52+00:00\",\"breadcrumb\":{\"@id\":\"https:\\\/\\\/af.ca\\\/ottawa\\\/culture\\\/20394-2\\\/#breadcrumb\"},\"inLanguage\":\"fr-FR\",\"potentialAction\":[{\"@type\":\"ReadAction\",\"target\":[\"https:\\\/\\\/af.ca\\\/ottawa\\\/culture\\\/20394-2\\\/\"]}]},{\"@type\":\"ImageObject\",\"inLanguage\":\"fr-FR\",\"@id\":\"https:\\\/\\\/af.ca\\\/ottawa\\\/culture\\\/20394-2\\\/#primaryimage\",\"url\":\"https:\\\/\\\/af.ca\\\/ottawa\\\/wp-content\\\/uploads\\\/2023\\\/04\\\/Vernissage-Miranda-Charles.png\",\"contentUrl\":\"https:\\\/\\\/af.ca\\\/ottawa\\\/wp-content\\\/uploads\\\/2023\\\/04\\\/Vernissage-Miranda-Charles.png\",\"width\":1080,\"height\":1080},{\"@type\":\"BreadcrumbList\",\"@id\":\"https:\\\/\\\/af.ca\\\/ottawa\\\/culture\\\/20394-2\\\/#breadcrumb\",\"itemListElement\":[{\"@type\":\"ListItem\",\"position\":1,\"name\":\"Home\",\"item\":\"https:\\\/\\\/af.ca\\\/ottawa\\\/\"},{\"@type\":\"ListItem\",\"position\":2,\"name\":\"Culture\",\"item\":\"https:\\\/\\\/af.ca\\\/ottawa\\\/culture\\\/\"},{\"@type\":\"ListItem\",\"position\":3,\"name\":\"Expositions\"}]},{\"@type\":\"WebSite\",\"@id\":\"https:\\\/\\\/af.ca\\\/ottawa\\\/#website\",\"url\":\"https:\\\/\\\/af.ca\\\/ottawa\\\/\",\"name\":\"Alliance Fran\u00e7aise Ottawa\",\"description\":\"\u00c9cole de langue fran\u00e7aise et centre culturel\",\"potentialAction\":[{\"@type\":\"SearchAction\",\"target\":{\"@type\":\"EntryPoint\",\"urlTemplate\":\"https:\\\/\\\/af.ca\\\/ottawa\\\/?s={search_term_string}\"},\"query-input\":{\"@type\":\"PropertyValueSpecification\",\"valueRequired\":true,\"valueName\":\"search_term_string\"}}],\"inLanguage\":\"fr-FR\"}]}<\/script>\n<!-- \/ Yoast SEO plugin. -->","yoast_head_json":{"title":"Expositions - Alliance Fran\u00e7aise Ottawa","robots":{"index":"index","follow":"follow","max-snippet":"max-snippet:-1","max-image-preview":"max-image-preview:large","max-video-preview":"max-video-preview:-1"},"canonical":"https:\/\/af.ca\/ottawa\/culture\/20394-2\/","og_locale":"fr_FR","og_type":"article","og_title":"Expositions - Alliance Fran\u00e7aise Ottawa","og_description":"Art &amp; Artists &nbsp; \u00ab\u00a0C&rsquo;est un voyage dans le son\u00a0\u00bb &#8211; Une exposition par Miranda Charles Venez d\u00e9couvrir \u00e0 l&rsquo;Alliance Fran\u00e7aise, pendant tout le mois de mai, l&rsquo;exposition \u00ab\u00a0C&rsquo;est un voyage dans le son\u00a0\u00bb de l&rsquo;artiste peintre Miranda Charles. Cette exposition vous fera d\u00e9couvrir l\u2019art de Miranda Charles \u00e0 travers la musique qui l&rsquo;a inspir\u00e9....En savoir plus","og_url":"https:\/\/af.ca\/ottawa\/culture\/20394-2\/","og_site_name":"Alliance Fran\u00e7aise Ottawa","article_modified_time":"2023-04-04T19:58:52+00:00","og_image":[{"url":"https:\/\/af.ca\/ottawa\/wp-content\/uploads\/2023\/04\/Vernissage-Miranda-Charles-300x300.png","type":"","width":"","height":""}],"twitter_card":"summary_large_image","twitter_misc":{"Dur\u00e9e de lecture estim\u00e9e":"1 minute"},"schema":{"@context":"https:\/\/schema.org","@graph":[{"@type":"WebPage","@id":"https:\/\/af.ca\/ottawa\/culture\/20394-2\/","url":"https:\/\/af.ca\/ottawa\/culture\/20394-2\/","name":"Expositions - Alliance Fran\u00e7aise Ottawa","isPartOf":{"@id":"https:\/\/af.ca\/ottawa\/#website"},"primaryImageOfPage":{"@id":"https:\/\/af.ca\/ottawa\/culture\/20394-2\/#primaryimage"},"image":{"@id":"https:\/\/af.ca\/ottawa\/culture\/20394-2\/#primaryimage"},"thumbnailUrl":"https:\/\/af.ca\/ottawa\/wp-content\/uploads\/2023\/04\/Vernissage-Miranda-Charles-300x300.png","datePublished":"2023-04-04T19:58:42+00:00","dateModified":"2023-04-04T19:58:52+00:00","breadcrumb":{"@id":"https:\/\/af.ca\/ottawa\/culture\/20394-2\/#breadcrumb"},"inLanguage":"fr-FR","potentialAction":[{"@type":"ReadAction","target":["https:\/\/af.ca\/ottawa\/culture\/20394-2\/"]}]},{"@type":"ImageObject","inLanguage":"fr-FR","@id":"https:\/\/af.ca\/ottawa\/culture\/20394-2\/#primaryimage","url":"https:\/\/af.ca\/ottawa\/wp-content\/uploads\/2023\/04\/Vernissage-Miranda-Charles.png","contentUrl":"https:\/\/af.ca\/ottawa\/wp-content\/uploads\/2023\/04\/Vernissage-Miranda-Charles.png","width":1080,"height":1080},{"@type":"BreadcrumbList","@id":"https:\/\/af.ca\/ottawa\/culture\/20394-2\/#breadcrumb","itemListElement":[{"@type":"ListItem","position":1,"name":"Home","item":"https:\/\/af.ca\/ottawa\/"},{"@type":"ListItem","position":2,"name":"Culture","item":"https:\/\/af.ca\/ottawa\/culture\/"},{"@type":"ListItem","position":3,"name":"Expositions"}]},{"@type":"WebSite","@id":"https:\/\/af.ca\/ottawa\/#website","url":"https:\/\/af.ca\/ottawa\/","name":"Alliance Fran\u00e7aise Ottawa","description":"\u00c9cole de langue fran\u00e7aise et centre culturel","potentialAction":[{"@type":"SearchAction","target":{"@type":"EntryPoint","urlTemplate":"https:\/\/af.ca\/ottawa\/?s={search_term_string}"},"query-input":{"@type":"PropertyValueSpecification","valueRequired":true,"valueName":"search_term_string"}}],"inLanguage":"fr-FR"}]}},"blog_post_layout_featured_media_urls":{"thumbnail":"","full":""},"categories_names":null,"comments_number":"0","_links":{"self":[{"href":"https:\/\/af.ca\/ottawa\/wp-json\/wp\/v2\/pages\/20394","targetHints":{"allow":["GET"]}}],"collection":[{"href":"https:\/\/af.ca\/ottawa\/wp-json\/wp\/v2\/pages"}],"about":[{"href":"https:\/\/af.ca\/ottawa\/wp-json\/wp\/v2\/types\/page"}],"author":[{"embeddable":true,"href":"https:\/\/af.ca\/ottawa\/wp-json\/wp\/v2\/users\/3"}],"replies":[{"embeddable":true,"href":"https:\/\/af.ca\/ottawa\/wp-json\/wp\/v2\/comments?post=20394"}],"version-history":[{"count":0,"href":"https:\/\/af.ca\/ottawa\/wp-json\/wp\/v2\/pages\/20394\/revisions"}],"up":[{"embeddable":true,"href":"https:\/\/af.ca\/ottawa\/wp-json\/wp\/v2\/pages\/2392"}],"wp:attachment":[{"href":"https:\/\/af.ca\/ottawa\/wp-json\/wp\/v2\/media?parent=20394"}],"curies":[{"name":"wp","href":"https:\/\/api.w.org\/{rel}","templated":true}]}}