{"id":20524,"date":"2023-05-04T15:45:22","date_gmt":"2023-05-04T19:45:22","guid":{"rendered":"https:\/\/af.ca\/ottawa\/?page_id=20524"},"modified":"2023-05-04T15:45:22","modified_gmt":"2023-05-04T19:45:22","slug":"tisser-des-liens-appel-dartistes-autochtones-et-allochtones","status":"publish","type":"page","link":"https:\/\/af.ca\/ottawa\/tisser-des-liens-appel-dartistes-autochtones-et-allochtones\/","title":{"rendered":"Tisser des liens : Appel d&rsquo;artistes autochtones et allochtones"},"content":{"rendered":"<p><a href=\"https:\/\/af.ca\/ottawa\/wp-content\/uploads\/2023\/05\/Tisser-des-liens-visuel-format-banniere.png\"><img loading=\"lazy\" decoding=\"async\" class=\"alignnone  wp-image-20525\" src=\"https:\/\/af.ca\/ottawa\/wp-content\/uploads\/2023\/05\/Tisser-des-liens-visuel-format-banniere-300x157.png\" alt=\"\" width=\"610\" height=\"319\" srcset=\"https:\/\/af.ca\/ottawa\/wp-content\/uploads\/2023\/05\/Tisser-des-liens-visuel-format-banniere-300x157.png 300w, https:\/\/af.ca\/ottawa\/wp-content\/uploads\/2023\/05\/Tisser-des-liens-visuel-format-banniere-1024x536.png 1024w, https:\/\/af.ca\/ottawa\/wp-content\/uploads\/2023\/05\/Tisser-des-liens-visuel-format-banniere-768x402.png 768w, https:\/\/af.ca\/ottawa\/wp-content\/uploads\/2023\/05\/Tisser-des-liens-visuel-format-banniere.png 1200w\" sizes=\"auto, (max-width: 610px) 100vw, 610px\" \/><\/a><\/p>\n<p>&nbsp;<\/p>\n<p>Dans le cadre de la Journ\u00e9e de V\u00e9rit\u00e9 et R\u00e9conciliation, et anim\u00e9e d\u2019un d\u00e9sir de tisser des liens entre les communaut\u00e9s autochtones et allochtones de la r\u00e9gion de la Capitale nationale, l\u2019Alliance fran\u00e7aise d\u2019Ottawa souhaite accueillir deux artistes afin de cr\u00e9er une \u0153uvre unique.<\/p>\n<p>Les deux artistes choisis devront travailler ensemble dans ce projet de m\u00e9diation culturelle, sous le th\u00e8me \u00ab\u00a0Tisser des liens\u00a0\u00bb. Nous fournirons le support: une toile 40x 60 format galerie, de m\u00eame que la peinture acrylique jusqu\u2019\u00e0 concurrence de 100$.<\/p>\n<p>Les artistes retenus recevront un cachet de 150$ chacun pour la production de cette \u0153uvre, dont le vernissage aura lieu le 30 septembre 2023, dans notre salle d\u2019exposition.<\/p>\n<p><strong>La date limite pour soumettre votre dossier est le <u>15 juin 2023<\/u>.<\/strong><\/p>\n<p>Seuls les dossiers en format PDF seront accept\u00e9s.<\/p>\n<p>Le dossier doit comprendre\u00a0:<\/p>\n<ul>\n<li>Le formulaire de demande d\u2019analyse de dossier (page suivante);<\/li>\n<li>Votre CV artistique;<\/li>\n<li>Votre d\u00e9marche artistique;<\/li>\n<li>4 photos de bonne qualit\u00e9 en format 8 \u00bd x 11 de vos \u0153uvres;<\/li>\n<li>Les raisons qui vous motivent \u00e0 participer \u00e0 cette cr\u00e9ation en m\u00e9diation artistique.<\/li>\n<\/ul>\n<p>&nbsp;<\/p>\n<p>Veuillez noter que nous s\u00e9lectionnerons un artiste autochtone et un artiste allochtone pour r\u00e9aliser cette \u0153uvre. Il serait donc important de sp\u00e9cifier \u00e0 quelle communaut\u00e9 vous vous identifiez dans votre CV.<\/p>\n<p>De plus, les artistes retenus auront la possibilit\u00e9 d\u2019exposer chacun trois toiles pendant toute la dur\u00e9e de l\u2019exposition, qui aura lieu du 30 septembre au 31 octobre 2023.<\/p>\n<p>Vous pouvez envoyer votre dossier \u00e0\u00a0: <a href=\"mailto:culture@af.ca\">culture@af.ca<\/a> et indiquer <strong>\u00ab\u00a0Tisser des liens\u00a0\u00bb <\/strong>dans la barre sujet du message.<\/p>\n<p>T\u00e9l\u00e9charger le formulaire de demande d&rsquo;analyse de dossier <a href=\"https:\/\/af.ca\/ottawa\/wp-content\/uploads\/2023\/04\/Appel-de-dossiers-Tisser-des-liens.docx\"><strong>ICI<\/strong><\/a>.<\/p>\n<p>&nbsp;<\/p>\n<p>&nbsp;<\/p>\n","protected":false},"excerpt":{"rendered":"<p>&nbsp; Dans le cadre de la Journ\u00e9e de V\u00e9rit\u00e9 et R\u00e9conciliation, et anim\u00e9e d\u2019un d\u00e9sir de tisser des liens entre les communaut\u00e9s autochtones et allochtones de la r\u00e9gion de la Capitale nationale, l\u2019Alliance fran\u00e7aise d\u2019Ottawa souhaite accueillir deux artistes afin de cr\u00e9er une \u0153uvre unique. Les deux artistes choisis devront travailler ensemble dans ce projet&#8230;<\/p>\n<p><a class=\"button invert-primary\" href=\"https:\/\/af.ca\/ottawa\/tisser-des-liens-appel-dartistes-autochtones-et-allochtones\/\">En savoir plus<\/a><\/p>\n","protected":false},"author":3,"featured_media":0,"parent":0,"menu_order":81,"comment_status":"closed","ping_status":"closed","template":"","meta":{"_acf_changed":false,"om_disable_all_campaigns":false,"_monsterinsights_skip_tracking":false,"_monsterinsights_sitenote_active":false,"_monsterinsights_sitenote_note":"","_monsterinsights_sitenote_category":0,"footnotes":""},"class_list":["post-20524","page","type-page","status-publish","hentry"],"acf":[],"yoast_head":"<!-- This site is optimized with the Yoast SEO plugin v27.4 - https:\/\/yoast.com\/product\/yoast-seo-wordpress\/ -->\n<title>Tisser des liens : Appel d&#039;artistes autochtones et allochtones - Alliance Fran\u00e7aise Ottawa<\/title>\n<meta name=\"robots\" content=\"index, follow, max-snippet:-1, max-image-preview:large, max-video-preview:-1\" \/>\n<link rel=\"canonical\" href=\"https:\/\/af.ca\/ottawa\/tisser-des-liens-appel-dartistes-autochtones-et-allochtones\/\" \/>\n<meta property=\"og:locale\" content=\"fr_FR\" \/>\n<meta property=\"og:type\" content=\"article\" \/>\n<meta property=\"og:title\" content=\"Tisser des liens : Appel d&#039;artistes autochtones et allochtones - Alliance Fran\u00e7aise Ottawa\" \/>\n<meta property=\"og:description\" content=\"&nbsp; Dans le cadre de la Journ\u00e9e de V\u00e9rit\u00e9 et R\u00e9conciliation, et anim\u00e9e d\u2019un d\u00e9sir de tisser des liens entre les communaut\u00e9s autochtones et allochtones de la r\u00e9gion de la Capitale nationale, l\u2019Alliance fran\u00e7aise d\u2019Ottawa souhaite accueillir deux artistes afin de cr\u00e9er une \u0153uvre unique. Les deux artistes choisis devront travailler ensemble dans ce projet...En savoir plus\" \/>\n<meta property=\"og:url\" content=\"https:\/\/af.ca\/ottawa\/tisser-des-liens-appel-dartistes-autochtones-et-allochtones\/\" \/>\n<meta property=\"og:site_name\" content=\"Alliance Fran\u00e7aise Ottawa\" \/>\n<meta property=\"og:image\" content=\"https:\/\/af.ca\/ottawa\/wp-content\/uploads\/2023\/05\/Tisser-des-liens-visuel-format-banniere-300x157.png\" \/>\n<meta name=\"twitter:card\" content=\"summary_large_image\" \/>\n<meta name=\"twitter:label1\" content=\"Dur\u00e9e de lecture estim\u00e9e\" \/>\n\t<meta name=\"twitter:data1\" content=\"2 minutes\" \/>\n<script type=\"application\/ld+json\" class=\"yoast-schema-graph\">{\"@context\":\"https:\\\/\\\/schema.org\",\"@graph\":[{\"@type\":\"WebPage\",\"@id\":\"https:\\\/\\\/af.ca\\\/ottawa\\\/tisser-des-liens-appel-dartistes-autochtones-et-allochtones\\\/\",\"url\":\"https:\\\/\\\/af.ca\\\/ottawa\\\/tisser-des-liens-appel-dartistes-autochtones-et-allochtones\\\/\",\"name\":\"Tisser des liens : Appel d'artistes autochtones et allochtones - Alliance Fran\u00e7aise Ottawa\",\"isPartOf\":{\"@id\":\"https:\\\/\\\/af.ca\\\/ottawa\\\/#website\"},\"primaryImageOfPage\":{\"@id\":\"https:\\\/\\\/af.ca\\\/ottawa\\\/tisser-des-liens-appel-dartistes-autochtones-et-allochtones\\\/#primaryimage\"},\"image\":{\"@id\":\"https:\\\/\\\/af.ca\\\/ottawa\\\/tisser-des-liens-appel-dartistes-autochtones-et-allochtones\\\/#primaryimage\"},\"thumbnailUrl\":\"https:\\\/\\\/af.ca\\\/ottawa\\\/wp-content\\\/uploads\\\/2023\\\/05\\\/Tisser-des-liens-visuel-format-banniere-300x157.png\",\"datePublished\":\"2023-05-04T19:45:22+00:00\",\"breadcrumb\":{\"@id\":\"https:\\\/\\\/af.ca\\\/ottawa\\\/tisser-des-liens-appel-dartistes-autochtones-et-allochtones\\\/#breadcrumb\"},\"inLanguage\":\"fr-FR\",\"potentialAction\":[{\"@type\":\"ReadAction\",\"target\":[\"https:\\\/\\\/af.ca\\\/ottawa\\\/tisser-des-liens-appel-dartistes-autochtones-et-allochtones\\\/\"]}]},{\"@type\":\"ImageObject\",\"inLanguage\":\"fr-FR\",\"@id\":\"https:\\\/\\\/af.ca\\\/ottawa\\\/tisser-des-liens-appel-dartistes-autochtones-et-allochtones\\\/#primaryimage\",\"url\":\"https:\\\/\\\/af.ca\\\/ottawa\\\/wp-content\\\/uploads\\\/2023\\\/05\\\/Tisser-des-liens-visuel-format-banniere.png\",\"contentUrl\":\"https:\\\/\\\/af.ca\\\/ottawa\\\/wp-content\\\/uploads\\\/2023\\\/05\\\/Tisser-des-liens-visuel-format-banniere.png\",\"width\":1200,\"height\":628},{\"@type\":\"BreadcrumbList\",\"@id\":\"https:\\\/\\\/af.ca\\\/ottawa\\\/tisser-des-liens-appel-dartistes-autochtones-et-allochtones\\\/#breadcrumb\",\"itemListElement\":[{\"@type\":\"ListItem\",\"position\":1,\"name\":\"Home\",\"item\":\"https:\\\/\\\/af.ca\\\/ottawa\\\/\"},{\"@type\":\"ListItem\",\"position\":2,\"name\":\"Tisser des liens : Appel d&#8217;artistes autochtones et allochtones\"}]},{\"@type\":\"WebSite\",\"@id\":\"https:\\\/\\\/af.ca\\\/ottawa\\\/#website\",\"url\":\"https:\\\/\\\/af.ca\\\/ottawa\\\/\",\"name\":\"Alliance Fran\u00e7aise Ottawa\",\"description\":\"\u00c9cole de langue fran\u00e7aise et centre culturel\",\"potentialAction\":[{\"@type\":\"SearchAction\",\"target\":{\"@type\":\"EntryPoint\",\"urlTemplate\":\"https:\\\/\\\/af.ca\\\/ottawa\\\/?s={search_term_string}\"},\"query-input\":{\"@type\":\"PropertyValueSpecification\",\"valueRequired\":true,\"valueName\":\"search_term_string\"}}],\"inLanguage\":\"fr-FR\"}]}<\/script>\n<!-- \/ Yoast SEO plugin. -->","yoast_head_json":{"title":"Tisser des liens : Appel d'artistes autochtones et allochtones - Alliance Fran\u00e7aise Ottawa","robots":{"index":"index","follow":"follow","max-snippet":"max-snippet:-1","max-image-preview":"max-image-preview:large","max-video-preview":"max-video-preview:-1"},"canonical":"https:\/\/af.ca\/ottawa\/tisser-des-liens-appel-dartistes-autochtones-et-allochtones\/","og_locale":"fr_FR","og_type":"article","og_title":"Tisser des liens : Appel d'artistes autochtones et allochtones - Alliance Fran\u00e7aise Ottawa","og_description":"&nbsp; Dans le cadre de la Journ\u00e9e de V\u00e9rit\u00e9 et R\u00e9conciliation, et anim\u00e9e d\u2019un d\u00e9sir de tisser des liens entre les communaut\u00e9s autochtones et allochtones de la r\u00e9gion de la Capitale nationale, l\u2019Alliance fran\u00e7aise d\u2019Ottawa souhaite accueillir deux artistes afin de cr\u00e9er une \u0153uvre unique. Les deux artistes choisis devront travailler ensemble dans ce projet...En savoir plus","og_url":"https:\/\/af.ca\/ottawa\/tisser-des-liens-appel-dartistes-autochtones-et-allochtones\/","og_site_name":"Alliance Fran\u00e7aise Ottawa","og_image":[{"url":"https:\/\/af.ca\/ottawa\/wp-content\/uploads\/2023\/05\/Tisser-des-liens-visuel-format-banniere-300x157.png","type":"","width":"","height":""}],"twitter_card":"summary_large_image","twitter_misc":{"Dur\u00e9e de lecture estim\u00e9e":"2 minutes"},"schema":{"@context":"https:\/\/schema.org","@graph":[{"@type":"WebPage","@id":"https:\/\/af.ca\/ottawa\/tisser-des-liens-appel-dartistes-autochtones-et-allochtones\/","url":"https:\/\/af.ca\/ottawa\/tisser-des-liens-appel-dartistes-autochtones-et-allochtones\/","name":"Tisser des liens : Appel d'artistes autochtones et allochtones - Alliance Fran\u00e7aise Ottawa","isPartOf":{"@id":"https:\/\/af.ca\/ottawa\/#website"},"primaryImageOfPage":{"@id":"https:\/\/af.ca\/ottawa\/tisser-des-liens-appel-dartistes-autochtones-et-allochtones\/#primaryimage"},"image":{"@id":"https:\/\/af.ca\/ottawa\/tisser-des-liens-appel-dartistes-autochtones-et-allochtones\/#primaryimage"},"thumbnailUrl":"https:\/\/af.ca\/ottawa\/wp-content\/uploads\/2023\/05\/Tisser-des-liens-visuel-format-banniere-300x157.png","datePublished":"2023-05-04T19:45:22+00:00","breadcrumb":{"@id":"https:\/\/af.ca\/ottawa\/tisser-des-liens-appel-dartistes-autochtones-et-allochtones\/#breadcrumb"},"inLanguage":"fr-FR","potentialAction":[{"@type":"ReadAction","target":["https:\/\/af.ca\/ottawa\/tisser-des-liens-appel-dartistes-autochtones-et-allochtones\/"]}]},{"@type":"ImageObject","inLanguage":"fr-FR","@id":"https:\/\/af.ca\/ottawa\/tisser-des-liens-appel-dartistes-autochtones-et-allochtones\/#primaryimage","url":"https:\/\/af.ca\/ottawa\/wp-content\/uploads\/2023\/05\/Tisser-des-liens-visuel-format-banniere.png","contentUrl":"https:\/\/af.ca\/ottawa\/wp-content\/uploads\/2023\/05\/Tisser-des-liens-visuel-format-banniere.png","width":1200,"height":628},{"@type":"BreadcrumbList","@id":"https:\/\/af.ca\/ottawa\/tisser-des-liens-appel-dartistes-autochtones-et-allochtones\/#breadcrumb","itemListElement":[{"@type":"ListItem","position":1,"name":"Home","item":"https:\/\/af.ca\/ottawa\/"},{"@type":"ListItem","position":2,"name":"Tisser des liens : Appel d&#8217;artistes autochtones et allochtones"}]},{"@type":"WebSite","@id":"https:\/\/af.ca\/ottawa\/#website","url":"https:\/\/af.ca\/ottawa\/","name":"Alliance Fran\u00e7aise Ottawa","description":"\u00c9cole de langue fran\u00e7aise et centre culturel","potentialAction":[{"@type":"SearchAction","target":{"@type":"EntryPoint","urlTemplate":"https:\/\/af.ca\/ottawa\/?s={search_term_string}"},"query-input":{"@type":"PropertyValueSpecification","valueRequired":true,"valueName":"search_term_string"}}],"inLanguage":"fr-FR"}]}},"blog_post_layout_featured_media_urls":{"thumbnail":"","full":""},"categories_names":null,"comments_number":"0","_links":{"self":[{"href":"https:\/\/af.ca\/ottawa\/wp-json\/wp\/v2\/pages\/20524","targetHints":{"allow":["GET"]}}],"collection":[{"href":"https:\/\/af.ca\/ottawa\/wp-json\/wp\/v2\/pages"}],"about":[{"href":"https:\/\/af.ca\/ottawa\/wp-json\/wp\/v2\/types\/page"}],"author":[{"embeddable":true,"href":"https:\/\/af.ca\/ottawa\/wp-json\/wp\/v2\/users\/3"}],"replies":[{"embeddable":true,"href":"https:\/\/af.ca\/ottawa\/wp-json\/wp\/v2\/comments?post=20524"}],"version-history":[{"count":0,"href":"https:\/\/af.ca\/ottawa\/wp-json\/wp\/v2\/pages\/20524\/revisions"}],"wp:attachment":[{"href":"https:\/\/af.ca\/ottawa\/wp-json\/wp\/v2\/media?parent=20524"}],"curies":[{"name":"wp","href":"https:\/\/api.w.org\/{rel}","templated":true}]}}