{"id":20569,"date":"2023-06-14T10:29:05","date_gmt":"2023-06-14T14:29:05","guid":{"rendered":"https:\/\/af.ca\/ottawa\/?page_id=20569"},"modified":"2023-06-14T10:29:23","modified_gmt":"2023-06-14T14:29:23","slug":"fete-de-la-musique-concert-de-ko-shin-moon","status":"publish","type":"page","link":"https:\/\/af.ca\/ottawa\/fete-de-la-musique-concert-de-ko-shin-moon\/","title":{"rendered":"F\u00eate de la musique : Concert de Ko Shin Moon"},"content":{"rendered":"<p><a href=\"https:\/\/af.ca\/ottawa\/wp-content\/uploads\/2023\/05\/Ko-Shin-Moon-visuel-Format-banniere.png\"><img loading=\"lazy\" decoding=\"async\" class=\"alignnone wp-image-20570\" src=\"https:\/\/af.ca\/ottawa\/wp-content\/uploads\/2023\/05\/Ko-Shin-Moon-visuel-Format-banniere-300x157.png\" alt=\"\" width=\"643\" height=\"336\" srcset=\"https:\/\/af.ca\/ottawa\/wp-content\/uploads\/2023\/05\/Ko-Shin-Moon-visuel-Format-banniere-300x157.png 300w, https:\/\/af.ca\/ottawa\/wp-content\/uploads\/2023\/05\/Ko-Shin-Moon-visuel-Format-banniere-1024x536.png 1024w, https:\/\/af.ca\/ottawa\/wp-content\/uploads\/2023\/05\/Ko-Shin-Moon-visuel-Format-banniere-768x402.png 768w, https:\/\/af.ca\/ottawa\/wp-content\/uploads\/2023\/05\/Ko-Shin-Moon-visuel-Format-banniere.png 1200w\" sizes=\"auto, (max-width: 643px) 100vw, 643px\" \/><\/a><\/p>\n<p>&nbsp;<\/p>\n<p>Plongez dans l\u2019univers psych\u00e9d\u00e9lique de Ko Shin Moon pour c\u00e9l\u00e9brer la F\u00eate de la musique et le d\u00e9but de l\u2019\u00e9t\u00e9!<\/p>\n<p>Pendant un concert inoubliable d\u2019une heure, dansez au rythme des m\u00e9lodies hybrides d&rsquo;un autre monde du groupe n\u00e9 en 2017. \u00c0 la crois\u00e9e des chemins entre le SynthFolk et le disco spatial, venez nombreux c\u00e9l\u00e9brer la musique dans une ambiance \u00e9lectrique. En premi\u00e8re partie, venez d\u00e9couvrir Jessy Lindsay, une chanteuse franco-ontarienne d&rsquo;indie-pop qui fait des vagues \u00e0 Ottawa.<\/p>\n<p>Ko Shin Moon na\u00eet en 2017 de la rencontre fondatrice entre les instruments \u00e0 cordes et les machines, quand \u00e0 son retour d\u2019Inde, Axel Moon rejoint Niko Shin les bras charg\u00e9s d\u2019instruments traditionnels glan\u00e9s lors de ses diff\u00e9rents p\u00e9riples. Il d\u00e9couvre que celui-ci a mont\u00e9 un studio riche de synth\u00e9s analogiques et autres instruments \u00e9lectroniques vintage.<\/p>\n<p>C\u2019est de ce studio, refuge de leurs errances musicales couvert d\u2019images d\u2019ailleurs, que jaillissent les m\u00e9lodies d\u2019un monde hybride. S\u2019y m\u00ealent psych\u00e9d\u00e9lisme chatoyant, riffs \u00e9lectrifi\u00e9s du ba\u011flama et du oud, douceur du phin tha\u00ef et du sitar. Leur parole musicale se place dans la lign\u00e9e de musiciens explorateurs comme Haruomi Hosono (le nom du groupe est d\u2019ailleurs une r\u00e9f\u00e9rence \u00e0 l\u2019un de ses albums), David Byrne, Bill Laswell, Jah Wobble, Ryuichi Sakamoto, Clara Mondshine.<br \/>\nLeur territoire d\u2019expression se dessine : une terre de contrastes o\u00f9 cohabitent exigence musicale et exp\u00e9rimentations stylistiques. Leur credo : \u00e9clectisme, cosmopolitisme, hybridit\u00e9.<\/p>\n<p>&nbsp;<\/p>\n<p><img loading=\"lazy\" decoding=\"async\" class=\"wp-image-20572 alignleft\" src=\"https:\/\/af.ca\/ottawa\/wp-content\/uploads\/2023\/05\/Date-Ko-Shin-Moon-300x150.png\" alt=\"\" width=\"456\" height=\"228\" srcset=\"https:\/\/af.ca\/ottawa\/wp-content\/uploads\/2023\/05\/Date-Ko-Shin-Moon-300x150.png 300w, https:\/\/af.ca\/ottawa\/wp-content\/uploads\/2023\/05\/Date-Ko-Shin-Moon-1024x512.png 1024w, https:\/\/af.ca\/ottawa\/wp-content\/uploads\/2023\/05\/Date-Ko-Shin-Moon-768x384.png 768w, https:\/\/af.ca\/ottawa\/wp-content\/uploads\/2023\/05\/Date-Ko-Shin-Moon-1536x768.png 1536w, https:\/\/af.ca\/ottawa\/wp-content\/uploads\/2023\/05\/Date-Ko-Shin-Moon-2048x1024.png 2048w\" sizes=\"auto, (max-width: 456px) 100vw, 456px\" \/> <a href=\"https:\/\/af.ca\/ottawa\/wp-content\/uploads\/2023\/05\/2021_KSM-LIVE_\u00a9-Dorian-Narayana.jpg\"><img loading=\"lazy\" decoding=\"async\" class=\"wp-image-20574 alignnone\" src=\"https:\/\/af.ca\/ottawa\/wp-content\/uploads\/2023\/05\/2021_KSM-LIVE_\u00a9-Dorian-Narayana-300x200.jpg\" alt=\"\" width=\"402\" height=\"268\" srcset=\"https:\/\/af.ca\/ottawa\/wp-content\/uploads\/2023\/05\/2021_KSM-LIVE_\u00a9-Dorian-Narayana-300x200.jpg 300w, https:\/\/af.ca\/ottawa\/wp-content\/uploads\/2023\/05\/2021_KSM-LIVE_\u00a9-Dorian-Narayana-1024x682.jpg 1024w, https:\/\/af.ca\/ottawa\/wp-content\/uploads\/2023\/05\/2021_KSM-LIVE_\u00a9-Dorian-Narayana-768x512.jpg 768w, https:\/\/af.ca\/ottawa\/wp-content\/uploads\/2023\/05\/2021_KSM-LIVE_\u00a9-Dorian-Narayana-1536x1024.jpg 1536w, https:\/\/af.ca\/ottawa\/wp-content\/uploads\/2023\/05\/2021_KSM-LIVE_\u00a9-Dorian-Narayana.jpg 2000w\" sizes=\"auto, (max-width: 402px) 100vw, 402px\" \/><\/a><\/p>\n<p><a href=\"https:\/\/afottawa.extranet-aec.com\/events\/detail\/725#\/\"><img loading=\"lazy\" decoding=\"async\" class=\"alignnone wp-image-18690\" src=\"https:\/\/af.ca\/ottawa\/wp-content\/uploads\/2022\/08\/Bouton-site-internet-fr-300x47.png\" alt=\"\" width=\"383\" height=\"60\" srcset=\"https:\/\/af.ca\/ottawa\/wp-content\/uploads\/2022\/08\/Bouton-site-internet-fr-300x47.png 300w, https:\/\/af.ca\/ottawa\/wp-content\/uploads\/2022\/08\/Bouton-site-internet-fr-768x120.png 768w, https:\/\/af.ca\/ottawa\/wp-content\/uploads\/2022\/08\/Bouton-site-internet-fr.png 827w\" sizes=\"auto, (max-width: 383px) 100vw, 383px\" \/><\/a><\/p>\n<p>&nbsp;<\/p>\n<blockquote><p>\u00ab\u00a0Ko Shin Moon est le nouveau groupe parisien a\u0300 suivre de pre\u0300s.\u00a0\u00bb <strong>LE NOUVEL OBS<\/strong><\/p>\n<p>\u201cLes fans de Khruangbin seront ravis. D\u00e9paysant !\u201d <strong>ROLLING STONE<\/strong><\/p>\n<p>\u201cLe confinement n\u2019y changera rien. Dans leur qu\u00eate obs\u00e9dante pour faire muter le patrimoine ancestral des musiques orientales, le duo Ko Shin Moon n\u2019a toujours pas c\u00e9d\u00e9 aux fronti\u00e8res ferm\u00e9es et aux sorties abandonn\u00e9es\u201d <strong>FIP<\/strong><\/p>\n<p>\u201cLe duo Ko Shin Moon est une sono mondiale \u00e0 lui tout seul\u201d <strong>SOURDOREILLE<\/strong><\/p>\n<p>\u00ab\u00a0Giorgio Moroder jammant sur un synthe\u0301 Moog Modular avec Thylacine et Acid Arab sur un motif de Ravi Shankar : (&#8230;) c\u2019est le re\u0301 sume\u0301 du de\u0301 but de carrie\u0300re de Ko Shin Moon.\u00a0\u00bb <strong>GONZAI\u0308<\/strong><\/p>\n<p>&nbsp;<\/p><\/blockquote>\n<p><a href=\"https:\/\/www.youtube.com\/watch?v=8j6sTrYrREk\"><img loading=\"lazy\" decoding=\"async\" class=\"alignnone wp-image-20576\" src=\"https:\/\/af.ca\/ottawa\/wp-content\/uploads\/2023\/05\/Ko-Shin-Moon-youtube-screen-300x150.png\" alt=\"\" width=\"786\" height=\"393\" srcset=\"https:\/\/af.ca\/ottawa\/wp-content\/uploads\/2023\/05\/Ko-Shin-Moon-youtube-screen-300x150.png 300w, https:\/\/af.ca\/ottawa\/wp-content\/uploads\/2023\/05\/Ko-Shin-Moon-youtube-screen-1024x512.png 1024w, https:\/\/af.ca\/ottawa\/wp-content\/uploads\/2023\/05\/Ko-Shin-Moon-youtube-screen-768x384.png 768w, https:\/\/af.ca\/ottawa\/wp-content\/uploads\/2023\/05\/Ko-Shin-Moon-youtube-screen-1536x768.png 1536w, https:\/\/af.ca\/ottawa\/wp-content\/uploads\/2023\/05\/Ko-Shin-Moon-youtube-screen-2048x1024.png 2048w\" sizes=\"auto, (max-width: 786px) 100vw, 786px\" \/><\/a><\/p>\n<p>&nbsp;<\/p>\n","protected":false},"excerpt":{"rendered":"<p>&nbsp; Plongez dans l\u2019univers psych\u00e9d\u00e9lique de Ko Shin Moon pour c\u00e9l\u00e9brer la F\u00eate de la musique et le d\u00e9but de l\u2019\u00e9t\u00e9! Pendant un concert inoubliable d\u2019une heure, dansez au rythme des m\u00e9lodies hybrides d&rsquo;un autre monde du groupe n\u00e9 en 2017. \u00c0 la crois\u00e9e des chemins entre le SynthFolk et le disco spatial, venez nombreux&#8230;<\/p>\n<p><a class=\"button invert-primary\" href=\"https:\/\/af.ca\/ottawa\/fete-de-la-musique-concert-de-ko-shin-moon\/\">En savoir plus<\/a><\/p>\n","protected":false},"author":3,"featured_media":0,"parent":0,"menu_order":79,"comment_status":"closed","ping_status":"closed","template":"","meta":{"_acf_changed":false,"om_disable_all_campaigns":false,"_monsterinsights_skip_tracking":false,"_monsterinsights_sitenote_active":false,"_monsterinsights_sitenote_note":"","_monsterinsights_sitenote_category":0,"footnotes":""},"class_list":["post-20569","page","type-page","status-publish","hentry"],"acf":[],"yoast_head":"<!-- This site is optimized with the Yoast SEO plugin v27.4 - https:\/\/yoast.com\/product\/yoast-seo-wordpress\/ -->\n<title>F\u00eate de la musique : Concert de Ko Shin Moon - Alliance Fran\u00e7aise Ottawa<\/title>\n<meta name=\"description\" content=\"Plongez dans l\u2019univers psych\u00e9d\u00e9lique de Ko Shin Moon pour c\u00e9l\u00e9brer la F\u00eate de la musique et le d\u00e9but de l\u2019\u00e9t\u00e9!\" \/>\n<meta name=\"robots\" content=\"index, follow, max-snippet:-1, max-image-preview:large, max-video-preview:-1\" \/>\n<link rel=\"canonical\" href=\"https:\/\/af.ca\/ottawa\/fete-de-la-musique-concert-de-ko-shin-moon\/\" \/>\n<meta property=\"og:locale\" content=\"fr_FR\" \/>\n<meta property=\"og:type\" content=\"article\" \/>\n<meta property=\"og:title\" content=\"C\u00e9l\u00e9brez la F\u00eate de la musique avec un concert de Ko Shin Moon\" \/>\n<meta property=\"og:description\" content=\"Pendant un concert inoubliable d\u2019une heure, dansez au rythme des m\u00e9lodies hybrides d&#039;un autre monde du groupe n\u00e9 en 2017. \u00c0 la crois\u00e9e des chemins entre le SynthFolk et le disco spatial, venez nombreux c\u00e9l\u00e9brer la musique dans une ambiance \u00e9lectrique.\" \/>\n<meta property=\"og:url\" content=\"https:\/\/af.ca\/ottawa\/fete-de-la-musique-concert-de-ko-shin-moon\/\" \/>\n<meta property=\"og:site_name\" content=\"Alliance Fran\u00e7aise Ottawa\" \/>\n<meta property=\"article:modified_time\" content=\"2023-06-14T14:29:23+00:00\" \/>\n<meta property=\"og:image\" content=\"https:\/\/af.ca\/ottawa\/wp-content\/uploads\/2023\/05\/Ko-Shin-Moon-visuel-insta.png\" \/>\n\t<meta property=\"og:image:width\" content=\"1080\" \/>\n\t<meta property=\"og:image:height\" content=\"1080\" \/>\n\t<meta property=\"og:image:type\" content=\"image\/png\" \/>\n<meta name=\"twitter:card\" content=\"summary_large_image\" \/>\n<meta name=\"twitter:title\" content=\"C\u00e9l\u00e9brez la F\u00eate de la musique avec un concert de Ko Shin Moon\" \/>\n<meta name=\"twitter:description\" content=\"Pendant un concert inoubliable d\u2019une heure, dansez au rythme des m\u00e9lodies hybrides d&#039;un autre monde du groupe n\u00e9 en 2017. \u00c0 la crois\u00e9e des chemins entre le SynthFolk et le disco spatial, venez nombreux c\u00e9l\u00e9brer la musique dans une ambiance \u00e9lectrique.\" \/>\n<meta name=\"twitter:image\" content=\"https:\/\/af.ca\/ottawa\/wp-content\/uploads\/2023\/05\/Ko-Shin-Moon-visuel-insta.png\" \/>\n<meta name=\"twitter:label1\" content=\"Dur\u00e9e de lecture estim\u00e9e\" \/>\n\t<meta name=\"twitter:data1\" content=\"3 minutes\" \/>\n<script type=\"application\/ld+json\" class=\"yoast-schema-graph\">{\"@context\":\"https:\\\/\\\/schema.org\",\"@graph\":[{\"@type\":\"WebPage\",\"@id\":\"https:\\\/\\\/af.ca\\\/ottawa\\\/fete-de-la-musique-concert-de-ko-shin-moon\\\/\",\"url\":\"https:\\\/\\\/af.ca\\\/ottawa\\\/fete-de-la-musique-concert-de-ko-shin-moon\\\/\",\"name\":\"F\u00eate de la musique : Concert de Ko Shin Moon - Alliance Fran\u00e7aise Ottawa\",\"isPartOf\":{\"@id\":\"https:\\\/\\\/af.ca\\\/ottawa\\\/#website\"},\"primaryImageOfPage\":{\"@id\":\"https:\\\/\\\/af.ca\\\/ottawa\\\/fete-de-la-musique-concert-de-ko-shin-moon\\\/#primaryimage\"},\"image\":{\"@id\":\"https:\\\/\\\/af.ca\\\/ottawa\\\/fete-de-la-musique-concert-de-ko-shin-moon\\\/#primaryimage\"},\"thumbnailUrl\":\"https:\\\/\\\/af.ca\\\/ottawa\\\/wp-content\\\/uploads\\\/2023\\\/05\\\/Ko-Shin-Moon-visuel-Format-banniere-300x157.png\",\"datePublished\":\"2023-06-14T14:29:05+00:00\",\"dateModified\":\"2023-06-14T14:29:23+00:00\",\"description\":\"Plongez dans l\u2019univers psych\u00e9d\u00e9lique de Ko Shin Moon pour c\u00e9l\u00e9brer la F\u00eate de la musique et le d\u00e9but de l\u2019\u00e9t\u00e9!\",\"breadcrumb\":{\"@id\":\"https:\\\/\\\/af.ca\\\/ottawa\\\/fete-de-la-musique-concert-de-ko-shin-moon\\\/#breadcrumb\"},\"inLanguage\":\"fr-FR\",\"potentialAction\":[{\"@type\":\"ReadAction\",\"target\":[\"https:\\\/\\\/af.ca\\\/ottawa\\\/fete-de-la-musique-concert-de-ko-shin-moon\\\/\"]}]},{\"@type\":\"ImageObject\",\"inLanguage\":\"fr-FR\",\"@id\":\"https:\\\/\\\/af.ca\\\/ottawa\\\/fete-de-la-musique-concert-de-ko-shin-moon\\\/#primaryimage\",\"url\":\"https:\\\/\\\/af.ca\\\/ottawa\\\/wp-content\\\/uploads\\\/2023\\\/05\\\/Ko-Shin-Moon-visuel-Format-banniere.png\",\"contentUrl\":\"https:\\\/\\\/af.ca\\\/ottawa\\\/wp-content\\\/uploads\\\/2023\\\/05\\\/Ko-Shin-Moon-visuel-Format-banniere.png\",\"width\":1200,\"height\":628},{\"@type\":\"BreadcrumbList\",\"@id\":\"https:\\\/\\\/af.ca\\\/ottawa\\\/fete-de-la-musique-concert-de-ko-shin-moon\\\/#breadcrumb\",\"itemListElement\":[{\"@type\":\"ListItem\",\"position\":1,\"name\":\"Home\",\"item\":\"https:\\\/\\\/af.ca\\\/ottawa\\\/\"},{\"@type\":\"ListItem\",\"position\":2,\"name\":\"F\u00eate de la musique : Concert de Ko Shin Moon\"}]},{\"@type\":\"WebSite\",\"@id\":\"https:\\\/\\\/af.ca\\\/ottawa\\\/#website\",\"url\":\"https:\\\/\\\/af.ca\\\/ottawa\\\/\",\"name\":\"Alliance Fran\u00e7aise Ottawa\",\"description\":\"\u00c9cole de langue fran\u00e7aise et centre culturel\",\"potentialAction\":[{\"@type\":\"SearchAction\",\"target\":{\"@type\":\"EntryPoint\",\"urlTemplate\":\"https:\\\/\\\/af.ca\\\/ottawa\\\/?s={search_term_string}\"},\"query-input\":{\"@type\":\"PropertyValueSpecification\",\"valueRequired\":true,\"valueName\":\"search_term_string\"}}],\"inLanguage\":\"fr-FR\"}]}<\/script>\n<!-- \/ Yoast SEO plugin. -->","yoast_head_json":{"title":"F\u00eate de la musique : Concert de Ko Shin Moon - Alliance Fran\u00e7aise Ottawa","description":"Plongez dans l\u2019univers psych\u00e9d\u00e9lique de Ko Shin Moon pour c\u00e9l\u00e9brer la F\u00eate de la musique et le d\u00e9but de l\u2019\u00e9t\u00e9!","robots":{"index":"index","follow":"follow","max-snippet":"max-snippet:-1","max-image-preview":"max-image-preview:large","max-video-preview":"max-video-preview:-1"},"canonical":"https:\/\/af.ca\/ottawa\/fete-de-la-musique-concert-de-ko-shin-moon\/","og_locale":"fr_FR","og_type":"article","og_title":"C\u00e9l\u00e9brez la F\u00eate de la musique avec un concert de Ko Shin Moon","og_description":"Pendant un concert inoubliable d\u2019une heure, dansez au rythme des m\u00e9lodies hybrides d'un autre monde du groupe n\u00e9 en 2017. \u00c0 la crois\u00e9e des chemins entre le SynthFolk et le disco spatial, venez nombreux c\u00e9l\u00e9brer la musique dans une ambiance \u00e9lectrique.","og_url":"https:\/\/af.ca\/ottawa\/fete-de-la-musique-concert-de-ko-shin-moon\/","og_site_name":"Alliance Fran\u00e7aise Ottawa","article_modified_time":"2023-06-14T14:29:23+00:00","og_image":[{"width":1080,"height":1080,"url":"https:\/\/af.ca\/ottawa\/wp-content\/uploads\/2023\/05\/Ko-Shin-Moon-visuel-insta.png","type":"image\/png"}],"twitter_card":"summary_large_image","twitter_title":"C\u00e9l\u00e9brez la F\u00eate de la musique avec un concert de Ko Shin Moon","twitter_description":"Pendant un concert inoubliable d\u2019une heure, dansez au rythme des m\u00e9lodies hybrides d'un autre monde du groupe n\u00e9 en 2017. \u00c0 la crois\u00e9e des chemins entre le SynthFolk et le disco spatial, venez nombreux c\u00e9l\u00e9brer la musique dans une ambiance \u00e9lectrique.","twitter_image":"https:\/\/af.ca\/ottawa\/wp-content\/uploads\/2023\/05\/Ko-Shin-Moon-visuel-insta.png","twitter_misc":{"Dur\u00e9e de lecture estim\u00e9e":"3 minutes"},"schema":{"@context":"https:\/\/schema.org","@graph":[{"@type":"WebPage","@id":"https:\/\/af.ca\/ottawa\/fete-de-la-musique-concert-de-ko-shin-moon\/","url":"https:\/\/af.ca\/ottawa\/fete-de-la-musique-concert-de-ko-shin-moon\/","name":"F\u00eate de la musique : Concert de Ko Shin Moon - Alliance Fran\u00e7aise Ottawa","isPartOf":{"@id":"https:\/\/af.ca\/ottawa\/#website"},"primaryImageOfPage":{"@id":"https:\/\/af.ca\/ottawa\/fete-de-la-musique-concert-de-ko-shin-moon\/#primaryimage"},"image":{"@id":"https:\/\/af.ca\/ottawa\/fete-de-la-musique-concert-de-ko-shin-moon\/#primaryimage"},"thumbnailUrl":"https:\/\/af.ca\/ottawa\/wp-content\/uploads\/2023\/05\/Ko-Shin-Moon-visuel-Format-banniere-300x157.png","datePublished":"2023-06-14T14:29:05+00:00","dateModified":"2023-06-14T14:29:23+00:00","description":"Plongez dans l\u2019univers psych\u00e9d\u00e9lique de Ko Shin Moon pour c\u00e9l\u00e9brer la F\u00eate de la musique et le d\u00e9but de l\u2019\u00e9t\u00e9!","breadcrumb":{"@id":"https:\/\/af.ca\/ottawa\/fete-de-la-musique-concert-de-ko-shin-moon\/#breadcrumb"},"inLanguage":"fr-FR","potentialAction":[{"@type":"ReadAction","target":["https:\/\/af.ca\/ottawa\/fete-de-la-musique-concert-de-ko-shin-moon\/"]}]},{"@type":"ImageObject","inLanguage":"fr-FR","@id":"https:\/\/af.ca\/ottawa\/fete-de-la-musique-concert-de-ko-shin-moon\/#primaryimage","url":"https:\/\/af.ca\/ottawa\/wp-content\/uploads\/2023\/05\/Ko-Shin-Moon-visuel-Format-banniere.png","contentUrl":"https:\/\/af.ca\/ottawa\/wp-content\/uploads\/2023\/05\/Ko-Shin-Moon-visuel-Format-banniere.png","width":1200,"height":628},{"@type":"BreadcrumbList","@id":"https:\/\/af.ca\/ottawa\/fete-de-la-musique-concert-de-ko-shin-moon\/#breadcrumb","itemListElement":[{"@type":"ListItem","position":1,"name":"Home","item":"https:\/\/af.ca\/ottawa\/"},{"@type":"ListItem","position":2,"name":"F\u00eate de la musique : Concert de Ko Shin Moon"}]},{"@type":"WebSite","@id":"https:\/\/af.ca\/ottawa\/#website","url":"https:\/\/af.ca\/ottawa\/","name":"Alliance Fran\u00e7aise Ottawa","description":"\u00c9cole de langue fran\u00e7aise et centre culturel","potentialAction":[{"@type":"SearchAction","target":{"@type":"EntryPoint","urlTemplate":"https:\/\/af.ca\/ottawa\/?s={search_term_string}"},"query-input":{"@type":"PropertyValueSpecification","valueRequired":true,"valueName":"search_term_string"}}],"inLanguage":"fr-FR"}]}},"blog_post_layout_featured_media_urls":{"thumbnail":"","full":""},"categories_names":null,"comments_number":"0","_links":{"self":[{"href":"https:\/\/af.ca\/ottawa\/wp-json\/wp\/v2\/pages\/20569","targetHints":{"allow":["GET"]}}],"collection":[{"href":"https:\/\/af.ca\/ottawa\/wp-json\/wp\/v2\/pages"}],"about":[{"href":"https:\/\/af.ca\/ottawa\/wp-json\/wp\/v2\/types\/page"}],"author":[{"embeddable":true,"href":"https:\/\/af.ca\/ottawa\/wp-json\/wp\/v2\/users\/3"}],"replies":[{"embeddable":true,"href":"https:\/\/af.ca\/ottawa\/wp-json\/wp\/v2\/comments?post=20569"}],"version-history":[{"count":0,"href":"https:\/\/af.ca\/ottawa\/wp-json\/wp\/v2\/pages\/20569\/revisions"}],"wp:attachment":[{"href":"https:\/\/af.ca\/ottawa\/wp-json\/wp\/v2\/media?parent=20569"}],"curies":[{"name":"wp","href":"https:\/\/api.w.org\/{rel}","templated":true}]}}