{"id":21198,"date":"2024-03-19T14:40:52","date_gmt":"2024-03-19T18:40:52","guid":{"rendered":"https:\/\/af.ca\/ottawa\/?page_id=21198"},"modified":"2026-03-31T09:54:20","modified_gmt":"2026-03-31T13:54:20","slug":"bootcamps","status":"publish","type":"page","link":"https:\/\/af.ca\/ottawa\/bootcamps\/","title":{"rendered":"Bootcamps"},"content":{"rendered":"<p><em><strong>Nos Bootcamps ont lieu <span style=\"color: #ff0000;\">EN LIGNE.<\/span><\/strong><\/em><\/p>\n<p><a href=\"https:\/\/af.ca\/ottawa\/wp-content\/uploads\/2024\/03\/FR.png\"><img loading=\"lazy\" decoding=\"async\" class=\"alignnone wp-image-24678\" src=\"https:\/\/af.ca\/ottawa\/wp-content\/uploads\/2024\/03\/FR-300x111.png\" alt=\"\" width=\"984\" height=\"364\" srcset=\"https:\/\/af.ca\/ottawa\/wp-content\/uploads\/2024\/03\/FR-300x111.png 300w, https:\/\/af.ca\/ottawa\/wp-content\/uploads\/2024\/03\/FR-768x284.png 768w, https:\/\/af.ca\/ottawa\/wp-content\/uploads\/2024\/03\/FR.png 851w\" sizes=\"auto, (max-width: 984px) 100vw, 984px\" \/><\/a><\/p>\n<h4><a href=\"https:\/\/af.ca\/ottawa\/wp-content\/uploads\/2026\/03\/Calendrier-SLE-SPRING-2-2026-VF-1.pdf\"><span style=\"color: #ff0000;\"><strong>CALENDRIER DES COURS ELS (SPRING 2 &#8211; 2026)<\/strong><\/span><\/a><\/h4>\n<p><a href=\"https:\/\/af.ca\/ottawa\/wp-content\/uploads\/2023\/10\/pexels-andrea-piacquadio-3762806-scaled.jpg\"><img loading=\"lazy\" decoding=\"async\" class=\"size-medium wp-image-21199 alignleft\" src=\"https:\/\/af.ca\/ottawa\/wp-content\/uploads\/2023\/10\/pexels-andrea-piacquadio-3762806-300x200.jpg\" alt=\"\" width=\"300\" height=\"200\" srcset=\"https:\/\/af.ca\/ottawa\/wp-content\/uploads\/2023\/10\/pexels-andrea-piacquadio-3762806-300x200.jpg 300w, https:\/\/af.ca\/ottawa\/wp-content\/uploads\/2023\/10\/pexels-andrea-piacquadio-3762806-1024x683.jpg 1024w, https:\/\/af.ca\/ottawa\/wp-content\/uploads\/2023\/10\/pexels-andrea-piacquadio-3762806-768x512.jpg 768w, https:\/\/af.ca\/ottawa\/wp-content\/uploads\/2023\/10\/pexels-andrea-piacquadio-3762806-1536x1024.jpg 1536w, https:\/\/af.ca\/ottawa\/wp-content\/uploads\/2023\/10\/pexels-andrea-piacquadio-3762806-2048x1365.jpg 2048w\" sizes=\"auto, (max-width: 300px) 100vw, 300px\" \/><\/a><\/p>\n<p><span data-contrast=\"auto\">Vos \u00e9valuations de langue seconde approchent et vous ne vous sentez pas tout \u00e0 fait pr\u00eat ? Vous recherchez des moyens efficaces pour cibler vos r\u00e9visions et r\u00e9aliser des simulations qui vous aideront \u00e0 relever vos d\u00e9fis ? Peut-\u00eatre avez-vous simplement besoin d&rsquo;un regain de confiance pour une pr\u00e9paration optimale ?<\/span><span data-ccp-props=\"{&quot;201341983&quot;:0,&quot;335551550&quot;:6,&quot;335551620&quot;:6,&quot;335559739&quot;:160,&quot;335559740&quot;:259}\">\u00a0<\/span><\/p>\n<p><span data-contrast=\"auto\">L&rsquo;Alliance Fran\u00e7aise Ottawa vous propose ses cours de deux semaines sp\u00e9cialement con\u00e7ues pour vous pr\u00e9parer \u00e0 atteindre vos objectifs avec succ\u00e8s. Notre \u00e9quipe d&rsquo;enseignants chevronn\u00e9s met \u00e0 votre disposition des exercices et des conseils taill\u00e9s sur mesure en fonction de vos buts. Ils vous guideront avec expertise sur la voie de la r\u00e9ussite.<\/span><span data-ccp-props=\"{&quot;201341983&quot;:0,&quot;335551550&quot;:6,&quot;335551620&quot;:6,&quot;335559739&quot;:160,&quot;335559740&quot;:259}\">\u00a0<\/span><\/p>\n<p>&nbsp;<\/p>\n<p><b><span data-contrast=\"auto\">D\u00e9couvrez nos <\/span><\/b><b><i><span data-contrast=\"auto\">Bootcamps<\/span><\/i><\/b><b><span data-contrast=\"auto\"> sp\u00e9cialis\u00e9s :<\/span><\/b><span data-ccp-props=\"{&quot;201341983&quot;:0,&quot;335551550&quot;:6,&quot;335551620&quot;:6,&quot;335559739&quot;:160,&quot;335559740&quot;:259}\">\u00a0<\/span><\/p>\n<ul>\n<li data-leveltext=\"o\" data-font=\"Courier New\" data-listid=\"15\" data-list-defn-props=\"{&quot;335552541&quot;:1,&quot;335559684&quot;:-2,&quot;335559685&quot;:720,&quot;335559991&quot;:360,&quot;469769226&quot;:&quot;Courier New&quot;,&quot;469769242&quot;:[9675],&quot;469777803&quot;:&quot;center&quot;,&quot;469777804&quot;:&quot;o&quot;,&quot;469777815&quot;:&quot;hybridMultilevel&quot;}\" aria-setsize=\"-1\" data-aria-posinset=\"1\" data-aria-level=\"1\"><span style=\"text-decoration: underline;\">Bootcamp Oral C<\/span><span data-contrast=\"auto\"><span style=\"text-decoration: underline;\"> :<\/span> Ax\u00e9 sur le test oral et les r\u00e9ponses aux questions de suivi de niveau C, ce programme affinera vos comp\u00e9tences \u00e0 l&rsquo;oral.<\/span><span data-ccp-props=\"{&quot;201341983&quot;:0,&quot;335551550&quot;:6,&quot;335551620&quot;:6,&quot;335559739&quot;:160,&quot;335559740&quot;:259}\">\u00a0<\/span><\/li>\n<li data-leveltext=\"o\" data-font=\"Courier New\" data-listid=\"15\" data-list-defn-props=\"{&quot;335552541&quot;:1,&quot;335559684&quot;:-2,&quot;335559685&quot;:720,&quot;335559991&quot;:360,&quot;469769226&quot;:&quot;Courier New&quot;,&quot;469769242&quot;:[9675],&quot;469777803&quot;:&quot;center&quot;,&quot;469777804&quot;:&quot;o&quot;,&quot;469777815&quot;:&quot;hybridMultilevel&quot;}\" aria-setsize=\"-1\" data-aria-posinset=\"2\" data-aria-level=\"1\"><span style=\"text-decoration: underline;\">Bootcamp CBC \/ CCC<\/span><span data-contrast=\"auto\"><span style=\"text-decoration: underline;\"> :<\/span> Concentr\u00e9 sur les comp\u00e9tences cl\u00e9s n\u00e9cessaires pour atteindre votre profil cible, ce bootcamp vous pr\u00e9parera de mani\u00e8re approfondie aux trois tests.<\/span><span data-ccp-props=\"{&quot;201341983&quot;:0,&quot;335551550&quot;:6,&quot;335551620&quot;:6,&quot;335559739&quot;:160,&quot;335559740&quot;:259}\">\u00a0<\/span><\/li>\n<li data-leveltext=\"o\" data-font=\"Courier New\" data-listid=\"15\" data-list-defn-props=\"{&quot;335552541&quot;:1,&quot;335559684&quot;:-2,&quot;335559685&quot;:720,&quot;335559991&quot;:360,&quot;469769226&quot;:&quot;Courier New&quot;,&quot;469769242&quot;:[9675],&quot;469777803&quot;:&quot;center&quot;,&quot;469777804&quot;:&quot;o&quot;,&quot;469777815&quot;:&quot;hybridMultilevel&quot;}\" aria-setsize=\"-1\" data-aria-posinset=\"3\" data-aria-level=\"1\"><span style=\"text-decoration: underline;\">Bootcamp Pr\u00e9paration aux tests \u00e9crits niveau C<\/span><span data-contrast=\"auto\"><span style=\"text-decoration: underline;\"> :<\/span> D\u00e9di\u00e9 aux \u00e9preuves de compr\u00e9hension et d&rsquo;expression \u00e9crites, ce bootcamp perfectionnera vos comp\u00e9tences \u00e0 l\u2019\u00e9crit et vous pr\u00e9parera \u00e0 r\u00e9pondre aux questions dans les temps impartis.<\/span><span data-ccp-props=\"{&quot;201341983&quot;:0,&quot;335551550&quot;:6,&quot;335551620&quot;:6,&quot;335559739&quot;:160,&quot;335559740&quot;:259}\">\u00a0<\/span><\/li>\n<\/ul>\n<p><span data-contrast=\"auto\">Ne laissez pas l&rsquo;appr\u00e9hension vous envahir, laissez-nous vous guider vers la confiance et le succ\u00e8s!<\/span><span data-ccp-props=\"{&quot;201341983&quot;:0,&quot;335551550&quot;:6,&quot;335551620&quot;:6,&quot;335559739&quot;:160,&quot;335559740&quot;:259}\">\u00a0<\/span><\/p>\n<p><b><span data-contrast=\"auto\">Conditions d\u2019admission :<\/span><\/b><span data-ccp-props=\"{&quot;201341983&quot;:0,&quot;335551550&quot;:6,&quot;335551620&quot;:6,&quot;335559739&quot;:160,&quot;335559740&quot;:259}\">\u00a0<\/span><\/p>\n<ul>\n<li data-leveltext=\"\uf0b7\" data-font=\"Symbol\" data-listid=\"11\" data-list-defn-props=\"{&quot;335552541&quot;:1,&quot;335559684&quot;:-2,&quot;335559685&quot;:720,&quot;335559991&quot;:360,&quot;469769226&quot;:&quot;Symbol&quot;,&quot;469769242&quot;:[8226],&quot;469777803&quot;:&quot;left&quot;,&quot;469777804&quot;:&quot;\uf0b7&quot;,&quot;469777815&quot;:&quot;hybridMultilevel&quot;}\" aria-setsize=\"-1\" data-aria-posinset=\"1\" data-aria-level=\"1\"><span data-contrast=\"auto\">\u00c0 partir du niveau B1.4.<\/span><span data-ccp-props=\"{&quot;201341983&quot;:0,&quot;335551550&quot;:6,&quot;335551620&quot;:6,&quot;335559739&quot;:160,&quot;335559740&quot;:259}\">\u00a0<\/span><\/li>\n<li data-leveltext=\"\uf0b7\" data-font=\"Symbol\" data-listid=\"11\" data-list-defn-props=\"{&quot;335552541&quot;:1,&quot;335559684&quot;:-2,&quot;335559685&quot;:720,&quot;335559991&quot;:360,&quot;469769226&quot;:&quot;Symbol&quot;,&quot;469769242&quot;:[8226],&quot;469777803&quot;:&quot;left&quot;,&quot;469777804&quot;:&quot;\uf0b7&quot;,&quot;469777815&quot;:&quot;hybridMultilevel&quot;}\" aria-setsize=\"-1\" data-aria-posinset=\"1\" data-aria-level=\"1\"><span data-contrast=\"auto\"><span style=\"text-decoration: underline; color: #ff0000;\"><a style=\"color: #ff0000; text-decoration: underline;\" href=\"https:\/\/af.ca\/ottawa\/quel-est-mon-niveau\/#\/\">Test d&rsquo;orientation obligatoire<\/a><\/span> pour les nouveaux \u00e9tudiants.<\/span><span data-ccp-props=\"{&quot;201341983&quot;:0,&quot;335551550&quot;:6,&quot;335551620&quot;:6,&quot;335559739&quot;:160,&quot;335559740&quot;:259}\">\u00a0<\/span><\/li>\n<\/ul>\n<p>&nbsp;<\/p>\n<p><a href=\"https:\/\/af.ca\/ottawa\/fonction-publique\/cours-de-preparation-aux-test-federaux\/#\/\"><img loading=\"lazy\" decoding=\"async\" class=\"alignnone wp-image-18898\" src=\"https:\/\/af.ca\/ottawa\/wp-content\/uploads\/2022\/09\/Bouton-site-internet-1-300x105.png\" alt=\"\" width=\"206\" height=\"72\" srcset=\"https:\/\/af.ca\/ottawa\/wp-content\/uploads\/2022\/09\/Bouton-site-internet-1-300x105.png 300w, https:\/\/af.ca\/ottawa\/wp-content\/uploads\/2022\/09\/Bouton-site-internet-1.png 366w\" sizes=\"auto, (max-width: 206px) 100vw, 206px\" \/><\/a><\/p>\n","protected":false},"excerpt":{"rendered":"<p>Nos Bootcamps ont lieu EN LIGNE. CALENDRIER DES COURS ELS (SPRING 2 &#8211; 2026) Vos \u00e9valuations de langue seconde approchent et vous ne vous sentez pas tout \u00e0 fait pr\u00eat ? Vous recherchez des moyens efficaces pour cibler vos r\u00e9visions et r\u00e9aliser des simulations qui vous aideront \u00e0 relever vos d\u00e9fis ? Peut-\u00eatre avez-vous simplement&#8230;<\/p>\n<p><a class=\"button invert-primary\" href=\"https:\/\/af.ca\/ottawa\/bootcamps\/\">En savoir plus<\/a><\/p>\n","protected":false},"author":3,"featured_media":0,"parent":0,"menu_order":68,"comment_status":"closed","ping_status":"closed","template":"templates\/cours.php","meta":{"_acf_changed":false,"om_disable_all_campaigns":false,"_monsterinsights_skip_tracking":false,"_monsterinsights_sitenote_active":false,"_monsterinsights_sitenote_note":"","_monsterinsights_sitenote_category":0,"footnotes":""},"class_list":["post-21198","page","type-page","status-publish","hentry"],"acf":[],"yoast_head":"<!-- This site is optimized with the Yoast SEO plugin v27.6 - https:\/\/yoast.com\/product\/yoast-seo-wordpress\/ -->\n<title>Bootcamps - Alliance Fran\u00e7aise Ottawa<\/title>\n<meta name=\"description\" content=\"Cours de deux semaines sp\u00e9cialement con\u00e7ues pour la pr\u00e9paration \u00e0 l&#039;\u00e9valuation de langue seconde de la fonction publique.\" \/>\n<meta name=\"robots\" content=\"index, follow, max-snippet:-1, max-image-preview:large, max-video-preview:-1\" \/>\n<link rel=\"canonical\" href=\"https:\/\/af.ca\/ottawa\/bootcamps\/\" \/>\n<meta property=\"og:locale\" content=\"fr_FR\" \/>\n<meta property=\"og:type\" content=\"article\" \/>\n<meta property=\"og:title\" content=\"Bootcamps\" \/>\n<meta property=\"og:description\" content=\"Cours de deux semaines sp\u00e9cialement con\u00e7ues pour la pr\u00e9paration \u00e0 l&#039;\u00e9valuation de langue seconde de la fonction publique.\" \/>\n<meta property=\"og:url\" content=\"https:\/\/af.ca\/ottawa\/bootcamps\/\" \/>\n<meta property=\"og:site_name\" content=\"Alliance Fran\u00e7aise Ottawa\" \/>\n<meta property=\"article:modified_time\" content=\"2026-03-31T13:54:20+00:00\" \/>\n<meta property=\"og:image\" content=\"https:\/\/af.ca\/ottawa\/wp-content\/uploads\/2023\/10\/pexels-andrea-piacquadio-3762806-scaled.jpg\" \/>\n\t<meta property=\"og:image:width\" content=\"2560\" \/>\n\t<meta property=\"og:image:height\" content=\"1707\" \/>\n\t<meta property=\"og:image:type\" content=\"image\/jpeg\" \/>\n<meta name=\"twitter:card\" content=\"summary_large_image\" \/>\n<meta name=\"twitter:label1\" content=\"Dur\u00e9e de lecture estim\u00e9e\" \/>\n\t<meta name=\"twitter:data1\" content=\"2 minutes\" \/>\n<script type=\"application\/ld+json\" class=\"yoast-schema-graph\">{\"@context\":\"https:\\\/\\\/schema.org\",\"@graph\":[{\"@type\":\"WebPage\",\"@id\":\"https:\\\/\\\/af.ca\\\/ottawa\\\/bootcamps\\\/\",\"url\":\"https:\\\/\\\/af.ca\\\/ottawa\\\/bootcamps\\\/\",\"name\":\"Bootcamps - Alliance Fran\u00e7aise Ottawa\",\"isPartOf\":{\"@id\":\"https:\\\/\\\/af.ca\\\/ottawa\\\/#website\"},\"primaryImageOfPage\":{\"@id\":\"https:\\\/\\\/af.ca\\\/ottawa\\\/bootcamps\\\/#primaryimage\"},\"image\":{\"@id\":\"https:\\\/\\\/af.ca\\\/ottawa\\\/bootcamps\\\/#primaryimage\"},\"thumbnailUrl\":\"https:\\\/\\\/af.ca\\\/ottawa\\\/wp-content\\\/uploads\\\/2024\\\/03\\\/FR-300x111.png\",\"datePublished\":\"2024-03-19T18:40:52+00:00\",\"dateModified\":\"2026-03-31T13:54:20+00:00\",\"description\":\"Cours de deux semaines sp\u00e9cialement con\u00e7ues pour la pr\u00e9paration \u00e0 l'\u00e9valuation de langue seconde de la fonction publique.\",\"breadcrumb\":{\"@id\":\"https:\\\/\\\/af.ca\\\/ottawa\\\/bootcamps\\\/#breadcrumb\"},\"inLanguage\":\"fr-FR\",\"potentialAction\":[{\"@type\":\"ReadAction\",\"target\":[\"https:\\\/\\\/af.ca\\\/ottawa\\\/bootcamps\\\/\"]}]},{\"@type\":\"ImageObject\",\"inLanguage\":\"fr-FR\",\"@id\":\"https:\\\/\\\/af.ca\\\/ottawa\\\/bootcamps\\\/#primaryimage\",\"url\":\"https:\\\/\\\/af.ca\\\/ottawa\\\/wp-content\\\/uploads\\\/2024\\\/03\\\/FR.png\",\"contentUrl\":\"https:\\\/\\\/af.ca\\\/ottawa\\\/wp-content\\\/uploads\\\/2024\\\/03\\\/FR.png\",\"width\":851,\"height\":315},{\"@type\":\"BreadcrumbList\",\"@id\":\"https:\\\/\\\/af.ca\\\/ottawa\\\/bootcamps\\\/#breadcrumb\",\"itemListElement\":[{\"@type\":\"ListItem\",\"position\":1,\"name\":\"Home\",\"item\":\"https:\\\/\\\/af.ca\\\/ottawa\\\/\"},{\"@type\":\"ListItem\",\"position\":2,\"name\":\"Bootcamps\"}]},{\"@type\":\"WebSite\",\"@id\":\"https:\\\/\\\/af.ca\\\/ottawa\\\/#website\",\"url\":\"https:\\\/\\\/af.ca\\\/ottawa\\\/\",\"name\":\"Alliance Fran\u00e7aise Ottawa\",\"description\":\"\u00c9cole de langue fran\u00e7aise et centre culturel\",\"potentialAction\":[{\"@type\":\"SearchAction\",\"target\":{\"@type\":\"EntryPoint\",\"urlTemplate\":\"https:\\\/\\\/af.ca\\\/ottawa\\\/?s={search_term_string}\"},\"query-input\":{\"@type\":\"PropertyValueSpecification\",\"valueRequired\":true,\"valueName\":\"search_term_string\"}}],\"inLanguage\":\"fr-FR\"}]}<\/script>\n<!-- \/ Yoast SEO plugin. -->","yoast_head_json":{"title":"Bootcamps - Alliance Fran\u00e7aise Ottawa","description":"Cours de deux semaines sp\u00e9cialement con\u00e7ues pour la pr\u00e9paration \u00e0 l'\u00e9valuation de langue seconde de la fonction publique.","robots":{"index":"index","follow":"follow","max-snippet":"max-snippet:-1","max-image-preview":"max-image-preview:large","max-video-preview":"max-video-preview:-1"},"canonical":"https:\/\/af.ca\/ottawa\/bootcamps\/","og_locale":"fr_FR","og_type":"article","og_title":"Bootcamps","og_description":"Cours de deux semaines sp\u00e9cialement con\u00e7ues pour la pr\u00e9paration \u00e0 l'\u00e9valuation de langue seconde de la fonction publique.","og_url":"https:\/\/af.ca\/ottawa\/bootcamps\/","og_site_name":"Alliance Fran\u00e7aise Ottawa","article_modified_time":"2026-03-31T13:54:20+00:00","og_image":[{"width":2560,"height":1707,"url":"https:\/\/af.ca\/ottawa\/wp-content\/uploads\/2023\/10\/pexels-andrea-piacquadio-3762806-scaled.jpg","type":"image\/jpeg"}],"twitter_card":"summary_large_image","twitter_misc":{"Dur\u00e9e de lecture estim\u00e9e":"2 minutes"},"schema":{"@context":"https:\/\/schema.org","@graph":[{"@type":"WebPage","@id":"https:\/\/af.ca\/ottawa\/bootcamps\/","url":"https:\/\/af.ca\/ottawa\/bootcamps\/","name":"Bootcamps - Alliance Fran\u00e7aise Ottawa","isPartOf":{"@id":"https:\/\/af.ca\/ottawa\/#website"},"primaryImageOfPage":{"@id":"https:\/\/af.ca\/ottawa\/bootcamps\/#primaryimage"},"image":{"@id":"https:\/\/af.ca\/ottawa\/bootcamps\/#primaryimage"},"thumbnailUrl":"https:\/\/af.ca\/ottawa\/wp-content\/uploads\/2024\/03\/FR-300x111.png","datePublished":"2024-03-19T18:40:52+00:00","dateModified":"2026-03-31T13:54:20+00:00","description":"Cours de deux semaines sp\u00e9cialement con\u00e7ues pour la pr\u00e9paration \u00e0 l'\u00e9valuation de langue seconde de la fonction publique.","breadcrumb":{"@id":"https:\/\/af.ca\/ottawa\/bootcamps\/#breadcrumb"},"inLanguage":"fr-FR","potentialAction":[{"@type":"ReadAction","target":["https:\/\/af.ca\/ottawa\/bootcamps\/"]}]},{"@type":"ImageObject","inLanguage":"fr-FR","@id":"https:\/\/af.ca\/ottawa\/bootcamps\/#primaryimage","url":"https:\/\/af.ca\/ottawa\/wp-content\/uploads\/2024\/03\/FR.png","contentUrl":"https:\/\/af.ca\/ottawa\/wp-content\/uploads\/2024\/03\/FR.png","width":851,"height":315},{"@type":"BreadcrumbList","@id":"https:\/\/af.ca\/ottawa\/bootcamps\/#breadcrumb","itemListElement":[{"@type":"ListItem","position":1,"name":"Home","item":"https:\/\/af.ca\/ottawa\/"},{"@type":"ListItem","position":2,"name":"Bootcamps"}]},{"@type":"WebSite","@id":"https:\/\/af.ca\/ottawa\/#website","url":"https:\/\/af.ca\/ottawa\/","name":"Alliance Fran\u00e7aise Ottawa","description":"\u00c9cole de langue fran\u00e7aise et centre culturel","potentialAction":[{"@type":"SearchAction","target":{"@type":"EntryPoint","urlTemplate":"https:\/\/af.ca\/ottawa\/?s={search_term_string}"},"query-input":{"@type":"PropertyValueSpecification","valueRequired":true,"valueName":"search_term_string"}}],"inLanguage":"fr-FR"}]}},"blog_post_layout_featured_media_urls":{"thumbnail":"","full":""},"categories_names":null,"comments_number":"0","_links":{"self":[{"href":"https:\/\/af.ca\/ottawa\/wp-json\/wp\/v2\/pages\/21198","targetHints":{"allow":["GET"]}}],"collection":[{"href":"https:\/\/af.ca\/ottawa\/wp-json\/wp\/v2\/pages"}],"about":[{"href":"https:\/\/af.ca\/ottawa\/wp-json\/wp\/v2\/types\/page"}],"author":[{"embeddable":true,"href":"https:\/\/af.ca\/ottawa\/wp-json\/wp\/v2\/users\/3"}],"replies":[{"embeddable":true,"href":"https:\/\/af.ca\/ottawa\/wp-json\/wp\/v2\/comments?post=21198"}],"version-history":[{"count":5,"href":"https:\/\/af.ca\/ottawa\/wp-json\/wp\/v2\/pages\/21198\/revisions"}],"predecessor-version":[{"id":25293,"href":"https:\/\/af.ca\/ottawa\/wp-json\/wp\/v2\/pages\/21198\/revisions\/25293"}],"wp:attachment":[{"href":"https:\/\/af.ca\/ottawa\/wp-json\/wp\/v2\/media?parent=21198"}],"curies":[{"name":"wp","href":"https:\/\/api.w.org\/{rel}","templated":true}]}}