{"id":21264,"date":"2023-10-20T15:24:34","date_gmt":"2023-10-20T19:24:34","guid":{"rendered":"https:\/\/af.ca\/ottawa\/?page_id=21264"},"modified":"2023-10-20T15:24:34","modified_gmt":"2023-10-20T19:24:34","slug":"ou-trouver-des-activites-a-faire-a-ottawa","status":"publish","type":"page","link":"https:\/\/af.ca\/ottawa\/ou-trouver-des-activites-a-faire-a-ottawa\/","title":{"rendered":"O\u00f9 trouver des activit\u00e9s \u00e0 faire \u00e0 Ottawa ?"},"content":{"rendered":"<p><a href=\"https:\/\/af.ca\/ottawa\/wp-content\/uploads\/2023\/10\/Activites-Ottawa-octobre-2023.png\"><img loading=\"lazy\" decoding=\"async\" class=\"alignnone  wp-image-21265\" src=\"https:\/\/af.ca\/ottawa\/wp-content\/uploads\/2023\/10\/Activites-Ottawa-octobre-2023-300x169.png\" alt=\"\" width=\"800\" height=\"451\" srcset=\"https:\/\/af.ca\/ottawa\/wp-content\/uploads\/2023\/10\/Activites-Ottawa-octobre-2023-300x169.png 300w, https:\/\/af.ca\/ottawa\/wp-content\/uploads\/2023\/10\/Activites-Ottawa-octobre-2023-1024x576.png 1024w, https:\/\/af.ca\/ottawa\/wp-content\/uploads\/2023\/10\/Activites-Ottawa-octobre-2023-768x432.png 768w, https:\/\/af.ca\/ottawa\/wp-content\/uploads\/2023\/10\/Activites-Ottawa-octobre-2023-1536x864.png 1536w, https:\/\/af.ca\/ottawa\/wp-content\/uploads\/2023\/10\/Activites-Ottawa-octobre-2023.png 1920w\" sizes=\"auto, (max-width: 800px) 100vw, 800px\" \/><\/a><\/p>\n<p>&nbsp;<\/p>\n<p>Ottawa est la capitale du Canada. Trop \u00ab\u00a0boring\u00a0\u00bb pour certains, Ottawa regorge pourtant d\u2019activit\u00e9s vari\u00e9es. Culture, sport, arts visuels, sorties touristiques, d\u00e9gustations culinaires\u00a0; vous avez de quoi occuper vos semaines et vos week-ends au sein de la capitale canadienne.<\/p>\n<p>Selon vos envies, plusieurs sites vous permettent de trouver facilement des activit\u00e9s vari\u00e9es, \u00e0 diff\u00e9rents tarifs, en semaine ou le week-end, \u00e0 Ottawa et aux alentours.<\/p>\n<p>&nbsp;<\/p>\n<blockquote><p><strong>1\/ Rencontrer de nouvelles personnes et d\u00e9couvrir des activit\u00e9s proches de chez soi avec Meetup<\/strong><\/p><\/blockquote>\n<p><strong>Meetup<\/strong> a \u00e9t\u00e9 cr\u00e9\u00e9 en 2002. C\u2019est une plateforme en ligne qui permet de trouver des activit\u00e9s culturelles, professionnelles et touristiques. Meetup croit en la cr\u00e9ation de communaut\u00e9s locales et de nouvelles rencontres par le biais d\u2019activit\u00e9s collectives. La rencontre d\u2019inconnus pour passer un moment convivial, \u00e0 but professionnel ou de loisirs correspond \u00e0 leur proposition de valeurs.<\/p>\n<p>Parmi les activit\u00e9s propos\u00e9es par la plateforme Meetup, vous pourrez trouver\u00a0: une balade \u00e0 v\u00e9lo le long du Canal Rideau, un footing au Parc de la Gatineau, un cours de m\u00e9ditation pour femmes, une soir\u00e9e jeux et business, un atelier de poterie et aussi les activit\u00e9s de l\u2019Alliance Fran\u00e7aise Ottawa. En effet, nous publions sur Meetup nos activit\u00e9s culturelles telles que les conf\u00e9rences, les cin\u00e9-clubs, les cours de zumba en fran\u00e7ais et les \u00ab\u00a0pub night in French\u00a0\u00bb \u00e0 Ottawa.<\/p>\n<p>Avec Meetup, vous pouvez trouver des \u00e9v\u00e9nements pour le jour m\u00eame, le week-end ou le mois. Chaque fiche \u00e9v\u00e9nement vous offre un d\u00e9tail de celui-ci avec les coordonn\u00e9es de l\u2019organisateur, le lieu de l\u2019\u00e9v\u00e9nement et le nombre de personnes d\u00e9j\u00e0 int\u00e9ress\u00e9es. Vous avez aussi la possibilit\u00e9 d\u2019\u00eatre notifi\u00e9 lorsque des \u00e9v\u00e9nements d\u2019une structure que vous appr\u00e9ciez sont mis en ligne, et de r\u00e9server votre place \u00e0 l\u2019\u00e9v\u00e9nement. D\u00e9couvrez <a href=\"https:\/\/www.meetup.com\/\">Meetup<\/a> d\u00e8s maintenant.<\/p>\n<p>&nbsp;<\/p>\n<blockquote><p><strong>2\/ Vivre une exp\u00e9rience unique et se rassembler avec Evenbrite<\/strong><\/p><\/blockquote>\n<p>Pour trouver des activit\u00e9s proches de chez vous, \u00e0 faire sur une soir\u00e9e, une matin\u00e9e ou en demi-journ\u00e9e, vous pouvez \u00e9galement aller sur la plateforme <strong>Eventbrite<\/strong>. Leur mission \u00ab\u00a0rassembler le monde gr\u00e2ce aux exp\u00e9riences\u00a0\u00bb. Ainsi, vous trouverez sur cette plateforme de tickets en ligne des \u00e9v\u00e9nements communautaires, nationaux et internationaux. De l\u2019anniversaire de quartier au festival de l\u2019ann\u00e9e, tout y est. Eventbrite propose des exp\u00e9riences en fonction des villes, et Ottawa regorge d\u2019activit\u00e9s. Chaque \u00e9v\u00e9nement comporte une description d\u00e9taill\u00e9e, un visuel, une date, un cr\u00e9neau horaire, un lieu et un tarif. Certains \u00e9v\u00e9nements sont propos\u00e9s gratuitement. Vous pouvez \u00e9galement retrouver les autres \u00e9v\u00e9nements propos\u00e9s par le m\u00eame organisateur. Avec un compte Eventbrite, vous pourrez suivre vos organisateurs favoris et ainsi ne louper aucun de leurs \u00e9v\u00e9nements.<\/p>\n<p>Pareillement, l\u2019Alliance Fran\u00e7aise Ottawa est sur Eventbrite. Nous vous proposons notamment nos \u00e9v\u00e9nements culturels uniques comme les conf\u00e9rences ou ateliers th\u00e9matiques. Abonnez-vous \u00e0 notre compte pour d\u00e9couvrir notre programmation culturelle au fil de l\u2019ann\u00e9e. Et pour tous les autres \u00e9v\u00e9nements disponibles \u00e0 Ottawa, d\u00e9couvrez les propositions <a href=\"https:\/\/www.eventbrite.ca\/\">d\u2019Eventbrite<\/a>.<\/p>\n<p>&nbsp;<\/p>\n<blockquote><p><strong>3\/ Participer aux \u00e9v\u00e9nements culturels de l\u2019Alliance Fran\u00e7aise Ottawa<\/strong><\/p><\/blockquote>\n<p>Pour retrouver notre agenda culturel 2023-2024, vous pouvez vous rendre directement dans la rubrique \u00ab\u00a0<a href=\"https:\/\/af.ca\/ottawa\/culture\/agenda-2\/#\/\">Agenda\u00a0<\/a>\u00bb de notre site internet. Nous veillons \u00e0 mettre \u00e0 jour r\u00e9guli\u00e8rement cette rubrique. En tant qu\u2019Alliance Fran\u00e7aise, nous sommes un centre culturel et vous proposons de nombreux \u00e9v\u00e9nements en fran\u00e7ais. Que vous ayez un niveau d\u00e9butant ou avanc\u00e9, vous \u00eates les bienvenus. Nous proposons des \u00e9v\u00e9nements gratuits et payants, avec des tarifs privil\u00e9gi\u00e9s pour <a href=\"https:\/\/af.ca\/ottawa\/culture\/devenir-membre-de-lalliance-francaise-ottawa\/#\/\">nos membres<\/a>. Parmi eux, vous trouverez : les caf\u00e9 discussions en ligne, les \u00ab Pub Night in French \u00bb, les clubs de lecture, les ateliers \u00ab Petits Penseurs \u00bb pour les enfants, et d\u2019autres activit\u00e9s comme des cours de zumba en fran\u00e7ais.<\/p>\n<p>Les \u00e9v\u00e9nements de l\u2019Alliance Fran\u00e7aise Ottawa sont organis\u00e9s \u00e0 Ottawa, au sein de l\u2019Alliance Fran\u00e7aise ou \u00e0 proximit\u00e9. Vous pouvez, pour chaque \u00e9v\u00e9nement, r\u00e9server votre place directement sur notre site. Vous retrouvez \u00e9galement chacun de nos \u00e9v\u00e9nements sur\u00a0Meetup, Eventbrite et Facebook.<\/p>\n<p>Chaque ann\u00e9e, l\u2019Alliance Fran\u00e7aise d\u2019Ottawa organise des \u00e9v\u00e9nements uniques comme une Clean Walk, une journ\u00e9e autour de la francophonie ou encore une balade \u00e0 v\u00e9lo. Tous nos \u00e9v\u00e9nements sont accessibles au grand public comme \u00e0 nos membres.<\/p>\n<p>&nbsp;<\/p>\n<blockquote><p><strong>4\/ D\u00e9couvrir les alentours gr\u00e2ce aux exp\u00e9riences responsables de Vaolo<\/strong><\/p><\/blockquote>\n<p>Comme les \u00e9v\u00e9nements annuels propos\u00e9s par l\u2019Alliance Fran\u00e7aise Ottawa, une autre plateforme propose des exp\u00e9riences uniques et responsables en Ontario et au Canada. C\u2019est le cas de <strong>Vaolo. <\/strong>Vaolo est une plateforme collaborative pour les voyageurs soucieux de leur impact. Son objectif est de devenir une r\u00e9f\u00e9rence mondiale en tourisme d\u2019exp\u00e9rience humaine avec des impacts locaux. Elle propose des exp\u00e9riences qui inspirent le changement. Ce sont des exp\u00e9riences collaboratives car elles sont recommand\u00e9es et agr\u00e9ment\u00e9es par des voyageurs du monde entier. Autour d\u2019Ottawa, vous pouvez par exemple\u00a0:<\/p>\n<p>1\ufe0f\u20e3 \u00a0\u00a0Visite de la ferme Agricola (Namur &#8211; 1h20)<\/p>\n<p>2\ufe0f\u20e3 \u00a0\u00a0Explorer la caverne Lusk (Wakefield &#8211; 30 min)<\/p>\n<p>3\ufe0f\u20e3 \u00a0\u00a0Profiter des plages de Petrie Island (Plantagenet &#8211; 50 min)<\/p>\n<p>4\ufe0f\u20e3 \u00a0\u00a0Randonner \u00e0 cheval aux c\u00f4t\u00e9s du bison des bois (Val des Lacs &#8211; 2h20)<\/p>\n<p>5\ufe0f\u20e3 \u00a0\u00a0D\u00e9couvrir les ruines Carbide-Wilson (Luskvill &#8211; 37 min)<\/p>\n<p>Chaque exp\u00e9rience est compl\u00e9t\u00e9e par une offre d\u2019h\u00e9bergement responsable, locale et engag\u00e9e. Vous pouvez organiser vos activit\u00e9s en semaine ou le week-end, pour des vacances ou sur une fin de journ\u00e9e. Pour vivre une exp\u00e9rience responsable et proche d\u2019Ottawa, d\u00e9couvrez les activit\u00e9s propos\u00e9es par <a href=\"https:\/\/vaolo.com\/?model=experiences&amp;page=0\">Vaolo<\/a>.<\/p>\n<p>&nbsp;<\/p>\n<blockquote><p><strong>5\/ Faire une visite touristique en d\u00e9couvrant\u00a0Musement<\/strong><\/p><\/blockquote>\n<p>\u00ab\u00a0Vacances\u00a0\u00bb rime souvent avec visites touristiques \u00e0 Ottawa. C\u2019est la derni\u00e8re plateforme que l\u2019on souhaite vous pr\u00e9senter aujourd\u2019hui. Il s\u2019agit de <strong>Musement<\/strong>, un site de r\u00e9servation pour les activit\u00e9s touristiques comme les mus\u00e9es ou attractions. La plateforme est disponible partout dans le monde dont \u00e9galement au sein de la capitale canadienne. A Ottawa, vous aurez la possibilit\u00e9 de faire une visite guid\u00e9e sur le Street\u2019 art, prendre un amphibus pour explorer la capitale, ou encore profiter d\u2019un tour en bateau face au coucher de soleil et au Parlement.<\/p>\n<p>Chaque fiche descriptive de l\u2019\u00e9v\u00e9nement vous indique les horaires disponibles, les \u00e9l\u00e9ments inclus ou non inclus dans le prix, les raisons de participer \u00e0 la visite et vous donne acc\u00e8s \u00e0 des photos. Pour d\u00e9couvrir les activit\u00e9s touristiques propos\u00e9es \u00e0 Ottawa, allez sur <a href=\"https:\/\/www.musement.com\/us\/search\/?q=ottawa\">musement<\/a>.<\/p>\n<p>&nbsp;<\/p>\n<p>Avec toutes ces ressources, nous esp\u00e9rons que votre visite d\u2019Ottawa ou votre installation dans la capitale sera festive et chaleureuse. A l\u2019Alliance Fran\u00e7aise d\u2019Ottawa, nous serions ravis de vous accueillir une fois ou toute l\u2019ann\u00e9e !<\/p>\n","protected":false},"excerpt":{"rendered":"<p>&nbsp; Ottawa est la capitale du Canada. Trop \u00ab\u00a0boring\u00a0\u00bb pour certains, Ottawa regorge pourtant d\u2019activit\u00e9s vari\u00e9es. Culture, sport, arts visuels, sorties touristiques, d\u00e9gustations culinaires\u00a0; vous avez de quoi occuper vos semaines et vos week-ends au sein de la capitale canadienne. Selon vos envies, plusieurs sites vous permettent de trouver facilement des activit\u00e9s vari\u00e9es, \u00e0 diff\u00e9rents&#8230;<\/p>\n<p><a class=\"button invert-primary\" href=\"https:\/\/af.ca\/ottawa\/ou-trouver-des-activites-a-faire-a-ottawa\/\">En savoir plus<\/a><\/p>\n","protected":false},"author":3,"featured_media":0,"parent":0,"menu_order":64,"comment_status":"closed","ping_status":"closed","template":"","meta":{"_acf_changed":false,"om_disable_all_campaigns":false,"_monsterinsights_skip_tracking":false,"_monsterinsights_sitenote_active":false,"_monsterinsights_sitenote_note":"","_monsterinsights_sitenote_category":0,"footnotes":""},"class_list":["post-21264","page","type-page","status-publish","hentry"],"acf":[],"yoast_head":"<!-- This site is optimized with the Yoast SEO plugin v27.4 - https:\/\/yoast.com\/product\/yoast-seo-wordpress\/ -->\n<title>O\u00f9 trouver des activit\u00e9s \u00e0 faire \u00e0 Ottawa ? - Alliance Fran\u00e7aise Ottawa<\/title>\n<meta name=\"description\" content=\"Ottawa est la capitale du Canada. Trop \u00ab\u00a0boring\u00a0\u00bb pour certains, Ottawa regorge pourtant d\u2019activit\u00e9s vari\u00e9es. Culture, sport, arts visuels, sorties touristiques, d\u00e9gustations culinaires.\" \/>\n<meta name=\"robots\" content=\"index, follow, max-snippet:-1, max-image-preview:large, max-video-preview:-1\" \/>\n<link rel=\"canonical\" href=\"https:\/\/af.ca\/ottawa\/ou-trouver-des-activites-a-faire-a-ottawa\/\" \/>\n<meta property=\"og:locale\" content=\"fr_FR\" \/>\n<meta property=\"og:type\" content=\"article\" \/>\n<meta property=\"og:title\" content=\"O\u00f9 trouver des activit\u00e9s \u00e0 faire \u00e0 Ottawa ?\" \/>\n<meta property=\"og:description\" content=\"Ottawa est la capitale du Canada. Trop \u00ab\u00a0boring\u00a0\u00bb pour certains, Ottawa regorge pourtant d\u2019activit\u00e9s vari\u00e9es. Culture, sport, arts visuels, sorties touristiques, d\u00e9gustations culinaires.\" \/>\n<meta property=\"og:url\" content=\"https:\/\/af.ca\/ottawa\/ou-trouver-des-activites-a-faire-a-ottawa\/\" \/>\n<meta property=\"og:site_name\" content=\"Alliance Fran\u00e7aise Ottawa\" \/>\n<meta property=\"og:image\" content=\"https:\/\/af.ca\/ottawa\/wp-content\/uploads\/2023\/10\/Activites-Ottawa-octobre-2023-1024x576.png\" \/>\n\t<meta property=\"og:image:width\" content=\"1024\" \/>\n\t<meta property=\"og:image:height\" content=\"576\" \/>\n\t<meta property=\"og:image:type\" content=\"image\/png\" \/>\n<meta name=\"twitter:card\" content=\"summary_large_image\" \/>\n<meta name=\"twitter:label1\" content=\"Dur\u00e9e de lecture estim\u00e9e\" \/>\n\t<meta name=\"twitter:data1\" content=\"5 minutes\" \/>\n<script type=\"application\/ld+json\" class=\"yoast-schema-graph\">{\"@context\":\"https:\\\/\\\/schema.org\",\"@graph\":[{\"@type\":\"WebPage\",\"@id\":\"https:\\\/\\\/af.ca\\\/ottawa\\\/ou-trouver-des-activites-a-faire-a-ottawa\\\/\",\"url\":\"https:\\\/\\\/af.ca\\\/ottawa\\\/ou-trouver-des-activites-a-faire-a-ottawa\\\/\",\"name\":\"O\u00f9 trouver des activit\u00e9s \u00e0 faire \u00e0 Ottawa ? - Alliance Fran\u00e7aise Ottawa\",\"isPartOf\":{\"@id\":\"https:\\\/\\\/af.ca\\\/ottawa\\\/#website\"},\"primaryImageOfPage\":{\"@id\":\"https:\\\/\\\/af.ca\\\/ottawa\\\/ou-trouver-des-activites-a-faire-a-ottawa\\\/#primaryimage\"},\"image\":{\"@id\":\"https:\\\/\\\/af.ca\\\/ottawa\\\/ou-trouver-des-activites-a-faire-a-ottawa\\\/#primaryimage\"},\"thumbnailUrl\":\"https:\\\/\\\/af.ca\\\/ottawa\\\/wp-content\\\/uploads\\\/2023\\\/10\\\/Activites-Ottawa-octobre-2023-300x169.png\",\"datePublished\":\"2023-10-20T19:24:34+00:00\",\"description\":\"Ottawa est la capitale du Canada. Trop \u00ab\u00a0boring\u00a0\u00bb pour certains, Ottawa regorge pourtant d\u2019activit\u00e9s vari\u00e9es. Culture, sport, arts visuels, sorties touristiques, d\u00e9gustations culinaires.\",\"breadcrumb\":{\"@id\":\"https:\\\/\\\/af.ca\\\/ottawa\\\/ou-trouver-des-activites-a-faire-a-ottawa\\\/#breadcrumb\"},\"inLanguage\":\"fr-FR\",\"potentialAction\":[{\"@type\":\"ReadAction\",\"target\":[\"https:\\\/\\\/af.ca\\\/ottawa\\\/ou-trouver-des-activites-a-faire-a-ottawa\\\/\"]}]},{\"@type\":\"ImageObject\",\"inLanguage\":\"fr-FR\",\"@id\":\"https:\\\/\\\/af.ca\\\/ottawa\\\/ou-trouver-des-activites-a-faire-a-ottawa\\\/#primaryimage\",\"url\":\"https:\\\/\\\/af.ca\\\/ottawa\\\/wp-content\\\/uploads\\\/2023\\\/10\\\/Activites-Ottawa-octobre-2023.png\",\"contentUrl\":\"https:\\\/\\\/af.ca\\\/ottawa\\\/wp-content\\\/uploads\\\/2023\\\/10\\\/Activites-Ottawa-octobre-2023.png\",\"width\":1920,\"height\":1080},{\"@type\":\"BreadcrumbList\",\"@id\":\"https:\\\/\\\/af.ca\\\/ottawa\\\/ou-trouver-des-activites-a-faire-a-ottawa\\\/#breadcrumb\",\"itemListElement\":[{\"@type\":\"ListItem\",\"position\":1,\"name\":\"Home\",\"item\":\"https:\\\/\\\/af.ca\\\/ottawa\\\/\"},{\"@type\":\"ListItem\",\"position\":2,\"name\":\"O\u00f9 trouver des activit\u00e9s \u00e0 faire \u00e0 Ottawa ?\"}]},{\"@type\":\"WebSite\",\"@id\":\"https:\\\/\\\/af.ca\\\/ottawa\\\/#website\",\"url\":\"https:\\\/\\\/af.ca\\\/ottawa\\\/\",\"name\":\"Alliance Fran\u00e7aise Ottawa\",\"description\":\"\u00c9cole de langue fran\u00e7aise et centre culturel\",\"potentialAction\":[{\"@type\":\"SearchAction\",\"target\":{\"@type\":\"EntryPoint\",\"urlTemplate\":\"https:\\\/\\\/af.ca\\\/ottawa\\\/?s={search_term_string}\"},\"query-input\":{\"@type\":\"PropertyValueSpecification\",\"valueRequired\":true,\"valueName\":\"search_term_string\"}}],\"inLanguage\":\"fr-FR\"}]}<\/script>\n<!-- \/ Yoast SEO plugin. -->","yoast_head_json":{"title":"O\u00f9 trouver des activit\u00e9s \u00e0 faire \u00e0 Ottawa ? - Alliance Fran\u00e7aise Ottawa","description":"Ottawa est la capitale du Canada. Trop \u00ab\u00a0boring\u00a0\u00bb pour certains, Ottawa regorge pourtant d\u2019activit\u00e9s vari\u00e9es. Culture, sport, arts visuels, sorties touristiques, d\u00e9gustations culinaires.","robots":{"index":"index","follow":"follow","max-snippet":"max-snippet:-1","max-image-preview":"max-image-preview:large","max-video-preview":"max-video-preview:-1"},"canonical":"https:\/\/af.ca\/ottawa\/ou-trouver-des-activites-a-faire-a-ottawa\/","og_locale":"fr_FR","og_type":"article","og_title":"O\u00f9 trouver des activit\u00e9s \u00e0 faire \u00e0 Ottawa ?","og_description":"Ottawa est la capitale du Canada. Trop \u00ab\u00a0boring\u00a0\u00bb pour certains, Ottawa regorge pourtant d\u2019activit\u00e9s vari\u00e9es. Culture, sport, arts visuels, sorties touristiques, d\u00e9gustations culinaires.","og_url":"https:\/\/af.ca\/ottawa\/ou-trouver-des-activites-a-faire-a-ottawa\/","og_site_name":"Alliance Fran\u00e7aise Ottawa","og_image":[{"width":1024,"height":576,"url":"https:\/\/af.ca\/ottawa\/wp-content\/uploads\/2023\/10\/Activites-Ottawa-octobre-2023-1024x576.png","type":"image\/png"}],"twitter_card":"summary_large_image","twitter_misc":{"Dur\u00e9e de lecture estim\u00e9e":"5 minutes"},"schema":{"@context":"https:\/\/schema.org","@graph":[{"@type":"WebPage","@id":"https:\/\/af.ca\/ottawa\/ou-trouver-des-activites-a-faire-a-ottawa\/","url":"https:\/\/af.ca\/ottawa\/ou-trouver-des-activites-a-faire-a-ottawa\/","name":"O\u00f9 trouver des activit\u00e9s \u00e0 faire \u00e0 Ottawa ? - Alliance Fran\u00e7aise Ottawa","isPartOf":{"@id":"https:\/\/af.ca\/ottawa\/#website"},"primaryImageOfPage":{"@id":"https:\/\/af.ca\/ottawa\/ou-trouver-des-activites-a-faire-a-ottawa\/#primaryimage"},"image":{"@id":"https:\/\/af.ca\/ottawa\/ou-trouver-des-activites-a-faire-a-ottawa\/#primaryimage"},"thumbnailUrl":"https:\/\/af.ca\/ottawa\/wp-content\/uploads\/2023\/10\/Activites-Ottawa-octobre-2023-300x169.png","datePublished":"2023-10-20T19:24:34+00:00","description":"Ottawa est la capitale du Canada. Trop \u00ab\u00a0boring\u00a0\u00bb pour certains, Ottawa regorge pourtant d\u2019activit\u00e9s vari\u00e9es. Culture, sport, arts visuels, sorties touristiques, d\u00e9gustations culinaires.","breadcrumb":{"@id":"https:\/\/af.ca\/ottawa\/ou-trouver-des-activites-a-faire-a-ottawa\/#breadcrumb"},"inLanguage":"fr-FR","potentialAction":[{"@type":"ReadAction","target":["https:\/\/af.ca\/ottawa\/ou-trouver-des-activites-a-faire-a-ottawa\/"]}]},{"@type":"ImageObject","inLanguage":"fr-FR","@id":"https:\/\/af.ca\/ottawa\/ou-trouver-des-activites-a-faire-a-ottawa\/#primaryimage","url":"https:\/\/af.ca\/ottawa\/wp-content\/uploads\/2023\/10\/Activites-Ottawa-octobre-2023.png","contentUrl":"https:\/\/af.ca\/ottawa\/wp-content\/uploads\/2023\/10\/Activites-Ottawa-octobre-2023.png","width":1920,"height":1080},{"@type":"BreadcrumbList","@id":"https:\/\/af.ca\/ottawa\/ou-trouver-des-activites-a-faire-a-ottawa\/#breadcrumb","itemListElement":[{"@type":"ListItem","position":1,"name":"Home","item":"https:\/\/af.ca\/ottawa\/"},{"@type":"ListItem","position":2,"name":"O\u00f9 trouver des activit\u00e9s \u00e0 faire \u00e0 Ottawa ?"}]},{"@type":"WebSite","@id":"https:\/\/af.ca\/ottawa\/#website","url":"https:\/\/af.ca\/ottawa\/","name":"Alliance Fran\u00e7aise Ottawa","description":"\u00c9cole de langue fran\u00e7aise et centre culturel","potentialAction":[{"@type":"SearchAction","target":{"@type":"EntryPoint","urlTemplate":"https:\/\/af.ca\/ottawa\/?s={search_term_string}"},"query-input":{"@type":"PropertyValueSpecification","valueRequired":true,"valueName":"search_term_string"}}],"inLanguage":"fr-FR"}]}},"blog_post_layout_featured_media_urls":{"thumbnail":"","full":""},"categories_names":null,"comments_number":"0","_links":{"self":[{"href":"https:\/\/af.ca\/ottawa\/wp-json\/wp\/v2\/pages\/21264","targetHints":{"allow":["GET"]}}],"collection":[{"href":"https:\/\/af.ca\/ottawa\/wp-json\/wp\/v2\/pages"}],"about":[{"href":"https:\/\/af.ca\/ottawa\/wp-json\/wp\/v2\/types\/page"}],"author":[{"embeddable":true,"href":"https:\/\/af.ca\/ottawa\/wp-json\/wp\/v2\/users\/3"}],"replies":[{"embeddable":true,"href":"https:\/\/af.ca\/ottawa\/wp-json\/wp\/v2\/comments?post=21264"}],"version-history":[{"count":0,"href":"https:\/\/af.ca\/ottawa\/wp-json\/wp\/v2\/pages\/21264\/revisions"}],"wp:attachment":[{"href":"https:\/\/af.ca\/ottawa\/wp-json\/wp\/v2\/media?parent=21264"}],"curies":[{"name":"wp","href":"https:\/\/api.w.org\/{rel}","templated":true}]}}