{"id":21269,"date":"2023-10-25T14:48:22","date_gmt":"2023-10-25T18:48:22","guid":{"rendered":"https:\/\/af.ca\/ottawa\/?page_id=21269"},"modified":"2023-10-25T14:48:35","modified_gmt":"2023-10-25T18:48:35","slug":"where-to-find-activities-to-do-in-ottawa","status":"publish","type":"page","link":"https:\/\/af.ca\/ottawa\/where-to-find-activities-to-do-in-ottawa\/","title":{"rendered":"Where to find activities to do in Ottawa?"},"content":{"rendered":"<p><a href=\"https:\/\/af.ca\/ottawa\/wp-content\/uploads\/2023\/10\/Things-to-do-in-Ottawa-october-2023.png\"><img loading=\"lazy\" decoding=\"async\" class=\"alignnone wp-image-21270\" src=\"https:\/\/af.ca\/ottawa\/wp-content\/uploads\/2023\/10\/Things-to-do-in-Ottawa-october-2023-300x169.png\" alt=\"\" width=\"745\" height=\"420\" srcset=\"https:\/\/af.ca\/ottawa\/wp-content\/uploads\/2023\/10\/Things-to-do-in-Ottawa-october-2023-300x169.png 300w, https:\/\/af.ca\/ottawa\/wp-content\/uploads\/2023\/10\/Things-to-do-in-Ottawa-october-2023-1024x576.png 1024w, https:\/\/af.ca\/ottawa\/wp-content\/uploads\/2023\/10\/Things-to-do-in-Ottawa-october-2023-768x432.png 768w, https:\/\/af.ca\/ottawa\/wp-content\/uploads\/2023\/10\/Things-to-do-in-Ottawa-october-2023-1536x864.png 1536w, https:\/\/af.ca\/ottawa\/wp-content\/uploads\/2023\/10\/Things-to-do-in-Ottawa-october-2023.png 1920w\" sizes=\"auto, (max-width: 745px) 100vw, 745px\" \/><\/a><\/p>\n<p>Ottawa is the capital of Canada. Some people say Ottawa is boring, but yet there&rsquo;s plenty to do. Culture, sport, visual arts, sightseeing, culinary delights &#8211; there&rsquo;s a lot to keep you busy during the week and on weekends in Canada&rsquo;s capital.<\/p>\n<p>Depending on what you want to do, there are several sites where you can easily find a variety of activities, at different prices, during the week or at weekends, in Ottawa and the surrounding area.<\/p>\n<p>&nbsp;<\/p>\n<p><strong>1\/ Meet new people and discover activities close to home with Meetup<\/strong><\/p>\n<p><strong>Meetup<\/strong> was created in 2002. It&rsquo;s an online platform for finding cultural, professional and tourist activities. Meetup believes in creating local communities and meeting new people through collective activities. Meetup offers the possibility to meeting strangers for social, professional or leisure.<\/p>\n<p>Among the activities offered by the Meetup platform, you can find: a bike ride along the Rideau Canal, a jog in Gatineau Park, a meditation class, a games and business evening, a pottery workshop and of course, the activities of the Alliance Fran\u00e7aise Ottawa. We publish our cultural activities such as conferences, film clubs, Zumba classes in French and Pub Nights in French in Ottawa.<\/p>\n<p>With Meetup, you can find events for the same day, the weekend, or the month. Each event listing gives you details of the event, including the organiser&rsquo;s contact details, the venue and the number of people already interested. You can also be notified when events from a structure you like are posted online and reserve your place at the event. Discover <a href=\"https:\/\/www.meetup.com\/home\/\">Meetup<\/a> now.<\/p>\n<p>&nbsp;<\/p>\n<p><strong>2\/ Enjoy a unique experience and get together with Evenbrite<\/strong><\/p>\n<p>To find activities near you, for an evening, morning, or half-day, you can also visit the Eventbrite platform. Their mission is \u00ab\u00a0to bring the world together through experiences\u00a0\u00bb. On this online ticketing platform, you&rsquo;ll find community, national and international events. From a neighbourhood birthday party to the festival of the year, it&rsquo;s all there. Eventbrite offers city-specific experiences, and Ottawa is full of them. Each event has a detailed description, visual, date, time slot, location, and price. Some events are free. You can also find other events offered by the same organiser. With an Eventbrite account, you can follow your favourite organisers and make sure you don&rsquo;t miss any of their events.<\/p>\n<p>Likewise, the Alliance Fran\u00e7aise Ottawa is on Eventbrite. We offer unique cultural events such as conferences and themed workshops. Subscribe to our account to discover our cultural programming throughout the year. And for all the other events available in Ottawa, check out what <a href=\"https:\/\/www.eventbrite.ca\/\">Eventbrite<\/a> has to offer.<\/p>\n<p>&nbsp;<\/p>\n<p><strong>3\/ Participate in Alliance Fran\u00e7aise Ottawa cultural events<\/strong><\/p>\n<p>To find our 2023-2024 cultural agenda, you can go directly to the \u00ab\u00a0<a href=\"https:\/\/af.ca\/ottawa\/en\/culture\/agenda-2\/#\/\"><strong>Agenda<\/strong><\/a>\u00a0\u00bb section of our website. We update this section regularly. As an Alliance Fran\u00e7aise, we are a cultural centre and offer a wide range of events in French. Whether you are a beginner or an advanced learner, we welcome you. We offer both free and paid events, with special rates for our members. These include online talk-session, pub nights in French, book clubs, \u00ab\u00a0Les petits penseurs\u00a0\u00bb workshops for children, and other activities such as Zumba classes in French.<\/p>\n<p>The Alliance Fran\u00e7aise Ottawa events are held in Ottawa, at or near the Alliance Fran\u00e7aise. For each event, you can book your place directly on our website. You can also find each of our events on Meetup, Eventbrite and Facebook.<\/p>\n<p>Every year, the Alliance Fran\u00e7aise Ottawa organises unique events such as a clean walk, a Francophonie day, and a bike ride. All our events are open to the public and our members.<\/p>\n<p>&nbsp;<\/p>\n<p><strong>4\/ Discover the surrounding area thanks to Vaolo&rsquo;s responsible experiences<\/strong><\/p>\n<p>Like the annual events offered by the Alliance Fran\u00e7aise Ottawa, another platform offers unique and responsible experiences in Ontario and Canada. This is <strong>Vaolo<\/strong>. Vaolo is a collaborative platform for impact-conscious travellers. Its aim is to become a global benchmark for human experience tourism with a local impact. It offers experiences that inspire change. These are collaborative experiences because they are recommended and enhanced by travellers from all over the world. Around Ottawa, you can, for example:<\/p>\n<p>1\ufe0f\u20e3 \u00a0\u00a0Visit the Agricola farm (Namur &#8211; 1h20)<\/p>\n<p>2\ufe0f\u20e3 \u00a0\u00a0\u00a0Explore Lusk Cave (Wakefield &#8211; 30 min)<\/p>\n<p>3\ufe0f\u20e3 \u00a0\u00a0\u00a0Enjoy the beaches of Petrie Island (Plantagenet &#8211; 50 min)<\/p>\n<p>4\ufe0f\u20e3 \u00a0\u00a0\u00a0Horse riding with wood bison (Val des Lacs &#8211; 2h20)<\/p>\n<p>5\ufe0f\u20e3 \u00a0\u00a0\u00a0Discover the Carbide-Wilson ruins (Luskvill &#8211; 37 min)<\/p>\n<p>Each experience is complemented by responsible, local, and committed accommodation. You can organise your activities during the week or at the weekend, for a holiday or for the end of the day. For a responsible experience close to Ottawa, discover the activities offered by <a href=\"https:\/\/vaolo.com\/?model=experiences&amp;page=0\">Vaolo<\/a>.<\/p>\n<p>&nbsp;<\/p>\n<p><strong>5\/ Take a sightseeing tour and discover Musement<\/strong><\/p>\n<p>Thinking about holidays often means doing some sightseeing in Ottawa. This is the last platform we&rsquo;d like to introduce to you today. It&rsquo;s <strong>Musement<\/strong>, a booking site for tourist activities such as museums and attractions. The platform is available all over the world, including in the Canadian capital. In Ottawa, you can take a guided tour of street art, hop on an amphibus to explore the capital, or enjoy a boat ride to watch the sunset over Parliament.<\/p>\n<p>Each event description gives you the times available, what&rsquo;s included or not in the price, the reasons for taking part in the tour and access to photos. To find out about tourist activities in Ottawa, go to <a href=\"https:\/\/www.musement.com\/us\/search\/?q=ottawa\">musement<\/a>.<\/p>\n<p>&nbsp;<\/p>\n<p>With all these resources, we hope that your visit to Ottawa or your move to the capital will be festive and exciting. At the Alliance Fran\u00e7aise Ottawa, we&rsquo;d be delighted to welcome you for once or all year round!<\/p>\n","protected":false},"excerpt":{"rendered":"<p>Ottawa is the capital of Canada. Some people say Ottawa is boring, but yet there&rsquo;s plenty to do. Culture, sport, visual arts, sightseeing, culinary delights &#8211; there&rsquo;s a lot to keep you busy during the week and on weekends in Canada&rsquo;s capital. Depending on what you want to do, there are several sites where you&#8230;<\/p>\n<p><a class=\"button invert-primary\" href=\"https:\/\/af.ca\/ottawa\/where-to-find-activities-to-do-in-ottawa\/\">En savoir plus<\/a><\/p>\n","protected":false},"author":3,"featured_media":0,"parent":0,"menu_order":64,"comment_status":"closed","ping_status":"closed","template":"","meta":{"_acf_changed":false,"om_disable_all_campaigns":false,"_monsterinsights_skip_tracking":false,"_monsterinsights_sitenote_active":false,"_monsterinsights_sitenote_note":"","_monsterinsights_sitenote_category":0,"footnotes":""},"class_list":["post-21269","page","type-page","status-publish","hentry"],"acf":[],"yoast_head":"<!-- This site is optimized with the Yoast SEO plugin v27.4 - https:\/\/yoast.com\/product\/yoast-seo-wordpress\/ -->\n<title>Where to find activities to do in Ottawa? - Alliance Fran\u00e7aise Ottawa<\/title>\n<meta name=\"description\" content=\"Ottawa is the capital of Canada. Too &quot;boring&quot; for some, Ottawa nonetheless abounds in varied activities. Culture, sports, visual arts, sightseeing, culinary delights: there&#039;s plenty to keep you busy during your weeks and weekends in Canada&#039;s capital.\" \/>\n<meta name=\"robots\" content=\"index, follow, max-snippet:-1, max-image-preview:large, max-video-preview:-1\" \/>\n<link rel=\"canonical\" href=\"https:\/\/af.ca\/ottawa\/where-to-find-activities-to-do-in-ottawa\/\" \/>\n<meta property=\"og:locale\" content=\"fr_FR\" \/>\n<meta property=\"og:type\" content=\"article\" \/>\n<meta property=\"og:title\" content=\"Where to find activities to do in Ottawa? - Alliance Fran\u00e7aise Ottawa\" \/>\n<meta property=\"og:description\" content=\"Ottawa is the capital of Canada. Too &quot;boring&quot; for some, Ottawa nonetheless abounds in varied activities. Culture, sports, visual arts, sightseeing, culinary delights: there&#039;s plenty to keep you busy during your weeks and weekends in Canada&#039;s capital.\" \/>\n<meta property=\"og:url\" content=\"https:\/\/af.ca\/ottawa\/where-to-find-activities-to-do-in-ottawa\/\" \/>\n<meta property=\"og:site_name\" content=\"Alliance Fran\u00e7aise Ottawa\" \/>\n<meta property=\"article:modified_time\" content=\"2023-10-25T18:48:35+00:00\" \/>\n<meta property=\"og:image\" content=\"https:\/\/af.ca\/ottawa\/wp-content\/uploads\/2023\/10\/Things-to-do-in-Ottawa-october-2023-300x169.png\" \/>\n<meta name=\"twitter:card\" content=\"summary_large_image\" \/>\n<meta name=\"twitter:label1\" content=\"Dur\u00e9e de lecture estim\u00e9e\" \/>\n\t<meta name=\"twitter:data1\" content=\"5 minutes\" \/>\n<script type=\"application\/ld+json\" class=\"yoast-schema-graph\">{\"@context\":\"https:\\\/\\\/schema.org\",\"@graph\":[{\"@type\":\"WebPage\",\"@id\":\"https:\\\/\\\/af.ca\\\/ottawa\\\/where-to-find-activities-to-do-in-ottawa\\\/\",\"url\":\"https:\\\/\\\/af.ca\\\/ottawa\\\/where-to-find-activities-to-do-in-ottawa\\\/\",\"name\":\"Where to find activities to do in Ottawa? - Alliance Fran\u00e7aise Ottawa\",\"isPartOf\":{\"@id\":\"https:\\\/\\\/af.ca\\\/ottawa\\\/#website\"},\"primaryImageOfPage\":{\"@id\":\"https:\\\/\\\/af.ca\\\/ottawa\\\/where-to-find-activities-to-do-in-ottawa\\\/#primaryimage\"},\"image\":{\"@id\":\"https:\\\/\\\/af.ca\\\/ottawa\\\/where-to-find-activities-to-do-in-ottawa\\\/#primaryimage\"},\"thumbnailUrl\":\"https:\\\/\\\/af.ca\\\/ottawa\\\/wp-content\\\/uploads\\\/2023\\\/10\\\/Things-to-do-in-Ottawa-october-2023-300x169.png\",\"datePublished\":\"2023-10-25T18:48:22+00:00\",\"dateModified\":\"2023-10-25T18:48:35+00:00\",\"description\":\"Ottawa is the capital of Canada. Too \\\"boring\\\" for some, Ottawa nonetheless abounds in varied activities. Culture, sports, visual arts, sightseeing, culinary delights: there's plenty to keep you busy during your weeks and weekends in Canada's capital.\",\"breadcrumb\":{\"@id\":\"https:\\\/\\\/af.ca\\\/ottawa\\\/where-to-find-activities-to-do-in-ottawa\\\/#breadcrumb\"},\"inLanguage\":\"fr-FR\",\"potentialAction\":[{\"@type\":\"ReadAction\",\"target\":[\"https:\\\/\\\/af.ca\\\/ottawa\\\/where-to-find-activities-to-do-in-ottawa\\\/\"]}]},{\"@type\":\"ImageObject\",\"inLanguage\":\"fr-FR\",\"@id\":\"https:\\\/\\\/af.ca\\\/ottawa\\\/where-to-find-activities-to-do-in-ottawa\\\/#primaryimage\",\"url\":\"https:\\\/\\\/af.ca\\\/ottawa\\\/wp-content\\\/uploads\\\/2023\\\/10\\\/Things-to-do-in-Ottawa-october-2023.png\",\"contentUrl\":\"https:\\\/\\\/af.ca\\\/ottawa\\\/wp-content\\\/uploads\\\/2023\\\/10\\\/Things-to-do-in-Ottawa-october-2023.png\",\"width\":1920,\"height\":1080},{\"@type\":\"BreadcrumbList\",\"@id\":\"https:\\\/\\\/af.ca\\\/ottawa\\\/where-to-find-activities-to-do-in-ottawa\\\/#breadcrumb\",\"itemListElement\":[{\"@type\":\"ListItem\",\"position\":1,\"name\":\"Home\",\"item\":\"https:\\\/\\\/af.ca\\\/ottawa\\\/\"},{\"@type\":\"ListItem\",\"position\":2,\"name\":\"Where to find activities to do in Ottawa?\"}]},{\"@type\":\"WebSite\",\"@id\":\"https:\\\/\\\/af.ca\\\/ottawa\\\/#website\",\"url\":\"https:\\\/\\\/af.ca\\\/ottawa\\\/\",\"name\":\"Alliance Fran\u00e7aise Ottawa\",\"description\":\"\u00c9cole de langue fran\u00e7aise et centre culturel\",\"potentialAction\":[{\"@type\":\"SearchAction\",\"target\":{\"@type\":\"EntryPoint\",\"urlTemplate\":\"https:\\\/\\\/af.ca\\\/ottawa\\\/?s={search_term_string}\"},\"query-input\":{\"@type\":\"PropertyValueSpecification\",\"valueRequired\":true,\"valueName\":\"search_term_string\"}}],\"inLanguage\":\"fr-FR\"}]}<\/script>\n<!-- \/ Yoast SEO plugin. -->","yoast_head_json":{"title":"Where to find activities to do in Ottawa? - Alliance Fran\u00e7aise Ottawa","description":"Ottawa is the capital of Canada. Too \"boring\" for some, Ottawa nonetheless abounds in varied activities. Culture, sports, visual arts, sightseeing, culinary delights: there's plenty to keep you busy during your weeks and weekends in Canada's capital.","robots":{"index":"index","follow":"follow","max-snippet":"max-snippet:-1","max-image-preview":"max-image-preview:large","max-video-preview":"max-video-preview:-1"},"canonical":"https:\/\/af.ca\/ottawa\/where-to-find-activities-to-do-in-ottawa\/","og_locale":"fr_FR","og_type":"article","og_title":"Where to find activities to do in Ottawa? - Alliance Fran\u00e7aise Ottawa","og_description":"Ottawa is the capital of Canada. Too \"boring\" for some, Ottawa nonetheless abounds in varied activities. Culture, sports, visual arts, sightseeing, culinary delights: there's plenty to keep you busy during your weeks and weekends in Canada's capital.","og_url":"https:\/\/af.ca\/ottawa\/where-to-find-activities-to-do-in-ottawa\/","og_site_name":"Alliance Fran\u00e7aise Ottawa","article_modified_time":"2023-10-25T18:48:35+00:00","og_image":[{"url":"https:\/\/af.ca\/ottawa\/wp-content\/uploads\/2023\/10\/Things-to-do-in-Ottawa-october-2023-300x169.png","type":"","width":"","height":""}],"twitter_card":"summary_large_image","twitter_misc":{"Dur\u00e9e de lecture estim\u00e9e":"5 minutes"},"schema":{"@context":"https:\/\/schema.org","@graph":[{"@type":"WebPage","@id":"https:\/\/af.ca\/ottawa\/where-to-find-activities-to-do-in-ottawa\/","url":"https:\/\/af.ca\/ottawa\/where-to-find-activities-to-do-in-ottawa\/","name":"Where to find activities to do in Ottawa? - Alliance Fran\u00e7aise Ottawa","isPartOf":{"@id":"https:\/\/af.ca\/ottawa\/#website"},"primaryImageOfPage":{"@id":"https:\/\/af.ca\/ottawa\/where-to-find-activities-to-do-in-ottawa\/#primaryimage"},"image":{"@id":"https:\/\/af.ca\/ottawa\/where-to-find-activities-to-do-in-ottawa\/#primaryimage"},"thumbnailUrl":"https:\/\/af.ca\/ottawa\/wp-content\/uploads\/2023\/10\/Things-to-do-in-Ottawa-october-2023-300x169.png","datePublished":"2023-10-25T18:48:22+00:00","dateModified":"2023-10-25T18:48:35+00:00","description":"Ottawa is the capital of Canada. Too \"boring\" for some, Ottawa nonetheless abounds in varied activities. Culture, sports, visual arts, sightseeing, culinary delights: there's plenty to keep you busy during your weeks and weekends in Canada's capital.","breadcrumb":{"@id":"https:\/\/af.ca\/ottawa\/where-to-find-activities-to-do-in-ottawa\/#breadcrumb"},"inLanguage":"fr-FR","potentialAction":[{"@type":"ReadAction","target":["https:\/\/af.ca\/ottawa\/where-to-find-activities-to-do-in-ottawa\/"]}]},{"@type":"ImageObject","inLanguage":"fr-FR","@id":"https:\/\/af.ca\/ottawa\/where-to-find-activities-to-do-in-ottawa\/#primaryimage","url":"https:\/\/af.ca\/ottawa\/wp-content\/uploads\/2023\/10\/Things-to-do-in-Ottawa-october-2023.png","contentUrl":"https:\/\/af.ca\/ottawa\/wp-content\/uploads\/2023\/10\/Things-to-do-in-Ottawa-october-2023.png","width":1920,"height":1080},{"@type":"BreadcrumbList","@id":"https:\/\/af.ca\/ottawa\/where-to-find-activities-to-do-in-ottawa\/#breadcrumb","itemListElement":[{"@type":"ListItem","position":1,"name":"Home","item":"https:\/\/af.ca\/ottawa\/"},{"@type":"ListItem","position":2,"name":"Where to find activities to do in Ottawa?"}]},{"@type":"WebSite","@id":"https:\/\/af.ca\/ottawa\/#website","url":"https:\/\/af.ca\/ottawa\/","name":"Alliance Fran\u00e7aise Ottawa","description":"\u00c9cole de langue fran\u00e7aise et centre culturel","potentialAction":[{"@type":"SearchAction","target":{"@type":"EntryPoint","urlTemplate":"https:\/\/af.ca\/ottawa\/?s={search_term_string}"},"query-input":{"@type":"PropertyValueSpecification","valueRequired":true,"valueName":"search_term_string"}}],"inLanguage":"fr-FR"}]}},"blog_post_layout_featured_media_urls":{"thumbnail":"","full":""},"categories_names":null,"comments_number":"0","_links":{"self":[{"href":"https:\/\/af.ca\/ottawa\/wp-json\/wp\/v2\/pages\/21269","targetHints":{"allow":["GET"]}}],"collection":[{"href":"https:\/\/af.ca\/ottawa\/wp-json\/wp\/v2\/pages"}],"about":[{"href":"https:\/\/af.ca\/ottawa\/wp-json\/wp\/v2\/types\/page"}],"author":[{"embeddable":true,"href":"https:\/\/af.ca\/ottawa\/wp-json\/wp\/v2\/users\/3"}],"replies":[{"embeddable":true,"href":"https:\/\/af.ca\/ottawa\/wp-json\/wp\/v2\/comments?post=21269"}],"version-history":[{"count":0,"href":"https:\/\/af.ca\/ottawa\/wp-json\/wp\/v2\/pages\/21269\/revisions"}],"wp:attachment":[{"href":"https:\/\/af.ca\/ottawa\/wp-json\/wp\/v2\/media?parent=21269"}],"curies":[{"name":"wp","href":"https:\/\/api.w.org\/{rel}","templated":true}]}}