{"id":21379,"date":"2023-11-24T10:41:13","date_gmt":"2023-11-24T15:41:13","guid":{"rendered":"https:\/\/af.ca\/ottawa\/?page_id=21379"},"modified":"2023-11-24T10:41:13","modified_gmt":"2023-11-24T15:41:13","slug":"levenementiel-et-la-culture-peuvent-ils-etre-responsables","status":"publish","type":"page","link":"https:\/\/af.ca\/ottawa\/levenementiel-et-la-culture-peuvent-ils-etre-responsables\/","title":{"rendered":"L\u2019\u00e9v\u00e9nementiel et la culture peuvent-ils \u00eatre responsables ?"},"content":{"rendered":"<p><a href=\"https:\/\/af.ca\/ottawa\/wp-content\/uploads\/2023\/11\/Event-ecoresponsables-Ottawa-nov-2023-1.png\"><img loading=\"lazy\" decoding=\"async\" class=\"alignnone  wp-image-21382\" src=\"https:\/\/af.ca\/ottawa\/wp-content\/uploads\/2023\/11\/Event-ecoresponsables-Ottawa-nov-2023-1-300x169.png\" alt=\"\" width=\"795\" height=\"448\" srcset=\"https:\/\/af.ca\/ottawa\/wp-content\/uploads\/2023\/11\/Event-ecoresponsables-Ottawa-nov-2023-1-300x169.png 300w, https:\/\/af.ca\/ottawa\/wp-content\/uploads\/2023\/11\/Event-ecoresponsables-Ottawa-nov-2023-1-1024x576.png 1024w, https:\/\/af.ca\/ottawa\/wp-content\/uploads\/2023\/11\/Event-ecoresponsables-Ottawa-nov-2023-1-768x432.png 768w, https:\/\/af.ca\/ottawa\/wp-content\/uploads\/2023\/11\/Event-ecoresponsables-Ottawa-nov-2023-1-1536x864.png 1536w, https:\/\/af.ca\/ottawa\/wp-content\/uploads\/2023\/11\/Event-ecoresponsables-Ottawa-nov-2023-1.png 1920w\" sizes=\"auto, (max-width: 795px) 100vw, 795px\" \/><\/a><\/p>\n<p>Quand on conna\u00eet l\u2019impact environnemental que peut avoir un \u00e9v\u00e9nement, de sa conception \u00e0 sa r\u00e9alisation, il peut para\u00eetre difficile de croire \u00e0 l\u2019\u00e9v\u00e9nementiel durable. On doit prendre en compte la conception de l\u2019\u00e9v\u00e9nement (\u00e9co-conception, mat\u00e9riaux utilis\u00e9s, messages transmis), son installation (transport, besoin en \u00e9nergie, lieu), sa diffusion (informations communiqu\u00e9es, moyen de transport des visiteurs) et sa fin de vie. Beaucoup de param\u00e8tres entrent en compte.<\/p>\n<p>Pour autant, la culture peut \u00eatre au service de l\u2019urgence \u00e9cologique. Et certains \u00e9v\u00e9nements culturels se veulent responsables, tant dans leurs r\u00e9alisations que leurs messages, pour \u00eatre utiles. L\u2019\u00e9v\u00e9nement peut agir comme vitrine d\u2019un projet de sensibilisation environnementale ou de m\u00e9diation scientifique. L\u2019utilisation de processus interactifs et ludiques permettent de sensibiliser sans effrayer. Au contraire, des visuels ou mises en sc\u00e8ne choquants peuvent aussi alerter. Aussi, la musique, la danse, le chant, les photographies sont vecteurs d\u2019\u00e9motions\u00a0; c\u2019est notamment pour cela qu\u2019ils sont utilis\u00e9s pour sensibiliser sur un sujet tel que l\u2019urgence climatique.<\/p>\n<p>Ainsi, l\u2019\u00e9v\u00e9nementiel et la culture peuvent avoir comme objectif de responsabiliser le public aux enjeux environnementaux. Et l\u2019organisation d\u2019un \u00e9v\u00e9nement culturel peut aussi \u00eatre pens\u00e9e de mani\u00e8re responsable, si l\u2019on anticipe et s\u2019entoure de partenaires engag\u00e9s.<\/p>\n<p>Nous souhaitions mettre en lumi\u00e8re 5 \u00e9v\u00e9nements culturels engag\u00e9s qui ont pris place \u00e0 Ottawa.<\/p>\n<p>&nbsp;<\/p>\n<blockquote>\n<h3><strong>1\/ Avenirs \u00e9co-responsables\u00a0: entre musique, th\u00e9\u00e2tre et discussions<\/strong><\/h3>\n<\/blockquote>\n<p>Avenirs \u00e9co-responsables s\u2019est d\u00e9roul\u00e9 en deux temps. Le 28 mars 2023, \u00e0 Ottawa, le R\u00e9seau Canadien pour les Musiques Nouvelles (RCMN) a accueilli Tanya Kalmanovitch, compositrice, ethnomusicologue et militante pour le climat pour pr\u00e9senter sa pi\u00e8ce de th\u00e9\u00e2tre documentaire \u00ab\u00a0The Tar Sands Songbook\u00a0\u00bb. Celle-ci aborde les complexit\u00e9s rencontr\u00e9es par Tanya sur la vie, la culture et l\u2019\u00e9conomie p\u00e9troli\u00e8re \u00e0 Fort McMurray, sa ville natale. Elle nous interroge sur nos relations avec le p\u00e9trole gr\u00e2ce au texte, \u00e0 la vid\u00e9o ethnographique et \u00e0 la musique.<\/p>\n<p>Le lendemain, 29 mars 2023, le RCMN a r\u00e9uni la communaut\u00e9 musicale diversifi\u00e9e d\u2019Ottawa pour traiter de sujets liant culture, musique et \u00e9cologie. L\u2019objectif \u00e9tant de discuter autour de questions portant sur l\u2019\u00e9co-responsabilit\u00e9 comme\u00a0: <em>Comment pouvons-nous, en tant qu\u2019individus et en tant que communaut\u00e9, traiter et traverser les \u00e9motions difficiles que la transformation et la durabilit\u00e9 peuvent \u00e9voquer : de l\u2019(\u00e9co)chagrin, de la complaisance, de la complicit\u00e9, \u00e0 la d\u00e9pression et \u00e0 l\u2019isolement\u00a0?<\/em><\/p>\n<p>Ces deux \u00e9v\u00e9nements, \u00e0 dimension \u00e9co-responsable, ont fait se rencontrer le monde de la culture et de la musique pour soulever les questions environnementales associ\u00e9es. Ce sont deux formats, le th\u00e9\u00e2tre et le d\u00e9bat, qui permettent de g\u00e9n\u00e9rer des \u00e9motions, des discussions et des prises de conscience, sur des sujets o\u00f9 nous pouvons \u00eatre novices. Et c\u2019est gr\u00e2ce \u00e0 l\u2019art que l\u2019on peut sensibiliser sur les th\u00e9matiques abord\u00e9es.<\/p>\n<p>Pour ces deux \u00e9v\u00e9nements \u00e9co-responsables, le RCMN s\u2019est associ\u00e9 au centre de recherche sur la musique, le son et la soci\u00e9t\u00e9 de l\u2019Universit\u00e9 Carleton.<\/p>\n<p>Plus d\u2019informations\u00a0: <a href=\"https:\/\/www.reseaumusiquesnouvelles.ca\/avenirs-eco-responsables-ottawa\/\">https:\/\/www.reseaumusiquesnouvelles.ca\/avenirs-eco-responsables-ottawa\/<\/a><\/p>\n<p>&nbsp;<\/p>\n<blockquote>\n<h3><strong>2\/ Eco-gala\u00a0: un \u00e9v\u00e9nement annuel pour r\u00e9unir les figures engag\u00e9es \u00e0 Ottawa<\/strong><\/h3>\n<\/blockquote>\n<p>Organis\u00e9 chaque ann\u00e9e par \u00ab\u00a0Ecology Ottawa\u00a0\u00bb, l\u2019\u00e9co-gala est une soir\u00e9e o\u00f9 se r\u00e9unissent les acteurs de la capitale engag\u00e9s dans l\u2019action climatique, la protection de la nature et de la biodiversit\u00e9.<\/p>\n<p>Pour l\u2019occasion Ecology Ottawa accueille une \u00e0 deux personnes connues ou reconnues pour leur engagement afin d\u2019assumer le r\u00f4le de conf\u00e9rencierC\u2019est aussi une soir\u00e9e o\u00f9 professionnels et passionn\u00e9s par les enjeux environnementaux se rencontrent pour r\u00e9seauter et faire na\u00eetre de nouveaux projets.<\/p>\n<p>Ce gala est ainsi compos\u00e9 de temps de conf\u00e9rence, de musique, de rencontres professionnelles et de d\u00e9couvertes gustatives.<\/p>\n<p>La derni\u00e8re \u00e9dition a eu lieu le 4 novembre 2023. Rendez-vous en 2024 pour le prochain Eco-gala\u00a0!<\/p>\n<p>Plus d\u2019informations\u00a0: <a href=\"https:\/\/www.ecologyottawa.ca\/ecogala2023\">https:\/\/www.ecologyottawa.ca\/ecogala2023<\/a><\/p>\n<p>&nbsp;<\/p>\n<blockquote>\n<h3><strong>3\/ Climate Change is Here\u00a0: une exposition digitale mouvante<\/strong><\/h3>\n<\/blockquote>\n<p>Cette exposition cr\u00e9\u00e9e par National Geographic et le Mus\u00e9e Canadien de la Science et de l\u2019Innovation, illustre plusieurs photographies de National Geographic qui alertent sur les cons\u00e9quences du changement climatique. Les incroyables photographies de National Geographic sont aussi utilis\u00e9es pour mettre en avant les initiatives canadiennes en termes de lutte contre le changement climatique. Cette exposition digitale m\u00eale art et alerte pour sensibiliser et illustrer des actions mises en place \u00e0 l\u2019\u00e9chelle nationale.<\/p>\n<p>L&rsquo;exposition se compose de 20 panneaux qui peuvent \u00eatre pr\u00e9sent\u00e9s sous forme num\u00e9rique ou imprim\u00e9s par les lieux d&rsquo;accueil.<\/p>\n<p>Plusieurs sessions de l\u2019exposition ont \u00e9t\u00e9 r\u00e9alis\u00e9es entre 2016 et 2023, en majorit\u00e9 sur le territoire Canadien.<\/p>\n<p>Une fois encore, nous voyons que la photographie est un levier qui permet de confronter la r\u00e9alit\u00e9 quotidienne \u00e0 un sujet plus vaste comme l\u2019\u00e9cologie, et les \u00e9motions que peuvent transmettre ces photographies jouent un r\u00f4le sur la sensibilisation du grand public.<\/p>\n<p>Plus d\u2019informations\u00a0: <a href=\"https:\/\/ingeniumcanada.org\/scitech\/exhibitions\/climate-change-is-here\">https:\/\/ingeniumcanada.org\/scitech\/exhibitions\/climate-change-is-here<\/a><\/p>\n<p>&nbsp;<\/p>\n<blockquote>\n<h3><strong>4\/ Exposition RSO\u00a0: les initiatives responsables des Alliances Fran\u00e7aises du monde<\/strong><\/h3>\n<\/blockquote>\n<p>La RSO (Responsabilit\u00e9 Sociale des Organisations) se d\u00e9finit comme \u00ab la contribution des organisations aux enjeux du d\u00e9veloppement durable \u00bb. Dit autrement, c&rsquo;est l&rsquo;int\u00e9gration des pr\u00e9occupations sociales et environnementales d&rsquo;aujourd&rsquo;hui dans toutes les activit\u00e9s de cette organisation. Que ce soit dans la cr\u00e9ation de ses produits, dans l&rsquo;organisation de ses espaces de travail, dans ses pratiques commerciales, dans son r\u00e8glement, ou m\u00eame dans la m\u00e9thode de gouvernance de l&rsquo;organisation.<\/p>\n<p>Le r\u00e9seau Alliances Fran\u00e7aises est constitu\u00e9 d\u2019associations et organismes \u00e0 but non-lucratif qui jouent un r\u00f4le \u00e9ducatif via le centre de langues, et un r\u00f4le social via le centre culturel. L\u2019Alliance Fran\u00e7aise Ottawa en fait partie.<\/p>\n<p>En 2022, Alliances Sonores (dynamique r\u00e9gionale Am\u00e9rique latine\/Cara\u00efbes de travail sur les questions de culture \u00e9coresponsable) a men\u00e9 une recherche action RSO avec une dizaine d&rsquo;Alliances Fran\u00e7aises pilotes (de la zone et de France). Ainsi, pour les 140 ans de l&rsquo;Alliance Fran\u00e7aise, en juillet 2023, l\u2019Alliance Fran\u00e7aise Ottawa s\u2019est investi dans la cr\u00e9ation d\u2019une exposition pr\u00e9sentant les projets qui participent \u00e0 l&rsquo;int\u00e9gration des principes de la Responsabilit\u00e9 Sociale des Organisations (RSO) dans les Alliances Fran\u00e7aises du monde entier.<\/p>\n<p>L\u2019Alliance Fran\u00e7aise Ottawa est donc la premi\u00e8re Alliance Fran\u00e7aise \u00e0 accueillir cette exposition en ses lieux (outre l\u2019\u00e9v\u00e9nement des 140 ans organis\u00e9 en juillet 2023 \u00e0 Paris).<\/p>\n<p>L\u2019exposition RSO prend place dans la galerie de l\u2019Alliance Fran\u00e7aise Ottawa du 1<sup>e<\/sup> au 30 novembre 2023.<\/p>\n<p>Cette exposition est compos\u00e9e de 42 cubes, chaque cube repr\u00e9sente un projet, auxquels sont ajout\u00e9s 3 cubes de signal\u00e9tique. Sur chaque cube-projet, nous retrouvons :<\/p>\n<ul>\n<li>Le lieu du projet<\/li>\n<li>Une ou des photos du projet<\/li>\n<li>La description du projet<\/li>\n<li>Le ou les piliers RSO auxquels il fait r\u00e9f\u00e9rence<\/li>\n<li>Une question li\u00e9e \u00e0 la RSO (exemple : La culturel peut-elle \u00eatre responsable ? L\u2019argument RSO peut-il \u00eatre un argument client ? La RSO donne-t-elle du sens \u00e0 l\u2019action ?)<\/li>\n<li>Un morceau graphique qui permet de cr\u00e9er un visuel g\u00e9n\u00e9ral avec les 42 cubes dont le message est \u00ab L\u2019engagement est notre nature \u00bb<\/li>\n<\/ul>\n<p>Cette exposition se veut interactive ; les cubes sont \u00e0 la disposition du public pour \u00eatre lu. Elle se veut aussi \u00e9ducative ; nos professeurs peuvent l\u2019utiliser avec leurs \u00e9l\u00e8ves pour d\u00e9couvrir des lieux, des mots, des couleurs voire cr\u00e9er un d\u00e9bat \u00e0 partir des questions. Et enfin, elle a une dimension p\u00e9dagogique et instructive gr\u00e2ce aux actions mises en place dont chaque structure peut s\u2019inspirer.<\/p>\n<p>Le r\u00e9seau Alliances Fran\u00e7aises a ainsi utilis\u00e9 l\u2019art pour informer, sensibiliser et mobiliser autour des questions socio-environnementales. La mise \u00e0 disposition des actions r\u00e9alis\u00e9es permet aussi \u00e0 chaque visiteur de s\u2019en inspirer et de dupliquer les actions qui leur semblent r\u00e9alisables.<\/p>\n<p>Pour d\u00e9couvrir d\u2019autres \u00e9v\u00e9nements de l\u2019Alliance Fran\u00e7aise\u00a0: <a href=\"https:\/\/af.ca\/ottawa\/culture\/agenda-2\/#\/\">https:\/\/af.ca\/ottawa\/culture\/agenda-2\/#\/<\/a><\/p>\n<p>&nbsp;<\/p>\n<blockquote>\n<h3><strong>5\/ Healthy Oceans for a Healthy Planet : l\u2019exposition qui m\u00eale biodiversit\u00e9 et enjeux climatiques<\/strong><\/h3>\n<\/blockquote>\n<p>\u00ab\u00a0Des oc\u00e9ans sains pour une plan\u00e8te saine\u00a0\u00bb, voil\u00e0 le nom de l\u2019exposition actuellement disponible au sein du Mus\u00e9e Canadien de l\u2019Agriculture et de l\u2019Alimentation.<\/p>\n<p>Les oc\u00e9ans couvrent 70% de la plan\u00e8te et les esp\u00e8ces qui y vivent sont menac\u00e9es. En effet, entre la pollution plastique, les catastrophes p\u00e9troli\u00e8res, la destruction des habitats naturels ou encore la surp\u00eache, certaines esp\u00e8ces de la faune et de la flore marines sont en voie d\u2019extinction.<\/p>\n<p>Cette exposition fait le lien entre la biodiversit\u00e9 marine, l\u2019impact humain sur celle-ci et l\u2019effet pervers des ressources en nourriture qui s\u2019\u00e9puisent. Alors que nous jetons chaque seconde du plastique qui se retrouve dans les oc\u00e9ans, nous sommes aussi les premiers \u00e0 consommer un poisson qui lui-m\u00eame \u00e0 ing\u00e9rer nos d\u00e9chets plastiques. Il est alors important de comprendre qu\u2019il y a un lien et un fort enjeu entre pollution, activit\u00e9 humaine, destruction de la biodiversit\u00e9, diminution des ressources et alimentation durable.<\/p>\n<p>En place depuis le 1<sup>e<\/sup> juillet 2022, l\u2019exposition temporaire \u00ab\u00a0Des oc\u00e9ans sains pour une plan\u00e8te saine\u00a0\u00bb peut se visiter jusqu\u2019au 1<sup>e<\/sup> juillet 2026.<\/p>\n<p>Plus d\u2019informations\u00a0: <a href=\"https:\/\/ingeniumcanada.org\/agriculture\/exhibitions\/healthy-oceans-for-a-healthy-planet\">https:\/\/ingeniumcanada.org\/agriculture\/exhibitions\/healthy-oceans-for-a-healthy-planet<\/a><\/p>\n<p>&nbsp;<\/p>\n<p>\u00c0 travers chaque \u00e9v\u00e9nement, qu\u2019il s\u2019agisse d\u2019une repr\u00e9sentation, d\u2019un d\u00e9bat, d\u2019une soir\u00e9e de r\u00e9seautage ou d\u2019une exposition, nous avons vu que la culture peut servir la cause \u00e9cologique. Les \u00e9motions provoqu\u00e9es par ces formes d\u2019art ont comme finalit\u00e9 la sensibilisation et le passage \u00e0 l\u2019action pour r\u00e9duire notre impact environnemental.<\/p>\n<p>L\u2019Alliance Fran\u00e7aise Ottawa, consciente des probl\u00e9matiques actuelles, s\u2019engage \u00e0 sensibiliser ses membres et le grand public aux questions climatiques.<\/p>\n<p>&nbsp;<\/p>\n","protected":false},"excerpt":{"rendered":"<p>Quand on conna\u00eet l\u2019impact environnemental que peut avoir un \u00e9v\u00e9nement, de sa conception \u00e0 sa r\u00e9alisation, il peut para\u00eetre difficile de croire \u00e0 l\u2019\u00e9v\u00e9nementiel durable. On doit prendre en compte la conception de l\u2019\u00e9v\u00e9nement (\u00e9co-conception, mat\u00e9riaux utilis\u00e9s, messages transmis), son installation (transport, besoin en \u00e9nergie, lieu), sa diffusion (informations communiqu\u00e9es, moyen de transport des visiteurs)&#8230;<\/p>\n<p><a class=\"button invert-primary\" href=\"https:\/\/af.ca\/ottawa\/levenementiel-et-la-culture-peuvent-ils-etre-responsables\/\">En savoir plus<\/a><\/p>\n","protected":false},"author":3,"featured_media":0,"parent":0,"menu_order":61,"comment_status":"closed","ping_status":"closed","template":"","meta":{"_acf_changed":false,"om_disable_all_campaigns":false,"_monsterinsights_skip_tracking":false,"_monsterinsights_sitenote_active":false,"_monsterinsights_sitenote_note":"","_monsterinsights_sitenote_category":0,"footnotes":""},"class_list":["post-21379","page","type-page","status-publish","hentry"],"acf":[],"yoast_head":"<!-- This site is optimized with the Yoast SEO plugin v27.4 - https:\/\/yoast.com\/product\/yoast-seo-wordpress\/ -->\n<title>L\u2019\u00e9v\u00e9nementiel et la culture peuvent-ils \u00eatre responsables ? - Alliance Fran\u00e7aise Ottawa<\/title>\n<meta name=\"description\" content=\"Nous mettons en lumi\u00e8re 5 \u00e9v\u00e9nements culturels engag\u00e9s qui ont pris place \u00e0 Ottawa.\" \/>\n<meta name=\"robots\" content=\"index, follow, max-snippet:-1, max-image-preview:large, max-video-preview:-1\" \/>\n<link rel=\"canonical\" href=\"https:\/\/af.ca\/ottawa\/levenementiel-et-la-culture-peuvent-ils-etre-responsables\/\" \/>\n<meta property=\"og:locale\" content=\"fr_FR\" \/>\n<meta property=\"og:type\" content=\"article\" \/>\n<meta property=\"og:title\" content=\"L\u2019\u00e9v\u00e9nementiel et la culture peuvent-ils \u00eatre responsables ? - Alliance Fran\u00e7aise Ottawa\" \/>\n<meta property=\"og:description\" content=\"Nous mettons en lumi\u00e8re 5 \u00e9v\u00e9nements culturels engag\u00e9s qui ont pris place \u00e0 Ottawa.\" \/>\n<meta property=\"og:url\" content=\"https:\/\/af.ca\/ottawa\/levenementiel-et-la-culture-peuvent-ils-etre-responsables\/\" \/>\n<meta property=\"og:site_name\" content=\"Alliance Fran\u00e7aise Ottawa\" \/>\n<meta property=\"og:image\" content=\"https:\/\/af.ca\/ottawa\/wp-content\/uploads\/2023\/11\/Event-ecoresponsables-Ottawa-nov-2023-1-300x169.png\" \/>\n<meta name=\"twitter:card\" content=\"summary_large_image\" \/>\n<meta name=\"twitter:label1\" content=\"Dur\u00e9e de lecture estim\u00e9e\" \/>\n\t<meta name=\"twitter:data1\" content=\"7 minutes\" \/>\n<script type=\"application\/ld+json\" class=\"yoast-schema-graph\">{\"@context\":\"https:\\\/\\\/schema.org\",\"@graph\":[{\"@type\":\"WebPage\",\"@id\":\"https:\\\/\\\/af.ca\\\/ottawa\\\/levenementiel-et-la-culture-peuvent-ils-etre-responsables\\\/\",\"url\":\"https:\\\/\\\/af.ca\\\/ottawa\\\/levenementiel-et-la-culture-peuvent-ils-etre-responsables\\\/\",\"name\":\"L\u2019\u00e9v\u00e9nementiel et la culture peuvent-ils \u00eatre responsables ? - Alliance Fran\u00e7aise Ottawa\",\"isPartOf\":{\"@id\":\"https:\\\/\\\/af.ca\\\/ottawa\\\/#website\"},\"primaryImageOfPage\":{\"@id\":\"https:\\\/\\\/af.ca\\\/ottawa\\\/levenementiel-et-la-culture-peuvent-ils-etre-responsables\\\/#primaryimage\"},\"image\":{\"@id\":\"https:\\\/\\\/af.ca\\\/ottawa\\\/levenementiel-et-la-culture-peuvent-ils-etre-responsables\\\/#primaryimage\"},\"thumbnailUrl\":\"https:\\\/\\\/af.ca\\\/ottawa\\\/wp-content\\\/uploads\\\/2023\\\/11\\\/Event-ecoresponsables-Ottawa-nov-2023-1-300x169.png\",\"datePublished\":\"2023-11-24T15:41:13+00:00\",\"description\":\"Nous mettons en lumi\u00e8re 5 \u00e9v\u00e9nements culturels engag\u00e9s qui ont pris place \u00e0 Ottawa.\",\"breadcrumb\":{\"@id\":\"https:\\\/\\\/af.ca\\\/ottawa\\\/levenementiel-et-la-culture-peuvent-ils-etre-responsables\\\/#breadcrumb\"},\"inLanguage\":\"fr-FR\",\"potentialAction\":[{\"@type\":\"ReadAction\",\"target\":[\"https:\\\/\\\/af.ca\\\/ottawa\\\/levenementiel-et-la-culture-peuvent-ils-etre-responsables\\\/\"]}]},{\"@type\":\"ImageObject\",\"inLanguage\":\"fr-FR\",\"@id\":\"https:\\\/\\\/af.ca\\\/ottawa\\\/levenementiel-et-la-culture-peuvent-ils-etre-responsables\\\/#primaryimage\",\"url\":\"https:\\\/\\\/af.ca\\\/ottawa\\\/wp-content\\\/uploads\\\/2023\\\/11\\\/Event-ecoresponsables-Ottawa-nov-2023-1.png\",\"contentUrl\":\"https:\\\/\\\/af.ca\\\/ottawa\\\/wp-content\\\/uploads\\\/2023\\\/11\\\/Event-ecoresponsables-Ottawa-nov-2023-1.png\",\"width\":1920,\"height\":1080},{\"@type\":\"BreadcrumbList\",\"@id\":\"https:\\\/\\\/af.ca\\\/ottawa\\\/levenementiel-et-la-culture-peuvent-ils-etre-responsables\\\/#breadcrumb\",\"itemListElement\":[{\"@type\":\"ListItem\",\"position\":1,\"name\":\"Home\",\"item\":\"https:\\\/\\\/af.ca\\\/ottawa\\\/\"},{\"@type\":\"ListItem\",\"position\":2,\"name\":\"L\u2019\u00e9v\u00e9nementiel et la culture peuvent-ils \u00eatre responsables ?\"}]},{\"@type\":\"WebSite\",\"@id\":\"https:\\\/\\\/af.ca\\\/ottawa\\\/#website\",\"url\":\"https:\\\/\\\/af.ca\\\/ottawa\\\/\",\"name\":\"Alliance Fran\u00e7aise Ottawa\",\"description\":\"\u00c9cole de langue fran\u00e7aise et centre culturel\",\"potentialAction\":[{\"@type\":\"SearchAction\",\"target\":{\"@type\":\"EntryPoint\",\"urlTemplate\":\"https:\\\/\\\/af.ca\\\/ottawa\\\/?s={search_term_string}\"},\"query-input\":{\"@type\":\"PropertyValueSpecification\",\"valueRequired\":true,\"valueName\":\"search_term_string\"}}],\"inLanguage\":\"fr-FR\"}]}<\/script>\n<!-- \/ Yoast SEO plugin. -->","yoast_head_json":{"title":"L\u2019\u00e9v\u00e9nementiel et la culture peuvent-ils \u00eatre responsables ? - Alliance Fran\u00e7aise Ottawa","description":"Nous mettons en lumi\u00e8re 5 \u00e9v\u00e9nements culturels engag\u00e9s qui ont pris place \u00e0 Ottawa.","robots":{"index":"index","follow":"follow","max-snippet":"max-snippet:-1","max-image-preview":"max-image-preview:large","max-video-preview":"max-video-preview:-1"},"canonical":"https:\/\/af.ca\/ottawa\/levenementiel-et-la-culture-peuvent-ils-etre-responsables\/","og_locale":"fr_FR","og_type":"article","og_title":"L\u2019\u00e9v\u00e9nementiel et la culture peuvent-ils \u00eatre responsables ? - Alliance Fran\u00e7aise Ottawa","og_description":"Nous mettons en lumi\u00e8re 5 \u00e9v\u00e9nements culturels engag\u00e9s qui ont pris place \u00e0 Ottawa.","og_url":"https:\/\/af.ca\/ottawa\/levenementiel-et-la-culture-peuvent-ils-etre-responsables\/","og_site_name":"Alliance Fran\u00e7aise Ottawa","og_image":[{"url":"https:\/\/af.ca\/ottawa\/wp-content\/uploads\/2023\/11\/Event-ecoresponsables-Ottawa-nov-2023-1-300x169.png","type":"","width":"","height":""}],"twitter_card":"summary_large_image","twitter_misc":{"Dur\u00e9e de lecture estim\u00e9e":"7 minutes"},"schema":{"@context":"https:\/\/schema.org","@graph":[{"@type":"WebPage","@id":"https:\/\/af.ca\/ottawa\/levenementiel-et-la-culture-peuvent-ils-etre-responsables\/","url":"https:\/\/af.ca\/ottawa\/levenementiel-et-la-culture-peuvent-ils-etre-responsables\/","name":"L\u2019\u00e9v\u00e9nementiel et la culture peuvent-ils \u00eatre responsables ? - Alliance Fran\u00e7aise Ottawa","isPartOf":{"@id":"https:\/\/af.ca\/ottawa\/#website"},"primaryImageOfPage":{"@id":"https:\/\/af.ca\/ottawa\/levenementiel-et-la-culture-peuvent-ils-etre-responsables\/#primaryimage"},"image":{"@id":"https:\/\/af.ca\/ottawa\/levenementiel-et-la-culture-peuvent-ils-etre-responsables\/#primaryimage"},"thumbnailUrl":"https:\/\/af.ca\/ottawa\/wp-content\/uploads\/2023\/11\/Event-ecoresponsables-Ottawa-nov-2023-1-300x169.png","datePublished":"2023-11-24T15:41:13+00:00","description":"Nous mettons en lumi\u00e8re 5 \u00e9v\u00e9nements culturels engag\u00e9s qui ont pris place \u00e0 Ottawa.","breadcrumb":{"@id":"https:\/\/af.ca\/ottawa\/levenementiel-et-la-culture-peuvent-ils-etre-responsables\/#breadcrumb"},"inLanguage":"fr-FR","potentialAction":[{"@type":"ReadAction","target":["https:\/\/af.ca\/ottawa\/levenementiel-et-la-culture-peuvent-ils-etre-responsables\/"]}]},{"@type":"ImageObject","inLanguage":"fr-FR","@id":"https:\/\/af.ca\/ottawa\/levenementiel-et-la-culture-peuvent-ils-etre-responsables\/#primaryimage","url":"https:\/\/af.ca\/ottawa\/wp-content\/uploads\/2023\/11\/Event-ecoresponsables-Ottawa-nov-2023-1.png","contentUrl":"https:\/\/af.ca\/ottawa\/wp-content\/uploads\/2023\/11\/Event-ecoresponsables-Ottawa-nov-2023-1.png","width":1920,"height":1080},{"@type":"BreadcrumbList","@id":"https:\/\/af.ca\/ottawa\/levenementiel-et-la-culture-peuvent-ils-etre-responsables\/#breadcrumb","itemListElement":[{"@type":"ListItem","position":1,"name":"Home","item":"https:\/\/af.ca\/ottawa\/"},{"@type":"ListItem","position":2,"name":"L\u2019\u00e9v\u00e9nementiel et la culture peuvent-ils \u00eatre responsables ?"}]},{"@type":"WebSite","@id":"https:\/\/af.ca\/ottawa\/#website","url":"https:\/\/af.ca\/ottawa\/","name":"Alliance Fran\u00e7aise Ottawa","description":"\u00c9cole de langue fran\u00e7aise et centre culturel","potentialAction":[{"@type":"SearchAction","target":{"@type":"EntryPoint","urlTemplate":"https:\/\/af.ca\/ottawa\/?s={search_term_string}"},"query-input":{"@type":"PropertyValueSpecification","valueRequired":true,"valueName":"search_term_string"}}],"inLanguage":"fr-FR"}]}},"blog_post_layout_featured_media_urls":{"thumbnail":"","full":""},"categories_names":null,"comments_number":"0","_links":{"self":[{"href":"https:\/\/af.ca\/ottawa\/wp-json\/wp\/v2\/pages\/21379","targetHints":{"allow":["GET"]}}],"collection":[{"href":"https:\/\/af.ca\/ottawa\/wp-json\/wp\/v2\/pages"}],"about":[{"href":"https:\/\/af.ca\/ottawa\/wp-json\/wp\/v2\/types\/page"}],"author":[{"embeddable":true,"href":"https:\/\/af.ca\/ottawa\/wp-json\/wp\/v2\/users\/3"}],"replies":[{"embeddable":true,"href":"https:\/\/af.ca\/ottawa\/wp-json\/wp\/v2\/comments?post=21379"}],"version-history":[{"count":0,"href":"https:\/\/af.ca\/ottawa\/wp-json\/wp\/v2\/pages\/21379\/revisions"}],"wp:attachment":[{"href":"https:\/\/af.ca\/ottawa\/wp-json\/wp\/v2\/media?parent=21379"}],"curies":[{"name":"wp","href":"https:\/\/api.w.org\/{rel}","templated":true}]}}