{"id":21626,"date":"2024-02-28T06:35:35","date_gmt":"2024-02-28T11:35:35","guid":{"rendered":"https:\/\/af.ca\/ottawa\/?page_id=21626"},"modified":"2024-02-29T03:32:51","modified_gmt":"2024-02-29T08:32:51","slug":"quel-est-mon-niveau","status":"publish","type":"page","link":"https:\/\/af.ca\/ottawa\/quel-est-mon-niveau\/","title":{"rendered":"Quel est mon niveau ?"},"content":{"rendered":"<p><img loading=\"lazy\" decoding=\"async\" class=\"wp-image-21636 alignright\" src=\"https:\/\/af.ca\/ottawa\/wp-content\/uploads\/2024\/02\/online-test-assessment-683x1024.jpg\" alt=\"\" width=\"289\" height=\"434\" srcset=\"https:\/\/af.ca\/ottawa\/wp-content\/uploads\/2024\/02\/online-test-assessment-683x1024.jpg 683w, https:\/\/af.ca\/ottawa\/wp-content\/uploads\/2024\/02\/online-test-assessment-200x300.jpg 200w, https:\/\/af.ca\/ottawa\/wp-content\/uploads\/2024\/02\/online-test-assessment-768x1152.jpg 768w, https:\/\/af.ca\/ottawa\/wp-content\/uploads\/2024\/02\/online-test-assessment-1024x1536.jpg 1024w, https:\/\/af.ca\/ottawa\/wp-content\/uploads\/2024\/02\/online-test-assessment-1365x2048.jpg 1365w, https:\/\/af.ca\/ottawa\/wp-content\/uploads\/2024\/02\/online-test-assessment-scaled.jpg 1707w\" sizes=\"auto, (max-width: 289px) 100vw, 289px\" \/><\/p>\n<p>Vous souhaitez vous inscrire \u00e0 l\u2019Alliance Fran\u00e7aise Ottawa et suivre nos cours de fran\u00e7ais ? La premi\u00e8re \u00e9tape est de passer un test de niveau en ligne. Celui-ci sera suivi par la deuxi\u00e8me \u00e9tape: un entretien d\u2019orientation par t\u00e9l\u00e9phone avec un de nos professeur(e)s sp\u00e9cialistes.<\/p>\n<p><strong>Si vous \u00eates un d\u00e9butant complet, ce test n&rsquo;est pas n\u00e9cessaire. Inscrivez-vous en ligne <\/strong><a href=\"https:\/\/af.ca\/ottawa\/cours\/cours-de-groupe-de-francais\/#\/\"><strong>ici<\/strong><\/a><strong> au niveau A1.1. Le niveau A1.1 est con\u00e7u pour les d\u00e9butants complets qui n\u2019ont jamais suivi de cours de fran\u00e7ais et n\u2019ont aucune connaissance de la langue fran\u00e7aise.<\/strong><\/p>\n<p>Cet outil a \u00e9t\u00e9 \u00e9labor\u00e9 l\u2019Alliance Fran\u00e7aise de la Haye, un organisme faisant partie du r\u00e9seau Alliance Fran\u00e7aise, reconnu dans le monde entier.<\/p>\n<p>Ce test est align\u00e9 sur les 6 niveaux de comp\u00e9tences (A1, A2, B1, B2, C1, C2) du Cadre Europ\u00e9en Commun de R\u00e9f\u00e9rence pour les Langues CECRL.<\/p>\n<h2>ATOUTS DE CE TEST DE NIVEAU<\/h2>\n<ul>\n<li>100% en ligne<\/li>\n<li>Peut-\u00eatre r\u00e9alis\u00e9 sur diff\u00e9rentes plateformes (PC, Mac, tablette, smartphone)<\/li>\n<li>R\u00e9sultat valable 6 mois \u00e0 l\u2019Alliance Fran\u00e7aise Ottawa<\/li>\n<li>Temps total n\u00e9cessaire pour le test : 30-45 minutes environ<\/li>\n<li>Avoir une id\u00e9e pr\u00e9cise de votre niveau de comp\u00e9tence en fran\u00e7ais vous aidera \u00e0 comprendre quel type de formation ou de cours vous devez suivre pour progresser. Par exemple, il se peut que vous ayez une bonne compr\u00e9hension orale mais que vous ayez besoin d&rsquo;am\u00e9liorer votre grammaire.<\/li>\n<\/ul>\n<h2>METHODES D\u2019EVALUATIONS<\/h2>\n<ul>\n<li>1 test \u00e9volutif en ligne: avec des questions de difficult\u00e9 progressive (du A1 au B2)<\/li>\n<li>Test oral sur Microsoft Teams avec un(e) de nos professeur(e)s : vous pourrez prendre rendez-vous directement sur la derni\u00e8re page du test en ligne.<\/li>\n<\/ul>\n<h2>COMMENT PROC\u00c9DER<\/h2>\n<ul>\n<li>\u00c9TAPE 1 : Achetez votre test. Appuyez sur le bouton \u00ab ACHETER \u00bb pour aller \u00e0 la boutique en ligne de l&rsquo;Alliance fran\u00e7aise d&rsquo;Ottawa.<\/li>\n<li>\u00c9TAPE 2 : V\u00e9rifiez votre courriel. Une fois le test achet\u00e9, vous trouverez le lien vers le test dans votre courriel de re\u00e7u. V\u00e9rifiez bien vos courriels ind\u00e9sirables !<\/li>\n<li>\u00c9TAPE 3 : F\u00e9licitations, vous \u00eates maintenant pr\u00eat \u00e0 passer votre test !<\/li>\n<\/ul>\n<h2>FOIRE AUX QUESTIONS<\/h2>\n<p><strong>Qui peut passer ce test d\u2019orientation ?<br \/>\n<\/strong>Tout le monde peut passer le test, il n&rsquo;est pas n\u00e9cessaire d&rsquo;\u00eatre \u00e9tudiant \u00e0 l&rsquo;Alliance fran\u00e7aise Ottawa ou d&rsquo;avoir suivi un cours pour passer le test. Le test en ligne est disponible pour tous.<\/p>\n<p><strong>Puis-je passer le test plusieurs fois ?<br \/>\n<\/strong>Vous ne pouvez passer le test que vous avez achet\u00e9 qu\u2019une seule fois. Une fois le test termin\u00e9 et valid\u00e9, vous n\u2019y avez plus acc\u00e8s. Cependant, vous \u00eates libre d&rsquo;acheter un autre test plus tard. Cela peut \u00eatre utile si, par exemple, vous voulez voir les progr\u00e8s que vous avez faits apr\u00e8s une session de formation.<\/p>\n<p><strong>Dois-je parler ou contacter quelqu&rsquo;un \u00e0 l&rsquo;Alliance fran\u00e7aise d&rsquo;Ottawa pour passer mon test ?<br \/>\n<\/strong>Non, ce n\u2019est pas n\u00e9cessaire, vous passez le test seul, aucune assistance n&rsquo;est requise. Il vous suffit de suivre les \u00e9tapes d\u00e9crites ci-dessus. Pour d\u2019autres questions ou des difficult\u00e9s : info@af.ca ou 613-234-9470<\/p>\n<div class='kiosque-aec'><ngx-element\n selector='showProducts'\n data-product-type='20'\n data-etablishment-branch-id=''\n data-show-category-title=''\n data-lang='fr_FR'><\/ngx-element><\/div>\n","protected":false},"excerpt":{"rendered":"<p>Vous souhaitez vous inscrire \u00e0 l\u2019Alliance Fran\u00e7aise Ottawa et suivre nos cours de fran\u00e7ais ? La premi\u00e8re \u00e9tape est de passer un test de niveau en ligne. Celui-ci sera suivi par la deuxi\u00e8me \u00e9tape: un entretien d\u2019orientation par t\u00e9l\u00e9phone avec un de nos professeur(e)s sp\u00e9cialistes. Si vous \u00eates un d\u00e9butant complet, ce test n&rsquo;est pas&#8230;<\/p>\n<p><a class=\"button invert-primary\" href=\"https:\/\/af.ca\/ottawa\/quel-est-mon-niveau\/\">En savoir plus<\/a><\/p>\n","protected":false},"author":6,"featured_media":0,"parent":0,"menu_order":53,"comment_status":"closed","ping_status":"closed","template":"","meta":{"_acf_changed":false,"om_disable_all_campaigns":false,"_monsterinsights_skip_tracking":false,"_monsterinsights_sitenote_active":false,"_monsterinsights_sitenote_note":"","_monsterinsights_sitenote_category":0,"footnotes":""},"class_list":["post-21626","page","type-page","status-publish","hentry"],"acf":[],"yoast_head":"<!-- This site is optimized with the Yoast SEO plugin v27.4 - https:\/\/yoast.com\/product\/yoast-seo-wordpress\/ -->\n<title>Quel est mon niveau ? - Alliance Fran\u00e7aise Ottawa<\/title>\n<meta name=\"robots\" content=\"index, follow, max-snippet:-1, max-image-preview:large, max-video-preview:-1\" \/>\n<link rel=\"canonical\" href=\"https:\/\/af.ca\/ottawa\/quel-est-mon-niveau\/\" \/>\n<meta property=\"og:locale\" content=\"fr_FR\" \/>\n<meta property=\"og:type\" content=\"article\" \/>\n<meta property=\"og:title\" content=\"Quel est mon niveau ? - Alliance Fran\u00e7aise Ottawa\" \/>\n<meta property=\"og:description\" content=\"Vous souhaitez vous inscrire \u00e0 l\u2019Alliance Fran\u00e7aise Ottawa et suivre nos cours de fran\u00e7ais ? La premi\u00e8re \u00e9tape est de passer un test de niveau en ligne. Celui-ci sera suivi par la deuxi\u00e8me \u00e9tape: un entretien d\u2019orientation par t\u00e9l\u00e9phone avec un de nos professeur(e)s sp\u00e9cialistes. Si vous \u00eates un d\u00e9butant complet, ce test n&rsquo;est pas...En savoir plus\" \/>\n<meta property=\"og:url\" content=\"https:\/\/af.ca\/ottawa\/quel-est-mon-niveau\/\" \/>\n<meta property=\"og:site_name\" content=\"Alliance Fran\u00e7aise Ottawa\" \/>\n<meta property=\"article:modified_time\" content=\"2024-02-29T08:32:51+00:00\" \/>\n<meta property=\"og:image\" content=\"https:\/\/af.ca\/ottawa\/wp-content\/uploads\/2024\/02\/online-test-assessment-683x1024.jpg\" \/>\n<meta name=\"twitter:card\" content=\"summary_large_image\" \/>\n<meta name=\"twitter:label1\" content=\"Dur\u00e9e de lecture estim\u00e9e\" \/>\n\t<meta name=\"twitter:data1\" content=\"3 minutes\" \/>\n<script type=\"application\/ld+json\" class=\"yoast-schema-graph\">{\"@context\":\"https:\\\/\\\/schema.org\",\"@graph\":[{\"@type\":\"WebPage\",\"@id\":\"https:\\\/\\\/af.ca\\\/ottawa\\\/quel-est-mon-niveau\\\/\",\"url\":\"https:\\\/\\\/af.ca\\\/ottawa\\\/quel-est-mon-niveau\\\/\",\"name\":\"Quel est mon niveau ? - Alliance Fran\u00e7aise Ottawa\",\"isPartOf\":{\"@id\":\"https:\\\/\\\/af.ca\\\/ottawa\\\/#website\"},\"primaryImageOfPage\":{\"@id\":\"https:\\\/\\\/af.ca\\\/ottawa\\\/quel-est-mon-niveau\\\/#primaryimage\"},\"image\":{\"@id\":\"https:\\\/\\\/af.ca\\\/ottawa\\\/quel-est-mon-niveau\\\/#primaryimage\"},\"thumbnailUrl\":\"https:\\\/\\\/af.ca\\\/ottawa\\\/wp-content\\\/uploads\\\/2024\\\/02\\\/online-test-assessment-683x1024.jpg\",\"datePublished\":\"2024-02-28T11:35:35+00:00\",\"dateModified\":\"2024-02-29T08:32:51+00:00\",\"breadcrumb\":{\"@id\":\"https:\\\/\\\/af.ca\\\/ottawa\\\/quel-est-mon-niveau\\\/#breadcrumb\"},\"inLanguage\":\"fr-FR\",\"potentialAction\":[{\"@type\":\"ReadAction\",\"target\":[\"https:\\\/\\\/af.ca\\\/ottawa\\\/quel-est-mon-niveau\\\/\"]}]},{\"@type\":\"ImageObject\",\"inLanguage\":\"fr-FR\",\"@id\":\"https:\\\/\\\/af.ca\\\/ottawa\\\/quel-est-mon-niveau\\\/#primaryimage\",\"url\":\"https:\\\/\\\/af.ca\\\/ottawa\\\/wp-content\\\/uploads\\\/2024\\\/02\\\/online-test-assessment-scaled.jpg\",\"contentUrl\":\"https:\\\/\\\/af.ca\\\/ottawa\\\/wp-content\\\/uploads\\\/2024\\\/02\\\/online-test-assessment-scaled.jpg\",\"width\":1707,\"height\":2560},{\"@type\":\"BreadcrumbList\",\"@id\":\"https:\\\/\\\/af.ca\\\/ottawa\\\/quel-est-mon-niveau\\\/#breadcrumb\",\"itemListElement\":[{\"@type\":\"ListItem\",\"position\":1,\"name\":\"Home\",\"item\":\"https:\\\/\\\/af.ca\\\/ottawa\\\/\"},{\"@type\":\"ListItem\",\"position\":2,\"name\":\"Quel est mon niveau ?\"}]},{\"@type\":\"WebSite\",\"@id\":\"https:\\\/\\\/af.ca\\\/ottawa\\\/#website\",\"url\":\"https:\\\/\\\/af.ca\\\/ottawa\\\/\",\"name\":\"Alliance Fran\u00e7aise Ottawa\",\"description\":\"\u00c9cole de langue fran\u00e7aise et centre culturel\",\"potentialAction\":[{\"@type\":\"SearchAction\",\"target\":{\"@type\":\"EntryPoint\",\"urlTemplate\":\"https:\\\/\\\/af.ca\\\/ottawa\\\/?s={search_term_string}\"},\"query-input\":{\"@type\":\"PropertyValueSpecification\",\"valueRequired\":true,\"valueName\":\"search_term_string\"}}],\"inLanguage\":\"fr-FR\"}]}<\/script>\n<!-- \/ Yoast SEO plugin. -->","yoast_head_json":{"title":"Quel est mon niveau ? - Alliance Fran\u00e7aise Ottawa","robots":{"index":"index","follow":"follow","max-snippet":"max-snippet:-1","max-image-preview":"max-image-preview:large","max-video-preview":"max-video-preview:-1"},"canonical":"https:\/\/af.ca\/ottawa\/quel-est-mon-niveau\/","og_locale":"fr_FR","og_type":"article","og_title":"Quel est mon niveau ? - Alliance Fran\u00e7aise Ottawa","og_description":"Vous souhaitez vous inscrire \u00e0 l\u2019Alliance Fran\u00e7aise Ottawa et suivre nos cours de fran\u00e7ais ? La premi\u00e8re \u00e9tape est de passer un test de niveau en ligne. Celui-ci sera suivi par la deuxi\u00e8me \u00e9tape: un entretien d\u2019orientation par t\u00e9l\u00e9phone avec un de nos professeur(e)s sp\u00e9cialistes. Si vous \u00eates un d\u00e9butant complet, ce test n&rsquo;est pas...En savoir plus","og_url":"https:\/\/af.ca\/ottawa\/quel-est-mon-niveau\/","og_site_name":"Alliance Fran\u00e7aise Ottawa","article_modified_time":"2024-02-29T08:32:51+00:00","og_image":[{"url":"https:\/\/af.ca\/ottawa\/wp-content\/uploads\/2024\/02\/online-test-assessment-683x1024.jpg","type":"","width":"","height":""}],"twitter_card":"summary_large_image","twitter_misc":{"Dur\u00e9e de lecture estim\u00e9e":"3 minutes"},"schema":{"@context":"https:\/\/schema.org","@graph":[{"@type":"WebPage","@id":"https:\/\/af.ca\/ottawa\/quel-est-mon-niveau\/","url":"https:\/\/af.ca\/ottawa\/quel-est-mon-niveau\/","name":"Quel est mon niveau ? - Alliance Fran\u00e7aise Ottawa","isPartOf":{"@id":"https:\/\/af.ca\/ottawa\/#website"},"primaryImageOfPage":{"@id":"https:\/\/af.ca\/ottawa\/quel-est-mon-niveau\/#primaryimage"},"image":{"@id":"https:\/\/af.ca\/ottawa\/quel-est-mon-niveau\/#primaryimage"},"thumbnailUrl":"https:\/\/af.ca\/ottawa\/wp-content\/uploads\/2024\/02\/online-test-assessment-683x1024.jpg","datePublished":"2024-02-28T11:35:35+00:00","dateModified":"2024-02-29T08:32:51+00:00","breadcrumb":{"@id":"https:\/\/af.ca\/ottawa\/quel-est-mon-niveau\/#breadcrumb"},"inLanguage":"fr-FR","potentialAction":[{"@type":"ReadAction","target":["https:\/\/af.ca\/ottawa\/quel-est-mon-niveau\/"]}]},{"@type":"ImageObject","inLanguage":"fr-FR","@id":"https:\/\/af.ca\/ottawa\/quel-est-mon-niveau\/#primaryimage","url":"https:\/\/af.ca\/ottawa\/wp-content\/uploads\/2024\/02\/online-test-assessment-scaled.jpg","contentUrl":"https:\/\/af.ca\/ottawa\/wp-content\/uploads\/2024\/02\/online-test-assessment-scaled.jpg","width":1707,"height":2560},{"@type":"BreadcrumbList","@id":"https:\/\/af.ca\/ottawa\/quel-est-mon-niveau\/#breadcrumb","itemListElement":[{"@type":"ListItem","position":1,"name":"Home","item":"https:\/\/af.ca\/ottawa\/"},{"@type":"ListItem","position":2,"name":"Quel est mon niveau ?"}]},{"@type":"WebSite","@id":"https:\/\/af.ca\/ottawa\/#website","url":"https:\/\/af.ca\/ottawa\/","name":"Alliance Fran\u00e7aise Ottawa","description":"\u00c9cole de langue fran\u00e7aise et centre culturel","potentialAction":[{"@type":"SearchAction","target":{"@type":"EntryPoint","urlTemplate":"https:\/\/af.ca\/ottawa\/?s={search_term_string}"},"query-input":{"@type":"PropertyValueSpecification","valueRequired":true,"valueName":"search_term_string"}}],"inLanguage":"fr-FR"}]}},"blog_post_layout_featured_media_urls":{"thumbnail":"","full":""},"categories_names":null,"comments_number":"0","_links":{"self":[{"href":"https:\/\/af.ca\/ottawa\/wp-json\/wp\/v2\/pages\/21626","targetHints":{"allow":["GET"]}}],"collection":[{"href":"https:\/\/af.ca\/ottawa\/wp-json\/wp\/v2\/pages"}],"about":[{"href":"https:\/\/af.ca\/ottawa\/wp-json\/wp\/v2\/types\/page"}],"author":[{"embeddable":true,"href":"https:\/\/af.ca\/ottawa\/wp-json\/wp\/v2\/users\/6"}],"replies":[{"embeddable":true,"href":"https:\/\/af.ca\/ottawa\/wp-json\/wp\/v2\/comments?post=21626"}],"version-history":[{"count":0,"href":"https:\/\/af.ca\/ottawa\/wp-json\/wp\/v2\/pages\/21626\/revisions"}],"wp:attachment":[{"href":"https:\/\/af.ca\/ottawa\/wp-json\/wp\/v2\/media?parent=21626"}],"curies":[{"name":"wp","href":"https:\/\/api.w.org\/{rel}","templated":true}]}}