{"id":21677,"date":"2024-03-11T16:46:32","date_gmt":"2024-03-11T20:46:32","guid":{"rendered":"https:\/\/af.ca\/ottawa\/?page_id=21677"},"modified":"2024-03-11T16:46:32","modified_gmt":"2024-03-11T20:46:32","slug":"concert-taqsim-driver-la-fanfare-couche-tard","status":"publish","type":"page","link":"https:\/\/af.ca\/ottawa\/concert-taqsim-driver-la-fanfare-couche-tard\/","title":{"rendered":"Concert Taqsim Driver (La Fanfare Couche-Tard)"},"content":{"rendered":"<p><a href=\"https:\/\/af.ca\/ottawa\/wp-content\/uploads\/2024\/03\/Taqsim-Driver-banniere.png\"><img loading=\"lazy\" decoding=\"async\" class=\"alignnone  wp-image-21678\" src=\"https:\/\/af.ca\/ottawa\/wp-content\/uploads\/2024\/03\/Taqsim-Driver-banniere-300x157.png\" alt=\"\" width=\"815\" height=\"426\" srcset=\"https:\/\/af.ca\/ottawa\/wp-content\/uploads\/2024\/03\/Taqsim-Driver-banniere-300x157.png 300w, https:\/\/af.ca\/ottawa\/wp-content\/uploads\/2024\/03\/Taqsim-Driver-banniere-1024x536.png 1024w, https:\/\/af.ca\/ottawa\/wp-content\/uploads\/2024\/03\/Taqsim-Driver-banniere-768x402.png 768w, https:\/\/af.ca\/ottawa\/wp-content\/uploads\/2024\/03\/Taqsim-Driver-banniere.png 1200w\" sizes=\"auto, (max-width: 815px) 100vw, 815px\" \/><\/a><\/p>\n<p>&nbsp;<\/p>\n<p>\u00ab\u00a0Voyage, voyage&#8230; Plus loin que la nuit et le jour !\u00a0\u00bb<\/p>\n<p>Ces mots pourraient \u00e0 eux seuls r\u00e9sumer l\u2019art et la mani\u00e8re du groupe.<\/p>\n<p>Tel un passeur de r\u00eaves affranchis des codes, Taqsim Driver d\u00e9ploie une passerelle imaginaire entre tradition et modernit\u00e9. S&rsquo;inspirant de musiques rares et ancestrales (dabk\u00e9 libanais, tallava albanais ou mugham az\u00e9rie&#8230;), ajoutant par touches finement dos\u00e9es des samples d\u2019instruments traditionnels (derbuka, le kerkabou, saz&#8230;) Taqsim Driver ravive la flamme de ces musiques et les fait rena\u00eetre dans une fusion subtile avec les musiques actuelles (Dance, Trap, Rap &#8230;)<\/p>\n<p>Une \u00e9nergie communicative et tellurique entre Omar Souleyman, 47Soul et d\u2019innombrables groupes de mariage \u00e0 l\u2019or\u00e9e de notre vieille Europe. De continent en continent, le groupe invite au voyage et \u00e0 la d\u00e9couverte dans une transe \u00e9nergique et joyeuse.<\/p>\n<p>Cr\u00e9\u00e9 par les musiciens de Fanfare Couche-Tard qui ont tourn\u00e9 pendant 15 ans en Europe, Inde, Maroc et Afrique du Sud, Taqsim Driver sort ses premiers clips et singles en 2023 et entame une tourn\u00e9e passant par Le Canada et l\u2019Europe au printemps 2024.<\/p>\n<p>Florian Valloo : Saxophone, rap<\/p>\n<p>Jean-Baptiste Juszczak : Saxophone, chant<\/p>\n<p>Nathana\u00ebl Bianconi : Synth\u00e9, accord\u00e9on, chant<\/p>\n<p>Alexandre Rabin : Sousaphone, choeurs<\/p>\n<p>Robin Veyssi\u00e8re : Batterie, sampler<\/p>\n<p>Taqsim Driver sera en tourne\u0301e dans le re\u0301seau des Alliances Franc\u0327aises du Canada (Ottawa, Edmonton, Vancouver, Winnipeg).<\/p>\n<p>&nbsp;<\/p>\n<p><a href=\"https:\/\/www.eventbrite.ca\/e\/concert-taqsim-driver-la-fanfare-couche-tard-tickets-815956546997\"><img loading=\"lazy\" decoding=\"async\" class=\"alignnone  wp-image-18690\" src=\"https:\/\/af.ca\/ottawa\/wp-content\/uploads\/2022\/08\/Bouton-site-internet-fr-300x47.png\" alt=\"\" width=\"421\" height=\"66\" srcset=\"https:\/\/af.ca\/ottawa\/wp-content\/uploads\/2022\/08\/Bouton-site-internet-fr-300x47.png 300w, https:\/\/af.ca\/ottawa\/wp-content\/uploads\/2022\/08\/Bouton-site-internet-fr-768x120.png 768w, https:\/\/af.ca\/ottawa\/wp-content\/uploads\/2022\/08\/Bouton-site-internet-fr.png 827w\" sizes=\"auto, (max-width: 421px) 100vw, 421px\" \/><\/a><\/p>\n<p>&nbsp;<\/p>\n<p><a href=\"https:\/\/af.ca\/ottawa\/wp-content\/uploads\/2024\/03\/taqsim-driverBD-13.jpg\"><img loading=\"lazy\" decoding=\"async\" class=\"alignnone  wp-image-21680\" src=\"https:\/\/af.ca\/ottawa\/wp-content\/uploads\/2024\/03\/taqsim-driverBD-13-300x200.jpg\" alt=\"\" width=\"527\" height=\"351\" srcset=\"https:\/\/af.ca\/ottawa\/wp-content\/uploads\/2024\/03\/taqsim-driverBD-13-300x200.jpg 300w, https:\/\/af.ca\/ottawa\/wp-content\/uploads\/2024\/03\/taqsim-driverBD-13-1024x683.jpg 1024w, https:\/\/af.ca\/ottawa\/wp-content\/uploads\/2024\/03\/taqsim-driverBD-13-768x512.jpg 768w, https:\/\/af.ca\/ottawa\/wp-content\/uploads\/2024\/03\/taqsim-driverBD-13-1536x1024.jpg 1536w, https:\/\/af.ca\/ottawa\/wp-content\/uploads\/2024\/03\/taqsim-driverBD-13.jpg 2048w\" sizes=\"auto, (max-width: 527px) 100vw, 527px\" \/><\/a><\/p>\n<p>&nbsp;<\/p>\n<p><a href=\"https:\/\/www.youtube.com\/watch?v=-3LXQvtAA8Y\"><img loading=\"lazy\" decoding=\"async\" class=\"alignnone  wp-image-21682\" src=\"https:\/\/af.ca\/ottawa\/wp-content\/uploads\/2024\/03\/screen-youtube-taqsim-final-300x167.png\" alt=\"\" width=\"585\" height=\"326\" srcset=\"https:\/\/af.ca\/ottawa\/wp-content\/uploads\/2024\/03\/screen-youtube-taqsim-final-300x167.png 300w, https:\/\/af.ca\/ottawa\/wp-content\/uploads\/2024\/03\/screen-youtube-taqsim-final-768x427.png 768w, https:\/\/af.ca\/ottawa\/wp-content\/uploads\/2024\/03\/screen-youtube-taqsim-final.png 810w\" sizes=\"auto, (max-width: 585px) 100vw, 585px\" \/><\/a><\/p>\n<p>&nbsp;<\/p>\n<p>Nos partenaires :<\/p>\n<p><a href=\"https:\/\/af.ca\/ottawa\/wp-content\/uploads\/2023\/04\/logo-Ambassade-Canada.png\"><img loading=\"lazy\" decoding=\"async\" class=\"alignnone size-medium wp-image-20459\" src=\"https:\/\/af.ca\/ottawa\/wp-content\/uploads\/2023\/04\/logo-Ambassade-Canada-300x208.png\" alt=\"\" width=\"300\" height=\"208\" srcset=\"https:\/\/af.ca\/ottawa\/wp-content\/uploads\/2023\/04\/logo-Ambassade-Canada-300x208.png 300w, https:\/\/af.ca\/ottawa\/wp-content\/uploads\/2023\/04\/logo-Ambassade-Canada-1024x711.png 1024w, https:\/\/af.ca\/ottawa\/wp-content\/uploads\/2023\/04\/logo-Ambassade-Canada-768x533.png 768w, https:\/\/af.ca\/ottawa\/wp-content\/uploads\/2023\/04\/logo-Ambassade-Canada-1536x1067.png 1536w, https:\/\/af.ca\/ottawa\/wp-content\/uploads\/2023\/04\/logo-Ambassade-Canada-2048x1423.png 2048w\" sizes=\"auto, (max-width: 300px) 100vw, 300px\" \/><\/a><a href=\"https:\/\/af.ca\/ottawa\/wp-content\/uploads\/2023\/04\/Fondation-DRG-logo_CMYK_2021.png\"><img loading=\"lazy\" decoding=\"async\" class=\"alignnone size-medium wp-image-20453\" src=\"https:\/\/af.ca\/ottawa\/wp-content\/uploads\/2023\/04\/Fondation-DRG-logo_CMYK_2021-300x71.png\" alt=\"\" width=\"300\" height=\"71\" srcset=\"https:\/\/af.ca\/ottawa\/wp-content\/uploads\/2023\/04\/Fondation-DRG-logo_CMYK_2021-300x71.png 300w, https:\/\/af.ca\/ottawa\/wp-content\/uploads\/2023\/04\/Fondation-DRG-logo_CMYK_2021-1024x241.png 1024w, https:\/\/af.ca\/ottawa\/wp-content\/uploads\/2023\/04\/Fondation-DRG-logo_CMYK_2021-768x181.png 768w, https:\/\/af.ca\/ottawa\/wp-content\/uploads\/2023\/04\/Fondation-DRG-logo_CMYK_2021-1536x362.png 1536w, https:\/\/af.ca\/ottawa\/wp-content\/uploads\/2023\/04\/Fondation-DRG-logo_CMYK_2021-2048x482.png 2048w\" sizes=\"auto, (max-width: 300px) 100vw, 300px\" \/><\/a>\u00a0 \u00a0 \u00a0 \u00a0<a href=\"https:\/\/af.ca\/ottawa\/wp-content\/uploads\/2023\/04\/fondation-force5-2.png\"><img loading=\"lazy\" decoding=\"async\" class=\"alignnone size-medium wp-image-20455\" src=\"https:\/\/af.ca\/ottawa\/wp-content\/uploads\/2023\/04\/fondation-force5-2-300x200.png\" alt=\"\" width=\"300\" height=\"200\" srcset=\"https:\/\/af.ca\/ottawa\/wp-content\/uploads\/2023\/04\/fondation-force5-2-300x200.png 300w, https:\/\/af.ca\/ottawa\/wp-content\/uploads\/2023\/04\/fondation-force5-2-1024x683.png 1024w, https:\/\/af.ca\/ottawa\/wp-content\/uploads\/2023\/04\/fondation-force5-2-768x512.png 768w, https:\/\/af.ca\/ottawa\/wp-content\/uploads\/2023\/04\/fondation-force5-2.png 1251w\" sizes=\"auto, (max-width: 300px) 100vw, 300px\" \/><\/a><a href=\"https:\/\/af.ca\/ottawa\/wp-content\/uploads\/2023\/04\/Logo-AFT-120e-vertical-01-rezized.png\"><img loading=\"lazy\" decoding=\"async\" class=\"alignnone size-medium wp-image-20457\" src=\"https:\/\/af.ca\/ottawa\/wp-content\/uploads\/2023\/04\/Logo-AFT-120e-vertical-01-rezized-271x300.png\" alt=\"\" width=\"271\" height=\"300\" srcset=\"https:\/\/af.ca\/ottawa\/wp-content\/uploads\/2023\/04\/Logo-AFT-120e-vertical-01-rezized-271x300.png 271w, https:\/\/af.ca\/ottawa\/wp-content\/uploads\/2023\/04\/Logo-AFT-120e-vertical-01-rezized.png 486w\" sizes=\"auto, (max-width: 271px) 100vw, 271px\" \/><\/a><a href=\"https:\/\/af.ca\/ottawa\/wp-content\/uploads\/2023\/04\/Logo-BMO-en-blanc.jpg\"><img loading=\"lazy\" decoding=\"async\" class=\"alignnone size-medium wp-image-20461\" src=\"https:\/\/af.ca\/ottawa\/wp-content\/uploads\/2023\/04\/Logo-BMO-en-blanc-300x150.jpg\" alt=\"\" width=\"300\" height=\"150\" srcset=\"https:\/\/af.ca\/ottawa\/wp-content\/uploads\/2023\/04\/Logo-BMO-en-blanc-300x150.jpg 300w, https:\/\/af.ca\/ottawa\/wp-content\/uploads\/2023\/04\/Logo-BMO-en-blanc-768x384.jpg 768w, https:\/\/af.ca\/ottawa\/wp-content\/uploads\/2023\/04\/Logo-BMO-en-blanc.jpg 900w\" sizes=\"auto, (max-width: 300px) 100vw, 300px\" \/><\/a><a href=\"https:\/\/af.ca\/ottawa\/wp-content\/uploads\/2023\/04\/PCC_Sponsor_FRA_Centre_2lignes_Couleur.png\"><img loading=\"lazy\" decoding=\"async\" class=\"alignnone size-medium wp-image-20463\" src=\"https:\/\/af.ca\/ottawa\/wp-content\/uploads\/2023\/04\/PCC_Sponsor_FRA_Centre_2lignes_Couleur-300x118.png\" alt=\"\" width=\"300\" height=\"118\" srcset=\"https:\/\/af.ca\/ottawa\/wp-content\/uploads\/2023\/04\/PCC_Sponsor_FRA_Centre_2lignes_Couleur-300x118.png 300w, https:\/\/af.ca\/ottawa\/wp-content\/uploads\/2023\/04\/PCC_Sponsor_FRA_Centre_2lignes_Couleur-1024x404.png 1024w, https:\/\/af.ca\/ottawa\/wp-content\/uploads\/2023\/04\/PCC_Sponsor_FRA_Centre_2lignes_Couleur-768x303.png 768w, https:\/\/af.ca\/ottawa\/wp-content\/uploads\/2023\/04\/PCC_Sponsor_FRA_Centre_2lignes_Couleur.png 1320w\" sizes=\"auto, (max-width: 300px) 100vw, 300px\" \/><\/a><\/p>\n","protected":false},"excerpt":{"rendered":"<p>&nbsp; \u00ab\u00a0Voyage, voyage&#8230; Plus loin que la nuit et le jour !\u00a0\u00bb Ces mots pourraient \u00e0 eux seuls r\u00e9sumer l\u2019art et la mani\u00e8re du groupe. Tel un passeur de r\u00eaves affranchis des codes, Taqsim Driver d\u00e9ploie une passerelle imaginaire entre tradition et modernit\u00e9. S&rsquo;inspirant de musiques rares et ancestrales (dabk\u00e9 libanais, tallava albanais ou mugham&#8230;<\/p>\n<p><a class=\"button invert-primary\" href=\"https:\/\/af.ca\/ottawa\/concert-taqsim-driver-la-fanfare-couche-tard\/\">En savoir plus<\/a><\/p>\n","protected":false},"author":3,"featured_media":0,"parent":0,"menu_order":49,"comment_status":"closed","ping_status":"closed","template":"","meta":{"_acf_changed":false,"om_disable_all_campaigns":false,"_monsterinsights_skip_tracking":false,"_monsterinsights_sitenote_active":false,"_monsterinsights_sitenote_note":"","_monsterinsights_sitenote_category":0,"footnotes":""},"class_list":["post-21677","page","type-page","status-publish","hentry"],"acf":[],"yoast_head":"<!-- This site is optimized with the Yoast SEO plugin v27.4 - https:\/\/yoast.com\/product\/yoast-seo-wordpress\/ -->\n<title>Concert Taqsim Driver (La Fanfare Couche-Tard) - Alliance Fran\u00e7aise Ottawa<\/title>\n<meta name=\"description\" content=\"Taqsim Driver sera en tourne\u0301e dans le re\u0301seau des Alliances Franc\u0327aises du Canada\" \/>\n<meta name=\"robots\" content=\"index, follow, max-snippet:-1, max-image-preview:large, max-video-preview:-1\" \/>\n<link rel=\"canonical\" href=\"https:\/\/af.ca\/ottawa\/concert-taqsim-driver-la-fanfare-couche-tard\/\" \/>\n<meta property=\"og:locale\" content=\"fr_FR\" \/>\n<meta property=\"og:type\" content=\"article\" \/>\n<meta property=\"og:title\" content=\"Concert Taqsim Driver\" \/>\n<meta property=\"og:description\" content=\"Taqsim Driver sera en tourne\u0301e dans le re\u0301seau des Alliances Franc\u0327aises du Canada.\" \/>\n<meta property=\"og:url\" content=\"https:\/\/af.ca\/ottawa\/concert-taqsim-driver-la-fanfare-couche-tard\/\" \/>\n<meta property=\"og:site_name\" content=\"Alliance Fran\u00e7aise Ottawa\" \/>\n<meta property=\"og:image\" content=\"https:\/\/af.ca\/ottawa\/wp-content\/uploads\/2024\/03\/taqsim-driverBD-13-1024x683.jpg\" \/>\n\t<meta property=\"og:image:width\" content=\"1024\" \/>\n\t<meta property=\"og:image:height\" content=\"683\" \/>\n\t<meta property=\"og:image:type\" content=\"image\/jpeg\" \/>\n<meta name=\"twitter:card\" content=\"summary_large_image\" \/>\n<meta name=\"twitter:label1\" content=\"Dur\u00e9e de lecture estim\u00e9e\" \/>\n\t<meta name=\"twitter:data1\" content=\"3 minutes\" \/>\n<script type=\"application\/ld+json\" class=\"yoast-schema-graph\">{\"@context\":\"https:\\\/\\\/schema.org\",\"@graph\":[{\"@type\":\"WebPage\",\"@id\":\"https:\\\/\\\/af.ca\\\/ottawa\\\/concert-taqsim-driver-la-fanfare-couche-tard\\\/\",\"url\":\"https:\\\/\\\/af.ca\\\/ottawa\\\/concert-taqsim-driver-la-fanfare-couche-tard\\\/\",\"name\":\"Concert Taqsim Driver (La Fanfare Couche-Tard) - Alliance Fran\u00e7aise Ottawa\",\"isPartOf\":{\"@id\":\"https:\\\/\\\/af.ca\\\/ottawa\\\/#website\"},\"primaryImageOfPage\":{\"@id\":\"https:\\\/\\\/af.ca\\\/ottawa\\\/concert-taqsim-driver-la-fanfare-couche-tard\\\/#primaryimage\"},\"image\":{\"@id\":\"https:\\\/\\\/af.ca\\\/ottawa\\\/concert-taqsim-driver-la-fanfare-couche-tard\\\/#primaryimage\"},\"thumbnailUrl\":\"https:\\\/\\\/af.ca\\\/ottawa\\\/wp-content\\\/uploads\\\/2024\\\/03\\\/Taqsim-Driver-banniere-300x157.png\",\"datePublished\":\"2024-03-11T20:46:32+00:00\",\"description\":\"Taqsim Driver sera en tourne\u0301e dans le re\u0301seau des Alliances Franc\u0327aises du Canada\",\"breadcrumb\":{\"@id\":\"https:\\\/\\\/af.ca\\\/ottawa\\\/concert-taqsim-driver-la-fanfare-couche-tard\\\/#breadcrumb\"},\"inLanguage\":\"fr-FR\",\"potentialAction\":[{\"@type\":\"ReadAction\",\"target\":[\"https:\\\/\\\/af.ca\\\/ottawa\\\/concert-taqsim-driver-la-fanfare-couche-tard\\\/\"]}]},{\"@type\":\"ImageObject\",\"inLanguage\":\"fr-FR\",\"@id\":\"https:\\\/\\\/af.ca\\\/ottawa\\\/concert-taqsim-driver-la-fanfare-couche-tard\\\/#primaryimage\",\"url\":\"https:\\\/\\\/af.ca\\\/ottawa\\\/wp-content\\\/uploads\\\/2024\\\/03\\\/Taqsim-Driver-banniere.png\",\"contentUrl\":\"https:\\\/\\\/af.ca\\\/ottawa\\\/wp-content\\\/uploads\\\/2024\\\/03\\\/Taqsim-Driver-banniere.png\",\"width\":1200,\"height\":628},{\"@type\":\"BreadcrumbList\",\"@id\":\"https:\\\/\\\/af.ca\\\/ottawa\\\/concert-taqsim-driver-la-fanfare-couche-tard\\\/#breadcrumb\",\"itemListElement\":[{\"@type\":\"ListItem\",\"position\":1,\"name\":\"Home\",\"item\":\"https:\\\/\\\/af.ca\\\/ottawa\\\/\"},{\"@type\":\"ListItem\",\"position\":2,\"name\":\"Concert Taqsim Driver (La Fanfare Couche-Tard)\"}]},{\"@type\":\"WebSite\",\"@id\":\"https:\\\/\\\/af.ca\\\/ottawa\\\/#website\",\"url\":\"https:\\\/\\\/af.ca\\\/ottawa\\\/\",\"name\":\"Alliance Fran\u00e7aise Ottawa\",\"description\":\"\u00c9cole de langue fran\u00e7aise et centre culturel\",\"potentialAction\":[{\"@type\":\"SearchAction\",\"target\":{\"@type\":\"EntryPoint\",\"urlTemplate\":\"https:\\\/\\\/af.ca\\\/ottawa\\\/?s={search_term_string}\"},\"query-input\":{\"@type\":\"PropertyValueSpecification\",\"valueRequired\":true,\"valueName\":\"search_term_string\"}}],\"inLanguage\":\"fr-FR\"}]}<\/script>\n<!-- \/ Yoast SEO plugin. -->","yoast_head_json":{"title":"Concert Taqsim Driver (La Fanfare Couche-Tard) - Alliance Fran\u00e7aise Ottawa","description":"Taqsim Driver sera en tourne\u0301e dans le re\u0301seau des Alliances Franc\u0327aises du Canada","robots":{"index":"index","follow":"follow","max-snippet":"max-snippet:-1","max-image-preview":"max-image-preview:large","max-video-preview":"max-video-preview:-1"},"canonical":"https:\/\/af.ca\/ottawa\/concert-taqsim-driver-la-fanfare-couche-tard\/","og_locale":"fr_FR","og_type":"article","og_title":"Concert Taqsim Driver","og_description":"Taqsim Driver sera en tourne\u0301e dans le re\u0301seau des Alliances Franc\u0327aises du Canada.","og_url":"https:\/\/af.ca\/ottawa\/concert-taqsim-driver-la-fanfare-couche-tard\/","og_site_name":"Alliance Fran\u00e7aise Ottawa","og_image":[{"width":1024,"height":683,"url":"https:\/\/af.ca\/ottawa\/wp-content\/uploads\/2024\/03\/taqsim-driverBD-13-1024x683.jpg","type":"image\/jpeg"}],"twitter_card":"summary_large_image","twitter_misc":{"Dur\u00e9e de lecture estim\u00e9e":"3 minutes"},"schema":{"@context":"https:\/\/schema.org","@graph":[{"@type":"WebPage","@id":"https:\/\/af.ca\/ottawa\/concert-taqsim-driver-la-fanfare-couche-tard\/","url":"https:\/\/af.ca\/ottawa\/concert-taqsim-driver-la-fanfare-couche-tard\/","name":"Concert Taqsim Driver (La Fanfare Couche-Tard) - Alliance Fran\u00e7aise Ottawa","isPartOf":{"@id":"https:\/\/af.ca\/ottawa\/#website"},"primaryImageOfPage":{"@id":"https:\/\/af.ca\/ottawa\/concert-taqsim-driver-la-fanfare-couche-tard\/#primaryimage"},"image":{"@id":"https:\/\/af.ca\/ottawa\/concert-taqsim-driver-la-fanfare-couche-tard\/#primaryimage"},"thumbnailUrl":"https:\/\/af.ca\/ottawa\/wp-content\/uploads\/2024\/03\/Taqsim-Driver-banniere-300x157.png","datePublished":"2024-03-11T20:46:32+00:00","description":"Taqsim Driver sera en tourne\u0301e dans le re\u0301seau des Alliances Franc\u0327aises du Canada","breadcrumb":{"@id":"https:\/\/af.ca\/ottawa\/concert-taqsim-driver-la-fanfare-couche-tard\/#breadcrumb"},"inLanguage":"fr-FR","potentialAction":[{"@type":"ReadAction","target":["https:\/\/af.ca\/ottawa\/concert-taqsim-driver-la-fanfare-couche-tard\/"]}]},{"@type":"ImageObject","inLanguage":"fr-FR","@id":"https:\/\/af.ca\/ottawa\/concert-taqsim-driver-la-fanfare-couche-tard\/#primaryimage","url":"https:\/\/af.ca\/ottawa\/wp-content\/uploads\/2024\/03\/Taqsim-Driver-banniere.png","contentUrl":"https:\/\/af.ca\/ottawa\/wp-content\/uploads\/2024\/03\/Taqsim-Driver-banniere.png","width":1200,"height":628},{"@type":"BreadcrumbList","@id":"https:\/\/af.ca\/ottawa\/concert-taqsim-driver-la-fanfare-couche-tard\/#breadcrumb","itemListElement":[{"@type":"ListItem","position":1,"name":"Home","item":"https:\/\/af.ca\/ottawa\/"},{"@type":"ListItem","position":2,"name":"Concert Taqsim Driver (La Fanfare Couche-Tard)"}]},{"@type":"WebSite","@id":"https:\/\/af.ca\/ottawa\/#website","url":"https:\/\/af.ca\/ottawa\/","name":"Alliance Fran\u00e7aise Ottawa","description":"\u00c9cole de langue fran\u00e7aise et centre culturel","potentialAction":[{"@type":"SearchAction","target":{"@type":"EntryPoint","urlTemplate":"https:\/\/af.ca\/ottawa\/?s={search_term_string}"},"query-input":{"@type":"PropertyValueSpecification","valueRequired":true,"valueName":"search_term_string"}}],"inLanguage":"fr-FR"}]}},"blog_post_layout_featured_media_urls":{"thumbnail":"","full":""},"categories_names":null,"comments_number":"0","_links":{"self":[{"href":"https:\/\/af.ca\/ottawa\/wp-json\/wp\/v2\/pages\/21677","targetHints":{"allow":["GET"]}}],"collection":[{"href":"https:\/\/af.ca\/ottawa\/wp-json\/wp\/v2\/pages"}],"about":[{"href":"https:\/\/af.ca\/ottawa\/wp-json\/wp\/v2\/types\/page"}],"author":[{"embeddable":true,"href":"https:\/\/af.ca\/ottawa\/wp-json\/wp\/v2\/users\/3"}],"replies":[{"embeddable":true,"href":"https:\/\/af.ca\/ottawa\/wp-json\/wp\/v2\/comments?post=21677"}],"version-history":[{"count":0,"href":"https:\/\/af.ca\/ottawa\/wp-json\/wp\/v2\/pages\/21677\/revisions"}],"wp:attachment":[{"href":"https:\/\/af.ca\/ottawa\/wp-json\/wp\/v2\/media?parent=21677"}],"curies":[{"name":"wp","href":"https:\/\/api.w.org\/{rel}","templated":true}]}}