{"id":21806,"date":"2024-04-22T12:50:33","date_gmt":"2024-04-22T16:50:33","guid":{"rendered":"https:\/\/af.ca\/ottawa\/?page_id=21806"},"modified":"2024-04-24T16:30:39","modified_gmt":"2024-04-24T20:30:39","slug":"activites-a-ottawa-en-francais-pendant-le-printemps","status":"publish","type":"page","link":"https:\/\/af.ca\/ottawa\/activites-a-ottawa-en-francais-pendant-le-printemps\/","title":{"rendered":"ACTIVIT\u00c9S \u00c0 OTTAWA EN FRAN\u00c7AIS PENDANT LE PRINTEMPS"},"content":{"rendered":"<p><a href=\"https:\/\/af.ca\/ottawa\/wp-content\/uploads\/2024\/04\/Activites-FR-Printemps-.png\"><img loading=\"lazy\" decoding=\"async\" class=\"alignnone  wp-image-21820\" src=\"https:\/\/af.ca\/ottawa\/wp-content\/uploads\/2024\/04\/Activites-FR-Printemps--300x169.png\" alt=\"\" width=\"728\" height=\"410\" srcset=\"https:\/\/af.ca\/ottawa\/wp-content\/uploads\/2024\/04\/Activites-FR-Printemps--300x169.png 300w, https:\/\/af.ca\/ottawa\/wp-content\/uploads\/2024\/04\/Activites-FR-Printemps--1024x576.png 1024w, https:\/\/af.ca\/ottawa\/wp-content\/uploads\/2024\/04\/Activites-FR-Printemps--768x432.png 768w, https:\/\/af.ca\/ottawa\/wp-content\/uploads\/2024\/04\/Activites-FR-Printemps--1536x864.png 1536w, https:\/\/af.ca\/ottawa\/wp-content\/uploads\/2024\/04\/Activites-FR-Printemps-.png 1920w\" sizes=\"auto, (max-width: 728px) 100vw, 728px\" \/><\/a><\/p>\n<p>&nbsp;<\/p>\n<p>Vous avez s\u00fbrement d\u00e9j\u00e0 entendu qu\u2019Ottawa est une ville ennuyeuse et qu\u2019il n\u2019y a pas beaucoup de choses \u00e0 faire. Avec une majorit\u00e9 de travailleurs gouvernementaux, certains pensent que la ville dort aussi bien la nuit que la journ\u00e9e. Si trouver des activit\u00e9s en anglais est jug\u00e9 difficile, en trouver en fran\u00e7ais peut para\u00eetre impossible. A l\u2019Alliance Fran\u00e7aise Ottawa, \u00ab\u00a0impossible\u00a0\u00bb est un mot que nous utilisons peu dans notre vocabulaire et nous vous offrons aujourd\u2019hui une liste d\u2019activit\u00e9s \u00e0 faire \u00e0 Ottawa en fran\u00e7ais pendant le printemps, en plein air ou \u00e0 l\u2019int\u00e9rieur.<\/p>\n<p>&nbsp;<\/p>\n<ul>\n<li><strong>Visiter le Parlement du Canada <\/strong><\/li>\n<\/ul>\n<p>D\u00e9couvrez le centre de la d\u00e9mocratie canadienne, l\u2019histoire et le fonctionnement du gouvernement gr\u00e2ce \u00e0 l\u2019une des quatre visites guid\u00e9es gratuites propos\u00e9es. Durant de 30 minutes \u00e0 1 heure, vous aurez l\u2019occasion de voir l\u2019\u00e9difice du S\u00e9nat du Canada, la Chambre des communes dans l\u2019\u00e9difice de l\u2019Ouest, les quatre salles patrimoniales restaur\u00e9es dans l\u2019\u00e9difice de l\u2019Est ou l\u2019\u00e9difice principal du Parlement dans une exp\u00e9rience immersive.<\/p>\n<p>Les visites guid\u00e9es sont disponibles en fran\u00e7ais et des services d\u2019interpr\u00e9tation en langue des signes sont offerts gratuitement sur demande. Le S\u00e9nat du Canada est accessible aux fauteuils roulants et aux animaux d\u2019assistance et des dispositions pour accommoder les visiteurs peuvent \u00eatre prises en contactant l\u2019\u00e9difice du S\u00e9nat du Canada.<\/p>\n<p>Vous pouvez \u00e9galement assister en direct aux d\u00e9bats du S\u00e9nat ou de la Chambre des communes ou assister \u00e0 une r\u00e9union d\u2019un comit\u00e9 parlementaire. Terminez votre visite en faisant un tour par la Boutique du Parlement, en personne ou en ligne, pour d\u00e9couvrir des produits et souvenirs uniques.<\/p>\n<p>Planifiez votre visite\u00a0: <a href=\"https:\/\/visitez.parl.ca\/sites\/Visit\/default\/fr_CA\">https:\/\/visitez.parl.ca\/sites\/Visit\/default\/fr_CA<\/a><\/p>\n<p>&nbsp;<\/p>\n<ul>\n<li><strong>Explorer le Mus\u00e9e des beaux-arts du Canada <\/strong><\/li>\n<\/ul>\n<p>Pour c\u00e9l\u00e9brer le retour du printemps, le Mus\u00e9e des beaux-arts offre une multitude d\u2019activit\u00e9s vous permettant de vous plonger dans l\u2019art et l\u2019imaginaire d\u2019artistes talentueux. Parcourez les salles et notez ce qui attire votre attention parmi les collections d\u2019art autochtone et canadien, contemporain, europ\u00e9en et am\u00e9ricain, en plus des expositions temporaires comme <a href=\"https:\/\/www.beaux-arts.ca\/a-laffiche\/expositions-et-salles\/kan-azuma-une-question-de-lieu\">\u00ab\u00a0Kan Azuma. Une question de lieu.\u00a0\u00bb<\/a><\/p>\n<p>Le Mus\u00e9e vous propose une gamme d\u2019\u00e9v\u00e9nements passionnants, notamment des inaugurations d\u2019expositions, des causeries d\u2019artistes et bien d\u2019autres encore. <a href=\"https:\/\/www.beaux-arts.ca\/a-laffiche\/calendrier\/nuit-des-idees-2024\">La nuit des id\u00e9es<\/a>, co-organis\u00e9e chaque ann\u00e9e par l\u2019ambassade de France au Canada aura lieu le 25 avril \u00e0 18h et abordera les grandes ruptures technologiques et scientifiques de notre \u00e9poque.<\/p>\n<p>Vous pouvez \u00e9galement vous joindre \u00e0 l\u2019une des visites guid\u00e9es publiques pour une activit\u00e9 d\u00e9tendue et instructive ou vous \u00e9vader dans le monde de l\u2019art gr\u00e2ce au Magazine du MBAC. Laissez-vous inspirer par les \u0153uvres d\u2019art pendant l\u2019espace cr\u00e9ation \u2013 Un programme d\u2019activit\u00e9s pour tous les \u00e2ges ax\u00e9 sur la cr\u00e9ation libre. Les sympathiques interpr\u00e8tes bilingues seront l\u00e0 pour vous aider.<\/p>\n<p>Enfin, visitez le Mus\u00e9e lors des Soir\u00e9es gratuites du jeudi de 17\u202fh \u00e0 20\u202fh pour vivre l\u2019art, la musique et la cr\u00e9ativit\u00e9! Amenez vos proches, laissez-vous tenter par les rafra\u00eechissements et amuse-bouche de saison dans le Grand Hall Banque Scotia et vibrez au son d\u2019une ou d\u2019un DJ de la r\u00e9gion.<\/p>\n<p>Planifiez votre visite\u00a0: <a href=\"https:\/\/www.beaux-arts.ca\/\">https:\/\/www.beaux-arts.ca\/<\/a><\/p>\n<p>&nbsp;<\/p>\n<ul>\n<li><strong>Visiter les tulipes<\/strong><\/li>\n<\/ul>\n<p>Ottawa est c\u00e9l\u00e8bre pour son festival annuel des tulipes, o\u00f9 des millions de tulipes fleurissent dans toute la ville. C&rsquo;est une exp\u00e9rience incontournable au printemps. Cet \u00e9v\u00e9nement annuel populaire propose des massifs de tulipes grandioses, des activit\u00e9s familiales et bien d\u2019autres choses encore.<\/p>\n<p>Pendant 11\u202fjours, en mai, le Festival canadien des tulipes c\u00e9l\u00e8bre la beaut\u00e9 de cette fleur saisonni\u00e8re et ses liens historiques avec la capitale du Canada. L\u2019\u00e9v\u00e9nement en plein air a lieu au parc des Commissaires, o\u00f9 plus de 300\u202f000\u202ftulipes fleurissent le long du pittoresque lac Dow du canal Rideau. Vous pourrez prendre des photos, visitez l\u2019exposition du patrimoine, regarder des films en plein air, amenez vos enfants jouer \u00e0 Tuliptown et acheter des fleurs fra\u00eechement coup\u00e9es, des objets artisanaux ou des \u0153uvres d\u2019arts la journ\u00e9e. Le soir, profitez des plates-bandes illumin\u00e9es, de l\u2019exp\u00e9rience de la promenade \u00e0 la lumi\u00e8re noire et des r\u00e9cits historiques qui donnent la chair de poule<\/p>\n<p>Planifiez votre visite\u00a0: <a href=\"https:\/\/tulipfestival.ca\/\">https:\/\/tulipfestival.ca\/<\/a><\/p>\n<p>&nbsp;<\/p>\n<ul>\n<li><strong>Assister \u00e0 des \u00e9v\u00e9nements culturels<\/strong><\/li>\n<\/ul>\n<p>D\u00e8s que le beau temps arrive, une foison d\u2019activit\u00e9s culturelles pointent le bout de leur nez.<\/p>\n<p>Festivals\u00a0: Festival de musique \u00e0 Ottawa, Festival de la poutine d\u2019Ottawa, Festival canadien des enfants, Festival des arts d\u2019Ottawa, Festival des cerisiers en fleurs, Festival du film libanais dont une date sera accueillie dans nos locaux ! (Plus d\u2019information \u00e0 venir).<\/p>\n<p>Concerts\u00a0: Des venues mythiques de la ville proposent des concerts tels que Brass Monkey, Mavericks, and House of Targ. Nous adorons \u00e9galement l\u2019exp\u00e9rience unique propos\u00e9e par Fever\u00a0: des concerts \u00e0 la lueur de chandelles faisant hommage \u00e0 des artistes comme Cold Play, ABBA, Bach ou The Beatles. L\u2019Alliance Fran\u00e7aise Ottawa organise \u00e9galement un concert \u00e9pique le 23 avril \u00e0 19h au Club SAW. Venez d\u00e9couvrir le groupe iconique fran\u00e7ais Taqsim Driver (anciennement Fanfare Couche Tard).<\/p>\n<p>Bien s\u00fbr, <a href=\"https:\/\/af.ca\/ottawa\/culture\/agenda-2\/#\/\">notre agenda culturel<\/a> est bien rempli au printemps\u00a0: Clubs de lecture, conf\u00e9rences, cin\u00e9-clubs, diffusion de l\u2019Eurovision et Pub Night sont au rendez-vous !<\/p>\n<p>&nbsp;<\/p>\n<ul>\n<li><strong>D\u00e9guster la cuisine francophone<\/strong><\/li>\n<\/ul>\n<p>\u00c0 Ottawa, les amateurs de cuisine francophone ont l&#8217;embarras du choix en mati\u00e8re de restaurants offrant des plats inspir\u00e9s de la gastronomie fran\u00e7aise, qu\u00e9b\u00e9coise, ou de pays francophones. C&rsquo;est une excellente occasion de savourer des plats traditionnels tout en pratiquant la langue.<\/p>\n<p>D\u00e9gustez des plats et desserts fran\u00e7ais classiques tels que les cr\u00eapes, les \u00e9clairs, les croissants ou les quiches au Moulin de Provence et au Caf\u00e9 Henry Burger.<\/p>\n<p>Succombez au raffinement avec la gastronomie fran\u00e7aise exquise au Baccara et au Cordon Bleu Ottawa.<\/p>\n<p>Plongez dans les saveurs traditionnelles de la cuisine qu\u00e9b\u00e9coise authentique, avec des plats tels que la poutine, le p\u00e2t\u00e9 chinois, la tourti\u00e8re et le sucre \u00e0 la cr\u00e8me \u00e0 La Maison Conroy ou Fritomania.<\/p>\n<p>La fa\u00e7on la plus traditionnelle de c\u00e9l\u00e9brer cette agr\u00e9able sensation de printemps dans l&rsquo;air est le go\u00fbt du sirop d&rsquo;\u00e9rable ! Dirigez-vous au Mus\u00e9oParc Vanier pour leur cabane \u00e0 sucre.<\/p>\n<p>Si vous voulez d\u00e9couvrir ou vous replonger dans des saveurs exceptionnelles africaines ou ha\u00eftiennes, rendez-vous \u00e0 Ykos BBQ Chicken, Glasdone Golden Grill ou J\u2019TM resto bar.<\/p>\n<p>&nbsp;<\/p>\n<ul>\n<li><strong>Participer \u00e0 des cours de langue<\/strong><\/li>\n<\/ul>\n<p>Le printemps est signe de renouveau. Quoi de mieux que d\u2019apprendre une nouvelle langue \u00e0 son arriv\u00e9e et d\u00e9couvrir de nouveaux horizons ? A l\u2019Alliance Fran\u00e7aise Ottawa, <a href=\"https:\/\/af.ca\/ottawa\/#\/\">la session Spring 2<\/a> approche \u00e0 grand pas\u00a0! Elle commence le 7 mai 2024 et nous vous proposons une grande diversit\u00e9 de cours.<\/p>\n<p>Cours de pr\u00e9paration au test de la fonction publique\u00a0: D\u00e9couvrez nos cours dynamiques et novateurs, sp\u00e9cialement con\u00e7us pour vous pr\u00e9parer aux tests d\u2019expression \u00e9crite, de compr\u00e9hension de l\u2019\u00e9crit et \u00e0 l\u2019\u00e9valuation linguistique \u00e0 l\u2019oral de la Commission de la fonction publique canadienne.<\/p>\n<p>Cours de groupe de fran\u00e7ais g\u00e9n\u00e9ral\u00a0: Nos cours de fran\u00e7ais se d\u00e9roulent en petits groupes, ce qui signifie que vous aurez toujours l\u2019occasion de pratiquer vos comp\u00e9tences de conversation avec votre instructeur et vos camarades de classe.<\/p>\n<p>Ateliers\u00a0: L\u2019Alliance Fran\u00e7aise Ottawa vous propose 4 ateliers de fran\u00e7ais pour vous aider \u00e0 mettre en pratique vos connaissances en fran\u00e7ais: Oral A2, Grammaire Interm\u00e9diaire B1, Oral B1, Oral B2.<\/p>\n<p>Cours sur mesure\u00a0: Pour les d\u00e9butants ou les niveaux plus avanc\u00e9s, ces cours r\u00e9pondent \u00e0 des besoins personnels ou professionnels. Les cours priv\u00e9s et cours sur mesure sont des formats de cours de fran\u00e7ais enti\u00e8rement personnalis\u00e9s et en ligne.<\/p>\n<p>Ateliers de philosophie pour enfants\u00a0: L\u2019Alliance Fran\u00e7aise Ottawa lance le programme des \u00ab Petits penseurs \u00bb. Il s\u2019agit d\u2019un atelier d\u2019initiation \u00e0 la philosophie r\u00e9serv\u00e9e aux enfants \u00e2g\u00e9s de 6 \u00e0 12 ans, francophones, anglophones ou apprenants de FLE, m\u00eame d\u00e9butants.<\/p>\n<p>Bootcamps\u00a0: L\u2019Alliance Fran\u00e7aise Ottawa vous propose ses cours de deux semaines sp\u00e9cialement con\u00e7ues pour vous pr\u00e9parer \u00e0 atteindre vos objectifs avec succ\u00e8s.<\/p>\n<p>&nbsp;<\/p>\n<ul>\n<li><strong>Assister \u00e0 des spectacles de th\u00e9\u00e2tre francophone <\/strong><\/li>\n<\/ul>\n<p>\u00c0 Ottawa, il existe plusieurs options pour assister \u00e0 des repr\u00e9sentations th\u00e9\u00e2trales en fran\u00e7ais. Voici quelques-uns des th\u00e9\u00e2tres et compagnies de th\u00e9\u00e2tre qui proposent des productions en fran\u00e7ais dans la r\u00e9gion :<\/p>\n<p>Th\u00e9\u00e2tre la Catapulte : Cette compagnie de th\u00e9\u00e2tre francophone produit des \u0153uvres contemporaines et originales en fran\u00e7ais \u00e0 Ottawa. Leurs productions mettent souvent en vedette des artistes locaux et explorent une vari\u00e9t\u00e9 de th\u00e8mes et de styles.<\/p>\n<p>Th\u00e9\u00e2tre du Trillium : Fond\u00e9 en 1974, le Th\u00e9\u00e2tre du Trillium est l&rsquo;une des plus anciennes compagnies de th\u00e9\u00e2tre francophone en Ontario. Ils produisent des pi\u00e8ces de th\u00e9\u00e2tre professionnelles en fran\u00e7ais et sont engag\u00e9s dans la promotion de la culture francophone dans la r\u00e9gion d&rsquo;Ottawa.<\/p>\n<p>Centre national des Arts (CNA) : Le CNA pr\u00e9sente r\u00e9guli\u00e8rement des spectacles et des \u00e9v\u00e9nements sp\u00e9ciaux en fran\u00e7ais, notamment des pi\u00e8ces de th\u00e9\u00e2tre francophones. D\u2019ailleurs, si vous \u00eates membres de l\u2019Alliance Fran\u00e7aise Ottawa, vous b\u00e9n\u00e9ficiez de 50% de r\u00e9duction sur les tickets pour le Th\u00e9\u00e2tre Fran\u00e7ais.<\/p>\n<p>&nbsp;<\/p>\n<ul>\n<li><strong>Faire du v\u00e9lo le long du canal Rideau<\/strong><\/li>\n<\/ul>\n<p><strong>\u00a0<\/strong><\/p>\n<p>Faire du v\u00e9lo le long du canal Rideau \u00e0 Ottawa est une activit\u00e9 tr\u00e8s pris\u00e9e qui offre une exp\u00e9rience unique en fran\u00e7ais. Vous pouvez facilement louer un v\u00e9lo dans plusieurs endroits de la ville, y compris pr\u00e8s du canal Rideau. De nombreux services de location proposent une vari\u00e9t\u00e9 de types de v\u00e9los, notamment des v\u00e9los hybrides, des v\u00e9los de route et des v\u00e9los \u00e9lectriques.<\/p>\n<p>Louez un v\u00e9lo et explorez la magnifique voie cyclable du canal Rideau, offrant de superbes vues sur la ville et ses environs.<\/p>\n<p>&nbsp;<\/p>\n<p>Alors, pas si impossible de s\u2019amuser \u00e0 Ottawa en fran\u00e7ais ce printemps, n\u2019est-ce pas ? Que ce soit pour profiter de la culture, de la nature ou de la gastronomie, Ottawa offre de nombreuses opportunit\u00e9s pour vivre des exp\u00e9riences enrichissantes au printemps ! Profitez du retour du beau temps et d\u00e9couvrez la capitale du Canada comme vous ne l\u2019avez jamais vu.<\/p>\n","protected":false},"excerpt":{"rendered":"<p>&nbsp; Vous avez s\u00fbrement d\u00e9j\u00e0 entendu qu\u2019Ottawa est une ville ennuyeuse et qu\u2019il n\u2019y a pas beaucoup de choses \u00e0 faire. Avec une majorit\u00e9 de travailleurs gouvernementaux, certains pensent que la ville dort aussi bien la nuit que la journ\u00e9e. Si trouver des activit\u00e9s en anglais est jug\u00e9 difficile, en trouver en fran\u00e7ais peut para\u00eetre&#8230;<\/p>\n<p><a class=\"button invert-primary\" href=\"https:\/\/af.ca\/ottawa\/activites-a-ottawa-en-francais-pendant-le-printemps\/\">En savoir plus<\/a><\/p>\n","protected":false},"author":3,"featured_media":0,"parent":0,"menu_order":41,"comment_status":"closed","ping_status":"closed","template":"","meta":{"_acf_changed":false,"om_disable_all_campaigns":false,"_monsterinsights_skip_tracking":false,"_monsterinsights_sitenote_active":false,"_monsterinsights_sitenote_note":"","_monsterinsights_sitenote_category":0,"footnotes":""},"class_list":["post-21806","page","type-page","status-publish","hentry"],"acf":[],"yoast_head":"<!-- This site is optimized with the Yoast SEO plugin v27.4 - https:\/\/yoast.com\/product\/yoast-seo-wordpress\/ -->\n<title>ACTIVIT\u00c9S \u00c0 OTTAWA EN FRAN\u00c7AIS PENDANT LE PRINTEMPS - Alliance Fran\u00e7aise Ottawa<\/title>\n<meta name=\"description\" content=\"Nous vous offrons aujourd\u2019hui une liste d\u2019activit\u00e9s \u00e0 faire \u00e0 Ottawa en fran\u00e7ais pendant le printemps, en plein air ou \u00e0 l\u2019int\u00e9rieur.\" \/>\n<meta name=\"robots\" content=\"index, follow, max-snippet:-1, max-image-preview:large, max-video-preview:-1\" \/>\n<link rel=\"canonical\" href=\"https:\/\/af.ca\/ottawa\/activites-a-ottawa-en-francais-pendant-le-printemps\/\" \/>\n<meta property=\"og:locale\" content=\"fr_FR\" \/>\n<meta property=\"og:type\" content=\"article\" \/>\n<meta property=\"og:title\" content=\"Activit\u00e9s \u00e0 Ottawa en fran\u00e7ais pendant le printemps\" \/>\n<meta property=\"og:description\" content=\"Nous vous offrons aujourd\u2019hui une liste d\u2019activit\u00e9s \u00e0 faire \u00e0 Ottawa en fran\u00e7ais pendant le printemps, en plein air ou \u00e0 l\u2019int\u00e9rieur.\" \/>\n<meta property=\"og:url\" content=\"https:\/\/af.ca\/ottawa\/activites-a-ottawa-en-francais-pendant-le-printemps\/\" \/>\n<meta property=\"og:site_name\" content=\"Alliance Fran\u00e7aise Ottawa\" \/>\n<meta property=\"article:modified_time\" content=\"2024-04-24T20:30:39+00:00\" \/>\n<meta property=\"og:image\" content=\"https:\/\/af.ca\/ottawa\/wp-content\/uploads\/2024\/04\/Banniere-Blogue-Printemps-fr-1024x576.png\" \/>\n\t<meta property=\"og:image:width\" content=\"1024\" \/>\n\t<meta property=\"og:image:height\" content=\"576\" \/>\n\t<meta property=\"og:image:type\" content=\"image\/png\" \/>\n<meta name=\"twitter:card\" content=\"summary_large_image\" \/>\n<meta name=\"twitter:label1\" content=\"Dur\u00e9e de lecture estim\u00e9e\" \/>\n\t<meta name=\"twitter:data1\" content=\"8 minutes\" \/>\n<script type=\"application\/ld+json\" class=\"yoast-schema-graph\">{\"@context\":\"https:\\\/\\\/schema.org\",\"@graph\":[{\"@type\":\"WebPage\",\"@id\":\"https:\\\/\\\/af.ca\\\/ottawa\\\/activites-a-ottawa-en-francais-pendant-le-printemps\\\/\",\"url\":\"https:\\\/\\\/af.ca\\\/ottawa\\\/activites-a-ottawa-en-francais-pendant-le-printemps\\\/\",\"name\":\"ACTIVIT\u00c9S \u00c0 OTTAWA EN FRAN\u00c7AIS PENDANT LE PRINTEMPS - Alliance Fran\u00e7aise Ottawa\",\"isPartOf\":{\"@id\":\"https:\\\/\\\/af.ca\\\/ottawa\\\/#website\"},\"primaryImageOfPage\":{\"@id\":\"https:\\\/\\\/af.ca\\\/ottawa\\\/activites-a-ottawa-en-francais-pendant-le-printemps\\\/#primaryimage\"},\"image\":{\"@id\":\"https:\\\/\\\/af.ca\\\/ottawa\\\/activites-a-ottawa-en-francais-pendant-le-printemps\\\/#primaryimage\"},\"thumbnailUrl\":\"https:\\\/\\\/af.ca\\\/ottawa\\\/wp-content\\\/uploads\\\/2024\\\/04\\\/Activites-FR-Printemps--300x169.png\",\"datePublished\":\"2024-04-22T16:50:33+00:00\",\"dateModified\":\"2024-04-24T20:30:39+00:00\",\"description\":\"Nous vous offrons aujourd\u2019hui une liste d\u2019activit\u00e9s \u00e0 faire \u00e0 Ottawa en fran\u00e7ais pendant le printemps, en plein air ou \u00e0 l\u2019int\u00e9rieur.\",\"breadcrumb\":{\"@id\":\"https:\\\/\\\/af.ca\\\/ottawa\\\/activites-a-ottawa-en-francais-pendant-le-printemps\\\/#breadcrumb\"},\"inLanguage\":\"fr-FR\",\"potentialAction\":[{\"@type\":\"ReadAction\",\"target\":[\"https:\\\/\\\/af.ca\\\/ottawa\\\/activites-a-ottawa-en-francais-pendant-le-printemps\\\/\"]}]},{\"@type\":\"ImageObject\",\"inLanguage\":\"fr-FR\",\"@id\":\"https:\\\/\\\/af.ca\\\/ottawa\\\/activites-a-ottawa-en-francais-pendant-le-printemps\\\/#primaryimage\",\"url\":\"https:\\\/\\\/af.ca\\\/ottawa\\\/wp-content\\\/uploads\\\/2024\\\/04\\\/Activites-FR-Printemps-.png\",\"contentUrl\":\"https:\\\/\\\/af.ca\\\/ottawa\\\/wp-content\\\/uploads\\\/2024\\\/04\\\/Activites-FR-Printemps-.png\",\"width\":1920,\"height\":1080},{\"@type\":\"BreadcrumbList\",\"@id\":\"https:\\\/\\\/af.ca\\\/ottawa\\\/activites-a-ottawa-en-francais-pendant-le-printemps\\\/#breadcrumb\",\"itemListElement\":[{\"@type\":\"ListItem\",\"position\":1,\"name\":\"Home\",\"item\":\"https:\\\/\\\/af.ca\\\/ottawa\\\/\"},{\"@type\":\"ListItem\",\"position\":2,\"name\":\"ACTIVIT\u00c9S \u00c0 OTTAWA EN FRAN\u00c7AIS PENDANT LE PRINTEMPS\"}]},{\"@type\":\"WebSite\",\"@id\":\"https:\\\/\\\/af.ca\\\/ottawa\\\/#website\",\"url\":\"https:\\\/\\\/af.ca\\\/ottawa\\\/\",\"name\":\"Alliance Fran\u00e7aise Ottawa\",\"description\":\"\u00c9cole de langue fran\u00e7aise et centre culturel\",\"potentialAction\":[{\"@type\":\"SearchAction\",\"target\":{\"@type\":\"EntryPoint\",\"urlTemplate\":\"https:\\\/\\\/af.ca\\\/ottawa\\\/?s={search_term_string}\"},\"query-input\":{\"@type\":\"PropertyValueSpecification\",\"valueRequired\":true,\"valueName\":\"search_term_string\"}}],\"inLanguage\":\"fr-FR\"}]}<\/script>\n<!-- \/ Yoast SEO plugin. -->","yoast_head_json":{"title":"ACTIVIT\u00c9S \u00c0 OTTAWA EN FRAN\u00c7AIS PENDANT LE PRINTEMPS - Alliance Fran\u00e7aise Ottawa","description":"Nous vous offrons aujourd\u2019hui une liste d\u2019activit\u00e9s \u00e0 faire \u00e0 Ottawa en fran\u00e7ais pendant le printemps, en plein air ou \u00e0 l\u2019int\u00e9rieur.","robots":{"index":"index","follow":"follow","max-snippet":"max-snippet:-1","max-image-preview":"max-image-preview:large","max-video-preview":"max-video-preview:-1"},"canonical":"https:\/\/af.ca\/ottawa\/activites-a-ottawa-en-francais-pendant-le-printemps\/","og_locale":"fr_FR","og_type":"article","og_title":"Activit\u00e9s \u00e0 Ottawa en fran\u00e7ais pendant le printemps","og_description":"Nous vous offrons aujourd\u2019hui une liste d\u2019activit\u00e9s \u00e0 faire \u00e0 Ottawa en fran\u00e7ais pendant le printemps, en plein air ou \u00e0 l\u2019int\u00e9rieur.","og_url":"https:\/\/af.ca\/ottawa\/activites-a-ottawa-en-francais-pendant-le-printemps\/","og_site_name":"Alliance Fran\u00e7aise Ottawa","article_modified_time":"2024-04-24T20:30:39+00:00","og_image":[{"width":1024,"height":576,"url":"https:\/\/af.ca\/ottawa\/wp-content\/uploads\/2024\/04\/Banniere-Blogue-Printemps-fr-1024x576.png","type":"image\/png"}],"twitter_card":"summary_large_image","twitter_misc":{"Dur\u00e9e de lecture estim\u00e9e":"8 minutes"},"schema":{"@context":"https:\/\/schema.org","@graph":[{"@type":"WebPage","@id":"https:\/\/af.ca\/ottawa\/activites-a-ottawa-en-francais-pendant-le-printemps\/","url":"https:\/\/af.ca\/ottawa\/activites-a-ottawa-en-francais-pendant-le-printemps\/","name":"ACTIVIT\u00c9S \u00c0 OTTAWA EN FRAN\u00c7AIS PENDANT LE PRINTEMPS - Alliance Fran\u00e7aise Ottawa","isPartOf":{"@id":"https:\/\/af.ca\/ottawa\/#website"},"primaryImageOfPage":{"@id":"https:\/\/af.ca\/ottawa\/activites-a-ottawa-en-francais-pendant-le-printemps\/#primaryimage"},"image":{"@id":"https:\/\/af.ca\/ottawa\/activites-a-ottawa-en-francais-pendant-le-printemps\/#primaryimage"},"thumbnailUrl":"https:\/\/af.ca\/ottawa\/wp-content\/uploads\/2024\/04\/Activites-FR-Printemps--300x169.png","datePublished":"2024-04-22T16:50:33+00:00","dateModified":"2024-04-24T20:30:39+00:00","description":"Nous vous offrons aujourd\u2019hui une liste d\u2019activit\u00e9s \u00e0 faire \u00e0 Ottawa en fran\u00e7ais pendant le printemps, en plein air ou \u00e0 l\u2019int\u00e9rieur.","breadcrumb":{"@id":"https:\/\/af.ca\/ottawa\/activites-a-ottawa-en-francais-pendant-le-printemps\/#breadcrumb"},"inLanguage":"fr-FR","potentialAction":[{"@type":"ReadAction","target":["https:\/\/af.ca\/ottawa\/activites-a-ottawa-en-francais-pendant-le-printemps\/"]}]},{"@type":"ImageObject","inLanguage":"fr-FR","@id":"https:\/\/af.ca\/ottawa\/activites-a-ottawa-en-francais-pendant-le-printemps\/#primaryimage","url":"https:\/\/af.ca\/ottawa\/wp-content\/uploads\/2024\/04\/Activites-FR-Printemps-.png","contentUrl":"https:\/\/af.ca\/ottawa\/wp-content\/uploads\/2024\/04\/Activites-FR-Printemps-.png","width":1920,"height":1080},{"@type":"BreadcrumbList","@id":"https:\/\/af.ca\/ottawa\/activites-a-ottawa-en-francais-pendant-le-printemps\/#breadcrumb","itemListElement":[{"@type":"ListItem","position":1,"name":"Home","item":"https:\/\/af.ca\/ottawa\/"},{"@type":"ListItem","position":2,"name":"ACTIVIT\u00c9S \u00c0 OTTAWA EN FRAN\u00c7AIS PENDANT LE PRINTEMPS"}]},{"@type":"WebSite","@id":"https:\/\/af.ca\/ottawa\/#website","url":"https:\/\/af.ca\/ottawa\/","name":"Alliance Fran\u00e7aise Ottawa","description":"\u00c9cole de langue fran\u00e7aise et centre culturel","potentialAction":[{"@type":"SearchAction","target":{"@type":"EntryPoint","urlTemplate":"https:\/\/af.ca\/ottawa\/?s={search_term_string}"},"query-input":{"@type":"PropertyValueSpecification","valueRequired":true,"valueName":"search_term_string"}}],"inLanguage":"fr-FR"}]}},"blog_post_layout_featured_media_urls":{"thumbnail":"","full":""},"categories_names":null,"comments_number":"0","_links":{"self":[{"href":"https:\/\/af.ca\/ottawa\/wp-json\/wp\/v2\/pages\/21806","targetHints":{"allow":["GET"]}}],"collection":[{"href":"https:\/\/af.ca\/ottawa\/wp-json\/wp\/v2\/pages"}],"about":[{"href":"https:\/\/af.ca\/ottawa\/wp-json\/wp\/v2\/types\/page"}],"author":[{"embeddable":true,"href":"https:\/\/af.ca\/ottawa\/wp-json\/wp\/v2\/users\/3"}],"replies":[{"embeddable":true,"href":"https:\/\/af.ca\/ottawa\/wp-json\/wp\/v2\/comments?post=21806"}],"version-history":[{"count":0,"href":"https:\/\/af.ca\/ottawa\/wp-json\/wp\/v2\/pages\/21806\/revisions"}],"wp:attachment":[{"href":"https:\/\/af.ca\/ottawa\/wp-json\/wp\/v2\/media?parent=21806"}],"curies":[{"name":"wp","href":"https:\/\/api.w.org\/{rel}","templated":true}]}}