{"id":21930,"date":"2024-05-17T11:48:34","date_gmt":"2024-05-17T15:48:34","guid":{"rendered":"https:\/\/af.ca\/ottawa\/?page_id=21930"},"modified":"2024-05-17T11:48:34","modified_gmt":"2024-05-17T15:48:34","slug":"5-endroits-en-pleine-nature-pour-reviser-a-ottawa","status":"publish","type":"page","link":"https:\/\/af.ca\/ottawa\/5-endroits-en-pleine-nature-pour-reviser-a-ottawa\/","title":{"rendered":"5 endroits en pleine nature pour r\u00e9viser \u00e0 Ottawa"},"content":{"rendered":"<p><a href=\"https:\/\/af.ca\/ottawa\/wp-content\/uploads\/2024\/05\/Biodiversite-revision-mai-2024.png\"><img loading=\"lazy\" decoding=\"async\" class=\"alignnone  wp-image-21931\" src=\"https:\/\/af.ca\/ottawa\/wp-content\/uploads\/2024\/05\/Biodiversite-revision-mai-2024-300x169.png\" alt=\"\" width=\"780\" height=\"439\" srcset=\"https:\/\/af.ca\/ottawa\/wp-content\/uploads\/2024\/05\/Biodiversite-revision-mai-2024-300x169.png 300w, https:\/\/af.ca\/ottawa\/wp-content\/uploads\/2024\/05\/Biodiversite-revision-mai-2024-1024x576.png 1024w, https:\/\/af.ca\/ottawa\/wp-content\/uploads\/2024\/05\/Biodiversite-revision-mai-2024-768x432.png 768w, https:\/\/af.ca\/ottawa\/wp-content\/uploads\/2024\/05\/Biodiversite-revision-mai-2024-1536x864.png 1536w, https:\/\/af.ca\/ottawa\/wp-content\/uploads\/2024\/05\/Biodiversite-revision-mai-2024.png 1920w\" sizes=\"auto, (max-width: 780px) 100vw, 780px\" \/><\/a><\/p>\n<p>&nbsp;<\/p>\n<p><strong>Un mois de mai sous le signe de la biodiversit\u00e9<\/strong><\/p>\n<p>Le 22 mai, comme chaque ann\u00e9e, correspond \u00e0 la journ\u00e9e mondiale de la biodiversit\u00e9. \u00ab\u00a0La biodiversit\u00e9 d\u00e9signe l\u2019ensemble des \u00eatres vivants ainsi que les \u00e9cosyst\u00e8mes dans lesquels ils vivent. Ce terme comprend \u00e9galement les interactions des esp\u00e8ces entre elles et avec leurs milieux.\u00a0\u00bb (<em>OFB \u2013 Office Fran\u00e7ais de la Biodiversit\u00e9<\/em>). Le concept de biodiversit\u00e9 est assez r\u00e9cent, il est apparu dans les ann\u00e9es 1980, alors que la biodiversit\u00e9 elle, est l\u00e0 depuis des mill\u00e9naires.<\/p>\n<p>L\u2019Alliance Fran\u00e7aise Ottawa continue son engagement de sensibilisation aux enjeux socio-environnementaux et propose plusieurs \u00e9v\u00e9nements, courant mai, pour parler de biodiversit\u00e9. Les \u00e9v\u00e9nements r\u00e9currents de l\u2019Alliance Fran\u00e7aise Ottawa sont gratuits pour nos membres et \u00e0 partir de 5$ pour les non-membres, et les membres ont acc\u00e8s \u00e0 un tarif pr\u00e9f\u00e9rentiel sur tous les autres \u00e9v\u00e9nements. En fran\u00e7ais ou bilingues, les \u00e9v\u00e9nements offrent un acc\u00e8s facilit\u00e9 \u00e0 la culture francophone. Chacun peut participer et en profiter pour \u00e9couter et pratiquer la langue fran\u00e7aise.<\/p>\n<p>Au printemps, et en \u00e9t\u00e9, l\u2019Alliance Fran\u00e7aise Ottawa dispense aussi des cours de fran\u00e7ais du niveau A1 au niveau B2. Et si la saison estivale \u00e9tait le moment id\u00e9al pour enrichir ses notions de langue fran\u00e7aise\u00a0?<\/p>\n<p>Profitons de ce mois de mai pour nous reconnecter au vivant, \u00e0 la biodiversit\u00e9 terrestre comme marine, en la pr\u00e9servant et en l\u2019appr\u00e9ciant. Le fameux festival des Tulipes d\u2019Ottawa est un exemple de reconnexion \u00e0 la nature et \u00e0 ses merveilles.<\/p>\n<p>D\u00e9couvrez maintenant 5 lieux ext\u00e9rieurs en pleine nature \u00e0 Ottawa pour r\u00e9viser vos cours et am\u00e9liorer votre fran\u00e7ais\u00a0!<\/p>\n<p><em>\u00a0<\/em><\/p>\n<p><strong>5 endroits en pleine nature pour r\u00e9viser son fran\u00e7ais \u00e0 Ottawa<\/strong><\/p>\n<p>Ottawa regorge de parcs et est bord\u00e9e par 2 principales rivi\u00e8res\u00a0; la rivi\u00e8re Rideau et la rivi\u00e8re des Outaouais. De la ville \u00e0 la nature, il n\u2019y a qu\u2019un pas. Nous vous proposons 5 lieux en pleine nature pour r\u00e9viser vos conjugaisons, le vocabulaire et les exceptions de la langue fran\u00e7aise\u00a0!<\/p>\n<p>&nbsp;<\/p>\n<blockquote><p><strong>Parc Major\u2019s Hill<\/strong><\/p><\/blockquote>\n<p>Certainement l\u2019un des parcs les plus connus du centre-ville d\u2019Ottawa, le Parc Major\u2019s Hill surplombe la liaison entre le canal rideau et la rivi\u00e8re des Outaouais. Il offre une vue imparable sur le Parlement et sur la rivi\u00e8re des Outaouais. Ses parterres fleuris et ses arbres centenaires raviront vos r\u00e9visions. Profitez des bancs ou des larges zones d\u2019herbe pour r\u00e9viser votre fran\u00e7ais\u00a0!<\/p>\n<p>&nbsp;<\/p>\n<blockquote><p><strong>Parc Strathcona<\/strong><\/p><\/blockquote>\n<p>A l\u2019extr\u00e9mit\u00e9 du quartier (Sandy Hill), le parc Strathcona est le combo parfait entre chemin pi\u00e9tonnier-cycliste et \u00e9tendues de verdure. Tant\u00f4t \u00e0 l\u2019abri du soleil, tant\u00f4t au gr\u00e9 de celui-ci, le parc Strathcona vous s\u00e9duira par sa proximit\u00e9 avec la rivi\u00e8re rideau. Vous trouverez m\u00eame des bancs en bord de rivi\u00e8re pour r\u00e9viser vos cours tranquillement\u00a0!<\/p>\n<p>&nbsp;<\/p>\n<blockquote><p><strong>Corktown Footbridge<\/strong><\/p><\/blockquote>\n<p>De part et d\u2019autre du Corktown Footbridge, le pont enti\u00e8rement pi\u00e9ton au-dessus du canal rideau, vous trouverez des bancs et coins d\u2019herbe pour vous poser et r\u00e9viser. Vous pouvez m\u00eame profiter d\u2019une balade \u00e0 v\u00e9lo avant de r\u00e9viser, puis vous pourrez rejoindre l\u2019Alliance Fran\u00e7aise avec votre bicyclette en moins de 10 minutes.<\/p>\n<p>&nbsp;<\/p>\n<blockquote><p><strong>Central Park<\/strong><\/p><\/blockquote>\n<p>Pas besoin d\u2019aller \u00e0 New-York pour prendre quelques minutes -ou heures- au milieu de Central Park. A l\u2019entr\u00e9e du Glebe, au centre d\u2019Ottawa, le parc Central s\u2019\u00e9tend de chaque c\u00f4t\u00e9 de la rue Bank, et offre de grands espaces de verdure. Situ\u00e9 \u00e0 1 kilom\u00e8tre de l\u2019Alliance Fran\u00e7aise Ottawa, c\u2019est un lieu id\u00e9al pour r\u00e9viser avant d\u2019aller en cours. Vous respirerez la douceur des fleurs estivales et pourrez r\u00e9viser les couleurs, en fran\u00e7ais, en observant chaque d\u00e9tail.<\/p>\n<p>&nbsp;<\/p>\n<blockquote><p><strong>Parc du mus\u00e9e de la Nature <\/strong><\/p><\/blockquote>\n<p>\u00c0 moins de 10 minutes \u00e0 pied de l\u2019Alliance Fran\u00e7aise Ottawa, le parc du mus\u00e9e de la Nature est id\u00e9al pour r\u00e9viser ses cours de fran\u00e7ais. Vous pourrez vous asseoir sur les tables ou sur le sol, \u00e0 l\u2019ombre ou au soleil, pour r\u00e9viser dans les dispositions qui vous conviennent le plus. Pour un cours \u00e0 18h00, partez du parc \u00e0 17h40 et vous arriverez \u00e0 l\u2019Alliance Fran\u00e7aise \u00e0 l\u2019heure !<\/p>\n","protected":false},"excerpt":{"rendered":"<p>&nbsp; Un mois de mai sous le signe de la biodiversit\u00e9 Le 22 mai, comme chaque ann\u00e9e, correspond \u00e0 la journ\u00e9e mondiale de la biodiversit\u00e9. \u00ab\u00a0La biodiversit\u00e9 d\u00e9signe l\u2019ensemble des \u00eatres vivants ainsi que les \u00e9cosyst\u00e8mes dans lesquels ils vivent. Ce terme comprend \u00e9galement les interactions des esp\u00e8ces entre elles et avec leurs milieux.\u00a0\u00bb (OFB&#8230;<\/p>\n<p><a class=\"button invert-primary\" href=\"https:\/\/af.ca\/ottawa\/5-endroits-en-pleine-nature-pour-reviser-a-ottawa\/\">En savoir plus<\/a><\/p>\n","protected":false},"author":3,"featured_media":0,"parent":0,"menu_order":39,"comment_status":"closed","ping_status":"closed","template":"","meta":{"_acf_changed":false,"om_disable_all_campaigns":false,"_monsterinsights_skip_tracking":false,"_monsterinsights_sitenote_active":false,"_monsterinsights_sitenote_note":"","_monsterinsights_sitenote_category":0,"footnotes":""},"class_list":["post-21930","page","type-page","status-publish","hentry"],"acf":[],"yoast_head":"<!-- This site is optimized with the Yoast SEO plugin v27.4 - https:\/\/yoast.com\/product\/yoast-seo-wordpress\/ -->\n<title>5 endroits en pleine nature pour r\u00e9viser \u00e0 Ottawa - Alliance Fran\u00e7aise Ottawa<\/title>\n<meta name=\"description\" content=\"Nous vous proposons 5 endroits en pleine nature pour r\u00e9viser vos conjugaisons, le vocabulaire et les exceptions de la langue fran\u00e7aise\u00a0!\" \/>\n<meta name=\"robots\" content=\"index, follow, max-snippet:-1, max-image-preview:large, max-video-preview:-1\" \/>\n<link rel=\"canonical\" href=\"https:\/\/af.ca\/ottawa\/5-endroits-en-pleine-nature-pour-reviser-a-ottawa\/\" \/>\n<meta property=\"og:locale\" content=\"fr_FR\" \/>\n<meta property=\"og:type\" content=\"article\" \/>\n<meta property=\"og:title\" content=\"5 endroits en pleine nature pour r\u00e9viser \u00e0 Ottawa\" \/>\n<meta property=\"og:description\" content=\"Nous vous proposons 5 endroits en pleine nature pour r\u00e9viser vos conjugaisons, le vocabulaire et les exceptions de la langue fran\u00e7aise\u00a0!\" \/>\n<meta property=\"og:url\" content=\"https:\/\/af.ca\/ottawa\/5-endroits-en-pleine-nature-pour-reviser-a-ottawa\/\" \/>\n<meta property=\"og:site_name\" content=\"Alliance Fran\u00e7aise Ottawa\" \/>\n<meta property=\"og:image\" content=\"https:\/\/af.ca\/ottawa\/wp-content\/uploads\/2024\/05\/Biodiversite-revision-mai-2024-1024x576.png\" \/>\n\t<meta property=\"og:image:width\" content=\"1024\" \/>\n\t<meta property=\"og:image:height\" content=\"576\" \/>\n\t<meta property=\"og:image:type\" content=\"image\/png\" \/>\n<meta name=\"twitter:card\" content=\"summary_large_image\" \/>\n<meta name=\"twitter:label1\" content=\"Dur\u00e9e de lecture estim\u00e9e\" \/>\n\t<meta name=\"twitter:data1\" content=\"4 minutes\" \/>\n<script type=\"application\/ld+json\" class=\"yoast-schema-graph\">{\"@context\":\"https:\\\/\\\/schema.org\",\"@graph\":[{\"@type\":\"WebPage\",\"@id\":\"https:\\\/\\\/af.ca\\\/ottawa\\\/5-endroits-en-pleine-nature-pour-reviser-a-ottawa\\\/\",\"url\":\"https:\\\/\\\/af.ca\\\/ottawa\\\/5-endroits-en-pleine-nature-pour-reviser-a-ottawa\\\/\",\"name\":\"5 endroits en pleine nature pour r\u00e9viser \u00e0 Ottawa - Alliance Fran\u00e7aise Ottawa\",\"isPartOf\":{\"@id\":\"https:\\\/\\\/af.ca\\\/ottawa\\\/#website\"},\"primaryImageOfPage\":{\"@id\":\"https:\\\/\\\/af.ca\\\/ottawa\\\/5-endroits-en-pleine-nature-pour-reviser-a-ottawa\\\/#primaryimage\"},\"image\":{\"@id\":\"https:\\\/\\\/af.ca\\\/ottawa\\\/5-endroits-en-pleine-nature-pour-reviser-a-ottawa\\\/#primaryimage\"},\"thumbnailUrl\":\"https:\\\/\\\/af.ca\\\/ottawa\\\/wp-content\\\/uploads\\\/2024\\\/05\\\/Biodiversite-revision-mai-2024-300x169.png\",\"datePublished\":\"2024-05-17T15:48:34+00:00\",\"description\":\"Nous vous proposons 5 endroits en pleine nature pour r\u00e9viser vos conjugaisons, le vocabulaire et les exceptions de la langue fran\u00e7aise\u00a0!\",\"breadcrumb\":{\"@id\":\"https:\\\/\\\/af.ca\\\/ottawa\\\/5-endroits-en-pleine-nature-pour-reviser-a-ottawa\\\/#breadcrumb\"},\"inLanguage\":\"fr-FR\",\"potentialAction\":[{\"@type\":\"ReadAction\",\"target\":[\"https:\\\/\\\/af.ca\\\/ottawa\\\/5-endroits-en-pleine-nature-pour-reviser-a-ottawa\\\/\"]}]},{\"@type\":\"ImageObject\",\"inLanguage\":\"fr-FR\",\"@id\":\"https:\\\/\\\/af.ca\\\/ottawa\\\/5-endroits-en-pleine-nature-pour-reviser-a-ottawa\\\/#primaryimage\",\"url\":\"https:\\\/\\\/af.ca\\\/ottawa\\\/wp-content\\\/uploads\\\/2024\\\/05\\\/Biodiversite-revision-mai-2024.png\",\"contentUrl\":\"https:\\\/\\\/af.ca\\\/ottawa\\\/wp-content\\\/uploads\\\/2024\\\/05\\\/Biodiversite-revision-mai-2024.png\",\"width\":1920,\"height\":1080},{\"@type\":\"BreadcrumbList\",\"@id\":\"https:\\\/\\\/af.ca\\\/ottawa\\\/5-endroits-en-pleine-nature-pour-reviser-a-ottawa\\\/#breadcrumb\",\"itemListElement\":[{\"@type\":\"ListItem\",\"position\":1,\"name\":\"Home\",\"item\":\"https:\\\/\\\/af.ca\\\/ottawa\\\/\"},{\"@type\":\"ListItem\",\"position\":2,\"name\":\"5 endroits en pleine nature pour r\u00e9viser \u00e0 Ottawa\"}]},{\"@type\":\"WebSite\",\"@id\":\"https:\\\/\\\/af.ca\\\/ottawa\\\/#website\",\"url\":\"https:\\\/\\\/af.ca\\\/ottawa\\\/\",\"name\":\"Alliance Fran\u00e7aise Ottawa\",\"description\":\"\u00c9cole de langue fran\u00e7aise et centre culturel\",\"potentialAction\":[{\"@type\":\"SearchAction\",\"target\":{\"@type\":\"EntryPoint\",\"urlTemplate\":\"https:\\\/\\\/af.ca\\\/ottawa\\\/?s={search_term_string}\"},\"query-input\":{\"@type\":\"PropertyValueSpecification\",\"valueRequired\":true,\"valueName\":\"search_term_string\"}}],\"inLanguage\":\"fr-FR\"}]}<\/script>\n<!-- \/ Yoast SEO plugin. -->","yoast_head_json":{"title":"5 endroits en pleine nature pour r\u00e9viser \u00e0 Ottawa - Alliance Fran\u00e7aise Ottawa","description":"Nous vous proposons 5 endroits en pleine nature pour r\u00e9viser vos conjugaisons, le vocabulaire et les exceptions de la langue fran\u00e7aise\u00a0!","robots":{"index":"index","follow":"follow","max-snippet":"max-snippet:-1","max-image-preview":"max-image-preview:large","max-video-preview":"max-video-preview:-1"},"canonical":"https:\/\/af.ca\/ottawa\/5-endroits-en-pleine-nature-pour-reviser-a-ottawa\/","og_locale":"fr_FR","og_type":"article","og_title":"5 endroits en pleine nature pour r\u00e9viser \u00e0 Ottawa","og_description":"Nous vous proposons 5 endroits en pleine nature pour r\u00e9viser vos conjugaisons, le vocabulaire et les exceptions de la langue fran\u00e7aise\u00a0!","og_url":"https:\/\/af.ca\/ottawa\/5-endroits-en-pleine-nature-pour-reviser-a-ottawa\/","og_site_name":"Alliance Fran\u00e7aise Ottawa","og_image":[{"width":1024,"height":576,"url":"https:\/\/af.ca\/ottawa\/wp-content\/uploads\/2024\/05\/Biodiversite-revision-mai-2024-1024x576.png","type":"image\/png"}],"twitter_card":"summary_large_image","twitter_misc":{"Dur\u00e9e de lecture estim\u00e9e":"4 minutes"},"schema":{"@context":"https:\/\/schema.org","@graph":[{"@type":"WebPage","@id":"https:\/\/af.ca\/ottawa\/5-endroits-en-pleine-nature-pour-reviser-a-ottawa\/","url":"https:\/\/af.ca\/ottawa\/5-endroits-en-pleine-nature-pour-reviser-a-ottawa\/","name":"5 endroits en pleine nature pour r\u00e9viser \u00e0 Ottawa - Alliance Fran\u00e7aise Ottawa","isPartOf":{"@id":"https:\/\/af.ca\/ottawa\/#website"},"primaryImageOfPage":{"@id":"https:\/\/af.ca\/ottawa\/5-endroits-en-pleine-nature-pour-reviser-a-ottawa\/#primaryimage"},"image":{"@id":"https:\/\/af.ca\/ottawa\/5-endroits-en-pleine-nature-pour-reviser-a-ottawa\/#primaryimage"},"thumbnailUrl":"https:\/\/af.ca\/ottawa\/wp-content\/uploads\/2024\/05\/Biodiversite-revision-mai-2024-300x169.png","datePublished":"2024-05-17T15:48:34+00:00","description":"Nous vous proposons 5 endroits en pleine nature pour r\u00e9viser vos conjugaisons, le vocabulaire et les exceptions de la langue fran\u00e7aise\u00a0!","breadcrumb":{"@id":"https:\/\/af.ca\/ottawa\/5-endroits-en-pleine-nature-pour-reviser-a-ottawa\/#breadcrumb"},"inLanguage":"fr-FR","potentialAction":[{"@type":"ReadAction","target":["https:\/\/af.ca\/ottawa\/5-endroits-en-pleine-nature-pour-reviser-a-ottawa\/"]}]},{"@type":"ImageObject","inLanguage":"fr-FR","@id":"https:\/\/af.ca\/ottawa\/5-endroits-en-pleine-nature-pour-reviser-a-ottawa\/#primaryimage","url":"https:\/\/af.ca\/ottawa\/wp-content\/uploads\/2024\/05\/Biodiversite-revision-mai-2024.png","contentUrl":"https:\/\/af.ca\/ottawa\/wp-content\/uploads\/2024\/05\/Biodiversite-revision-mai-2024.png","width":1920,"height":1080},{"@type":"BreadcrumbList","@id":"https:\/\/af.ca\/ottawa\/5-endroits-en-pleine-nature-pour-reviser-a-ottawa\/#breadcrumb","itemListElement":[{"@type":"ListItem","position":1,"name":"Home","item":"https:\/\/af.ca\/ottawa\/"},{"@type":"ListItem","position":2,"name":"5 endroits en pleine nature pour r\u00e9viser \u00e0 Ottawa"}]},{"@type":"WebSite","@id":"https:\/\/af.ca\/ottawa\/#website","url":"https:\/\/af.ca\/ottawa\/","name":"Alliance Fran\u00e7aise Ottawa","description":"\u00c9cole de langue fran\u00e7aise et centre culturel","potentialAction":[{"@type":"SearchAction","target":{"@type":"EntryPoint","urlTemplate":"https:\/\/af.ca\/ottawa\/?s={search_term_string}"},"query-input":{"@type":"PropertyValueSpecification","valueRequired":true,"valueName":"search_term_string"}}],"inLanguage":"fr-FR"}]}},"blog_post_layout_featured_media_urls":{"thumbnail":"","full":""},"categories_names":null,"comments_number":"0","_links":{"self":[{"href":"https:\/\/af.ca\/ottawa\/wp-json\/wp\/v2\/pages\/21930","targetHints":{"allow":["GET"]}}],"collection":[{"href":"https:\/\/af.ca\/ottawa\/wp-json\/wp\/v2\/pages"}],"about":[{"href":"https:\/\/af.ca\/ottawa\/wp-json\/wp\/v2\/types\/page"}],"author":[{"embeddable":true,"href":"https:\/\/af.ca\/ottawa\/wp-json\/wp\/v2\/users\/3"}],"replies":[{"embeddable":true,"href":"https:\/\/af.ca\/ottawa\/wp-json\/wp\/v2\/comments?post=21930"}],"version-history":[{"count":0,"href":"https:\/\/af.ca\/ottawa\/wp-json\/wp\/v2\/pages\/21930\/revisions"}],"wp:attachment":[{"href":"https:\/\/af.ca\/ottawa\/wp-json\/wp\/v2\/media?parent=21930"}],"curies":[{"name":"wp","href":"https:\/\/api.w.org\/{rel}","templated":true}]}}