{"id":21957,"date":"2024-05-22T12:29:50","date_gmt":"2024-05-22T16:29:50","guid":{"rendered":"https:\/\/af.ca\/ottawa\/?page_id=21957"},"modified":"2024-05-22T12:29:50","modified_gmt":"2024-05-22T16:29:50","slug":"fete-de-la-musique-2024","status":"publish","type":"page","link":"https:\/\/af.ca\/ottawa\/fete-de-la-musique-2024\/","title":{"rendered":"F\u00eate de la musique 2024"},"content":{"rendered":"<p>&nbsp;<\/p>\n<p><a href=\"https:\/\/af.ca\/ottawa\/wp-content\/uploads\/2024\/05\/Banniere-Fete-de-la-musique-2024-1.png\"><img loading=\"lazy\" decoding=\"async\" class=\"alignnone  wp-image-21975\" src=\"https:\/\/af.ca\/ottawa\/wp-content\/uploads\/2024\/05\/Banniere-Fete-de-la-musique-2024-1-300x157.png\" alt=\"\" width=\"832\" height=\"435\" srcset=\"https:\/\/af.ca\/ottawa\/wp-content\/uploads\/2024\/05\/Banniere-Fete-de-la-musique-2024-1-300x157.png 300w, https:\/\/af.ca\/ottawa\/wp-content\/uploads\/2024\/05\/Banniere-Fete-de-la-musique-2024-1-1024x536.png 1024w, https:\/\/af.ca\/ottawa\/wp-content\/uploads\/2024\/05\/Banniere-Fete-de-la-musique-2024-1-768x402.png 768w, https:\/\/af.ca\/ottawa\/wp-content\/uploads\/2024\/05\/Banniere-Fete-de-la-musique-2024-1.png 1200w\" sizes=\"auto, (max-width: 832px) 100vw, 832px\" \/><\/a><\/p>\n<p>&nbsp;<\/p>\n<p>Pour la F\u00eate de la musique 2024, retrouvez-nous au bar mythique Le Minotaure pour un concert inoubliable de Walter Astral et Michelle &amp; Les Gar\u00e7ons. Plongez dans un univers pop psych\u00e9d\u00e9lique, atypique et explosif pour c\u00e9l\u00e9brer la musique et le d\u00e9but de l\u2019\u00e9t\u00e9 !<\/p>\n<p>&nbsp;<\/p>\n<p>\ud83d\udccdAu Bar Minotaure &#8211; 3 rue Kent, Gatineau, QC, Canada<br \/>\n\ud83d\uddd3 Le samedi 22 juin 2024<br \/>\n\ud83d\udd57 Ouverture des portes 19h \/ D\u00e9but du concert : 20h00-20h30<br \/>\n\ud83d\udcb223,08$<\/p>\n<p>&nbsp;<\/p>\n<p><a href=\"https:\/\/lepointdevente.com\/billets\/mti240516001\/?ref=https%3A%2F%2Fl.facebook.com%2F\"><img loading=\"lazy\" decoding=\"async\" class=\"alignnone wp-image-18690\" src=\"https:\/\/af.ca\/ottawa\/wp-content\/uploads\/2022\/08\/Bouton-site-internet-fr-300x47.png\" alt=\"\" width=\"479\" height=\"75\" srcset=\"https:\/\/af.ca\/ottawa\/wp-content\/uploads\/2022\/08\/Bouton-site-internet-fr-300x47.png 300w, https:\/\/af.ca\/ottawa\/wp-content\/uploads\/2022\/08\/Bouton-site-internet-fr-768x120.png 768w, https:\/\/af.ca\/ottawa\/wp-content\/uploads\/2022\/08\/Bouton-site-internet-fr.png 827w\" sizes=\"auto, (max-width: 479px) 100vw, 479px\" \/><\/a><\/p>\n<p>&nbsp;<\/p>\n<h3><strong>WALTER ASTRAL<\/strong><\/h3>\n<p><a href=\"https:\/\/af.ca\/ottawa\/wp-content\/uploads\/2024\/05\/000054420002_HD_credit_Diane_Sagnier-scaled.jpg\"><img loading=\"lazy\" decoding=\"async\" class=\"alignnone wp-image-21962\" src=\"https:\/\/af.ca\/ottawa\/wp-content\/uploads\/2024\/05\/000054420002_HD_credit_Diane_Sagnier-300x199.jpg\" alt=\"\" width=\"552\" height=\"366\" srcset=\"https:\/\/af.ca\/ottawa\/wp-content\/uploads\/2024\/05\/000054420002_HD_credit_Diane_Sagnier-300x199.jpg 300w, https:\/\/af.ca\/ottawa\/wp-content\/uploads\/2024\/05\/000054420002_HD_credit_Diane_Sagnier-1024x679.jpg 1024w, https:\/\/af.ca\/ottawa\/wp-content\/uploads\/2024\/05\/000054420002_HD_credit_Diane_Sagnier-768x509.jpg 768w, https:\/\/af.ca\/ottawa\/wp-content\/uploads\/2024\/05\/000054420002_HD_credit_Diane_Sagnier-1536x1019.jpg 1536w, https:\/\/af.ca\/ottawa\/wp-content\/uploads\/2024\/05\/000054420002_HD_credit_Diane_Sagnier-2048x1358.jpg 2048w\" sizes=\"auto, (max-width: 552px) 100vw, 552px\" \/><\/a><\/p>\n<p>Walter Astral c\u2019est le duo que forment Tristan Thomas aussi connu sous le nom de Zaspero et capitaine chez Ovhal 44, et Tino Gelli le chanteur de Polycool. Leur deux mondes musicaux a priori \u00e9loign\u00e9s vouent le m\u00eame culte pour l\u2019onirisme et l\u2019absurde et s&rsquo;harmonisent dans leurs transes mystiques.<\/p>\n<p>La musique de Walter Astral, c\u2019est la rencontre de la pop psych\u00e9d\u00e9lique avec l\u2019univers de la techno, de l\u2019acid et de la house. Les drum machines et les basses acid de Tristan se m\u00e9langent avec le son r\u00e9tro de la guitare de Tino et d\u2019un banjo si vieux qu\u2019il procure des quarts de tons, tel un saz.<br \/>\nLeur style musical hybride trouve ses influences chez King gizzard and the lizard wizard, Flavien Berger, Altin gun et Mehmet Aslan.<\/p>\n<p>Ils ont r\u00e9alis\u00e9 et mix\u00e9 leur premier EP dans l\u2019ancienne maison d\u2019un ermite pr\u00e8s de Sancerre dans le Berry, au coin du feu. Chaque chanson incarne un des quatre \u00e9l\u00e9ments naturels et pr\u00e9sente l\u2019humain face \u00e0 la nature qui l\u2019entoure.<\/p>\n<p>&nbsp;<\/p>\n<blockquote><p>\u00ab\u00a0D\u00e8s la premi\u00e8re \u00e9coute de Le Feu, leur nouveau single sign\u00e9 sous le nom de Walter Astral, vous comprendrez que pop psych\u00e9 et techno peuvent dans certains cas, faire tr\u00e8s bon m\u00e9nage.\u00a0\u00bb <strong>Les Inrockuptibles<\/strong><\/p>\n<p>\u00ab\u00a0C\u00f4t\u00e9 Club, le rendez-vous de toute la sc\u00e8ne fran\u00e7aise et plus si affinit\u00e9s re\u00e7oit The P\u00e9n\u00e9lopes &amp; Nathalie Baye pour leur album \u00ab\u00a0Life is Long\u00a0\u00bb et Walter Astral pour son Ep entre pop psych\u00e9d\u00e9lique et techno. Bienvenue au Club !\u00a0\u00bb\u00a0 <strong>France Inter<\/strong><\/p>\n<p>\u00ab\u00a0Mirage \u00bb nous emm\u00e8ne dans le d\u00e9sert, un bon pr\u00e9texte pour les deux musiciens de nous parler d\u2019hallucinations sous fond de m\u00e9lodies charmeuses qui ne sont pas loin de nous envouter.\u201d <strong>Radio Nova<\/strong><\/p><\/blockquote>\n<p>&nbsp;<\/p>\n<p><a href=\"https:\/\/www.youtube.com\/watch?v=wGqAjtZ2MtU\"><img loading=\"lazy\" decoding=\"async\" class=\"alignnone wp-image-21964\" src=\"https:\/\/af.ca\/ottawa\/wp-content\/uploads\/2024\/05\/Walter-astral-youtube-screenshot-300x167.png\" alt=\"\" width=\"653\" height=\"363\" srcset=\"https:\/\/af.ca\/ottawa\/wp-content\/uploads\/2024\/05\/Walter-astral-youtube-screenshot-300x167.png 300w, https:\/\/af.ca\/ottawa\/wp-content\/uploads\/2024\/05\/Walter-astral-youtube-screenshot-768x427.png 768w, https:\/\/af.ca\/ottawa\/wp-content\/uploads\/2024\/05\/Walter-astral-youtube-screenshot.png 810w\" sizes=\"auto, (max-width: 653px) 100vw, 653px\" \/><\/a><\/p>\n<p>&nbsp;<\/p>\n<h3><strong>MICHELLE &amp; LES GAR<b>\u00c7<\/b>ONS<\/strong><\/h3>\n<p><a href=\"https:\/\/af.ca\/ottawa\/wp-content\/uploads\/2024\/05\/michelle-et-les-garcons-95-1200x800-1.jpg\"><img loading=\"lazy\" decoding=\"async\" class=\"alignnone wp-image-21968\" src=\"https:\/\/af.ca\/ottawa\/wp-content\/uploads\/2024\/05\/michelle-et-les-garcons-95-1200x800-1-300x200.jpg\" alt=\"\" width=\"561\" height=\"374\" srcset=\"https:\/\/af.ca\/ottawa\/wp-content\/uploads\/2024\/05\/michelle-et-les-garcons-95-1200x800-1-300x200.jpg 300w, https:\/\/af.ca\/ottawa\/wp-content\/uploads\/2024\/05\/michelle-et-les-garcons-95-1200x800-1-1024x683.jpg 1024w, https:\/\/af.ca\/ottawa\/wp-content\/uploads\/2024\/05\/michelle-et-les-garcons-95-1200x800-1-768x512.jpg 768w, https:\/\/af.ca\/ottawa\/wp-content\/uploads\/2024\/05\/michelle-et-les-garcons-95-1200x800-1.jpg 1200w\" sizes=\"auto, (max-width: 561px) 100vw, 561px\" \/><\/a><\/p>\n<p>Bizarre, vous avez dit bizarre ?<\/p>\n<p>Dans le manoir de Michelle &amp; Les Gar\u00e7ons, il y a une pop aux couleurs plurielles : la chaleur des roses profonds, la m\u00e9lancolie des bleus ti\u00e8des. On y danse sur les lumi\u00e8res des ann\u00e9es 80, les ombres des sentiments flirtent avec des corps avides de sensations et des visages paillet\u00e9s.<\/p>\n<p>Apr\u00e8s une entr\u00e9e en trombe sur la sc\u00e8ne fran\u00e7aise, avec comme seul \u00e9tendard leur premier single \u201cBizarre\u201d \u00e0 l\u2019automne 2022, le groupe encha\u00eene des concerts br\u00fblants et \u00e9crit les premi\u00e8res pages de son aventure (France 3, Radio France, MaMA, Bars en Trans\u2026), en passant par leur premier EP d\u00e9voil\u00e9 le 28 avril 2023.<\/p>\n<p>Il fallait donc bien un titre digne de ce nom pour annoncer un nouveau single apr\u00e8s un an de tourn\u00e9e nationale : c\u2019est avec \u201cRevoir Le Monde\u201d, intense alliance d\u2019un rock incisif et de claviers 80\u2019s, que le trio renouvelle ses promesses avec brio en mars 2024.<\/p>\n<p>&nbsp;<\/p>\n<blockquote><p>\u00ab\u00a0Par\u00e9 de rivi\u00e8res de diamants \u00e9ternels, Michelle &amp; Les Gar\u00e7ons crie l&rsquo;urgence de vivre avec \u00e9clat et, comme rien n&rsquo;est trop beau pour c\u00e9l\u00e9brer la vie, la saupoudre encore de paillettes. Si vous trouvez cela bizarre, essayez aussi pour voir !\u00a0\u00bb <strong>RadioFrance<\/strong><\/p>\n<p>\u00ab\u00a0Ne voyez aucun rapport au fameux sitcom fran\u00e7ais des ann\u00e9es 1990, s&rsquo;il vous plait. Michelle &amp; Les Gar\u00e7ons poss\u00e8de tous les atouts pour incarner le futur de la pop fran\u00e7ais avec leur monde qui n&rsquo;en finit pas de nous ensorceler.\u00a0\u00bb <strong>Les Oreilles Curieuses<\/strong><\/p>\n<p>\u00ab\u00a0La pop du trio est tout \u00e0 fait originale, elle nous entra\u00eene et nous fait penser parfois aux Rita Mitsouko dans la voix et dans l&rsquo;\u00e9nergie.\u00a0\u00bb <strong>Maze<\/strong><\/p><\/blockquote>\n<p>&nbsp;<\/p>\n<p><a href=\"https:\/\/www.youtube.com\/watch?v=4S8vVR0cPJQ\"><img loading=\"lazy\" decoding=\"async\" class=\"alignnone  wp-image-21972\" src=\"https:\/\/af.ca\/ottawa\/wp-content\/uploads\/2024\/05\/youtube-screenshot-michelle-les-garcons-300x167.png\" alt=\"\" width=\"650\" height=\"362\" srcset=\"https:\/\/af.ca\/ottawa\/wp-content\/uploads\/2024\/05\/youtube-screenshot-michelle-les-garcons-300x167.png 300w, https:\/\/af.ca\/ottawa\/wp-content\/uploads\/2024\/05\/youtube-screenshot-michelle-les-garcons-768x427.png 768w, https:\/\/af.ca\/ottawa\/wp-content\/uploads\/2024\/05\/youtube-screenshot-michelle-les-garcons.png 810w\" sizes=\"auto, (max-width: 650px) 100vw, 650px\" \/><\/a><\/p>\n","protected":false},"excerpt":{"rendered":"<p>&nbsp; &nbsp; Pour la F\u00eate de la musique 2024, retrouvez-nous au bar mythique Le Minotaure pour un concert inoubliable de Walter Astral et Michelle &amp; Les Gar\u00e7ons. Plongez dans un univers pop psych\u00e9d\u00e9lique, atypique et explosif pour c\u00e9l\u00e9brer la musique et le d\u00e9but de l\u2019\u00e9t\u00e9 ! &nbsp; \ud83d\udccdAu Bar Minotaure &#8211; 3 rue Kent, Gatineau,&#8230;<\/p>\n<p><a class=\"button invert-primary\" href=\"https:\/\/af.ca\/ottawa\/fete-de-la-musique-2024\/\">En savoir plus<\/a><\/p>\n","protected":false},"author":3,"featured_media":0,"parent":0,"menu_order":36,"comment_status":"closed","ping_status":"closed","template":"","meta":{"_acf_changed":false,"om_disable_all_campaigns":false,"_monsterinsights_skip_tracking":false,"_monsterinsights_sitenote_active":false,"_monsterinsights_sitenote_note":"","_monsterinsights_sitenote_category":0,"footnotes":""},"class_list":["post-21957","page","type-page","status-publish","hentry"],"acf":[],"yoast_head":"<!-- This site is optimized with the Yoast SEO plugin v27.3 - https:\/\/yoast.com\/product\/yoast-seo-wordpress\/ -->\n<title>F\u00eate de la musique 2024 - Alliance Fran\u00e7aise Ottawa<\/title>\n<meta name=\"description\" content=\"Pour la F\u00eate de la musique 2024, retrouvez-nous au bar mythique Le Minotaure pour un concert inoubliable de Walter Astral et Michelle &amp; Les Gar\u00e7ons.\" \/>\n<meta name=\"robots\" content=\"index, follow, max-snippet:-1, max-image-preview:large, max-video-preview:-1\" \/>\n<link rel=\"canonical\" href=\"https:\/\/af.ca\/ottawa\/fete-de-la-musique-2024\/\" \/>\n<meta property=\"og:locale\" content=\"fr_FR\" \/>\n<meta property=\"og:type\" content=\"article\" \/>\n<meta property=\"og:title\" content=\"F\u00eate de la musique 2024\" \/>\n<meta property=\"og:description\" content=\"Pour la F\u00eate de la musique 2024, retrouvez-nous au bar mythique Le Minotaure pour un concert inoubliable de Walter Astral et Michelle &amp; Les Gar\u00e7ons.\" \/>\n<meta property=\"og:url\" content=\"https:\/\/af.ca\/ottawa\/fete-de-la-musique-2024\/\" \/>\n<meta property=\"og:site_name\" content=\"Alliance Fran\u00e7aise Ottawa\" \/>\n<meta property=\"og:image\" content=\"https:\/\/af.ca\/ottawa\/wp-content\/uploads\/2024\/05\/Fete-de-la-musique-2024-visuel-768x768.png\" \/>\n\t<meta property=\"og:image:width\" content=\"768\" \/>\n\t<meta property=\"og:image:height\" content=\"768\" \/>\n\t<meta property=\"og:image:type\" content=\"image\/png\" \/>\n<meta name=\"twitter:card\" content=\"summary_large_image\" \/>\n<meta name=\"twitter:label1\" content=\"Dur\u00e9e de lecture estim\u00e9e\" \/>\n\t<meta name=\"twitter:data1\" content=\"3 minutes\" \/>\n<script type=\"application\/ld+json\" class=\"yoast-schema-graph\">{\"@context\":\"https:\\\/\\\/schema.org\",\"@graph\":[{\"@type\":\"WebPage\",\"@id\":\"https:\\\/\\\/af.ca\\\/ottawa\\\/fete-de-la-musique-2024\\\/\",\"url\":\"https:\\\/\\\/af.ca\\\/ottawa\\\/fete-de-la-musique-2024\\\/\",\"name\":\"F\u00eate de la musique 2024 - Alliance Fran\u00e7aise Ottawa\",\"isPartOf\":{\"@id\":\"https:\\\/\\\/af.ca\\\/ottawa\\\/#website\"},\"primaryImageOfPage\":{\"@id\":\"https:\\\/\\\/af.ca\\\/ottawa\\\/fete-de-la-musique-2024\\\/#primaryimage\"},\"image\":{\"@id\":\"https:\\\/\\\/af.ca\\\/ottawa\\\/fete-de-la-musique-2024\\\/#primaryimage\"},\"thumbnailUrl\":\"https:\\\/\\\/af.ca\\\/ottawa\\\/wp-content\\\/uploads\\\/2024\\\/05\\\/Banniere-Fete-de-la-musique-2024-1-300x157.png\",\"datePublished\":\"2024-05-22T16:29:50+00:00\",\"description\":\"Pour la F\u00eate de la musique 2024, retrouvez-nous au bar mythique Le Minotaure pour un concert inoubliable de Walter Astral et Michelle & Les Gar\u00e7ons.\",\"breadcrumb\":{\"@id\":\"https:\\\/\\\/af.ca\\\/ottawa\\\/fete-de-la-musique-2024\\\/#breadcrumb\"},\"inLanguage\":\"fr-FR\",\"potentialAction\":[{\"@type\":\"ReadAction\",\"target\":[\"https:\\\/\\\/af.ca\\\/ottawa\\\/fete-de-la-musique-2024\\\/\"]}]},{\"@type\":\"ImageObject\",\"inLanguage\":\"fr-FR\",\"@id\":\"https:\\\/\\\/af.ca\\\/ottawa\\\/fete-de-la-musique-2024\\\/#primaryimage\",\"url\":\"https:\\\/\\\/af.ca\\\/ottawa\\\/wp-content\\\/uploads\\\/2024\\\/05\\\/Banniere-Fete-de-la-musique-2024-1.png\",\"contentUrl\":\"https:\\\/\\\/af.ca\\\/ottawa\\\/wp-content\\\/uploads\\\/2024\\\/05\\\/Banniere-Fete-de-la-musique-2024-1.png\",\"width\":1200,\"height\":628},{\"@type\":\"BreadcrumbList\",\"@id\":\"https:\\\/\\\/af.ca\\\/ottawa\\\/fete-de-la-musique-2024\\\/#breadcrumb\",\"itemListElement\":[{\"@type\":\"ListItem\",\"position\":1,\"name\":\"Home\",\"item\":\"https:\\\/\\\/af.ca\\\/ottawa\\\/\"},{\"@type\":\"ListItem\",\"position\":2,\"name\":\"F\u00eate de la musique 2024\"}]},{\"@type\":\"WebSite\",\"@id\":\"https:\\\/\\\/af.ca\\\/ottawa\\\/#website\",\"url\":\"https:\\\/\\\/af.ca\\\/ottawa\\\/\",\"name\":\"Alliance Fran\u00e7aise Ottawa\",\"description\":\"\u00c9cole de langue fran\u00e7aise et centre culturel\",\"potentialAction\":[{\"@type\":\"SearchAction\",\"target\":{\"@type\":\"EntryPoint\",\"urlTemplate\":\"https:\\\/\\\/af.ca\\\/ottawa\\\/?s={search_term_string}\"},\"query-input\":{\"@type\":\"PropertyValueSpecification\",\"valueRequired\":true,\"valueName\":\"search_term_string\"}}],\"inLanguage\":\"fr-FR\"}]}<\/script>\n<!-- \/ Yoast SEO plugin. -->","yoast_head_json":{"title":"F\u00eate de la musique 2024 - Alliance Fran\u00e7aise Ottawa","description":"Pour la F\u00eate de la musique 2024, retrouvez-nous au bar mythique Le Minotaure pour un concert inoubliable de Walter Astral et Michelle & Les Gar\u00e7ons.","robots":{"index":"index","follow":"follow","max-snippet":"max-snippet:-1","max-image-preview":"max-image-preview:large","max-video-preview":"max-video-preview:-1"},"canonical":"https:\/\/af.ca\/ottawa\/fete-de-la-musique-2024\/","og_locale":"fr_FR","og_type":"article","og_title":"F\u00eate de la musique 2024","og_description":"Pour la F\u00eate de la musique 2024, retrouvez-nous au bar mythique Le Minotaure pour un concert inoubliable de Walter Astral et Michelle & Les Gar\u00e7ons.","og_url":"https:\/\/af.ca\/ottawa\/fete-de-la-musique-2024\/","og_site_name":"Alliance Fran\u00e7aise Ottawa","og_image":[{"width":768,"height":768,"url":"https:\/\/af.ca\/ottawa\/wp-content\/uploads\/2024\/05\/Fete-de-la-musique-2024-visuel-768x768.png","type":"image\/png"}],"twitter_card":"summary_large_image","twitter_misc":{"Dur\u00e9e de lecture estim\u00e9e":"3 minutes"},"schema":{"@context":"https:\/\/schema.org","@graph":[{"@type":"WebPage","@id":"https:\/\/af.ca\/ottawa\/fete-de-la-musique-2024\/","url":"https:\/\/af.ca\/ottawa\/fete-de-la-musique-2024\/","name":"F\u00eate de la musique 2024 - Alliance Fran\u00e7aise Ottawa","isPartOf":{"@id":"https:\/\/af.ca\/ottawa\/#website"},"primaryImageOfPage":{"@id":"https:\/\/af.ca\/ottawa\/fete-de-la-musique-2024\/#primaryimage"},"image":{"@id":"https:\/\/af.ca\/ottawa\/fete-de-la-musique-2024\/#primaryimage"},"thumbnailUrl":"https:\/\/af.ca\/ottawa\/wp-content\/uploads\/2024\/05\/Banniere-Fete-de-la-musique-2024-1-300x157.png","datePublished":"2024-05-22T16:29:50+00:00","description":"Pour la F\u00eate de la musique 2024, retrouvez-nous au bar mythique Le Minotaure pour un concert inoubliable de Walter Astral et Michelle & Les Gar\u00e7ons.","breadcrumb":{"@id":"https:\/\/af.ca\/ottawa\/fete-de-la-musique-2024\/#breadcrumb"},"inLanguage":"fr-FR","potentialAction":[{"@type":"ReadAction","target":["https:\/\/af.ca\/ottawa\/fete-de-la-musique-2024\/"]}]},{"@type":"ImageObject","inLanguage":"fr-FR","@id":"https:\/\/af.ca\/ottawa\/fete-de-la-musique-2024\/#primaryimage","url":"https:\/\/af.ca\/ottawa\/wp-content\/uploads\/2024\/05\/Banniere-Fete-de-la-musique-2024-1.png","contentUrl":"https:\/\/af.ca\/ottawa\/wp-content\/uploads\/2024\/05\/Banniere-Fete-de-la-musique-2024-1.png","width":1200,"height":628},{"@type":"BreadcrumbList","@id":"https:\/\/af.ca\/ottawa\/fete-de-la-musique-2024\/#breadcrumb","itemListElement":[{"@type":"ListItem","position":1,"name":"Home","item":"https:\/\/af.ca\/ottawa\/"},{"@type":"ListItem","position":2,"name":"F\u00eate de la musique 2024"}]},{"@type":"WebSite","@id":"https:\/\/af.ca\/ottawa\/#website","url":"https:\/\/af.ca\/ottawa\/","name":"Alliance Fran\u00e7aise Ottawa","description":"\u00c9cole de langue fran\u00e7aise et centre culturel","potentialAction":[{"@type":"SearchAction","target":{"@type":"EntryPoint","urlTemplate":"https:\/\/af.ca\/ottawa\/?s={search_term_string}"},"query-input":{"@type":"PropertyValueSpecification","valueRequired":true,"valueName":"search_term_string"}}],"inLanguage":"fr-FR"}]}},"blog_post_layout_featured_media_urls":{"thumbnail":"","full":""},"categories_names":null,"comments_number":"0","_links":{"self":[{"href":"https:\/\/af.ca\/ottawa\/wp-json\/wp\/v2\/pages\/21957","targetHints":{"allow":["GET"]}}],"collection":[{"href":"https:\/\/af.ca\/ottawa\/wp-json\/wp\/v2\/pages"}],"about":[{"href":"https:\/\/af.ca\/ottawa\/wp-json\/wp\/v2\/types\/page"}],"author":[{"embeddable":true,"href":"https:\/\/af.ca\/ottawa\/wp-json\/wp\/v2\/users\/3"}],"replies":[{"embeddable":true,"href":"https:\/\/af.ca\/ottawa\/wp-json\/wp\/v2\/comments?post=21957"}],"version-history":[{"count":0,"href":"https:\/\/af.ca\/ottawa\/wp-json\/wp\/v2\/pages\/21957\/revisions"}],"wp:attachment":[{"href":"https:\/\/af.ca\/ottawa\/wp-json\/wp\/v2\/media?parent=21957"}],"curies":[{"name":"wp","href":"https:\/\/api.w.org\/{rel}","templated":true}]}}