{"id":22021,"date":"2024-05-27T16:58:49","date_gmt":"2024-05-27T20:58:49","guid":{"rendered":"https:\/\/af.ca\/ottawa\/?page_id=22021"},"modified":"2025-02-06T16:28:29","modified_gmt":"2025-02-06T21:28:29","slug":"tester-le-niveau-de-francais-de-vos-employes","status":"publish","type":"page","link":"https:\/\/af.ca\/ottawa\/tester-le-niveau-de-francais-de-vos-employes\/","title":{"rendered":"Tester le niveau de fran\u00e7ais de vos employ\u00e9s"},"content":{"rendered":"<p><a href=\"https:\/\/af.ca\/ottawa\/wp-content\/uploads\/2024\/05\/image-employes-test-de-niveau-scaled.jpg\"><img loading=\"lazy\" decoding=\"async\" class=\"alignnone wp-image-22022\" src=\"https:\/\/af.ca\/ottawa\/wp-content\/uploads\/2024\/05\/image-employes-test-de-niveau-300x200.jpg\" alt=\"\" width=\"647\" height=\"431\" srcset=\"https:\/\/af.ca\/ottawa\/wp-content\/uploads\/2024\/05\/image-employes-test-de-niveau-300x200.jpg 300w, https:\/\/af.ca\/ottawa\/wp-content\/uploads\/2024\/05\/image-employes-test-de-niveau-1024x683.jpg 1024w, https:\/\/af.ca\/ottawa\/wp-content\/uploads\/2024\/05\/image-employes-test-de-niveau-768x512.jpg 768w, https:\/\/af.ca\/ottawa\/wp-content\/uploads\/2024\/05\/image-employes-test-de-niveau-1536x1024.jpg 1536w, https:\/\/af.ca\/ottawa\/wp-content\/uploads\/2024\/05\/image-employes-test-de-niveau-2048x1365.jpg 2048w\" sizes=\"auto, (max-width: 647px) 100vw, 647px\" \/><\/a><\/p>\n<p>&nbsp;<\/p>\n<p><b><span data-contrast=\"auto\">\u00c9valuez les comp\u00e9tences linguistiques de vos employ\u00e9s avec notre test de niveau\u00a0<\/span><\/b><span data-ccp-props=\"{&quot;201341983&quot;:0,&quot;335551550&quot;:6,&quot;335551620&quot;:6,&quot;335559739&quot;:160,&quot;335559740&quot;:360}\">\u00a0<\/span><\/p>\n<p><span data-contrast=\"auto\">Vous cherchez \u00e0 d\u00e9terminer le niveau de fran\u00e7ais de votre \u00e9quipe ? Vous menez des entretiens d&#8217;embauche et souhaitez \u00e9valuer le niveau linguistique des candidats ?\u00a0<\/span><span data-ccp-props=\"{&quot;201341983&quot;:0,&quot;335551550&quot;:6,&quot;335551620&quot;:6,&quot;335559739&quot;:160,&quot;335559740&quot;:360}\">\u00a0<\/span><\/p>\n<p><span data-contrast=\"auto\">Notre test de niveau est sp\u00e9cialement con\u00e7u pour r\u00e9pondre \u00e0 vos besoins.<\/span><span data-ccp-props=\"{&quot;201341983&quot;:0,&quot;335551550&quot;:6,&quot;335551620&quot;:6,&quot;335559739&quot;:160,&quot;335559740&quot;:360}\">\u00a0<\/span><\/p>\n<p><span data-contrast=\"auto\">Ce processus d&rsquo;\u00e9valuation se d\u00e9roule en deux phases: tout d&rsquo;abord, un test en ligne est propos\u00e9 pour \u00e9valuer la <\/span><span data-contrast=\"none\">compr\u00e9hension orale, la compr\u00e9hension \u00e9crite, la grammaire et le lexique)<\/span><span data-contrast=\"auto\">. Puis, un entretien t\u00e9l\u00e9phonique ax\u00e9 sur des questions professionnelles sp\u00e9cifiques, administr\u00e9 par l&rsquo;un de nos professeurs agr\u00e9\u00e9s, \u00e9valuera l&rsquo;expression orale.<\/span><span data-ccp-props=\"{&quot;201341983&quot;:0,&quot;335551550&quot;:6,&quot;335551620&quot;:6,&quot;335559739&quot;:160,&quot;335559740&quot;:360}\">\u00a0<\/span><\/p>\n<p><span data-contrast=\"auto\">Choisissez notre test de niveau pour obtenir un aper\u00e7u pr\u00e9cis des comp\u00e9tences linguistiques de vos collaborateurs et candidats potentiels. Notre approche professionnelle vous permettra de prendre des d\u00e9cisions \u00e9clair\u00e9es pour votre \u00e9quipe et votre entreprise.<\/span><span data-ccp-props=\"{&quot;201341983&quot;:0,&quot;335551550&quot;:6,&quot;335551620&quot;:6,&quot;335559739&quot;:160,&quot;335559740&quot;:360}\">\u00a0<\/span><\/p>\n<p><span data-contrast=\"auto\">Obtenez une attestation de niveau pour 30 CA$, ou optez pour un rapport d\u00e9taill\u00e9 pour 50 CA$.<\/span><span data-ccp-props=\"{&quot;201341983&quot;:0,&quot;335551550&quot;:6,&quot;335551620&quot;:6,&quot;335559739&quot;:160,&quot;335559740&quot;:360}\">\u00a0<\/span><\/p>\n","protected":false},"excerpt":{"rendered":"<p>&nbsp; \u00c9valuez les comp\u00e9tences linguistiques de vos employ\u00e9s avec notre test de niveau\u00a0\u00a0 Vous cherchez \u00e0 d\u00e9terminer le niveau de fran\u00e7ais de votre \u00e9quipe ? Vous menez des entretiens d&#8217;embauche et souhaitez \u00e9valuer le niveau linguistique des candidats ?\u00a0\u00a0 Notre test de niveau est sp\u00e9cialement con\u00e7u pour r\u00e9pondre \u00e0 vos besoins.\u00a0 Ce processus d&rsquo;\u00e9valuation se&#8230;<\/p>\n<p><a class=\"button invert-primary\" href=\"https:\/\/af.ca\/ottawa\/tester-le-niveau-de-francais-de-vos-employes\/\">En savoir plus<\/a><\/p>\n","protected":false},"author":3,"featured_media":0,"parent":0,"menu_order":33,"comment_status":"closed","ping_status":"closed","template":"","meta":{"_acf_changed":false,"om_disable_all_campaigns":false,"_monsterinsights_skip_tracking":false,"_monsterinsights_sitenote_active":false,"_monsterinsights_sitenote_note":"","_monsterinsights_sitenote_category":0,"footnotes":""},"class_list":["post-22021","page","type-page","status-publish","hentry"],"acf":[],"yoast_head":"<!-- This site is optimized with the Yoast SEO plugin v27.3 - https:\/\/yoast.com\/product\/yoast-seo-wordpress\/ -->\n<title>Tester le niveau de fran\u00e7ais de vos employ\u00e9s - Alliance Fran\u00e7aise Ottawa<\/title>\n<meta name=\"description\" content=\"Choisissez notre test de niveau pour obtenir un aper\u00e7u pr\u00e9cis des comp\u00e9tences linguistiques de vos collaborateurs et candidats potentiels.\u00a0\" \/>\n<meta name=\"robots\" content=\"index, follow, max-snippet:-1, max-image-preview:large, max-video-preview:-1\" \/>\n<link rel=\"canonical\" href=\"https:\/\/af.ca\/ottawa\/tester-le-niveau-de-francais-de-vos-employes\/\" \/>\n<meta property=\"og:locale\" content=\"fr_FR\" \/>\n<meta property=\"og:type\" content=\"article\" \/>\n<meta property=\"og:title\" content=\"\u202fTester le niveau de fran\u00e7ais de vos employ\u00e9s\" \/>\n<meta property=\"og:description\" content=\"Choisissez notre test de niveau pour obtenir un aper\u00e7u pr\u00e9cis des comp\u00e9tences linguistiques de vos collaborateurs et candidats potentiels.\" \/>\n<meta property=\"og:url\" content=\"https:\/\/af.ca\/ottawa\/tester-le-niveau-de-francais-de-vos-employes\/\" \/>\n<meta property=\"og:site_name\" content=\"Alliance Fran\u00e7aise Ottawa\" \/>\n<meta property=\"article:modified_time\" content=\"2025-02-06T21:28:29+00:00\" \/>\n<meta property=\"og:image\" content=\"https:\/\/af.ca\/ottawa\/wp-content\/uploads\/2024\/05\/image-employes-test-de-niveau-scaled.jpg\" \/>\n\t<meta property=\"og:image:width\" content=\"2560\" \/>\n\t<meta property=\"og:image:height\" content=\"1707\" \/>\n\t<meta property=\"og:image:type\" content=\"image\/jpeg\" \/>\n<meta name=\"twitter:card\" content=\"summary_large_image\" \/>\n<meta name=\"twitter:label1\" content=\"Dur\u00e9e de lecture estim\u00e9e\" \/>\n\t<meta name=\"twitter:data1\" content=\"1 minute\" \/>\n<script type=\"application\/ld+json\" class=\"yoast-schema-graph\">{\"@context\":\"https:\\\/\\\/schema.org\",\"@graph\":[{\"@type\":\"WebPage\",\"@id\":\"https:\\\/\\\/af.ca\\\/ottawa\\\/tester-le-niveau-de-francais-de-vos-employes\\\/\",\"url\":\"https:\\\/\\\/af.ca\\\/ottawa\\\/tester-le-niveau-de-francais-de-vos-employes\\\/\",\"name\":\"Tester le niveau de fran\u00e7ais de vos employ\u00e9s - Alliance Fran\u00e7aise Ottawa\",\"isPartOf\":{\"@id\":\"https:\\\/\\\/af.ca\\\/ottawa\\\/#website\"},\"primaryImageOfPage\":{\"@id\":\"https:\\\/\\\/af.ca\\\/ottawa\\\/tester-le-niveau-de-francais-de-vos-employes\\\/#primaryimage\"},\"image\":{\"@id\":\"https:\\\/\\\/af.ca\\\/ottawa\\\/tester-le-niveau-de-francais-de-vos-employes\\\/#primaryimage\"},\"thumbnailUrl\":\"https:\\\/\\\/af.ca\\\/ottawa\\\/wp-content\\\/uploads\\\/2024\\\/05\\\/image-employes-test-de-niveau-300x200.jpg\",\"datePublished\":\"2024-05-27T20:58:49+00:00\",\"dateModified\":\"2025-02-06T21:28:29+00:00\",\"description\":\"Choisissez notre test de niveau pour obtenir un aper\u00e7u pr\u00e9cis des comp\u00e9tences linguistiques de vos collaborateurs et candidats potentiels.\u00a0\",\"breadcrumb\":{\"@id\":\"https:\\\/\\\/af.ca\\\/ottawa\\\/tester-le-niveau-de-francais-de-vos-employes\\\/#breadcrumb\"},\"inLanguage\":\"fr-FR\",\"potentialAction\":[{\"@type\":\"ReadAction\",\"target\":[\"https:\\\/\\\/af.ca\\\/ottawa\\\/tester-le-niveau-de-francais-de-vos-employes\\\/\"]}]},{\"@type\":\"ImageObject\",\"inLanguage\":\"fr-FR\",\"@id\":\"https:\\\/\\\/af.ca\\\/ottawa\\\/tester-le-niveau-de-francais-de-vos-employes\\\/#primaryimage\",\"url\":\"https:\\\/\\\/af.ca\\\/ottawa\\\/wp-content\\\/uploads\\\/2024\\\/05\\\/image-employes-test-de-niveau-scaled.jpg\",\"contentUrl\":\"https:\\\/\\\/af.ca\\\/ottawa\\\/wp-content\\\/uploads\\\/2024\\\/05\\\/image-employes-test-de-niveau-scaled.jpg\",\"width\":2560,\"height\":1707},{\"@type\":\"BreadcrumbList\",\"@id\":\"https:\\\/\\\/af.ca\\\/ottawa\\\/tester-le-niveau-de-francais-de-vos-employes\\\/#breadcrumb\",\"itemListElement\":[{\"@type\":\"ListItem\",\"position\":1,\"name\":\"Home\",\"item\":\"https:\\\/\\\/af.ca\\\/ottawa\\\/\"},{\"@type\":\"ListItem\",\"position\":2,\"name\":\"Tester le niveau de fran\u00e7ais de vos employ\u00e9s\"}]},{\"@type\":\"WebSite\",\"@id\":\"https:\\\/\\\/af.ca\\\/ottawa\\\/#website\",\"url\":\"https:\\\/\\\/af.ca\\\/ottawa\\\/\",\"name\":\"Alliance Fran\u00e7aise Ottawa\",\"description\":\"\u00c9cole de langue fran\u00e7aise et centre culturel\",\"potentialAction\":[{\"@type\":\"SearchAction\",\"target\":{\"@type\":\"EntryPoint\",\"urlTemplate\":\"https:\\\/\\\/af.ca\\\/ottawa\\\/?s={search_term_string}\"},\"query-input\":{\"@type\":\"PropertyValueSpecification\",\"valueRequired\":true,\"valueName\":\"search_term_string\"}}],\"inLanguage\":\"fr-FR\"}]}<\/script>\n<!-- \/ Yoast SEO plugin. -->","yoast_head_json":{"title":"Tester le niveau de fran\u00e7ais de vos employ\u00e9s - Alliance Fran\u00e7aise Ottawa","description":"Choisissez notre test de niveau pour obtenir un aper\u00e7u pr\u00e9cis des comp\u00e9tences linguistiques de vos collaborateurs et candidats potentiels.\u00a0","robots":{"index":"index","follow":"follow","max-snippet":"max-snippet:-1","max-image-preview":"max-image-preview:large","max-video-preview":"max-video-preview:-1"},"canonical":"https:\/\/af.ca\/ottawa\/tester-le-niveau-de-francais-de-vos-employes\/","og_locale":"fr_FR","og_type":"article","og_title":"\u202fTester le niveau de fran\u00e7ais de vos employ\u00e9s","og_description":"Choisissez notre test de niveau pour obtenir un aper\u00e7u pr\u00e9cis des comp\u00e9tences linguistiques de vos collaborateurs et candidats potentiels.","og_url":"https:\/\/af.ca\/ottawa\/tester-le-niveau-de-francais-de-vos-employes\/","og_site_name":"Alliance Fran\u00e7aise Ottawa","article_modified_time":"2025-02-06T21:28:29+00:00","og_image":[{"width":2560,"height":1707,"url":"https:\/\/af.ca\/ottawa\/wp-content\/uploads\/2024\/05\/image-employes-test-de-niveau-scaled.jpg","type":"image\/jpeg"}],"twitter_card":"summary_large_image","twitter_misc":{"Dur\u00e9e de lecture estim\u00e9e":"1 minute"},"schema":{"@context":"https:\/\/schema.org","@graph":[{"@type":"WebPage","@id":"https:\/\/af.ca\/ottawa\/tester-le-niveau-de-francais-de-vos-employes\/","url":"https:\/\/af.ca\/ottawa\/tester-le-niveau-de-francais-de-vos-employes\/","name":"Tester le niveau de fran\u00e7ais de vos employ\u00e9s - Alliance Fran\u00e7aise Ottawa","isPartOf":{"@id":"https:\/\/af.ca\/ottawa\/#website"},"primaryImageOfPage":{"@id":"https:\/\/af.ca\/ottawa\/tester-le-niveau-de-francais-de-vos-employes\/#primaryimage"},"image":{"@id":"https:\/\/af.ca\/ottawa\/tester-le-niveau-de-francais-de-vos-employes\/#primaryimage"},"thumbnailUrl":"https:\/\/af.ca\/ottawa\/wp-content\/uploads\/2024\/05\/image-employes-test-de-niveau-300x200.jpg","datePublished":"2024-05-27T20:58:49+00:00","dateModified":"2025-02-06T21:28:29+00:00","description":"Choisissez notre test de niveau pour obtenir un aper\u00e7u pr\u00e9cis des comp\u00e9tences linguistiques de vos collaborateurs et candidats potentiels.\u00a0","breadcrumb":{"@id":"https:\/\/af.ca\/ottawa\/tester-le-niveau-de-francais-de-vos-employes\/#breadcrumb"},"inLanguage":"fr-FR","potentialAction":[{"@type":"ReadAction","target":["https:\/\/af.ca\/ottawa\/tester-le-niveau-de-francais-de-vos-employes\/"]}]},{"@type":"ImageObject","inLanguage":"fr-FR","@id":"https:\/\/af.ca\/ottawa\/tester-le-niveau-de-francais-de-vos-employes\/#primaryimage","url":"https:\/\/af.ca\/ottawa\/wp-content\/uploads\/2024\/05\/image-employes-test-de-niveau-scaled.jpg","contentUrl":"https:\/\/af.ca\/ottawa\/wp-content\/uploads\/2024\/05\/image-employes-test-de-niveau-scaled.jpg","width":2560,"height":1707},{"@type":"BreadcrumbList","@id":"https:\/\/af.ca\/ottawa\/tester-le-niveau-de-francais-de-vos-employes\/#breadcrumb","itemListElement":[{"@type":"ListItem","position":1,"name":"Home","item":"https:\/\/af.ca\/ottawa\/"},{"@type":"ListItem","position":2,"name":"Tester le niveau de fran\u00e7ais de vos employ\u00e9s"}]},{"@type":"WebSite","@id":"https:\/\/af.ca\/ottawa\/#website","url":"https:\/\/af.ca\/ottawa\/","name":"Alliance Fran\u00e7aise Ottawa","description":"\u00c9cole de langue fran\u00e7aise et centre culturel","potentialAction":[{"@type":"SearchAction","target":{"@type":"EntryPoint","urlTemplate":"https:\/\/af.ca\/ottawa\/?s={search_term_string}"},"query-input":{"@type":"PropertyValueSpecification","valueRequired":true,"valueName":"search_term_string"}}],"inLanguage":"fr-FR"}]}},"blog_post_layout_featured_media_urls":{"thumbnail":"","full":""},"categories_names":null,"comments_number":"0","_links":{"self":[{"href":"https:\/\/af.ca\/ottawa\/wp-json\/wp\/v2\/pages\/22021","targetHints":{"allow":["GET"]}}],"collection":[{"href":"https:\/\/af.ca\/ottawa\/wp-json\/wp\/v2\/pages"}],"about":[{"href":"https:\/\/af.ca\/ottawa\/wp-json\/wp\/v2\/types\/page"}],"author":[{"embeddable":true,"href":"https:\/\/af.ca\/ottawa\/wp-json\/wp\/v2\/users\/3"}],"replies":[{"embeddable":true,"href":"https:\/\/af.ca\/ottawa\/wp-json\/wp\/v2\/comments?post=22021"}],"version-history":[{"count":3,"href":"https:\/\/af.ca\/ottawa\/wp-json\/wp\/v2\/pages\/22021\/revisions"}],"predecessor-version":[{"id":23394,"href":"https:\/\/af.ca\/ottawa\/wp-json\/wp\/v2\/pages\/22021\/revisions\/23394"}],"wp:attachment":[{"href":"https:\/\/af.ca\/ottawa\/wp-json\/wp\/v2\/media?parent=22021"}],"curies":[{"name":"wp","href":"https:\/\/api.w.org\/{rel}","templated":true}]}}