{"id":22056,"date":"2024-06-27T12:42:13","date_gmt":"2024-06-27T16:42:13","guid":{"rendered":"https:\/\/af.ca\/ottawa\/?page_id=22056"},"modified":"2026-04-01T11:34:55","modified_gmt":"2026-04-01T15:34:55","slug":"cours-de-groupe-pour-enfants","status":"publish","type":"page","link":"https:\/\/af.ca\/ottawa\/cours-de-groupe-pour-enfants\/","title":{"rendered":"Cours de groupe pour enfants"},"content":{"rendered":"<p>&nbsp;<\/p>\n<p><a href=\"https:\/\/af.ca\/ottawa\/wp-content\/uploads\/2024\/06\/Image-principale.png\"><img loading=\"lazy\" decoding=\"async\" class=\"alignnone wp-image-22148\" src=\"https:\/\/af.ca\/ottawa\/wp-content\/uploads\/2024\/06\/Image-principale-300x169.png\" alt=\"\" width=\"1031\" height=\"581\" srcset=\"https:\/\/af.ca\/ottawa\/wp-content\/uploads\/2024\/06\/Image-principale-300x169.png 300w, https:\/\/af.ca\/ottawa\/wp-content\/uploads\/2024\/06\/Image-principale-1024x576.png 1024w, https:\/\/af.ca\/ottawa\/wp-content\/uploads\/2024\/06\/Image-principale-768x432.png 768w, https:\/\/af.ca\/ottawa\/wp-content\/uploads\/2024\/06\/Image-principale-1536x864.png 1536w, https:\/\/af.ca\/ottawa\/wp-content\/uploads\/2024\/06\/Image-principale.png 1920w\" sizes=\"auto, (max-width: 1031px) 100vw, 1031px\" \/><\/a><\/p>\n<p><a href=\"https:\/\/af.ca\/ottawa\/wp-content\/uploads\/2026\/01\/FR-KIDS.png\"><img loading=\"lazy\" decoding=\"async\" class=\"alignnone wp-image-24691\" src=\"https:\/\/af.ca\/ottawa\/wp-content\/uploads\/2026\/01\/FR-KIDS-300x111.png\" alt=\"\" width=\"1032\" height=\"382\" srcset=\"https:\/\/af.ca\/ottawa\/wp-content\/uploads\/2026\/01\/FR-KIDS-300x111.png 300w, https:\/\/af.ca\/ottawa\/wp-content\/uploads\/2026\/01\/FR-KIDS-768x284.png 768w, https:\/\/af.ca\/ottawa\/wp-content\/uploads\/2026\/01\/FR-KIDS.png 851w\" sizes=\"auto, (max-width: 1032px) 100vw, 1032px\" \/><\/a><\/p>\n<p><span style=\"color: #ff0000;\"><a style=\"color: #ff0000;\" href=\"https:\/\/af.ca\/ottawa\/wp-content\/uploads\/2026\/04\/Calendrier-BLOSSOM-KIDS-2026.pdf\"><strong>CALENDRIER DE LA SESSION BLOSSOM KIDS<\/strong><\/a><\/span><\/p>\n<p><span style=\"color: #ff0000;\"><strong>La session BLOSSOM 2026 :\u00a0 du 14 avril au 8 juillet<\/strong><\/span><\/p>\n<p>&nbsp;<\/p>\n<h2><strong>Nos cours enfants (de 7 \u00e0 11 ans)\u00a0<\/strong><\/h2>\n<p>&nbsp;<\/p>\n<p><span data-contrast=\"auto\">\u00c0 l\u2019Alliance Fran\u00e7aise Ottawa, nous sommes convaincus que l&rsquo;apprentissage devrait \u00eatre une <\/span><span data-contrast=\"auto\">aventure<\/span><span data-contrast=\"auto\"> enrichissante et passionnante pour nos jeunes apprenants. C&rsquo;est pourquoi nous avons con\u00e7u des cours de fran\u00e7ais interactifs, amusants et stimulants qui allient l&rsquo;enseignement traditionnel \u00e0 des activit\u00e9s cr\u00e9atives.<\/span><span data-ccp-props=\"{&quot;201341983&quot;:0,&quot;335559739&quot;:160,&quot;335559740&quot;:259}\">\u00a0<\/span><\/p>\n<p><span data-contrast=\"none\">Nous utilisons en classe le manuel <strong>Cap sur<\/strong>, sp\u00e9cialement con\u00e7u pour les enfants: il les accompagnera dans la d\u00e9couverte de la francophonie tout en rendant l&rsquo;apprentissage du fran\u00e7ais ludique et captivant.<\/span><span data-ccp-props=\"{&quot;201341983&quot;:0,&quot;335559739&quot;:160,&quot;335559740&quot;:259}\">\u00a0 \u00a0 \u00a0 \u00a0 \u00a0 \u00a0 \u00a0 \u00a0 \u00a0 \u00a0<\/span><span data-ccp-props=\"{&quot;201341983&quot;:0,&quot;335559739&quot;:160,&quot;335559740&quot;:259}\">\u00a0 \u00a0 \u00a0 \u00a0 \u00a0 \u00a0 \u00a0 \u00a0 \u00a0 \u00a0 \u00a0 \u00a0 \u00a0 \u00a0 \u00a0 \u00a0 \u00a0 \u00a0 \u00a0 \u00a0 \u00a0 \u00a0 \u00a0 \u00a0 \u00a0 \u00a0 \u00a0 \u00a0 \u00a0 \u00a0 \u00a0 \u00a0 \u00a0 \u00a0 \u00a0 \u00a0 \u00a0 \u00a0 \u00a0 \u00a0 \u00a0 \u00a0 \u00a0 \u00a0 \u00a0 \u00a0 \u00a0 \u00a0 \u00a0 \u00a0 \u00a0 \u00a0 \u00a0 \u00a0 \u00a0 \u00a0 \u00a0 \u00a0 \u00a0 \u00a0 \u00a0 \u00a0 \u00a0 \u00a0 \u00a0 \u00a0 \u00a0 \u00a0 \u00a0 \u00a0\u00a0\u00a0 \u00a0 \u00a0 \u00a0 \u00a0 \u00a0 \u00a0 \u00a0 \u00a0 \u00a0 \u00a0 \u00a0 \u00a0 \u00a0 \u00a0 \u00a0 \u00a0 \u00a0 \u00a0 \u00a0 \u00a0 \u00a0 \u00a0 \u00a0 \u00a0 \u00a0 \u00a0 \u00a0 \u00a0 \u00a0 \u00a0 \u00a0 \u00a0 \u00a0\u00a0<\/span><span data-ccp-props=\"{&quot;201341983&quot;:0,&quot;335559739&quot;:160,&quot;335559740&quot;:259}\">\u00a0 \u00a0 \u00a0\u00a0 \u00a0 \u00a0 \u00a0 \u00a0 \u00a0\u00a0<\/span><\/p>\n<h2><b>Un projet fil rouge pour une aventure inoubliable<\/b><\/h2>\n<p>&nbsp;<\/p>\n<p><span data-contrast=\"auto\">Au c\u0153ur de notre approche p\u00e9dagogique se trouve notre projet fil rouge. Tout au long de la session, vos enfants seront plong\u00e9s dans une <\/span><span data-contrast=\"auto\">aventure <\/span><span data-contrast=\"auto\">captivante o\u00f9 ils auront l&rsquo;opportunit\u00e9 de mettre en pratique tout ce qu&rsquo;ils apprennent. Ensemble, ils cr\u00e9eront leur propre livre d&rsquo;histoire, en utilisant leur imagination d\u00e9bordante et les connaissances acquises en classe. De la conception des personnages \u00e0 l&rsquo;\u00e9laboration de l&rsquo;intrigue, chaque \u00e9tape sera une occasion pour eux de s&rsquo;\u00e9panouir et de d\u00e9velopper leurs comp\u00e9tences linguistiques.<\/span><span data-ccp-props=\"{&quot;201341983&quot;:0,&quot;335559739&quot;:160,&quot;335559740&quot;:259}\">\u00a0<\/span><\/p>\n<p><span data-ccp-props=\"{&quot;201341983&quot;:0,&quot;335559739&quot;:160,&quot;335559740&quot;:259}\">\u00a0 \u00a0 \u00a0 \u00a0 \u00a0 \u00a0 \u00a0 \u00a0 \u00a0 \u00a0 \u00a0 \u00a0 \u00a0 \u00a0 \u00a0 \u00a0 \u00a0 \u00a0 \u00a0 \u00a0 \u00a0 \u00a0 \u00a0 \u00a0 \u00a0 \u00a0 \u00a0 \u00a0 \u00a0 \u00a0<\/span><\/p>\n<h2><b>Cr\u00e9er, \u00e9crire, et publier leur propre livre \u00e9lectronique<\/b><\/h2>\n<p>&nbsp;<\/p>\n<p><span data-contrast=\"auto\">\u00c0 la fin de la session, vos enfants auront accompli quelque chose de v\u00e9ritablement remarquable : leur propre livre \u00e9lectronique, fruit de leur travail acharn\u00e9 et de leur cr\u00e9ativit\u00e9 d\u00e9bordante. Ce livre d&rsquo;histoire sera bien plus qu&rsquo;un simple souvenir de leur parcours \u00e0 l\u2019Alliance Fran\u00e7aise Ottawa ; il sera le t\u00e9moignage tangible de leur capacit\u00e9 \u00e0 apprendre, \u00e0 cr\u00e9er et \u00e0 s&rsquo;\u00e9panouir.<\/span><span data-ccp-props=\"{&quot;201341983&quot;:0,&quot;335559739&quot;:160,&quot;335559740&quot;:259}\">\u00a0<\/span><\/p>\n<p>&nbsp;<\/p>\n<p><a href=\"https:\/\/af.ca\/ottawa\/wp-content\/uploads\/2024\/06\/Image-livre-electronique.png\"><img loading=\"lazy\" decoding=\"async\" class=\"alignnone wp-image-22086\" src=\"https:\/\/af.ca\/ottawa\/wp-content\/uploads\/2024\/06\/Image-livre-electronique-300x169.png\" alt=\"\" width=\"730\" height=\"411\" srcset=\"https:\/\/af.ca\/ottawa\/wp-content\/uploads\/2024\/06\/Image-livre-electronique-300x169.png 300w, https:\/\/af.ca\/ottawa\/wp-content\/uploads\/2024\/06\/Image-livre-electronique-1024x576.png 1024w, https:\/\/af.ca\/ottawa\/wp-content\/uploads\/2024\/06\/Image-livre-electronique-768x432.png 768w, https:\/\/af.ca\/ottawa\/wp-content\/uploads\/2024\/06\/Image-livre-electronique-1536x864.png 1536w, https:\/\/af.ca\/ottawa\/wp-content\/uploads\/2024\/06\/Image-livre-electronique.png 1920w\" sizes=\"auto, (max-width: 730px) 100vw, 730px\" \/><\/a><\/p>\n<p>&nbsp;<\/p>\n<p><span data-contrast=\"auto\">Nous sommes impatients d&rsquo;accueillir vos enfants dans notre programme et de les voir grandir, apprendre et s&rsquo;\u00e9panouir. Rejoignez-nous dans cette <\/span><span data-contrast=\"auto\">aventure<\/span><span data-contrast=\"auto\"> extraordinaire o\u00f9 l&rsquo;apprentissage devient une source de joie et de fiert\u00e9 pour tous !<\/span><span data-ccp-props=\"{&quot;201341983&quot;:0,&quot;335559739&quot;:160,&quot;335559740&quot;:259}\">\u00a0<\/span><\/p>\n<p><span data-ccp-props=\"{&quot;201341983&quot;:0,&quot;335559739&quot;:160,&quot;335559740&quot;:259}\">\u00a0 \u00a0 \u00a0 \u00a0 \u00a0 \u00a0 \u00a0 \u00a0 \u00a0 \u00a0 \u00a0 \u00a0 \u00a0 \u00a0 \u00a0 \u00a0 \u00a0 \u00a0 \u00a0 \u00a0 \u00a0 \u00a0 \u00a0 \u00a0 \u00a0 \u00a0 \u00a0 \u00a0 \u00a0 \u00a0 \u00a0 \u00a0 \u00a0 \u00a0 \u00a0 \u00a0 \u00a0 \u00a0 \u00a0 \u00a0 \u00a0 \u00a0<a href=\"https:\/\/af.ca\/ottawa\/wp-content\/uploads\/2024\/06\/Bouton-Fil-rouge-1.png\"><img loading=\"lazy\" decoding=\"async\" class=\"alignnone wp-image-22083\" src=\"https:\/\/af.ca\/ottawa\/wp-content\/uploads\/2024\/06\/Bouton-Fil-rouge-1-300x300.png\" alt=\"\" width=\"152\" height=\"152\" srcset=\"https:\/\/af.ca\/ottawa\/wp-content\/uploads\/2024\/06\/Bouton-Fil-rouge-1-300x300.png 300w, https:\/\/af.ca\/ottawa\/wp-content\/uploads\/2024\/06\/Bouton-Fil-rouge-1-1024x1024.png 1024w, https:\/\/af.ca\/ottawa\/wp-content\/uploads\/2024\/06\/Bouton-Fil-rouge-1-150x150.png 150w, https:\/\/af.ca\/ottawa\/wp-content\/uploads\/2024\/06\/Bouton-Fil-rouge-1-768x768.png 768w, https:\/\/af.ca\/ottawa\/wp-content\/uploads\/2024\/06\/Bouton-Fil-rouge-1-125x125.png 125w, https:\/\/af.ca\/ottawa\/wp-content\/uploads\/2024\/06\/Bouton-Fil-rouge-1.png 1080w\" sizes=\"auto, (max-width: 152px) 100vw, 152px\" \/><\/a><\/span><\/p>\n<p><i><span data-contrast=\"auto\">A noter : Nos cours A1.1 Partie 1 sont sp\u00e9cialement con\u00e7us pour les enfants d\u00e9butants complets en fran\u00e7ais. Si votre enfant n&rsquo;a aucune exp\u00e9rience pr\u00e9alable dans la langue fran\u00e7aise, ce cours est parfait pour lui !<\/span><\/i><span data-ccp-props=\"{&quot;201341983&quot;:0,&quot;335559739&quot;:160,&quot;335559740&quot;:259}\">\u00a0<\/span><\/p>\n<p><span data-ccp-props=\"{&quot;201341983&quot;:0,&quot;335559739&quot;:160,&quot;335559740&quot;:259}\">\u00a0<\/span><\/p>\n<h3><strong><span style=\"text-decoration: underline;\">Test d\u2019orientation<\/span><\/strong><\/h3>\n<p><span data-contrast=\"auto\">Si votre enfant a d\u00e9j\u00e0 des bases en fran\u00e7ais, notre test d\u2019orientation est n\u00e9cessaire pour d\u00e9terminer le niveau appropri\u00e9 de cours. Ainsi, nous nous assurons qu&rsquo;il est plac\u00e9 dans le cours qui correspond le mieux \u00e0 ses besoins et \u00e0 son niveau de comp\u00e9tence.<\/span><\/p>\n<div class='kiosque-aec'><ngx-element\n selector='showProducts'\n data-product-type='21'\n data-etablishment-branch-id=''\n data-show-category-title=''\n data-lang='fr_FR'><\/ngx-element><\/div>\n<h3><span data-teams=\"true\">D\u00e8s que vous avez re\u00e7u les r\u00e9sultats de votre test, vous pouvez proc\u00e9der \u00e0 votre inscription.<\/span><\/h3>\n<h4><strong>D\u00c9COUVREZ NOS NIVEAUX :<\/strong><\/h4>\n<p>&nbsp;<\/p>\n<p><a href=\"https:\/\/af.ca\/ottawa\/a1-1-partie-1-2-et-3\/#\/\"><img loading=\"lazy\" decoding=\"async\" class=\"alignnone wp-image-22057\" src=\"https:\/\/af.ca\/ottawa\/wp-content\/uploads\/2024\/06\/Vignette-A1.1-Cours-pour-enfants-300x300.png\" alt=\"\" width=\"246\" height=\"246\" srcset=\"https:\/\/af.ca\/ottawa\/wp-content\/uploads\/2024\/06\/Vignette-A1.1-Cours-pour-enfants-300x300.png 300w, https:\/\/af.ca\/ottawa\/wp-content\/uploads\/2024\/06\/Vignette-A1.1-Cours-pour-enfants-1024x1024.png 1024w, https:\/\/af.ca\/ottawa\/wp-content\/uploads\/2024\/06\/Vignette-A1.1-Cours-pour-enfants-150x150.png 150w, https:\/\/af.ca\/ottawa\/wp-content\/uploads\/2024\/06\/Vignette-A1.1-Cours-pour-enfants-768x768.png 768w, https:\/\/af.ca\/ottawa\/wp-content\/uploads\/2024\/06\/Vignette-A1.1-Cours-pour-enfants-125x125.png 125w, https:\/\/af.ca\/ottawa\/wp-content\/uploads\/2024\/06\/Vignette-A1.1-Cours-pour-enfants.png 1080w\" sizes=\"auto, (max-width: 246px) 100vw, 246px\" \/><\/a>\u00a0 \u00a0 <a href=\"https:\/\/af.ca\/ottawa\/a1-2-partie-1-2-et-3\/#\/\"><img loading=\"lazy\" decoding=\"async\" class=\"alignnone wp-image-22059\" src=\"https:\/\/af.ca\/ottawa\/wp-content\/uploads\/2024\/06\/Vignette-A1.2-Cours-pour-enfants-300x300.png\" alt=\"\" width=\"246\" height=\"246\" srcset=\"https:\/\/af.ca\/ottawa\/wp-content\/uploads\/2024\/06\/Vignette-A1.2-Cours-pour-enfants-300x300.png 300w, https:\/\/af.ca\/ottawa\/wp-content\/uploads\/2024\/06\/Vignette-A1.2-Cours-pour-enfants-1024x1024.png 1024w, https:\/\/af.ca\/ottawa\/wp-content\/uploads\/2024\/06\/Vignette-A1.2-Cours-pour-enfants-150x150.png 150w, https:\/\/af.ca\/ottawa\/wp-content\/uploads\/2024\/06\/Vignette-A1.2-Cours-pour-enfants-768x768.png 768w, https:\/\/af.ca\/ottawa\/wp-content\/uploads\/2024\/06\/Vignette-A1.2-Cours-pour-enfants-125x125.png 125w, https:\/\/af.ca\/ottawa\/wp-content\/uploads\/2024\/06\/Vignette-A1.2-Cours-pour-enfants.png 1080w\" sizes=\"auto, (max-width: 246px) 100vw, 246px\" \/><\/a>\u00a0 \u00a0 <a href=\"https:\/\/af.ca\/ottawa\/a2-1-partie-1-2-et-3\/#\/\"><img loading=\"lazy\" decoding=\"async\" class=\"alignnone wp-image-22061\" src=\"https:\/\/af.ca\/ottawa\/wp-content\/uploads\/2024\/06\/Vignette-A2.1-cours-pour-enfants-300x300.png\" alt=\"\" width=\"246\" height=\"246\" srcset=\"https:\/\/af.ca\/ottawa\/wp-content\/uploads\/2024\/06\/Vignette-A2.1-cours-pour-enfants-300x300.png 300w, https:\/\/af.ca\/ottawa\/wp-content\/uploads\/2024\/06\/Vignette-A2.1-cours-pour-enfants-1024x1024.png 1024w, https:\/\/af.ca\/ottawa\/wp-content\/uploads\/2024\/06\/Vignette-A2.1-cours-pour-enfants-150x150.png 150w, https:\/\/af.ca\/ottawa\/wp-content\/uploads\/2024\/06\/Vignette-A2.1-cours-pour-enfants-768x768.png 768w, https:\/\/af.ca\/ottawa\/wp-content\/uploads\/2024\/06\/Vignette-A2.1-cours-pour-enfants-125x125.png 125w, https:\/\/af.ca\/ottawa\/wp-content\/uploads\/2024\/06\/Vignette-A2.1-cours-pour-enfants.png 1080w\" sizes=\"auto, (max-width: 246px) 100vw, 246px\" \/><\/a><\/p>\n","protected":false},"excerpt":{"rendered":"<p>&nbsp; CALENDRIER DE LA SESSION BLOSSOM KIDS La session BLOSSOM 2026 :\u00a0 du 14 avril au 8 juillet &nbsp; Nos cours enfants (de 7 \u00e0 11 ans)\u00a0 &nbsp; \u00c0 l\u2019Alliance Fran\u00e7aise Ottawa, nous sommes convaincus que l&rsquo;apprentissage devrait \u00eatre une aventure enrichissante et passionnante pour nos jeunes apprenants. C&rsquo;est pourquoi nous avons con\u00e7u des cours&#8230;<\/p>\n<p><a class=\"button invert-primary\" href=\"https:\/\/af.ca\/ottawa\/cours-de-groupe-pour-enfants\/\">En savoir plus<\/a><\/p>\n","protected":false},"author":3,"featured_media":0,"parent":0,"menu_order":24,"comment_status":"closed","ping_status":"closed","template":"templates\/cours.php","meta":{"_acf_changed":false,"om_disable_all_campaigns":false,"_monsterinsights_skip_tracking":false,"_monsterinsights_sitenote_active":false,"_monsterinsights_sitenote_note":"","_monsterinsights_sitenote_category":0,"footnotes":""},"class_list":["post-22056","page","type-page","status-publish","hentry"],"acf":[],"yoast_head":"<!-- This site is optimized with the Yoast SEO plugin v27.3 - https:\/\/yoast.com\/product\/yoast-seo-wordpress\/ -->\n<title>Cours de groupe pour enfants - Alliance Fran\u00e7aise Ottawa<\/title>\n<meta name=\"description\" content=\"Cours de fran\u00e7ais pour enfants interactifs, amusants et stimulants qui allient l&#039;enseignement traditionnel \u00e0 des activit\u00e9s cr\u00e9atives.\u00a0\" \/>\n<meta name=\"robots\" content=\"index, follow, max-snippet:-1, max-image-preview:large, max-video-preview:-1\" \/>\n<link rel=\"canonical\" href=\"https:\/\/af.ca\/ottawa\/cours-de-groupe-pour-enfants\/\" \/>\n<meta property=\"og:locale\" content=\"fr_FR\" \/>\n<meta property=\"og:type\" content=\"article\" \/>\n<meta property=\"og:title\" content=\"Cours de fran\u00e7ais pour enfants\" \/>\n<meta property=\"og:description\" content=\"Cours de fran\u00e7ais pour enfants interactifs, amusants et stimulants qui allient l&#039;enseignement traditionnel \u00e0 des activit\u00e9s cr\u00e9atives.\u00a0\" \/>\n<meta property=\"og:url\" content=\"https:\/\/af.ca\/ottawa\/cours-de-groupe-pour-enfants\/\" \/>\n<meta property=\"og:site_name\" content=\"Alliance Fran\u00e7aise Ottawa\" \/>\n<meta property=\"article:modified_time\" content=\"2026-04-01T15:34:55+00:00\" \/>\n<meta property=\"og:image\" content=\"https:\/\/af.ca\/ottawa\/wp-content\/uploads\/2024\/06\/Image-principale-1024x576.png\" \/>\n\t<meta property=\"og:image:width\" content=\"1024\" \/>\n\t<meta property=\"og:image:height\" content=\"576\" \/>\n\t<meta property=\"og:image:type\" content=\"image\/png\" \/>\n<meta name=\"twitter:card\" content=\"summary_large_image\" \/>\n<meta name=\"twitter:label1\" content=\"Dur\u00e9e de lecture estim\u00e9e\" \/>\n\t<meta name=\"twitter:data1\" content=\"4 minutes\" \/>\n<script type=\"application\/ld+json\" class=\"yoast-schema-graph\">{\"@context\":\"https:\\\/\\\/schema.org\",\"@graph\":[{\"@type\":\"WebPage\",\"@id\":\"https:\\\/\\\/af.ca\\\/ottawa\\\/cours-de-groupe-pour-enfants\\\/\",\"url\":\"https:\\\/\\\/af.ca\\\/ottawa\\\/cours-de-groupe-pour-enfants\\\/\",\"name\":\"Cours de groupe pour enfants - Alliance Fran\u00e7aise Ottawa\",\"isPartOf\":{\"@id\":\"https:\\\/\\\/af.ca\\\/ottawa\\\/#website\"},\"primaryImageOfPage\":{\"@id\":\"https:\\\/\\\/af.ca\\\/ottawa\\\/cours-de-groupe-pour-enfants\\\/#primaryimage\"},\"image\":{\"@id\":\"https:\\\/\\\/af.ca\\\/ottawa\\\/cours-de-groupe-pour-enfants\\\/#primaryimage\"},\"thumbnailUrl\":\"https:\\\/\\\/af.ca\\\/ottawa\\\/wp-content\\\/uploads\\\/2024\\\/06\\\/Image-principale-300x169.png\",\"datePublished\":\"2024-06-27T16:42:13+00:00\",\"dateModified\":\"2026-04-01T15:34:55+00:00\",\"description\":\"Cours de fran\u00e7ais pour enfants interactifs, amusants et stimulants qui allient l'enseignement traditionnel \u00e0 des activit\u00e9s cr\u00e9atives.\u00a0\",\"breadcrumb\":{\"@id\":\"https:\\\/\\\/af.ca\\\/ottawa\\\/cours-de-groupe-pour-enfants\\\/#breadcrumb\"},\"inLanguage\":\"fr-FR\",\"potentialAction\":[{\"@type\":\"ReadAction\",\"target\":[\"https:\\\/\\\/af.ca\\\/ottawa\\\/cours-de-groupe-pour-enfants\\\/\"]}]},{\"@type\":\"ImageObject\",\"inLanguage\":\"fr-FR\",\"@id\":\"https:\\\/\\\/af.ca\\\/ottawa\\\/cours-de-groupe-pour-enfants\\\/#primaryimage\",\"url\":\"https:\\\/\\\/af.ca\\\/ottawa\\\/wp-content\\\/uploads\\\/2024\\\/06\\\/Image-principale.png\",\"contentUrl\":\"https:\\\/\\\/af.ca\\\/ottawa\\\/wp-content\\\/uploads\\\/2024\\\/06\\\/Image-principale.png\",\"width\":1920,\"height\":1080},{\"@type\":\"BreadcrumbList\",\"@id\":\"https:\\\/\\\/af.ca\\\/ottawa\\\/cours-de-groupe-pour-enfants\\\/#breadcrumb\",\"itemListElement\":[{\"@type\":\"ListItem\",\"position\":1,\"name\":\"Home\",\"item\":\"https:\\\/\\\/af.ca\\\/ottawa\\\/\"},{\"@type\":\"ListItem\",\"position\":2,\"name\":\"Cours de groupe pour enfants\"}]},{\"@type\":\"WebSite\",\"@id\":\"https:\\\/\\\/af.ca\\\/ottawa\\\/#website\",\"url\":\"https:\\\/\\\/af.ca\\\/ottawa\\\/\",\"name\":\"Alliance Fran\u00e7aise Ottawa\",\"description\":\"\u00c9cole de langue fran\u00e7aise et centre culturel\",\"potentialAction\":[{\"@type\":\"SearchAction\",\"target\":{\"@type\":\"EntryPoint\",\"urlTemplate\":\"https:\\\/\\\/af.ca\\\/ottawa\\\/?s={search_term_string}\"},\"query-input\":{\"@type\":\"PropertyValueSpecification\",\"valueRequired\":true,\"valueName\":\"search_term_string\"}}],\"inLanguage\":\"fr-FR\"}]}<\/script>\n<!-- \/ Yoast SEO plugin. -->","yoast_head_json":{"title":"Cours de groupe pour enfants - Alliance Fran\u00e7aise Ottawa","description":"Cours de fran\u00e7ais pour enfants interactifs, amusants et stimulants qui allient l'enseignement traditionnel \u00e0 des activit\u00e9s cr\u00e9atives.\u00a0","robots":{"index":"index","follow":"follow","max-snippet":"max-snippet:-1","max-image-preview":"max-image-preview:large","max-video-preview":"max-video-preview:-1"},"canonical":"https:\/\/af.ca\/ottawa\/cours-de-groupe-pour-enfants\/","og_locale":"fr_FR","og_type":"article","og_title":"Cours de fran\u00e7ais pour enfants","og_description":"Cours de fran\u00e7ais pour enfants interactifs, amusants et stimulants qui allient l'enseignement traditionnel \u00e0 des activit\u00e9s cr\u00e9atives.\u00a0","og_url":"https:\/\/af.ca\/ottawa\/cours-de-groupe-pour-enfants\/","og_site_name":"Alliance Fran\u00e7aise Ottawa","article_modified_time":"2026-04-01T15:34:55+00:00","og_image":[{"width":1024,"height":576,"url":"https:\/\/af.ca\/ottawa\/wp-content\/uploads\/2024\/06\/Image-principale-1024x576.png","type":"image\/png"}],"twitter_card":"summary_large_image","twitter_misc":{"Dur\u00e9e de lecture estim\u00e9e":"4 minutes"},"schema":{"@context":"https:\/\/schema.org","@graph":[{"@type":"WebPage","@id":"https:\/\/af.ca\/ottawa\/cours-de-groupe-pour-enfants\/","url":"https:\/\/af.ca\/ottawa\/cours-de-groupe-pour-enfants\/","name":"Cours de groupe pour enfants - Alliance Fran\u00e7aise Ottawa","isPartOf":{"@id":"https:\/\/af.ca\/ottawa\/#website"},"primaryImageOfPage":{"@id":"https:\/\/af.ca\/ottawa\/cours-de-groupe-pour-enfants\/#primaryimage"},"image":{"@id":"https:\/\/af.ca\/ottawa\/cours-de-groupe-pour-enfants\/#primaryimage"},"thumbnailUrl":"https:\/\/af.ca\/ottawa\/wp-content\/uploads\/2024\/06\/Image-principale-300x169.png","datePublished":"2024-06-27T16:42:13+00:00","dateModified":"2026-04-01T15:34:55+00:00","description":"Cours de fran\u00e7ais pour enfants interactifs, amusants et stimulants qui allient l'enseignement traditionnel \u00e0 des activit\u00e9s cr\u00e9atives.\u00a0","breadcrumb":{"@id":"https:\/\/af.ca\/ottawa\/cours-de-groupe-pour-enfants\/#breadcrumb"},"inLanguage":"fr-FR","potentialAction":[{"@type":"ReadAction","target":["https:\/\/af.ca\/ottawa\/cours-de-groupe-pour-enfants\/"]}]},{"@type":"ImageObject","inLanguage":"fr-FR","@id":"https:\/\/af.ca\/ottawa\/cours-de-groupe-pour-enfants\/#primaryimage","url":"https:\/\/af.ca\/ottawa\/wp-content\/uploads\/2024\/06\/Image-principale.png","contentUrl":"https:\/\/af.ca\/ottawa\/wp-content\/uploads\/2024\/06\/Image-principale.png","width":1920,"height":1080},{"@type":"BreadcrumbList","@id":"https:\/\/af.ca\/ottawa\/cours-de-groupe-pour-enfants\/#breadcrumb","itemListElement":[{"@type":"ListItem","position":1,"name":"Home","item":"https:\/\/af.ca\/ottawa\/"},{"@type":"ListItem","position":2,"name":"Cours de groupe pour enfants"}]},{"@type":"WebSite","@id":"https:\/\/af.ca\/ottawa\/#website","url":"https:\/\/af.ca\/ottawa\/","name":"Alliance Fran\u00e7aise Ottawa","description":"\u00c9cole de langue fran\u00e7aise et centre culturel","potentialAction":[{"@type":"SearchAction","target":{"@type":"EntryPoint","urlTemplate":"https:\/\/af.ca\/ottawa\/?s={search_term_string}"},"query-input":{"@type":"PropertyValueSpecification","valueRequired":true,"valueName":"search_term_string"}}],"inLanguage":"fr-FR"}]}},"blog_post_layout_featured_media_urls":{"thumbnail":"","full":""},"categories_names":null,"comments_number":"0","_links":{"self":[{"href":"https:\/\/af.ca\/ottawa\/wp-json\/wp\/v2\/pages\/22056","targetHints":{"allow":["GET"]}}],"collection":[{"href":"https:\/\/af.ca\/ottawa\/wp-json\/wp\/v2\/pages"}],"about":[{"href":"https:\/\/af.ca\/ottawa\/wp-json\/wp\/v2\/types\/page"}],"author":[{"embeddable":true,"href":"https:\/\/af.ca\/ottawa\/wp-json\/wp\/v2\/users\/3"}],"replies":[{"embeddable":true,"href":"https:\/\/af.ca\/ottawa\/wp-json\/wp\/v2\/comments?post=22056"}],"version-history":[{"count":5,"href":"https:\/\/af.ca\/ottawa\/wp-json\/wp\/v2\/pages\/22056\/revisions"}],"predecessor-version":[{"id":25335,"href":"https:\/\/af.ca\/ottawa\/wp-json\/wp\/v2\/pages\/22056\/revisions\/25335"}],"wp:attachment":[{"href":"https:\/\/af.ca\/ottawa\/wp-json\/wp\/v2\/media?parent=22056"}],"curies":[{"name":"wp","href":"https:\/\/api.w.org\/{rel}","templated":true}]}}