{"id":22102,"date":"2024-06-19T16:50:49","date_gmt":"2024-06-19T20:50:49","guid":{"rendered":"https:\/\/af.ca\/ottawa\/?page_id=22102"},"modified":"2025-07-23T10:12:10","modified_gmt":"2025-07-23T14:12:10","slug":"a1-1-partie-1-2-et-3","status":"publish","type":"page","link":"https:\/\/af.ca\/ottawa\/a1-1-partie-1-2-et-3\/","title":{"rendered":"A1.1 Parties 1, 2 et 3"},"content":{"rendered":"<p>&nbsp;<\/p>\n<p><a href=\"https:\/\/af.ca\/ottawa\/wp-content\/uploads\/2024\/06\/Image-A1.1-2.png\"><img loading=\"lazy\" decoding=\"async\" class=\"alignnone wp-image-22172\" src=\"https:\/\/af.ca\/ottawa\/wp-content\/uploads\/2024\/06\/Image-A1.1-2-300x169.png\" alt=\"\" width=\"1130\" height=\"636\" srcset=\"https:\/\/af.ca\/ottawa\/wp-content\/uploads\/2024\/06\/Image-A1.1-2-300x169.png 300w, https:\/\/af.ca\/ottawa\/wp-content\/uploads\/2024\/06\/Image-A1.1-2-1024x576.png 1024w, https:\/\/af.ca\/ottawa\/wp-content\/uploads\/2024\/06\/Image-A1.1-2-768x432.png 768w, https:\/\/af.ca\/ottawa\/wp-content\/uploads\/2024\/06\/Image-A1.1-2-1536x864.png 1536w, https:\/\/af.ca\/ottawa\/wp-content\/uploads\/2024\/06\/Image-A1.1-2.png 1920w\" sizes=\"auto, (max-width: 1130px) 100vw, 1130px\" \/><\/a><\/p>\n<p>&nbsp;<\/p>\n<p><span style=\"color: #ff0000;\"><a style=\"color: #ff0000;\" href=\"https:\/\/af.ca\/ottawa\/wp-content\/uploads\/2025\/07\/Calendrier-LEAVES-Kids-2025.pdf\"><span style=\"text-decoration: underline;\"><strong>CALENDRIER DE LA SESSION LEAVES KIDS<\/strong><\/span><\/a><\/span><\/p>\n<p><span style=\"color: #ff0000;\"><strong>La session LEAVES KIDS 2025 :\u00a0 du 15 septembre au 8 d\u00e9cembre 2025<\/strong><\/span><\/p>\n<p>&nbsp;<\/p>\n<p><span data-contrast=\"auto\">Vous cherchez un moyen excitant et enrichissant d&rsquo;introduire votre enfant au monde de la langue fran\u00e7aise ? Ne cherchez plus ! Nos cours pour d\u00e9butants sont sp\u00e9cialement con\u00e7us pour les jeunes apprenants qui embarquent dans cette merveilleuse aventure linguistique pour la premi\u00e8re fois.<\/span><span data-ccp-props=\"{&quot;201341983&quot;:0,&quot;335559739&quot;:160,&quot;335559740&quot;:259}\">\u00a0<\/span><\/p>\n<p><span data-contrast=\"auto\">Dans un environnement stimulant et bienveillant, nos enseignants professionnels et passionn\u00e9s guideront votre enfant \u00e0 travers les bases essentielles du fran\u00e7ais, de mani\u00e8re ludique et interactive. De la prononciation aux premiers mots et phrases, chaque le\u00e7on sera une \u00e9tape vers la ma\u00eetrise de cette belle langue.<\/span><span data-ccp-props=\"{&quot;201341983&quot;:0,&quot;335559739&quot;:160,&quot;335559740&quot;:259}\">\u00a0<\/span><\/p>\n<p><span data-contrast=\"auto\">Offrez \u00e0 votre enfant une chance unique d&rsquo;explorer une nouvelle culture, de rencontrer de nouveaux amis et de s&rsquo;ouvrir \u00e0 un monde de possibilit\u00e9s. Inscrivez-les d\u00e8s aujourd&rsquo;hui et laissez-nous accompagner votre enfant dans cette excitante aventure linguistique !<\/span><span data-ccp-props=\"{&quot;201341983&quot;:0,&quot;335559739&quot;:160,&quot;335559740&quot;:259}\">\u00a0<\/span><\/p>\n<p><span data-ccp-props=\"{&quot;201341983&quot;:0,&quot;335559739&quot;:160,&quot;335559740&quot;:259}\">\u00a0 \u00a0 \u00a0 \u00a0 \u00a0 \u00a0 \u00a0 \u00a0 \u00a0 \u00a0 \u00a0 \u00a0 \u00a0 \u00a0 \u00a0 \u00a0 \u00a0 \u00a0 \u00a0 \u00a0 \u00a0 \u00a0 \u00a0 \u00a0 \u00a0 \u00a0 \u00a0 \u00a0 \u00a0 \u00a0 \u00a0 \u00a0 \u00a0 \u00a0 \u00a0 \u00a0 \u00a0 \u00a0 \u00a0 \u00a0 \u00a0 \u00a0 \u00a0 \u00a0 \u00a0<a href=\"https:\/\/af.ca\/ottawa\/wp-content\/uploads\/2024\/06\/Bouton-Fil-rouge-1.png\"><img loading=\"lazy\" decoding=\"async\" class=\"alignnone wp-image-22083\" src=\"https:\/\/af.ca\/ottawa\/wp-content\/uploads\/2024\/06\/Bouton-Fil-rouge-1-300x300.png\" alt=\"\" width=\"140\" height=\"140\" srcset=\"https:\/\/af.ca\/ottawa\/wp-content\/uploads\/2024\/06\/Bouton-Fil-rouge-1-300x300.png 300w, https:\/\/af.ca\/ottawa\/wp-content\/uploads\/2024\/06\/Bouton-Fil-rouge-1-1024x1024.png 1024w, https:\/\/af.ca\/ottawa\/wp-content\/uploads\/2024\/06\/Bouton-Fil-rouge-1-150x150.png 150w, https:\/\/af.ca\/ottawa\/wp-content\/uploads\/2024\/06\/Bouton-Fil-rouge-1-768x768.png 768w, https:\/\/af.ca\/ottawa\/wp-content\/uploads\/2024\/06\/Bouton-Fil-rouge-1-125x125.png 125w, https:\/\/af.ca\/ottawa\/wp-content\/uploads\/2024\/06\/Bouton-Fil-rouge-1.png 1080w\" sizes=\"auto, (max-width: 140px) 100vw, 140px\" \/><\/a><\/span><\/p>\n<p><i><span data-contrast=\"auto\">A noter : Nos cours A1.1 Partie 1 sont sp\u00e9cialement con\u00e7us pour les enfants d\u00e9butants complets en fran\u00e7ais. Si votre enfant n&rsquo;a aucune exp\u00e9rience pr\u00e9alable dans la langue fran\u00e7aise, ce cours est parfait pour lui !<\/span><\/i><span data-ccp-props=\"{&quot;201341983&quot;:0,&quot;335559739&quot;:160,&quot;335559740&quot;:259}\">\u00a0<\/span><\/p>\n<p><span data-ccp-props=\"{&quot;201341983&quot;:0,&quot;335559739&quot;:160,&quot;335559740&quot;:259}\">\u00a0<\/span><\/p>\n<h3><strong><span style=\"text-decoration: underline;\">Test d\u2019orientation\u00a0<\/span><\/strong><\/h3>\n<p><span data-contrast=\"auto\">Si votre enfant a d\u00e9j\u00e0 des bases en fran\u00e7ais, notre test d\u2019orientation est n\u00e9cessaire pour d\u00e9terminer le niveau appropri\u00e9 de cours. Ainsi, nous nous assurons qu&rsquo;il est plac\u00e9 dans le cours qui correspond le mieux \u00e0 ses besoins et \u00e0 son niveau de comp\u00e9tence.<\/span><\/p>\n<div class='kiosque-aec'><ngx-element\n selector='showProducts'\n data-product-type='21'\n data-etablishment-branch-id=''\n data-show-category-title=''\n data-lang='fr_FR'><\/ngx-element><\/div>\n<p>&nbsp;<\/p>\n<h4><strong>D\u00c9COUVREZ NOS AUTRES NIVEAUX :<\/strong><\/h4>\n<p>&nbsp;<\/p>\n<p><a href=\"https:\/\/af.ca\/ottawa\/a1-2-partie-1-2-et-3\/#\/\"><img loading=\"lazy\" decoding=\"async\" class=\"alignnone wp-image-22059\" src=\"https:\/\/af.ca\/ottawa\/wp-content\/uploads\/2024\/06\/Vignette-A1.2-Cours-pour-enfants-300x300.png\" alt=\"\" width=\"246\" height=\"246\" srcset=\"https:\/\/af.ca\/ottawa\/wp-content\/uploads\/2024\/06\/Vignette-A1.2-Cours-pour-enfants-300x300.png 300w, https:\/\/af.ca\/ottawa\/wp-content\/uploads\/2024\/06\/Vignette-A1.2-Cours-pour-enfants-1024x1024.png 1024w, https:\/\/af.ca\/ottawa\/wp-content\/uploads\/2024\/06\/Vignette-A1.2-Cours-pour-enfants-150x150.png 150w, https:\/\/af.ca\/ottawa\/wp-content\/uploads\/2024\/06\/Vignette-A1.2-Cours-pour-enfants-768x768.png 768w, https:\/\/af.ca\/ottawa\/wp-content\/uploads\/2024\/06\/Vignette-A1.2-Cours-pour-enfants-125x125.png 125w, https:\/\/af.ca\/ottawa\/wp-content\/uploads\/2024\/06\/Vignette-A1.2-Cours-pour-enfants.png 1080w\" sizes=\"auto, (max-width: 246px) 100vw, 246px\" \/><\/a>\u00a0 \u00a0 <a href=\"https:\/\/af.ca\/ottawa\/a2-1-partie-1-2-et-3\/#\/\"><img loading=\"lazy\" decoding=\"async\" class=\"alignnone wp-image-22061\" src=\"https:\/\/af.ca\/ottawa\/wp-content\/uploads\/2024\/06\/Vignette-A2.1-cours-pour-enfants-300x300.png\" alt=\"\" width=\"246\" height=\"246\" srcset=\"https:\/\/af.ca\/ottawa\/wp-content\/uploads\/2024\/06\/Vignette-A2.1-cours-pour-enfants-300x300.png 300w, https:\/\/af.ca\/ottawa\/wp-content\/uploads\/2024\/06\/Vignette-A2.1-cours-pour-enfants-1024x1024.png 1024w, https:\/\/af.ca\/ottawa\/wp-content\/uploads\/2024\/06\/Vignette-A2.1-cours-pour-enfants-150x150.png 150w, https:\/\/af.ca\/ottawa\/wp-content\/uploads\/2024\/06\/Vignette-A2.1-cours-pour-enfants-768x768.png 768w, https:\/\/af.ca\/ottawa\/wp-content\/uploads\/2024\/06\/Vignette-A2.1-cours-pour-enfants-125x125.png 125w, https:\/\/af.ca\/ottawa\/wp-content\/uploads\/2024\/06\/Vignette-A2.1-cours-pour-enfants.png 1080w\" sizes=\"auto, (max-width: 246px) 100vw, 246px\" \/><\/a><\/p>\n","protected":false},"excerpt":{"rendered":"<p>&nbsp; &nbsp; CALENDRIER DE LA SESSION LEAVES KIDS La session LEAVES KIDS 2025 :\u00a0 du 15 septembre au 8 d\u00e9cembre 2025 &nbsp; Vous cherchez un moyen excitant et enrichissant d&rsquo;introduire votre enfant au monde de la langue fran\u00e7aise ? Ne cherchez plus ! Nos cours pour d\u00e9butants sont sp\u00e9cialement con\u00e7us pour les jeunes apprenants qui&#8230;<\/p>\n<p><a class=\"button invert-primary\" href=\"https:\/\/af.ca\/ottawa\/a1-1-partie-1-2-et-3\/\">En savoir plus<\/a><\/p>\n","protected":false},"author":3,"featured_media":0,"parent":0,"menu_order":31,"comment_status":"closed","ping_status":"closed","template":"templates\/cours.php","meta":{"_acf_changed":false,"om_disable_all_campaigns":false,"_monsterinsights_skip_tracking":false,"_monsterinsights_sitenote_active":false,"_monsterinsights_sitenote_note":"","_monsterinsights_sitenote_category":0,"footnotes":""},"class_list":["post-22102","page","type-page","status-publish","hentry"],"acf":[],"yoast_head":"<!-- This site is optimized with the Yoast SEO plugin v27.3 - https:\/\/yoast.com\/product\/yoast-seo-wordpress\/ -->\n<title>A1.1 Parties 1, 2 et 3 - Alliance Fran\u00e7aise Ottawa<\/title>\n<meta name=\"robots\" content=\"index, follow, max-snippet:-1, max-image-preview:large, max-video-preview:-1\" \/>\n<link rel=\"canonical\" href=\"https:\/\/af.ca\/ottawa\/a1-1-partie-1-2-et-3\/\" \/>\n<meta property=\"og:locale\" content=\"fr_FR\" \/>\n<meta property=\"og:type\" content=\"article\" \/>\n<meta property=\"og:title\" content=\"A1.1 Parties 1, 2 et 3 - Alliance Fran\u00e7aise Ottawa\" \/>\n<meta property=\"og:description\" content=\"&nbsp; &nbsp; CALENDRIER DE LA SESSION LEAVES KIDS La session LEAVES KIDS 2025 :\u00a0 du 15 septembre au 8 d\u00e9cembre 2025 &nbsp; Vous cherchez un moyen excitant et enrichissant d&rsquo;introduire votre enfant au monde de la langue fran\u00e7aise ? Ne cherchez plus ! Nos cours pour d\u00e9butants sont sp\u00e9cialement con\u00e7us pour les jeunes apprenants qui...En savoir plus\" \/>\n<meta property=\"og:url\" content=\"https:\/\/af.ca\/ottawa\/a1-1-partie-1-2-et-3\/\" \/>\n<meta property=\"og:site_name\" content=\"Alliance Fran\u00e7aise Ottawa\" \/>\n<meta property=\"article:modified_time\" content=\"2025-07-23T14:12:10+00:00\" \/>\n<meta property=\"og:image\" content=\"https:\/\/af.ca\/ottawa\/wp-content\/uploads\/2024\/06\/Image-A1.1-2-1024x576.png\" \/>\n\t<meta property=\"og:image:width\" content=\"1024\" \/>\n\t<meta property=\"og:image:height\" content=\"576\" \/>\n\t<meta property=\"og:image:type\" content=\"image\/png\" \/>\n<meta name=\"twitter:card\" content=\"summary_large_image\" \/>\n<meta name=\"twitter:label1\" content=\"Dur\u00e9e de lecture estim\u00e9e\" \/>\n\t<meta name=\"twitter:data1\" content=\"2 minutes\" \/>\n<script type=\"application\/ld+json\" class=\"yoast-schema-graph\">{\"@context\":\"https:\\\/\\\/schema.org\",\"@graph\":[{\"@type\":\"WebPage\",\"@id\":\"https:\\\/\\\/af.ca\\\/ottawa\\\/a1-1-partie-1-2-et-3\\\/\",\"url\":\"https:\\\/\\\/af.ca\\\/ottawa\\\/a1-1-partie-1-2-et-3\\\/\",\"name\":\"A1.1 Parties 1, 2 et 3 - Alliance Fran\u00e7aise Ottawa\",\"isPartOf\":{\"@id\":\"https:\\\/\\\/af.ca\\\/ottawa\\\/#website\"},\"primaryImageOfPage\":{\"@id\":\"https:\\\/\\\/af.ca\\\/ottawa\\\/a1-1-partie-1-2-et-3\\\/#primaryimage\"},\"image\":{\"@id\":\"https:\\\/\\\/af.ca\\\/ottawa\\\/a1-1-partie-1-2-et-3\\\/#primaryimage\"},\"thumbnailUrl\":\"https:\\\/\\\/af.ca\\\/ottawa\\\/wp-content\\\/uploads\\\/2024\\\/06\\\/Image-A1.1-2-300x169.png\",\"datePublished\":\"2024-06-19T20:50:49+00:00\",\"dateModified\":\"2025-07-23T14:12:10+00:00\",\"breadcrumb\":{\"@id\":\"https:\\\/\\\/af.ca\\\/ottawa\\\/a1-1-partie-1-2-et-3\\\/#breadcrumb\"},\"inLanguage\":\"fr-FR\",\"potentialAction\":[{\"@type\":\"ReadAction\",\"target\":[\"https:\\\/\\\/af.ca\\\/ottawa\\\/a1-1-partie-1-2-et-3\\\/\"]}]},{\"@type\":\"ImageObject\",\"inLanguage\":\"fr-FR\",\"@id\":\"https:\\\/\\\/af.ca\\\/ottawa\\\/a1-1-partie-1-2-et-3\\\/#primaryimage\",\"url\":\"https:\\\/\\\/af.ca\\\/ottawa\\\/wp-content\\\/uploads\\\/2024\\\/06\\\/Image-A1.1-2.png\",\"contentUrl\":\"https:\\\/\\\/af.ca\\\/ottawa\\\/wp-content\\\/uploads\\\/2024\\\/06\\\/Image-A1.1-2.png\",\"width\":1920,\"height\":1080},{\"@type\":\"BreadcrumbList\",\"@id\":\"https:\\\/\\\/af.ca\\\/ottawa\\\/a1-1-partie-1-2-et-3\\\/#breadcrumb\",\"itemListElement\":[{\"@type\":\"ListItem\",\"position\":1,\"name\":\"Home\",\"item\":\"https:\\\/\\\/af.ca\\\/ottawa\\\/\"},{\"@type\":\"ListItem\",\"position\":2,\"name\":\"A1.1 Parties 1, 2 et 3\"}]},{\"@type\":\"WebSite\",\"@id\":\"https:\\\/\\\/af.ca\\\/ottawa\\\/#website\",\"url\":\"https:\\\/\\\/af.ca\\\/ottawa\\\/\",\"name\":\"Alliance Fran\u00e7aise Ottawa\",\"description\":\"\u00c9cole de langue fran\u00e7aise et centre culturel\",\"potentialAction\":[{\"@type\":\"SearchAction\",\"target\":{\"@type\":\"EntryPoint\",\"urlTemplate\":\"https:\\\/\\\/af.ca\\\/ottawa\\\/?s={search_term_string}\"},\"query-input\":{\"@type\":\"PropertyValueSpecification\",\"valueRequired\":true,\"valueName\":\"search_term_string\"}}],\"inLanguage\":\"fr-FR\"}]}<\/script>\n<!-- \/ Yoast SEO plugin. -->","yoast_head_json":{"title":"A1.1 Parties 1, 2 et 3 - Alliance Fran\u00e7aise Ottawa","robots":{"index":"index","follow":"follow","max-snippet":"max-snippet:-1","max-image-preview":"max-image-preview:large","max-video-preview":"max-video-preview:-1"},"canonical":"https:\/\/af.ca\/ottawa\/a1-1-partie-1-2-et-3\/","og_locale":"fr_FR","og_type":"article","og_title":"A1.1 Parties 1, 2 et 3 - Alliance Fran\u00e7aise Ottawa","og_description":"&nbsp; &nbsp; CALENDRIER DE LA SESSION LEAVES KIDS La session LEAVES KIDS 2025 :\u00a0 du 15 septembre au 8 d\u00e9cembre 2025 &nbsp; Vous cherchez un moyen excitant et enrichissant d&rsquo;introduire votre enfant au monde de la langue fran\u00e7aise ? Ne cherchez plus ! Nos cours pour d\u00e9butants sont sp\u00e9cialement con\u00e7us pour les jeunes apprenants qui...En savoir plus","og_url":"https:\/\/af.ca\/ottawa\/a1-1-partie-1-2-et-3\/","og_site_name":"Alliance Fran\u00e7aise Ottawa","article_modified_time":"2025-07-23T14:12:10+00:00","og_image":[{"width":1024,"height":576,"url":"https:\/\/af.ca\/ottawa\/wp-content\/uploads\/2024\/06\/Image-A1.1-2-1024x576.png","type":"image\/png"}],"twitter_card":"summary_large_image","twitter_misc":{"Dur\u00e9e de lecture estim\u00e9e":"2 minutes"},"schema":{"@context":"https:\/\/schema.org","@graph":[{"@type":"WebPage","@id":"https:\/\/af.ca\/ottawa\/a1-1-partie-1-2-et-3\/","url":"https:\/\/af.ca\/ottawa\/a1-1-partie-1-2-et-3\/","name":"A1.1 Parties 1, 2 et 3 - Alliance Fran\u00e7aise Ottawa","isPartOf":{"@id":"https:\/\/af.ca\/ottawa\/#website"},"primaryImageOfPage":{"@id":"https:\/\/af.ca\/ottawa\/a1-1-partie-1-2-et-3\/#primaryimage"},"image":{"@id":"https:\/\/af.ca\/ottawa\/a1-1-partie-1-2-et-3\/#primaryimage"},"thumbnailUrl":"https:\/\/af.ca\/ottawa\/wp-content\/uploads\/2024\/06\/Image-A1.1-2-300x169.png","datePublished":"2024-06-19T20:50:49+00:00","dateModified":"2025-07-23T14:12:10+00:00","breadcrumb":{"@id":"https:\/\/af.ca\/ottawa\/a1-1-partie-1-2-et-3\/#breadcrumb"},"inLanguage":"fr-FR","potentialAction":[{"@type":"ReadAction","target":["https:\/\/af.ca\/ottawa\/a1-1-partie-1-2-et-3\/"]}]},{"@type":"ImageObject","inLanguage":"fr-FR","@id":"https:\/\/af.ca\/ottawa\/a1-1-partie-1-2-et-3\/#primaryimage","url":"https:\/\/af.ca\/ottawa\/wp-content\/uploads\/2024\/06\/Image-A1.1-2.png","contentUrl":"https:\/\/af.ca\/ottawa\/wp-content\/uploads\/2024\/06\/Image-A1.1-2.png","width":1920,"height":1080},{"@type":"BreadcrumbList","@id":"https:\/\/af.ca\/ottawa\/a1-1-partie-1-2-et-3\/#breadcrumb","itemListElement":[{"@type":"ListItem","position":1,"name":"Home","item":"https:\/\/af.ca\/ottawa\/"},{"@type":"ListItem","position":2,"name":"A1.1 Parties 1, 2 et 3"}]},{"@type":"WebSite","@id":"https:\/\/af.ca\/ottawa\/#website","url":"https:\/\/af.ca\/ottawa\/","name":"Alliance Fran\u00e7aise Ottawa","description":"\u00c9cole de langue fran\u00e7aise et centre culturel","potentialAction":[{"@type":"SearchAction","target":{"@type":"EntryPoint","urlTemplate":"https:\/\/af.ca\/ottawa\/?s={search_term_string}"},"query-input":{"@type":"PropertyValueSpecification","valueRequired":true,"valueName":"search_term_string"}}],"inLanguage":"fr-FR"}]}},"blog_post_layout_featured_media_urls":{"thumbnail":"","full":""},"categories_names":null,"comments_number":"0","_links":{"self":[{"href":"https:\/\/af.ca\/ottawa\/wp-json\/wp\/v2\/pages\/22102","targetHints":{"allow":["GET"]}}],"collection":[{"href":"https:\/\/af.ca\/ottawa\/wp-json\/wp\/v2\/pages"}],"about":[{"href":"https:\/\/af.ca\/ottawa\/wp-json\/wp\/v2\/types\/page"}],"author":[{"embeddable":true,"href":"https:\/\/af.ca\/ottawa\/wp-json\/wp\/v2\/users\/3"}],"replies":[{"embeddable":true,"href":"https:\/\/af.ca\/ottawa\/wp-json\/wp\/v2\/comments?post=22102"}],"version-history":[{"count":3,"href":"https:\/\/af.ca\/ottawa\/wp-json\/wp\/v2\/pages\/22102\/revisions"}],"predecessor-version":[{"id":23988,"href":"https:\/\/af.ca\/ottawa\/wp-json\/wp\/v2\/pages\/22102\/revisions\/23988"}],"wp:attachment":[{"href":"https:\/\/af.ca\/ottawa\/wp-json\/wp\/v2\/media?parent=22102"}],"curies":[{"name":"wp","href":"https:\/\/api.w.org\/{rel}","templated":true}]}}