{"id":22112,"date":"2024-06-25T11:18:34","date_gmt":"2024-06-25T15:18:34","guid":{"rendered":"https:\/\/af.ca\/ottawa\/?page_id=22112"},"modified":"2026-03-17T11:07:47","modified_gmt":"2026-03-17T15:07:47","slug":"a1-2-partie-1-2-et-3","status":"publish","type":"page","link":"https:\/\/af.ca\/ottawa\/a1-2-partie-1-2-et-3\/","title":{"rendered":"A1.2 parties 1, 2 et 3"},"content":{"rendered":"<p>&nbsp;<\/p>\n<p><a href=\"https:\/\/af.ca\/ottawa\/wp-content\/uploads\/2024\/06\/Image-A1.2.png\"><img loading=\"lazy\" decoding=\"async\" class=\"alignnone wp-image-22179\" src=\"https:\/\/af.ca\/ottawa\/wp-content\/uploads\/2024\/06\/Image-A1.2-300x169.png\" alt=\"\" width=\"1133\" height=\"638\" srcset=\"https:\/\/af.ca\/ottawa\/wp-content\/uploads\/2024\/06\/Image-A1.2-300x169.png 300w, https:\/\/af.ca\/ottawa\/wp-content\/uploads\/2024\/06\/Image-A1.2-1024x576.png 1024w, https:\/\/af.ca\/ottawa\/wp-content\/uploads\/2024\/06\/Image-A1.2-768x432.png 768w, https:\/\/af.ca\/ottawa\/wp-content\/uploads\/2024\/06\/Image-A1.2-1536x864.png 1536w, https:\/\/af.ca\/ottawa\/wp-content\/uploads\/2024\/06\/Image-A1.2.png 1920w\" sizes=\"auto, (max-width: 1133px) 100vw, 1133px\" \/><\/a><\/p>\n<p><span style=\"color: #ff0000;\"><a style=\"color: #ff0000;\" href=\"https:\/\/af.ca\/ottawa\/wp-content\/uploads\/2026\/03\/Calendrier-BLOSSOM-KIDS-2026.pdf\"><span style=\"text-decoration: underline;\"><strong>CALENDRIER DE LA SESSION BLOSSOM KIDS<\/strong><\/span><\/a><\/span><\/p>\n<p><span style=\"color: #ff0000;\"><strong>La session BLOSSOM KIDS 2026 :\u00a0 du 14 avril au 8 juillet<\/strong><\/span><\/p>\n<p><span data-contrast=\"auto\">Nos cours A1.2 Parties 1, 2 et 3 sont con\u00e7us pour offrir une exp\u00e9rience d&rsquo;apprentissage enrichissante, tant pour les enfants suivant un cursus de fran\u00e7ais de base que ceux en immersion fran\u00e7aise.<\/span><span data-ccp-props=\"{&quot;201341983&quot;:0,&quot;335559739&quot;:160,&quot;335559740&quot;:259}\">\u00a0<\/span><\/p>\n<p><span data-ccp-props=\"{&quot;201341983&quot;:0,&quot;335559739&quot;:160,&quot;335559740&quot;:259}\">\u00a0<\/span><\/p>\n<h2><b><span data-contrast=\"auto\">Une d\u00e9couverte ludique de la langue fran\u00e7aise<\/span><\/b><span data-ccp-props=\"{&quot;201341983&quot;:0,&quot;335559739&quot;:160,&quot;335559740&quot;:259}\">\u00a0<\/span><\/h2>\n<p><span data-ccp-props=\"{&quot;201341983&quot;:0,&quot;335559739&quot;:160,&quot;335559740&quot;:259}\">\u00a0<\/span><\/p>\n<p><span data-contrast=\"auto\">Nos cours A1.2 offrent \u00e0 votre enfant l&rsquo;opportunit\u00e9 d&rsquo;explorer le fran\u00e7ais de mani\u00e8re amusante et stimulante. Gr\u00e2ce \u00e0 des activit\u00e9s dynamiques, des jeux interactifs et des ressources engageantes, ils plongeront dans la langue et la culture francophone avec enthousiasme.<\/span><span data-ccp-props=\"{&quot;201341983&quot;:0,&quot;335559739&quot;:160,&quot;335559740&quot;:259}\">\u00a0<\/span><\/p>\n<p><span data-ccp-props=\"{&quot;201341983&quot;:0,&quot;335559739&quot;:160,&quot;335559740&quot;:259}\">\u00a0<\/span><\/p>\n<h2><b><span data-contrast=\"auto\">Un environnement d&rsquo;apprentissage bienveillant et stimulant<\/span><\/b><span data-ccp-props=\"{&quot;201341983&quot;:0,&quot;335559739&quot;:160,&quot;335559740&quot;:259}\">\u00a0<\/span><\/h2>\n<p>&nbsp;<\/p>\n<p><span data-contrast=\"auto\">Nos enseignants d\u00e9vou\u00e9s et exp\u00e9riment\u00e9s accompagneront votre enfant \u00e0 chaque \u00e9tape de son parcours linguistique. Ils cr\u00e9eront un environnement s\u00e9curis\u00e9 et motivant o\u00f9 votre enfant pourra s&rsquo;\u00e9panouir et progresser \u00e0 son rythme, tout en d\u00e9veloppant sa confiance en fran\u00e7ais.<\/span><span data-ccp-props=\"{&quot;201341983&quot;:0,&quot;335559739&quot;:160,&quot;335559740&quot;:259}\">\u00a0<\/span><\/p>\n<p><span data-contrast=\"auto\">Rejoignez-nous d\u00e8s aujourd&rsquo;hui et donnez \u00e0 votre enfant la chance de d\u00e9couvrir la beaut\u00e9 et la richesse de la langue fran\u00e7aise !<\/span><span data-ccp-props=\"{&quot;201341983&quot;:0,&quot;335559739&quot;:160,&quot;335559740&quot;:259}\">\u00a0<\/span><\/p>\n<p><span style=\"color: #ffffff;\">v<\/span>\u00a0 \u00a0 \u00a0 \u00a0 \u00a0 \u00a0 \u00a0 \u00a0 \u00a0 \u00a0 \u00a0 \u00a0 \u00a0 \u00a0 \u00a0 \u00a0 \u00a0 \u00a0 \u00a0 \u00a0 \u00a0 \u00a0 \u00a0 \u00a0 \u00a0 \u00a0 \u00a0 \u00a0 \u00a0 \u00a0 \u00a0 \u00a0 \u00a0 \u00a0 \u00a0 \u00a0 \u00a0 \u00a0 \u00a0 \u00a0 <span style=\"color: #ffffff;\">\u00a0 \u00a0<\/span><a href=\"https:\/\/af.ca\/ottawa\/wp-content\/uploads\/2024\/06\/Bouton-Fil-rouge-1.png\"><img loading=\"lazy\" decoding=\"async\" class=\"alignnone wp-image-22083\" src=\"https:\/\/af.ca\/ottawa\/wp-content\/uploads\/2024\/06\/Bouton-Fil-rouge-1-300x300.png\" alt=\"\" width=\"184\" height=\"184\" srcset=\"https:\/\/af.ca\/ottawa\/wp-content\/uploads\/2024\/06\/Bouton-Fil-rouge-1-300x300.png 300w, https:\/\/af.ca\/ottawa\/wp-content\/uploads\/2024\/06\/Bouton-Fil-rouge-1-1024x1024.png 1024w, https:\/\/af.ca\/ottawa\/wp-content\/uploads\/2024\/06\/Bouton-Fil-rouge-1-150x150.png 150w, https:\/\/af.ca\/ottawa\/wp-content\/uploads\/2024\/06\/Bouton-Fil-rouge-1-768x768.png 768w, https:\/\/af.ca\/ottawa\/wp-content\/uploads\/2024\/06\/Bouton-Fil-rouge-1-125x125.png 125w, https:\/\/af.ca\/ottawa\/wp-content\/uploads\/2024\/06\/Bouton-Fil-rouge-1.png 1080w\" sizes=\"auto, (max-width: 184px) 100vw, 184px\" \/><\/a><\/p>\n<p><i><span data-contrast=\"auto\">A noter : Nos cours A1.1 Partie 1 sont sp\u00e9cialement con\u00e7us pour les enfants d\u00e9butants complets en fran\u00e7ais. Si votre enfant n&rsquo;a aucune exp\u00e9rience pr\u00e9alable dans la langue fran\u00e7aise, ce cours est parfait pour lui !<\/span><\/i><span data-ccp-props=\"{&quot;201341983&quot;:0,&quot;335559739&quot;:160,&quot;335559740&quot;:259}\">\u00a0<\/span><\/p>\n<p><span data-ccp-props=\"{&quot;201341983&quot;:0,&quot;335559739&quot;:160,&quot;335559740&quot;:259}\">\u00a0<\/span><\/p>\n<h3><strong><span style=\"text-decoration: underline;\">Test d\u2019orientation<\/span><\/strong><\/h3>\n<p>Si votre enfant a d\u00e9j\u00e0 des bases en fran\u00e7ais, notre test d\u2019orientation est n\u00e9cessaire pour d\u00e9terminer le niveau appropri\u00e9 de cours. Ainsi, nous nous assurons qu&rsquo;il est plac\u00e9 dans le cours qui correspond le mieux \u00e0 ses besoins et \u00e0 son niveau de comp\u00e9tence.<\/p>\n<p>&nbsp;<\/p>\n<div class='kiosque-aec'><ngx-element\n selector='showProducts'\n data-product-type='21'\n data-etablishment-branch-id=''\n data-show-category-title=''\n data-lang='fr_FR'><\/ngx-element><\/div>\n<p>&nbsp;<\/p>\n<h4><strong>D\u00c9COUVREZ NOS AUTRES NIVEAUX :<\/strong><\/h4>\n<p>&nbsp;<\/p>\n<p><a href=\"https:\/\/af.ca\/ottawa\/a1-1-partie-1-2-et-3\/#\/\"><img loading=\"lazy\" decoding=\"async\" class=\"alignnone wp-image-22057\" src=\"https:\/\/af.ca\/ottawa\/wp-content\/uploads\/2024\/06\/Vignette-A1.1-Cours-pour-enfants-300x300.png\" alt=\"\" width=\"246\" height=\"246\" srcset=\"https:\/\/af.ca\/ottawa\/wp-content\/uploads\/2024\/06\/Vignette-A1.1-Cours-pour-enfants-300x300.png 300w, https:\/\/af.ca\/ottawa\/wp-content\/uploads\/2024\/06\/Vignette-A1.1-Cours-pour-enfants-1024x1024.png 1024w, https:\/\/af.ca\/ottawa\/wp-content\/uploads\/2024\/06\/Vignette-A1.1-Cours-pour-enfants-150x150.png 150w, https:\/\/af.ca\/ottawa\/wp-content\/uploads\/2024\/06\/Vignette-A1.1-Cours-pour-enfants-768x768.png 768w, https:\/\/af.ca\/ottawa\/wp-content\/uploads\/2024\/06\/Vignette-A1.1-Cours-pour-enfants-125x125.png 125w, https:\/\/af.ca\/ottawa\/wp-content\/uploads\/2024\/06\/Vignette-A1.1-Cours-pour-enfants.png 1080w\" sizes=\"auto, (max-width: 246px) 100vw, 246px\" \/><\/a>\u00a0 \u00a0 \u00a0\u00a0<a href=\"https:\/\/af.ca\/ottawa\/a2-1-partie-1-2-et-3\/#\/\"><img loading=\"lazy\" decoding=\"async\" class=\"alignnone wp-image-22061\" src=\"https:\/\/af.ca\/ottawa\/wp-content\/uploads\/2024\/06\/Vignette-A2.1-cours-pour-enfants-300x300.png\" alt=\"\" width=\"246\" height=\"246\" srcset=\"https:\/\/af.ca\/ottawa\/wp-content\/uploads\/2024\/06\/Vignette-A2.1-cours-pour-enfants-300x300.png 300w, https:\/\/af.ca\/ottawa\/wp-content\/uploads\/2024\/06\/Vignette-A2.1-cours-pour-enfants-1024x1024.png 1024w, https:\/\/af.ca\/ottawa\/wp-content\/uploads\/2024\/06\/Vignette-A2.1-cours-pour-enfants-150x150.png 150w, https:\/\/af.ca\/ottawa\/wp-content\/uploads\/2024\/06\/Vignette-A2.1-cours-pour-enfants-768x768.png 768w, https:\/\/af.ca\/ottawa\/wp-content\/uploads\/2024\/06\/Vignette-A2.1-cours-pour-enfants-125x125.png 125w, https:\/\/af.ca\/ottawa\/wp-content\/uploads\/2024\/06\/Vignette-A2.1-cours-pour-enfants.png 1080w\" sizes=\"auto, (max-width: 246px) 100vw, 246px\" \/><\/a><\/p>\n","protected":false},"excerpt":{"rendered":"<p>&nbsp; CALENDRIER DE LA SESSION BLOSSOM KIDS La session BLOSSOM KIDS 2026 :\u00a0 du 14 avril au 8 juillet Nos cours A1.2 Parties 1, 2 et 3 sont con\u00e7us pour offrir une exp\u00e9rience d&rsquo;apprentissage enrichissante, tant pour les enfants suivant un cursus de fran\u00e7ais de base que ceux en immersion fran\u00e7aise.\u00a0 \u00a0 Une d\u00e9couverte ludique&#8230;<\/p>\n<p><a class=\"button invert-primary\" href=\"https:\/\/af.ca\/ottawa\/a1-2-partie-1-2-et-3\/\">En savoir plus<\/a><\/p>\n","protected":false},"author":3,"featured_media":0,"parent":0,"menu_order":29,"comment_status":"closed","ping_status":"closed","template":"templates\/cours.php","meta":{"_acf_changed":false,"om_disable_all_campaigns":false,"_monsterinsights_skip_tracking":false,"_monsterinsights_sitenote_active":false,"_monsterinsights_sitenote_note":"","_monsterinsights_sitenote_category":0,"footnotes":""},"class_list":["post-22112","page","type-page","status-publish","hentry"],"acf":[],"yoast_head":"<!-- This site is optimized with the Yoast SEO plugin v27.3 - https:\/\/yoast.com\/product\/yoast-seo-wordpress\/ -->\n<title>A1.2 parties 1, 2 et 3 - Alliance Fran\u00e7aise Ottawa<\/title>\n<meta name=\"description\" content=\"Offrez \u00e0 votre enfant l&#039;opportunit\u00e9 d&#039;explorer le fran\u00e7ais de mani\u00e8re amusante et stimulante lors de nos cours\" \/>\n<meta name=\"robots\" content=\"index, follow, max-snippet:-1, max-image-preview:large, max-video-preview:-1\" \/>\n<link rel=\"canonical\" href=\"https:\/\/af.ca\/ottawa\/a1-2-partie-1-2-et-3\/\" \/>\n<meta property=\"og:locale\" content=\"fr_FR\" \/>\n<meta property=\"og:type\" content=\"article\" \/>\n<meta property=\"og:title\" content=\"Une exp\u00e9rience d&#039;apprentissage enrichissante pour enfants\" \/>\n<meta property=\"og:description\" content=\"Offrez \u00e0 votre enfant l&#039;opportunit\u00e9 d&#039;explorer le fran\u00e7ais de mani\u00e8re amusante et stimulante lors de nos cours\" \/>\n<meta property=\"og:url\" content=\"https:\/\/af.ca\/ottawa\/a1-2-partie-1-2-et-3\/\" \/>\n<meta property=\"og:site_name\" content=\"Alliance Fran\u00e7aise Ottawa\" \/>\n<meta property=\"article:modified_time\" content=\"2026-03-17T15:07:47+00:00\" \/>\n<meta property=\"og:image\" content=\"https:\/\/af.ca\/ottawa\/wp-content\/uploads\/2024\/06\/Image-A1.2-1024x576.png\" \/>\n\t<meta property=\"og:image:width\" content=\"1024\" \/>\n\t<meta property=\"og:image:height\" content=\"576\" \/>\n\t<meta property=\"og:image:type\" content=\"image\/png\" \/>\n<meta name=\"twitter:card\" content=\"summary_large_image\" \/>\n<meta name=\"twitter:label1\" content=\"Dur\u00e9e de lecture estim\u00e9e\" \/>\n\t<meta name=\"twitter:data1\" content=\"2 minutes\" \/>\n<script type=\"application\/ld+json\" class=\"yoast-schema-graph\">{\"@context\":\"https:\\\/\\\/schema.org\",\"@graph\":[{\"@type\":\"WebPage\",\"@id\":\"https:\\\/\\\/af.ca\\\/ottawa\\\/a1-2-partie-1-2-et-3\\\/\",\"url\":\"https:\\\/\\\/af.ca\\\/ottawa\\\/a1-2-partie-1-2-et-3\\\/\",\"name\":\"A1.2 parties 1, 2 et 3 - Alliance Fran\u00e7aise Ottawa\",\"isPartOf\":{\"@id\":\"https:\\\/\\\/af.ca\\\/ottawa\\\/#website\"},\"primaryImageOfPage\":{\"@id\":\"https:\\\/\\\/af.ca\\\/ottawa\\\/a1-2-partie-1-2-et-3\\\/#primaryimage\"},\"image\":{\"@id\":\"https:\\\/\\\/af.ca\\\/ottawa\\\/a1-2-partie-1-2-et-3\\\/#primaryimage\"},\"thumbnailUrl\":\"https:\\\/\\\/af.ca\\\/ottawa\\\/wp-content\\\/uploads\\\/2024\\\/06\\\/Image-A1.2-300x169.png\",\"datePublished\":\"2024-06-25T15:18:34+00:00\",\"dateModified\":\"2026-03-17T15:07:47+00:00\",\"description\":\"Offrez \u00e0 votre enfant l'opportunit\u00e9 d'explorer le fran\u00e7ais de mani\u00e8re amusante et stimulante lors de nos cours\",\"breadcrumb\":{\"@id\":\"https:\\\/\\\/af.ca\\\/ottawa\\\/a1-2-partie-1-2-et-3\\\/#breadcrumb\"},\"inLanguage\":\"fr-FR\",\"potentialAction\":[{\"@type\":\"ReadAction\",\"target\":[\"https:\\\/\\\/af.ca\\\/ottawa\\\/a1-2-partie-1-2-et-3\\\/\"]}]},{\"@type\":\"ImageObject\",\"inLanguage\":\"fr-FR\",\"@id\":\"https:\\\/\\\/af.ca\\\/ottawa\\\/a1-2-partie-1-2-et-3\\\/#primaryimage\",\"url\":\"https:\\\/\\\/af.ca\\\/ottawa\\\/wp-content\\\/uploads\\\/2024\\\/06\\\/Image-A1.2.png\",\"contentUrl\":\"https:\\\/\\\/af.ca\\\/ottawa\\\/wp-content\\\/uploads\\\/2024\\\/06\\\/Image-A1.2.png\",\"width\":1920,\"height\":1080},{\"@type\":\"BreadcrumbList\",\"@id\":\"https:\\\/\\\/af.ca\\\/ottawa\\\/a1-2-partie-1-2-et-3\\\/#breadcrumb\",\"itemListElement\":[{\"@type\":\"ListItem\",\"position\":1,\"name\":\"Home\",\"item\":\"https:\\\/\\\/af.ca\\\/ottawa\\\/\"},{\"@type\":\"ListItem\",\"position\":2,\"name\":\"A1.2 parties 1, 2 et 3\"}]},{\"@type\":\"WebSite\",\"@id\":\"https:\\\/\\\/af.ca\\\/ottawa\\\/#website\",\"url\":\"https:\\\/\\\/af.ca\\\/ottawa\\\/\",\"name\":\"Alliance Fran\u00e7aise Ottawa\",\"description\":\"\u00c9cole de langue fran\u00e7aise et centre culturel\",\"potentialAction\":[{\"@type\":\"SearchAction\",\"target\":{\"@type\":\"EntryPoint\",\"urlTemplate\":\"https:\\\/\\\/af.ca\\\/ottawa\\\/?s={search_term_string}\"},\"query-input\":{\"@type\":\"PropertyValueSpecification\",\"valueRequired\":true,\"valueName\":\"search_term_string\"}}],\"inLanguage\":\"fr-FR\"}]}<\/script>\n<!-- \/ Yoast SEO plugin. -->","yoast_head_json":{"title":"A1.2 parties 1, 2 et 3 - Alliance Fran\u00e7aise Ottawa","description":"Offrez \u00e0 votre enfant l'opportunit\u00e9 d'explorer le fran\u00e7ais de mani\u00e8re amusante et stimulante lors de nos cours","robots":{"index":"index","follow":"follow","max-snippet":"max-snippet:-1","max-image-preview":"max-image-preview:large","max-video-preview":"max-video-preview:-1"},"canonical":"https:\/\/af.ca\/ottawa\/a1-2-partie-1-2-et-3\/","og_locale":"fr_FR","og_type":"article","og_title":"Une exp\u00e9rience d'apprentissage enrichissante pour enfants","og_description":"Offrez \u00e0 votre enfant l'opportunit\u00e9 d'explorer le fran\u00e7ais de mani\u00e8re amusante et stimulante lors de nos cours","og_url":"https:\/\/af.ca\/ottawa\/a1-2-partie-1-2-et-3\/","og_site_name":"Alliance Fran\u00e7aise Ottawa","article_modified_time":"2026-03-17T15:07:47+00:00","og_image":[{"width":1024,"height":576,"url":"https:\/\/af.ca\/ottawa\/wp-content\/uploads\/2024\/06\/Image-A1.2-1024x576.png","type":"image\/png"}],"twitter_card":"summary_large_image","twitter_misc":{"Dur\u00e9e de lecture estim\u00e9e":"2 minutes"},"schema":{"@context":"https:\/\/schema.org","@graph":[{"@type":"WebPage","@id":"https:\/\/af.ca\/ottawa\/a1-2-partie-1-2-et-3\/","url":"https:\/\/af.ca\/ottawa\/a1-2-partie-1-2-et-3\/","name":"A1.2 parties 1, 2 et 3 - Alliance Fran\u00e7aise Ottawa","isPartOf":{"@id":"https:\/\/af.ca\/ottawa\/#website"},"primaryImageOfPage":{"@id":"https:\/\/af.ca\/ottawa\/a1-2-partie-1-2-et-3\/#primaryimage"},"image":{"@id":"https:\/\/af.ca\/ottawa\/a1-2-partie-1-2-et-3\/#primaryimage"},"thumbnailUrl":"https:\/\/af.ca\/ottawa\/wp-content\/uploads\/2024\/06\/Image-A1.2-300x169.png","datePublished":"2024-06-25T15:18:34+00:00","dateModified":"2026-03-17T15:07:47+00:00","description":"Offrez \u00e0 votre enfant l'opportunit\u00e9 d'explorer le fran\u00e7ais de mani\u00e8re amusante et stimulante lors de nos cours","breadcrumb":{"@id":"https:\/\/af.ca\/ottawa\/a1-2-partie-1-2-et-3\/#breadcrumb"},"inLanguage":"fr-FR","potentialAction":[{"@type":"ReadAction","target":["https:\/\/af.ca\/ottawa\/a1-2-partie-1-2-et-3\/"]}]},{"@type":"ImageObject","inLanguage":"fr-FR","@id":"https:\/\/af.ca\/ottawa\/a1-2-partie-1-2-et-3\/#primaryimage","url":"https:\/\/af.ca\/ottawa\/wp-content\/uploads\/2024\/06\/Image-A1.2.png","contentUrl":"https:\/\/af.ca\/ottawa\/wp-content\/uploads\/2024\/06\/Image-A1.2.png","width":1920,"height":1080},{"@type":"BreadcrumbList","@id":"https:\/\/af.ca\/ottawa\/a1-2-partie-1-2-et-3\/#breadcrumb","itemListElement":[{"@type":"ListItem","position":1,"name":"Home","item":"https:\/\/af.ca\/ottawa\/"},{"@type":"ListItem","position":2,"name":"A1.2 parties 1, 2 et 3"}]},{"@type":"WebSite","@id":"https:\/\/af.ca\/ottawa\/#website","url":"https:\/\/af.ca\/ottawa\/","name":"Alliance Fran\u00e7aise Ottawa","description":"\u00c9cole de langue fran\u00e7aise et centre culturel","potentialAction":[{"@type":"SearchAction","target":{"@type":"EntryPoint","urlTemplate":"https:\/\/af.ca\/ottawa\/?s={search_term_string}"},"query-input":{"@type":"PropertyValueSpecification","valueRequired":true,"valueName":"search_term_string"}}],"inLanguage":"fr-FR"}]}},"blog_post_layout_featured_media_urls":{"thumbnail":"","full":""},"categories_names":null,"comments_number":"0","_links":{"self":[{"href":"https:\/\/af.ca\/ottawa\/wp-json\/wp\/v2\/pages\/22112","targetHints":{"allow":["GET"]}}],"collection":[{"href":"https:\/\/af.ca\/ottawa\/wp-json\/wp\/v2\/pages"}],"about":[{"href":"https:\/\/af.ca\/ottawa\/wp-json\/wp\/v2\/types\/page"}],"author":[{"embeddable":true,"href":"https:\/\/af.ca\/ottawa\/wp-json\/wp\/v2\/users\/3"}],"replies":[{"embeddable":true,"href":"https:\/\/af.ca\/ottawa\/wp-json\/wp\/v2\/comments?post=22112"}],"version-history":[{"count":3,"href":"https:\/\/af.ca\/ottawa\/wp-json\/wp\/v2\/pages\/22112\/revisions"}],"predecessor-version":[{"id":25256,"href":"https:\/\/af.ca\/ottawa\/wp-json\/wp\/v2\/pages\/22112\/revisions\/25256"}],"wp:attachment":[{"href":"https:\/\/af.ca\/ottawa\/wp-json\/wp\/v2\/media?parent=22112"}],"curies":[{"name":"wp","href":"https:\/\/api.w.org\/{rel}","templated":true}]}}