{"id":22119,"date":"2024-06-25T11:20:38","date_gmt":"2024-06-25T15:20:38","guid":{"rendered":"https:\/\/af.ca\/ottawa\/?page_id=22119"},"modified":"2026-03-17T11:21:38","modified_gmt":"2026-03-17T15:21:38","slug":"a2-1-partie-1-2-et-3","status":"publish","type":"page","link":"https:\/\/af.ca\/ottawa\/a2-1-partie-1-2-et-3\/","title":{"rendered":"A2.1 parties 1, 2 et 3"},"content":{"rendered":"<p>&nbsp;<\/p>\n<p><a href=\"https:\/\/af.ca\/ottawa\/wp-content\/uploads\/2024\/06\/Image-A1.3.png\"><img loading=\"lazy\" decoding=\"async\" class=\"alignnone wp-image-22187\" src=\"https:\/\/af.ca\/ottawa\/wp-content\/uploads\/2024\/06\/Image-A1.3-300x169.png\" alt=\"\" width=\"1109\" height=\"625\" srcset=\"https:\/\/af.ca\/ottawa\/wp-content\/uploads\/2024\/06\/Image-A1.3-300x169.png 300w, https:\/\/af.ca\/ottawa\/wp-content\/uploads\/2024\/06\/Image-A1.3-1024x576.png 1024w, https:\/\/af.ca\/ottawa\/wp-content\/uploads\/2024\/06\/Image-A1.3-768x432.png 768w, https:\/\/af.ca\/ottawa\/wp-content\/uploads\/2024\/06\/Image-A1.3-1536x864.png 1536w, https:\/\/af.ca\/ottawa\/wp-content\/uploads\/2024\/06\/Image-A1.3.png 1920w\" sizes=\"auto, (max-width: 1109px) 100vw, 1109px\" \/><\/a><\/p>\n<p><span style=\"color: #ff0000;\"><a style=\"color: #ff0000;\" href=\"https:\/\/af.ca\/ottawa\/wp-content\/uploads\/2026\/03\/Calendrier-BLOSSOM-KIDS-2026.pdf\"><span style=\"text-decoration: underline;\"><strong>CALENDRIER DE LA SESSION BLOSSOM KIDS<\/strong><\/span><\/a><\/span><\/p>\n<p><span style=\"color: #ff0000;\"><strong>La session BLOSSOM KIDS 2026 :\u00a0 du 14 avril au 8 juillet<\/strong><\/span><\/p>\n<p><span data-contrast=\"auto\">Votre enfant est pr\u00eat \u00e0 franchir une nouvelle \u00e9tape passionnante dans son voyage linguistique ? Nos cours A2.1 Parties 1, 2 et 3 sont con\u00e7us pour les \u00e9tudiants d\u00e9butants interm\u00e9diaires qui souhaitent approfondir leurs comp\u00e9tences en fran\u00e7ais et explorer de nouveaux horizons.<\/span><span data-ccp-props=\"{&quot;201341983&quot;:0,&quot;335559739&quot;:160,&quot;335559740&quot;:259}\">\u00a0<\/span><\/p>\n<p><span data-ccp-props=\"{&quot;201341983&quot;:0,&quot;335559739&quot;:160,&quot;335559740&quot;:259}\">\u00a0<\/span><\/p>\n<h2><b><span data-contrast=\"auto\">Explorez la langue fran\u00e7aise avec confiance<\/span><\/b><span data-ccp-props=\"{&quot;201341983&quot;:0,&quot;335559739&quot;:160,&quot;335559740&quot;:259}\">\u00a0<\/span><\/h2>\n<p><span data-ccp-props=\"{&quot;201341983&quot;:0,&quot;335559739&quot;:160,&quot;335559740&quot;:259}\">\u00a0<\/span><\/p>\n<p><span data-contrast=\"auto\">Dans nos cours A2.1, votre enfant d\u00e9couvrira les subtilit\u00e9s de la langue fran\u00e7aise tout en renfor\u00e7ant ses comp\u00e9tences existantes. Des activit\u00e9s interactives et des exercices pratiques lui permettront de consolider ses bases et d&rsquo;acqu\u00e9rir les comp\u00e9tences n\u00e9cessaires pour communiquer avec assurance dans diverses situations de la vie quotidienne.<\/span><span data-ccp-props=\"{&quot;201341983&quot;:0,&quot;335559739&quot;:160,&quot;335559740&quot;:259}\">\u00a0<\/span><\/p>\n<p><span data-ccp-props=\"{&quot;201341983&quot;:0,&quot;335559739&quot;:160,&quot;335559740&quot;:259}\">\u00a0<\/span><\/p>\n<h2><b><span data-contrast=\"auto\">Un soutien personnalis\u00e9 pour une progression optimale<\/span><\/b><span data-ccp-props=\"{&quot;201341983&quot;:0,&quot;335559739&quot;:160,&quot;335559740&quot;:259}\">\u00a0<\/span><\/h2>\n<p><span data-ccp-props=\"{&quot;201341983&quot;:0,&quot;335559739&quot;:160,&quot;335559740&quot;:259}\">\u00a0<\/span><\/p>\n<p><span data-contrast=\"auto\">Nos enseignants exp\u00e9riment\u00e9s sont l\u00e0 pour soutenir votre enfant \u00e0 chaque \u00e9tape de son apprentissage. Ils cr\u00e9eront un environnement d&rsquo;apprentissage bienveillant et stimulant o\u00f9 votre enfant pourra s&rsquo;\u00e9panouir et progresser \u00e0 son propre rythme, tout en recevant une r\u00e9troaction personnalis\u00e9e pour am\u00e9liorer ses comp\u00e9tences.<\/span><span data-ccp-props=\"{&quot;201341983&quot;:0,&quot;335559739&quot;:160,&quot;335559740&quot;:259}\">\u00a0<\/span><\/p>\n<p><span data-contrast=\"none\">Nos cours A2.1 Parties 1, 2 et 3 pr\u00e9pareront votre enfant \u00e0 embrasser de nouvelles exp\u00e9riences avec confiance, en d\u00e9veloppant ses comp\u00e9tences en fran\u00e7ais. Ils se pr\u00e9pareront \u00e0 devenir des v\u00e9ritables aventuriers linguistiques !<\/span><span data-ccp-props=\"{&quot;201341983&quot;:0,&quot;335559739&quot;:160,&quot;335559740&quot;:259}\">\u00a0<\/span><\/p>\n<p><span data-contrast=\"none\">Inscrivez-les d\u00e8s aujourd&rsquo;hui et donnez leur la chance de d\u00e9couvrir tout le potentiel de la langue fran\u00e7aise !<\/span><span data-ccp-props=\"{&quot;201341983&quot;:0,&quot;335559739&quot;:160,&quot;335559740&quot;:259}\">\u00a0<\/span><\/p>\n<p><span style=\"color: #ffffff;\">\u00a0 \u00a0 \u00a0 \u00a0 \u00a0 \u00a0 \u00a0 \u00a0 \u00a0 \u00a0 \u00a0 \u00a0 \u00a0 \u00a0 \u00a0 \u00a0 \u00a0 \u00a0 \u00a0 \u00a0 \u00a0 \u00a0 \u00a0 \u00a0 \u00a0 \u00a0 \u00a0 \u00a0 \u00a0 \u00a0 \u00a0 \u00a0 \u00a0 \u00a0 \u00a0 \u00a0 \u00a0 \u00a0 <span style=\"color: #999999;\">\u00a0 \u00a0 \u00a0 \u00a0 \u00a0<\/span><\/span><a href=\"https:\/\/af.ca\/ottawa\/wp-content\/uploads\/2024\/06\/Bouton-Fil-rouge-1.png\"><img loading=\"lazy\" decoding=\"async\" class=\"alignnone wp-image-22083\" src=\"https:\/\/af.ca\/ottawa\/wp-content\/uploads\/2024\/06\/Bouton-Fil-rouge-1-300x300.png\" alt=\"\" width=\"125\" height=\"125\" srcset=\"https:\/\/af.ca\/ottawa\/wp-content\/uploads\/2024\/06\/Bouton-Fil-rouge-1-300x300.png 300w, https:\/\/af.ca\/ottawa\/wp-content\/uploads\/2024\/06\/Bouton-Fil-rouge-1-1024x1024.png 1024w, https:\/\/af.ca\/ottawa\/wp-content\/uploads\/2024\/06\/Bouton-Fil-rouge-1-150x150.png 150w, https:\/\/af.ca\/ottawa\/wp-content\/uploads\/2024\/06\/Bouton-Fil-rouge-1-768x768.png 768w, https:\/\/af.ca\/ottawa\/wp-content\/uploads\/2024\/06\/Bouton-Fil-rouge-1-125x125.png 125w, https:\/\/af.ca\/ottawa\/wp-content\/uploads\/2024\/06\/Bouton-Fil-rouge-1.png 1080w\" sizes=\"auto, (max-width: 125px) 100vw, 125px\" \/><\/a><\/p>\n<p>&nbsp;<\/p>\n<p><i><span data-contrast=\"auto\">A noter : Nos cours A1.1 Partie 1 sont sp\u00e9cialement con\u00e7us pour les enfants d\u00e9butants complets en fran\u00e7ais. Si votre enfant n&rsquo;a aucune exp\u00e9rience pr\u00e9alable dans la langue fran\u00e7aise, ce cours est parfait pour lui !<\/span><\/i><span data-ccp-props=\"{&quot;201341983&quot;:0,&quot;335559739&quot;:160,&quot;335559740&quot;:259}\">\u00a0<\/span><\/p>\n<p>&nbsp;<\/p>\n<h3><strong><span style=\"text-decoration: underline;\">Test d\u2019orientation<\/span><\/strong><\/h3>\n<p>Si votre enfant a d\u00e9j\u00e0 des bases en fran\u00e7ais, notre test d\u2019orientation est n\u00e9cessaire pour d\u00e9terminer le niveau appropri\u00e9 de cours. Ainsi, nous nous assurons qu&rsquo;il est plac\u00e9 dans le cours qui correspond le mieux \u00e0 ses besoins et \u00e0 son niveau de comp\u00e9tence.<\/p>\n<p>&nbsp;<\/p>\n<div class='kiosque-aec'><ngx-element\n selector='showProducts'\n data-product-type='21'\n data-etablishment-branch-id=''\n data-show-category-title=''\n data-lang='fr_FR'><\/ngx-element><\/div>\n<p>&nbsp;<\/p>\n<p>&nbsp;<\/p>\n<h4><strong>D\u00c9COUVREZ NOS AUTRES NIVEAUX :<\/strong><\/h4>\n<p>&nbsp;<\/p>\n<p><a href=\"https:\/\/af.ca\/ottawa\/a1-1-partie-1-2-et-3\/#\/\"><img loading=\"lazy\" decoding=\"async\" class=\"alignnone wp-image-22057\" src=\"https:\/\/af.ca\/ottawa\/wp-content\/uploads\/2024\/06\/Vignette-A1.1-Cours-pour-enfants-300x300.png\" alt=\"\" width=\"246\" height=\"246\" srcset=\"https:\/\/af.ca\/ottawa\/wp-content\/uploads\/2024\/06\/Vignette-A1.1-Cours-pour-enfants-300x300.png 300w, https:\/\/af.ca\/ottawa\/wp-content\/uploads\/2024\/06\/Vignette-A1.1-Cours-pour-enfants-1024x1024.png 1024w, https:\/\/af.ca\/ottawa\/wp-content\/uploads\/2024\/06\/Vignette-A1.1-Cours-pour-enfants-150x150.png 150w, https:\/\/af.ca\/ottawa\/wp-content\/uploads\/2024\/06\/Vignette-A1.1-Cours-pour-enfants-768x768.png 768w, https:\/\/af.ca\/ottawa\/wp-content\/uploads\/2024\/06\/Vignette-A1.1-Cours-pour-enfants-125x125.png 125w, https:\/\/af.ca\/ottawa\/wp-content\/uploads\/2024\/06\/Vignette-A1.1-Cours-pour-enfants.png 1080w\" sizes=\"auto, (max-width: 246px) 100vw, 246px\" \/><\/a>\u00a0 \u00a0 <a href=\"https:\/\/af.ca\/ottawa\/a1-2-partie-1-2-et-3\/#\/\"><img loading=\"lazy\" decoding=\"async\" class=\"alignnone wp-image-22059\" src=\"https:\/\/af.ca\/ottawa\/wp-content\/uploads\/2024\/06\/Vignette-A1.2-Cours-pour-enfants-300x300.png\" alt=\"\" width=\"246\" height=\"246\" srcset=\"https:\/\/af.ca\/ottawa\/wp-content\/uploads\/2024\/06\/Vignette-A1.2-Cours-pour-enfants-300x300.png 300w, https:\/\/af.ca\/ottawa\/wp-content\/uploads\/2024\/06\/Vignette-A1.2-Cours-pour-enfants-1024x1024.png 1024w, https:\/\/af.ca\/ottawa\/wp-content\/uploads\/2024\/06\/Vignette-A1.2-Cours-pour-enfants-150x150.png 150w, https:\/\/af.ca\/ottawa\/wp-content\/uploads\/2024\/06\/Vignette-A1.2-Cours-pour-enfants-768x768.png 768w, https:\/\/af.ca\/ottawa\/wp-content\/uploads\/2024\/06\/Vignette-A1.2-Cours-pour-enfants-125x125.png 125w, https:\/\/af.ca\/ottawa\/wp-content\/uploads\/2024\/06\/Vignette-A1.2-Cours-pour-enfants.png 1080w\" sizes=\"auto, (max-width: 246px) 100vw, 246px\" \/><\/a><\/p>\n","protected":false},"excerpt":{"rendered":"<p>&nbsp; CALENDRIER DE LA SESSION BLOSSOM KIDS La session BLOSSOM KIDS 2026 :\u00a0 du 14 avril au 8 juillet Votre enfant est pr\u00eat \u00e0 franchir une nouvelle \u00e9tape passionnante dans son voyage linguistique ? Nos cours A2.1 Parties 1, 2 et 3 sont con\u00e7us pour les \u00e9tudiants d\u00e9butants interm\u00e9diaires qui souhaitent approfondir leurs comp\u00e9tences en&#8230;<\/p>\n<p><a class=\"button invert-primary\" href=\"https:\/\/af.ca\/ottawa\/a2-1-partie-1-2-et-3\/\">En savoir plus<\/a><\/p>\n","protected":false},"author":3,"featured_media":0,"parent":0,"menu_order":26,"comment_status":"closed","ping_status":"closed","template":"templates\/cours.php","meta":{"_acf_changed":false,"om_disable_all_campaigns":false,"_monsterinsights_skip_tracking":false,"_monsterinsights_sitenote_active":false,"_monsterinsights_sitenote_note":"","_monsterinsights_sitenote_category":0,"footnotes":""},"class_list":["post-22119","page","type-page","status-publish","hentry"],"acf":[],"yoast_head":"<!-- This site is optimized with the Yoast SEO plugin v27.3 - https:\/\/yoast.com\/product\/yoast-seo-wordpress\/ -->\n<title>A2.1 parties 1, 2 et 3 - Alliance Fran\u00e7aise Ottawa<\/title>\n<meta name=\"description\" content=\"Cours pour \u00e9tudiants d\u00e9butants interm\u00e9diaires qui souhaitent approfondir leurs comp\u00e9tences en fran\u00e7ais et explorer de nouveaux horizons.\u00a0\" \/>\n<meta name=\"robots\" content=\"index, follow, max-snippet:-1, max-image-preview:large, max-video-preview:-1\" \/>\n<link rel=\"canonical\" href=\"https:\/\/af.ca\/ottawa\/a2-1-partie-1-2-et-3\/\" \/>\n<meta property=\"og:locale\" content=\"fr_FR\" \/>\n<meta property=\"og:type\" content=\"article\" \/>\n<meta property=\"og:title\" content=\"Cours de fran\u00e7ais pour enfants d\u00e9butants interm\u00e9diaires\" \/>\n<meta property=\"og:description\" content=\"Cours pour \u00e9tudiants d\u00e9butants interm\u00e9diaires qui souhaitent approfondir leurs comp\u00e9tences en fran\u00e7ais et explorer de nouveaux horizons.\u00a0\" \/>\n<meta property=\"og:url\" content=\"https:\/\/af.ca\/ottawa\/a2-1-partie-1-2-et-3\/\" \/>\n<meta property=\"og:site_name\" content=\"Alliance Fran\u00e7aise Ottawa\" \/>\n<meta property=\"article:modified_time\" content=\"2026-03-17T15:21:38+00:00\" \/>\n<meta property=\"og:image\" content=\"https:\/\/af.ca\/ottawa\/wp-content\/uploads\/2024\/06\/Image-A1.3-1024x576.png\" \/>\n\t<meta property=\"og:image:width\" content=\"1024\" \/>\n\t<meta property=\"og:image:height\" content=\"576\" \/>\n\t<meta property=\"og:image:type\" content=\"image\/png\" \/>\n<meta name=\"twitter:card\" content=\"summary_large_image\" \/>\n<meta name=\"twitter:label1\" content=\"Dur\u00e9e de lecture estim\u00e9e\" \/>\n\t<meta name=\"twitter:data1\" content=\"3 minutes\" \/>\n<script type=\"application\/ld+json\" class=\"yoast-schema-graph\">{\"@context\":\"https:\\\/\\\/schema.org\",\"@graph\":[{\"@type\":\"WebPage\",\"@id\":\"https:\\\/\\\/af.ca\\\/ottawa\\\/a2-1-partie-1-2-et-3\\\/\",\"url\":\"https:\\\/\\\/af.ca\\\/ottawa\\\/a2-1-partie-1-2-et-3\\\/\",\"name\":\"A2.1 parties 1, 2 et 3 - Alliance Fran\u00e7aise Ottawa\",\"isPartOf\":{\"@id\":\"https:\\\/\\\/af.ca\\\/ottawa\\\/#website\"},\"primaryImageOfPage\":{\"@id\":\"https:\\\/\\\/af.ca\\\/ottawa\\\/a2-1-partie-1-2-et-3\\\/#primaryimage\"},\"image\":{\"@id\":\"https:\\\/\\\/af.ca\\\/ottawa\\\/a2-1-partie-1-2-et-3\\\/#primaryimage\"},\"thumbnailUrl\":\"https:\\\/\\\/af.ca\\\/ottawa\\\/wp-content\\\/uploads\\\/2024\\\/06\\\/Image-A1.3-300x169.png\",\"datePublished\":\"2024-06-25T15:20:38+00:00\",\"dateModified\":\"2026-03-17T15:21:38+00:00\",\"description\":\"Cours pour \u00e9tudiants d\u00e9butants interm\u00e9diaires qui souhaitent approfondir leurs comp\u00e9tences en fran\u00e7ais et explorer de nouveaux horizons.\u00a0\",\"breadcrumb\":{\"@id\":\"https:\\\/\\\/af.ca\\\/ottawa\\\/a2-1-partie-1-2-et-3\\\/#breadcrumb\"},\"inLanguage\":\"fr-FR\",\"potentialAction\":[{\"@type\":\"ReadAction\",\"target\":[\"https:\\\/\\\/af.ca\\\/ottawa\\\/a2-1-partie-1-2-et-3\\\/\"]}]},{\"@type\":\"ImageObject\",\"inLanguage\":\"fr-FR\",\"@id\":\"https:\\\/\\\/af.ca\\\/ottawa\\\/a2-1-partie-1-2-et-3\\\/#primaryimage\",\"url\":\"https:\\\/\\\/af.ca\\\/ottawa\\\/wp-content\\\/uploads\\\/2024\\\/06\\\/Image-A1.3.png\",\"contentUrl\":\"https:\\\/\\\/af.ca\\\/ottawa\\\/wp-content\\\/uploads\\\/2024\\\/06\\\/Image-A1.3.png\",\"width\":1920,\"height\":1080},{\"@type\":\"BreadcrumbList\",\"@id\":\"https:\\\/\\\/af.ca\\\/ottawa\\\/a2-1-partie-1-2-et-3\\\/#breadcrumb\",\"itemListElement\":[{\"@type\":\"ListItem\",\"position\":1,\"name\":\"Home\",\"item\":\"https:\\\/\\\/af.ca\\\/ottawa\\\/\"},{\"@type\":\"ListItem\",\"position\":2,\"name\":\"A2.1 parties 1, 2 et 3\"}]},{\"@type\":\"WebSite\",\"@id\":\"https:\\\/\\\/af.ca\\\/ottawa\\\/#website\",\"url\":\"https:\\\/\\\/af.ca\\\/ottawa\\\/\",\"name\":\"Alliance Fran\u00e7aise Ottawa\",\"description\":\"\u00c9cole de langue fran\u00e7aise et centre culturel\",\"potentialAction\":[{\"@type\":\"SearchAction\",\"target\":{\"@type\":\"EntryPoint\",\"urlTemplate\":\"https:\\\/\\\/af.ca\\\/ottawa\\\/?s={search_term_string}\"},\"query-input\":{\"@type\":\"PropertyValueSpecification\",\"valueRequired\":true,\"valueName\":\"search_term_string\"}}],\"inLanguage\":\"fr-FR\"}]}<\/script>\n<!-- \/ Yoast SEO plugin. -->","yoast_head_json":{"title":"A2.1 parties 1, 2 et 3 - Alliance Fran\u00e7aise Ottawa","description":"Cours pour \u00e9tudiants d\u00e9butants interm\u00e9diaires qui souhaitent approfondir leurs comp\u00e9tences en fran\u00e7ais et explorer de nouveaux horizons.\u00a0","robots":{"index":"index","follow":"follow","max-snippet":"max-snippet:-1","max-image-preview":"max-image-preview:large","max-video-preview":"max-video-preview:-1"},"canonical":"https:\/\/af.ca\/ottawa\/a2-1-partie-1-2-et-3\/","og_locale":"fr_FR","og_type":"article","og_title":"Cours de fran\u00e7ais pour enfants d\u00e9butants interm\u00e9diaires","og_description":"Cours pour \u00e9tudiants d\u00e9butants interm\u00e9diaires qui souhaitent approfondir leurs comp\u00e9tences en fran\u00e7ais et explorer de nouveaux horizons.\u00a0","og_url":"https:\/\/af.ca\/ottawa\/a2-1-partie-1-2-et-3\/","og_site_name":"Alliance Fran\u00e7aise Ottawa","article_modified_time":"2026-03-17T15:21:38+00:00","og_image":[{"width":1024,"height":576,"url":"https:\/\/af.ca\/ottawa\/wp-content\/uploads\/2024\/06\/Image-A1.3-1024x576.png","type":"image\/png"}],"twitter_card":"summary_large_image","twitter_misc":{"Dur\u00e9e de lecture estim\u00e9e":"3 minutes"},"schema":{"@context":"https:\/\/schema.org","@graph":[{"@type":"WebPage","@id":"https:\/\/af.ca\/ottawa\/a2-1-partie-1-2-et-3\/","url":"https:\/\/af.ca\/ottawa\/a2-1-partie-1-2-et-3\/","name":"A2.1 parties 1, 2 et 3 - Alliance Fran\u00e7aise Ottawa","isPartOf":{"@id":"https:\/\/af.ca\/ottawa\/#website"},"primaryImageOfPage":{"@id":"https:\/\/af.ca\/ottawa\/a2-1-partie-1-2-et-3\/#primaryimage"},"image":{"@id":"https:\/\/af.ca\/ottawa\/a2-1-partie-1-2-et-3\/#primaryimage"},"thumbnailUrl":"https:\/\/af.ca\/ottawa\/wp-content\/uploads\/2024\/06\/Image-A1.3-300x169.png","datePublished":"2024-06-25T15:20:38+00:00","dateModified":"2026-03-17T15:21:38+00:00","description":"Cours pour \u00e9tudiants d\u00e9butants interm\u00e9diaires qui souhaitent approfondir leurs comp\u00e9tences en fran\u00e7ais et explorer de nouveaux horizons.\u00a0","breadcrumb":{"@id":"https:\/\/af.ca\/ottawa\/a2-1-partie-1-2-et-3\/#breadcrumb"},"inLanguage":"fr-FR","potentialAction":[{"@type":"ReadAction","target":["https:\/\/af.ca\/ottawa\/a2-1-partie-1-2-et-3\/"]}]},{"@type":"ImageObject","inLanguage":"fr-FR","@id":"https:\/\/af.ca\/ottawa\/a2-1-partie-1-2-et-3\/#primaryimage","url":"https:\/\/af.ca\/ottawa\/wp-content\/uploads\/2024\/06\/Image-A1.3.png","contentUrl":"https:\/\/af.ca\/ottawa\/wp-content\/uploads\/2024\/06\/Image-A1.3.png","width":1920,"height":1080},{"@type":"BreadcrumbList","@id":"https:\/\/af.ca\/ottawa\/a2-1-partie-1-2-et-3\/#breadcrumb","itemListElement":[{"@type":"ListItem","position":1,"name":"Home","item":"https:\/\/af.ca\/ottawa\/"},{"@type":"ListItem","position":2,"name":"A2.1 parties 1, 2 et 3"}]},{"@type":"WebSite","@id":"https:\/\/af.ca\/ottawa\/#website","url":"https:\/\/af.ca\/ottawa\/","name":"Alliance Fran\u00e7aise Ottawa","description":"\u00c9cole de langue fran\u00e7aise et centre culturel","potentialAction":[{"@type":"SearchAction","target":{"@type":"EntryPoint","urlTemplate":"https:\/\/af.ca\/ottawa\/?s={search_term_string}"},"query-input":{"@type":"PropertyValueSpecification","valueRequired":true,"valueName":"search_term_string"}}],"inLanguage":"fr-FR"}]}},"blog_post_layout_featured_media_urls":{"thumbnail":"","full":""},"categories_names":null,"comments_number":"0","_links":{"self":[{"href":"https:\/\/af.ca\/ottawa\/wp-json\/wp\/v2\/pages\/22119","targetHints":{"allow":["GET"]}}],"collection":[{"href":"https:\/\/af.ca\/ottawa\/wp-json\/wp\/v2\/pages"}],"about":[{"href":"https:\/\/af.ca\/ottawa\/wp-json\/wp\/v2\/types\/page"}],"author":[{"embeddable":true,"href":"https:\/\/af.ca\/ottawa\/wp-json\/wp\/v2\/users\/3"}],"replies":[{"embeddable":true,"href":"https:\/\/af.ca\/ottawa\/wp-json\/wp\/v2\/comments?post=22119"}],"version-history":[{"count":2,"href":"https:\/\/af.ca\/ottawa\/wp-json\/wp\/v2\/pages\/22119\/revisions"}],"predecessor-version":[{"id":25258,"href":"https:\/\/af.ca\/ottawa\/wp-json\/wp\/v2\/pages\/22119\/revisions\/25258"}],"wp:attachment":[{"href":"https:\/\/af.ca\/ottawa\/wp-json\/wp\/v2\/media?parent=22119"}],"curies":[{"name":"wp","href":"https:\/\/api.w.org\/{rel}","templated":true}]}}