{"id":22346,"date":"2024-08-29T13:07:47","date_gmt":"2024-08-29T17:07:47","guid":{"rendered":"https:\/\/af.ca\/ottawa\/?page_id=22346"},"modified":"2026-03-31T10:58:45","modified_gmt":"2026-03-31T14:58:45","slug":"ateliers-danglais-professionnel","status":"publish","type":"page","link":"https:\/\/af.ca\/ottawa\/ateliers-danglais-professionnel\/","title":{"rendered":"Ateliers d&rsquo;anglais professionnel"},"content":{"rendered":"<p><a href=\"https:\/\/af.ca\/ottawa\/wp-content\/uploads\/2024\/07\/fgjhepee.png\"><img loading=\"lazy\" decoding=\"async\" class=\"alignnone wp-image-22365\" src=\"https:\/\/af.ca\/ottawa\/wp-content\/uploads\/2024\/07\/fgjhepee-300x169.png\" alt=\"\" width=\"841\" height=\"474\" srcset=\"https:\/\/af.ca\/ottawa\/wp-content\/uploads\/2024\/07\/fgjhepee-300x169.png 300w, https:\/\/af.ca\/ottawa\/wp-content\/uploads\/2024\/07\/fgjhepee-1024x576.png 1024w, https:\/\/af.ca\/ottawa\/wp-content\/uploads\/2024\/07\/fgjhepee-768x432.png 768w, https:\/\/af.ca\/ottawa\/wp-content\/uploads\/2024\/07\/fgjhepee-1536x864.png 1536w, https:\/\/af.ca\/ottawa\/wp-content\/uploads\/2024\/07\/fgjhepee.png 1920w\" sizes=\"auto, (max-width: 841px) 100vw, 841px\" \/><\/a><\/p>\n<p><span data-contrast=\"auto\">Nos ateliers d\u2019anglais professionnel sont soigneusement \u00e9labor\u00e9s pour offrir une exp\u00e9rience d&rsquo;apprentissage enrichissante et adapt\u00e9e \u00e0 vos objectifs individuels. Que vous soyez un professionnel cherchant \u00e0 renforcer vos comp\u00e9tences orales de bases ou un apprenant plus avanc\u00e9 souhaitant d\u00e9velopper votre communication dans des situations professionnelles plus complexes, nous avons le programme id\u00e9al pour vous.<\/span><span data-ccp-props=\"{&quot;201341983&quot;:0,&quot;335559739&quot;:160,&quot;335559740&quot;:259}\">\u00a0<\/span><\/p>\n<p><span data-contrast=\"auto\">Nos ateliers d\u2019anglais professionnel sont dispens\u00e9s en ligne par des formateurs hautement qualifi\u00e9s et exp\u00e9riment\u00e9s, qui sont d\u00e9vou\u00e9s \u00e0 votre r\u00e9ussite linguistique. En mettant l&rsquo;accent sur la pratique authentique, la conversation en situation r\u00e9elle et les activit\u00e9s interactives, nos ateliers vous permettront de d\u00e9velopper vos comp\u00e9tences linguistiques de mani\u00e8re efficace et durable.<\/span><span data-ccp-props=\"{&quot;201341983&quot;:0,&quot;335559739&quot;:160,&quot;335559740&quot;:259}\">\u00a0<\/span><\/p>\n<p><span data-contrast=\"auto\">En choisissant l&rsquo;Alliance Fran\u00e7aise Ottawa pour vos besoins en anglais professionnel, vous b\u00e9n\u00e9ficierez non seulement d&rsquo;un environnement d&rsquo;apprentissage dynamique et stimulant, mais \u00e9galement d&rsquo;un r\u00e9seau de professionnels avec lesquels vous pourrez \u00e9changer des id\u00e9es et des exp\u00e9riences pr\u00e9cieuses.<\/span><span data-ccp-props=\"{&quot;201341983&quot;:0,&quot;335559739&quot;:160,&quot;335559740&quot;:259}\">\u00a0<\/span><\/p>\n<p><span data-contrast=\"auto\">Rejoignez-nous d\u00e8s aujourd&rsquo;hui et donnez un coup de pouce \u00e0 votre carri\u00e8re avec nos ateliers en anglais professionnel \u00e0 l&rsquo;Alliance Fran\u00e7aise Ottawa.<\/span><\/p>\n<p>&nbsp;<\/p>\n<h3><span style=\"text-decoration: underline;\"><strong>Test d\u2019orientation\u00a0<\/strong><\/span><\/h3>\n<p><span data-contrast=\"auto\">Le test d\u2019orientation est obligatoire pour d\u00e9terminer le niveau appropri\u00e9 de cours.<\/span><\/p>\n<div class='kiosque-aec'><ngx-element\n selector='showProducts'\n data-product-type='22'\n data-etablishment-branch-id=''\n data-show-category-title=''\n data-lang='fr_FR'><\/ngx-element><\/div>\n<p>&nbsp;<\/p>\n","protected":false},"excerpt":{"rendered":"<p>Nos ateliers d\u2019anglais professionnel sont soigneusement \u00e9labor\u00e9s pour offrir une exp\u00e9rience d&rsquo;apprentissage enrichissante et adapt\u00e9e \u00e0 vos objectifs individuels. Que vous soyez un professionnel cherchant \u00e0 renforcer vos comp\u00e9tences orales de bases ou un apprenant plus avanc\u00e9 souhaitant d\u00e9velopper votre communication dans des situations professionnelles plus complexes, nous avons le programme id\u00e9al pour vous.\u00a0 Nos&#8230;<\/p>\n<p><a class=\"button invert-primary\" href=\"https:\/\/af.ca\/ottawa\/ateliers-danglais-professionnel\/\">En savoir plus<\/a><\/p>\n","protected":false},"author":3,"featured_media":0,"parent":0,"menu_order":15,"comment_status":"closed","ping_status":"closed","template":"templates\/cours.php","meta":{"_acf_changed":false,"om_disable_all_campaigns":false,"_monsterinsights_skip_tracking":false,"_monsterinsights_sitenote_active":false,"_monsterinsights_sitenote_note":"","_monsterinsights_sitenote_category":0,"footnotes":""},"class_list":["post-22346","page","type-page","status-publish","hentry"],"acf":[],"yoast_head":"<!-- This site is optimized with the Yoast SEO plugin v27.4 - https:\/\/yoast.com\/product\/yoast-seo-wordpress\/ -->\n<title>Ateliers d&#039;anglais professionnel - Alliance Fran\u00e7aise Ottawa<\/title>\n<meta name=\"description\" content=\"Renforcez vos comp\u00e9tences orales ou am\u00e9liorez votre communication dans des situations professionnelles complexes gr\u00e2ce \u00e0 nos ateliers d&#039;anglais professionnel.\" \/>\n<meta name=\"robots\" content=\"index, follow, max-snippet:-1, max-image-preview:large, max-video-preview:-1\" \/>\n<link rel=\"canonical\" href=\"https:\/\/af.ca\/ottawa\/ateliers-danglais-professionnel\/\" \/>\n<meta property=\"og:locale\" content=\"fr_FR\" \/>\n<meta property=\"og:type\" content=\"article\" \/>\n<meta property=\"og:title\" content=\"Ateliers d\u2019anglais professionnel\" \/>\n<meta property=\"og:description\" content=\"Renforcez vos comp\u00e9tences orales ou am\u00e9liorez votre communication dans des situations professionnelles complexes gr\u00e2ce \u00e0 nos ateliers d&#039;anglais professionnel.\" \/>\n<meta property=\"og:url\" content=\"https:\/\/af.ca\/ottawa\/ateliers-danglais-professionnel\/\" \/>\n<meta property=\"og:site_name\" content=\"Alliance Fran\u00e7aise Ottawa\" \/>\n<meta property=\"article:modified_time\" content=\"2026-03-31T14:58:45+00:00\" \/>\n<meta property=\"og:image\" content=\"https:\/\/af.ca\/ottawa\/wp-content\/uploads\/2024\/07\/fgjhepee-1024x576.png\" \/>\n\t<meta property=\"og:image:width\" content=\"1024\" \/>\n\t<meta property=\"og:image:height\" content=\"576\" \/>\n\t<meta property=\"og:image:type\" content=\"image\/png\" \/>\n<meta name=\"twitter:card\" content=\"summary_large_image\" \/>\n<meta name=\"twitter:label1\" content=\"Dur\u00e9e de lecture estim\u00e9e\" \/>\n\t<meta name=\"twitter:data1\" content=\"1 minute\" \/>\n<script type=\"application\/ld+json\" class=\"yoast-schema-graph\">{\"@context\":\"https:\\\/\\\/schema.org\",\"@graph\":[{\"@type\":\"WebPage\",\"@id\":\"https:\\\/\\\/af.ca\\\/ottawa\\\/ateliers-danglais-professionnel\\\/\",\"url\":\"https:\\\/\\\/af.ca\\\/ottawa\\\/ateliers-danglais-professionnel\\\/\",\"name\":\"Ateliers d'anglais professionnel - Alliance Fran\u00e7aise Ottawa\",\"isPartOf\":{\"@id\":\"https:\\\/\\\/af.ca\\\/ottawa\\\/#website\"},\"primaryImageOfPage\":{\"@id\":\"https:\\\/\\\/af.ca\\\/ottawa\\\/ateliers-danglais-professionnel\\\/#primaryimage\"},\"image\":{\"@id\":\"https:\\\/\\\/af.ca\\\/ottawa\\\/ateliers-danglais-professionnel\\\/#primaryimage\"},\"thumbnailUrl\":\"https:\\\/\\\/af.ca\\\/ottawa\\\/wp-content\\\/uploads\\\/2024\\\/07\\\/fgjhepee-300x169.png\",\"datePublished\":\"2024-08-29T17:07:47+00:00\",\"dateModified\":\"2026-03-31T14:58:45+00:00\",\"description\":\"Renforcez vos comp\u00e9tences orales ou am\u00e9liorez votre communication dans des situations professionnelles complexes gr\u00e2ce \u00e0 nos ateliers d'anglais professionnel.\",\"breadcrumb\":{\"@id\":\"https:\\\/\\\/af.ca\\\/ottawa\\\/ateliers-danglais-professionnel\\\/#breadcrumb\"},\"inLanguage\":\"fr-FR\",\"potentialAction\":[{\"@type\":\"ReadAction\",\"target\":[\"https:\\\/\\\/af.ca\\\/ottawa\\\/ateliers-danglais-professionnel\\\/\"]}]},{\"@type\":\"ImageObject\",\"inLanguage\":\"fr-FR\",\"@id\":\"https:\\\/\\\/af.ca\\\/ottawa\\\/ateliers-danglais-professionnel\\\/#primaryimage\",\"url\":\"https:\\\/\\\/af.ca\\\/ottawa\\\/wp-content\\\/uploads\\\/2024\\\/07\\\/fgjhepee.png\",\"contentUrl\":\"https:\\\/\\\/af.ca\\\/ottawa\\\/wp-content\\\/uploads\\\/2024\\\/07\\\/fgjhepee.png\",\"width\":1920,\"height\":1080},{\"@type\":\"BreadcrumbList\",\"@id\":\"https:\\\/\\\/af.ca\\\/ottawa\\\/ateliers-danglais-professionnel\\\/#breadcrumb\",\"itemListElement\":[{\"@type\":\"ListItem\",\"position\":1,\"name\":\"Home\",\"item\":\"https:\\\/\\\/af.ca\\\/ottawa\\\/\"},{\"@type\":\"ListItem\",\"position\":2,\"name\":\"Ateliers d&#8217;anglais professionnel\"}]},{\"@type\":\"WebSite\",\"@id\":\"https:\\\/\\\/af.ca\\\/ottawa\\\/#website\",\"url\":\"https:\\\/\\\/af.ca\\\/ottawa\\\/\",\"name\":\"Alliance Fran\u00e7aise Ottawa\",\"description\":\"\u00c9cole de langue fran\u00e7aise et centre culturel\",\"potentialAction\":[{\"@type\":\"SearchAction\",\"target\":{\"@type\":\"EntryPoint\",\"urlTemplate\":\"https:\\\/\\\/af.ca\\\/ottawa\\\/?s={search_term_string}\"},\"query-input\":{\"@type\":\"PropertyValueSpecification\",\"valueRequired\":true,\"valueName\":\"search_term_string\"}}],\"inLanguage\":\"fr-FR\"}]}<\/script>\n<!-- \/ Yoast SEO plugin. -->","yoast_head_json":{"title":"Ateliers d'anglais professionnel - Alliance Fran\u00e7aise Ottawa","description":"Renforcez vos comp\u00e9tences orales ou am\u00e9liorez votre communication dans des situations professionnelles complexes gr\u00e2ce \u00e0 nos ateliers d'anglais professionnel.","robots":{"index":"index","follow":"follow","max-snippet":"max-snippet:-1","max-image-preview":"max-image-preview:large","max-video-preview":"max-video-preview:-1"},"canonical":"https:\/\/af.ca\/ottawa\/ateliers-danglais-professionnel\/","og_locale":"fr_FR","og_type":"article","og_title":"Ateliers d\u2019anglais professionnel","og_description":"Renforcez vos comp\u00e9tences orales ou am\u00e9liorez votre communication dans des situations professionnelles complexes gr\u00e2ce \u00e0 nos ateliers d'anglais professionnel.","og_url":"https:\/\/af.ca\/ottawa\/ateliers-danglais-professionnel\/","og_site_name":"Alliance Fran\u00e7aise Ottawa","article_modified_time":"2026-03-31T14:58:45+00:00","og_image":[{"width":1024,"height":576,"url":"https:\/\/af.ca\/ottawa\/wp-content\/uploads\/2024\/07\/fgjhepee-1024x576.png","type":"image\/png"}],"twitter_card":"summary_large_image","twitter_misc":{"Dur\u00e9e de lecture estim\u00e9e":"1 minute"},"schema":{"@context":"https:\/\/schema.org","@graph":[{"@type":"WebPage","@id":"https:\/\/af.ca\/ottawa\/ateliers-danglais-professionnel\/","url":"https:\/\/af.ca\/ottawa\/ateliers-danglais-professionnel\/","name":"Ateliers d'anglais professionnel - Alliance Fran\u00e7aise Ottawa","isPartOf":{"@id":"https:\/\/af.ca\/ottawa\/#website"},"primaryImageOfPage":{"@id":"https:\/\/af.ca\/ottawa\/ateliers-danglais-professionnel\/#primaryimage"},"image":{"@id":"https:\/\/af.ca\/ottawa\/ateliers-danglais-professionnel\/#primaryimage"},"thumbnailUrl":"https:\/\/af.ca\/ottawa\/wp-content\/uploads\/2024\/07\/fgjhepee-300x169.png","datePublished":"2024-08-29T17:07:47+00:00","dateModified":"2026-03-31T14:58:45+00:00","description":"Renforcez vos comp\u00e9tences orales ou am\u00e9liorez votre communication dans des situations professionnelles complexes gr\u00e2ce \u00e0 nos ateliers d'anglais professionnel.","breadcrumb":{"@id":"https:\/\/af.ca\/ottawa\/ateliers-danglais-professionnel\/#breadcrumb"},"inLanguage":"fr-FR","potentialAction":[{"@type":"ReadAction","target":["https:\/\/af.ca\/ottawa\/ateliers-danglais-professionnel\/"]}]},{"@type":"ImageObject","inLanguage":"fr-FR","@id":"https:\/\/af.ca\/ottawa\/ateliers-danglais-professionnel\/#primaryimage","url":"https:\/\/af.ca\/ottawa\/wp-content\/uploads\/2024\/07\/fgjhepee.png","contentUrl":"https:\/\/af.ca\/ottawa\/wp-content\/uploads\/2024\/07\/fgjhepee.png","width":1920,"height":1080},{"@type":"BreadcrumbList","@id":"https:\/\/af.ca\/ottawa\/ateliers-danglais-professionnel\/#breadcrumb","itemListElement":[{"@type":"ListItem","position":1,"name":"Home","item":"https:\/\/af.ca\/ottawa\/"},{"@type":"ListItem","position":2,"name":"Ateliers d&#8217;anglais professionnel"}]},{"@type":"WebSite","@id":"https:\/\/af.ca\/ottawa\/#website","url":"https:\/\/af.ca\/ottawa\/","name":"Alliance Fran\u00e7aise Ottawa","description":"\u00c9cole de langue fran\u00e7aise et centre culturel","potentialAction":[{"@type":"SearchAction","target":{"@type":"EntryPoint","urlTemplate":"https:\/\/af.ca\/ottawa\/?s={search_term_string}"},"query-input":{"@type":"PropertyValueSpecification","valueRequired":true,"valueName":"search_term_string"}}],"inLanguage":"fr-FR"}]}},"blog_post_layout_featured_media_urls":{"thumbnail":"","full":""},"categories_names":null,"comments_number":"0","_links":{"self":[{"href":"https:\/\/af.ca\/ottawa\/wp-json\/wp\/v2\/pages\/22346","targetHints":{"allow":["GET"]}}],"collection":[{"href":"https:\/\/af.ca\/ottawa\/wp-json\/wp\/v2\/pages"}],"about":[{"href":"https:\/\/af.ca\/ottawa\/wp-json\/wp\/v2\/types\/page"}],"author":[{"embeddable":true,"href":"https:\/\/af.ca\/ottawa\/wp-json\/wp\/v2\/users\/3"}],"replies":[{"embeddable":true,"href":"https:\/\/af.ca\/ottawa\/wp-json\/wp\/v2\/comments?post=22346"}],"version-history":[{"count":5,"href":"https:\/\/af.ca\/ottawa\/wp-json\/wp\/v2\/pages\/22346\/revisions"}],"predecessor-version":[{"id":25319,"href":"https:\/\/af.ca\/ottawa\/wp-json\/wp\/v2\/pages\/22346\/revisions\/25319"}],"wp:attachment":[{"href":"https:\/\/af.ca\/ottawa\/wp-json\/wp\/v2\/media?parent=22346"}],"curies":[{"name":"wp","href":"https:\/\/api.w.org\/{rel}","templated":true}]}}