{"id":23137,"date":"2024-12-17T10:03:40","date_gmt":"2024-12-17T15:03:40","guid":{"rendered":"https:\/\/af.ca\/ottawa\/?page_id=23137"},"modified":"2024-12-17T10:17:26","modified_gmt":"2024-12-17T15:17:26","slug":"concert-maxime-zecchini","status":"publish","type":"page","link":"https:\/\/af.ca\/ottawa\/concert-maxime-zecchini\/","title":{"rendered":"Concert Maxime Zecchini"},"content":{"rendered":"<p><a href=\"https:\/\/af.ca\/ottawa\/wp-content\/uploads\/2024\/12\/Concert-Maxime-Zecchini-meetup-eventbrite-site-1.png\"><img loading=\"lazy\" decoding=\"async\" class=\"alignnone wp-image-23142\" src=\"https:\/\/af.ca\/ottawa\/wp-content\/uploads\/2024\/12\/Concert-Maxime-Zecchini-meetup-eventbrite-site-1-300x157.png\" alt=\"\" width=\"733\" height=\"384\" srcset=\"https:\/\/af.ca\/ottawa\/wp-content\/uploads\/2024\/12\/Concert-Maxime-Zecchini-meetup-eventbrite-site-1-300x157.png 300w, https:\/\/af.ca\/ottawa\/wp-content\/uploads\/2024\/12\/Concert-Maxime-Zecchini-meetup-eventbrite-site-1-1024x536.png 1024w, https:\/\/af.ca\/ottawa\/wp-content\/uploads\/2024\/12\/Concert-Maxime-Zecchini-meetup-eventbrite-site-1-768x402.png 768w, https:\/\/af.ca\/ottawa\/wp-content\/uploads\/2024\/12\/Concert-Maxime-Zecchini-meetup-eventbrite-site-1.png 1200w\" sizes=\"auto, (max-width: 733px) 100vw, 733px\" \/><\/a><\/p>\n<p>L\u2019Alliance Fran\u00e7aise Ottawa est fi\u00e8re d\u2019annoncer le concert du pianiste fran\u00e7ais Maxime Zecchini le samedi 18 janvier 2025. Internationalement reconnu, le pianiste fran\u00e7ais Maxime Zecchini pr\u00e9sente un r\u00e9pertoire vari\u00e9 allant de la musique classique \u00e0 la com\u00e9die musicale, jou\u00e9 uniquement de la main gauche.<\/p>\n<p>Cr\u00e9ant l\u2019illusion d\u2019un jeu \u00e0 deux mains, il met en lumi\u00e8re les immenses possibilit\u00e9s de la main gauche, tout en offrant au public une performance virtuose, spectaculaire et d\u2019une grande richesse po\u00e9tique. Cette interpr\u00e9tation exceptionnelle exige une telle synchronisation corporelle et une telle \u00e9nergie, qu\u2019elle est aussi fascinante \u00e0 \u00e9couter qu\u2019\u00e0 regarder.<\/p>\n<p>Avec sa ma\u00eetrise technique et sa sensibilit\u00e9 artistique, Maxime Zecchini promet une performance aussi spectaculaire \u00e0 \u00e9couter qu\u2019\u00e0 voir, r\u00e9v\u00e9lant toute la puissance expressive de la main gauche. Ne manquez pas cette occasion rare de d\u00e9couvrir un artiste et un r\u00e9pertoire exceptionnels dans un cadre intime.<\/p>\n<p>\ud83d\udccdMackay United Church, Ottawa-Canada<br \/>\n\ud83d\uddd3 Le samedi 18 janvier 2025<br \/>\n\ud83d\udd57 Ouverture des portes 19h00<br \/>\n\ud83d\udcb230 $- 30% de r\u00e9duction pour les membres de l&rsquo;AFO<\/p>\n<p><a href=\"https:\/\/af.ca\/ottawa\/details-de-levenement\/?eventId=1035#\/\"><img loading=\"lazy\" decoding=\"async\" class=\"alignnone wp-image-18690\" src=\"https:\/\/af.ca\/ottawa\/wp-content\/uploads\/2022\/08\/Bouton-site-internet-fr-300x47.png\" sizes=\"auto, (max-width: 377px) 100vw, 377px\" srcset=\"https:\/\/af.ca\/ottawa\/wp-content\/uploads\/2022\/08\/Bouton-site-internet-fr-300x47.png 300w, https:\/\/af.ca\/ottawa\/wp-content\/uploads\/2022\/08\/Bouton-site-internet-fr-768x120.png 768w, https:\/\/af.ca\/ottawa\/wp-content\/uploads\/2022\/08\/Bouton-site-internet-fr.png 827w\" alt=\"\" width=\"377\" height=\"59\" \/><\/a><\/p>\n<p><strong>Un r\u00e9cital de haut vol : chefs-d&rsquo;\u0153uvre et virtuosit\u00e9 pour la main gauche<\/strong><\/p>\n<p>Lors de ce r\u00e9cital, Maxime Zecchini interpr\u00e9tera des \u0153uvres embl\u00e9matiques de la musique fran\u00e7aise, offrant un voyage musical aux c\u00f4t\u00e9s de Gabriel Faur\u00e9 (<em>Apr\u00e8s un r\u00eave<\/em>, <em>Clair de Lune<\/em>), Camille Saint-Sa\u00ebns (<em>\u00c9tudes<\/em> opus 135), Charles-Valentin Alkan (<em>Grande Fantaisie<\/em> opus 76), Jules Massenet (<em>M\u00e9ditation de Tha\u00efs<\/em>), et Maurice Ravel (transcription du <em>Concerto pour la main gauche<\/em>) et Justin Hurwitz : suite sur les th\u00e8mes de LaLaLand. Ce programme mettra en valeur non seulement le r\u00e9pertoire unique de la main gauche, mais aussi la virtuosit\u00e9 et la profondeur po\u00e9tique du pianiste.<\/p>\n<p><strong>Un artiste reconnu dans le monde entier<\/strong><\/p>\n<p>Maxime Zecchini est un pianiste de renomm\u00e9e internationale. Apr\u00e8s des \u00e9tudes brillantes au Conservatoire National Sup\u00e9rieur de Musique de Lyon, il rejoint le Conservatoire National Sup\u00e9rieur de Musique de Paris pour se perfectionner aupr\u00e8s de Jean-Fran\u00e7ois Heisser. Maxime Zecchini devient ensuite le premier pianiste fran\u00e7ais dipl\u00f4m\u00e9 de la prestigieuse Acad\u00e9mie \u00ab\u00a0Incontri col Maestro\u00a0\u00bb d\u2019Imola, en Italie. Inspir\u00e9 par la d\u00e9couverte du <em>Concerto pour la main gauche<\/em> de Maurice Ravel, Maxime Zecchini se passionne pour ce r\u00e9pertoire singulier et se lance dans une recherche approfondie sur les \u0153uvres d\u00e9di\u00e9es \u00e0 la main gauche. Cette exploration aboutit \u00e0 l&rsquo;enregistrement d&rsquo;une anthologie monumentale en dix volumes. Son jeu unique a conquis les salles de concert du monde entier, de l\u2019Italie au Japon, en passant par la Chine, l\u2019Afrique du Sud et l\u2019Australie. Il sera en tourn\u00e9e au Canada \u00e0 travers le r\u00e9seau des Alliances Fran\u00e7aises \u00e0 Toronto, Ottawa, Montr\u00e9al, Vancouver, Edmonton, Winnipeg et Halifax.<\/p>\n<p><a href=\"https:\/\/af.ca\/ottawa\/wp-content\/uploads\/2024\/12\/photo-2-MZ-copyright-Lyodoh-Kaneko-scaled.jpg\"><img loading=\"lazy\" decoding=\"async\" class=\"alignnone wp-image-23138\" src=\"https:\/\/af.ca\/ottawa\/wp-content\/uploads\/2024\/12\/photo-2-MZ-copyright-Lyodoh-Kaneko-214x300.jpg\" alt=\"\" width=\"431\" height=\"604\" srcset=\"https:\/\/af.ca\/ottawa\/wp-content\/uploads\/2024\/12\/photo-2-MZ-copyright-Lyodoh-Kaneko-214x300.jpg 214w, https:\/\/af.ca\/ottawa\/wp-content\/uploads\/2024\/12\/photo-2-MZ-copyright-Lyodoh-Kaneko-731x1024.jpg 731w, https:\/\/af.ca\/ottawa\/wp-content\/uploads\/2024\/12\/photo-2-MZ-copyright-Lyodoh-Kaneko-768x1075.jpg 768w, https:\/\/af.ca\/ottawa\/wp-content\/uploads\/2024\/12\/photo-2-MZ-copyright-Lyodoh-Kaneko-1097x1536.jpg 1097w, https:\/\/af.ca\/ottawa\/wp-content\/uploads\/2024\/12\/photo-2-MZ-copyright-Lyodoh-Kaneko-scaled.jpg 1829w\" sizes=\"auto, (max-width: 431px) 100vw, 431px\" \/><\/a><\/p>\n<p><strong><em><u>LE R\u00c9PERTOIRE POUR LA MAIN GAUCHE, DE LA MUSIQUE\u00a0CLASSIQUE \u00c0 LA COM\u00c9DIE MUSICALE :<\/u><\/em><\/strong><\/p>\n<p><strong>Alexandre Scriabine<\/strong>\u00a0: Pr\u00e9lude et Nocturne opus 9<\/p>\n<p><strong>Franz Liszt<\/strong>\u00a0: Valse d&rsquo;Ad\u00e8le<\/p>\n<p><strong>Jules Massenet\u00a0<\/strong>: M\u00e9ditation de Tha\u00efs<\/p>\n<p><strong>Pierre Sancan<\/strong>\u00a0: Caprice Romantique<\/p>\n<p><strong>Maurice Ravel<\/strong>\u00a0: Concerto pour la main gauche<\/p>\n<p><strong>J\u00e9r\u00f4me Kern<\/strong>\u00a0: All the Things you are<\/p>\n<p><strong>Michel Legrand\u00a0<\/strong>: Yentl<\/p>\n<p><strong>John Williams<\/strong>\u00a0: Jurassic Park<\/p>\n<p><strong>Justin Hurwitz<\/strong>\u00a0: Suite sur La La land<\/p>\n<p>&#8211; Teaser Anthologie oeuvres pour la main gauche:<\/p>\n<p><a href=\"https:\/\/www.youtube.com\/watch?v=R305xxg2hl4\"><img loading=\"lazy\" decoding=\"async\" class=\"alignnone wp-image-23146\" src=\"https:\/\/af.ca\/ottawa\/wp-content\/uploads\/2024\/12\/Screenshot-2024-12-17-100016-300x169.png\" alt=\"\" width=\"594\" height=\"335\" srcset=\"https:\/\/af.ca\/ottawa\/wp-content\/uploads\/2024\/12\/Screenshot-2024-12-17-100016-300x169.png 300w, https:\/\/af.ca\/ottawa\/wp-content\/uploads\/2024\/12\/Screenshot-2024-12-17-100016-1024x577.png 1024w, https:\/\/af.ca\/ottawa\/wp-content\/uploads\/2024\/12\/Screenshot-2024-12-17-100016-768x433.png 768w, https:\/\/af.ca\/ottawa\/wp-content\/uploads\/2024\/12\/Screenshot-2024-12-17-100016.png 1252w\" sizes=\"auto, (max-width: 594px) 100vw, 594px\" \/><\/a><\/p>\n<p>-Pr\u00e9lude de Scriabine opus 9 n\u00b01 &#8211; France Musique<\/p>\n<p><a href=\"https:\/\/www.youtube.com\/watch?v=oVDVaPBBNzM\"><img loading=\"lazy\" decoding=\"async\" class=\"alignnone wp-image-23144\" src=\"https:\/\/af.ca\/ottawa\/wp-content\/uploads\/2024\/12\/Screenshot-2024-12-17-100053-300x168.png\" alt=\"\" width=\"596\" height=\"334\" srcset=\"https:\/\/af.ca\/ottawa\/wp-content\/uploads\/2024\/12\/Screenshot-2024-12-17-100053-300x168.png 300w, https:\/\/af.ca\/ottawa\/wp-content\/uploads\/2024\/12\/Screenshot-2024-12-17-100053-1024x574.png 1024w, https:\/\/af.ca\/ottawa\/wp-content\/uploads\/2024\/12\/Screenshot-2024-12-17-100053-768x430.png 768w, https:\/\/af.ca\/ottawa\/wp-content\/uploads\/2024\/12\/Screenshot-2024-12-17-100053.png 1262w\" sizes=\"auto, (max-width: 596px) 100vw, 596px\" \/><\/a><\/p>\n","protected":false},"excerpt":{"rendered":"<p>L\u2019Alliance Fran\u00e7aise Ottawa est fi\u00e8re d\u2019annoncer le concert du pianiste fran\u00e7ais Maxime Zecchini le samedi 18 janvier 2025. Internationalement reconnu, le pianiste fran\u00e7ais Maxime Zecchini pr\u00e9sente un r\u00e9pertoire vari\u00e9 allant de la musique classique \u00e0 la com\u00e9die musicale, jou\u00e9 uniquement de la main gauche. Cr\u00e9ant l\u2019illusion d\u2019un jeu \u00e0 deux mains, il met en lumi\u00e8re&#8230;<\/p>\n<p><a class=\"button invert-primary\" href=\"https:\/\/af.ca\/ottawa\/concert-maxime-zecchini\/\">En savoir plus<\/a><\/p>\n","protected":false},"author":3,"featured_media":0,"parent":0,"menu_order":11,"comment_status":"closed","ping_status":"closed","template":"","meta":{"_acf_changed":false,"om_disable_all_campaigns":false,"_monsterinsights_skip_tracking":false,"_monsterinsights_sitenote_active":false,"_monsterinsights_sitenote_note":"","_monsterinsights_sitenote_category":0,"footnotes":""},"class_list":["post-23137","page","type-page","status-publish","hentry"],"acf":[],"yoast_head":"<!-- This site is optimized with the Yoast SEO plugin v27.4 - https:\/\/yoast.com\/product\/yoast-seo-wordpress\/ -->\n<title>Concert Maxime Zecchini - Alliance Fran\u00e7aise Ottawa<\/title>\n<meta name=\"robots\" content=\"index, follow, max-snippet:-1, max-image-preview:large, max-video-preview:-1\" \/>\n<link rel=\"canonical\" href=\"https:\/\/af.ca\/ottawa\/concert-maxime-zecchini\/\" \/>\n<meta property=\"og:locale\" content=\"fr_FR\" \/>\n<meta property=\"og:type\" content=\"article\" \/>\n<meta property=\"og:title\" content=\"Concert Maxime Zecchini - Alliance Fran\u00e7aise Ottawa\" \/>\n<meta property=\"og:description\" content=\"L\u2019Alliance Fran\u00e7aise Ottawa est fi\u00e8re d\u2019annoncer le concert du pianiste fran\u00e7ais Maxime Zecchini le samedi 18 janvier 2025. Internationalement reconnu, le pianiste fran\u00e7ais Maxime Zecchini pr\u00e9sente un r\u00e9pertoire vari\u00e9 allant de la musique classique \u00e0 la com\u00e9die musicale, jou\u00e9 uniquement de la main gauche. Cr\u00e9ant l\u2019illusion d\u2019un jeu \u00e0 deux mains, il met en lumi\u00e8re...En savoir plus\" \/>\n<meta property=\"og:url\" content=\"https:\/\/af.ca\/ottawa\/concert-maxime-zecchini\/\" \/>\n<meta property=\"og:site_name\" content=\"Alliance Fran\u00e7aise Ottawa\" \/>\n<meta property=\"article:modified_time\" content=\"2024-12-17T15:17:26+00:00\" \/>\n<meta property=\"og:image\" content=\"https:\/\/af.ca\/ottawa\/wp-content\/uploads\/2024\/12\/Concert-Maxime-Zecchini-meetup-eventbrite-site-1.png\" \/>\n\t<meta property=\"og:image:width\" content=\"1200\" \/>\n\t<meta property=\"og:image:height\" content=\"628\" \/>\n\t<meta property=\"og:image:type\" content=\"image\/png\" \/>\n<meta name=\"twitter:card\" content=\"summary_large_image\" \/>\n<meta name=\"twitter:label1\" content=\"Dur\u00e9e de lecture estim\u00e9e\" \/>\n\t<meta name=\"twitter:data1\" content=\"4 minutes\" \/>\n<script type=\"application\/ld+json\" class=\"yoast-schema-graph\">{\"@context\":\"https:\\\/\\\/schema.org\",\"@graph\":[{\"@type\":\"WebPage\",\"@id\":\"https:\\\/\\\/af.ca\\\/ottawa\\\/concert-maxime-zecchini\\\/\",\"url\":\"https:\\\/\\\/af.ca\\\/ottawa\\\/concert-maxime-zecchini\\\/\",\"name\":\"Concert Maxime Zecchini - Alliance Fran\u00e7aise Ottawa\",\"isPartOf\":{\"@id\":\"https:\\\/\\\/af.ca\\\/ottawa\\\/#website\"},\"primaryImageOfPage\":{\"@id\":\"https:\\\/\\\/af.ca\\\/ottawa\\\/concert-maxime-zecchini\\\/#primaryimage\"},\"image\":{\"@id\":\"https:\\\/\\\/af.ca\\\/ottawa\\\/concert-maxime-zecchini\\\/#primaryimage\"},\"thumbnailUrl\":\"https:\\\/\\\/af.ca\\\/ottawa\\\/wp-content\\\/uploads\\\/2024\\\/12\\\/Concert-Maxime-Zecchini-meetup-eventbrite-site-1-300x157.png\",\"datePublished\":\"2024-12-17T15:03:40+00:00\",\"dateModified\":\"2024-12-17T15:17:26+00:00\",\"breadcrumb\":{\"@id\":\"https:\\\/\\\/af.ca\\\/ottawa\\\/concert-maxime-zecchini\\\/#breadcrumb\"},\"inLanguage\":\"fr-FR\",\"potentialAction\":[{\"@type\":\"ReadAction\",\"target\":[\"https:\\\/\\\/af.ca\\\/ottawa\\\/concert-maxime-zecchini\\\/\"]}]},{\"@type\":\"ImageObject\",\"inLanguage\":\"fr-FR\",\"@id\":\"https:\\\/\\\/af.ca\\\/ottawa\\\/concert-maxime-zecchini\\\/#primaryimage\",\"url\":\"https:\\\/\\\/af.ca\\\/ottawa\\\/wp-content\\\/uploads\\\/2024\\\/12\\\/Concert-Maxime-Zecchini-meetup-eventbrite-site-1.png\",\"contentUrl\":\"https:\\\/\\\/af.ca\\\/ottawa\\\/wp-content\\\/uploads\\\/2024\\\/12\\\/Concert-Maxime-Zecchini-meetup-eventbrite-site-1.png\",\"width\":1200,\"height\":628},{\"@type\":\"BreadcrumbList\",\"@id\":\"https:\\\/\\\/af.ca\\\/ottawa\\\/concert-maxime-zecchini\\\/#breadcrumb\",\"itemListElement\":[{\"@type\":\"ListItem\",\"position\":1,\"name\":\"Home\",\"item\":\"https:\\\/\\\/af.ca\\\/ottawa\\\/\"},{\"@type\":\"ListItem\",\"position\":2,\"name\":\"Concert Maxime Zecchini\"}]},{\"@type\":\"WebSite\",\"@id\":\"https:\\\/\\\/af.ca\\\/ottawa\\\/#website\",\"url\":\"https:\\\/\\\/af.ca\\\/ottawa\\\/\",\"name\":\"Alliance Fran\u00e7aise Ottawa\",\"description\":\"\u00c9cole de langue fran\u00e7aise et centre culturel\",\"potentialAction\":[{\"@type\":\"SearchAction\",\"target\":{\"@type\":\"EntryPoint\",\"urlTemplate\":\"https:\\\/\\\/af.ca\\\/ottawa\\\/?s={search_term_string}\"},\"query-input\":{\"@type\":\"PropertyValueSpecification\",\"valueRequired\":true,\"valueName\":\"search_term_string\"}}],\"inLanguage\":\"fr-FR\"}]}<\/script>\n<!-- \/ Yoast SEO plugin. -->","yoast_head_json":{"title":"Concert Maxime Zecchini - Alliance Fran\u00e7aise Ottawa","robots":{"index":"index","follow":"follow","max-snippet":"max-snippet:-1","max-image-preview":"max-image-preview:large","max-video-preview":"max-video-preview:-1"},"canonical":"https:\/\/af.ca\/ottawa\/concert-maxime-zecchini\/","og_locale":"fr_FR","og_type":"article","og_title":"Concert Maxime Zecchini - Alliance Fran\u00e7aise Ottawa","og_description":"L\u2019Alliance Fran\u00e7aise Ottawa est fi\u00e8re d\u2019annoncer le concert du pianiste fran\u00e7ais Maxime Zecchini le samedi 18 janvier 2025. Internationalement reconnu, le pianiste fran\u00e7ais Maxime Zecchini pr\u00e9sente un r\u00e9pertoire vari\u00e9 allant de la musique classique \u00e0 la com\u00e9die musicale, jou\u00e9 uniquement de la main gauche. Cr\u00e9ant l\u2019illusion d\u2019un jeu \u00e0 deux mains, il met en lumi\u00e8re...En savoir plus","og_url":"https:\/\/af.ca\/ottawa\/concert-maxime-zecchini\/","og_site_name":"Alliance Fran\u00e7aise Ottawa","article_modified_time":"2024-12-17T15:17:26+00:00","og_image":[{"width":1200,"height":628,"url":"https:\/\/af.ca\/ottawa\/wp-content\/uploads\/2024\/12\/Concert-Maxime-Zecchini-meetup-eventbrite-site-1.png","type":"image\/png"}],"twitter_card":"summary_large_image","twitter_misc":{"Dur\u00e9e de lecture estim\u00e9e":"4 minutes"},"schema":{"@context":"https:\/\/schema.org","@graph":[{"@type":"WebPage","@id":"https:\/\/af.ca\/ottawa\/concert-maxime-zecchini\/","url":"https:\/\/af.ca\/ottawa\/concert-maxime-zecchini\/","name":"Concert Maxime Zecchini - Alliance Fran\u00e7aise Ottawa","isPartOf":{"@id":"https:\/\/af.ca\/ottawa\/#website"},"primaryImageOfPage":{"@id":"https:\/\/af.ca\/ottawa\/concert-maxime-zecchini\/#primaryimage"},"image":{"@id":"https:\/\/af.ca\/ottawa\/concert-maxime-zecchini\/#primaryimage"},"thumbnailUrl":"https:\/\/af.ca\/ottawa\/wp-content\/uploads\/2024\/12\/Concert-Maxime-Zecchini-meetup-eventbrite-site-1-300x157.png","datePublished":"2024-12-17T15:03:40+00:00","dateModified":"2024-12-17T15:17:26+00:00","breadcrumb":{"@id":"https:\/\/af.ca\/ottawa\/concert-maxime-zecchini\/#breadcrumb"},"inLanguage":"fr-FR","potentialAction":[{"@type":"ReadAction","target":["https:\/\/af.ca\/ottawa\/concert-maxime-zecchini\/"]}]},{"@type":"ImageObject","inLanguage":"fr-FR","@id":"https:\/\/af.ca\/ottawa\/concert-maxime-zecchini\/#primaryimage","url":"https:\/\/af.ca\/ottawa\/wp-content\/uploads\/2024\/12\/Concert-Maxime-Zecchini-meetup-eventbrite-site-1.png","contentUrl":"https:\/\/af.ca\/ottawa\/wp-content\/uploads\/2024\/12\/Concert-Maxime-Zecchini-meetup-eventbrite-site-1.png","width":1200,"height":628},{"@type":"BreadcrumbList","@id":"https:\/\/af.ca\/ottawa\/concert-maxime-zecchini\/#breadcrumb","itemListElement":[{"@type":"ListItem","position":1,"name":"Home","item":"https:\/\/af.ca\/ottawa\/"},{"@type":"ListItem","position":2,"name":"Concert Maxime Zecchini"}]},{"@type":"WebSite","@id":"https:\/\/af.ca\/ottawa\/#website","url":"https:\/\/af.ca\/ottawa\/","name":"Alliance Fran\u00e7aise Ottawa","description":"\u00c9cole de langue fran\u00e7aise et centre culturel","potentialAction":[{"@type":"SearchAction","target":{"@type":"EntryPoint","urlTemplate":"https:\/\/af.ca\/ottawa\/?s={search_term_string}"},"query-input":{"@type":"PropertyValueSpecification","valueRequired":true,"valueName":"search_term_string"}}],"inLanguage":"fr-FR"}]}},"blog_post_layout_featured_media_urls":{"thumbnail":"","full":""},"categories_names":null,"comments_number":"0","_links":{"self":[{"href":"https:\/\/af.ca\/ottawa\/wp-json\/wp\/v2\/pages\/23137","targetHints":{"allow":["GET"]}}],"collection":[{"href":"https:\/\/af.ca\/ottawa\/wp-json\/wp\/v2\/pages"}],"about":[{"href":"https:\/\/af.ca\/ottawa\/wp-json\/wp\/v2\/types\/page"}],"author":[{"embeddable":true,"href":"https:\/\/af.ca\/ottawa\/wp-json\/wp\/v2\/users\/3"}],"replies":[{"embeddable":true,"href":"https:\/\/af.ca\/ottawa\/wp-json\/wp\/v2\/comments?post=23137"}],"version-history":[{"count":0,"href":"https:\/\/af.ca\/ottawa\/wp-json\/wp\/v2\/pages\/23137\/revisions"}],"wp:attachment":[{"href":"https:\/\/af.ca\/ottawa\/wp-json\/wp\/v2\/media?parent=23137"}],"curies":[{"name":"wp","href":"https:\/\/api.w.org\/{rel}","templated":true}]}}