{"id":23596,"date":"2025-04-24T16:20:44","date_gmt":"2025-04-24T20:20:44","guid":{"rendered":"https:\/\/af.ca\/ottawa\/?page_id=23596"},"modified":"2025-04-24T16:20:44","modified_gmt":"2025-04-24T20:20:44","slug":"quatorelysee","status":"publish","type":"page","link":"https:\/\/af.ca\/ottawa\/quatorelysee\/","title":{"rendered":"Quator Elys\u00e9e"},"content":{"rendered":"<p><a href=\"https:\/\/af.ca\/ottawa\/details-de-levenement\/?eventId=1089#\/\"><img loading=\"lazy\" decoding=\"async\" class=\"alignnone wp-image-23599 size-medium\" src=\"https:\/\/af.ca\/ottawa\/wp-content\/uploads\/2025\/04\/Event-Invitation-Instagram-Post-300x300.png\" alt=\"\" width=\"300\" height=\"300\" srcset=\"https:\/\/af.ca\/ottawa\/wp-content\/uploads\/2025\/04\/Event-Invitation-Instagram-Post-300x300.png 300w, https:\/\/af.ca\/ottawa\/wp-content\/uploads\/2025\/04\/Event-Invitation-Instagram-Post-1024x1024.png 1024w, https:\/\/af.ca\/ottawa\/wp-content\/uploads\/2025\/04\/Event-Invitation-Instagram-Post-150x150.png 150w, https:\/\/af.ca\/ottawa\/wp-content\/uploads\/2025\/04\/Event-Invitation-Instagram-Post-768x768.png 768w, https:\/\/af.ca\/ottawa\/wp-content\/uploads\/2025\/04\/Event-Invitation-Instagram-Post-125x125.png 125w, https:\/\/af.ca\/ottawa\/wp-content\/uploads\/2025\/04\/Event-Invitation-Instagram-Post.png 1080w\" sizes=\"auto, (max-width: 300px) 100vw, 300px\" \/><\/a><\/p>\n<p>Fond\u00e9 en 1995, le Quatuor Elys\u00e9e c\u00e9l\u00e8bre cette ann\u00e9e trente ans d\u2019excellence musicale. Reconnu pour son expressivit\u00e9 puissante et son approche originale, cet ensemble \u00e0 cordes propose un programme d\u2019une richesse exceptionnelle, m\u00ealant grands classiques et d\u00e9couvertes contemporaines.<br class=\"html-br\" \/><br class=\"html-br\" \/><span class=\"html-span xexx8yu x4uap5 x18d9i69 xkhd6sd x1hl2dhg x16tdsg8 x1vvkbs x3nfvp2 x1j61x8r x1fcty0u xdj266r xat24cr xgzva0m xhhsvwb xxymvpz xlup9mm x1kky2od\"><img loading=\"lazy\" decoding=\"async\" class=\"xz74otr x168nmei x13lgxp2 x5pf9jr xo71vjh\" src=\"https:\/\/static.xx.fbcdn.net\/images\/emoji.php\/v9\/t2d\/1\/16\/1f4cd.png\" alt=\"\ud83d\udccd\" width=\"16\" height=\"16\" \/><\/span>\u00a0Mackay United Church, Ottawa &#8211; Canada<br class=\"html-br\" \/><span class=\"html-span xexx8yu x4uap5 x18d9i69 xkhd6sd x1hl2dhg x16tdsg8 x1vvkbs x3nfvp2 x1j61x8r x1fcty0u xdj266r xat24cr xgzva0m xhhsvwb xxymvpz xlup9mm x1kky2od\"><img loading=\"lazy\" decoding=\"async\" class=\"xz74otr x168nmei x13lgxp2 x5pf9jr xo71vjh\" src=\"https:\/\/static.xx.fbcdn.net\/images\/emoji.php\/v9\/t5c\/1\/16\/1f5d3.png\" alt=\"\ud83d\uddd3\" width=\"16\" height=\"16\" \/><\/span>\u00a0Vendredi 3 mai 2025<br class=\"html-br\" \/><span class=\"html-span xexx8yu x4uap5 x18d9i69 xkhd6sd x1hl2dhg x16tdsg8 x1vvkbs x3nfvp2 x1j61x8r x1fcty0u xdj266r xat24cr xgzva0m xhhsvwb xxymvpz xlup9mm x1kky2od\"><img loading=\"lazy\" decoding=\"async\" class=\"xz74otr x168nmei x13lgxp2 x5pf9jr xo71vjh\" src=\"https:\/\/static.xx.fbcdn.net\/images\/emoji.php\/v9\/t2f\/1\/16\/1f557.png\" alt=\"\ud83d\udd57\" width=\"16\" height=\"16\" \/><\/span>\u00a0Ouverture des portes : 19h<br class=\"html-br\" \/><span class=\"html-span xexx8yu x4uap5 x18d9i69 xkhd6sd x1hl2dhg x16tdsg8 x1vvkbs x3nfvp2 x1j61x8r x1fcty0u xdj266r xat24cr xgzva0m xhhsvwb xxymvpz xlup9mm x1kky2od\"><img loading=\"lazy\" decoding=\"async\" class=\"xz74otr x168nmei x13lgxp2 x5pf9jr xo71vjh\" src=\"https:\/\/static.xx.fbcdn.net\/images\/emoji.php\/v9\/t5c\/1\/16\/1f4b2.png\" alt=\"\ud83d\udcb2\" width=\"16\" height=\"16\" \/><\/span>\u00a022,50$ &#8211; Tarif membre : 15$<br class=\"html-br\" \/><br class=\"html-br\" \/>\u00c0 l\u2019occasion de cette tourn\u00e9e au sein du r\u00e9seau des Alliances Fran\u00e7aises du Canada, le Quatuor Elys\u00e9e invite le public \u00e0 une exploration fascinante du r\u00e9pertoire pour quatuor \u00e0 cordes.<br class=\"html-br\" \/><br class=\"html-br\" \/>Pr\u00e9sent sur les plus grandes sc\u00e8nes internationales, le Quatuor Elys\u00e9e se produit \u00e0 travers le Canada dans les Alliances Fran\u00e7aises de Toronto, Halifax, Moncton, Montr\u00e9al, Ottawa, Edmonton, Calgary et Vancouver.<br class=\"html-br\" \/><br class=\"html-br\" \/>Cet \u00e9v\u00e9nement est organis\u00e9 dans le cadre d&rsquo;une tourn\u00e9e pilot\u00e9e par l&rsquo;Alliance Fran\u00e7aise de Toronto et b\u00e9n\u00e9ficie du soutien de l&rsquo;Ambassade de France au Canada ainsi que de l&rsquo;Institut Fran\u00e7ais du Canada.<\/p>\n<p><a href=\"https:\/\/af.ca\/ottawa\/details-de-levenement\/?eventId=1089#\/\"><img loading=\"lazy\" decoding=\"async\" class=\"alignnone wp-image-18690\" src=\"https:\/\/af.ca\/ottawa\/wp-content\/uploads\/2022\/08\/Bouton-site-internet-fr-300x47.png\" sizes=\"auto, (max-width: 377px) 100vw, 377px\" srcset=\"https:\/\/af.ca\/ottawa\/wp-content\/uploads\/2022\/08\/Bouton-site-internet-fr-300x47.png 300w, https:\/\/af.ca\/ottawa\/wp-content\/uploads\/2022\/08\/Bouton-site-internet-fr-768x120.png 768w, https:\/\/af.ca\/ottawa\/wp-content\/uploads\/2022\/08\/Bouton-site-internet-fr.png 827w\" alt=\"\" width=\"377\" height=\"59\" \/><\/a><\/p>\n<p>&nbsp;<\/p>\n<p>&nbsp;<\/p>\n<p>&nbsp;<\/p>\n","protected":false},"excerpt":{"rendered":"<p>Fond\u00e9 en 1995, le Quatuor Elys\u00e9e c\u00e9l\u00e8bre cette ann\u00e9e trente ans d\u2019excellence musicale. Reconnu pour son expressivit\u00e9 puissante et son approche originale, cet ensemble \u00e0 cordes propose un programme d\u2019une richesse exceptionnelle, m\u00ealant grands classiques et d\u00e9couvertes contemporaines.\u00a0Mackay United Church, Ottawa &#8211; Canada\u00a0Vendredi 3 mai 2025\u00a0Ouverture des portes : 19h\u00a022,50$ &#8211; Tarif membre : 15$\u00c0&#8230;<\/p>\n<p><a class=\"button invert-primary\" href=\"https:\/\/af.ca\/ottawa\/quatorelysee\/\">En savoir plus<\/a><\/p>\n","protected":false},"author":3,"featured_media":0,"parent":0,"menu_order":9,"comment_status":"closed","ping_status":"closed","template":"","meta":{"_acf_changed":false,"om_disable_all_campaigns":false,"_monsterinsights_skip_tracking":false,"_monsterinsights_sitenote_active":false,"_monsterinsights_sitenote_note":"","_monsterinsights_sitenote_category":0,"footnotes":""},"class_list":["post-23596","page","type-page","status-publish","hentry"],"acf":[],"yoast_head":"<!-- This site is optimized with the Yoast SEO plugin v27.4 - https:\/\/yoast.com\/product\/yoast-seo-wordpress\/ -->\n<title>Quator Elys\u00e9e - Alliance Fran\u00e7aise Ottawa<\/title>\n<meta name=\"robots\" content=\"index, follow, max-snippet:-1, max-image-preview:large, max-video-preview:-1\" \/>\n<link rel=\"canonical\" href=\"https:\/\/af.ca\/ottawa\/quatorelysee\/\" \/>\n<meta property=\"og:locale\" content=\"fr_FR\" \/>\n<meta property=\"og:type\" content=\"article\" \/>\n<meta property=\"og:title\" content=\"Quator Elys\u00e9e - Alliance Fran\u00e7aise Ottawa\" \/>\n<meta property=\"og:description\" content=\"Fond\u00e9 en 1995, le Quatuor Elys\u00e9e c\u00e9l\u00e8bre cette ann\u00e9e trente ans d\u2019excellence musicale. Reconnu pour son expressivit\u00e9 puissante et son approche originale, cet ensemble \u00e0 cordes propose un programme d\u2019une richesse exceptionnelle, m\u00ealant grands classiques et d\u00e9couvertes contemporaines.\u00a0Mackay United Church, Ottawa &#8211; Canada\u00a0Vendredi 3 mai 2025\u00a0Ouverture des portes : 19h\u00a022,50$ &#8211; Tarif membre : 15$\u00c0...En savoir plus\" \/>\n<meta property=\"og:url\" content=\"https:\/\/af.ca\/ottawa\/quatorelysee\/\" \/>\n<meta property=\"og:site_name\" content=\"Alliance Fran\u00e7aise Ottawa\" \/>\n<meta property=\"og:image\" content=\"https:\/\/af.ca\/ottawa\/wp-content\/uploads\/2025\/04\/Event-Invitation-Instagram-Post.png\" \/>\n\t<meta property=\"og:image:width\" content=\"1080\" \/>\n\t<meta property=\"og:image:height\" content=\"1080\" \/>\n\t<meta property=\"og:image:type\" content=\"image\/png\" \/>\n<meta name=\"twitter:card\" content=\"summary_large_image\" \/>\n<meta name=\"twitter:label1\" content=\"Dur\u00e9e de lecture estim\u00e9e\" \/>\n\t<meta name=\"twitter:data1\" content=\"2 minutes\" \/>\n<script type=\"application\/ld+json\" class=\"yoast-schema-graph\">{\"@context\":\"https:\\\/\\\/schema.org\",\"@graph\":[{\"@type\":\"WebPage\",\"@id\":\"https:\\\/\\\/af.ca\\\/ottawa\\\/quatorelysee\\\/\",\"url\":\"https:\\\/\\\/af.ca\\\/ottawa\\\/quatorelysee\\\/\",\"name\":\"Quator Elys\u00e9e - Alliance Fran\u00e7aise Ottawa\",\"isPartOf\":{\"@id\":\"https:\\\/\\\/af.ca\\\/ottawa\\\/#website\"},\"primaryImageOfPage\":{\"@id\":\"https:\\\/\\\/af.ca\\\/ottawa\\\/quatorelysee\\\/#primaryimage\"},\"image\":{\"@id\":\"https:\\\/\\\/af.ca\\\/ottawa\\\/quatorelysee\\\/#primaryimage\"},\"thumbnailUrl\":\"https:\\\/\\\/af.ca\\\/ottawa\\\/wp-content\\\/uploads\\\/2025\\\/04\\\/Event-Invitation-Instagram-Post-300x300.png\",\"datePublished\":\"2025-04-24T20:20:44+00:00\",\"breadcrumb\":{\"@id\":\"https:\\\/\\\/af.ca\\\/ottawa\\\/quatorelysee\\\/#breadcrumb\"},\"inLanguage\":\"fr-FR\",\"potentialAction\":[{\"@type\":\"ReadAction\",\"target\":[\"https:\\\/\\\/af.ca\\\/ottawa\\\/quatorelysee\\\/\"]}]},{\"@type\":\"ImageObject\",\"inLanguage\":\"fr-FR\",\"@id\":\"https:\\\/\\\/af.ca\\\/ottawa\\\/quatorelysee\\\/#primaryimage\",\"url\":\"https:\\\/\\\/af.ca\\\/ottawa\\\/wp-content\\\/uploads\\\/2025\\\/04\\\/Event-Invitation-Instagram-Post.png\",\"contentUrl\":\"https:\\\/\\\/af.ca\\\/ottawa\\\/wp-content\\\/uploads\\\/2025\\\/04\\\/Event-Invitation-Instagram-Post.png\",\"width\":1080,\"height\":1080},{\"@type\":\"BreadcrumbList\",\"@id\":\"https:\\\/\\\/af.ca\\\/ottawa\\\/quatorelysee\\\/#breadcrumb\",\"itemListElement\":[{\"@type\":\"ListItem\",\"position\":1,\"name\":\"Home\",\"item\":\"https:\\\/\\\/af.ca\\\/ottawa\\\/\"},{\"@type\":\"ListItem\",\"position\":2,\"name\":\"Quator Elys\u00e9e\"}]},{\"@type\":\"WebSite\",\"@id\":\"https:\\\/\\\/af.ca\\\/ottawa\\\/#website\",\"url\":\"https:\\\/\\\/af.ca\\\/ottawa\\\/\",\"name\":\"Alliance Fran\u00e7aise Ottawa\",\"description\":\"\u00c9cole de langue fran\u00e7aise et centre culturel\",\"potentialAction\":[{\"@type\":\"SearchAction\",\"target\":{\"@type\":\"EntryPoint\",\"urlTemplate\":\"https:\\\/\\\/af.ca\\\/ottawa\\\/?s={search_term_string}\"},\"query-input\":{\"@type\":\"PropertyValueSpecification\",\"valueRequired\":true,\"valueName\":\"search_term_string\"}}],\"inLanguage\":\"fr-FR\"}]}<\/script>\n<!-- \/ Yoast SEO plugin. -->","yoast_head_json":{"title":"Quator Elys\u00e9e - Alliance Fran\u00e7aise Ottawa","robots":{"index":"index","follow":"follow","max-snippet":"max-snippet:-1","max-image-preview":"max-image-preview:large","max-video-preview":"max-video-preview:-1"},"canonical":"https:\/\/af.ca\/ottawa\/quatorelysee\/","og_locale":"fr_FR","og_type":"article","og_title":"Quator Elys\u00e9e - Alliance Fran\u00e7aise Ottawa","og_description":"Fond\u00e9 en 1995, le Quatuor Elys\u00e9e c\u00e9l\u00e8bre cette ann\u00e9e trente ans d\u2019excellence musicale. Reconnu pour son expressivit\u00e9 puissante et son approche originale, cet ensemble \u00e0 cordes propose un programme d\u2019une richesse exceptionnelle, m\u00ealant grands classiques et d\u00e9couvertes contemporaines.\u00a0Mackay United Church, Ottawa &#8211; Canada\u00a0Vendredi 3 mai 2025\u00a0Ouverture des portes : 19h\u00a022,50$ &#8211; Tarif membre : 15$\u00c0...En savoir plus","og_url":"https:\/\/af.ca\/ottawa\/quatorelysee\/","og_site_name":"Alliance Fran\u00e7aise Ottawa","og_image":[{"width":1080,"height":1080,"url":"https:\/\/af.ca\/ottawa\/wp-content\/uploads\/2025\/04\/Event-Invitation-Instagram-Post.png","type":"image\/png"}],"twitter_card":"summary_large_image","twitter_misc":{"Dur\u00e9e de lecture estim\u00e9e":"2 minutes"},"schema":{"@context":"https:\/\/schema.org","@graph":[{"@type":"WebPage","@id":"https:\/\/af.ca\/ottawa\/quatorelysee\/","url":"https:\/\/af.ca\/ottawa\/quatorelysee\/","name":"Quator Elys\u00e9e - Alliance Fran\u00e7aise Ottawa","isPartOf":{"@id":"https:\/\/af.ca\/ottawa\/#website"},"primaryImageOfPage":{"@id":"https:\/\/af.ca\/ottawa\/quatorelysee\/#primaryimage"},"image":{"@id":"https:\/\/af.ca\/ottawa\/quatorelysee\/#primaryimage"},"thumbnailUrl":"https:\/\/af.ca\/ottawa\/wp-content\/uploads\/2025\/04\/Event-Invitation-Instagram-Post-300x300.png","datePublished":"2025-04-24T20:20:44+00:00","breadcrumb":{"@id":"https:\/\/af.ca\/ottawa\/quatorelysee\/#breadcrumb"},"inLanguage":"fr-FR","potentialAction":[{"@type":"ReadAction","target":["https:\/\/af.ca\/ottawa\/quatorelysee\/"]}]},{"@type":"ImageObject","inLanguage":"fr-FR","@id":"https:\/\/af.ca\/ottawa\/quatorelysee\/#primaryimage","url":"https:\/\/af.ca\/ottawa\/wp-content\/uploads\/2025\/04\/Event-Invitation-Instagram-Post.png","contentUrl":"https:\/\/af.ca\/ottawa\/wp-content\/uploads\/2025\/04\/Event-Invitation-Instagram-Post.png","width":1080,"height":1080},{"@type":"BreadcrumbList","@id":"https:\/\/af.ca\/ottawa\/quatorelysee\/#breadcrumb","itemListElement":[{"@type":"ListItem","position":1,"name":"Home","item":"https:\/\/af.ca\/ottawa\/"},{"@type":"ListItem","position":2,"name":"Quator Elys\u00e9e"}]},{"@type":"WebSite","@id":"https:\/\/af.ca\/ottawa\/#website","url":"https:\/\/af.ca\/ottawa\/","name":"Alliance Fran\u00e7aise Ottawa","description":"\u00c9cole de langue fran\u00e7aise et centre culturel","potentialAction":[{"@type":"SearchAction","target":{"@type":"EntryPoint","urlTemplate":"https:\/\/af.ca\/ottawa\/?s={search_term_string}"},"query-input":{"@type":"PropertyValueSpecification","valueRequired":true,"valueName":"search_term_string"}}],"inLanguage":"fr-FR"}]}},"blog_post_layout_featured_media_urls":{"thumbnail":"","full":""},"categories_names":null,"comments_number":"0","_links":{"self":[{"href":"https:\/\/af.ca\/ottawa\/wp-json\/wp\/v2\/pages\/23596","targetHints":{"allow":["GET"]}}],"collection":[{"href":"https:\/\/af.ca\/ottawa\/wp-json\/wp\/v2\/pages"}],"about":[{"href":"https:\/\/af.ca\/ottawa\/wp-json\/wp\/v2\/types\/page"}],"author":[{"embeddable":true,"href":"https:\/\/af.ca\/ottawa\/wp-json\/wp\/v2\/users\/3"}],"replies":[{"embeddable":true,"href":"https:\/\/af.ca\/ottawa\/wp-json\/wp\/v2\/comments?post=23596"}],"version-history":[{"count":1,"href":"https:\/\/af.ca\/ottawa\/wp-json\/wp\/v2\/pages\/23596\/revisions"}],"predecessor-version":[{"id":23601,"href":"https:\/\/af.ca\/ottawa\/wp-json\/wp\/v2\/pages\/23596\/revisions\/23601"}],"wp:attachment":[{"href":"https:\/\/af.ca\/ottawa\/wp-json\/wp\/v2\/media?parent=23596"}],"curies":[{"name":"wp","href":"https:\/\/api.w.org\/{rel}","templated":true}]}}